{"id":21275,"date":"2023-04-14T11:04:34","date_gmt":"2023-04-14T09:04:34","guid":{"rendered":"https:\/\/www.rememberme-forever.com\/product\/coffret-a-cendres-en-bois-italien\/"},"modified":"2025-10-27T10:11:16","modified_gmt":"2025-10-27T09:11:16","slug":"coffret-a-cendres-en-bois-italien","status":"publish","type":"product","link":"https:\/\/www.rememberme-forever.com\/fr\/produit\/coffret-a-cendres-en-bois-italien\/","title":{"rendered":"Coffret \u00e0 cendres en bois italien"},"content":{"rendered":"<div style=\"width: 100%; margin-bottom: 30px; height: max-content; padding-bottom: 60%; position: relative;\"><iframe style=\"position: absolute; top: 0; left: 0; width: 100%; height: 100%;\" src=\"https:\/\/rememberme-urns.com\/italian-natural-wooden-urn\/\" frameborder=\"0\"><\/iframe><\/div>\n<div style=\"color: red; text-align: center; margin-bottom: 25px;\">\n<p>&gt;&gt; Rotation de la photo &#8211; appuyer\/zoomer &lt;&lt;<\/p>\n<\/div>\n<h2 style=\"text-align: center;\">Coffret \u00e0 cendres en bois italien<\/h2>\n<p style=\"text-align: center;\">D\u00e9couvrez notre superbe coffret \u00e0 cendres en bois italien raffin\u00e9. Ce magnifique coffret t\u00e9moigne du savoir-faire artisanal italien, avec sa couleur marron naturelle et sa finition lisse et \u00e9l\u00e9gante.<\/p>\n<p style=\"text-align: center;\">Le cercueil est orn\u00e9, au choix, d&rsquo;une magnifique croix ou d&rsquo;un arum, symbole de la signification spirituelle et \u00e9motionnelle de votre \u00eatre cher. Chaque d\u00e9tail est r\u00e9alis\u00e9 avec le plus grand soin et la plus grande pr\u00e9cision, afin que la m\u00e9moire de votre proche soit honor\u00e9e avec la plus grande dignit\u00e9 et le plus grand respect.<\/p>\n<p style=\"text-align: center;\">Pour rendre ce cercueil encore plus unique, vous pouvez y ajouter une plaque comm\u00e9morative personnalis\u00e9e. C&rsquo;est la fa\u00e7on id\u00e9ale de rendre hommage \u00e0 votre proche et de perp\u00e9tuer son souvenir pour les g\u00e9n\u00e9rations \u00e0 venir.<\/p>\n<p style=\"text-align: center;\">Le cercueil est dot\u00e9 d&rsquo;une ouverture s\u00e9curis\u00e9e par vis dans le fond, garantissant la protection des cendres de votre proche.<\/p>\n<p style=\"text-align: center;\">Ce cercueil est parfaitement dimensionn\u00e9 pour accueillir les cendres de votre proche. Qu&rsquo;il soit expos\u00e9 en \u00e9vidence lors d&rsquo;un service comm\u00e9moratif ou conserv\u00e9 dans un endroit sp\u00e9cial \u00e0 la maison, ce cercueil est une mani\u00e8re belle et significative d&rsquo;honorer la m\u00e9moire de votre bien-aim\u00e9.<\/p>\n<p style=\"text-align: center;\">En p\u00e9riode de deuil, il est important d&rsquo;avoir un souvenir tangible de l&rsquo;amour et des souvenirs partag\u00e9s avec l&rsquo;\u00eatre aim\u00e9. Ce cercueil \u00e0 cendres, fabriqu\u00e9 en bois italien noble, est une fa\u00e7on unique et magnifique de garder le souvenir de votre proche pr\u00e8s de votre c\u0153ur.<\/p>\n<p>&nbsp;<\/p>\n<h3 style=\"text-align: center;\"><strong>PERSONNALISATION<\/strong><\/h3>\n<p style=\"text-align: center;\">Si vous choisissez une plaque personnalis\u00e9e, veuillez soumettre du texte dans le cadre de personnalisation du produit.<\/p>\n<p style=\"text-align: center;\">La plaque comm\u00e9morative personnalis\u00e9e doit \u00eatre personnalis\u00e9e lors de votre commande. (Pas de panique si vous la manquez ; vous pouvez toujours nous contacter ult\u00e9rieurement.)<\/p>\n<p style=\"text-align: center;\">Veuillez examiner attentivement le texte \u00e0 graver avant d&rsquo;ajouter l&rsquo;article au panier. Nous reproduisons et gravons les informations exactes re\u00e7ues lors de la commande et n&rsquo;y apportons aucune modification.<\/p>\n<p style=\"text-align: center;\"><strong>Veuillez revoir le texte pour vous assurer que toutes les orthographes sont correctes.<\/strong><\/p>\n<p>&nbsp;<\/p>\n<p><img loading=\"lazy\" decoding=\"async\" class=\"wp-image-1447 aligncenter\" src=\"http:\/\/www.rememberme-forever.com\/wp-content\/uploads\/2023\/04\/memorial-plaque-cremation-urn-gold-300x150.jpg\" alt=\"Plaque comm\u00e9morative, urne fun\u00e9raire dor\u00e9e\" width=\"244\" height=\"122\" srcset=\"https:\/\/www.rememberme-forever.com\/wp-content\/uploads\/2023\/04\/memorial-plaque-cremation-urn-gold-300x150.jpg 300w, https:\/\/www.rememberme-forever.com\/wp-content\/uploads\/2023\/04\/memorial-plaque-cremation-urn-gold-64x32.jpg 64w, https:\/\/www.rememberme-forever.com\/wp-content\/uploads\/2023\/04\/memorial-plaque-cremation-urn-gold.jpg 448w\" sizes=\"auto, (max-width: 244px) 100vw, 244px\" \/><\/p>\n<p style=\"text-align: center;\">\n","protected":false},"excerpt":{"rendered":"<p><em><strong>Peut contenir les cendres d&rsquo;une personne pesant jusqu&rsquo;\u00e0 environ 110 kg (244 lb). (Urne taille adulte) <\/strong><\/em><\/p>\n","protected":false},"featured_media":21276,"template":"","meta":{"_acf_changed":false},"product_brand":[],"product_cat":[2431],"product_tag":[3304],"class_list":{"0":"post-21275","1":"product","2":"type-product","3":"status-publish","4":"has-post-thumbnail","6":"product_cat-urnes-en-bois","7":"product_tag-gpsr-all-wood-urns","8":"product_shipping_class-2-4kg-fr","10":"first","11":"instock","12":"taxable","13":"shipping-taxable","14":"purchasable","15":"product-type-variable"},"yoast_head":"<!-- This site is optimized with the Yoast SEO plugin v27.4 - https:\/\/yoast.com\/product\/yoast-seo-wordpress\/ -->\n<title>Coffret \u00e0 cendres en bois italien<\/title>\n<meta name=\"description\" content=\"D\u00e9couvrez notre magnifique cercueil fun\u00e9raire en bois italien raffin\u00e9. Magnifique cercueil fun\u00e9raire pour cendres.\" \/>\n<meta name=\"robots\" content=\"index, follow, max-snippet:-1, max-image-preview:large, max-video-preview:-1\" \/>\n<link rel=\"canonical\" href=\"https:\/\/www.rememberme-forever.com\/fr\/produit\/coffret-a-cendres-en-bois-italien\/\" \/>\n<meta property=\"og:locale\" content=\"fr_FR\" \/>\n<meta property=\"og:type\" content=\"article\" \/>\n<meta property=\"og:title\" content=\"Coffret \u00e0 cendres en bois italien\" \/>\n<meta property=\"og:description\" content=\"D\u00e9couvrez notre magnifique cercueil fun\u00e9raire en bois italien raffin\u00e9. Magnifique cercueil fun\u00e9raire pour cendres.\" \/>\n<meta property=\"og:url\" content=\"https:\/\/www.rememberme-forever.com\/fr\/produit\/coffret-a-cendres-en-bois-italien\/\" \/>\n<meta property=\"og:site_name\" content=\"Remember Forever\" \/>\n<meta property=\"article:modified_time\" content=\"2025-10-27T09:11:16+00:00\" \/>\n<meta property=\"og:image\" content=\"http:\/\/www.rememberme-forever.com\/wp-content\/uploads\/2023\/04\/Ashes-casket-Italian-wood.jpg\" \/>\n\t<meta property=\"og:image:width\" content=\"768\" \/>\n\t<meta property=\"og:image:height\" content=\"781\" \/>\n\t<meta property=\"og:image:type\" content=\"image\/jpeg\" \/>\n<meta name=\"twitter:card\" content=\"summary_large_image\" \/>\n<meta name=\"twitter:label1\" content=\"Dur\u00e9e de lecture estim\u00e9e\" \/>\n\t<meta name=\"twitter:data1\" content=\"2 minutes\" \/>\n<script type=\"application\/ld+json\" class=\"yoast-schema-graph\">{\"@context\":\"https:\\\/\\\/schema.org\",\"@graph\":[{\"@type\":\"WebPage\",\"@id\":\"https:\\\/\\\/www.rememberme-forever.com\\\/fr\\\/produit\\\/coffret-a-cendres-en-bois-italien\\\/\",\"url\":\"https:\\\/\\\/www.rememberme-forever.com\\\/fr\\\/produit\\\/coffret-a-cendres-en-bois-italien\\\/\",\"name\":\"Coffret \u00e0 cendres en bois italien\",\"isPartOf\":{\"@id\":\"https:\\\/\\\/www.rememberme-forever.com\\\/fr\\\/#website\"},\"primaryImageOfPage\":{\"@id\":\"https:\\\/\\\/www.rememberme-forever.com\\\/fr\\\/produit\\\/coffret-a-cendres-en-bois-italien\\\/#primaryimage\"},\"image\":{\"@id\":\"https:\\\/\\\/www.rememberme-forever.com\\\/fr\\\/produit\\\/coffret-a-cendres-en-bois-italien\\\/#primaryimage\"},\"thumbnailUrl\":\"https:\\\/\\\/www.rememberme-forever.com\\\/wp-content\\\/uploads\\\/2023\\\/04\\\/Ashes-casket-Italian-wood.jpg\",\"datePublished\":\"2023-04-14T09:04:34+00:00\",\"dateModified\":\"2025-10-27T09:11:16+00:00\",\"description\":\"D\u00e9couvrez notre magnifique cercueil fun\u00e9raire en bois italien raffin\u00e9. Magnifique cercueil fun\u00e9raire pour cendres.\",\"breadcrumb\":{\"@id\":\"https:\\\/\\\/www.rememberme-forever.com\\\/fr\\\/produit\\\/coffret-a-cendres-en-bois-italien\\\/#breadcrumb\"},\"inLanguage\":\"fr-FR\",\"potentialAction\":[{\"@type\":\"ReadAction\",\"target\":[\"https:\\\/\\\/www.rememberme-forever.com\\\/fr\\\/produit\\\/coffret-a-cendres-en-bois-italien\\\/\"]}]},{\"@type\":\"ImageObject\",\"inLanguage\":\"fr-FR\",\"@id\":\"https:\\\/\\\/www.rememberme-forever.com\\\/fr\\\/produit\\\/coffret-a-cendres-en-bois-italien\\\/#primaryimage\",\"url\":\"https:\\\/\\\/www.rememberme-forever.com\\\/wp-content\\\/uploads\\\/2023\\\/04\\\/Ashes-casket-Italian-wood.jpg\",\"contentUrl\":\"https:\\\/\\\/www.rememberme-forever.com\\\/wp-content\\\/uploads\\\/2023\\\/04\\\/Ashes-casket-Italian-wood.jpg\",\"width\":768,\"height\":781,\"caption\":\"Ashes casket Italian wood\"},{\"@type\":\"BreadcrumbList\",\"@id\":\"https:\\\/\\\/www.rememberme-forever.com\\\/fr\\\/produit\\\/coffret-a-cendres-en-bois-italien\\\/#breadcrumb\",\"itemListElement\":[{\"@type\":\"ListItem\",\"position\":1,\"name\":\"Home\",\"item\":\"https:\\\/\\\/www.rememberme-forever.com\\\/fr\\\/accueil\\\/\"},{\"@type\":\"ListItem\",\"position\":2,\"name\":\"Boutique\",\"item\":\"https:\\\/\\\/www.rememberme-forever.com\\\/fr\\\/boutique\\\/\"},{\"@type\":\"ListItem\",\"position\":3,\"name\":\"Coffret \u00e0 cendres en bois italien\"}]},{\"@type\":\"WebSite\",\"@id\":\"https:\\\/\\\/www.rememberme-forever.com\\\/fr\\\/#website\",\"url\":\"https:\\\/\\\/www.rememberme-forever.com\\\/fr\\\/\",\"name\":\"Remember Forever\",\"description\":\"Cremation urns, funeral urns, urns for ashes\",\"publisher\":{\"@id\":\"https:\\\/\\\/www.rememberme-forever.com\\\/fr\\\/#organization\"},\"potentialAction\":[{\"@type\":\"SearchAction\",\"target\":{\"@type\":\"EntryPoint\",\"urlTemplate\":\"https:\\\/\\\/www.rememberme-forever.com\\\/fr\\\/?s={search_term_string}\"},\"query-input\":{\"@type\":\"PropertyValueSpecification\",\"valueRequired\":true,\"valueName\":\"search_term_string\"}}],\"inLanguage\":\"fr-FR\"},{\"@type\":\"Organization\",\"@id\":\"https:\\\/\\\/www.rememberme-forever.com\\\/fr\\\/#organization\",\"name\":\"Remember Forever\",\"url\":\"https:\\\/\\\/www.rememberme-forever.com\\\/fr\\\/\",\"logo\":{\"@type\":\"ImageObject\",\"inLanguage\":\"fr-FR\",\"@id\":\"https:\\\/\\\/www.rememberme-forever.com\\\/fr\\\/#\\\/schema\\\/logo\\\/image\\\/\",\"url\":\"https:\\\/\\\/www.rememberme-forever.com\\\/wp-content\\\/uploads\\\/2023\\\/02\\\/logo.png\",\"contentUrl\":\"https:\\\/\\\/www.rememberme-forever.com\\\/wp-content\\\/uploads\\\/2023\\\/02\\\/logo.png\",\"width\":300,\"height\":56,\"caption\":\"Remember Forever\"},\"image\":{\"@id\":\"https:\\\/\\\/www.rememberme-forever.com\\\/fr\\\/#\\\/schema\\\/logo\\\/image\\\/\"}}]}<\/script>\n<!-- \/ Yoast SEO plugin. -->","yoast_head_json":{"title":"Coffret \u00e0 cendres en bois italien","description":"D\u00e9couvrez notre magnifique cercueil fun\u00e9raire en bois italien raffin\u00e9. Magnifique cercueil fun\u00e9raire pour cendres.","robots":{"index":"index","follow":"follow","max-snippet":"max-snippet:-1","max-image-preview":"max-image-preview:large","max-video-preview":"max-video-preview:-1"},"canonical":"https:\/\/www.rememberme-forever.com\/fr\/produit\/coffret-a-cendres-en-bois-italien\/","og_locale":"fr_FR","og_type":"article","og_title":"Coffret \u00e0 cendres en bois italien","og_description":"D\u00e9couvrez notre magnifique cercueil fun\u00e9raire en bois italien raffin\u00e9. Magnifique cercueil fun\u00e9raire pour cendres.","og_url":"https:\/\/www.rememberme-forever.com\/fr\/produit\/coffret-a-cendres-en-bois-italien\/","og_site_name":"Remember Forever","article_modified_time":"2025-10-27T09:11:16+00:00","og_image":[{"width":768,"height":781,"url":"http:\/\/www.rememberme-forever.com\/wp-content\/uploads\/2023\/04\/Ashes-casket-Italian-wood.jpg","type":"image\/jpeg"}],"twitter_card":"summary_large_image","twitter_misc":{"Dur\u00e9e de lecture estim\u00e9e":"2 minutes"},"schema":{"@context":"https:\/\/schema.org","@graph":[{"@type":"WebPage","@id":"https:\/\/www.rememberme-forever.com\/fr\/produit\/coffret-a-cendres-en-bois-italien\/","url":"https:\/\/www.rememberme-forever.com\/fr\/produit\/coffret-a-cendres-en-bois-italien\/","name":"Coffret \u00e0 cendres en bois italien","isPartOf":{"@id":"https:\/\/www.rememberme-forever.com\/fr\/#website"},"primaryImageOfPage":{"@id":"https:\/\/www.rememberme-forever.com\/fr\/produit\/coffret-a-cendres-en-bois-italien\/#primaryimage"},"image":{"@id":"https:\/\/www.rememberme-forever.com\/fr\/produit\/coffret-a-cendres-en-bois-italien\/#primaryimage"},"thumbnailUrl":"https:\/\/www.rememberme-forever.com\/wp-content\/uploads\/2023\/04\/Ashes-casket-Italian-wood.jpg","datePublished":"2023-04-14T09:04:34+00:00","dateModified":"2025-10-27T09:11:16+00:00","description":"D\u00e9couvrez notre magnifique cercueil fun\u00e9raire en bois italien raffin\u00e9. Magnifique cercueil fun\u00e9raire pour cendres.","breadcrumb":{"@id":"https:\/\/www.rememberme-forever.com\/fr\/produit\/coffret-a-cendres-en-bois-italien\/#breadcrumb"},"inLanguage":"fr-FR","potentialAction":[{"@type":"ReadAction","target":["https:\/\/www.rememberme-forever.com\/fr\/produit\/coffret-a-cendres-en-bois-italien\/"]}]},{"@type":"ImageObject","inLanguage":"fr-FR","@id":"https:\/\/www.rememberme-forever.com\/fr\/produit\/coffret-a-cendres-en-bois-italien\/#primaryimage","url":"https:\/\/www.rememberme-forever.com\/wp-content\/uploads\/2023\/04\/Ashes-casket-Italian-wood.jpg","contentUrl":"https:\/\/www.rememberme-forever.com\/wp-content\/uploads\/2023\/04\/Ashes-casket-Italian-wood.jpg","width":768,"height":781,"caption":"Ashes casket Italian wood"},{"@type":"BreadcrumbList","@id":"https:\/\/www.rememberme-forever.com\/fr\/produit\/coffret-a-cendres-en-bois-italien\/#breadcrumb","itemListElement":[{"@type":"ListItem","position":1,"name":"Home","item":"https:\/\/www.rememberme-forever.com\/fr\/accueil\/"},{"@type":"ListItem","position":2,"name":"Boutique","item":"https:\/\/www.rememberme-forever.com\/fr\/boutique\/"},{"@type":"ListItem","position":3,"name":"Coffret \u00e0 cendres en bois italien"}]},{"@type":"WebSite","@id":"https:\/\/www.rememberme-forever.com\/fr\/#website","url":"https:\/\/www.rememberme-forever.com\/fr\/","name":"Remember Forever","description":"Cremation urns, funeral urns, urns for ashes","publisher":{"@id":"https:\/\/www.rememberme-forever.com\/fr\/#organization"},"potentialAction":[{"@type":"SearchAction","target":{"@type":"EntryPoint","urlTemplate":"https:\/\/www.rememberme-forever.com\/fr\/?s={search_term_string}"},"query-input":{"@type":"PropertyValueSpecification","valueRequired":true,"valueName":"search_term_string"}}],"inLanguage":"fr-FR"},{"@type":"Organization","@id":"https:\/\/www.rememberme-forever.com\/fr\/#organization","name":"Remember Forever","url":"https:\/\/www.rememberme-forever.com\/fr\/","logo":{"@type":"ImageObject","inLanguage":"fr-FR","@id":"https:\/\/www.rememberme-forever.com\/fr\/#\/schema\/logo\/image\/","url":"https:\/\/www.rememberme-forever.com\/wp-content\/uploads\/2023\/02\/logo.png","contentUrl":"https:\/\/www.rememberme-forever.com\/wp-content\/uploads\/2023\/02\/logo.png","width":300,"height":56,"caption":"Remember Forever"},"image":{"@id":"https:\/\/www.rememberme-forever.com\/fr\/#\/schema\/logo\/image\/"}}]}},"acf":[],"_links":{"self":[{"href":"https:\/\/www.rememberme-forever.com\/fr\/wp-json\/wp\/v2\/product\/21275","targetHints":{"allow":["GET"]}}],"collection":[{"href":"https:\/\/www.rememberme-forever.com\/fr\/wp-json\/wp\/v2\/product"}],"about":[{"href":"https:\/\/www.rememberme-forever.com\/fr\/wp-json\/wp\/v2\/types\/product"}],"wp:featuredmedia":[{"embeddable":true,"href":"https:\/\/www.rememberme-forever.com\/fr\/wp-json\/wp\/v2\/media\/21276"}],"wp:attachment":[{"href":"https:\/\/www.rememberme-forever.com\/fr\/wp-json\/wp\/v2\/media?parent=21275"}],"wp:term":[{"taxonomy":"product_brand","embeddable":true,"href":"https:\/\/www.rememberme-forever.com\/fr\/wp-json\/wp\/v2\/product_brand?post=21275"},{"taxonomy":"product_cat","embeddable":true,"href":"https:\/\/www.rememberme-forever.com\/fr\/wp-json\/wp\/v2\/product_cat?post=21275"},{"taxonomy":"product_tag","embeddable":true,"href":"https:\/\/www.rememberme-forever.com\/fr\/wp-json\/wp\/v2\/product_tag?post=21275"}],"curies":[{"name":"wp","href":"https:\/\/api.w.org\/{rel}","templated":true}]}}