{"id":21531,"date":"2023-04-04T11:45:01","date_gmt":"2023-04-04T09:45:01","guid":{"rendered":"https:\/\/www.rememberme-forever.com\/product\/urne-funeraire-en-noyer-taille-moyenne-urne-en-bois-naturel\/"},"modified":"2025-10-29T11:41:19","modified_gmt":"2025-10-29T10:41:19","slug":"urne-funeraire-en-noyer-taille-moyenne-urne-en-bois-naturel","status":"publish","type":"product","link":"https:\/\/www.rememberme-forever.com\/fr\/produit\/urne-funeraire-en-noyer-taille-moyenne-urne-en-bois-naturel\/","title":{"rendered":"Urne fun\u00e9raire en noyer, taille moyenne, urne en bois naturel"},"content":{"rendered":"<div style=\"width: 100%; margin-bottom: 30px; height: max-content; padding-bottom: 60%; position: relative;\"><iframe style=\"position: absolute; top: 0; left: 0; width: 100%; height: 100%;\" src=\"https:\/\/rememberme-urns.com\/wooden-medium-size-walnut-urn\/\" frameborder=\"0\"><\/iframe><\/div>\n<div style=\"color: red; text-align: center; margin-bottom: 25px;\">\n<p>&gt;&gt; Rotation de la photo &#8211; appuyer\/zoomer &lt;&lt;<\/p>\n<\/div>\n<h2 style=\"text-align: center;\">Walnut urn for ashes medium size<\/h2>\n<p style=\"text-align: center;\">D\u00e9couvrez notre urne fun\u00e9raire en noyer, format moyen, un hommage \u00e9l\u00e9gant et symbolique \u00e0 la m\u00e9moire d&rsquo;un \u00eatre cher. Fabriqu\u00e9e en noyer de haute qualit\u00e9, reconnu pour sa durabilit\u00e9 et son \u00e9l\u00e9gance intemporelle, cette urne est sublim\u00e9e par le grain naturel du bois qui lui conf\u00e8re une esth\u00e9tique chaleureuse et accueillante, s&rsquo;harmonisant avec tous les styles de d\u00e9coration.<\/p>\n<p style=\"text-align: center;\">Cette urne de taille moyenne est dot\u00e9e d&rsquo;un couvercle filet\u00e9 s\u00e9curis\u00e9 qui pr\u00e9serve la puret\u00e9 des cendres. Elle est \u00e9galement accompagn\u00e9e d&rsquo;un petit r\u00e9cipient assorti pouvant contenir une portion de cendres ou d&rsquo;autres souvenirs pr\u00e9cieux, comme une m\u00e8che de cheveux ou un bijou.<\/p>\n<p style=\"text-align: center;\">Pour personnaliser davantage cette urne d\u00e9j\u00e0 charg\u00e9e de sens, nous proposons \u00e9galement une plaque comm\u00e9morative grav\u00e9e du nom, des dates de naissance et de d\u00e9c\u00e8s, ainsi que d&rsquo;un court message de votre choix. La plaque est fabriqu\u00e9e en stratifi\u00e9 de haute qualit\u00e9 et se fixe solidement sur le dessus de l&rsquo;urne, cr\u00e9ant ainsi un hommage durable qui pourra \u00eatre ch\u00e9ri pendant des g\u00e9n\u00e9rations.<\/p>\n<p style=\"text-align: center;\">Qu&rsquo;elle soit expos\u00e9e sur une chemin\u00e9e, une \u00e9tag\u00e8re ou \u00e0 un autre endroit de votre maison, cette urne fun\u00e9raire en noyer de taille moyenne, avec sa plaque souvenir et comm\u00e9morative, offre une mani\u00e8re \u00e9l\u00e9gante et digne de se souvenir de votre \u00eatre cher et de lui rendre hommage.<\/p>\n<p>&nbsp;<\/p>\n<p style=\"text-align: center;\"><strong><em>Il s&rsquo;agit d&rsquo;un produit fabriqu\u00e9 \u00e0 partir de mat\u00e9riaux naturels, l&rsquo;apparence peut \u00eatre l\u00e9g\u00e8rement diff\u00e9rente.<\/em><\/strong><\/p>\n<p>&nbsp;<\/p>\n<h3 style=\"text-align: center;\"><strong>PERSONNALISATION<\/strong><\/h3>\n<p style=\"text-align: center;\">Si vous choisissez une plaque personnalis\u00e9e, veuillez soumettre du texte dans le cadre de personnalisation du produit.<\/p>\n<p style=\"text-align: center;\">La plaque comm\u00e9morative personnalis\u00e9e doit \u00eatre personnalis\u00e9e lors de votre commande. (Pas de panique si vous la manquez ; vous pouvez toujours nous contacter ult\u00e9rieurement.)<\/p>\n<p style=\"text-align: center;\"><img loading=\"lazy\" decoding=\"async\" class=\" wp-image-966 aligncenter\" src=\"http:\/\/www.rememberme-forever.com\/wp-content\/uploads\/2023\/04\/memorial-plaque-for-urn-walnut-295x300.jpg\" alt=\"Plaque comm\u00e9morative pour urne en noyer\" width=\"233\" height=\"237\" srcset=\"https:\/\/www.rememberme-forever.com\/wp-content\/uploads\/2023\/04\/memorial-plaque-for-urn-walnut-295x300.jpg 295w, https:\/\/www.rememberme-forever.com\/wp-content\/uploads\/2023\/04\/memorial-plaque-for-urn-walnut-600x610.jpg 600w, https:\/\/www.rememberme-forever.com\/wp-content\/uploads\/2023\/04\/memorial-plaque-for-urn-walnut-64x65.jpg 64w, https:\/\/www.rememberme-forever.com\/wp-content\/uploads\/2023\/04\/memorial-plaque-for-urn-walnut.jpg 768w\" sizes=\"auto, (max-width: 233px) 100vw, 233px\" \/><\/p>\n<p>&nbsp;<\/p>\n<p style=\"text-align: center;\">Veuillez examiner attentivement le texte \u00e0 graver avant d&rsquo;ajouter l&rsquo;article au panier. Nous reproduisons et gravons les informations exactes re\u00e7ues lors de la commande et n&rsquo;y apportons aucune modification.<\/p>\n<p style=\"text-align: center;\"><strong>Veuillez revoir le texte pour vous assurer que toutes les orthographes sont correctes.<\/strong><\/p>\n<p>&nbsp;<\/p>\n<p style=\"text-align: center;\"><em><strong>Si vous avez besoin d&rsquo;une plaque comm\u00e9morative en guise de souvenir, veuillez ajouter du texte dans un deuxi\u00e8me cadre.<\/strong><\/em><\/p>\n<p>&nbsp;<\/p>\n<p><img loading=\"lazy\" decoding=\"async\" class=\" wp-image-939 aligncenter\" src=\"http:\/\/www.rememberme-forever.com\/wp-content\/uploads\/2023\/04\/personalized-keepsake-walnut-urn-295x300.jpg\" alt=\"Urne fun\u00e9raire en bois grav\u00e9e pour cendres\" width=\"150\" height=\"153\" srcset=\"https:\/\/www.rememberme-forever.com\/wp-content\/uploads\/2023\/04\/personalized-keepsake-walnut-urn-295x300.jpg 295w, https:\/\/www.rememberme-forever.com\/wp-content\/uploads\/2023\/04\/personalized-keepsake-walnut-urn-600x610.jpg 600w, https:\/\/www.rememberme-forever.com\/wp-content\/uploads\/2023\/04\/personalized-keepsake-walnut-urn-64x65.jpg 64w, https:\/\/www.rememberme-forever.com\/wp-content\/uploads\/2023\/04\/personalized-keepsake-walnut-urn.jpg 768w\" sizes=\"auto, (max-width: 150px) 100vw, 150px\" \/><\/p>\n<p>&nbsp;<\/p>\n<h3 style=\"text-align: center;\"><strong>Comment verser les cendres dans une urne ?<\/strong><\/h3>\n<p style=\"text-align: center;\"><iframe loading=\"lazy\" title=\"Comment remplir et fermer une urne avec les cendres du cr\u00e9matorium - Vid\u00e9o d'instructions de Remember Forever &lt;br&gt; &lt;br&gt;\" src=\"https:\/\/www.youtube.com\/embed\/sPMMFygo0vQ?feature=oembed\" width=\"640\" height=\"360\" frameborder=\"0\" allowfullscreen=\"allowfullscreen\" data-mce-fragment=\"1\"><\/iframe><\/p>\n","protected":false},"excerpt":{"rendered":"<p>Magnifique urne fun\u00e9raire naturelle en noyer, petite urne id\u00e9ale pour un enfant ou une partie des cendres.<\/p>\n<p><strong> Convient pour contenir les cendres d&rsquo;une personne pesant jusqu&rsquo;\u00e0 environ 122 lbs ou 50 kg. <\/strong><\/p>\n","protected":false},"featured_media":21536,"template":"","meta":{"_acf_changed":false},"product_brand":[],"product_cat":[2431],"product_tag":[3372],"class_list":{"0":"post-21531","1":"product","2":"type-product","3":"status-publish","4":"has-post-thumbnail","6":"product_cat-urnes-en-bois","7":"product_tag-gpsr-turned-wood","8":"product_shipping_class-2-4kg-fr","10":"first","11":"instock","12":"taxable","13":"shipping-taxable","14":"purchasable","15":"product-type-variable"},"yoast_head":"<!-- This site is optimized with the Yoast SEO plugin v27.4 - https:\/\/yoast.com\/product\/yoast-seo-wordpress\/ -->\n<title>Urne fun\u00e9raire en noyer, taille moyenne, urne en bois naturel<\/title>\n<meta name=\"description\" content=\"Cette urne fun\u00e9raire en noyer de taille moyenne est un hommage magnifique et intemporel \u00e0 votre \u00eatre cher. Urne id\u00e9ale pour une personne de petite taille ou pour contenir une partie de ses cendres.\" \/>\n<meta name=\"robots\" content=\"index, follow, max-snippet:-1, max-image-preview:large, max-video-preview:-1\" \/>\n<link rel=\"canonical\" href=\"https:\/\/www.rememberme-forever.com\/fr\/produit\/urne-funeraire-en-noyer-taille-moyenne-urne-en-bois-naturel\/\" \/>\n<meta property=\"og:locale\" content=\"fr_FR\" \/>\n<meta property=\"og:type\" content=\"article\" \/>\n<meta property=\"og:title\" content=\"Urne fun\u00e9raire en noyer, taille moyenne, urne en bois naturel\" \/>\n<meta property=\"og:description\" content=\"Cette urne fun\u00e9raire en noyer de taille moyenne est un hommage magnifique et intemporel \u00e0 votre \u00eatre cher. Urne id\u00e9ale pour une personne de petite taille ou pour contenir une partie de ses cendres.\" \/>\n<meta property=\"og:url\" content=\"https:\/\/www.rememberme-forever.com\/fr\/produit\/urne-funeraire-en-noyer-taille-moyenne-urne-en-bois-naturel\/\" \/>\n<meta property=\"og:site_name\" content=\"Remember Forever\" \/>\n<meta property=\"article:modified_time\" content=\"2025-10-29T10:41:19+00:00\" \/>\n<meta property=\"og:image\" content=\"http:\/\/www.rememberme-forever.com\/wp-content\/uploads\/2023\/04\/Walnut-urn-for-ashes-medium-size.jpg\" \/>\n\t<meta property=\"og:image:width\" content=\"768\" \/>\n\t<meta property=\"og:image:height\" content=\"781\" \/>\n\t<meta property=\"og:image:type\" content=\"image\/jpeg\" \/>\n<meta name=\"twitter:card\" content=\"summary_large_image\" \/>\n<meta name=\"twitter:label1\" content=\"Dur\u00e9e de lecture estim\u00e9e\" \/>\n\t<meta name=\"twitter:data1\" content=\"3 minutes\" \/>\n<script type=\"application\/ld+json\" class=\"yoast-schema-graph\">{\"@context\":\"https:\\\/\\\/schema.org\",\"@graph\":[{\"@type\":\"WebPage\",\"@id\":\"https:\\\/\\\/www.rememberme-forever.com\\\/fr\\\/produit\\\/urne-funeraire-en-noyer-taille-moyenne-urne-en-bois-naturel\\\/\",\"url\":\"https:\\\/\\\/www.rememberme-forever.com\\\/fr\\\/produit\\\/urne-funeraire-en-noyer-taille-moyenne-urne-en-bois-naturel\\\/\",\"name\":\"Urne fun\u00e9raire en noyer, taille moyenne, urne en bois naturel\",\"isPartOf\":{\"@id\":\"https:\\\/\\\/www.rememberme-forever.com\\\/fr\\\/#website\"},\"primaryImageOfPage\":{\"@id\":\"https:\\\/\\\/www.rememberme-forever.com\\\/fr\\\/produit\\\/urne-funeraire-en-noyer-taille-moyenne-urne-en-bois-naturel\\\/#primaryimage\"},\"image\":{\"@id\":\"https:\\\/\\\/www.rememberme-forever.com\\\/fr\\\/produit\\\/urne-funeraire-en-noyer-taille-moyenne-urne-en-bois-naturel\\\/#primaryimage\"},\"thumbnailUrl\":\"https:\\\/\\\/www.rememberme-forever.com\\\/wp-content\\\/uploads\\\/2023\\\/04\\\/Walnut-urn-for-ashes-medium-size.jpg\",\"datePublished\":\"2023-04-04T09:45:01+00:00\",\"dateModified\":\"2025-10-29T10:41:19+00:00\",\"description\":\"Cette urne fun\u00e9raire en noyer de taille moyenne est un hommage magnifique et intemporel \u00e0 votre \u00eatre cher. Urne id\u00e9ale pour une personne de petite taille ou pour contenir une partie de ses cendres.\",\"breadcrumb\":{\"@id\":\"https:\\\/\\\/www.rememberme-forever.com\\\/fr\\\/produit\\\/urne-funeraire-en-noyer-taille-moyenne-urne-en-bois-naturel\\\/#breadcrumb\"},\"inLanguage\":\"fr-FR\",\"potentialAction\":[{\"@type\":\"ReadAction\",\"target\":[\"https:\\\/\\\/www.rememberme-forever.com\\\/fr\\\/produit\\\/urne-funeraire-en-noyer-taille-moyenne-urne-en-bois-naturel\\\/\"]}]},{\"@type\":\"ImageObject\",\"inLanguage\":\"fr-FR\",\"@id\":\"https:\\\/\\\/www.rememberme-forever.com\\\/fr\\\/produit\\\/urne-funeraire-en-noyer-taille-moyenne-urne-en-bois-naturel\\\/#primaryimage\",\"url\":\"https:\\\/\\\/www.rememberme-forever.com\\\/wp-content\\\/uploads\\\/2023\\\/04\\\/Walnut-urn-for-ashes-medium-size.jpg\",\"contentUrl\":\"https:\\\/\\\/www.rememberme-forever.com\\\/wp-content\\\/uploads\\\/2023\\\/04\\\/Walnut-urn-for-ashes-medium-size.jpg\",\"width\":768,\"height\":781,\"caption\":\"Walnut urn for ashes medium size, medium sized urns\"},{\"@type\":\"BreadcrumbList\",\"@id\":\"https:\\\/\\\/www.rememberme-forever.com\\\/fr\\\/produit\\\/urne-funeraire-en-noyer-taille-moyenne-urne-en-bois-naturel\\\/#breadcrumb\",\"itemListElement\":[{\"@type\":\"ListItem\",\"position\":1,\"name\":\"Home\",\"item\":\"https:\\\/\\\/www.rememberme-forever.com\\\/fr\\\/accueil\\\/\"},{\"@type\":\"ListItem\",\"position\":2,\"name\":\"Boutique\",\"item\":\"https:\\\/\\\/www.rememberme-forever.com\\\/fr\\\/boutique\\\/\"},{\"@type\":\"ListItem\",\"position\":3,\"name\":\"Urne fun\u00e9raire en noyer, taille moyenne, urne en bois naturel\"}]},{\"@type\":\"WebSite\",\"@id\":\"https:\\\/\\\/www.rememberme-forever.com\\\/fr\\\/#website\",\"url\":\"https:\\\/\\\/www.rememberme-forever.com\\\/fr\\\/\",\"name\":\"Remember Forever\",\"description\":\"Cremation urns, funeral urns, urns for ashes\",\"publisher\":{\"@id\":\"https:\\\/\\\/www.rememberme-forever.com\\\/fr\\\/#organization\"},\"potentialAction\":[{\"@type\":\"SearchAction\",\"target\":{\"@type\":\"EntryPoint\",\"urlTemplate\":\"https:\\\/\\\/www.rememberme-forever.com\\\/fr\\\/?s={search_term_string}\"},\"query-input\":{\"@type\":\"PropertyValueSpecification\",\"valueRequired\":true,\"valueName\":\"search_term_string\"}}],\"inLanguage\":\"fr-FR\"},{\"@type\":\"Organization\",\"@id\":\"https:\\\/\\\/www.rememberme-forever.com\\\/fr\\\/#organization\",\"name\":\"Remember Forever\",\"url\":\"https:\\\/\\\/www.rememberme-forever.com\\\/fr\\\/\",\"logo\":{\"@type\":\"ImageObject\",\"inLanguage\":\"fr-FR\",\"@id\":\"https:\\\/\\\/www.rememberme-forever.com\\\/fr\\\/#\\\/schema\\\/logo\\\/image\\\/\",\"url\":\"https:\\\/\\\/www.rememberme-forever.com\\\/wp-content\\\/uploads\\\/2023\\\/02\\\/logo.png\",\"contentUrl\":\"https:\\\/\\\/www.rememberme-forever.com\\\/wp-content\\\/uploads\\\/2023\\\/02\\\/logo.png\",\"width\":300,\"height\":56,\"caption\":\"Remember Forever\"},\"image\":{\"@id\":\"https:\\\/\\\/www.rememberme-forever.com\\\/fr\\\/#\\\/schema\\\/logo\\\/image\\\/\"}}]}<\/script>\n<!-- \/ Yoast SEO plugin. -->","yoast_head_json":{"title":"Urne fun\u00e9raire en noyer, taille moyenne, urne en bois naturel","description":"Cette urne fun\u00e9raire en noyer de taille moyenne est un hommage magnifique et intemporel \u00e0 votre \u00eatre cher. Urne id\u00e9ale pour une personne de petite taille ou pour contenir une partie de ses cendres.","robots":{"index":"index","follow":"follow","max-snippet":"max-snippet:-1","max-image-preview":"max-image-preview:large","max-video-preview":"max-video-preview:-1"},"canonical":"https:\/\/www.rememberme-forever.com\/fr\/produit\/urne-funeraire-en-noyer-taille-moyenne-urne-en-bois-naturel\/","og_locale":"fr_FR","og_type":"article","og_title":"Urne fun\u00e9raire en noyer, taille moyenne, urne en bois naturel","og_description":"Cette urne fun\u00e9raire en noyer de taille moyenne est un hommage magnifique et intemporel \u00e0 votre \u00eatre cher. Urne id\u00e9ale pour une personne de petite taille ou pour contenir une partie de ses cendres.","og_url":"https:\/\/www.rememberme-forever.com\/fr\/produit\/urne-funeraire-en-noyer-taille-moyenne-urne-en-bois-naturel\/","og_site_name":"Remember Forever","article_modified_time":"2025-10-29T10:41:19+00:00","og_image":[{"width":768,"height":781,"url":"http:\/\/www.rememberme-forever.com\/wp-content\/uploads\/2023\/04\/Walnut-urn-for-ashes-medium-size.jpg","type":"image\/jpeg"}],"twitter_card":"summary_large_image","twitter_misc":{"Dur\u00e9e de lecture estim\u00e9e":"3 minutes"},"schema":{"@context":"https:\/\/schema.org","@graph":[{"@type":"WebPage","@id":"https:\/\/www.rememberme-forever.com\/fr\/produit\/urne-funeraire-en-noyer-taille-moyenne-urne-en-bois-naturel\/","url":"https:\/\/www.rememberme-forever.com\/fr\/produit\/urne-funeraire-en-noyer-taille-moyenne-urne-en-bois-naturel\/","name":"Urne fun\u00e9raire en noyer, taille moyenne, urne en bois naturel","isPartOf":{"@id":"https:\/\/www.rememberme-forever.com\/fr\/#website"},"primaryImageOfPage":{"@id":"https:\/\/www.rememberme-forever.com\/fr\/produit\/urne-funeraire-en-noyer-taille-moyenne-urne-en-bois-naturel\/#primaryimage"},"image":{"@id":"https:\/\/www.rememberme-forever.com\/fr\/produit\/urne-funeraire-en-noyer-taille-moyenne-urne-en-bois-naturel\/#primaryimage"},"thumbnailUrl":"https:\/\/www.rememberme-forever.com\/wp-content\/uploads\/2023\/04\/Walnut-urn-for-ashes-medium-size.jpg","datePublished":"2023-04-04T09:45:01+00:00","dateModified":"2025-10-29T10:41:19+00:00","description":"Cette urne fun\u00e9raire en noyer de taille moyenne est un hommage magnifique et intemporel \u00e0 votre \u00eatre cher. Urne id\u00e9ale pour une personne de petite taille ou pour contenir une partie de ses cendres.","breadcrumb":{"@id":"https:\/\/www.rememberme-forever.com\/fr\/produit\/urne-funeraire-en-noyer-taille-moyenne-urne-en-bois-naturel\/#breadcrumb"},"inLanguage":"fr-FR","potentialAction":[{"@type":"ReadAction","target":["https:\/\/www.rememberme-forever.com\/fr\/produit\/urne-funeraire-en-noyer-taille-moyenne-urne-en-bois-naturel\/"]}]},{"@type":"ImageObject","inLanguage":"fr-FR","@id":"https:\/\/www.rememberme-forever.com\/fr\/produit\/urne-funeraire-en-noyer-taille-moyenne-urne-en-bois-naturel\/#primaryimage","url":"https:\/\/www.rememberme-forever.com\/wp-content\/uploads\/2023\/04\/Walnut-urn-for-ashes-medium-size.jpg","contentUrl":"https:\/\/www.rememberme-forever.com\/wp-content\/uploads\/2023\/04\/Walnut-urn-for-ashes-medium-size.jpg","width":768,"height":781,"caption":"Walnut urn for ashes medium size, medium sized urns"},{"@type":"BreadcrumbList","@id":"https:\/\/www.rememberme-forever.com\/fr\/produit\/urne-funeraire-en-noyer-taille-moyenne-urne-en-bois-naturel\/#breadcrumb","itemListElement":[{"@type":"ListItem","position":1,"name":"Home","item":"https:\/\/www.rememberme-forever.com\/fr\/accueil\/"},{"@type":"ListItem","position":2,"name":"Boutique","item":"https:\/\/www.rememberme-forever.com\/fr\/boutique\/"},{"@type":"ListItem","position":3,"name":"Urne fun\u00e9raire en noyer, taille moyenne, urne en bois naturel"}]},{"@type":"WebSite","@id":"https:\/\/www.rememberme-forever.com\/fr\/#website","url":"https:\/\/www.rememberme-forever.com\/fr\/","name":"Remember Forever","description":"Cremation urns, funeral urns, urns for ashes","publisher":{"@id":"https:\/\/www.rememberme-forever.com\/fr\/#organization"},"potentialAction":[{"@type":"SearchAction","target":{"@type":"EntryPoint","urlTemplate":"https:\/\/www.rememberme-forever.com\/fr\/?s={search_term_string}"},"query-input":{"@type":"PropertyValueSpecification","valueRequired":true,"valueName":"search_term_string"}}],"inLanguage":"fr-FR"},{"@type":"Organization","@id":"https:\/\/www.rememberme-forever.com\/fr\/#organization","name":"Remember Forever","url":"https:\/\/www.rememberme-forever.com\/fr\/","logo":{"@type":"ImageObject","inLanguage":"fr-FR","@id":"https:\/\/www.rememberme-forever.com\/fr\/#\/schema\/logo\/image\/","url":"https:\/\/www.rememberme-forever.com\/wp-content\/uploads\/2023\/02\/logo.png","contentUrl":"https:\/\/www.rememberme-forever.com\/wp-content\/uploads\/2023\/02\/logo.png","width":300,"height":56,"caption":"Remember Forever"},"image":{"@id":"https:\/\/www.rememberme-forever.com\/fr\/#\/schema\/logo\/image\/"}}]}},"acf":[],"_links":{"self":[{"href":"https:\/\/www.rememberme-forever.com\/fr\/wp-json\/wp\/v2\/product\/21531","targetHints":{"allow":["GET"]}}],"collection":[{"href":"https:\/\/www.rememberme-forever.com\/fr\/wp-json\/wp\/v2\/product"}],"about":[{"href":"https:\/\/www.rememberme-forever.com\/fr\/wp-json\/wp\/v2\/types\/product"}],"wp:featuredmedia":[{"embeddable":true,"href":"https:\/\/www.rememberme-forever.com\/fr\/wp-json\/wp\/v2\/media\/21536"}],"wp:attachment":[{"href":"https:\/\/www.rememberme-forever.com\/fr\/wp-json\/wp\/v2\/media?parent=21531"}],"wp:term":[{"taxonomy":"product_brand","embeddable":true,"href":"https:\/\/www.rememberme-forever.com\/fr\/wp-json\/wp\/v2\/product_brand?post=21531"},{"taxonomy":"product_cat","embeddable":true,"href":"https:\/\/www.rememberme-forever.com\/fr\/wp-json\/wp\/v2\/product_cat?post=21531"},{"taxonomy":"product_tag","embeddable":true,"href":"https:\/\/www.rememberme-forever.com\/fr\/wp-json\/wp\/v2\/product_tag?post=21531"}],"curies":[{"name":"wp","href":"https:\/\/api.w.org\/{rel}","templated":true}]}}