{"id":21858,"date":"2025-10-30T09:41:28","date_gmt":"2025-10-30T08:41:28","guid":{"rendered":"https:\/\/www.rememberme-forever.com\/product\/vase-de-cimetiere-robuste-et-personnalisable-resistant-aux-intemperies-ideal-pour-les-fleurs\/"},"modified":"2025-10-30T14:23:16","modified_gmt":"2025-10-30T13:23:16","slug":"vase-de-cimetiere-robuste-et-personnalisable-resistant-aux-intemperies-ideal-pour-les-fleurs","status":"publish","type":"product","link":"https:\/\/www.rememberme-forever.com\/fr\/produit\/vase-de-cimetiere-robuste-et-personnalisable-resistant-aux-intemperies-ideal-pour-les-fleurs\/","title":{"rendered":"Vase de cimeti\u00e8re robuste et personnalisable &#8211; r\u00e9sistant aux intemp\u00e9ries, id\u00e9al pour les fleurs"},"content":{"rendered":"<p style=\"text-align: center;\" data-start=\"301\" data-end=\"447\"><strong data-start=\"301\" data-end=\"445\">Seuls le vase et une plaque optionnelle avec votre texte sont inclus dans la vente. Les fleurs pr\u00e9sent\u00e9es sur les photos ne sont pas incluses. <\/strong><\/p>\n<p style=\"text-align: center;\" data-start=\"449\" data-end=\"690\">L&rsquo;encoche lat\u00e9rale visible permet l&rsquo;\u00e9vacuation de l&rsquo;eau, prot\u00e9geant ainsi efficacement le vase des fissures dues au gel ou aux variations brusques de temp\u00e9rature. Ce vase restera ainsi en excellent \u00e9tat pendant de nombreuses ann\u00e9es.<\/p>\n<p style=\"text-align: center;\" data-start=\"692\" data-end=\"983\">Ce vase fun\u00e9raire robuste et r\u00e9sistant est fabriqu\u00e9 dans un mat\u00e9riau composite durable, r\u00e9sistant \u00e0 la pluie, \u00e0 la neige, aux UV et aux chocs. Son \u00e9l\u00e9gante couleur noire et son d\u00e9licat motif de roses en relief lui conf\u00e8rent une touche unique et raffin\u00e9e.<\/p>\n<p style=\"text-align: center;\" data-start=\"985\" data-end=\"1179\">La plaque personnalis\u00e9e, grav\u00e9e de votre texte (en option), est un bel \u00e9l\u00e9ment d\u00e9coratif \u00e0 glisser entre les fleurs \u2013 une mani\u00e8re subtile et esth\u00e9tique d&rsquo;honorer la m\u00e9moire d&rsquo;un \u00eatre cher.<\/p>\n<div style=\"width: 100%; margin-bottom: 40px; height: max-content; padding-bottom: 60%; position: relative;\"><iframe style=\"position: absolute; top: 0; left: 0; width: 100%; height: 100%;\" src=\"https:\/\/rememberme-urns.com\/cemetery-vases-large-size\/\" frameborder=\"0\"><\/iframe><\/div>\n<div style=\"color: red; text-align: center; margin-bottom: 25px;\">\n<p>&gt;&gt; Rotation de la photo &#8211; appuyer\/zoomer &lt;&lt;<\/p>\n<\/div>\n<p style=\"text-align: center;\" data-start=\"1181\" data-end=\"1202\"><strong data-start=\"1181\" data-end=\"1200\">Caract\u00e9ristiques du produit :<\/strong><\/p>\n<p style=\"text-align: center;\" data-start=\"1205\" data-end=\"1245\">Mat\u00e9riau : composite durable<\/p>\n<p style=\"text-align: center;\" data-start=\"1248\" data-end=\"1282\">Couleur : noir profond brillant<\/p>\n<p style=\"text-align: center;\" data-start=\"1285\" data-end=\"1319\">Decoration: embossed rose motif<\/p>\n<p style=\"text-align: center;\" data-start=\"1322\" data-end=\"1383\">D\u00e9coration : motif de roses en relief<\/p>\n<p style=\"text-align: center;\" data-start=\"1386\" data-end=\"1435\">Plaque personnalis\u00e9e avec votre texte (gravure) (en option)<\/p>\n<p style=\"text-align: center;\" data-start=\"1438\" data-end=\"1474\">R\u00e9sistant aux intemp\u00e9ries<\/p>\n<p style=\"text-align: center;\" data-start=\"1477\" data-end=\"1506\">Lourd, stable et \u00e9l\u00e9gant<\/p>\n<div style=\"text-align: center;\"><strong data-start=\"1508\" data-end=\"1525\">Utilisation :<\/strong><\/div>\n<div style=\"text-align: center;\">Id\u00e9al comme vase fun\u00e9raire \u2013 une d\u00e9coration de tombe durable et \u00e9l\u00e9gante pour y d\u00e9poser des fleurs fra\u00eeches ou artificielles.<\/div>\n<p class=\"MsoNormal\" style=\"text-align: center;\" align=\"center\"><b><b>\u25ba PERSONNALISATION \u25c4<\/b><\/b><\/p>\n<p class=\"MsoNormal\" style=\"text-align: center;\" align=\"center\"><span lang=\"EN-US\">Si vous choisissez une plaque personnalis\u00e9e, inscrivez le texte \u00e0 l&rsquo;endroit appropri\u00e9 ou envoyez-nous un message.<\/span><\/p>\n<p class=\"MsoNormal\" style=\"text-align: center;\" align=\"center\"><span lang=\"EN-US\">La plaque comm\u00e9morative personnalis\u00e9e doit \u00eatre personnalis\u00e9e lors de la commande. (En cas d&rsquo;oubli, n&rsquo;h\u00e9sitez pas \u00e0 nous contacter ult\u00e9rieurement.) <\/span><\/p>\n<p class=\"MsoNormal\" style=\"text-align: center;\" align=\"center\">\n<p class=\"MsoNormal\" style=\"text-align: center;\" align=\"center\"><b><span lang=\"EN-US\">Les limites de texte sont les suivantes :<\/span><\/b><\/p>\n<p class=\"MsoNormal\" style=\"text-align: center;\" align=\"center\">&#8211; Nom(s) jusqu&rsquo;\u00e0 24 caract\u00e8res<\/p>\n<p class=\"MsoNormal\" style=\"text-align: center;\" align=\"center\"><span lang=\"EN-US\">&#8211; Date(s) de naissance et de d\u00e9c\u00e8s (24 caract\u00e8res maximum)<\/span><\/p>\n<p class=\"MsoNormal\" style=\"text-align: center;\" align=\"center\">&#8211; Troisi\u00e8me ligne (24 caract\u00e8res maximum)<\/p>\n<p class=\"MsoNormal\" style=\"text-align: center;\" align=\"center\">&#8211; Quatri\u00e8me ligne (24 caract\u00e8res maximum)<\/p>\n<p class=\"MsoNormal\" style=\"text-align: center;\" align=\"center\">&#8211; Cinqui\u00e8me ligne (24 caract\u00e8res maximum)<\/p>\n<p class=\"MsoNormal\" style=\"text-align: center;\" align=\"center\">&#8211; Sixi\u00e8me ligne (24 caract\u00e8res maximum)<\/p>\n<p class=\"MsoNormal\" style=\"text-align: center;\" align=\"center\">\n<p class=\"MsoNormal\" style=\"text-align: center;\" align=\"center\"><b><span lang=\"EN-US\">Veuillez V\u00c9RIFIER le texte de gravure avant d&rsquo;ajouter le produit \u00e0 votre panier. Nous reproduisons et gravons exactement les informations re\u00e7ues lors de la commande et n&rsquo;y apportons aucune modification. <\/span><\/b><\/p>\n<p class=\"MsoNormal\" style=\"text-align: center;\" align=\"center\">\n<p class=\"MsoNormal\" style=\"text-align: center;\" align=\"center\"><span lang=\"EN-US\">V\u00e9rifiez l&rsquo;orthographe du texte.<\/span><\/p>\n<p class=\"MsoNormal\" style=\"text-align: center;\" align=\"center\">N&rsquo;indiquez PAS de texte de gravure si vous achetez l&rsquo;option \u00ab Urne sans plaque \u00bb.<\/p>\n","protected":false},"excerpt":{"rendered":"<p>Seuls le vase et une plaque optionnelle avec votre texte sont inclus dans la vente. Les fleurs pr\u00e9sent\u00e9es sur les photos ne sont pas incluses&#8230;.<\/p>\n","protected":false},"featured_media":21791,"comment_status":"closed","ping_status":"closed","template":"","meta":{"_acf_changed":false},"product_brand":[],"product_cat":[2405],"product_tag":[3296],"class_list":{"0":"post-21858","1":"product","2":"type-product","3":"status-publish","4":"has-post-thumbnail","6":"product_cat-accessoires","7":"product_tag-gpsr-all-urns-accesories","8":"product_shipping_class-4-5-kg","10":"first","11":"instock","12":"taxable","13":"shipping-taxable","14":"purchasable","15":"product-type-simple"},"yoast_head":"<!-- This site is optimized with the Yoast SEO plugin v27.5 - https:\/\/yoast.com\/product\/yoast-seo-wordpress\/ -->\n<title>Vase de cimeti\u00e8re robuste et personnalisable - r\u00e9sistant aux intemp\u00e9ries, id\u00e9al pour les fleurs - Remember Forever<\/title>\n<meta name=\"robots\" content=\"index, follow, max-snippet:-1, max-image-preview:large, max-video-preview:-1\" \/>\n<link rel=\"canonical\" href=\"https:\/\/www.rememberme-forever.com\/fr\/produit\/vase-de-cimetiere-robuste-et-personnalisable-resistant-aux-intemperies-ideal-pour-les-fleurs\/\" \/>\n<meta property=\"og:locale\" content=\"fr_FR\" \/>\n<meta property=\"og:type\" content=\"article\" \/>\n<meta property=\"og:title\" content=\"Vase de cimeti\u00e8re robuste et personnalisable - r\u00e9sistant aux intemp\u00e9ries, id\u00e9al pour les fleurs - Remember Forever\" \/>\n<meta property=\"og:description\" content=\"Seuls le vase et une plaque optionnelle avec votre texte sont inclus dans la vente. Les fleurs pr\u00e9sent\u00e9es sur les photos ne sont pas incluses....\" \/>\n<meta property=\"og:url\" content=\"https:\/\/www.rememberme-forever.com\/fr\/produit\/vase-de-cimetiere-robuste-et-personnalisable-resistant-aux-intemperies-ideal-pour-les-fleurs\/\" \/>\n<meta property=\"og:site_name\" content=\"Remember Forever\" \/>\n<meta property=\"article:modified_time\" content=\"2025-10-30T13:23:16+00:00\" \/>\n<meta property=\"og:image\" content=\"http:\/\/www.rememberme-forever.com\/wp-content\/uploads\/2025\/10\/en-flowers-2.png\" \/>\n\t<meta property=\"og:image:width\" content=\"1024\" \/>\n\t<meta property=\"og:image:height\" content=\"1536\" \/>\n\t<meta property=\"og:image:type\" content=\"image\/png\" \/>\n<meta name=\"twitter:card\" content=\"summary_large_image\" \/>\n<meta name=\"twitter:label1\" content=\"Dur\u00e9e de lecture estim\u00e9e\" \/>\n\t<meta name=\"twitter:data1\" content=\"2 minutes\" \/>\n<script type=\"application\/ld+json\" class=\"yoast-schema-graph\">{\"@context\":\"https:\\\/\\\/schema.org\",\"@graph\":[{\"@type\":\"WebPage\",\"@id\":\"https:\\\/\\\/www.rememberme-forever.com\\\/fr\\\/produit\\\/vase-de-cimetiere-robuste-et-personnalisable-resistant-aux-intemperies-ideal-pour-les-fleurs\\\/\",\"url\":\"https:\\\/\\\/www.rememberme-forever.com\\\/fr\\\/produit\\\/vase-de-cimetiere-robuste-et-personnalisable-resistant-aux-intemperies-ideal-pour-les-fleurs\\\/\",\"name\":\"Vase de cimeti\u00e8re robuste et personnalisable - r\u00e9sistant aux intemp\u00e9ries, id\u00e9al pour les fleurs - Remember Forever\",\"isPartOf\":{\"@id\":\"https:\\\/\\\/www.rememberme-forever.com\\\/fr\\\/#website\"},\"primaryImageOfPage\":{\"@id\":\"https:\\\/\\\/www.rememberme-forever.com\\\/fr\\\/produit\\\/vase-de-cimetiere-robuste-et-personnalisable-resistant-aux-intemperies-ideal-pour-les-fleurs\\\/#primaryimage\"},\"image\":{\"@id\":\"https:\\\/\\\/www.rememberme-forever.com\\\/fr\\\/produit\\\/vase-de-cimetiere-robuste-et-personnalisable-resistant-aux-intemperies-ideal-pour-les-fleurs\\\/#primaryimage\"},\"thumbnailUrl\":\"https:\\\/\\\/www.rememberme-forever.com\\\/wp-content\\\/uploads\\\/2025\\\/10\\\/en-flowers-2.png\",\"datePublished\":\"2025-10-30T08:41:28+00:00\",\"dateModified\":\"2025-10-30T13:23:16+00:00\",\"breadcrumb\":{\"@id\":\"https:\\\/\\\/www.rememberme-forever.com\\\/fr\\\/produit\\\/vase-de-cimetiere-robuste-et-personnalisable-resistant-aux-intemperies-ideal-pour-les-fleurs\\\/#breadcrumb\"},\"inLanguage\":\"fr-FR\",\"potentialAction\":[{\"@type\":\"ReadAction\",\"target\":[\"https:\\\/\\\/www.rememberme-forever.com\\\/fr\\\/produit\\\/vase-de-cimetiere-robuste-et-personnalisable-resistant-aux-intemperies-ideal-pour-les-fleurs\\\/\"]}]},{\"@type\":\"ImageObject\",\"inLanguage\":\"fr-FR\",\"@id\":\"https:\\\/\\\/www.rememberme-forever.com\\\/fr\\\/produit\\\/vase-de-cimetiere-robuste-et-personnalisable-resistant-aux-intemperies-ideal-pour-les-fleurs\\\/#primaryimage\",\"url\":\"https:\\\/\\\/www.rememberme-forever.com\\\/wp-content\\\/uploads\\\/2025\\\/10\\\/en-flowers-2.png\",\"contentUrl\":\"https:\\\/\\\/www.rememberme-forever.com\\\/wp-content\\\/uploads\\\/2025\\\/10\\\/en-flowers-2.png\",\"width\":1024,\"height\":1536,\"caption\":\"Vase de cimeti\u00e8re en granit noir avec fleurs artificielles rouges et blanches et plaque \u00ab Souviens-toi \u00e0 jamais \u00bb.\"},{\"@type\":\"BreadcrumbList\",\"@id\":\"https:\\\/\\\/www.rememberme-forever.com\\\/fr\\\/produit\\\/vase-de-cimetiere-robuste-et-personnalisable-resistant-aux-intemperies-ideal-pour-les-fleurs\\\/#breadcrumb\",\"itemListElement\":[{\"@type\":\"ListItem\",\"position\":1,\"name\":\"Home\",\"item\":\"https:\\\/\\\/www.rememberme-forever.com\\\/fr\\\/accueil\\\/\"},{\"@type\":\"ListItem\",\"position\":2,\"name\":\"Boutique\",\"item\":\"https:\\\/\\\/www.rememberme-forever.com\\\/fr\\\/boutique\\\/\"},{\"@type\":\"ListItem\",\"position\":3,\"name\":\"Vase de cimeti\u00e8re robuste et personnalisable &#8211; r\u00e9sistant aux intemp\u00e9ries, id\u00e9al pour les fleurs\"}]},{\"@type\":\"WebSite\",\"@id\":\"https:\\\/\\\/www.rememberme-forever.com\\\/fr\\\/#website\",\"url\":\"https:\\\/\\\/www.rememberme-forever.com\\\/fr\\\/\",\"name\":\"Remember Forever\",\"description\":\"Cremation urns, funeral urns, urns for ashes\",\"publisher\":{\"@id\":\"https:\\\/\\\/www.rememberme-forever.com\\\/fr\\\/#organization\"},\"potentialAction\":[{\"@type\":\"SearchAction\",\"target\":{\"@type\":\"EntryPoint\",\"urlTemplate\":\"https:\\\/\\\/www.rememberme-forever.com\\\/fr\\\/?s={search_term_string}\"},\"query-input\":{\"@type\":\"PropertyValueSpecification\",\"valueRequired\":true,\"valueName\":\"search_term_string\"}}],\"inLanguage\":\"fr-FR\"},{\"@type\":\"Organization\",\"@id\":\"https:\\\/\\\/www.rememberme-forever.com\\\/fr\\\/#organization\",\"name\":\"Remember Forever\",\"url\":\"https:\\\/\\\/www.rememberme-forever.com\\\/fr\\\/\",\"logo\":{\"@type\":\"ImageObject\",\"inLanguage\":\"fr-FR\",\"@id\":\"https:\\\/\\\/www.rememberme-forever.com\\\/fr\\\/#\\\/schema\\\/logo\\\/image\\\/\",\"url\":\"https:\\\/\\\/www.rememberme-forever.com\\\/wp-content\\\/uploads\\\/2023\\\/02\\\/logo.png\",\"contentUrl\":\"https:\\\/\\\/www.rememberme-forever.com\\\/wp-content\\\/uploads\\\/2023\\\/02\\\/logo.png\",\"width\":300,\"height\":56,\"caption\":\"Remember Forever\"},\"image\":{\"@id\":\"https:\\\/\\\/www.rememberme-forever.com\\\/fr\\\/#\\\/schema\\\/logo\\\/image\\\/\"}}]}<\/script>\n<!-- \/ Yoast SEO plugin. -->","yoast_head_json":{"title":"Vase de cimeti\u00e8re robuste et personnalisable - r\u00e9sistant aux intemp\u00e9ries, id\u00e9al pour les fleurs - Remember Forever","robots":{"index":"index","follow":"follow","max-snippet":"max-snippet:-1","max-image-preview":"max-image-preview:large","max-video-preview":"max-video-preview:-1"},"canonical":"https:\/\/www.rememberme-forever.com\/fr\/produit\/vase-de-cimetiere-robuste-et-personnalisable-resistant-aux-intemperies-ideal-pour-les-fleurs\/","og_locale":"fr_FR","og_type":"article","og_title":"Vase de cimeti\u00e8re robuste et personnalisable - r\u00e9sistant aux intemp\u00e9ries, id\u00e9al pour les fleurs - Remember Forever","og_description":"Seuls le vase et une plaque optionnelle avec votre texte sont inclus dans la vente. Les fleurs pr\u00e9sent\u00e9es sur les photos ne sont pas incluses....","og_url":"https:\/\/www.rememberme-forever.com\/fr\/produit\/vase-de-cimetiere-robuste-et-personnalisable-resistant-aux-intemperies-ideal-pour-les-fleurs\/","og_site_name":"Remember Forever","article_modified_time":"2025-10-30T13:23:16+00:00","og_image":[{"width":1024,"height":1536,"url":"http:\/\/www.rememberme-forever.com\/wp-content\/uploads\/2025\/10\/en-flowers-2.png","type":"image\/png"}],"twitter_card":"summary_large_image","twitter_misc":{"Dur\u00e9e de lecture estim\u00e9e":"2 minutes"},"schema":{"@context":"https:\/\/schema.org","@graph":[{"@type":"WebPage","@id":"https:\/\/www.rememberme-forever.com\/fr\/produit\/vase-de-cimetiere-robuste-et-personnalisable-resistant-aux-intemperies-ideal-pour-les-fleurs\/","url":"https:\/\/www.rememberme-forever.com\/fr\/produit\/vase-de-cimetiere-robuste-et-personnalisable-resistant-aux-intemperies-ideal-pour-les-fleurs\/","name":"Vase de cimeti\u00e8re robuste et personnalisable - r\u00e9sistant aux intemp\u00e9ries, id\u00e9al pour les fleurs - Remember Forever","isPartOf":{"@id":"https:\/\/www.rememberme-forever.com\/fr\/#website"},"primaryImageOfPage":{"@id":"https:\/\/www.rememberme-forever.com\/fr\/produit\/vase-de-cimetiere-robuste-et-personnalisable-resistant-aux-intemperies-ideal-pour-les-fleurs\/#primaryimage"},"image":{"@id":"https:\/\/www.rememberme-forever.com\/fr\/produit\/vase-de-cimetiere-robuste-et-personnalisable-resistant-aux-intemperies-ideal-pour-les-fleurs\/#primaryimage"},"thumbnailUrl":"https:\/\/www.rememberme-forever.com\/wp-content\/uploads\/2025\/10\/en-flowers-2.png","datePublished":"2025-10-30T08:41:28+00:00","dateModified":"2025-10-30T13:23:16+00:00","breadcrumb":{"@id":"https:\/\/www.rememberme-forever.com\/fr\/produit\/vase-de-cimetiere-robuste-et-personnalisable-resistant-aux-intemperies-ideal-pour-les-fleurs\/#breadcrumb"},"inLanguage":"fr-FR","potentialAction":[{"@type":"ReadAction","target":["https:\/\/www.rememberme-forever.com\/fr\/produit\/vase-de-cimetiere-robuste-et-personnalisable-resistant-aux-intemperies-ideal-pour-les-fleurs\/"]}]},{"@type":"ImageObject","inLanguage":"fr-FR","@id":"https:\/\/www.rememberme-forever.com\/fr\/produit\/vase-de-cimetiere-robuste-et-personnalisable-resistant-aux-intemperies-ideal-pour-les-fleurs\/#primaryimage","url":"https:\/\/www.rememberme-forever.com\/wp-content\/uploads\/2025\/10\/en-flowers-2.png","contentUrl":"https:\/\/www.rememberme-forever.com\/wp-content\/uploads\/2025\/10\/en-flowers-2.png","width":1024,"height":1536,"caption":"Vase de cimeti\u00e8re en granit noir avec fleurs artificielles rouges et blanches et plaque \u00ab Souviens-toi \u00e0 jamais \u00bb."},{"@type":"BreadcrumbList","@id":"https:\/\/www.rememberme-forever.com\/fr\/produit\/vase-de-cimetiere-robuste-et-personnalisable-resistant-aux-intemperies-ideal-pour-les-fleurs\/#breadcrumb","itemListElement":[{"@type":"ListItem","position":1,"name":"Home","item":"https:\/\/www.rememberme-forever.com\/fr\/accueil\/"},{"@type":"ListItem","position":2,"name":"Boutique","item":"https:\/\/www.rememberme-forever.com\/fr\/boutique\/"},{"@type":"ListItem","position":3,"name":"Vase de cimeti\u00e8re robuste et personnalisable &#8211; r\u00e9sistant aux intemp\u00e9ries, id\u00e9al pour les fleurs"}]},{"@type":"WebSite","@id":"https:\/\/www.rememberme-forever.com\/fr\/#website","url":"https:\/\/www.rememberme-forever.com\/fr\/","name":"Remember Forever","description":"Cremation urns, funeral urns, urns for ashes","publisher":{"@id":"https:\/\/www.rememberme-forever.com\/fr\/#organization"},"potentialAction":[{"@type":"SearchAction","target":{"@type":"EntryPoint","urlTemplate":"https:\/\/www.rememberme-forever.com\/fr\/?s={search_term_string}"},"query-input":{"@type":"PropertyValueSpecification","valueRequired":true,"valueName":"search_term_string"}}],"inLanguage":"fr-FR"},{"@type":"Organization","@id":"https:\/\/www.rememberme-forever.com\/fr\/#organization","name":"Remember Forever","url":"https:\/\/www.rememberme-forever.com\/fr\/","logo":{"@type":"ImageObject","inLanguage":"fr-FR","@id":"https:\/\/www.rememberme-forever.com\/fr\/#\/schema\/logo\/image\/","url":"https:\/\/www.rememberme-forever.com\/wp-content\/uploads\/2023\/02\/logo.png","contentUrl":"https:\/\/www.rememberme-forever.com\/wp-content\/uploads\/2023\/02\/logo.png","width":300,"height":56,"caption":"Remember Forever"},"image":{"@id":"https:\/\/www.rememberme-forever.com\/fr\/#\/schema\/logo\/image\/"}}]}},"acf":[],"_links":{"self":[{"href":"https:\/\/www.rememberme-forever.com\/fr\/wp-json\/wp\/v2\/product\/21858","targetHints":{"allow":["GET"]}}],"collection":[{"href":"https:\/\/www.rememberme-forever.com\/fr\/wp-json\/wp\/v2\/product"}],"about":[{"href":"https:\/\/www.rememberme-forever.com\/fr\/wp-json\/wp\/v2\/types\/product"}],"replies":[{"embeddable":true,"href":"https:\/\/www.rememberme-forever.com\/fr\/wp-json\/wp\/v2\/comments?post=21858"}],"wp:featuredmedia":[{"embeddable":true,"href":"https:\/\/www.rememberme-forever.com\/fr\/wp-json\/wp\/v2\/media\/21791"}],"wp:attachment":[{"href":"https:\/\/www.rememberme-forever.com\/fr\/wp-json\/wp\/v2\/media?parent=21858"}],"wp:term":[{"taxonomy":"product_brand","embeddable":true,"href":"https:\/\/www.rememberme-forever.com\/fr\/wp-json\/wp\/v2\/product_brand?post=21858"},{"taxonomy":"product_cat","embeddable":true,"href":"https:\/\/www.rememberme-forever.com\/fr\/wp-json\/wp\/v2\/product_cat?post=21858"},{"taxonomy":"product_tag","embeddable":true,"href":"https:\/\/www.rememberme-forever.com\/fr\/wp-json\/wp\/v2\/product_tag?post=21858"}],"curies":[{"name":"wp","href":"https:\/\/api.w.org\/{rel}","templated":true}]}}