{"id":21889,"date":"2025-06-26T11:16:12","date_gmt":"2025-06-26T09:16:12","guid":{"rendered":"https:\/\/www.rememberme-forever.com\/product\/urne-funeraire-pour-photographe-urne-funeraire-a-theme-avec-appareil-photo\/"},"modified":"2025-11-03T12:07:28","modified_gmt":"2025-11-03T11:07:28","slug":"urne-funeraire-pour-photographe-urne-funeraire-a-theme-avec-appareil-photo","status":"publish","type":"product","link":"https:\/\/www.rememberme-forever.com\/fr\/produit\/urne-funeraire-pour-photographe-urne-funeraire-a-theme-avec-appareil-photo\/","title":{"rendered":"Urne fun\u00e9raire pour photographe. Urne fun\u00e9raire \u00e0 th\u00e8me avec appareil photo."},"content":{"rendered":"<div style=\"text-align: center;\"><\/div>\n<div style=\"text-align: center;\">\n<p data-start=\"75\" data-end=\"273\"><span style=\"color: #000000;\">Cette urne unique a \u00e9t\u00e9 con\u00e7ue pour les passionn\u00e9s de photographie : artistes capturant des instants fugaces \u00e0 travers l\u2019objectif, amateurs observant le monde \u00e0 travers le viseur de leur appareil.<\/span><\/p>\n<p data-start=\"275\" data-end=\"519\"><span style=\"color: #000000;\">Fabriqu\u00e9e en acier inoxydable massif avec un couvercle en bois, elle allie robustesse et \u00e9l\u00e9gance. La face avant est orn\u00e9e d\u2019un motif grav\u00e9 d\u2019un appareil photo classique, symbolisant un regard empreint de passion, d\u2019attention et de sensibilit\u00e9. <\/span><\/p>\n<p data-start=\"521\" data-end=\"715\"><span style=\"color: #000000;\">L\u2019int\u00e9rieur de l\u2019urne est doubl\u00e9 de feutre pour prot\u00e9ger les cendres et une plaque m\u00e9tallique sur le couvercle permet une personnalisation avec un texte : nom, date, citation ou hommage.<\/span><\/p>\n<p data-start=\"722\" data-end=\"741\">\n<p data-start=\"722\" data-end=\"741\"><strong data-start=\"722\" data-end=\"741\"><span style=\"color: #000000;\">Caract\u00e9ristiques du produit :<\/span><\/strong><\/p>\n<p data-start=\"744\" data-end=\"807\"><span style=\"color: #000000;\">\ud83d\udc49 Mat\u00e9riaux : acier inoxydable (corps) et bois naturel (couvercle)<\/span><\/p>\n<p data-start=\"810\" data-end=\"879\"><span style=\"color: #000000;\">\ud83d\udc49 Motif appareil photo grav\u00e9 : id\u00e9al pour le photographe ou l\u2019amateur de photographie<\/span><\/p>\n<p data-start=\"882\" data-end=\"925\"><span style=\"color: #000000;\">\ud83d\udc49 Plaque personnalis\u00e9e avec votre texte<\/span><\/p>\n<p data-start=\"928\" data-end=\"980\"><span style=\"color: #000000;\">\ud83d\udc49 Int\u00e9rieur rembourr\u00e9 de feutre pour la protection des cendres<\/span><\/p>\n<p data-start=\"983\" data-end=\"1030\"><span style=\"color: #000000;\">\ud83d\udc49 Forme moderne : un \u00e9l\u00e9gant coffret<\/span><\/p>\n<p data-start=\"1037\" data-end=\"1205\" data-is-last-node=\"\" data-is-only-node=\"\">\n<p data-start=\"1037\" data-end=\"1205\" data-is-last-node=\"\" data-is-only-node=\"\"><span style=\"color: #000000;\">Voici une urne fun\u00e9raire \u00e0 la fois belle, moderne et tr\u00e8s personnelle \u2013 l\u2019urne id\u00e9ale pour une personne qui percevait le monde \u00e0 travers des images et a laiss\u00e9 derri\u00e8re elle des souvenirs immortalis\u00e9s en photos.<\/span><\/p>\n<\/div>\n<div style=\"width: 100%; margin-bottom: 40px; height: max-content; padding-bottom: 60%; position: relative;\"><iframe style=\"position: absolute; top: 0; left: 0; width: 100%; height: 100%;\" src=\"https:\/\/rememberme-urns.com\/urn-for-a-photographer\/\" frameborder=\"0\"><\/iframe><\/div>\n<div style=\"color: red; text-align: center; margin-bottom: 25px;\">\n<p>&gt;&gt; Rotation de la photo &#8211; appuyer\/zoomer &lt;&lt;<\/p>\n<\/div>\n<p style=\"text-align: center;\"><strong>\u25ba PERSONNALISATION \u25c4<\/strong><\/p>\n<p style=\"text-align: center;\">\u2714\ufe0f Pour une plaque personnalis\u00e9e, saisissez le texte \u00e0 l&rsquo;endroit pr\u00e9vu ou envoyez-nous un message.<\/p>\n<p style=\"text-align: center;\">\u2714\ufe0f La plaque comm\u00e9morative personnalis\u00e9e doit \u00eatre personnalis\u00e9e lors de la commande. (N&rsquo;h\u00e9sitez pas \u00e0 nous contacter ult\u00e9rieurement si vous oubliez de le faire.)<\/p>\n<p style=\"text-align: center;\"><b>Les limites de texte sont les suivantes :<\/b><\/p>\n<p style=\"text-align: center;\"><span style=\"color: var(--text-color); font-size: 14px;\">Nom(s) jusqu&rsquo;\u00e0 24 caract\u00e8res<\/span><\/p>\n<p style=\"text-align: center;\"><span style=\"color: var(--text-color); font-size: 14px;\">Dates de naissance et de d\u00e9c\u00e8s jusqu&rsquo;\u00e0 24 caract\u00e8res<\/span><\/p>\n<p style=\"text-align: center;\"><span style=\"color: var(--text-color); font-size: 14px;\">Troisi\u00e8me ligne jusqu&rsquo;\u00e0 24 caract\u00e8res<\/span><\/p>\n<p style=\"text-align: center;\"><span style=\"font-size: 14px;\">Quatri\u00e8me ligne jusqu&rsquo;\u00e0 24 caract\u00e8res<\/span><\/p>\n<p style=\"text-align: center;\"><span style=\"font-size: 14px;\">Cinqui\u00e8me ligne : 24 caract\u00e8res maximum<\/span><\/p>\n<div style=\"text-align: center;\"><\/div>\n<p style=\"text-align: center;\">\u2714\ufe0f Veuillez <strong>V\u00c9RIFIER<\/strong> le texte de gravure avant d&rsquo;ajouter le produit \u00e0 votre panier. Nous reproduisons et gravons exactement les informations re\u00e7ues lors de la commande et n&rsquo;y apportons aucune modification.<\/p>\n<p style=\"text-align: center;\">\u2714\ufe0f V\u00e9rifiez l&rsquo;orthographe du texte.<\/p>\n<p style=\"text-align: center;\">\u2714\ufe0f <strong>Ne saisissez<\/strong> pas d&rsquo;informations de gravure si vous achetez l&rsquo;option \u00ab Urne sans plaque \u00bb.<\/p>\n","protected":false},"excerpt":{"rendered":"<p>Cette urne unique a \u00e9t\u00e9 con\u00e7ue pour les passionn\u00e9s de photographie : artistes capturant des instants fugaces \u00e0 travers l\u2019objectif, amateurs observant le monde \u00e0&#8230;<\/p>\n","protected":false},"featured_media":21890,"template":"","meta":{"_acf_changed":false},"product_brand":[],"product_cat":[2419,2424,2427],"product_tag":[3350,2646],"class_list":{"0":"post-21889","1":"product","2":"type-product","3":"status-publish","4":"has-post-thumbnail","6":"product_cat-urnes-a-theme","7":"product_cat-urnes-de-loisirs","8":"product_cat-urnes-de-profession","9":"product_tag-gpsr-metal_wood_cover","10":"product_tag-hurt-en-fr","11":"product_shipping_class-2-4kg-fr","13":"first","14":"instock","15":"taxable","16":"shipping-taxable","17":"purchasable","18":"product-type-simple"},"yoast_head":"<!-- This site is optimized with the Yoast SEO plugin v27.4 - https:\/\/yoast.com\/product\/yoast-seo-wordpress\/ -->\n<title>Urne fun\u00e9raire pour photographe. Urne fun\u00e9raire \u00e0 th\u00e8me avec appareil photo. - Remember Forever<\/title>\n<meta name=\"robots\" content=\"index, follow, max-snippet:-1, max-image-preview:large, max-video-preview:-1\" \/>\n<link rel=\"canonical\" href=\"https:\/\/www.rememberme-forever.com\/fr\/produit\/urne-funeraire-pour-photographe-urne-funeraire-a-theme-avec-appareil-photo\/\" \/>\n<meta property=\"og:locale\" content=\"fr_FR\" \/>\n<meta property=\"og:type\" content=\"article\" \/>\n<meta property=\"og:title\" content=\"Urne fun\u00e9raire pour photographe. Urne fun\u00e9raire \u00e0 th\u00e8me avec appareil photo. - Remember Forever\" \/>\n<meta property=\"og:description\" content=\"Cette urne unique a \u00e9t\u00e9 con\u00e7ue pour les passionn\u00e9s de photographie : artistes capturant des instants fugaces \u00e0 travers l\u2019objectif, amateurs observant le monde \u00e0...\" \/>\n<meta property=\"og:url\" content=\"https:\/\/www.rememberme-forever.com\/fr\/produit\/urne-funeraire-pour-photographe-urne-funeraire-a-theme-avec-appareil-photo\/\" \/>\n<meta property=\"og:site_name\" content=\"Remember Forever\" \/>\n<meta property=\"article:modified_time\" content=\"2025-11-03T11:07:28+00:00\" \/>\n<meta property=\"og:image\" content=\"http:\/\/www.rememberme-forever.com\/wp-content\/uploads\/2025\/06\/urn-with-a-camera_0001.jpg\" \/>\n\t<meta property=\"og:image:width\" content=\"1007\" \/>\n\t<meta property=\"og:image:height\" content=\"1024\" \/>\n\t<meta property=\"og:image:type\" content=\"image\/jpeg\" \/>\n<meta name=\"twitter:card\" content=\"summary_large_image\" \/>\n<meta name=\"twitter:label1\" content=\"Dur\u00e9e de lecture estim\u00e9e\" \/>\n\t<meta name=\"twitter:data1\" content=\"2 minutes\" \/>\n<script type=\"application\/ld+json\" class=\"yoast-schema-graph\">{\"@context\":\"https:\\\/\\\/schema.org\",\"@graph\":[{\"@type\":\"WebPage\",\"@id\":\"https:\\\/\\\/www.rememberme-forever.com\\\/fr\\\/produit\\\/urne-funeraire-pour-photographe-urne-funeraire-a-theme-avec-appareil-photo\\\/\",\"url\":\"https:\\\/\\\/www.rememberme-forever.com\\\/fr\\\/produit\\\/urne-funeraire-pour-photographe-urne-funeraire-a-theme-avec-appareil-photo\\\/\",\"name\":\"Urne fun\u00e9raire pour photographe. Urne fun\u00e9raire \u00e0 th\u00e8me avec appareil photo. - Remember Forever\",\"isPartOf\":{\"@id\":\"https:\\\/\\\/www.rememberme-forever.com\\\/fr\\\/#website\"},\"primaryImageOfPage\":{\"@id\":\"https:\\\/\\\/www.rememberme-forever.com\\\/fr\\\/produit\\\/urne-funeraire-pour-photographe-urne-funeraire-a-theme-avec-appareil-photo\\\/#primaryimage\"},\"image\":{\"@id\":\"https:\\\/\\\/www.rememberme-forever.com\\\/fr\\\/produit\\\/urne-funeraire-pour-photographe-urne-funeraire-a-theme-avec-appareil-photo\\\/#primaryimage\"},\"thumbnailUrl\":\"https:\\\/\\\/www.rememberme-forever.com\\\/wp-content\\\/uploads\\\/2025\\\/06\\\/urn-with-a-camera_0001.jpg\",\"datePublished\":\"2025-06-26T09:16:12+00:00\",\"dateModified\":\"2025-11-03T11:07:28+00:00\",\"breadcrumb\":{\"@id\":\"https:\\\/\\\/www.rememberme-forever.com\\\/fr\\\/produit\\\/urne-funeraire-pour-photographe-urne-funeraire-a-theme-avec-appareil-photo\\\/#breadcrumb\"},\"inLanguage\":\"fr-FR\",\"potentialAction\":[{\"@type\":\"ReadAction\",\"target\":[\"https:\\\/\\\/www.rememberme-forever.com\\\/fr\\\/produit\\\/urne-funeraire-pour-photographe-urne-funeraire-a-theme-avec-appareil-photo\\\/\"]}]},{\"@type\":\"ImageObject\",\"inLanguage\":\"fr-FR\",\"@id\":\"https:\\\/\\\/www.rememberme-forever.com\\\/fr\\\/produit\\\/urne-funeraire-pour-photographe-urne-funeraire-a-theme-avec-appareil-photo\\\/#primaryimage\",\"url\":\"https:\\\/\\\/www.rememberme-forever.com\\\/wp-content\\\/uploads\\\/2025\\\/06\\\/urn-with-a-camera_0001.jpg\",\"contentUrl\":\"https:\\\/\\\/www.rememberme-forever.com\\\/wp-content\\\/uploads\\\/2025\\\/06\\\/urn-with-a-camera_0001.jpg\",\"width\":1007,\"height\":1024,\"caption\":\"Urn for a photographer\"},{\"@type\":\"BreadcrumbList\",\"@id\":\"https:\\\/\\\/www.rememberme-forever.com\\\/fr\\\/produit\\\/urne-funeraire-pour-photographe-urne-funeraire-a-theme-avec-appareil-photo\\\/#breadcrumb\",\"itemListElement\":[{\"@type\":\"ListItem\",\"position\":1,\"name\":\"Home\",\"item\":\"https:\\\/\\\/www.rememberme-forever.com\\\/fr\\\/accueil\\\/\"},{\"@type\":\"ListItem\",\"position\":2,\"name\":\"Boutique\",\"item\":\"https:\\\/\\\/www.rememberme-forever.com\\\/fr\\\/boutique\\\/\"},{\"@type\":\"ListItem\",\"position\":3,\"name\":\"Urne fun\u00e9raire pour photographe. Urne fun\u00e9raire \u00e0 th\u00e8me avec appareil photo.\"}]},{\"@type\":\"WebSite\",\"@id\":\"https:\\\/\\\/www.rememberme-forever.com\\\/fr\\\/#website\",\"url\":\"https:\\\/\\\/www.rememberme-forever.com\\\/fr\\\/\",\"name\":\"Remember Forever\",\"description\":\"Cremation urns, funeral urns, urns for ashes\",\"publisher\":{\"@id\":\"https:\\\/\\\/www.rememberme-forever.com\\\/fr\\\/#organization\"},\"potentialAction\":[{\"@type\":\"SearchAction\",\"target\":{\"@type\":\"EntryPoint\",\"urlTemplate\":\"https:\\\/\\\/www.rememberme-forever.com\\\/fr\\\/?s={search_term_string}\"},\"query-input\":{\"@type\":\"PropertyValueSpecification\",\"valueRequired\":true,\"valueName\":\"search_term_string\"}}],\"inLanguage\":\"fr-FR\"},{\"@type\":\"Organization\",\"@id\":\"https:\\\/\\\/www.rememberme-forever.com\\\/fr\\\/#organization\",\"name\":\"Remember Forever\",\"url\":\"https:\\\/\\\/www.rememberme-forever.com\\\/fr\\\/\",\"logo\":{\"@type\":\"ImageObject\",\"inLanguage\":\"fr-FR\",\"@id\":\"https:\\\/\\\/www.rememberme-forever.com\\\/fr\\\/#\\\/schema\\\/logo\\\/image\\\/\",\"url\":\"https:\\\/\\\/www.rememberme-forever.com\\\/wp-content\\\/uploads\\\/2023\\\/02\\\/logo.png\",\"contentUrl\":\"https:\\\/\\\/www.rememberme-forever.com\\\/wp-content\\\/uploads\\\/2023\\\/02\\\/logo.png\",\"width\":300,\"height\":56,\"caption\":\"Remember Forever\"},\"image\":{\"@id\":\"https:\\\/\\\/www.rememberme-forever.com\\\/fr\\\/#\\\/schema\\\/logo\\\/image\\\/\"}}]}<\/script>\n<!-- \/ Yoast SEO plugin. -->","yoast_head_json":{"title":"Urne fun\u00e9raire pour photographe. Urne fun\u00e9raire \u00e0 th\u00e8me avec appareil photo. - Remember Forever","robots":{"index":"index","follow":"follow","max-snippet":"max-snippet:-1","max-image-preview":"max-image-preview:large","max-video-preview":"max-video-preview:-1"},"canonical":"https:\/\/www.rememberme-forever.com\/fr\/produit\/urne-funeraire-pour-photographe-urne-funeraire-a-theme-avec-appareil-photo\/","og_locale":"fr_FR","og_type":"article","og_title":"Urne fun\u00e9raire pour photographe. Urne fun\u00e9raire \u00e0 th\u00e8me avec appareil photo. - Remember Forever","og_description":"Cette urne unique a \u00e9t\u00e9 con\u00e7ue pour les passionn\u00e9s de photographie : artistes capturant des instants fugaces \u00e0 travers l\u2019objectif, amateurs observant le monde \u00e0...","og_url":"https:\/\/www.rememberme-forever.com\/fr\/produit\/urne-funeraire-pour-photographe-urne-funeraire-a-theme-avec-appareil-photo\/","og_site_name":"Remember Forever","article_modified_time":"2025-11-03T11:07:28+00:00","og_image":[{"width":1007,"height":1024,"url":"http:\/\/www.rememberme-forever.com\/wp-content\/uploads\/2025\/06\/urn-with-a-camera_0001.jpg","type":"image\/jpeg"}],"twitter_card":"summary_large_image","twitter_misc":{"Dur\u00e9e de lecture estim\u00e9e":"2 minutes"},"schema":{"@context":"https:\/\/schema.org","@graph":[{"@type":"WebPage","@id":"https:\/\/www.rememberme-forever.com\/fr\/produit\/urne-funeraire-pour-photographe-urne-funeraire-a-theme-avec-appareil-photo\/","url":"https:\/\/www.rememberme-forever.com\/fr\/produit\/urne-funeraire-pour-photographe-urne-funeraire-a-theme-avec-appareil-photo\/","name":"Urne fun\u00e9raire pour photographe. Urne fun\u00e9raire \u00e0 th\u00e8me avec appareil photo. - Remember Forever","isPartOf":{"@id":"https:\/\/www.rememberme-forever.com\/fr\/#website"},"primaryImageOfPage":{"@id":"https:\/\/www.rememberme-forever.com\/fr\/produit\/urne-funeraire-pour-photographe-urne-funeraire-a-theme-avec-appareil-photo\/#primaryimage"},"image":{"@id":"https:\/\/www.rememberme-forever.com\/fr\/produit\/urne-funeraire-pour-photographe-urne-funeraire-a-theme-avec-appareil-photo\/#primaryimage"},"thumbnailUrl":"https:\/\/www.rememberme-forever.com\/wp-content\/uploads\/2025\/06\/urn-with-a-camera_0001.jpg","datePublished":"2025-06-26T09:16:12+00:00","dateModified":"2025-11-03T11:07:28+00:00","breadcrumb":{"@id":"https:\/\/www.rememberme-forever.com\/fr\/produit\/urne-funeraire-pour-photographe-urne-funeraire-a-theme-avec-appareil-photo\/#breadcrumb"},"inLanguage":"fr-FR","potentialAction":[{"@type":"ReadAction","target":["https:\/\/www.rememberme-forever.com\/fr\/produit\/urne-funeraire-pour-photographe-urne-funeraire-a-theme-avec-appareil-photo\/"]}]},{"@type":"ImageObject","inLanguage":"fr-FR","@id":"https:\/\/www.rememberme-forever.com\/fr\/produit\/urne-funeraire-pour-photographe-urne-funeraire-a-theme-avec-appareil-photo\/#primaryimage","url":"https:\/\/www.rememberme-forever.com\/wp-content\/uploads\/2025\/06\/urn-with-a-camera_0001.jpg","contentUrl":"https:\/\/www.rememberme-forever.com\/wp-content\/uploads\/2025\/06\/urn-with-a-camera_0001.jpg","width":1007,"height":1024,"caption":"Urn for a photographer"},{"@type":"BreadcrumbList","@id":"https:\/\/www.rememberme-forever.com\/fr\/produit\/urne-funeraire-pour-photographe-urne-funeraire-a-theme-avec-appareil-photo\/#breadcrumb","itemListElement":[{"@type":"ListItem","position":1,"name":"Home","item":"https:\/\/www.rememberme-forever.com\/fr\/accueil\/"},{"@type":"ListItem","position":2,"name":"Boutique","item":"https:\/\/www.rememberme-forever.com\/fr\/boutique\/"},{"@type":"ListItem","position":3,"name":"Urne fun\u00e9raire pour photographe. Urne fun\u00e9raire \u00e0 th\u00e8me avec appareil photo."}]},{"@type":"WebSite","@id":"https:\/\/www.rememberme-forever.com\/fr\/#website","url":"https:\/\/www.rememberme-forever.com\/fr\/","name":"Remember Forever","description":"Cremation urns, funeral urns, urns for ashes","publisher":{"@id":"https:\/\/www.rememberme-forever.com\/fr\/#organization"},"potentialAction":[{"@type":"SearchAction","target":{"@type":"EntryPoint","urlTemplate":"https:\/\/www.rememberme-forever.com\/fr\/?s={search_term_string}"},"query-input":{"@type":"PropertyValueSpecification","valueRequired":true,"valueName":"search_term_string"}}],"inLanguage":"fr-FR"},{"@type":"Organization","@id":"https:\/\/www.rememberme-forever.com\/fr\/#organization","name":"Remember Forever","url":"https:\/\/www.rememberme-forever.com\/fr\/","logo":{"@type":"ImageObject","inLanguage":"fr-FR","@id":"https:\/\/www.rememberme-forever.com\/fr\/#\/schema\/logo\/image\/","url":"https:\/\/www.rememberme-forever.com\/wp-content\/uploads\/2023\/02\/logo.png","contentUrl":"https:\/\/www.rememberme-forever.com\/wp-content\/uploads\/2023\/02\/logo.png","width":300,"height":56,"caption":"Remember Forever"},"image":{"@id":"https:\/\/www.rememberme-forever.com\/fr\/#\/schema\/logo\/image\/"}}]}},"acf":[],"_links":{"self":[{"href":"https:\/\/www.rememberme-forever.com\/fr\/wp-json\/wp\/v2\/product\/21889","targetHints":{"allow":["GET"]}}],"collection":[{"href":"https:\/\/www.rememberme-forever.com\/fr\/wp-json\/wp\/v2\/product"}],"about":[{"href":"https:\/\/www.rememberme-forever.com\/fr\/wp-json\/wp\/v2\/types\/product"}],"wp:featuredmedia":[{"embeddable":true,"href":"https:\/\/www.rememberme-forever.com\/fr\/wp-json\/wp\/v2\/media\/21890"}],"wp:attachment":[{"href":"https:\/\/www.rememberme-forever.com\/fr\/wp-json\/wp\/v2\/media?parent=21889"}],"wp:term":[{"taxonomy":"product_brand","embeddable":true,"href":"https:\/\/www.rememberme-forever.com\/fr\/wp-json\/wp\/v2\/product_brand?post=21889"},{"taxonomy":"product_cat","embeddable":true,"href":"https:\/\/www.rememberme-forever.com\/fr\/wp-json\/wp\/v2\/product_cat?post=21889"},{"taxonomy":"product_tag","embeddable":true,"href":"https:\/\/www.rememberme-forever.com\/fr\/wp-json\/wp\/v2\/product_tag?post=21889"}],"curies":[{"name":"wp","href":"https:\/\/api.w.org\/{rel}","templated":true}]}}