{"id":22373,"date":"2023-04-20T12:32:27","date_gmt":"2023-04-20T10:32:27","guid":{"rendered":"https:\/\/www.rememberme-forever.com\/product\/urne-funeraire-pour-chien-toutes-races\/"},"modified":"2025-11-21T12:58:17","modified_gmt":"2025-11-21T11:58:17","slug":"urne-funeraire-pour-chien-toutes-races","status":"publish","type":"product","link":"https:\/\/www.rememberme-forever.com\/fr\/produit\/urne-funeraire-pour-chien-toutes-races\/","title":{"rendered":"Urne fun\u00e9raire pour chien &#8211; toutes races"},"content":{"rendered":"<h2 style=\"text-align: center;\">Urne fun\u00e9raire pour chien &#8211; toutes races<\/h2>\n<p style=\"text-align: center;\">Cette magnifique urne fun\u00e9raire est une fa\u00e7on unique et \u00e9l\u00e9gante d&rsquo;honorer la m\u00e9moire de votre fid\u00e8le compagnon. Fabriqu\u00e9e en bois de haute qualit\u00e9, elle est surmont\u00e9e d&rsquo;une statuette r\u00e9aliste de la race de votre choix, cr\u00e9ant ainsi un hommage durable \u00e0 votre animal.<\/p>\n<p style=\"text-align: center;\">Con\u00e7ue avec le plus grand soin, cette urne offre un lieu de repos paisible et respectueux pour les cendres de votre chien. L&rsquo;ouverture \u00e0 la base permet de contenir les cendres en toute s\u00e9curit\u00e9, tandis que le grain naturel du bois conf\u00e8re \u00e0 chaque urne un caract\u00e8re unique.<\/p>\n<p><iframe loading=\"lazy\" title=\"Cremation urn for dog ashes\" width=\"640\" height=\"360\" src=\"https:\/\/www.youtube.com\/embed\/DlRkyzOp-zw?feature=oembed\" frameborder=\"0\" allow=\"accelerometer; autoplay; clipboard-write; encrypted-media; gyroscope; picture-in-picture; web-share\" referrerpolicy=\"strict-origin-when-cross-origin\" allowfullscreen><\/iframe><\/p>\n<p style=\"text-align: center;\">Nos urnes fun\u00e9raires sont disponibles pour toutes les races, vous permettant ainsi de trouver celle qui convient parfaitement \u00e0 votre animal. Si vous ne trouvez pas la race recherch\u00e9e, n&rsquo;h\u00e9sitez pas \u00e0 nous contacter : nos artisans qualifi\u00e9s se feront un plaisir de cr\u00e9er une urne personnalis\u00e9e pour vous.<\/p>\n<p style=\"text-align: center;\">Cette urne fun\u00e9raire est bien plus qu&rsquo;un simple lieu de repos pour les cendres de votre chien. C&rsquo;est un hommage touchant \u00e0 un membre cher de votre famille, un symbole de la joie et de la complicit\u00e9 qu&rsquo;il a apport\u00e9es \u00e0 votre vie. Expos\u00e9 chez vous, il vous rappellera avec tendresse les moments heureux partag\u00e9s.<\/p>\n<p>&nbsp;<\/p>\n<p style=\"text-align: center;\">La statue du chien est en bronze coul\u00e9 \u00e0 froid ; l&rsquo;urne fun\u00e9raire est en bois de bouleau.<\/p>\n<p style=\"text-align: center;\">Urne artisanale, fabriqu\u00e9e par des artisans qualifi\u00e9s. Disponible avec une large gamme de statues de toutes races.<\/p>\n<p style=\"text-align: center;\">Nos urnes \u00e9tant r\u00e9alis\u00e9es \u00e0 la main, la teinte peut varier l\u00e9g\u00e8rement.<\/p>\n<p style=\"text-align: center;\"><strong><em>Veuillez noter que cette urne est fabriqu\u00e9e sur commande. Comptez environ 4 \u00e0 8 jours ouvrables pour l&rsquo;exp\u00e9dition. <\/em><\/strong><\/p>\n<p>&nbsp;<\/p>\n<h3 style=\"text-align: center;\">Urnes fun\u00e9raires pour chiens par race :<\/h3>\n<p style=\"text-align: center;\">01. L\u00e9vrier afghan couch\u00e9<\/p>\n<p style=\"text-align: center;\">02. American Staffordshire Terrier (queue coup\u00e9e)<\/p>\n<p style=\"text-align: center;\">03. American Staffordshire Terrier mama<\/p>\n<p style=\"text-align: center;\">04. American Staffordshire Terrier (queue non coup\u00e9e)<\/p>\n<p style=\"text-align: center;\">05. Bichon<\/p>\n<p style=\"text-align: center;\">06. Black Russian Terrier<\/p>\n<p style=\"text-align: center;\">08. Barzo\u00ef<\/p>\n<p style=\"text-align: center;\">09. Barzo\u00ef couch\u00e9<\/p>\n<p style=\"text-align: center;\">10. Boxer (queue coup\u00e9e)<\/p>\n<p style=\"text-align: center;\">11. Boxer (m\u00e2le)<\/p>\n<p style=\"text-align: center;\">12. Boxer (queue non coup\u00e9e)<\/p>\n<p style=\"text-align: center;\">13. Bull Terrier<\/p>\n<p style=\"text-align: center;\">14. Bull Terrier lying<\/p>\n<p style=\"text-align: center;\">15. Bull Terrier couch\u00e9, heureux<\/p>\n<p style=\"text-align: center;\">16. Bull Terrier (maman)<\/p>\n<p style=\"text-align: center;\">17. Bull Terrier assis<\/p>\n<p style=\"text-align: center;\">18. Bouledogue<\/p>\n<p style=\"text-align: center;\">19. Bouledogue (maman)<\/p>\n<p style=\"text-align: center;\">20. Bouledogue assis<\/p>\n<p style=\"text-align: center;\">21. Bullmastiff<\/p>\n<p style=\"text-align: center;\">22. Terrier tch\u00e8que<\/p>\n<p style=\"text-align: center;\">23. Teckel \u00e0 poil dur<\/p>\n<p style=\"text-align: center;\">24. Doberman (coupe des cheveux)<\/p>\n<p style=\"text-align: center;\">25. Doberman (cheveux non coup\u00e9s)<\/p>\n<p style=\"text-align: center;\">26. Cocker anglais<\/p>\n<p style=\"text-align: center;\">27. Staffordshire Terrier anglais<\/p>\n<p style=\"text-align: center;\">28. Maman Staffordshire Terrier anglais<\/p>\n<p style=\"text-align: center;\">29. Bouledogue fran\u00e7ais<\/p>\n<p style=\"text-align: center;\">30. Maman Bouledogue fran\u00e7ais<\/p>\n<p style=\"text-align: center;\">31. Bouledogue fran\u00e7ais assis<\/p>\n<p style=\"text-align: center;\">32. Berger allemand<\/p>\n<p style=\"text-align: center;\">33. Dogue allemand (coupe courte)<\/p>\n<p style=\"text-align: center;\">34. L\u00e9vrier irlandais<\/p>\n<p style=\"text-align: center;\">35. Labrador Retriever<\/p>\n<p style=\"text-align: center;\">36. Lhassa Apso<\/p>\n<p style=\"text-align: center;\">37. Maltais<\/p>\n<p style=\"text-align: center;\">38. Terre-Neuve<\/p>\n<p style=\"text-align: center;\">39. Terrier de Norfolk<\/p>\n<p style=\"text-align: center;\">40. Terrier de Norwich<\/p>\n<p style=\"text-align: center;\">41. P\u00e9kinois<\/p>\n<p style=\"text-align: center;\">42. Berger polonais des plaines<\/p>\n<p style=\"text-align: center;\">43. Carlin<\/p>\n<p style=\"text-align: center;\">44. Rottweiler<\/p>\n<p style=\"text-align: center;\">45. Maman Rottweiler<\/p>\n<p style=\"text-align: center;\">46. Schnauzer (queue coup\u00e9e)<\/p>\n<p style=\"text-align: center;\">47. Schnauzer (queue non coup\u00e9e)<\/p>\n<p style=\"text-align: center;\">48. Scottish Terrier<\/p>\n<p style=\"text-align: center;\">49. Setter lying<\/p>\n<p style=\"text-align: center;\">50. Shih-Tzu<\/p>\n<p style=\"text-align: center;\">51. Staffordshire Bull Terrier<\/p>\n<p style=\"text-align: center;\">52. Braque de Weimar<\/p>\n<p style=\"text-align: center;\">53. West Highland White Terrier Terrier<\/p>\n<p style=\"text-align: center;\">54. Yorkshire Terrier 54. Yorkshire Terrier<\/p>\n<p style=\"text-align: center;\">55. Mastino Napolitain<\/p>\n<p style=\"text-align: center;\">56. Dogue allemand (queue non coup\u00e9e)<\/p>\n<p style=\"text-align: center;\">57. Chihuahua (queue non coup\u00e9e)<\/p>\n<p style=\"text-align: center;\">58. Staffordshire Bull Terrier (m\u00e8re)<\/p>\n<p style=\"text-align: center;\">59. Chat \u00e9gyptien<\/p>\n<p style=\"text-align: center;\">60. Whippets<\/p>\n<p style=\"text-align: center;\">61. Boxer assis<\/p>\n<p style=\"text-align: center;\">62. Barzo\u00ef debout<\/p>\n<p style=\"text-align: center;\">63. Rottweiler (queue coup\u00e9e)<\/p>\n<p style=\"text-align: center;\">64. Chat persan<\/p>\n<p style=\"text-align: center;\">65. Pitbull<\/p>\n<p style=\"text-align: center;\">66. Bouledogue anglais (nouveau)<\/p>\n<p style=\"text-align: center;\">67. Springer spaniel anglais<\/p>\n","protected":false},"excerpt":{"rendered":"<p><em><strong>Urne fun\u00e9raire pour chien, \u00e0 l&rsquo;effigie d&rsquo;un animal de compagnie d&rsquo;une race choisie.<\/strong><\/em><\/p>\n","protected":false},"featured_media":22367,"template":"","meta":{"_acf_changed":false},"product_brand":[1991],"product_cat":[2417],"product_tag":[3358],"class_list":{"0":"post-22373","1":"product","2":"type-product","3":"status-publish","4":"has-post-thumbnail","6":"product_brand-remember-forever","7":"product_cat-urnes-funeraires-pour-animaux-de-compagnie","8":"product_tag-gpsr-pet-urns","9":"product_shipping_class-4-5-kg","11":"first","12":"instock","13":"taxable","14":"shipping-taxable","15":"purchasable","16":"product-type-variable"},"yoast_head":"<!-- This site is optimized with the Yoast SEO plugin v27.4 - https:\/\/yoast.com\/product\/yoast-seo-wordpress\/ -->\n<title>Urne fun\u00e9raire pour chien - toutes races<\/title>\n<meta name=\"description\" content=\"Cette magnifique urne fun\u00e9raire pour chien est une fa\u00e7on unique et touchante d&#039;honorer la m\u00e9moire de votre compagnon bien-aim\u00e9. Fabriqu\u00e9e en bois de haute qualit\u00e9.\" \/>\n<meta name=\"robots\" content=\"index, follow, max-snippet:-1, max-image-preview:large, max-video-preview:-1\" \/>\n<link rel=\"canonical\" href=\"https:\/\/www.rememberme-forever.com\/fr\/produit\/urne-funeraire-pour-chien-toutes-races\/\" \/>\n<meta property=\"og:locale\" content=\"fr_FR\" \/>\n<meta property=\"og:type\" content=\"article\" \/>\n<meta property=\"og:title\" content=\"Urne fun\u00e9raire pour chien - toutes races\" \/>\n<meta property=\"og:description\" content=\"Cette magnifique urne fun\u00e9raire pour chien est une fa\u00e7on unique et touchante d&#039;honorer la m\u00e9moire de votre compagnon bien-aim\u00e9. Fabriqu\u00e9e en bois de haute qualit\u00e9.\" \/>\n<meta property=\"og:url\" content=\"https:\/\/www.rememberme-forever.com\/fr\/produit\/urne-funeraire-pour-chien-toutes-races\/\" \/>\n<meta property=\"og:site_name\" content=\"Remember Forever\" \/>\n<meta property=\"article:modified_time\" content=\"2025-11-21T11:58:17+00:00\" \/>\n<meta property=\"og:image\" content=\"http:\/\/www.rememberme-forever.com\/wp-content\/uploads\/2023\/04\/dog-cremation-urn.jpg\" \/>\n\t<meta property=\"og:image:width\" content=\"769\" \/>\n\t<meta property=\"og:image:height\" content=\"768\" \/>\n\t<meta property=\"og:image:type\" content=\"image\/jpeg\" \/>\n<meta name=\"twitter:card\" content=\"summary_large_image\" \/>\n<meta name=\"twitter:label1\" content=\"Dur\u00e9e de lecture estim\u00e9e\" \/>\n\t<meta name=\"twitter:data1\" content=\"3 minutes\" \/>\n<script type=\"application\/ld+json\" class=\"yoast-schema-graph\">{\"@context\":\"https:\\\/\\\/schema.org\",\"@graph\":[{\"@type\":\"WebPage\",\"@id\":\"https:\\\/\\\/www.rememberme-forever.com\\\/fr\\\/produit\\\/urne-funeraire-pour-chien-toutes-races\\\/\",\"url\":\"https:\\\/\\\/www.rememberme-forever.com\\\/fr\\\/produit\\\/urne-funeraire-pour-chien-toutes-races\\\/\",\"name\":\"Urne fun\u00e9raire pour chien - toutes races\",\"isPartOf\":{\"@id\":\"https:\\\/\\\/www.rememberme-forever.com\\\/fr\\\/#website\"},\"primaryImageOfPage\":{\"@id\":\"https:\\\/\\\/www.rememberme-forever.com\\\/fr\\\/produit\\\/urne-funeraire-pour-chien-toutes-races\\\/#primaryimage\"},\"image\":{\"@id\":\"https:\\\/\\\/www.rememberme-forever.com\\\/fr\\\/produit\\\/urne-funeraire-pour-chien-toutes-races\\\/#primaryimage\"},\"thumbnailUrl\":\"https:\\\/\\\/www.rememberme-forever.com\\\/wp-content\\\/uploads\\\/2023\\\/04\\\/dog-cremation-urn.jpg\",\"datePublished\":\"2023-04-20T10:32:27+00:00\",\"dateModified\":\"2025-11-21T11:58:17+00:00\",\"description\":\"Cette magnifique urne fun\u00e9raire pour chien est une fa\u00e7on unique et touchante d'honorer la m\u00e9moire de votre compagnon bien-aim\u00e9. Fabriqu\u00e9e en bois de haute qualit\u00e9.\",\"breadcrumb\":{\"@id\":\"https:\\\/\\\/www.rememberme-forever.com\\\/fr\\\/produit\\\/urne-funeraire-pour-chien-toutes-races\\\/#breadcrumb\"},\"inLanguage\":\"fr-FR\",\"potentialAction\":[{\"@type\":\"ReadAction\",\"target\":[\"https:\\\/\\\/www.rememberme-forever.com\\\/fr\\\/produit\\\/urne-funeraire-pour-chien-toutes-races\\\/\"]}]},{\"@type\":\"ImageObject\",\"inLanguage\":\"fr-FR\",\"@id\":\"https:\\\/\\\/www.rememberme-forever.com\\\/fr\\\/produit\\\/urne-funeraire-pour-chien-toutes-races\\\/#primaryimage\",\"url\":\"https:\\\/\\\/www.rememberme-forever.com\\\/wp-content\\\/uploads\\\/2023\\\/04\\\/dog-cremation-urn.jpg\",\"contentUrl\":\"https:\\\/\\\/www.rememberme-forever.com\\\/wp-content\\\/uploads\\\/2023\\\/04\\\/dog-cremation-urn.jpg\",\"width\":769,\"height\":768,\"caption\":\"Urne fun\u00e9raire pour chien\"},{\"@type\":\"BreadcrumbList\",\"@id\":\"https:\\\/\\\/www.rememberme-forever.com\\\/fr\\\/produit\\\/urne-funeraire-pour-chien-toutes-races\\\/#breadcrumb\",\"itemListElement\":[{\"@type\":\"ListItem\",\"position\":1,\"name\":\"Home\",\"item\":\"https:\\\/\\\/www.rememberme-forever.com\\\/fr\\\/accueil\\\/\"},{\"@type\":\"ListItem\",\"position\":2,\"name\":\"Boutique\",\"item\":\"https:\\\/\\\/www.rememberme-forever.com\\\/fr\\\/boutique\\\/\"},{\"@type\":\"ListItem\",\"position\":3,\"name\":\"Urne fun\u00e9raire pour chien &#8211; toutes races\"}]},{\"@type\":\"WebSite\",\"@id\":\"https:\\\/\\\/www.rememberme-forever.com\\\/fr\\\/#website\",\"url\":\"https:\\\/\\\/www.rememberme-forever.com\\\/fr\\\/\",\"name\":\"Remember Forever\",\"description\":\"Cremation urns, funeral urns, urns for ashes\",\"publisher\":{\"@id\":\"https:\\\/\\\/www.rememberme-forever.com\\\/fr\\\/#organization\"},\"potentialAction\":[{\"@type\":\"SearchAction\",\"target\":{\"@type\":\"EntryPoint\",\"urlTemplate\":\"https:\\\/\\\/www.rememberme-forever.com\\\/fr\\\/?s={search_term_string}\"},\"query-input\":{\"@type\":\"PropertyValueSpecification\",\"valueRequired\":true,\"valueName\":\"search_term_string\"}}],\"inLanguage\":\"fr-FR\"},{\"@type\":\"Organization\",\"@id\":\"https:\\\/\\\/www.rememberme-forever.com\\\/fr\\\/#organization\",\"name\":\"Remember Forever\",\"url\":\"https:\\\/\\\/www.rememberme-forever.com\\\/fr\\\/\",\"logo\":{\"@type\":\"ImageObject\",\"inLanguage\":\"fr-FR\",\"@id\":\"https:\\\/\\\/www.rememberme-forever.com\\\/fr\\\/#\\\/schema\\\/logo\\\/image\\\/\",\"url\":\"https:\\\/\\\/www.rememberme-forever.com\\\/wp-content\\\/uploads\\\/2023\\\/02\\\/logo.png\",\"contentUrl\":\"https:\\\/\\\/www.rememberme-forever.com\\\/wp-content\\\/uploads\\\/2023\\\/02\\\/logo.png\",\"width\":300,\"height\":56,\"caption\":\"Remember Forever\"},\"image\":{\"@id\":\"https:\\\/\\\/www.rememberme-forever.com\\\/fr\\\/#\\\/schema\\\/logo\\\/image\\\/\"}}]}<\/script>\n<!-- \/ Yoast SEO plugin. -->","yoast_head_json":{"title":"Urne fun\u00e9raire pour chien - toutes races","description":"Cette magnifique urne fun\u00e9raire pour chien est une fa\u00e7on unique et touchante d'honorer la m\u00e9moire de votre compagnon bien-aim\u00e9. Fabriqu\u00e9e en bois de haute qualit\u00e9.","robots":{"index":"index","follow":"follow","max-snippet":"max-snippet:-1","max-image-preview":"max-image-preview:large","max-video-preview":"max-video-preview:-1"},"canonical":"https:\/\/www.rememberme-forever.com\/fr\/produit\/urne-funeraire-pour-chien-toutes-races\/","og_locale":"fr_FR","og_type":"article","og_title":"Urne fun\u00e9raire pour chien - toutes races","og_description":"Cette magnifique urne fun\u00e9raire pour chien est une fa\u00e7on unique et touchante d'honorer la m\u00e9moire de votre compagnon bien-aim\u00e9. Fabriqu\u00e9e en bois de haute qualit\u00e9.","og_url":"https:\/\/www.rememberme-forever.com\/fr\/produit\/urne-funeraire-pour-chien-toutes-races\/","og_site_name":"Remember Forever","article_modified_time":"2025-11-21T11:58:17+00:00","og_image":[{"width":769,"height":768,"url":"http:\/\/www.rememberme-forever.com\/wp-content\/uploads\/2023\/04\/dog-cremation-urn.jpg","type":"image\/jpeg"}],"twitter_card":"summary_large_image","twitter_misc":{"Dur\u00e9e de lecture estim\u00e9e":"3 minutes"},"schema":{"@context":"https:\/\/schema.org","@graph":[{"@type":"WebPage","@id":"https:\/\/www.rememberme-forever.com\/fr\/produit\/urne-funeraire-pour-chien-toutes-races\/","url":"https:\/\/www.rememberme-forever.com\/fr\/produit\/urne-funeraire-pour-chien-toutes-races\/","name":"Urne fun\u00e9raire pour chien - toutes races","isPartOf":{"@id":"https:\/\/www.rememberme-forever.com\/fr\/#website"},"primaryImageOfPage":{"@id":"https:\/\/www.rememberme-forever.com\/fr\/produit\/urne-funeraire-pour-chien-toutes-races\/#primaryimage"},"image":{"@id":"https:\/\/www.rememberme-forever.com\/fr\/produit\/urne-funeraire-pour-chien-toutes-races\/#primaryimage"},"thumbnailUrl":"https:\/\/www.rememberme-forever.com\/wp-content\/uploads\/2023\/04\/dog-cremation-urn.jpg","datePublished":"2023-04-20T10:32:27+00:00","dateModified":"2025-11-21T11:58:17+00:00","description":"Cette magnifique urne fun\u00e9raire pour chien est une fa\u00e7on unique et touchante d'honorer la m\u00e9moire de votre compagnon bien-aim\u00e9. Fabriqu\u00e9e en bois de haute qualit\u00e9.","breadcrumb":{"@id":"https:\/\/www.rememberme-forever.com\/fr\/produit\/urne-funeraire-pour-chien-toutes-races\/#breadcrumb"},"inLanguage":"fr-FR","potentialAction":[{"@type":"ReadAction","target":["https:\/\/www.rememberme-forever.com\/fr\/produit\/urne-funeraire-pour-chien-toutes-races\/"]}]},{"@type":"ImageObject","inLanguage":"fr-FR","@id":"https:\/\/www.rememberme-forever.com\/fr\/produit\/urne-funeraire-pour-chien-toutes-races\/#primaryimage","url":"https:\/\/www.rememberme-forever.com\/wp-content\/uploads\/2023\/04\/dog-cremation-urn.jpg","contentUrl":"https:\/\/www.rememberme-forever.com\/wp-content\/uploads\/2023\/04\/dog-cremation-urn.jpg","width":769,"height":768,"caption":"Urne fun\u00e9raire pour chien"},{"@type":"BreadcrumbList","@id":"https:\/\/www.rememberme-forever.com\/fr\/produit\/urne-funeraire-pour-chien-toutes-races\/#breadcrumb","itemListElement":[{"@type":"ListItem","position":1,"name":"Home","item":"https:\/\/www.rememberme-forever.com\/fr\/accueil\/"},{"@type":"ListItem","position":2,"name":"Boutique","item":"https:\/\/www.rememberme-forever.com\/fr\/boutique\/"},{"@type":"ListItem","position":3,"name":"Urne fun\u00e9raire pour chien &#8211; toutes races"}]},{"@type":"WebSite","@id":"https:\/\/www.rememberme-forever.com\/fr\/#website","url":"https:\/\/www.rememberme-forever.com\/fr\/","name":"Remember Forever","description":"Cremation urns, funeral urns, urns for ashes","publisher":{"@id":"https:\/\/www.rememberme-forever.com\/fr\/#organization"},"potentialAction":[{"@type":"SearchAction","target":{"@type":"EntryPoint","urlTemplate":"https:\/\/www.rememberme-forever.com\/fr\/?s={search_term_string}"},"query-input":{"@type":"PropertyValueSpecification","valueRequired":true,"valueName":"search_term_string"}}],"inLanguage":"fr-FR"},{"@type":"Organization","@id":"https:\/\/www.rememberme-forever.com\/fr\/#organization","name":"Remember Forever","url":"https:\/\/www.rememberme-forever.com\/fr\/","logo":{"@type":"ImageObject","inLanguage":"fr-FR","@id":"https:\/\/www.rememberme-forever.com\/fr\/#\/schema\/logo\/image\/","url":"https:\/\/www.rememberme-forever.com\/wp-content\/uploads\/2023\/02\/logo.png","contentUrl":"https:\/\/www.rememberme-forever.com\/wp-content\/uploads\/2023\/02\/logo.png","width":300,"height":56,"caption":"Remember Forever"},"image":{"@id":"https:\/\/www.rememberme-forever.com\/fr\/#\/schema\/logo\/image\/"}}]}},"acf":[],"_links":{"self":[{"href":"https:\/\/www.rememberme-forever.com\/fr\/wp-json\/wp\/v2\/product\/22373","targetHints":{"allow":["GET"]}}],"collection":[{"href":"https:\/\/www.rememberme-forever.com\/fr\/wp-json\/wp\/v2\/product"}],"about":[{"href":"https:\/\/www.rememberme-forever.com\/fr\/wp-json\/wp\/v2\/types\/product"}],"wp:featuredmedia":[{"embeddable":true,"href":"https:\/\/www.rememberme-forever.com\/fr\/wp-json\/wp\/v2\/media\/22367"}],"wp:attachment":[{"href":"https:\/\/www.rememberme-forever.com\/fr\/wp-json\/wp\/v2\/media?parent=22373"}],"wp:term":[{"taxonomy":"product_brand","embeddable":true,"href":"https:\/\/www.rememberme-forever.com\/fr\/wp-json\/wp\/v2\/product_brand?post=22373"},{"taxonomy":"product_cat","embeddable":true,"href":"https:\/\/www.rememberme-forever.com\/fr\/wp-json\/wp\/v2\/product_cat?post=22373"},{"taxonomy":"product_tag","embeddable":true,"href":"https:\/\/www.rememberme-forever.com\/fr\/wp-json\/wp\/v2\/product_tag?post=22373"}],"curies":[{"name":"wp","href":"https:\/\/api.w.org\/{rel}","templated":true}]}}