{"id":22954,"date":"2023-04-05T10:50:01","date_gmt":"2023-04-05T08:50:01","guid":{"rendered":"https:\/\/www.rememberme-forever.com\/product\/urne-funeraire-spherique-unique-ornee-detoiles-noires-contenant-des-cendres\/"},"modified":"2025-11-26T10:07:17","modified_gmt":"2025-11-26T09:07:17","slug":"urne-funeraire-spherique-unique-ornee-detoiles-noires-contenant-des-cendres","status":"publish","type":"product","link":"https:\/\/www.rememberme-forever.com\/fr\/produit\/urne-funeraire-spherique-unique-ornee-detoiles-noires-contenant-des-cendres\/","title":{"rendered":"Urne fun\u00e9raire sph\u00e9rique unique orn\u00e9e d&rsquo;\u00e9toiles noires, contenant des cendres."},"content":{"rendered":"<h2 style=\"text-align: center;\">Urne fun\u00e9raire orn\u00e9e d&rsquo;\u00e9toiles noires<\/h2>\n<p style=\"text-align: center;\">D\u00e9couvrez notre urne fun\u00e9raire unique orn\u00e9e d&rsquo;\u00e9toiles noires : un hommage exceptionnel \u00e0 votre \u00eatre cher. Cette urne sph\u00e9rique est une v\u00e9ritable \u0153uvre d&rsquo;art, peinte \u00e0 la main et par\u00e9e d&rsquo;\u00e9toiles noires \u00e9voquant un ciel \u00e9toil\u00e9.<\/p>\n<p style=\"text-align: center;\">Fabriqu\u00e9e \u00e0 partir de mat\u00e9riaux de haute qualit\u00e9, notamment une sph\u00e8re en acier inoxydable, cette urne est con\u00e7ue pour prot\u00e9ger et conserver les cendres de votre \u00eatre cher pendant de nombreuses ann\u00e9es. Son design \u00e9l\u00e9gant et moderne allie beaut\u00e9 et fonctionnalit\u00e9, et s&rsquo;int\u00e8gre parfaitement \u00e0 tous les int\u00e9rieurs.<\/p>\n<p style=\"text-align: center;\">Mais ce qui distingue v\u00e9ritablement cette urne, c&rsquo;est le soin apport\u00e9 aux d\u00e9tails et le savoir-faire artisanal qui ont pr\u00e9sid\u00e9 \u00e0 sa cr\u00e9ation. Chaque urne est peinte \u00e0 la main avec minutie. Pour la rendre encore plus sp\u00e9ciale, nous vous proposons d&rsquo;ajouter une plaque comm\u00e9morative personnalis\u00e9e avec le nom et les dates de votre \u00eatre cher.<\/p>\n<p style=\"text-align: center;\">Qu\u2019elle soit expos\u00e9e en \u00e9vidence dans votre maison ou rang\u00e9e dans un endroit sp\u00e9cial, cette urne fun\u00e9raire sera assur\u00e9ment un pr\u00e9cieux souvenir de la vie et de l\u2019amour partag\u00e9s avec votre \u00eatre cher.<\/p>\n<p>&nbsp;<\/p>\n<p style=\"text-align: center;\"><em><strong>Ce produit est peint \u00e0 la main ; son aspect peut donc l\u00e9g\u00e8rement diff\u00e9rer.<\/strong><\/em><\/p>\n<p>&nbsp;<\/p>\n<p style=\"text-align: center;\"><strong>Insert en acier inoxydable :<\/strong><\/p>\n<p><img loading=\"lazy\" decoding=\"async\" class=\" wp-image-1080 aligncenter\" src=\"http:\/\/www.rememberme-forever.com\/wp-content\/uploads\/2023\/04\/planet-urn-inside-stainless-steel-insert-300x300.jpg\" alt=\"Urne plan\u00e8te \u00e0 l'int\u00e9rieur d'un insert en acier inoxydable\" width=\"218\" height=\"218\" srcset=\"https:\/\/www.rememberme-forever.com\/wp-content\/uploads\/2023\/04\/planet-urn-inside-stainless-steel-insert-300x300.jpg 300w, https:\/\/www.rememberme-forever.com\/wp-content\/uploads\/2023\/04\/planet-urn-inside-stainless-steel-insert-150x150.jpg 150w, https:\/\/www.rememberme-forever.com\/wp-content\/uploads\/2023\/04\/planet-urn-inside-stainless-steel-insert-600x600.jpg 600w, https:\/\/www.rememberme-forever.com\/wp-content\/uploads\/2023\/04\/planet-urn-inside-stainless-steel-insert-100x100.jpg 100w, https:\/\/www.rememberme-forever.com\/wp-content\/uploads\/2023\/04\/planet-urn-inside-stainless-steel-insert-64x64.jpg 64w, https:\/\/www.rememberme-forever.com\/wp-content\/uploads\/2023\/04\/planet-urn-inside-stainless-steel-insert.jpg 768w\" sizes=\"auto, (max-width: 218px) 100vw, 218px\" \/><\/p>\n<p>&nbsp;<\/p>\n<h3 style=\"text-align: center;\"><strong>PERSONNALISATION<\/strong><\/h3>\n<p style=\"text-align: center;\">La plaque comm\u00e9morative personnalis\u00e9e doit \u00eatre personnalis\u00e9e lors de votre commande. (Pas de panique si vous la manquez ; vous pouvez toujours nous contacter ult\u00e9rieurement.)<\/p>\n<p style=\"text-align: center;\">Veuillez examiner attentivement le texte \u00e0 graver avant d&rsquo;ajouter l&rsquo;article au panier. Nous reproduisons et gravons les informations exactes re\u00e7ues lors de la commande et n&rsquo;y apportons aucune modification.<\/p>\n<p style=\"text-align: center;\"><strong>Veuillez revoir le texte pour vous assurer que toutes les orthographes sont correctes.<\/strong><\/p>\n<p><img loading=\"lazy\" decoding=\"async\" class=\" wp-image-1449 aligncenter\" src=\"http:\/\/www.rememberme-forever.com\/wp-content\/uploads\/2023\/04\/memorial-plaque-cremation-urn-silver-300x153.jpg\" alt=\"Plaque comm\u00e9morative pour urne fun\u00e9raire en argent\" width=\"194\" height=\"99\" srcset=\"https:\/\/www.rememberme-forever.com\/wp-content\/uploads\/2023\/04\/memorial-plaque-cremation-urn-silver-300x153.jpg 300w, https:\/\/www.rememberme-forever.com\/wp-content\/uploads\/2023\/04\/memorial-plaque-cremation-urn-silver-64x33.jpg 64w, https:\/\/www.rememberme-forever.com\/wp-content\/uploads\/2023\/04\/memorial-plaque-cremation-urn-silver.jpg 448w\" sizes=\"auto, (max-width: 194px) 100vw, 194px\" \/><\/p>\n","protected":false},"excerpt":{"rendered":"<p>Urne fun\u00e9raire sph\u00e9rique unique orn\u00e9e d&rsquo;\u00e9toiles noires, en ABS avec insert en acier inoxydable.<\/p>\n<p><strong>Convient aux personnes pesant entre 102 kg et 102 kg maximum.<\/strong><\/p>\n<p>\u2705 Cette urne ne convient pas \u00e0 un usage ext\u00e9rieur. Consultez nos <a href=\"https:\/\/www.rememberme-forever.com\/product-category\/outdoor-urns\/\" target=\"_blank\" rel=\"noopener\"><strong>urnes d&rsquo;ext\u00e9rieur. &gt;&gt;<\/strong><\/a><\/p>\n","protected":false},"featured_media":22952,"comment_status":"open","ping_status":"closed","template":"","meta":{"_acf_changed":false},"product_brand":[1991],"product_cat":[2406,2415],"product_tag":[3332],"class_list":{"0":"post-22954","1":"product","2":"type-product","3":"status-publish","4":"has-post-thumbnail","6":"product_brand-remember-forever","7":"product_cat-urnes-artistiques","8":"product_cat-urnes-en-metal","9":"product_tag-gpsr-metal-insert-abs_outside","10":"product_shipping_class-2-4kg-fr","12":"first","13":"instock","14":"taxable","15":"shipping-taxable","16":"purchasable","17":"product-type-simple"},"yoast_head":"<!-- This site is optimized with the Yoast SEO plugin v27.5 - https:\/\/yoast.com\/product\/yoast-seo-wordpress\/ -->\n<title>Urne fun\u00e9raire sph\u00e9rique unique orn\u00e9e d&#039;\u00e9toiles noires, contenant des cendres.<\/title>\n<meta name=\"description\" content=\"D\u00e9couvrez notre urne fun\u00e9raire unique orn\u00e9e d&#039;\u00e9toiles noires, un hommage exceptionnel \u00e0 votre \u00eatre cher. Id\u00e9ale pour les personnes appr\u00e9ciant les designs sombres.\" \/>\n<meta name=\"robots\" content=\"index, follow, max-snippet:-1, max-image-preview:large, max-video-preview:-1\" \/>\n<link rel=\"canonical\" href=\"https:\/\/www.rememberme-forever.com\/fr\/produit\/urne-funeraire-spherique-unique-ornee-detoiles-noires-contenant-des-cendres\/\" \/>\n<meta property=\"og:locale\" content=\"fr_FR\" \/>\n<meta property=\"og:type\" content=\"article\" \/>\n<meta property=\"og:title\" content=\"Urne fun\u00e9raire sph\u00e9rique unique orn\u00e9e d&#039;\u00e9toiles noires, contenant des cendres.\" \/>\n<meta property=\"og:description\" content=\"D\u00e9couvrez notre urne fun\u00e9raire unique orn\u00e9e d&#039;\u00e9toiles noires, un hommage exceptionnel \u00e0 votre \u00eatre cher. Id\u00e9ale pour les personnes appr\u00e9ciant les designs sombres.\" \/>\n<meta property=\"og:url\" content=\"https:\/\/www.rememberme-forever.com\/fr\/produit\/urne-funeraire-spherique-unique-ornee-detoiles-noires-contenant-des-cendres\/\" \/>\n<meta property=\"og:site_name\" content=\"Remember Forever\" \/>\n<meta property=\"article:modified_time\" content=\"2025-11-26T09:07:17+00:00\" \/>\n<meta property=\"og:image\" content=\"http:\/\/www.rememberme-forever.com\/wp-content\/uploads\/2023\/04\/black-stars-urn.jpg\" \/>\n\t<meta property=\"og:image:width\" content=\"768\" \/>\n\t<meta property=\"og:image:height\" content=\"768\" \/>\n\t<meta property=\"og:image:type\" content=\"image\/jpeg\" \/>\n<meta name=\"twitter:card\" content=\"summary_large_image\" \/>\n<meta name=\"twitter:label1\" content=\"Dur\u00e9e de lecture estim\u00e9e\" \/>\n\t<meta name=\"twitter:data1\" content=\"2 minutes\" \/>\n<script type=\"application\/ld+json\" class=\"yoast-schema-graph\">{\"@context\":\"https:\\\/\\\/schema.org\",\"@graph\":[{\"@type\":\"WebPage\",\"@id\":\"https:\\\/\\\/www.rememberme-forever.com\\\/fr\\\/produit\\\/urne-funeraire-spherique-unique-ornee-detoiles-noires-contenant-des-cendres\\\/\",\"url\":\"https:\\\/\\\/www.rememberme-forever.com\\\/fr\\\/produit\\\/urne-funeraire-spherique-unique-ornee-detoiles-noires-contenant-des-cendres\\\/\",\"name\":\"Urne fun\u00e9raire sph\u00e9rique unique orn\u00e9e d'\u00e9toiles noires, contenant des cendres.\",\"isPartOf\":{\"@id\":\"https:\\\/\\\/www.rememberme-forever.com\\\/fr\\\/#website\"},\"primaryImageOfPage\":{\"@id\":\"https:\\\/\\\/www.rememberme-forever.com\\\/fr\\\/produit\\\/urne-funeraire-spherique-unique-ornee-detoiles-noires-contenant-des-cendres\\\/#primaryimage\"},\"image\":{\"@id\":\"https:\\\/\\\/www.rememberme-forever.com\\\/fr\\\/produit\\\/urne-funeraire-spherique-unique-ornee-detoiles-noires-contenant-des-cendres\\\/#primaryimage\"},\"thumbnailUrl\":\"https:\\\/\\\/www.rememberme-forever.com\\\/wp-content\\\/uploads\\\/2023\\\/04\\\/black-stars-urn.jpg\",\"datePublished\":\"2023-04-05T08:50:01+00:00\",\"dateModified\":\"2025-11-26T09:07:17+00:00\",\"description\":\"D\u00e9couvrez notre urne fun\u00e9raire unique orn\u00e9e d'\u00e9toiles noires, un hommage exceptionnel \u00e0 votre \u00eatre cher. Id\u00e9ale pour les personnes appr\u00e9ciant les designs sombres.\",\"breadcrumb\":{\"@id\":\"https:\\\/\\\/www.rememberme-forever.com\\\/fr\\\/produit\\\/urne-funeraire-spherique-unique-ornee-detoiles-noires-contenant-des-cendres\\\/#breadcrumb\"},\"inLanguage\":\"fr-FR\",\"potentialAction\":[{\"@type\":\"ReadAction\",\"target\":[\"https:\\\/\\\/www.rememberme-forever.com\\\/fr\\\/produit\\\/urne-funeraire-spherique-unique-ornee-detoiles-noires-contenant-des-cendres\\\/\"]}]},{\"@type\":\"ImageObject\",\"inLanguage\":\"fr-FR\",\"@id\":\"https:\\\/\\\/www.rememberme-forever.com\\\/fr\\\/produit\\\/urne-funeraire-spherique-unique-ornee-detoiles-noires-contenant-des-cendres\\\/#primaryimage\",\"url\":\"https:\\\/\\\/www.rememberme-forever.com\\\/wp-content\\\/uploads\\\/2023\\\/04\\\/black-stars-urn.jpg\",\"contentUrl\":\"https:\\\/\\\/www.rememberme-forever.com\\\/wp-content\\\/uploads\\\/2023\\\/04\\\/black-stars-urn.jpg\",\"width\":768,\"height\":768,\"caption\":\"Urne fun\u00e9raire avec \u00e9toiles noires\"},{\"@type\":\"BreadcrumbList\",\"@id\":\"https:\\\/\\\/www.rememberme-forever.com\\\/fr\\\/produit\\\/urne-funeraire-spherique-unique-ornee-detoiles-noires-contenant-des-cendres\\\/#breadcrumb\",\"itemListElement\":[{\"@type\":\"ListItem\",\"position\":1,\"name\":\"Home\",\"item\":\"https:\\\/\\\/www.rememberme-forever.com\\\/fr\\\/accueil\\\/\"},{\"@type\":\"ListItem\",\"position\":2,\"name\":\"Boutique\",\"item\":\"https:\\\/\\\/www.rememberme-forever.com\\\/fr\\\/boutique\\\/\"},{\"@type\":\"ListItem\",\"position\":3,\"name\":\"Urne fun\u00e9raire sph\u00e9rique unique orn\u00e9e d&#8217;\u00e9toiles noires, contenant des cendres.\"}]},{\"@type\":\"WebSite\",\"@id\":\"https:\\\/\\\/www.rememberme-forever.com\\\/fr\\\/#website\",\"url\":\"https:\\\/\\\/www.rememberme-forever.com\\\/fr\\\/\",\"name\":\"Remember Forever\",\"description\":\"Cremation urns, funeral urns, urns for ashes\",\"publisher\":{\"@id\":\"https:\\\/\\\/www.rememberme-forever.com\\\/fr\\\/#organization\"},\"potentialAction\":[{\"@type\":\"SearchAction\",\"target\":{\"@type\":\"EntryPoint\",\"urlTemplate\":\"https:\\\/\\\/www.rememberme-forever.com\\\/fr\\\/?s={search_term_string}\"},\"query-input\":{\"@type\":\"PropertyValueSpecification\",\"valueRequired\":true,\"valueName\":\"search_term_string\"}}],\"inLanguage\":\"fr-FR\"},{\"@type\":\"Organization\",\"@id\":\"https:\\\/\\\/www.rememberme-forever.com\\\/fr\\\/#organization\",\"name\":\"Remember Forever\",\"url\":\"https:\\\/\\\/www.rememberme-forever.com\\\/fr\\\/\",\"logo\":{\"@type\":\"ImageObject\",\"inLanguage\":\"fr-FR\",\"@id\":\"https:\\\/\\\/www.rememberme-forever.com\\\/fr\\\/#\\\/schema\\\/logo\\\/image\\\/\",\"url\":\"https:\\\/\\\/www.rememberme-forever.com\\\/wp-content\\\/uploads\\\/2023\\\/02\\\/logo.png\",\"contentUrl\":\"https:\\\/\\\/www.rememberme-forever.com\\\/wp-content\\\/uploads\\\/2023\\\/02\\\/logo.png\",\"width\":300,\"height\":56,\"caption\":\"Remember Forever\"},\"image\":{\"@id\":\"https:\\\/\\\/www.rememberme-forever.com\\\/fr\\\/#\\\/schema\\\/logo\\\/image\\\/\"}}]}<\/script>\n<!-- \/ Yoast SEO plugin. -->","yoast_head_json":{"title":"Urne fun\u00e9raire sph\u00e9rique unique orn\u00e9e d'\u00e9toiles noires, contenant des cendres.","description":"D\u00e9couvrez notre urne fun\u00e9raire unique orn\u00e9e d'\u00e9toiles noires, un hommage exceptionnel \u00e0 votre \u00eatre cher. Id\u00e9ale pour les personnes appr\u00e9ciant les designs sombres.","robots":{"index":"index","follow":"follow","max-snippet":"max-snippet:-1","max-image-preview":"max-image-preview:large","max-video-preview":"max-video-preview:-1"},"canonical":"https:\/\/www.rememberme-forever.com\/fr\/produit\/urne-funeraire-spherique-unique-ornee-detoiles-noires-contenant-des-cendres\/","og_locale":"fr_FR","og_type":"article","og_title":"Urne fun\u00e9raire sph\u00e9rique unique orn\u00e9e d'\u00e9toiles noires, contenant des cendres.","og_description":"D\u00e9couvrez notre urne fun\u00e9raire unique orn\u00e9e d'\u00e9toiles noires, un hommage exceptionnel \u00e0 votre \u00eatre cher. Id\u00e9ale pour les personnes appr\u00e9ciant les designs sombres.","og_url":"https:\/\/www.rememberme-forever.com\/fr\/produit\/urne-funeraire-spherique-unique-ornee-detoiles-noires-contenant-des-cendres\/","og_site_name":"Remember Forever","article_modified_time":"2025-11-26T09:07:17+00:00","og_image":[{"width":768,"height":768,"url":"http:\/\/www.rememberme-forever.com\/wp-content\/uploads\/2023\/04\/black-stars-urn.jpg","type":"image\/jpeg"}],"twitter_card":"summary_large_image","twitter_misc":{"Dur\u00e9e de lecture estim\u00e9e":"2 minutes"},"schema":{"@context":"https:\/\/schema.org","@graph":[{"@type":"WebPage","@id":"https:\/\/www.rememberme-forever.com\/fr\/produit\/urne-funeraire-spherique-unique-ornee-detoiles-noires-contenant-des-cendres\/","url":"https:\/\/www.rememberme-forever.com\/fr\/produit\/urne-funeraire-spherique-unique-ornee-detoiles-noires-contenant-des-cendres\/","name":"Urne fun\u00e9raire sph\u00e9rique unique orn\u00e9e d'\u00e9toiles noires, contenant des cendres.","isPartOf":{"@id":"https:\/\/www.rememberme-forever.com\/fr\/#website"},"primaryImageOfPage":{"@id":"https:\/\/www.rememberme-forever.com\/fr\/produit\/urne-funeraire-spherique-unique-ornee-detoiles-noires-contenant-des-cendres\/#primaryimage"},"image":{"@id":"https:\/\/www.rememberme-forever.com\/fr\/produit\/urne-funeraire-spherique-unique-ornee-detoiles-noires-contenant-des-cendres\/#primaryimage"},"thumbnailUrl":"https:\/\/www.rememberme-forever.com\/wp-content\/uploads\/2023\/04\/black-stars-urn.jpg","datePublished":"2023-04-05T08:50:01+00:00","dateModified":"2025-11-26T09:07:17+00:00","description":"D\u00e9couvrez notre urne fun\u00e9raire unique orn\u00e9e d'\u00e9toiles noires, un hommage exceptionnel \u00e0 votre \u00eatre cher. Id\u00e9ale pour les personnes appr\u00e9ciant les designs sombres.","breadcrumb":{"@id":"https:\/\/www.rememberme-forever.com\/fr\/produit\/urne-funeraire-spherique-unique-ornee-detoiles-noires-contenant-des-cendres\/#breadcrumb"},"inLanguage":"fr-FR","potentialAction":[{"@type":"ReadAction","target":["https:\/\/www.rememberme-forever.com\/fr\/produit\/urne-funeraire-spherique-unique-ornee-detoiles-noires-contenant-des-cendres\/"]}]},{"@type":"ImageObject","inLanguage":"fr-FR","@id":"https:\/\/www.rememberme-forever.com\/fr\/produit\/urne-funeraire-spherique-unique-ornee-detoiles-noires-contenant-des-cendres\/#primaryimage","url":"https:\/\/www.rememberme-forever.com\/wp-content\/uploads\/2023\/04\/black-stars-urn.jpg","contentUrl":"https:\/\/www.rememberme-forever.com\/wp-content\/uploads\/2023\/04\/black-stars-urn.jpg","width":768,"height":768,"caption":"Urne fun\u00e9raire avec \u00e9toiles noires"},{"@type":"BreadcrumbList","@id":"https:\/\/www.rememberme-forever.com\/fr\/produit\/urne-funeraire-spherique-unique-ornee-detoiles-noires-contenant-des-cendres\/#breadcrumb","itemListElement":[{"@type":"ListItem","position":1,"name":"Home","item":"https:\/\/www.rememberme-forever.com\/fr\/accueil\/"},{"@type":"ListItem","position":2,"name":"Boutique","item":"https:\/\/www.rememberme-forever.com\/fr\/boutique\/"},{"@type":"ListItem","position":3,"name":"Urne fun\u00e9raire sph\u00e9rique unique orn\u00e9e d&#8217;\u00e9toiles noires, contenant des cendres."}]},{"@type":"WebSite","@id":"https:\/\/www.rememberme-forever.com\/fr\/#website","url":"https:\/\/www.rememberme-forever.com\/fr\/","name":"Remember Forever","description":"Cremation urns, funeral urns, urns for ashes","publisher":{"@id":"https:\/\/www.rememberme-forever.com\/fr\/#organization"},"potentialAction":[{"@type":"SearchAction","target":{"@type":"EntryPoint","urlTemplate":"https:\/\/www.rememberme-forever.com\/fr\/?s={search_term_string}"},"query-input":{"@type":"PropertyValueSpecification","valueRequired":true,"valueName":"search_term_string"}}],"inLanguage":"fr-FR"},{"@type":"Organization","@id":"https:\/\/www.rememberme-forever.com\/fr\/#organization","name":"Remember Forever","url":"https:\/\/www.rememberme-forever.com\/fr\/","logo":{"@type":"ImageObject","inLanguage":"fr-FR","@id":"https:\/\/www.rememberme-forever.com\/fr\/#\/schema\/logo\/image\/","url":"https:\/\/www.rememberme-forever.com\/wp-content\/uploads\/2023\/02\/logo.png","contentUrl":"https:\/\/www.rememberme-forever.com\/wp-content\/uploads\/2023\/02\/logo.png","width":300,"height":56,"caption":"Remember Forever"},"image":{"@id":"https:\/\/www.rememberme-forever.com\/fr\/#\/schema\/logo\/image\/"}}]}},"acf":[],"_links":{"self":[{"href":"https:\/\/www.rememberme-forever.com\/fr\/wp-json\/wp\/v2\/product\/22954","targetHints":{"allow":["GET"]}}],"collection":[{"href":"https:\/\/www.rememberme-forever.com\/fr\/wp-json\/wp\/v2\/product"}],"about":[{"href":"https:\/\/www.rememberme-forever.com\/fr\/wp-json\/wp\/v2\/types\/product"}],"replies":[{"embeddable":true,"href":"https:\/\/www.rememberme-forever.com\/fr\/wp-json\/wp\/v2\/comments?post=22954"}],"wp:featuredmedia":[{"embeddable":true,"href":"https:\/\/www.rememberme-forever.com\/fr\/wp-json\/wp\/v2\/media\/22952"}],"wp:attachment":[{"href":"https:\/\/www.rememberme-forever.com\/fr\/wp-json\/wp\/v2\/media?parent=22954"}],"wp:term":[{"taxonomy":"product_brand","embeddable":true,"href":"https:\/\/www.rememberme-forever.com\/fr\/wp-json\/wp\/v2\/product_brand?post=22954"},{"taxonomy":"product_cat","embeddable":true,"href":"https:\/\/www.rememberme-forever.com\/fr\/wp-json\/wp\/v2\/product_cat?post=22954"},{"taxonomy":"product_tag","embeddable":true,"href":"https:\/\/www.rememberme-forever.com\/fr\/wp-json\/wp\/v2\/product_tag?post=22954"}],"curies":[{"name":"wp","href":"https:\/\/api.w.org\/{rel}","templated":true}]}}