{"id":23058,"date":"2025-05-13T12:51:01","date_gmt":"2025-05-13T10:51:01","guid":{"rendered":"https:\/\/www.rememberme-forever.com\/product\/urne-funeraire-decorative-pour-enfant-en-forme-de-terre\/"},"modified":"2025-11-28T09:33:27","modified_gmt":"2025-11-28T08:33:27","slug":"urne-funeraire-decorative-pour-enfant-en-forme-de-terre","status":"publish","type":"product","link":"https:\/\/www.rememberme-forever.com\/fr\/produit\/urne-funeraire-decorative-pour-enfant-en-forme-de-terre\/","title":{"rendered":"Urne fun\u00e9raire d\u00e9corative pour enfant, en forme de Terre"},"content":{"rendered":"<p class=\"\" style=\"text-align: center;\" data-start=\"108\" data-end=\"503\">Cette urne fun\u00e9raire originale en forme de globe terrestre est une mani\u00e8re magnifique et profond\u00e9ment symbolique de rendre hommage \u00e0 un petit \u00eatre qui a illumin\u00e9 la vie de ses proches. Id\u00e9ale pour les parents qui souhaitent honorer la m\u00e9moire d&rsquo;un enfant explorant le monde avec une curiosit\u00e9 insatiable, ou simplement exprimer combien sa pr\u00e9sence sur cette plan\u00e8te a compt\u00e9 pour eux.<\/p>\n<p class=\"\" style=\"text-align: center;\" data-start=\"505\" data-end=\"656\">L&rsquo;urne symbolise le fait de laisser les cendres de l&rsquo;enfant sur terre tandis que son \u00e2me s&rsquo;\u00e9l\u00e8ve vers le ciel, doucement, avec amour et en toute paix.<\/p>\n<div style=\"width: 100%; margin-bottom: 40px; height: max-content; padding-bottom: 60%; position: relative;\"><iframe style=\"position: absolute; top: 0; left: 0; width: 100%; height: 100%;\" src=\"https:\/\/rememberme-urns.com\/earth-shaped-child-urn\/\" frameborder=\"0\"><\/iframe><\/div>\n<div style=\"color: red; text-align: center; margin-bottom: 25px;\">\n<p>&gt;&gt; Rotation de la photo &#8211; appuyer\/zoomer &lt;&lt;<\/p>\n<\/div>\n<h3 class=\"\" style=\"text-align: center;\" data-start=\"658\" data-end=\"698\"><strong data-start=\"662\" data-end=\"696\">Pourquoi choisir cette urne ?<\/strong><\/h3>\n<ul style=\"text-align: center;\" data-start=\"700\" data-end=\"1601\">\n<li class=\"\" data-start=\"700\" data-end=\"935\">\n<p class=\"\" data-start=\"702\" data-end=\"935\">Fabrication artisanale &#8211; Chaque urne est peinte \u00e0 la main par un artiste, ce qui rend chaque pi\u00e8ce unique. De l\u00e9g\u00e8res variations de couleur peuvent appara\u00eetre, ajoutant \u00e0 son authenticit\u00e9 et \u00e0 son caract\u00e8re unique.<\/p>\n<\/li>\n<li class=\"\" data-start=\"936\" data-end=\"1089\">\n<p class=\"\" data-start=\"938\" data-end=\"1089\">S\u00e9curit\u00e9 des cendres : une bille en acier inoxydable \u00e0 l&rsquo;int\u00e9rieur prot\u00e8ge parfaitement les cendres, m\u00eame en cas de chute accidentelle.<\/p>\n<\/li>\n<li class=\"\" data-start=\"1090\" data-end=\"1252\">\n<p class=\"\" data-start=\"1092\" data-end=\"1252\">Forme discr\u00e8te \u2013 L\u2019urne ne ressemble pas \u00e0 une urne fun\u00e9raire traditionnelle, ce qui vous permet de pr\u00e9server votre intimit\u00e9 ; seuls vos proches peuvent conna\u00eetre sa fonction.<\/p>\n<\/li>\n<li class=\"\" data-start=\"1253\" data-end=\"1426\">\n<p class=\"\" data-start=\"1255\" data-end=\"1426\">Beaut\u00e9 d\u00e9corative \u2013 Gr\u00e2ce \u00e0 sa forme et \u00e0 ses couleurs, elle s\u2019int\u00e8gre harmonieusement \u00e0 tous les int\u00e9rieurs, devenant un objet symbolique empreint d\u2019amour et de recueillement.<\/p>\n<\/li>\n<li class=\"\" data-start=\"1427\" data-end=\"1601\">\n<p class=\"\" data-start=\"1429\" data-end=\"1601\">Un symbolisme profond \u2013 Le globe nous rappelle que la vie, bien que br\u00e8ve, a \u00e9t\u00e9 riche de sens et a laiss\u00e9 une trace. C\u2019est une mani\u00e8re touchante d\u2019exprimer le souvenir et l\u2019espoir.<\/p>\n<\/li>\n<\/ul>\n<p class=\"\" style=\"text-align: center;\" data-start=\"1603\" data-end=\"1747\">L\u2019urne pour b\u00e9b\u00e9 en forme de globe terrestre n\u2019est pas qu\u2019un simple lieu de repos ; c\u2019est un tendre hommage \u00e0 cette petite vie qui demeure \u00e0 jamais dans nos c\u0153urs.<\/p>\n<p class=\"\" style=\"text-align: center;\" data-start=\"1603\" data-end=\"1747\">Veuillez noter que notre urne en forme de Terre offre une repr\u00e9sentation g\u00e9n\u00e9rale des pays et des \u00eeles, symbolisant la beaut\u00e9 et l\u2019interd\u00e9pendance de notre plan\u00e8te. Bien qu\u2019elle ne repr\u00e9sente pas tous les continents et toutes les \u00eeles, elle rappelle avec \u00e9motion l\u2019unit\u00e9 de notre communaut\u00e9 mondiale et constituera un lieu de repos paisible pour votre \u00eatre cher, honorant sa vie et son h\u00e9ritage.<\/p>\n<p class=\"MsoNormal\" style=\"text-align: center;\" align=\"center\"><b><b>\u25ba PERSONNALISATION \u25c4<\/b><\/b><\/p>\n<p class=\"MsoNormal\" style=\"text-align: center;\" align=\"center\"><span lang=\"EN-US\">Si vous choisissez une plaque personnalis\u00e9e, inscrivez le texte \u00e0 l&rsquo;endroit appropri\u00e9 ou envoyez-nous un message.<\/span><\/p>\n<p class=\"MsoNormal\" style=\"text-align: center;\" align=\"center\"><span lang=\"EN-US\">La plaque comm\u00e9morative personnalis\u00e9e doit \u00eatre personnalis\u00e9e lors de la commande. (En cas d&rsquo;oubli, n&rsquo;h\u00e9sitez pas \u00e0 nous contacter ult\u00e9rieurement.) <\/span><\/p>\n<p class=\"MsoNormal\" style=\"text-align: center;\" align=\"center\">\n<p class=\"MsoNormal\" style=\"text-align: center;\" align=\"center\"><b><span lang=\"EN-US\">Les limites de texte sont les suivantes :<\/span><\/b><\/p>\n<p class=\"MsoNormal\" style=\"text-align: center;\" align=\"center\">&#8211; Nom(s) jusqu&rsquo;\u00e0 24 caract\u00e8res<\/p>\n<p class=\"MsoNormal\" style=\"text-align: center;\" align=\"center\"><span lang=\"EN-US\">&#8211; Date(s) de naissance et de d\u00e9c\u00e8s (24 caract\u00e8res maximum)<\/span><\/p>\n<p class=\"MsoNormal\" style=\"text-align: center;\" align=\"center\">&#8211; Troisi\u00e8me ligne (24 caract\u00e8res maximum)<\/p>\n<p class=\"MsoNormal\" style=\"text-align: center;\" align=\"center\">&#8211; Quatri\u00e8me ligne (24 caract\u00e8res maximum)<\/p>\n<p class=\"MsoNormal\" style=\"text-align: center;\" align=\"center\">&#8211; Cinqui\u00e8me ligne (24 caract\u00e8res maximum)<\/p>\n<p class=\"MsoNormal\" style=\"text-align: center;\" align=\"center\">\n<p class=\"MsoNormal\" style=\"text-align: center;\" align=\"center\"><b><span lang=\"EN-US\">Veuillez V\u00c9RIFIER le texte de gravure avant d&rsquo;ajouter le produit \u00e0 votre panier. <\/span><\/b><\/p>\n<p class=\"MsoNormal\" style=\"text-align: center;\" align=\"center\"><b><span lang=\"EN-US\">Nous reproduisons et gravons exactement les informations re\u00e7ues lors de la commande et n&rsquo;y apportons aucune modification.<\/span><\/b><\/p>\n<p class=\"MsoNormal\" style=\"text-align: center;\" align=\"center\">\n<p class=\"MsoNormal\" style=\"text-align: center;\" align=\"center\"><span lang=\"EN-US\">V\u00e9rifiez l&rsquo;orthographe du texte.<\/span><\/p>\n<p class=\"MsoNormal\" style=\"text-align: center;\" align=\"center\">N&rsquo;indiquez PAS de texte de gravure si vous achetez l&rsquo;option \u00ab Urne sans plaque \u00bb.<\/p>\n<p class=\"MsoNormal\" style=\"text-align: center;\" align=\"center\">\n","protected":false},"excerpt":{"rendered":"<p>Cette urne fun\u00e9raire originale en forme de globe terrestre est une mani\u00e8re magnifique et profond\u00e9ment symbolique de rendre hommage \u00e0 un petit \u00eatre qui a&#8230;<\/p>\n","protected":false},"featured_media":23050,"template":"","meta":{"_acf_changed":false},"product_brand":[],"product_cat":[2409],"product_tag":[3332],"class_list":{"0":"post-23058","1":"product","2":"type-product","3":"status-publish","4":"has-post-thumbnail","6":"product_cat-urnes-pour-enfants","7":"product_tag-gpsr-metal-insert-abs_outside","8":"product_shipping_class-2-4kg-fr","10":"first","11":"instock","12":"taxable","13":"shipping-taxable","14":"purchasable","15":"product-type-simple"},"yoast_head":"<!-- This site is optimized with the Yoast SEO plugin v27.4 - https:\/\/yoast.com\/product\/yoast-seo-wordpress\/ -->\n<title>Urne fun\u00e9raire d\u00e9corative pour enfant, en forme de Terre<\/title>\n<meta name=\"robots\" content=\"index, follow, max-snippet:-1, max-image-preview:large, max-video-preview:-1\" \/>\n<link rel=\"canonical\" href=\"https:\/\/www.rememberme-forever.com\/fr\/produit\/urne-funeraire-decorative-pour-enfant-en-forme-de-terre\/\" \/>\n<meta property=\"og:locale\" content=\"fr_FR\" \/>\n<meta property=\"og:type\" content=\"article\" \/>\n<meta property=\"og:title\" content=\"Urne fun\u00e9raire d\u00e9corative pour enfant, en forme de Terre\" \/>\n<meta property=\"og:description\" content=\"Cette urne fun\u00e9raire originale en forme de globe terrestre est une mani\u00e8re magnifique et profond\u00e9ment symbolique de rendre hommage \u00e0 un petit \u00eatre qui a...\" \/>\n<meta property=\"og:url\" content=\"https:\/\/www.rememberme-forever.com\/fr\/produit\/urne-funeraire-decorative-pour-enfant-en-forme-de-terre\/\" \/>\n<meta property=\"og:site_name\" content=\"Remember Forever\" \/>\n<meta property=\"article:modified_time\" content=\"2025-11-28T08:33:27+00:00\" \/>\n<meta property=\"og:image\" content=\"http:\/\/www.rememberme-forever.com\/wp-content\/uploads\/2025\/05\/earth-child-urn_0001.jpg\" \/>\n\t<meta property=\"og:image:width\" content=\"1007\" \/>\n\t<meta property=\"og:image:height\" content=\"1024\" \/>\n\t<meta property=\"og:image:type\" content=\"image\/jpeg\" \/>\n<meta name=\"twitter:card\" content=\"summary_large_image\" \/>\n<meta name=\"twitter:label1\" content=\"Dur\u00e9e de lecture estim\u00e9e\" \/>\n\t<meta name=\"twitter:data1\" content=\"3 minutes\" \/>\n<script type=\"application\/ld+json\" class=\"yoast-schema-graph\">{\"@context\":\"https:\\\/\\\/schema.org\",\"@graph\":[{\"@type\":\"WebPage\",\"@id\":\"https:\\\/\\\/www.rememberme-forever.com\\\/fr\\\/produit\\\/urne-funeraire-decorative-pour-enfant-en-forme-de-terre\\\/\",\"url\":\"https:\\\/\\\/www.rememberme-forever.com\\\/fr\\\/produit\\\/urne-funeraire-decorative-pour-enfant-en-forme-de-terre\\\/\",\"name\":\"Urne fun\u00e9raire d\u00e9corative pour enfant, en forme de Terre\",\"isPartOf\":{\"@id\":\"https:\\\/\\\/www.rememberme-forever.com\\\/fr\\\/#website\"},\"primaryImageOfPage\":{\"@id\":\"https:\\\/\\\/www.rememberme-forever.com\\\/fr\\\/produit\\\/urne-funeraire-decorative-pour-enfant-en-forme-de-terre\\\/#primaryimage\"},\"image\":{\"@id\":\"https:\\\/\\\/www.rememberme-forever.com\\\/fr\\\/produit\\\/urne-funeraire-decorative-pour-enfant-en-forme-de-terre\\\/#primaryimage\"},\"thumbnailUrl\":\"https:\\\/\\\/www.rememberme-forever.com\\\/wp-content\\\/uploads\\\/2025\\\/05\\\/earth-child-urn_0001.jpg\",\"datePublished\":\"2025-05-13T10:51:01+00:00\",\"dateModified\":\"2025-11-28T08:33:27+00:00\",\"breadcrumb\":{\"@id\":\"https:\\\/\\\/www.rememberme-forever.com\\\/fr\\\/produit\\\/urne-funeraire-decorative-pour-enfant-en-forme-de-terre\\\/#breadcrumb\"},\"inLanguage\":\"fr-FR\",\"potentialAction\":[{\"@type\":\"ReadAction\",\"target\":[\"https:\\\/\\\/www.rememberme-forever.com\\\/fr\\\/produit\\\/urne-funeraire-decorative-pour-enfant-en-forme-de-terre\\\/\"]}]},{\"@type\":\"ImageObject\",\"inLanguage\":\"fr-FR\",\"@id\":\"https:\\\/\\\/www.rememberme-forever.com\\\/fr\\\/produit\\\/urne-funeraire-decorative-pour-enfant-en-forme-de-terre\\\/#primaryimage\",\"url\":\"https:\\\/\\\/www.rememberme-forever.com\\\/wp-content\\\/uploads\\\/2025\\\/05\\\/earth-child-urn_0001.jpg\",\"contentUrl\":\"https:\\\/\\\/www.rememberme-forever.com\\\/wp-content\\\/uploads\\\/2025\\\/05\\\/earth-child-urn_0001.jpg\",\"width\":1007,\"height\":1024,\"caption\":\"Urne fun\u00e9raire en forme de Terre pour enfant\"},{\"@type\":\"BreadcrumbList\",\"@id\":\"https:\\\/\\\/www.rememberme-forever.com\\\/fr\\\/produit\\\/urne-funeraire-decorative-pour-enfant-en-forme-de-terre\\\/#breadcrumb\",\"itemListElement\":[{\"@type\":\"ListItem\",\"position\":1,\"name\":\"Home\",\"item\":\"https:\\\/\\\/www.rememberme-forever.com\\\/fr\\\/accueil\\\/\"},{\"@type\":\"ListItem\",\"position\":2,\"name\":\"Boutique\",\"item\":\"https:\\\/\\\/www.rememberme-forever.com\\\/fr\\\/boutique\\\/\"},{\"@type\":\"ListItem\",\"position\":3,\"name\":\"Urne fun\u00e9raire d\u00e9corative pour enfant, en forme de Terre\"}]},{\"@type\":\"WebSite\",\"@id\":\"https:\\\/\\\/www.rememberme-forever.com\\\/fr\\\/#website\",\"url\":\"https:\\\/\\\/www.rememberme-forever.com\\\/fr\\\/\",\"name\":\"Remember Forever\",\"description\":\"Cremation urns, funeral urns, urns for ashes\",\"publisher\":{\"@id\":\"https:\\\/\\\/www.rememberme-forever.com\\\/fr\\\/#organization\"},\"potentialAction\":[{\"@type\":\"SearchAction\",\"target\":{\"@type\":\"EntryPoint\",\"urlTemplate\":\"https:\\\/\\\/www.rememberme-forever.com\\\/fr\\\/?s={search_term_string}\"},\"query-input\":{\"@type\":\"PropertyValueSpecification\",\"valueRequired\":true,\"valueName\":\"search_term_string\"}}],\"inLanguage\":\"fr-FR\"},{\"@type\":\"Organization\",\"@id\":\"https:\\\/\\\/www.rememberme-forever.com\\\/fr\\\/#organization\",\"name\":\"Remember Forever\",\"url\":\"https:\\\/\\\/www.rememberme-forever.com\\\/fr\\\/\",\"logo\":{\"@type\":\"ImageObject\",\"inLanguage\":\"fr-FR\",\"@id\":\"https:\\\/\\\/www.rememberme-forever.com\\\/fr\\\/#\\\/schema\\\/logo\\\/image\\\/\",\"url\":\"https:\\\/\\\/www.rememberme-forever.com\\\/wp-content\\\/uploads\\\/2023\\\/02\\\/logo.png\",\"contentUrl\":\"https:\\\/\\\/www.rememberme-forever.com\\\/wp-content\\\/uploads\\\/2023\\\/02\\\/logo.png\",\"width\":300,\"height\":56,\"caption\":\"Remember Forever\"},\"image\":{\"@id\":\"https:\\\/\\\/www.rememberme-forever.com\\\/fr\\\/#\\\/schema\\\/logo\\\/image\\\/\"}}]}<\/script>\n<!-- \/ Yoast SEO plugin. -->","yoast_head_json":{"title":"Urne fun\u00e9raire d\u00e9corative pour enfant, en forme de Terre","robots":{"index":"index","follow":"follow","max-snippet":"max-snippet:-1","max-image-preview":"max-image-preview:large","max-video-preview":"max-video-preview:-1"},"canonical":"https:\/\/www.rememberme-forever.com\/fr\/produit\/urne-funeraire-decorative-pour-enfant-en-forme-de-terre\/","og_locale":"fr_FR","og_type":"article","og_title":"Urne fun\u00e9raire d\u00e9corative pour enfant, en forme de Terre","og_description":"Cette urne fun\u00e9raire originale en forme de globe terrestre est une mani\u00e8re magnifique et profond\u00e9ment symbolique de rendre hommage \u00e0 un petit \u00eatre qui a...","og_url":"https:\/\/www.rememberme-forever.com\/fr\/produit\/urne-funeraire-decorative-pour-enfant-en-forme-de-terre\/","og_site_name":"Remember Forever","article_modified_time":"2025-11-28T08:33:27+00:00","og_image":[{"width":1007,"height":1024,"url":"http:\/\/www.rememberme-forever.com\/wp-content\/uploads\/2025\/05\/earth-child-urn_0001.jpg","type":"image\/jpeg"}],"twitter_card":"summary_large_image","twitter_misc":{"Dur\u00e9e de lecture estim\u00e9e":"3 minutes"},"schema":{"@context":"https:\/\/schema.org","@graph":[{"@type":"WebPage","@id":"https:\/\/www.rememberme-forever.com\/fr\/produit\/urne-funeraire-decorative-pour-enfant-en-forme-de-terre\/","url":"https:\/\/www.rememberme-forever.com\/fr\/produit\/urne-funeraire-decorative-pour-enfant-en-forme-de-terre\/","name":"Urne fun\u00e9raire d\u00e9corative pour enfant, en forme de Terre","isPartOf":{"@id":"https:\/\/www.rememberme-forever.com\/fr\/#website"},"primaryImageOfPage":{"@id":"https:\/\/www.rememberme-forever.com\/fr\/produit\/urne-funeraire-decorative-pour-enfant-en-forme-de-terre\/#primaryimage"},"image":{"@id":"https:\/\/www.rememberme-forever.com\/fr\/produit\/urne-funeraire-decorative-pour-enfant-en-forme-de-terre\/#primaryimage"},"thumbnailUrl":"https:\/\/www.rememberme-forever.com\/wp-content\/uploads\/2025\/05\/earth-child-urn_0001.jpg","datePublished":"2025-05-13T10:51:01+00:00","dateModified":"2025-11-28T08:33:27+00:00","breadcrumb":{"@id":"https:\/\/www.rememberme-forever.com\/fr\/produit\/urne-funeraire-decorative-pour-enfant-en-forme-de-terre\/#breadcrumb"},"inLanguage":"fr-FR","potentialAction":[{"@type":"ReadAction","target":["https:\/\/www.rememberme-forever.com\/fr\/produit\/urne-funeraire-decorative-pour-enfant-en-forme-de-terre\/"]}]},{"@type":"ImageObject","inLanguage":"fr-FR","@id":"https:\/\/www.rememberme-forever.com\/fr\/produit\/urne-funeraire-decorative-pour-enfant-en-forme-de-terre\/#primaryimage","url":"https:\/\/www.rememberme-forever.com\/wp-content\/uploads\/2025\/05\/earth-child-urn_0001.jpg","contentUrl":"https:\/\/www.rememberme-forever.com\/wp-content\/uploads\/2025\/05\/earth-child-urn_0001.jpg","width":1007,"height":1024,"caption":"Urne fun\u00e9raire en forme de Terre pour enfant"},{"@type":"BreadcrumbList","@id":"https:\/\/www.rememberme-forever.com\/fr\/produit\/urne-funeraire-decorative-pour-enfant-en-forme-de-terre\/#breadcrumb","itemListElement":[{"@type":"ListItem","position":1,"name":"Home","item":"https:\/\/www.rememberme-forever.com\/fr\/accueil\/"},{"@type":"ListItem","position":2,"name":"Boutique","item":"https:\/\/www.rememberme-forever.com\/fr\/boutique\/"},{"@type":"ListItem","position":3,"name":"Urne fun\u00e9raire d\u00e9corative pour enfant, en forme de Terre"}]},{"@type":"WebSite","@id":"https:\/\/www.rememberme-forever.com\/fr\/#website","url":"https:\/\/www.rememberme-forever.com\/fr\/","name":"Remember Forever","description":"Cremation urns, funeral urns, urns for ashes","publisher":{"@id":"https:\/\/www.rememberme-forever.com\/fr\/#organization"},"potentialAction":[{"@type":"SearchAction","target":{"@type":"EntryPoint","urlTemplate":"https:\/\/www.rememberme-forever.com\/fr\/?s={search_term_string}"},"query-input":{"@type":"PropertyValueSpecification","valueRequired":true,"valueName":"search_term_string"}}],"inLanguage":"fr-FR"},{"@type":"Organization","@id":"https:\/\/www.rememberme-forever.com\/fr\/#organization","name":"Remember Forever","url":"https:\/\/www.rememberme-forever.com\/fr\/","logo":{"@type":"ImageObject","inLanguage":"fr-FR","@id":"https:\/\/www.rememberme-forever.com\/fr\/#\/schema\/logo\/image\/","url":"https:\/\/www.rememberme-forever.com\/wp-content\/uploads\/2023\/02\/logo.png","contentUrl":"https:\/\/www.rememberme-forever.com\/wp-content\/uploads\/2023\/02\/logo.png","width":300,"height":56,"caption":"Remember Forever"},"image":{"@id":"https:\/\/www.rememberme-forever.com\/fr\/#\/schema\/logo\/image\/"}}]}},"acf":[],"_links":{"self":[{"href":"https:\/\/www.rememberme-forever.com\/fr\/wp-json\/wp\/v2\/product\/23058","targetHints":{"allow":["GET"]}}],"collection":[{"href":"https:\/\/www.rememberme-forever.com\/fr\/wp-json\/wp\/v2\/product"}],"about":[{"href":"https:\/\/www.rememberme-forever.com\/fr\/wp-json\/wp\/v2\/types\/product"}],"wp:featuredmedia":[{"embeddable":true,"href":"https:\/\/www.rememberme-forever.com\/fr\/wp-json\/wp\/v2\/media\/23050"}],"wp:attachment":[{"href":"https:\/\/www.rememberme-forever.com\/fr\/wp-json\/wp\/v2\/media?parent=23058"}],"wp:term":[{"taxonomy":"product_brand","embeddable":true,"href":"https:\/\/www.rememberme-forever.com\/fr\/wp-json\/wp\/v2\/product_brand?post=23058"},{"taxonomy":"product_cat","embeddable":true,"href":"https:\/\/www.rememberme-forever.com\/fr\/wp-json\/wp\/v2\/product_cat?post=23058"},{"taxonomy":"product_tag","embeddable":true,"href":"https:\/\/www.rememberme-forever.com\/fr\/wp-json\/wp\/v2\/product_tag?post=23058"}],"curies":[{"name":"wp","href":"https:\/\/api.w.org\/{rel}","templated":true}]}}