{"id":23108,"date":"2025-10-30T09:41:49","date_gmt":"2025-10-30T08:41:49","guid":{"rendered":"https:\/\/www.rememberme-forever.com\/product\/vase-funeraire-grand-bol-pour-composition-florale\/"},"modified":"2025-12-01T09:33:04","modified_gmt":"2025-12-01T08:33:04","slug":"vase-funeraire-grand-bol-pour-composition-florale","status":"publish","type":"product","link":"https:\/\/www.rememberme-forever.com\/fr\/produit\/vase-funeraire-grand-bol-pour-composition-florale\/","title":{"rendered":"Vase fun\u00e9raire &#8211; grand bol pour composition florale"},"content":{"rendered":"<p style=\"text-align: center;\" data-start=\"224\" data-end=\"370\"><strong data-start=\"224\" data-end=\"368\">Seuls le bol et une plaque personnalisable (en option) sont inclus dans la vente. Les fleurs pr\u00e9sent\u00e9es sur les photos ne font pas partie de l&rsquo;ensemble. <\/strong><\/p>\n<p style=\"text-align: center;\" data-start=\"349\" data-end=\"672\">Ce vase fun\u00e9raire robuste, en forme de grand bol, est fabriqu\u00e9 dans un mat\u00e9riau composite durable et lourd imitant parfaitement la pierre naturelle. R\u00e9sistant au gel, \u00e0 la pluie, aux UV et aux intemp\u00e9ries, il est id\u00e9al pour d\u00e9corer une tombe tout au long de l&rsquo;ann\u00e9e.<\/p>\n<p style=\"text-align: center;\" data-start=\"674\" data-end=\"977\">Le bol se distingue par sa forme \u00e9l\u00e9gante et classique et sa grande contenance. Il est id\u00e9al pour les fleurs en pot et les compositions florales plus importantes, qu&rsquo;elles soient naturelles ou artificielles. Sa taille permet de cr\u00e9er des arrangements floraux saisissants et durables qui mettront en valeur votre pierre tombale.<\/p>\n<p style=\"text-align: center;\" data-start=\"979\" data-end=\"1238\">Une plaque grav\u00e9e (en option) vous permet d&rsquo;ajouter une touche personnelle : nom, dates, citation ou un court souvenir. La plaque se glisse facilement entre les fleurs, pour un rendu esth\u00e9tique et raffin\u00e9.<\/p>\n<p style=\"text-align: center;\" data-start=\"1240\" data-end=\"1270\"><strong data-start=\"1240\" data-end=\"1268\">Dimensions int\u00e9rieures du bol :<\/strong><\/p>\n<p style=\"text-align: center;\" data-start=\"1273\" data-end=\"1303\">Largeur : 30 cm \/ 11,7 pouces<\/p>\n<p style=\"text-align: center;\" data-start=\"1306\" data-end=\"1336\">Hauteur : 13,5 cm \/ 5,3 po<\/p>\n<p style=\"text-align: center;\" data-start=\"1338\" data-end=\"1359\"><strong data-start=\"1338\" data-end=\"1357\">Caract\u00e9ristiques du produit :<\/strong><\/p>\n<p style=\"text-align: center;\" data-start=\"1362\" data-end=\"1402\">Mat\u00e9riau : composite durable<\/p>\n<p style=\"text-align: center;\" data-start=\"1405\" data-end=\"1452\">Couleur : noir brillant<\/p>\n<p style=\"text-align: center;\" data-start=\"1455\" data-end=\"1497\">R\u00e9sistant au gel, aux UV et \u00e0 la pluie<\/p>\n<p style=\"text-align: center;\" data-start=\"1500\" data-end=\"1555\">Construction robuste et stable : le bol ne se renverse pas<\/p>\n<p style=\"text-align: center;\" data-start=\"1558\" data-end=\"1610\">Plaque grav\u00e9e personnalis\u00e9e (en option)<\/p>\n<p style=\"text-align: center;\" data-start=\"1613\" data-end=\"1674\">Convient aux grandes compositions et aux fleurs en pot<\/p>\n<div style=\"text-align: center;\"><strong data-start=\"1676\" data-end=\"1693\">Utilisation :<\/strong><\/div>\n<div style=\"text-align: center;\">Id\u00e9al comme bol fun\u00e9raire pour cr\u00e9er des arrangements floraux durables et esth\u00e9tiques, en hommage et en respect \u00e0 la m\u00e9moire des \u00eatres chers.<\/div>\n<p class=\"MsoNormal\" style=\"text-align: center;\" align=\"center\"><b><b>\u25ba PERSONNALISATION \u25c4<\/b><\/b><\/p>\n<p class=\"MsoNormal\" style=\"text-align: center;\" align=\"center\"><span lang=\"EN-US\">Si vous choisissez une plaque personnalis\u00e9e, inscrivez le texte \u00e0 l&rsquo;endroit appropri\u00e9 ou envoyez-nous un message.<\/span><\/p>\n<p class=\"MsoNormal\" style=\"text-align: center;\" align=\"center\"><span lang=\"EN-US\">La plaque comm\u00e9morative personnalis\u00e9e doit \u00eatre personnalis\u00e9e lors de la commande. (En cas d&rsquo;oubli, n&rsquo;h\u00e9sitez pas \u00e0 nous contacter ult\u00e9rieurement.) <\/span><\/p>\n<p class=\"MsoNormal\" style=\"text-align: center;\" align=\"center\">\n<p class=\"MsoNormal\" style=\"text-align: center;\" align=\"center\"><b><span lang=\"EN-US\">Les limites de texte sont les suivantes :<\/span><\/b><\/p>\n<p class=\"MsoNormal\" style=\"text-align: center;\" align=\"center\">&#8211; Nom(s) jusqu&rsquo;\u00e0 24 caract\u00e8res<\/p>\n<p class=\"MsoNormal\" style=\"text-align: center;\" align=\"center\"><span lang=\"EN-US\">&#8211; Date(s) de naissance et de d\u00e9c\u00e8s (24 caract\u00e8res maximum)<\/span><\/p>\n<p class=\"MsoNormal\" style=\"text-align: center;\" align=\"center\">&#8211; Troisi\u00e8me ligne (24 caract\u00e8res maximum)<\/p>\n<p class=\"MsoNormal\" style=\"text-align: center;\" align=\"center\">&#8211; Quatri\u00e8me ligne (24 caract\u00e8res maximum)<\/p>\n<p class=\"MsoNormal\" style=\"text-align: center;\" align=\"center\">&#8211; Cinqui\u00e8me ligne (24 caract\u00e8res maximum)<\/p>\n<p class=\"MsoNormal\" style=\"text-align: center;\" align=\"center\">&#8211; Sixi\u00e8me ligne (24 caract\u00e8res maximum)<\/p>\n<p class=\"MsoNormal\" style=\"text-align: center;\" align=\"center\">\n<p class=\"MsoNormal\" style=\"text-align: center;\" align=\"center\"><b><span lang=\"EN-US\">Veuillez V\u00c9RIFIER le texte de gravure avant d&rsquo;ajouter le produit \u00e0 votre panier. Nous reproduisons et gravons exactement les informations re\u00e7ues lors de la commande et n&rsquo;y apportons aucune modification. <\/span><\/b><\/p>\n<p class=\"MsoNormal\" style=\"text-align: center;\" align=\"center\">\n<p class=\"MsoNormal\" style=\"text-align: center;\" align=\"center\"><span lang=\"EN-US\">V\u00e9rifiez l&rsquo;orthographe du texte.<\/span><\/p>\n<p class=\"MsoNormal\" style=\"text-align: center;\" align=\"center\">N&rsquo;indiquez PAS de texte de gravure si vous achetez l&rsquo;option \u00ab Urne sans plaque \u00bb.<\/p>\n","protected":false},"excerpt":{"rendered":"<p>Seuls le bol et une plaque personnalisable (en option) sont inclus dans la vente. Les fleurs pr\u00e9sent\u00e9es sur les photos ne font pas partie de&#8230;<\/p>\n","protected":false},"featured_media":21833,"template":"","meta":{"_acf_changed":false},"product_brand":[],"product_cat":[2405],"product_tag":[3296],"class_list":{"0":"post-23108","1":"product","2":"type-product","3":"status-publish","4":"has-post-thumbnail","6":"product_cat-accessoires","7":"product_tag-gpsr-all-urns-accesories","8":"product_shipping_class-5-10kg-fr","10":"first","11":"instock","12":"taxable","13":"shipping-taxable","14":"purchasable","15":"product-type-simple"},"yoast_head":"<!-- This site is optimized with the Yoast SEO plugin v27.4 - https:\/\/yoast.com\/product\/yoast-seo-wordpress\/ -->\n<title>Vase fun\u00e9raire - grand bol pour composition florale - Remember Forever<\/title>\n<meta name=\"robots\" content=\"index, follow, max-snippet:-1, max-image-preview:large, max-video-preview:-1\" \/>\n<link rel=\"canonical\" href=\"https:\/\/www.rememberme-forever.com\/fr\/produit\/vase-funeraire-grand-bol-pour-composition-florale\/\" \/>\n<meta property=\"og:locale\" content=\"fr_FR\" \/>\n<meta property=\"og:type\" content=\"article\" \/>\n<meta property=\"og:title\" content=\"Vase fun\u00e9raire - grand bol pour composition florale - Remember Forever\" \/>\n<meta property=\"og:description\" content=\"Seuls le bol et une plaque personnalisable (en option) sont inclus dans la vente. Les fleurs pr\u00e9sent\u00e9es sur les photos ne font pas partie de...\" \/>\n<meta property=\"og:url\" content=\"https:\/\/www.rememberme-forever.com\/fr\/produit\/vase-funeraire-grand-bol-pour-composition-florale\/\" \/>\n<meta property=\"og:site_name\" content=\"Remember Forever\" \/>\n<meta property=\"article:modified_time\" content=\"2025-12-01T08:33:04+00:00\" \/>\n<meta property=\"og:image\" content=\"http:\/\/www.rememberme-forever.com\/wp-content\/uploads\/2025\/10\/cemetery-bowl-forflowers_0002_EN-1.jpg\" \/>\n\t<meta property=\"og:image:width\" content=\"1007\" \/>\n\t<meta property=\"og:image:height\" content=\"1024\" \/>\n\t<meta property=\"og:image:type\" content=\"image\/jpeg\" \/>\n<meta name=\"twitter:card\" content=\"summary_large_image\" \/>\n<meta name=\"twitter:label1\" content=\"Dur\u00e9e de lecture estim\u00e9e\" \/>\n\t<meta name=\"twitter:data1\" content=\"2 minutes\" \/>\n<script type=\"application\/ld+json\" class=\"yoast-schema-graph\">{\"@context\":\"https:\\\/\\\/schema.org\",\"@graph\":[{\"@type\":\"WebPage\",\"@id\":\"https:\\\/\\\/www.rememberme-forever.com\\\/fr\\\/produit\\\/vase-funeraire-grand-bol-pour-composition-florale\\\/\",\"url\":\"https:\\\/\\\/www.rememberme-forever.com\\\/fr\\\/produit\\\/vase-funeraire-grand-bol-pour-composition-florale\\\/\",\"name\":\"Vase fun\u00e9raire - grand bol pour composition florale - Remember Forever\",\"isPartOf\":{\"@id\":\"https:\\\/\\\/www.rememberme-forever.com\\\/fr\\\/#website\"},\"primaryImageOfPage\":{\"@id\":\"https:\\\/\\\/www.rememberme-forever.com\\\/fr\\\/produit\\\/vase-funeraire-grand-bol-pour-composition-florale\\\/#primaryimage\"},\"image\":{\"@id\":\"https:\\\/\\\/www.rememberme-forever.com\\\/fr\\\/produit\\\/vase-funeraire-grand-bol-pour-composition-florale\\\/#primaryimage\"},\"thumbnailUrl\":\"https:\\\/\\\/www.rememberme-forever.com\\\/wp-content\\\/uploads\\\/2025\\\/10\\\/cemetery-bowl-forflowers_0002_EN-1.jpg\",\"datePublished\":\"2025-10-30T08:41:49+00:00\",\"dateModified\":\"2025-12-01T08:33:04+00:00\",\"breadcrumb\":{\"@id\":\"https:\\\/\\\/www.rememberme-forever.com\\\/fr\\\/produit\\\/vase-funeraire-grand-bol-pour-composition-florale\\\/#breadcrumb\"},\"inLanguage\":\"fr-FR\",\"potentialAction\":[{\"@type\":\"ReadAction\",\"target\":[\"https:\\\/\\\/www.rememberme-forever.com\\\/fr\\\/produit\\\/vase-funeraire-grand-bol-pour-composition-florale\\\/\"]}]},{\"@type\":\"ImageObject\",\"inLanguage\":\"fr-FR\",\"@id\":\"https:\\\/\\\/www.rememberme-forever.com\\\/fr\\\/produit\\\/vase-funeraire-grand-bol-pour-composition-florale\\\/#primaryimage\",\"url\":\"https:\\\/\\\/www.rememberme-forever.com\\\/wp-content\\\/uploads\\\/2025\\\/10\\\/cemetery-bowl-forflowers_0002_EN-1.jpg\",\"contentUrl\":\"https:\\\/\\\/www.rememberme-forever.com\\\/wp-content\\\/uploads\\\/2025\\\/10\\\/cemetery-bowl-forflowers_0002_EN-1.jpg\",\"width\":1007,\"height\":1024,\"caption\":\"Bol fun\u00e9raire noir avec chrysanth\u00e8mes roses et p\u00eache et plaque \u00ab Souviens-toi pour toujours \u00bb.\"},{\"@type\":\"BreadcrumbList\",\"@id\":\"https:\\\/\\\/www.rememberme-forever.com\\\/fr\\\/produit\\\/vase-funeraire-grand-bol-pour-composition-florale\\\/#breadcrumb\",\"itemListElement\":[{\"@type\":\"ListItem\",\"position\":1,\"name\":\"Home\",\"item\":\"https:\\\/\\\/www.rememberme-forever.com\\\/fr\\\/accueil\\\/\"},{\"@type\":\"ListItem\",\"position\":2,\"name\":\"Boutique\",\"item\":\"https:\\\/\\\/www.rememberme-forever.com\\\/fr\\\/boutique\\\/\"},{\"@type\":\"ListItem\",\"position\":3,\"name\":\"Vase fun\u00e9raire &#8211; grand bol pour composition florale\"}]},{\"@type\":\"WebSite\",\"@id\":\"https:\\\/\\\/www.rememberme-forever.com\\\/fr\\\/#website\",\"url\":\"https:\\\/\\\/www.rememberme-forever.com\\\/fr\\\/\",\"name\":\"Remember Forever\",\"description\":\"Cremation urns, funeral urns, urns for ashes\",\"publisher\":{\"@id\":\"https:\\\/\\\/www.rememberme-forever.com\\\/fr\\\/#organization\"},\"potentialAction\":[{\"@type\":\"SearchAction\",\"target\":{\"@type\":\"EntryPoint\",\"urlTemplate\":\"https:\\\/\\\/www.rememberme-forever.com\\\/fr\\\/?s={search_term_string}\"},\"query-input\":{\"@type\":\"PropertyValueSpecification\",\"valueRequired\":true,\"valueName\":\"search_term_string\"}}],\"inLanguage\":\"fr-FR\"},{\"@type\":\"Organization\",\"@id\":\"https:\\\/\\\/www.rememberme-forever.com\\\/fr\\\/#organization\",\"name\":\"Remember Forever\",\"url\":\"https:\\\/\\\/www.rememberme-forever.com\\\/fr\\\/\",\"logo\":{\"@type\":\"ImageObject\",\"inLanguage\":\"fr-FR\",\"@id\":\"https:\\\/\\\/www.rememberme-forever.com\\\/fr\\\/#\\\/schema\\\/logo\\\/image\\\/\",\"url\":\"https:\\\/\\\/www.rememberme-forever.com\\\/wp-content\\\/uploads\\\/2023\\\/02\\\/logo.png\",\"contentUrl\":\"https:\\\/\\\/www.rememberme-forever.com\\\/wp-content\\\/uploads\\\/2023\\\/02\\\/logo.png\",\"width\":300,\"height\":56,\"caption\":\"Remember Forever\"},\"image\":{\"@id\":\"https:\\\/\\\/www.rememberme-forever.com\\\/fr\\\/#\\\/schema\\\/logo\\\/image\\\/\"}}]}<\/script>\n<!-- \/ Yoast SEO plugin. -->","yoast_head_json":{"title":"Vase fun\u00e9raire - grand bol pour composition florale - Remember Forever","robots":{"index":"index","follow":"follow","max-snippet":"max-snippet:-1","max-image-preview":"max-image-preview:large","max-video-preview":"max-video-preview:-1"},"canonical":"https:\/\/www.rememberme-forever.com\/fr\/produit\/vase-funeraire-grand-bol-pour-composition-florale\/","og_locale":"fr_FR","og_type":"article","og_title":"Vase fun\u00e9raire - grand bol pour composition florale - Remember Forever","og_description":"Seuls le bol et une plaque personnalisable (en option) sont inclus dans la vente. Les fleurs pr\u00e9sent\u00e9es sur les photos ne font pas partie de...","og_url":"https:\/\/www.rememberme-forever.com\/fr\/produit\/vase-funeraire-grand-bol-pour-composition-florale\/","og_site_name":"Remember Forever","article_modified_time":"2025-12-01T08:33:04+00:00","og_image":[{"width":1007,"height":1024,"url":"http:\/\/www.rememberme-forever.com\/wp-content\/uploads\/2025\/10\/cemetery-bowl-forflowers_0002_EN-1.jpg","type":"image\/jpeg"}],"twitter_card":"summary_large_image","twitter_misc":{"Dur\u00e9e de lecture estim\u00e9e":"2 minutes"},"schema":{"@context":"https:\/\/schema.org","@graph":[{"@type":"WebPage","@id":"https:\/\/www.rememberme-forever.com\/fr\/produit\/vase-funeraire-grand-bol-pour-composition-florale\/","url":"https:\/\/www.rememberme-forever.com\/fr\/produit\/vase-funeraire-grand-bol-pour-composition-florale\/","name":"Vase fun\u00e9raire - grand bol pour composition florale - Remember Forever","isPartOf":{"@id":"https:\/\/www.rememberme-forever.com\/fr\/#website"},"primaryImageOfPage":{"@id":"https:\/\/www.rememberme-forever.com\/fr\/produit\/vase-funeraire-grand-bol-pour-composition-florale\/#primaryimage"},"image":{"@id":"https:\/\/www.rememberme-forever.com\/fr\/produit\/vase-funeraire-grand-bol-pour-composition-florale\/#primaryimage"},"thumbnailUrl":"https:\/\/www.rememberme-forever.com\/wp-content\/uploads\/2025\/10\/cemetery-bowl-forflowers_0002_EN-1.jpg","datePublished":"2025-10-30T08:41:49+00:00","dateModified":"2025-12-01T08:33:04+00:00","breadcrumb":{"@id":"https:\/\/www.rememberme-forever.com\/fr\/produit\/vase-funeraire-grand-bol-pour-composition-florale\/#breadcrumb"},"inLanguage":"fr-FR","potentialAction":[{"@type":"ReadAction","target":["https:\/\/www.rememberme-forever.com\/fr\/produit\/vase-funeraire-grand-bol-pour-composition-florale\/"]}]},{"@type":"ImageObject","inLanguage":"fr-FR","@id":"https:\/\/www.rememberme-forever.com\/fr\/produit\/vase-funeraire-grand-bol-pour-composition-florale\/#primaryimage","url":"https:\/\/www.rememberme-forever.com\/wp-content\/uploads\/2025\/10\/cemetery-bowl-forflowers_0002_EN-1.jpg","contentUrl":"https:\/\/www.rememberme-forever.com\/wp-content\/uploads\/2025\/10\/cemetery-bowl-forflowers_0002_EN-1.jpg","width":1007,"height":1024,"caption":"Bol fun\u00e9raire noir avec chrysanth\u00e8mes roses et p\u00eache et plaque \u00ab Souviens-toi pour toujours \u00bb."},{"@type":"BreadcrumbList","@id":"https:\/\/www.rememberme-forever.com\/fr\/produit\/vase-funeraire-grand-bol-pour-composition-florale\/#breadcrumb","itemListElement":[{"@type":"ListItem","position":1,"name":"Home","item":"https:\/\/www.rememberme-forever.com\/fr\/accueil\/"},{"@type":"ListItem","position":2,"name":"Boutique","item":"https:\/\/www.rememberme-forever.com\/fr\/boutique\/"},{"@type":"ListItem","position":3,"name":"Vase fun\u00e9raire &#8211; grand bol pour composition florale"}]},{"@type":"WebSite","@id":"https:\/\/www.rememberme-forever.com\/fr\/#website","url":"https:\/\/www.rememberme-forever.com\/fr\/","name":"Remember Forever","description":"Cremation urns, funeral urns, urns for ashes","publisher":{"@id":"https:\/\/www.rememberme-forever.com\/fr\/#organization"},"potentialAction":[{"@type":"SearchAction","target":{"@type":"EntryPoint","urlTemplate":"https:\/\/www.rememberme-forever.com\/fr\/?s={search_term_string}"},"query-input":{"@type":"PropertyValueSpecification","valueRequired":true,"valueName":"search_term_string"}}],"inLanguage":"fr-FR"},{"@type":"Organization","@id":"https:\/\/www.rememberme-forever.com\/fr\/#organization","name":"Remember Forever","url":"https:\/\/www.rememberme-forever.com\/fr\/","logo":{"@type":"ImageObject","inLanguage":"fr-FR","@id":"https:\/\/www.rememberme-forever.com\/fr\/#\/schema\/logo\/image\/","url":"https:\/\/www.rememberme-forever.com\/wp-content\/uploads\/2023\/02\/logo.png","contentUrl":"https:\/\/www.rememberme-forever.com\/wp-content\/uploads\/2023\/02\/logo.png","width":300,"height":56,"caption":"Remember Forever"},"image":{"@id":"https:\/\/www.rememberme-forever.com\/fr\/#\/schema\/logo\/image\/"}}]}},"acf":[],"_links":{"self":[{"href":"https:\/\/www.rememberme-forever.com\/fr\/wp-json\/wp\/v2\/product\/23108","targetHints":{"allow":["GET"]}}],"collection":[{"href":"https:\/\/www.rememberme-forever.com\/fr\/wp-json\/wp\/v2\/product"}],"about":[{"href":"https:\/\/www.rememberme-forever.com\/fr\/wp-json\/wp\/v2\/types\/product"}],"wp:featuredmedia":[{"embeddable":true,"href":"https:\/\/www.rememberme-forever.com\/fr\/wp-json\/wp\/v2\/media\/21833"}],"wp:attachment":[{"href":"https:\/\/www.rememberme-forever.com\/fr\/wp-json\/wp\/v2\/media?parent=23108"}],"wp:term":[{"taxonomy":"product_brand","embeddable":true,"href":"https:\/\/www.rememberme-forever.com\/fr\/wp-json\/wp\/v2\/product_brand?post=23108"},{"taxonomy":"product_cat","embeddable":true,"href":"https:\/\/www.rememberme-forever.com\/fr\/wp-json\/wp\/v2\/product_cat?post=23108"},{"taxonomy":"product_tag","embeddable":true,"href":"https:\/\/www.rememberme-forever.com\/fr\/wp-json\/wp\/v2\/product_tag?post=23108"}],"curies":[{"name":"wp","href":"https:\/\/api.w.org\/{rel}","templated":true}]}}