{"id":23120,"date":"2025-07-28T13:41:21","date_gmt":"2025-07-28T11:41:21","guid":{"rendered":"https:\/\/www.rememberme-forever.com\/product\/urne-funeraire-en-forme-de-voiture-cadillac-classique\/"},"modified":"2025-12-01T10:28:19","modified_gmt":"2025-12-01T09:28:19","slug":"urne-funeraire-en-forme-de-voiture-cadillac-classique","status":"publish","type":"product","link":"https:\/\/www.rememberme-forever.com\/fr\/produit\/urne-funeraire-en-forme-de-voiture-cadillac-classique\/","title":{"rendered":"Urne fun\u00e9raire en forme de voiture Cadillac classique"},"content":{"rendered":"<div style=\"text-align: center;\"><\/div>\n<div style=\"text-align: center;\" data-mce-fragment=\"1\">\n<p data-start=\"42\" data-end=\"125\"><span data-start=\"42\" data-end=\"125\"><span style=\"font-size: 12px;\">Urne fun\u00e9raire orn\u00e9e d&rsquo;un motif de Cadillac classique \u2013 un hommage aux passionn\u00e9s d&rsquo;automobile<\/span><\/span><\/p>\n<p data-start=\"127\" data-end=\"396\"><span style=\"font-weight: normal;\"><span style=\"font-size: 12px;\">Cette urne fun\u00e9raire unique a \u00e9t\u00e9 con\u00e7ue pour les personnes qui ont vou\u00e9 une v\u00e9ritable passion aux voitures, et plus particuli\u00e8rement aux mod\u00e8les classiques. La face avant de l&rsquo;urne est orn\u00e9e d&rsquo;une gravure fine repr\u00e9sentant l&#8217;embl\u00e9matique Cadillac \u2013 symbole d&rsquo;\u00e9l\u00e9gance, de libert\u00e9 et de passion pour la conduite. <\/span><\/span><\/p>\n<p data-start=\"398\" data-end=\"748\"><span style=\"font-weight: normal;\"><span style=\"font-size: 12px;\">Le corps de l&rsquo;urne est fabriqu\u00e9 en acier inoxydable de haute qualit\u00e9, garantissant sa durabilit\u00e9 et son \u00e9l\u00e9gance pour de nombreuses ann\u00e9es. Le couvercle sup\u00e9rieur est en bois fonc\u00e9, offrant un contraste subtil avec l&rsquo;acier et soulignant le caract\u00e8re noble de l&rsquo;ensemble. L&rsquo;int\u00e9rieur de l&rsquo;urne est doubl\u00e9 de feutre doux pour prot\u00e9ger les cendres et leur offrir un lieu de repos digne. <\/span><\/span><\/p>\n<p data-start=\"750\" data-end=\"911\"><span style=\"font-weight: normal;\"><span style=\"font-size: 12px;\">De plus, une plaque m\u00e9tallique sur le dessus de l&rsquo;urne permet de faire graver un texte personnalis\u00e9 en m\u00e9moire du d\u00e9funt : nom, dates, citation ou un message d&rsquo;adieu.<\/span><\/span><\/p>\n<p data-start=\"918\" data-end=\"937\">\n<div style=\"width: 100%; margin-bottom: 40px; height: max-content; padding-bottom: 60%; position: relative;\"><iframe style=\"position: absolute; top: 0; left: 0; width: 100%; height: 100%;\" src=\"https:\/\/rememberme-urns.com\/theme-urn-with-cadillac-car\/\" frameborder=\"0\"><\/iframe><\/div>\n<div style=\"color: red; text-align: center; margin-bottom: 25px;\">\n<p>&gt;&gt; Rotation de la photo &#8211; appuyer\/zoomer &lt;&lt;<\/p>\n<\/div>\n<p data-start=\"918\" data-end=\"937\"><strong><span style=\"font-size: 12px;\">Caract\u00e9ristiques du produit :<\/span><\/strong><\/p>\n<p>Mat\u00e9riaux : Acier inoxydable (corps), bois (couvercle)<br \/>\n<span style=\"font-size: 12px; font-family: inherit;\">Motif: <\/span><span style=\"font-size: 12px; font-weight: normal; font-family: inherit;\">classic Cadillac car &#8211; engraving on the front<\/span><br \/>\nPersonnalisation : Gravure possible sur la plaque.<br \/>\nInt\u00e9rieur : Doublure en feutre doux.<br \/>\n<span style=\"font-size: 12px; font-family: inherit;\">Capacity:<\/span><span style=\"font-size: 12px; font-weight: normal; font-family: inherit;\"> suitable for the full ashes of an adult<\/span><br \/>\n<span style=\"font-size: 12px; font-family: inherit;\">Capacit\u00e9 : Convient pour contenir la totalit\u00e9 des cendres d\u2019un adulte.<\/span><\/p>\n<p data-start=\"1251\" data-end=\"1398\" data-is-last-node=\"\" data-is-only-node=\"\">\n<p data-start=\"1251\" data-end=\"1398\" data-is-last-node=\"\" data-is-only-node=\"\"><span style=\"font-weight: normal;\"><span style=\"font-size: 12px;\">Bien plus qu\u2019une simple urne, c\u2019est un symbole unique d\u2019une vie passionn\u00e9e. Id\u00e9ale pour l\u2019homme, le collectionneur ou le m\u00e9canicien dont le c\u0153ur battait pour l\u2019automobile. <\/span><\/span><\/p>\n<\/div>\n<p>&nbsp;<\/p>\n<p style=\"text-align: center;\"><strong>\u25ba PERSONNALISATION \u25c4<\/strong><\/p>\n<p style=\"text-align: center;\">\u2714\ufe0f Pour une plaque personnalis\u00e9e, saisissez le texte \u00e0 l&rsquo;endroit pr\u00e9vu ou envoyez-nous un message.<\/p>\n<p style=\"text-align: center;\">\u2714\ufe0f La plaque comm\u00e9morative personnalis\u00e9e doit \u00eatre personnalis\u00e9e lors de la commande. (N&rsquo;h\u00e9sitez pas \u00e0 nous contacter ult\u00e9rieurement si vous oubliez de le faire.)<\/p>\n<p>&nbsp;<\/p>\n<p style=\"text-align: center;\"><b>Les limites de texte sont les suivantes :<\/b><\/p>\n<p style=\"text-align: center;\"><span style=\"color: var(--text-color); font-size: 14px;\">Nom(s) jusqu&rsquo;\u00e0 24 caract\u00e8res<\/span><\/p>\n<p style=\"text-align: center;\"><span style=\"color: var(--text-color); font-size: 14px;\">Dates de naissance et de d\u00e9c\u00e8s jusqu&rsquo;\u00e0 24 caract\u00e8res<\/span><\/p>\n<p style=\"text-align: center;\"><span style=\"color: var(--text-color); font-size: 14px;\">Troisi\u00e8me ligne jusqu&rsquo;\u00e0 24 caract\u00e8res<\/span><\/p>\n<p style=\"text-align: center;\"><span style=\"font-size: 14px;\">Quatri\u00e8me ligne jusqu&rsquo;\u00e0 24 caract\u00e8res<\/span><\/p>\n<p style=\"text-align: center;\"><span style=\"font-size: 14px;\">Cinqui\u00e8me ligne : 24 caract\u00e8res maximum<\/span><\/p>\n<div style=\"text-align: center;\"><\/div>\n<p style=\"text-align: center;\">\u2714\ufe0f Veuillez <strong>V\u00c9RIFIER<\/strong> le texte de gravure avant d&rsquo;ajouter le produit \u00e0 votre panier. Nous reproduisons et gravons exactement les informations re\u00e7ues lors de la commande et n&rsquo;y apportons aucune modification.<\/p>\n<p style=\"text-align: center;\">\u2714\ufe0f V\u00e9rifiez l&rsquo;orthographe du texte.<\/p>\n<p style=\"text-align: center;\">\u2714\ufe0f <strong>Ne saisissez<\/strong> pas d&rsquo;informations de gravure si vous achetez l&rsquo;option \u00ab Urne sans plaque \u00bb.<\/p>\n","protected":false},"excerpt":{"rendered":"<p>Urne fun\u00e9raire orn\u00e9e d&rsquo;un motif de Cadillac classique \u2013 un hommage aux passionn\u00e9s d&rsquo;automobile Cette urne fun\u00e9raire unique a \u00e9t\u00e9 con\u00e7ue pour les personnes qui&#8230;<\/p>\n","protected":false},"featured_media":23116,"template":"","meta":{"_acf_changed":false},"product_brand":[],"product_cat":[2419,2421],"product_tag":[3350],"class_list":{"0":"post-23120","1":"product","2":"type-product","3":"status-publish","4":"has-post-thumbnail","6":"product_cat-urnes-a-theme","7":"product_cat-voitures","8":"product_tag-gpsr-metal_wood_cover","9":"product_shipping_class-2-4kg-fr","11":"first","12":"instock","13":"taxable","14":"shipping-taxable","15":"purchasable","16":"product-type-simple"},"yoast_head":"<!-- This site is optimized with the Yoast SEO plugin v27.4 - https:\/\/yoast.com\/product\/yoast-seo-wordpress\/ -->\n<title>Urne fun\u00e9raire en forme de voiture Cadillac classique - Remember Forever<\/title>\n<meta name=\"robots\" content=\"index, follow, max-snippet:-1, max-image-preview:large, max-video-preview:-1\" \/>\n<link rel=\"canonical\" href=\"https:\/\/www.rememberme-forever.com\/fr\/produit\/urne-funeraire-en-forme-de-voiture-cadillac-classique\/\" \/>\n<meta property=\"og:locale\" content=\"fr_FR\" \/>\n<meta property=\"og:type\" content=\"article\" \/>\n<meta property=\"og:title\" content=\"Urne fun\u00e9raire en forme de voiture Cadillac classique - Remember Forever\" \/>\n<meta property=\"og:description\" content=\"Urne fun\u00e9raire orn\u00e9e d&rsquo;un motif de Cadillac classique \u2013 un hommage aux passionn\u00e9s d&rsquo;automobile Cette urne fun\u00e9raire unique a \u00e9t\u00e9 con\u00e7ue pour les personnes qui...\" \/>\n<meta property=\"og:url\" content=\"https:\/\/www.rememberme-forever.com\/fr\/produit\/urne-funeraire-en-forme-de-voiture-cadillac-classique\/\" \/>\n<meta property=\"og:site_name\" content=\"Remember Forever\" \/>\n<meta property=\"article:modified_time\" content=\"2025-12-01T09:28:19+00:00\" \/>\n<meta property=\"og:image\" content=\"http:\/\/www.rememberme-forever.com\/wp-content\/uploads\/2025\/07\/cadilac-urn_0001.jpg\" \/>\n\t<meta property=\"og:image:width\" content=\"1007\" \/>\n\t<meta property=\"og:image:height\" content=\"1024\" \/>\n\t<meta property=\"og:image:type\" content=\"image\/jpeg\" \/>\n<meta name=\"twitter:card\" content=\"summary_large_image\" \/>\n<meta name=\"twitter:label1\" content=\"Dur\u00e9e de lecture estim\u00e9e\" \/>\n\t<meta name=\"twitter:data1\" content=\"2 minutes\" \/>\n<script type=\"application\/ld+json\" class=\"yoast-schema-graph\">{\"@context\":\"https:\\\/\\\/schema.org\",\"@graph\":[{\"@type\":\"WebPage\",\"@id\":\"https:\\\/\\\/www.rememberme-forever.com\\\/fr\\\/produit\\\/urne-funeraire-en-forme-de-voiture-cadillac-classique\\\/\",\"url\":\"https:\\\/\\\/www.rememberme-forever.com\\\/fr\\\/produit\\\/urne-funeraire-en-forme-de-voiture-cadillac-classique\\\/\",\"name\":\"Urne fun\u00e9raire en forme de voiture Cadillac classique - Remember Forever\",\"isPartOf\":{\"@id\":\"https:\\\/\\\/www.rememberme-forever.com\\\/fr\\\/#website\"},\"primaryImageOfPage\":{\"@id\":\"https:\\\/\\\/www.rememberme-forever.com\\\/fr\\\/produit\\\/urne-funeraire-en-forme-de-voiture-cadillac-classique\\\/#primaryimage\"},\"image\":{\"@id\":\"https:\\\/\\\/www.rememberme-forever.com\\\/fr\\\/produit\\\/urne-funeraire-en-forme-de-voiture-cadillac-classique\\\/#primaryimage\"},\"thumbnailUrl\":\"https:\\\/\\\/www.rememberme-forever.com\\\/wp-content\\\/uploads\\\/2025\\\/07\\\/cadilac-urn_0001.jpg\",\"datePublished\":\"2025-07-28T11:41:21+00:00\",\"dateModified\":\"2025-12-01T09:28:19+00:00\",\"breadcrumb\":{\"@id\":\"https:\\\/\\\/www.rememberme-forever.com\\\/fr\\\/produit\\\/urne-funeraire-en-forme-de-voiture-cadillac-classique\\\/#breadcrumb\"},\"inLanguage\":\"fr-FR\",\"potentialAction\":[{\"@type\":\"ReadAction\",\"target\":[\"https:\\\/\\\/www.rememberme-forever.com\\\/fr\\\/produit\\\/urne-funeraire-en-forme-de-voiture-cadillac-classique\\\/\"]}]},{\"@type\":\"ImageObject\",\"inLanguage\":\"fr-FR\",\"@id\":\"https:\\\/\\\/www.rememberme-forever.com\\\/fr\\\/produit\\\/urne-funeraire-en-forme-de-voiture-cadillac-classique\\\/#primaryimage\",\"url\":\"https:\\\/\\\/www.rememberme-forever.com\\\/wp-content\\\/uploads\\\/2025\\\/07\\\/cadilac-urn_0001.jpg\",\"contentUrl\":\"https:\\\/\\\/www.rememberme-forever.com\\\/wp-content\\\/uploads\\\/2025\\\/07\\\/cadilac-urn_0001.jpg\",\"width\":1007,\"height\":1024,\"caption\":\"Vue lat\u00e9rale d'une urne fun\u00e9raire avec gravure d'une Cadillac.\"},{\"@type\":\"BreadcrumbList\",\"@id\":\"https:\\\/\\\/www.rememberme-forever.com\\\/fr\\\/produit\\\/urne-funeraire-en-forme-de-voiture-cadillac-classique\\\/#breadcrumb\",\"itemListElement\":[{\"@type\":\"ListItem\",\"position\":1,\"name\":\"Home\",\"item\":\"https:\\\/\\\/www.rememberme-forever.com\\\/fr\\\/accueil\\\/\"},{\"@type\":\"ListItem\",\"position\":2,\"name\":\"Boutique\",\"item\":\"https:\\\/\\\/www.rememberme-forever.com\\\/fr\\\/boutique\\\/\"},{\"@type\":\"ListItem\",\"position\":3,\"name\":\"Urne fun\u00e9raire en forme de voiture Cadillac classique\"}]},{\"@type\":\"WebSite\",\"@id\":\"https:\\\/\\\/www.rememberme-forever.com\\\/fr\\\/#website\",\"url\":\"https:\\\/\\\/www.rememberme-forever.com\\\/fr\\\/\",\"name\":\"Remember Forever\",\"description\":\"Cremation urns, funeral urns, urns for ashes\",\"publisher\":{\"@id\":\"https:\\\/\\\/www.rememberme-forever.com\\\/fr\\\/#organization\"},\"potentialAction\":[{\"@type\":\"SearchAction\",\"target\":{\"@type\":\"EntryPoint\",\"urlTemplate\":\"https:\\\/\\\/www.rememberme-forever.com\\\/fr\\\/?s={search_term_string}\"},\"query-input\":{\"@type\":\"PropertyValueSpecification\",\"valueRequired\":true,\"valueName\":\"search_term_string\"}}],\"inLanguage\":\"fr-FR\"},{\"@type\":\"Organization\",\"@id\":\"https:\\\/\\\/www.rememberme-forever.com\\\/fr\\\/#organization\",\"name\":\"Remember Forever\",\"url\":\"https:\\\/\\\/www.rememberme-forever.com\\\/fr\\\/\",\"logo\":{\"@type\":\"ImageObject\",\"inLanguage\":\"fr-FR\",\"@id\":\"https:\\\/\\\/www.rememberme-forever.com\\\/fr\\\/#\\\/schema\\\/logo\\\/image\\\/\",\"url\":\"https:\\\/\\\/www.rememberme-forever.com\\\/wp-content\\\/uploads\\\/2023\\\/02\\\/logo.png\",\"contentUrl\":\"https:\\\/\\\/www.rememberme-forever.com\\\/wp-content\\\/uploads\\\/2023\\\/02\\\/logo.png\",\"width\":300,\"height\":56,\"caption\":\"Remember Forever\"},\"image\":{\"@id\":\"https:\\\/\\\/www.rememberme-forever.com\\\/fr\\\/#\\\/schema\\\/logo\\\/image\\\/\"}}]}<\/script>\n<!-- \/ Yoast SEO plugin. -->","yoast_head_json":{"title":"Urne fun\u00e9raire en forme de voiture Cadillac classique - Remember Forever","robots":{"index":"index","follow":"follow","max-snippet":"max-snippet:-1","max-image-preview":"max-image-preview:large","max-video-preview":"max-video-preview:-1"},"canonical":"https:\/\/www.rememberme-forever.com\/fr\/produit\/urne-funeraire-en-forme-de-voiture-cadillac-classique\/","og_locale":"fr_FR","og_type":"article","og_title":"Urne fun\u00e9raire en forme de voiture Cadillac classique - Remember Forever","og_description":"Urne fun\u00e9raire orn\u00e9e d&rsquo;un motif de Cadillac classique \u2013 un hommage aux passionn\u00e9s d&rsquo;automobile Cette urne fun\u00e9raire unique a \u00e9t\u00e9 con\u00e7ue pour les personnes qui...","og_url":"https:\/\/www.rememberme-forever.com\/fr\/produit\/urne-funeraire-en-forme-de-voiture-cadillac-classique\/","og_site_name":"Remember Forever","article_modified_time":"2025-12-01T09:28:19+00:00","og_image":[{"width":1007,"height":1024,"url":"http:\/\/www.rememberme-forever.com\/wp-content\/uploads\/2025\/07\/cadilac-urn_0001.jpg","type":"image\/jpeg"}],"twitter_card":"summary_large_image","twitter_misc":{"Dur\u00e9e de lecture estim\u00e9e":"2 minutes"},"schema":{"@context":"https:\/\/schema.org","@graph":[{"@type":"WebPage","@id":"https:\/\/www.rememberme-forever.com\/fr\/produit\/urne-funeraire-en-forme-de-voiture-cadillac-classique\/","url":"https:\/\/www.rememberme-forever.com\/fr\/produit\/urne-funeraire-en-forme-de-voiture-cadillac-classique\/","name":"Urne fun\u00e9raire en forme de voiture Cadillac classique - Remember Forever","isPartOf":{"@id":"https:\/\/www.rememberme-forever.com\/fr\/#website"},"primaryImageOfPage":{"@id":"https:\/\/www.rememberme-forever.com\/fr\/produit\/urne-funeraire-en-forme-de-voiture-cadillac-classique\/#primaryimage"},"image":{"@id":"https:\/\/www.rememberme-forever.com\/fr\/produit\/urne-funeraire-en-forme-de-voiture-cadillac-classique\/#primaryimage"},"thumbnailUrl":"https:\/\/www.rememberme-forever.com\/wp-content\/uploads\/2025\/07\/cadilac-urn_0001.jpg","datePublished":"2025-07-28T11:41:21+00:00","dateModified":"2025-12-01T09:28:19+00:00","breadcrumb":{"@id":"https:\/\/www.rememberme-forever.com\/fr\/produit\/urne-funeraire-en-forme-de-voiture-cadillac-classique\/#breadcrumb"},"inLanguage":"fr-FR","potentialAction":[{"@type":"ReadAction","target":["https:\/\/www.rememberme-forever.com\/fr\/produit\/urne-funeraire-en-forme-de-voiture-cadillac-classique\/"]}]},{"@type":"ImageObject","inLanguage":"fr-FR","@id":"https:\/\/www.rememberme-forever.com\/fr\/produit\/urne-funeraire-en-forme-de-voiture-cadillac-classique\/#primaryimage","url":"https:\/\/www.rememberme-forever.com\/wp-content\/uploads\/2025\/07\/cadilac-urn_0001.jpg","contentUrl":"https:\/\/www.rememberme-forever.com\/wp-content\/uploads\/2025\/07\/cadilac-urn_0001.jpg","width":1007,"height":1024,"caption":"Vue lat\u00e9rale d'une urne fun\u00e9raire avec gravure d'une Cadillac."},{"@type":"BreadcrumbList","@id":"https:\/\/www.rememberme-forever.com\/fr\/produit\/urne-funeraire-en-forme-de-voiture-cadillac-classique\/#breadcrumb","itemListElement":[{"@type":"ListItem","position":1,"name":"Home","item":"https:\/\/www.rememberme-forever.com\/fr\/accueil\/"},{"@type":"ListItem","position":2,"name":"Boutique","item":"https:\/\/www.rememberme-forever.com\/fr\/boutique\/"},{"@type":"ListItem","position":3,"name":"Urne fun\u00e9raire en forme de voiture Cadillac classique"}]},{"@type":"WebSite","@id":"https:\/\/www.rememberme-forever.com\/fr\/#website","url":"https:\/\/www.rememberme-forever.com\/fr\/","name":"Remember Forever","description":"Cremation urns, funeral urns, urns for ashes","publisher":{"@id":"https:\/\/www.rememberme-forever.com\/fr\/#organization"},"potentialAction":[{"@type":"SearchAction","target":{"@type":"EntryPoint","urlTemplate":"https:\/\/www.rememberme-forever.com\/fr\/?s={search_term_string}"},"query-input":{"@type":"PropertyValueSpecification","valueRequired":true,"valueName":"search_term_string"}}],"inLanguage":"fr-FR"},{"@type":"Organization","@id":"https:\/\/www.rememberme-forever.com\/fr\/#organization","name":"Remember Forever","url":"https:\/\/www.rememberme-forever.com\/fr\/","logo":{"@type":"ImageObject","inLanguage":"fr-FR","@id":"https:\/\/www.rememberme-forever.com\/fr\/#\/schema\/logo\/image\/","url":"https:\/\/www.rememberme-forever.com\/wp-content\/uploads\/2023\/02\/logo.png","contentUrl":"https:\/\/www.rememberme-forever.com\/wp-content\/uploads\/2023\/02\/logo.png","width":300,"height":56,"caption":"Remember Forever"},"image":{"@id":"https:\/\/www.rememberme-forever.com\/fr\/#\/schema\/logo\/image\/"}}]}},"acf":[],"_links":{"self":[{"href":"https:\/\/www.rememberme-forever.com\/fr\/wp-json\/wp\/v2\/product\/23120","targetHints":{"allow":["GET"]}}],"collection":[{"href":"https:\/\/www.rememberme-forever.com\/fr\/wp-json\/wp\/v2\/product"}],"about":[{"href":"https:\/\/www.rememberme-forever.com\/fr\/wp-json\/wp\/v2\/types\/product"}],"wp:featuredmedia":[{"embeddable":true,"href":"https:\/\/www.rememberme-forever.com\/fr\/wp-json\/wp\/v2\/media\/23116"}],"wp:attachment":[{"href":"https:\/\/www.rememberme-forever.com\/fr\/wp-json\/wp\/v2\/media?parent=23120"}],"wp:term":[{"taxonomy":"product_brand","embeddable":true,"href":"https:\/\/www.rememberme-forever.com\/fr\/wp-json\/wp\/v2\/product_brand?post=23120"},{"taxonomy":"product_cat","embeddable":true,"href":"https:\/\/www.rememberme-forever.com\/fr\/wp-json\/wp\/v2\/product_cat?post=23120"},{"taxonomy":"product_tag","embeddable":true,"href":"https:\/\/www.rememberme-forever.com\/fr\/wp-json\/wp\/v2\/product_tag?post=23120"}],"curies":[{"name":"wp","href":"https:\/\/api.w.org\/{rel}","templated":true}]}}