{"id":23164,"date":"2025-04-16T13:16:31","date_gmt":"2025-04-16T11:16:31","guid":{"rendered":"https:\/\/www.rememberme-forever.com\/product\/magnifique-urne-funeraire-en-ceramique-pour-enfant-urne-funeraire-decorative-pour-bebe\/"},"modified":"2025-12-02T09:24:23","modified_gmt":"2025-12-02T08:24:23","slug":"magnifique-urne-funeraire-en-ceramique-pour-enfant-urne-funeraire-decorative-pour-bebe","status":"publish","type":"product","link":"https:\/\/www.rememberme-forever.com\/fr\/produit\/magnifique-urne-funeraire-en-ceramique-pour-enfant-urne-funeraire-decorative-pour-bebe\/","title":{"rendered":"Magnifique urne fun\u00e9raire en c\u00e9ramique pour enfant. Urne fun\u00e9raire d\u00e9corative pour b\u00e9b\u00e9."},"content":{"rendered":"<div style=\"text-indent: 0px; text-align: center;\">\n<p class=\"\" data-start=\"80\" data-end=\"388\">La perte d&rsquo;un enfant est une douleur indescriptible. Dans ces moments si difficiles, il est important de pouvoir honorer la m\u00e9moire de cette petite vie avec tendresse et amour. Cette urne fun\u00e9raire miniature en c\u00e9ramique est unique et a \u00e9t\u00e9 cr\u00e9\u00e9e sp\u00e9cialement pour les tout-petits, ceux qui resteront \u00e0 jamais dans votre c\u0153ur.<\/p>\n<p class=\"\" data-start=\"390\" data-end=\"623\">L&rsquo;urne poss\u00e8de une forme \u00e0 la fois belle et originale qui attire le regard par sa d\u00e9licatesse. Sa forme et sa finition en font non seulement un lieu de repos, mais aussi un souvenir touchant \u00e0 placer dans un espace de recueillement familial.<\/p>\n<p class=\"\" data-start=\"625\" data-end=\"910\">L&rsquo;urne peut \u00eatre accompagn\u00e9e d&rsquo;une plaque grav\u00e9e personnalis\u00e9e, appos\u00e9e sur un socle en plexiglas transparent. Vous pouvez y inscrire un nom, une date ou un court message. Les cendres sont vers\u00e9es par le dessous gr\u00e2ce \u00e0 un fond amovible, qui peut \u00eatre fix\u00e9 d\u00e9finitivement avec de la colle ou du silicone.<\/p>\n<p class=\"\" data-start=\"912\" data-end=\"1038\">C&rsquo;est une mani\u00e8re paisible, chaleureuse et empreinte d&rsquo;amour de dire adieu et de garder \u00e0 jamais le souvenir d&rsquo;un enfant aim\u00e9 pr\u00e8s de vous.<\/p>\n<\/div>\n<p class=\"MsoNormal\" style=\"text-align: center;\" align=\"center\"><span style=\"color: #000000;\"><b><b>\u25ba PERSONNALISATION \u25c4<\/b><\/b><\/span><\/p>\n<p class=\"MsoNormal\" style=\"text-align: center;\" align=\"center\"><span style=\"color: #000000;\"><span lang=\"EN-US\">Si vous choisissez une plaque personnalis\u00e9e, inscrivez le texte \u00e0 l&rsquo;endroit appropri\u00e9 ou envoyez-nous un message.<\/span><\/span><\/p>\n<p class=\"MsoNormal\" style=\"text-align: center;\" align=\"center\"><span style=\"color: #000000;\"><span lang=\"EN-US\">La plaque comm\u00e9morative personnalis\u00e9e doit \u00eatre personnalis\u00e9e lors de la commande. (En cas d&rsquo;oubli, n&rsquo;h\u00e9sitez pas \u00e0 nous contacter ult\u00e9rieurement.) <\/span><\/span><\/p>\n<p class=\"MsoNormal\" style=\"text-align: center;\" align=\"center\">\n<p class=\"MsoNormal\" style=\"text-align: center;\" align=\"center\"><span style=\"color: #000000;\"><b><span lang=\"EN-US\">Les limites de texte sont les suivantes :<\/span><\/b><\/span><\/p>\n<p class=\"MsoNormal\" style=\"text-align: center;\" align=\"center\"><span style=\"color: #000000;\">&#8211; Nom(s) jusqu&rsquo;\u00e0 24 caract\u00e8res<\/span><\/p>\n<p class=\"MsoNormal\" style=\"text-align: center;\" align=\"center\"><span style=\"color: #000000;\"><span lang=\"EN-US\">&#8211; Date(s) de naissance et de d\u00e9c\u00e8s (24 caract\u00e8res maximum)<\/span><\/span><\/p>\n<p class=\"MsoNormal\" style=\"text-align: center;\" align=\"center\"><span style=\"color: #000000;\">&#8211; Troisi\u00e8me ligne (24 caract\u00e8res maximum)<\/span><\/p>\n<p class=\"MsoNormal\" style=\"text-align: center;\" align=\"center\"><span style=\"color: #000000;\">&#8211; Quatri\u00e8me ligne (24 caract\u00e8res maximum)<\/span><\/p>\n<p class=\"MsoNormal\" style=\"text-align: center;\" align=\"center\"><span style=\"color: #000000;\">&#8211; Cinqui\u00e8me ligne (24 caract\u00e8res maximum)<\/span><\/p>\n<p class=\"MsoNormal\" style=\"text-align: center;\" align=\"center\">\n<p class=\"MsoNormal\" style=\"text-align: center;\" align=\"center\"><span style=\"color: #000000;\"><b><span lang=\"EN-US\">Veuillez V\u00c9RIFIER le texte de gravure avant d&rsquo;ajouter le produit \u00e0 votre panier. <\/span><\/b><\/span><\/p>\n<p class=\"MsoNormal\" style=\"text-align: center;\" align=\"center\"><span style=\"color: #000000;\"><b><span lang=\"EN-US\">Nous reproduisons et gravons exactement les informations re\u00e7ues lors de la commande et n&rsquo;y apportons aucune modification.<\/span><\/b><\/span><\/p>\n<p class=\"MsoNormal\" style=\"text-align: center;\" align=\"center\">\n<p class=\"MsoNormal\" style=\"text-align: center;\" align=\"center\"><span style=\"color: #000000;\"><span lang=\"EN-US\">V\u00e9rifiez l&rsquo;orthographe du texte.<\/span><\/span><\/p>\n<p class=\"MsoNormal\" style=\"text-align: center;\" align=\"center\"><span style=\"color: #000000;\">N&rsquo;indiquez PAS de texte de gravure si vous achetez l&rsquo;option \u00ab Urne sans plaque \u00bb.<\/span><\/p>\n<p style=\"text-align: center;\"><strong><em><span style=\"color: #000000;\">La plaque comm\u00e9morative sera ajout\u00e9e s\u00e9par\u00e9ment avec le support, comme sur la photo.<\/span><\/em><\/strong><\/p>\n<p class=\"MsoNormal\" style=\"text-align: center;\" align=\"center\"><span style=\"color: #000000;\">(Le support de la plaque comm\u00e9morative est en plexiglas transparent.) <\/span><\/p>\n","protected":false},"excerpt":{"rendered":"<p>La perte d&rsquo;un enfant est une douleur indescriptible. Dans ces moments si difficiles, il est important de pouvoir honorer la m\u00e9moire de cette petite vie&#8230;<\/p>\n","protected":false},"featured_media":23157,"template":"","meta":{"_acf_changed":false},"product_brand":[],"product_cat":[2409],"product_tag":[3310],"class_list":{"0":"post-23164","1":"product","2":"type-product","3":"status-publish","4":"has-post-thumbnail","6":"product_cat-urnes-pour-enfants","7":"product_tag-gpsr-ceramic-urns","8":"product_shipping_class-1-2-kg-fr","10":"first","11":"instock","12":"taxable","13":"shipping-taxable","14":"purchasable","15":"product-type-simple"},"yoast_head":"<!-- This site is optimized with the Yoast SEO plugin v27.4 - https:\/\/yoast.com\/product\/yoast-seo-wordpress\/ -->\n<title>Magnifique urne fun\u00e9raire en c\u00e9ramique pour enfant. Urne fun\u00e9raire d\u00e9corative pour b\u00e9b\u00e9.<\/title>\n<meta name=\"robots\" content=\"index, follow, max-snippet:-1, max-image-preview:large, max-video-preview:-1\" \/>\n<link rel=\"canonical\" href=\"https:\/\/www.rememberme-forever.com\/fr\/produit\/magnifique-urne-funeraire-en-ceramique-pour-enfant-urne-funeraire-decorative-pour-bebe\/\" \/>\n<meta property=\"og:locale\" content=\"fr_FR\" \/>\n<meta property=\"og:type\" content=\"article\" \/>\n<meta property=\"og:title\" content=\"Magnifique urne fun\u00e9raire en c\u00e9ramique pour enfant. Urne fun\u00e9raire d\u00e9corative pour b\u00e9b\u00e9.\" \/>\n<meta property=\"og:description\" content=\"La perte d&rsquo;un enfant est une douleur indescriptible. Dans ces moments si difficiles, il est important de pouvoir honorer la m\u00e9moire de cette petite vie...\" \/>\n<meta property=\"og:url\" content=\"https:\/\/www.rememberme-forever.com\/fr\/produit\/magnifique-urne-funeraire-en-ceramique-pour-enfant-urne-funeraire-decorative-pour-bebe\/\" \/>\n<meta property=\"og:site_name\" content=\"Remember Forever\" \/>\n<meta property=\"article:modified_time\" content=\"2025-12-02T08:24:23+00:00\" \/>\n<meta property=\"og:image\" content=\"http:\/\/www.rememberme-forever.com\/wp-content\/uploads\/2025\/04\/ceramic-urn-with-heart_00012plaque.jpg\" \/>\n\t<meta property=\"og:image:width\" content=\"1007\" \/>\n\t<meta property=\"og:image:height\" content=\"1024\" \/>\n\t<meta property=\"og:image:type\" content=\"image\/jpeg\" \/>\n<meta name=\"twitter:card\" content=\"summary_large_image\" \/>\n<meta name=\"twitter:label1\" content=\"Dur\u00e9e de lecture estim\u00e9e\" \/>\n\t<meta name=\"twitter:data1\" content=\"2 minutes\" \/>\n<script type=\"application\/ld+json\" class=\"yoast-schema-graph\">{\"@context\":\"https:\\\/\\\/schema.org\",\"@graph\":[{\"@type\":\"WebPage\",\"@id\":\"https:\\\/\\\/www.rememberme-forever.com\\\/fr\\\/produit\\\/magnifique-urne-funeraire-en-ceramique-pour-enfant-urne-funeraire-decorative-pour-bebe\\\/\",\"url\":\"https:\\\/\\\/www.rememberme-forever.com\\\/fr\\\/produit\\\/magnifique-urne-funeraire-en-ceramique-pour-enfant-urne-funeraire-decorative-pour-bebe\\\/\",\"name\":\"Magnifique urne fun\u00e9raire en c\u00e9ramique pour enfant. Urne fun\u00e9raire d\u00e9corative pour b\u00e9b\u00e9.\",\"isPartOf\":{\"@id\":\"https:\\\/\\\/www.rememberme-forever.com\\\/fr\\\/#website\"},\"primaryImageOfPage\":{\"@id\":\"https:\\\/\\\/www.rememberme-forever.com\\\/fr\\\/produit\\\/magnifique-urne-funeraire-en-ceramique-pour-enfant-urne-funeraire-decorative-pour-bebe\\\/#primaryimage\"},\"image\":{\"@id\":\"https:\\\/\\\/www.rememberme-forever.com\\\/fr\\\/produit\\\/magnifique-urne-funeraire-en-ceramique-pour-enfant-urne-funeraire-decorative-pour-bebe\\\/#primaryimage\"},\"thumbnailUrl\":\"https:\\\/\\\/www.rememberme-forever.com\\\/wp-content\\\/uploads\\\/2025\\\/04\\\/ceramic-urn-with-heart_00012plaque.jpg\",\"datePublished\":\"2025-04-16T11:16:31+00:00\",\"dateModified\":\"2025-12-02T08:24:23+00:00\",\"breadcrumb\":{\"@id\":\"https:\\\/\\\/www.rememberme-forever.com\\\/fr\\\/produit\\\/magnifique-urne-funeraire-en-ceramique-pour-enfant-urne-funeraire-decorative-pour-bebe\\\/#breadcrumb\"},\"inLanguage\":\"fr-FR\",\"potentialAction\":[{\"@type\":\"ReadAction\",\"target\":[\"https:\\\/\\\/www.rememberme-forever.com\\\/fr\\\/produit\\\/magnifique-urne-funeraire-en-ceramique-pour-enfant-urne-funeraire-decorative-pour-bebe\\\/\"]}]},{\"@type\":\"ImageObject\",\"inLanguage\":\"fr-FR\",\"@id\":\"https:\\\/\\\/www.rememberme-forever.com\\\/fr\\\/produit\\\/magnifique-urne-funeraire-en-ceramique-pour-enfant-urne-funeraire-decorative-pour-bebe\\\/#primaryimage\",\"url\":\"https:\\\/\\\/www.rememberme-forever.com\\\/wp-content\\\/uploads\\\/2025\\\/04\\\/ceramic-urn-with-heart_00012plaque.jpg\",\"contentUrl\":\"https:\\\/\\\/www.rememberme-forever.com\\\/wp-content\\\/uploads\\\/2025\\\/04\\\/ceramic-urn-with-heart_00012plaque.jpg\",\"width\":1007,\"height\":1024,\"caption\":\"Urne fun\u00e9raire en c\u00e9ramique en forme de c\u0153ur pour enfant, souvenir\"},{\"@type\":\"BreadcrumbList\",\"@id\":\"https:\\\/\\\/www.rememberme-forever.com\\\/fr\\\/produit\\\/magnifique-urne-funeraire-en-ceramique-pour-enfant-urne-funeraire-decorative-pour-bebe\\\/#breadcrumb\",\"itemListElement\":[{\"@type\":\"ListItem\",\"position\":1,\"name\":\"Home\",\"item\":\"https:\\\/\\\/www.rememberme-forever.com\\\/fr\\\/accueil\\\/\"},{\"@type\":\"ListItem\",\"position\":2,\"name\":\"Boutique\",\"item\":\"https:\\\/\\\/www.rememberme-forever.com\\\/fr\\\/boutique\\\/\"},{\"@type\":\"ListItem\",\"position\":3,\"name\":\"Magnifique urne fun\u00e9raire en c\u00e9ramique pour enfant. Urne fun\u00e9raire d\u00e9corative pour b\u00e9b\u00e9.\"}]},{\"@type\":\"WebSite\",\"@id\":\"https:\\\/\\\/www.rememberme-forever.com\\\/fr\\\/#website\",\"url\":\"https:\\\/\\\/www.rememberme-forever.com\\\/fr\\\/\",\"name\":\"Remember Forever\",\"description\":\"Cremation urns, funeral urns, urns for ashes\",\"publisher\":{\"@id\":\"https:\\\/\\\/www.rememberme-forever.com\\\/fr\\\/#organization\"},\"potentialAction\":[{\"@type\":\"SearchAction\",\"target\":{\"@type\":\"EntryPoint\",\"urlTemplate\":\"https:\\\/\\\/www.rememberme-forever.com\\\/fr\\\/?s={search_term_string}\"},\"query-input\":{\"@type\":\"PropertyValueSpecification\",\"valueRequired\":true,\"valueName\":\"search_term_string\"}}],\"inLanguage\":\"fr-FR\"},{\"@type\":\"Organization\",\"@id\":\"https:\\\/\\\/www.rememberme-forever.com\\\/fr\\\/#organization\",\"name\":\"Remember Forever\",\"url\":\"https:\\\/\\\/www.rememberme-forever.com\\\/fr\\\/\",\"logo\":{\"@type\":\"ImageObject\",\"inLanguage\":\"fr-FR\",\"@id\":\"https:\\\/\\\/www.rememberme-forever.com\\\/fr\\\/#\\\/schema\\\/logo\\\/image\\\/\",\"url\":\"https:\\\/\\\/www.rememberme-forever.com\\\/wp-content\\\/uploads\\\/2023\\\/02\\\/logo.png\",\"contentUrl\":\"https:\\\/\\\/www.rememberme-forever.com\\\/wp-content\\\/uploads\\\/2023\\\/02\\\/logo.png\",\"width\":300,\"height\":56,\"caption\":\"Remember Forever\"},\"image\":{\"@id\":\"https:\\\/\\\/www.rememberme-forever.com\\\/fr\\\/#\\\/schema\\\/logo\\\/image\\\/\"}}]}<\/script>\n<!-- \/ Yoast SEO plugin. -->","yoast_head_json":{"title":"Magnifique urne fun\u00e9raire en c\u00e9ramique pour enfant. Urne fun\u00e9raire d\u00e9corative pour b\u00e9b\u00e9.","robots":{"index":"index","follow":"follow","max-snippet":"max-snippet:-1","max-image-preview":"max-image-preview:large","max-video-preview":"max-video-preview:-1"},"canonical":"https:\/\/www.rememberme-forever.com\/fr\/produit\/magnifique-urne-funeraire-en-ceramique-pour-enfant-urne-funeraire-decorative-pour-bebe\/","og_locale":"fr_FR","og_type":"article","og_title":"Magnifique urne fun\u00e9raire en c\u00e9ramique pour enfant. Urne fun\u00e9raire d\u00e9corative pour b\u00e9b\u00e9.","og_description":"La perte d&rsquo;un enfant est une douleur indescriptible. Dans ces moments si difficiles, il est important de pouvoir honorer la m\u00e9moire de cette petite vie...","og_url":"https:\/\/www.rememberme-forever.com\/fr\/produit\/magnifique-urne-funeraire-en-ceramique-pour-enfant-urne-funeraire-decorative-pour-bebe\/","og_site_name":"Remember Forever","article_modified_time":"2025-12-02T08:24:23+00:00","og_image":[{"width":1007,"height":1024,"url":"http:\/\/www.rememberme-forever.com\/wp-content\/uploads\/2025\/04\/ceramic-urn-with-heart_00012plaque.jpg","type":"image\/jpeg"}],"twitter_card":"summary_large_image","twitter_misc":{"Dur\u00e9e de lecture estim\u00e9e":"2 minutes"},"schema":{"@context":"https:\/\/schema.org","@graph":[{"@type":"WebPage","@id":"https:\/\/www.rememberme-forever.com\/fr\/produit\/magnifique-urne-funeraire-en-ceramique-pour-enfant-urne-funeraire-decorative-pour-bebe\/","url":"https:\/\/www.rememberme-forever.com\/fr\/produit\/magnifique-urne-funeraire-en-ceramique-pour-enfant-urne-funeraire-decorative-pour-bebe\/","name":"Magnifique urne fun\u00e9raire en c\u00e9ramique pour enfant. Urne fun\u00e9raire d\u00e9corative pour b\u00e9b\u00e9.","isPartOf":{"@id":"https:\/\/www.rememberme-forever.com\/fr\/#website"},"primaryImageOfPage":{"@id":"https:\/\/www.rememberme-forever.com\/fr\/produit\/magnifique-urne-funeraire-en-ceramique-pour-enfant-urne-funeraire-decorative-pour-bebe\/#primaryimage"},"image":{"@id":"https:\/\/www.rememberme-forever.com\/fr\/produit\/magnifique-urne-funeraire-en-ceramique-pour-enfant-urne-funeraire-decorative-pour-bebe\/#primaryimage"},"thumbnailUrl":"https:\/\/www.rememberme-forever.com\/wp-content\/uploads\/2025\/04\/ceramic-urn-with-heart_00012plaque.jpg","datePublished":"2025-04-16T11:16:31+00:00","dateModified":"2025-12-02T08:24:23+00:00","breadcrumb":{"@id":"https:\/\/www.rememberme-forever.com\/fr\/produit\/magnifique-urne-funeraire-en-ceramique-pour-enfant-urne-funeraire-decorative-pour-bebe\/#breadcrumb"},"inLanguage":"fr-FR","potentialAction":[{"@type":"ReadAction","target":["https:\/\/www.rememberme-forever.com\/fr\/produit\/magnifique-urne-funeraire-en-ceramique-pour-enfant-urne-funeraire-decorative-pour-bebe\/"]}]},{"@type":"ImageObject","inLanguage":"fr-FR","@id":"https:\/\/www.rememberme-forever.com\/fr\/produit\/magnifique-urne-funeraire-en-ceramique-pour-enfant-urne-funeraire-decorative-pour-bebe\/#primaryimage","url":"https:\/\/www.rememberme-forever.com\/wp-content\/uploads\/2025\/04\/ceramic-urn-with-heart_00012plaque.jpg","contentUrl":"https:\/\/www.rememberme-forever.com\/wp-content\/uploads\/2025\/04\/ceramic-urn-with-heart_00012plaque.jpg","width":1007,"height":1024,"caption":"Urne fun\u00e9raire en c\u00e9ramique en forme de c\u0153ur pour enfant, souvenir"},{"@type":"BreadcrumbList","@id":"https:\/\/www.rememberme-forever.com\/fr\/produit\/magnifique-urne-funeraire-en-ceramique-pour-enfant-urne-funeraire-decorative-pour-bebe\/#breadcrumb","itemListElement":[{"@type":"ListItem","position":1,"name":"Home","item":"https:\/\/www.rememberme-forever.com\/fr\/accueil\/"},{"@type":"ListItem","position":2,"name":"Boutique","item":"https:\/\/www.rememberme-forever.com\/fr\/boutique\/"},{"@type":"ListItem","position":3,"name":"Magnifique urne fun\u00e9raire en c\u00e9ramique pour enfant. Urne fun\u00e9raire d\u00e9corative pour b\u00e9b\u00e9."}]},{"@type":"WebSite","@id":"https:\/\/www.rememberme-forever.com\/fr\/#website","url":"https:\/\/www.rememberme-forever.com\/fr\/","name":"Remember Forever","description":"Cremation urns, funeral urns, urns for ashes","publisher":{"@id":"https:\/\/www.rememberme-forever.com\/fr\/#organization"},"potentialAction":[{"@type":"SearchAction","target":{"@type":"EntryPoint","urlTemplate":"https:\/\/www.rememberme-forever.com\/fr\/?s={search_term_string}"},"query-input":{"@type":"PropertyValueSpecification","valueRequired":true,"valueName":"search_term_string"}}],"inLanguage":"fr-FR"},{"@type":"Organization","@id":"https:\/\/www.rememberme-forever.com\/fr\/#organization","name":"Remember Forever","url":"https:\/\/www.rememberme-forever.com\/fr\/","logo":{"@type":"ImageObject","inLanguage":"fr-FR","@id":"https:\/\/www.rememberme-forever.com\/fr\/#\/schema\/logo\/image\/","url":"https:\/\/www.rememberme-forever.com\/wp-content\/uploads\/2023\/02\/logo.png","contentUrl":"https:\/\/www.rememberme-forever.com\/wp-content\/uploads\/2023\/02\/logo.png","width":300,"height":56,"caption":"Remember Forever"},"image":{"@id":"https:\/\/www.rememberme-forever.com\/fr\/#\/schema\/logo\/image\/"}}]}},"acf":[],"_links":{"self":[{"href":"https:\/\/www.rememberme-forever.com\/fr\/wp-json\/wp\/v2\/product\/23164","targetHints":{"allow":["GET"]}}],"collection":[{"href":"https:\/\/www.rememberme-forever.com\/fr\/wp-json\/wp\/v2\/product"}],"about":[{"href":"https:\/\/www.rememberme-forever.com\/fr\/wp-json\/wp\/v2\/types\/product"}],"wp:featuredmedia":[{"embeddable":true,"href":"https:\/\/www.rememberme-forever.com\/fr\/wp-json\/wp\/v2\/media\/23157"}],"wp:attachment":[{"href":"https:\/\/www.rememberme-forever.com\/fr\/wp-json\/wp\/v2\/media?parent=23164"}],"wp:term":[{"taxonomy":"product_brand","embeddable":true,"href":"https:\/\/www.rememberme-forever.com\/fr\/wp-json\/wp\/v2\/product_brand?post=23164"},{"taxonomy":"product_cat","embeddable":true,"href":"https:\/\/www.rememberme-forever.com\/fr\/wp-json\/wp\/v2\/product_cat?post=23164"},{"taxonomy":"product_tag","embeddable":true,"href":"https:\/\/www.rememberme-forever.com\/fr\/wp-json\/wp\/v2\/product_tag?post=23164"}],"curies":[{"name":"wp","href":"https:\/\/api.w.org\/{rel}","templated":true}]}}