{"id":23193,"date":"2025-04-16T08:52:51","date_gmt":"2025-04-16T06:52:51","guid":{"rendered":"https:\/\/www.rememberme-forever.com\/product\/urne-funeraire-en-ceramique-pour-cendres-humaines-avec-motif-coeur\/"},"modified":"2025-12-02T09:45:57","modified_gmt":"2025-12-02T08:45:57","slug":"urne-funeraire-en-ceramique-pour-cendres-humaines-avec-motif-coeur","status":"publish","type":"product","link":"https:\/\/www.rememberme-forever.com\/fr\/produit\/urne-funeraire-en-ceramique-pour-cendres-humaines-avec-motif-coeur\/","title":{"rendered":"Urne fun\u00e9raire en c\u00e9ramique pour cendres humaines avec motif c\u0153ur"},"content":{"rendered":"<div style=\"text-indent: 0px; text-align: center;\">\n<p class=\"\" data-start=\"81\" data-end=\"307\"><span style=\"color: #000000;\">Certains adieux restent \u00e0 jamais grav\u00e9s dans le c\u0153ur. Cette urne fun\u00e9raire en c\u00e9ramique orn\u00e9e d&rsquo;un c\u0153ur est une mani\u00e8re unique de rendre hommage \u00e0 un \u00eatre cher, avec d\u00e9licatesse et beaut\u00e9, pour exprimer bien plus que des mots. <\/span><\/p>\n<p class=\"\" data-start=\"309\" data-end=\"544\"><span style=\"color: #000000;\">L&rsquo;urne poss\u00e8de une forme originale et d\u00e9corative qui attire le regard et rev\u00eat une profonde symbolique. Plus qu&rsquo;un simple r\u00e9ceptacle pour les cendres, c&rsquo;est un objet de souvenir esth\u00e9tique que vous pourrez placer chez vous ou dans un lieu qui vous est cher. <\/span><\/p>\n<p class=\"\" data-start=\"546\" data-end=\"894\"><span style=\"color: #000000;\">Fabriqu\u00e9e en c\u00e9ramique, l&rsquo;urne est dot\u00e9e d&rsquo;un fond amovible pour une conservation optimale des cendres. Elle est con\u00e7ue pour un adulte. Vous pouvez \u00e9galement opter pour une plaque grav\u00e9e personnalis\u00e9e, appos\u00e9e sur un socle en plexiglas transparent : un espace pour un nom, des dates ou quelques mots touchants. <\/span><\/p>\n<p class=\"\" data-start=\"896\" data-end=\"1038\"><span style=\"color: #000000;\">Un coffret avec un r\u00e9cipient souvenir est \u00e9galement disponible, vous permettant de conserver une petite quantit\u00e9 de cendres s\u00e9par\u00e9ment, pour un autre membre de la famille par exemple.<\/span><\/p>\n<p class=\"\" data-start=\"1040\" data-end=\"1110\"><span style=\"color: #000000;\">C&rsquo;est une belle et symbolique forme de souvenir qui vous marquera longtemps.<\/span><\/p>\n<p class=\"\" data-start=\"1040\" data-end=\"1110\">\n<div style=\"width: 100%; margin-bottom: 40px; height: max-content; padding-bottom: 60%; position: relative;\"><iframe style=\"position: absolute; top: 0; left: 0; width: 100%; height: 100%;\" src=\"https:\/\/rememberme-urns.com\/unique-ceramic-urn-with-heart\/\" frameborder=\"0\"><\/iframe><\/div>\n<div style=\"color: red; text-align: center; margin-bottom: 25px;\">\n<p>&gt;&gt; Rotation de la photo &#8211; appuyer\/zoomer &lt;&lt;<\/p>\n<\/div>\n<p class=\"\" data-start=\"1040\" data-end=\"1110\"><span style=\"color: #000000;\"><b>D\u00e9tails du souvenir :<\/b><\/span><\/p>\n<p class=\"\" data-start=\"1040\" data-end=\"1110\"><span style=\"color: #000000; font-family: Roboto Condensed, DM Sans, fallback-font, Arial;\">Dimensions : Hauteur : 17 cm, Largeur : 14 cm, Profondeur : 9 cm<\/span><\/p>\n<p class=\"\" data-start=\"1040\" data-end=\"1110\"><span style=\"color: #000000; font-family: Roboto Condensed, DM Sans, fallback-font, Arial;\">Dimensions : Hauteur : 17 cm, Largeur : 14 cm, Profondeur : 9 cm<\/span><\/p>\n<p class=\"\" data-start=\"1040\" data-end=\"1110\"><span style=\"color: #000000; font-family: Roboto Condensed, DM Sans, fallback-font, Arial;\">Capacit\u00e9 : 0,8 L \/ 48,82 pouces cubes<\/span><\/p>\n<p class=\"\" data-start=\"1040\" data-end=\"1110\"><span style=\"color: #000000; font-family: Roboto Condensed, DM Sans, fallback-font, Arial;\">Poids : 0,5 kg \/ 1,10 lb<\/span><\/p>\n<p class=\"\" data-start=\"1040\" data-end=\"1110\"><span style=\"color: #000000; font-family: Roboto Condensed, DM Sans, fallback-font, Arial;\">Mat\u00e9riau : C\u00e9ramique<\/span><\/p>\n<p class=\"\" data-start=\"1040\" data-end=\"1110\"><span style=\"color: #000000; font-family: Roboto Condensed, DM Sans, fallback-font, Arial;\">Convient pour contenir les cendres d\u2019une personne pesant jusqu\u2019\u00e0 environ 21,97 kg (48,82 lb). <\/span><\/p>\n<\/div>\n<p class=\"MsoNormal\" style=\"text-align: center;\" align=\"center\"><span style=\"color: #000000;\"><b><b>\u25ba PERSONNALISATION \u25c4<\/b><\/b><\/span><\/p>\n<p class=\"MsoNormal\" style=\"text-align: center;\" align=\"center\"><span style=\"color: #000000;\"><span lang=\"EN-US\">Si vous choisissez une plaque personnalis\u00e9e, inscrivez le texte \u00e0 l&rsquo;endroit appropri\u00e9 ou envoyez-nous un message.<\/span><\/span><\/p>\n<p class=\"MsoNormal\" style=\"text-align: center;\" align=\"center\"><span style=\"color: #000000;\"><span lang=\"EN-US\">La plaque comm\u00e9morative personnalis\u00e9e doit \u00eatre personnalis\u00e9e lors de la commande. (En cas d&rsquo;oubli, n&rsquo;h\u00e9sitez pas \u00e0 nous contacter ult\u00e9rieurement.) <\/span><\/span><\/p>\n<p class=\"MsoNormal\" style=\"text-align: center;\" align=\"center\">\n<p class=\"MsoNormal\" style=\"text-align: center;\" align=\"center\"><span style=\"color: #000000;\"><b><span lang=\"EN-US\">Les limites de texte sont les suivantes :<\/span><\/b><\/span><\/p>\n<p class=\"MsoNormal\" style=\"text-align: center;\" align=\"center\"><span style=\"color: #000000;\">&#8211; Nom(s) jusqu&rsquo;\u00e0 24 caract\u00e8res<\/span><\/p>\n<p class=\"MsoNormal\" style=\"text-align: center;\" align=\"center\"><span style=\"color: #000000;\"><span lang=\"EN-US\">&#8211; Date(s) de naissance et de d\u00e9c\u00e8s (24 caract\u00e8res maximum)<\/span><\/span><\/p>\n<p class=\"MsoNormal\" style=\"text-align: center;\" align=\"center\"><span style=\"color: #000000;\">&#8211; Troisi\u00e8me ligne (24 caract\u00e8res maximum)<\/span><\/p>\n<p class=\"MsoNormal\" style=\"text-align: center;\" align=\"center\"><span style=\"color: #000000;\">&#8211; Quatri\u00e8me ligne (24 caract\u00e8res maximum)<\/span><\/p>\n<p class=\"MsoNormal\" style=\"text-align: center;\" align=\"center\"><span style=\"color: #000000;\">&#8211; Cinqui\u00e8me ligne (24 caract\u00e8res maximum)<\/span><\/p>\n<p class=\"MsoNormal\" style=\"text-align: center;\" align=\"center\">\n<p class=\"MsoNormal\" style=\"text-align: center;\" align=\"center\"><span style=\"color: #000000;\"><b><span lang=\"EN-US\">Veuillez V\u00c9RIFIER le texte de gravure avant d&rsquo;ajouter le produit \u00e0 votre panier.<\/span><\/b><\/span><\/p>\n<p class=\"MsoNormal\" style=\"text-align: center;\" align=\"center\"><span style=\"color: #000000;\"><b><span lang=\"EN-US\">Nous reproduisons et gravons exactement les informations re\u00e7ues lors de la commande et n&rsquo;y apportons aucune modification.<\/span><\/b><\/span><\/p>\n<p class=\"MsoNormal\" style=\"text-align: center;\" align=\"center\">\n<p class=\"MsoNormal\" style=\"text-align: center;\" align=\"center\"><span style=\"color: #000000;\"><span lang=\"EN-US\">V\u00e9rifiez l&rsquo;orthographe du texte.<\/span><\/span><\/p>\n<p class=\"MsoNormal\" style=\"text-align: center;\" align=\"center\"><span style=\"color: #000000;\">N&rsquo;indiquez PAS de texte de gravure si vous achetez l&rsquo;option \u00ab Urne sans plaque \u00bb.<\/span><\/p>\n<p style=\"text-align: center;\"><strong><em><span style=\"color: #000000;\">La plaque comm\u00e9morative sera ajout\u00e9e s\u00e9par\u00e9ment avec le support, comme sur la photo.<\/span><\/em><\/strong><\/p>\n<p class=\"MsoNormal\" style=\"text-align: center;\" align=\"center\"><span style=\"color: #000000;\">(Le support de la plaque comm\u00e9morative est en plexiglas transparent.) <\/span><\/p>\n","protected":false},"excerpt":{"rendered":"<p>Certains adieux restent \u00e0 jamais grav\u00e9s dans le c\u0153ur. Cette urne fun\u00e9raire en c\u00e9ramique orn\u00e9e d&rsquo;un c\u0153ur est une mani\u00e8re unique de rendre hommage \u00e0&#8230;<\/p>\n","protected":false},"featured_media":23189,"template":"","meta":{"_acf_changed":false},"product_brand":[],"product_cat":[2408],"product_tag":[3310],"class_list":{"0":"post-23193","1":"product","2":"type-product","3":"status-publish","4":"has-post-thumbnail","6":"product_cat-urnes-en-ceramique","7":"product_tag-gpsr-ceramic-urns","8":"product_shipping_class-4-5-kg","10":"first","11":"instock","12":"taxable","13":"shipping-taxable","14":"purchasable","15":"product-type-variable"},"yoast_head":"<!-- This site is optimized with the Yoast SEO plugin v27.4 - https:\/\/yoast.com\/product\/yoast-seo-wordpress\/ -->\n<title>Urne fun\u00e9raire en c\u00e9ramique pour cendres humaines avec motif c\u0153ur<\/title>\n<meta name=\"robots\" content=\"index, follow, max-snippet:-1, max-image-preview:large, max-video-preview:-1\" \/>\n<link rel=\"canonical\" href=\"https:\/\/www.rememberme-forever.com\/fr\/produit\/urne-funeraire-en-ceramique-pour-cendres-humaines-avec-motif-coeur\/\" \/>\n<meta property=\"og:locale\" content=\"fr_FR\" \/>\n<meta property=\"og:type\" content=\"article\" \/>\n<meta property=\"og:title\" content=\"Urne fun\u00e9raire en c\u00e9ramique pour cendres humaines avec motif c\u0153ur\" \/>\n<meta property=\"og:description\" content=\"Certains adieux restent \u00e0 jamais grav\u00e9s dans le c\u0153ur. Cette urne fun\u00e9raire en c\u00e9ramique orn\u00e9e d&rsquo;un c\u0153ur est une mani\u00e8re unique de rendre hommage \u00e0...\" \/>\n<meta property=\"og:url\" content=\"https:\/\/www.rememberme-forever.com\/fr\/produit\/urne-funeraire-en-ceramique-pour-cendres-humaines-avec-motif-coeur\/\" \/>\n<meta property=\"og:site_name\" content=\"Remember Forever\" \/>\n<meta property=\"article:modified_time\" content=\"2025-12-02T08:45:57+00:00\" \/>\n<meta property=\"og:image\" content=\"http:\/\/www.rememberme-forever.com\/wp-content\/uploads\/2025\/04\/ceramic-urn-with-heart_0002plaque.jpg\" \/>\n\t<meta property=\"og:image:width\" content=\"1007\" \/>\n\t<meta property=\"og:image:height\" content=\"1024\" \/>\n\t<meta property=\"og:image:type\" content=\"image\/jpeg\" \/>\n<meta name=\"twitter:card\" content=\"summary_large_image\" \/>\n<meta name=\"twitter:label1\" content=\"Dur\u00e9e de lecture estim\u00e9e\" \/>\n\t<meta name=\"twitter:data1\" content=\"2 minutes\" \/>\n<script type=\"application\/ld+json\" class=\"yoast-schema-graph\">{\"@context\":\"https:\\\/\\\/schema.org\",\"@graph\":[{\"@type\":\"WebPage\",\"@id\":\"https:\\\/\\\/www.rememberme-forever.com\\\/fr\\\/produit\\\/urne-funeraire-en-ceramique-pour-cendres-humaines-avec-motif-coeur\\\/\",\"url\":\"https:\\\/\\\/www.rememberme-forever.com\\\/fr\\\/produit\\\/urne-funeraire-en-ceramique-pour-cendres-humaines-avec-motif-coeur\\\/\",\"name\":\"Urne fun\u00e9raire en c\u00e9ramique pour cendres humaines avec motif c\u0153ur\",\"isPartOf\":{\"@id\":\"https:\\\/\\\/www.rememberme-forever.com\\\/fr\\\/#website\"},\"primaryImageOfPage\":{\"@id\":\"https:\\\/\\\/www.rememberme-forever.com\\\/fr\\\/produit\\\/urne-funeraire-en-ceramique-pour-cendres-humaines-avec-motif-coeur\\\/#primaryimage\"},\"image\":{\"@id\":\"https:\\\/\\\/www.rememberme-forever.com\\\/fr\\\/produit\\\/urne-funeraire-en-ceramique-pour-cendres-humaines-avec-motif-coeur\\\/#primaryimage\"},\"thumbnailUrl\":\"https:\\\/\\\/www.rememberme-forever.com\\\/wp-content\\\/uploads\\\/2025\\\/04\\\/ceramic-urn-with-heart_0002plaque.jpg\",\"datePublished\":\"2025-04-16T06:52:51+00:00\",\"dateModified\":\"2025-12-02T08:45:57+00:00\",\"breadcrumb\":{\"@id\":\"https:\\\/\\\/www.rememberme-forever.com\\\/fr\\\/produit\\\/urne-funeraire-en-ceramique-pour-cendres-humaines-avec-motif-coeur\\\/#breadcrumb\"},\"inLanguage\":\"fr-FR\",\"potentialAction\":[{\"@type\":\"ReadAction\",\"target\":[\"https:\\\/\\\/www.rememberme-forever.com\\\/fr\\\/produit\\\/urne-funeraire-en-ceramique-pour-cendres-humaines-avec-motif-coeur\\\/\"]}]},{\"@type\":\"ImageObject\",\"inLanguage\":\"fr-FR\",\"@id\":\"https:\\\/\\\/www.rememberme-forever.com\\\/fr\\\/produit\\\/urne-funeraire-en-ceramique-pour-cendres-humaines-avec-motif-coeur\\\/#primaryimage\",\"url\":\"https:\\\/\\\/www.rememberme-forever.com\\\/wp-content\\\/uploads\\\/2025\\\/04\\\/ceramic-urn-with-heart_0002plaque.jpg\",\"contentUrl\":\"https:\\\/\\\/www.rememberme-forever.com\\\/wp-content\\\/uploads\\\/2025\\\/04\\\/ceramic-urn-with-heart_0002plaque.jpg\",\"width\":1007,\"height\":1024,\"caption\":\"Urne en c\u00e9ramique avec motif c\u0153ur\"},{\"@type\":\"BreadcrumbList\",\"@id\":\"https:\\\/\\\/www.rememberme-forever.com\\\/fr\\\/produit\\\/urne-funeraire-en-ceramique-pour-cendres-humaines-avec-motif-coeur\\\/#breadcrumb\",\"itemListElement\":[{\"@type\":\"ListItem\",\"position\":1,\"name\":\"Home\",\"item\":\"https:\\\/\\\/www.rememberme-forever.com\\\/fr\\\/accueil\\\/\"},{\"@type\":\"ListItem\",\"position\":2,\"name\":\"Boutique\",\"item\":\"https:\\\/\\\/www.rememberme-forever.com\\\/fr\\\/boutique\\\/\"},{\"@type\":\"ListItem\",\"position\":3,\"name\":\"Urne fun\u00e9raire en c\u00e9ramique pour cendres humaines avec motif c\u0153ur\"}]},{\"@type\":\"WebSite\",\"@id\":\"https:\\\/\\\/www.rememberme-forever.com\\\/fr\\\/#website\",\"url\":\"https:\\\/\\\/www.rememberme-forever.com\\\/fr\\\/\",\"name\":\"Remember Forever\",\"description\":\"Cremation urns, funeral urns, urns for ashes\",\"publisher\":{\"@id\":\"https:\\\/\\\/www.rememberme-forever.com\\\/fr\\\/#organization\"},\"potentialAction\":[{\"@type\":\"SearchAction\",\"target\":{\"@type\":\"EntryPoint\",\"urlTemplate\":\"https:\\\/\\\/www.rememberme-forever.com\\\/fr\\\/?s={search_term_string}\"},\"query-input\":{\"@type\":\"PropertyValueSpecification\",\"valueRequired\":true,\"valueName\":\"search_term_string\"}}],\"inLanguage\":\"fr-FR\"},{\"@type\":\"Organization\",\"@id\":\"https:\\\/\\\/www.rememberme-forever.com\\\/fr\\\/#organization\",\"name\":\"Remember Forever\",\"url\":\"https:\\\/\\\/www.rememberme-forever.com\\\/fr\\\/\",\"logo\":{\"@type\":\"ImageObject\",\"inLanguage\":\"fr-FR\",\"@id\":\"https:\\\/\\\/www.rememberme-forever.com\\\/fr\\\/#\\\/schema\\\/logo\\\/image\\\/\",\"url\":\"https:\\\/\\\/www.rememberme-forever.com\\\/wp-content\\\/uploads\\\/2023\\\/02\\\/logo.png\",\"contentUrl\":\"https:\\\/\\\/www.rememberme-forever.com\\\/wp-content\\\/uploads\\\/2023\\\/02\\\/logo.png\",\"width\":300,\"height\":56,\"caption\":\"Remember Forever\"},\"image\":{\"@id\":\"https:\\\/\\\/www.rememberme-forever.com\\\/fr\\\/#\\\/schema\\\/logo\\\/image\\\/\"}}]}<\/script>\n<!-- \/ Yoast SEO plugin. -->","yoast_head_json":{"title":"Urne fun\u00e9raire en c\u00e9ramique pour cendres humaines avec motif c\u0153ur","robots":{"index":"index","follow":"follow","max-snippet":"max-snippet:-1","max-image-preview":"max-image-preview:large","max-video-preview":"max-video-preview:-1"},"canonical":"https:\/\/www.rememberme-forever.com\/fr\/produit\/urne-funeraire-en-ceramique-pour-cendres-humaines-avec-motif-coeur\/","og_locale":"fr_FR","og_type":"article","og_title":"Urne fun\u00e9raire en c\u00e9ramique pour cendres humaines avec motif c\u0153ur","og_description":"Certains adieux restent \u00e0 jamais grav\u00e9s dans le c\u0153ur. Cette urne fun\u00e9raire en c\u00e9ramique orn\u00e9e d&rsquo;un c\u0153ur est une mani\u00e8re unique de rendre hommage \u00e0...","og_url":"https:\/\/www.rememberme-forever.com\/fr\/produit\/urne-funeraire-en-ceramique-pour-cendres-humaines-avec-motif-coeur\/","og_site_name":"Remember Forever","article_modified_time":"2025-12-02T08:45:57+00:00","og_image":[{"width":1007,"height":1024,"url":"http:\/\/www.rememberme-forever.com\/wp-content\/uploads\/2025\/04\/ceramic-urn-with-heart_0002plaque.jpg","type":"image\/jpeg"}],"twitter_card":"summary_large_image","twitter_misc":{"Dur\u00e9e de lecture estim\u00e9e":"2 minutes"},"schema":{"@context":"https:\/\/schema.org","@graph":[{"@type":"WebPage","@id":"https:\/\/www.rememberme-forever.com\/fr\/produit\/urne-funeraire-en-ceramique-pour-cendres-humaines-avec-motif-coeur\/","url":"https:\/\/www.rememberme-forever.com\/fr\/produit\/urne-funeraire-en-ceramique-pour-cendres-humaines-avec-motif-coeur\/","name":"Urne fun\u00e9raire en c\u00e9ramique pour cendres humaines avec motif c\u0153ur","isPartOf":{"@id":"https:\/\/www.rememberme-forever.com\/fr\/#website"},"primaryImageOfPage":{"@id":"https:\/\/www.rememberme-forever.com\/fr\/produit\/urne-funeraire-en-ceramique-pour-cendres-humaines-avec-motif-coeur\/#primaryimage"},"image":{"@id":"https:\/\/www.rememberme-forever.com\/fr\/produit\/urne-funeraire-en-ceramique-pour-cendres-humaines-avec-motif-coeur\/#primaryimage"},"thumbnailUrl":"https:\/\/www.rememberme-forever.com\/wp-content\/uploads\/2025\/04\/ceramic-urn-with-heart_0002plaque.jpg","datePublished":"2025-04-16T06:52:51+00:00","dateModified":"2025-12-02T08:45:57+00:00","breadcrumb":{"@id":"https:\/\/www.rememberme-forever.com\/fr\/produit\/urne-funeraire-en-ceramique-pour-cendres-humaines-avec-motif-coeur\/#breadcrumb"},"inLanguage":"fr-FR","potentialAction":[{"@type":"ReadAction","target":["https:\/\/www.rememberme-forever.com\/fr\/produit\/urne-funeraire-en-ceramique-pour-cendres-humaines-avec-motif-coeur\/"]}]},{"@type":"ImageObject","inLanguage":"fr-FR","@id":"https:\/\/www.rememberme-forever.com\/fr\/produit\/urne-funeraire-en-ceramique-pour-cendres-humaines-avec-motif-coeur\/#primaryimage","url":"https:\/\/www.rememberme-forever.com\/wp-content\/uploads\/2025\/04\/ceramic-urn-with-heart_0002plaque.jpg","contentUrl":"https:\/\/www.rememberme-forever.com\/wp-content\/uploads\/2025\/04\/ceramic-urn-with-heart_0002plaque.jpg","width":1007,"height":1024,"caption":"Urne en c\u00e9ramique avec motif c\u0153ur"},{"@type":"BreadcrumbList","@id":"https:\/\/www.rememberme-forever.com\/fr\/produit\/urne-funeraire-en-ceramique-pour-cendres-humaines-avec-motif-coeur\/#breadcrumb","itemListElement":[{"@type":"ListItem","position":1,"name":"Home","item":"https:\/\/www.rememberme-forever.com\/fr\/accueil\/"},{"@type":"ListItem","position":2,"name":"Boutique","item":"https:\/\/www.rememberme-forever.com\/fr\/boutique\/"},{"@type":"ListItem","position":3,"name":"Urne fun\u00e9raire en c\u00e9ramique pour cendres humaines avec motif c\u0153ur"}]},{"@type":"WebSite","@id":"https:\/\/www.rememberme-forever.com\/fr\/#website","url":"https:\/\/www.rememberme-forever.com\/fr\/","name":"Remember Forever","description":"Cremation urns, funeral urns, urns for ashes","publisher":{"@id":"https:\/\/www.rememberme-forever.com\/fr\/#organization"},"potentialAction":[{"@type":"SearchAction","target":{"@type":"EntryPoint","urlTemplate":"https:\/\/www.rememberme-forever.com\/fr\/?s={search_term_string}"},"query-input":{"@type":"PropertyValueSpecification","valueRequired":true,"valueName":"search_term_string"}}],"inLanguage":"fr-FR"},{"@type":"Organization","@id":"https:\/\/www.rememberme-forever.com\/fr\/#organization","name":"Remember Forever","url":"https:\/\/www.rememberme-forever.com\/fr\/","logo":{"@type":"ImageObject","inLanguage":"fr-FR","@id":"https:\/\/www.rememberme-forever.com\/fr\/#\/schema\/logo\/image\/","url":"https:\/\/www.rememberme-forever.com\/wp-content\/uploads\/2023\/02\/logo.png","contentUrl":"https:\/\/www.rememberme-forever.com\/wp-content\/uploads\/2023\/02\/logo.png","width":300,"height":56,"caption":"Remember Forever"},"image":{"@id":"https:\/\/www.rememberme-forever.com\/fr\/#\/schema\/logo\/image\/"}}]}},"acf":[],"_links":{"self":[{"href":"https:\/\/www.rememberme-forever.com\/fr\/wp-json\/wp\/v2\/product\/23193","targetHints":{"allow":["GET"]}}],"collection":[{"href":"https:\/\/www.rememberme-forever.com\/fr\/wp-json\/wp\/v2\/product"}],"about":[{"href":"https:\/\/www.rememberme-forever.com\/fr\/wp-json\/wp\/v2\/types\/product"}],"wp:featuredmedia":[{"embeddable":true,"href":"https:\/\/www.rememberme-forever.com\/fr\/wp-json\/wp\/v2\/media\/23189"}],"wp:attachment":[{"href":"https:\/\/www.rememberme-forever.com\/fr\/wp-json\/wp\/v2\/media?parent=23193"}],"wp:term":[{"taxonomy":"product_brand","embeddable":true,"href":"https:\/\/www.rememberme-forever.com\/fr\/wp-json\/wp\/v2\/product_brand?post=23193"},{"taxonomy":"product_cat","embeddable":true,"href":"https:\/\/www.rememberme-forever.com\/fr\/wp-json\/wp\/v2\/product_cat?post=23193"},{"taxonomy":"product_tag","embeddable":true,"href":"https:\/\/www.rememberme-forever.com\/fr\/wp-json\/wp\/v2\/product_tag?post=23193"}],"curies":[{"name":"wp","href":"https:\/\/api.w.org\/{rel}","templated":true}]}}