{"id":23446,"date":"2023-04-07T11:47:57","date_gmt":"2023-04-07T09:47:57","guid":{"rendered":"https:\/\/www.rememberme-forever.com\/product\/urne-funeraire-pour-foetus-ou-nouveau-ne-entre-les-mains-des-anges-taille-s\/"},"modified":"2025-12-09T08:54:50","modified_gmt":"2025-12-09T07:54:50","slug":"urne-funeraire-pour-foetus-ou-nouveau-ne-entre-les-mains-des-anges-taille-s","status":"publish","type":"product","link":"https:\/\/www.rememberme-forever.com\/fr\/produit\/urne-funeraire-pour-foetus-ou-nouveau-ne-entre-les-mains-des-anges-taille-s\/","title":{"rendered":"Urne fun\u00e9raire pour f\u0153tus ou nouveau-n\u00e9 &#8211; \u00ab Entre les mains des anges \u00bb &#8211; Taille S"},"content":{"rendered":"<div style=\"width: 100%; margin-bottom: 30px; height: max-content; padding-bottom: 60%; position: relative;\"><iframe style=\"position: absolute; top: 0; left: 0; width: 100%; height: 100%;\" src=\"https:\/\/rememberme-urns.com\/small-urn-for-ashes-for-infant\/\" frameborder=\"0\"><\/iframe><\/div>\n<div style=\"color: red; text-align: center; margin-bottom: 25px;\">\n<p>&gt;&gt; Rotation de la photo &#8211; appuyer\/zoomer &lt;&lt;<\/p>\n<\/div>\n<h2 style=\"text-align: center;\">Urne fun\u00e9raire pour f\u0153tus ou nourrisson<\/h2>\n<p style=\"text-align: center;\">L&rsquo;urne fun\u00e9raire \u00ab Entre les mains des anges \u00bb est un hommage touchant \u00e0 la vie pr\u00e9cieuse d&rsquo;un f\u0153tus ou d&rsquo;un nourrisson. Confectionn\u00e9e avec soin et une grande attention aux d\u00e9tails, cette urne unique pr\u00e9sente une sph\u00e8re en acier inoxydable contenant les cendres de votre b\u00e9b\u00e9, d\u00e9licatement d\u00e9pos\u00e9es entre les mains d&rsquo;anges peintes en argent. Notre urne fun\u00e9raire pour f\u0153tus est un hommage digne \u00e0 une vie fauch\u00e9e trop t\u00f4t.<\/p>\n<p style=\"text-align: center;\">Con\u00e7ue pour honorer la m\u00e9moire de votre petit ange, cette urne fun\u00e9raire offre une mani\u00e8re r\u00e9confortante et \u00e9l\u00e9gante de garder son souvenir pr\u00e8s de votre c\u0153ur. L&rsquo;ouverture par le bas permet un acc\u00e8s facile aux cendres, et une plaque comm\u00e9morative peut \u00eatre ajout\u00e9e s\u00e9par\u00e9ment pour une personnalisation plus pouss\u00e9e.<\/p>\n<p style=\"text-align: center;\">Les d\u00e9tails minutieux des mains de l&rsquo;ange, d\u00e9licatement peintes d&rsquo;une teinte argent\u00e9e chatoyante, rappellent l&rsquo;amour et la protection dont votre enfant continue de b\u00e9n\u00e9ficier dans l&rsquo;au-del\u00e0. La surface lisse et polie de la sph\u00e8re en acier inoxydable refl\u00e8te la lumi\u00e8re et la beaut\u00e9 de son esprit, apportant une pr\u00e9sence r\u00e9confortante \u00e0 toute pi\u00e8ce.<\/p>\n<p style=\"text-align: center;\">Avec son design unique et empreint de d\u00e9licatesse, l&rsquo;urne fun\u00e9raire \u00ab Entre les mains des anges \u00bb est une magnifique fa\u00e7on d&rsquo;honorer la m\u00e9moire de votre pr\u00e9cieux enfant et de perp\u00e9tuer son souvenir pour les ann\u00e9es \u00e0 venir.<\/p>\n<p style=\"text-align: center;\"><em><strong>Ce produit est peint \u00e0 la main ; son apparence peut donc l\u00e9g\u00e8rement varier.<\/strong><\/em><\/p>\n<p>&nbsp;<\/p>\n<h3 style=\"text-align: center;\"><strong>PERSONNALISATION<\/strong><\/h3>\n<p style=\"text-align: center;\">La plaque comm\u00e9morative personnalis\u00e9e doit \u00eatre personnalis\u00e9e lors de votre commande. (Pas de panique si vous la manquez ; vous pouvez toujours nous contacter ult\u00e9rieurement.)<\/p>\n<p style=\"text-align: center;\">Veuillez examiner attentivement le texte \u00e0 graver avant d&rsquo;ajouter l&rsquo;article au panier. Nous reproduisons et gravons les informations exactes re\u00e7ues lors de la commande et n&rsquo;y apportons aucune modification.<\/p>\n<p style=\"text-align: center;\"><strong>Veuillez revoir le texte pour vous assurer que toutes les orthographes sont correctes.<\/strong><\/p>\n<p><img loading=\"lazy\" decoding=\"async\" class=\" wp-image-1304 aligncenter\" src=\"http:\/\/www.rememberme-forever.com\/wp-content\/uploads\/2023\/04\/personalized-urn-for-baby-295x300.jpg\" alt=\"Urne personnalis\u00e9e pour b\u00e9b\u00e9\" width=\"237\" height=\"241\" srcset=\"https:\/\/www.rememberme-forever.com\/wp-content\/uploads\/2023\/04\/personalized-urn-for-baby-295x300.jpg 295w, https:\/\/www.rememberme-forever.com\/wp-content\/uploads\/2023\/04\/personalized-urn-for-baby-600x610.jpg 600w, https:\/\/www.rememberme-forever.com\/wp-content\/uploads\/2023\/04\/personalized-urn-for-baby-64x65.jpg 64w, https:\/\/www.rememberme-forever.com\/wp-content\/uploads\/2023\/04\/personalized-urn-for-baby.jpg 768w\" sizes=\"auto, (max-width: 237px) 100vw, 237px\" \/><\/p>\n<p style=\"text-align: center;\"><strong><em>La plaque comm\u00e9morative sera ajout\u00e9e s\u00e9par\u00e9ment avec le support, comme sur la photo.<\/em><\/strong><\/p>\n<p style=\"text-align: center;\"><strong><em>(Le support de la plaque comm\u00e9morative est en plexiglas transparent.)<\/em><\/strong><\/p>\n","protected":false},"excerpt":{"rendered":"<p>Notre urne fun\u00e9raire unique pour enfants est une mani\u00e8re touchante de se souvenir d&rsquo;un enfant et de garder vivants ces pr\u00e9cieux souvenirs.<\/p>\n<p>\u2705 Cette urne ne convient pas \u00e0 un usage ext\u00e9rieur. Consultez nos <a href=\"https:\/\/www.rememberme-forever.com\/product-category\/outdoor-urns\/\" target=\"_blank\" rel=\"noopener\"><strong>urnes d&rsquo;ext\u00e9rieur. &gt;&gt;<\/strong><\/a><\/p>\n","protected":false},"featured_media":23441,"template":"","meta":{"_acf_changed":false},"product_brand":[1991],"product_cat":[2409],"product_tag":[3345],"class_list":{"0":"post-23446","1":"product","2":"type-product","3":"status-publish","4":"has-post-thumbnail","6":"product_brand-remember-forever","7":"product_cat-urnes-pour-enfants","8":"product_tag-gpsr-metal_stonebase","9":"product_shipping_class-2-4kg-fr","11":"first","12":"instock","13":"taxable","14":"shipping-taxable","15":"purchasable","16":"product-type-variable"},"yoast_head":"<!-- This site is optimized with the Yoast SEO plugin v27.4 - https:\/\/yoast.com\/product\/yoast-seo-wordpress\/ -->\n<title>Urne fun\u00e9raire pour f\u0153tus ou nourrisson<\/title>\n<meta name=\"description\" content=\"Notre urne fun\u00e9raire pour f\u0153tus est un hommage digne \u00e0 une vie fauch\u00e9e trop t\u00f4t. Sph\u00e8re en acier inoxydable pour les cendres de b\u00e9b\u00e9, urne d\u00e9corative pour enfant.\" \/>\n<meta name=\"robots\" content=\"index, follow, max-snippet:-1, max-image-preview:large, max-video-preview:-1\" \/>\n<link rel=\"canonical\" href=\"https:\/\/www.rememberme-forever.com\/fr\/produit\/urne-funeraire-pour-foetus-ou-nouveau-ne-entre-les-mains-des-anges-taille-s\/\" \/>\n<meta property=\"og:locale\" content=\"fr_FR\" \/>\n<meta property=\"og:type\" content=\"article\" \/>\n<meta property=\"og:title\" content=\"Urne fun\u00e9raire pour f\u0153tus ou nourrisson\" \/>\n<meta property=\"og:description\" content=\"Notre urne fun\u00e9raire pour f\u0153tus est un hommage digne \u00e0 une vie fauch\u00e9e trop t\u00f4t. Sph\u00e8re en acier inoxydable pour les cendres de b\u00e9b\u00e9, urne d\u00e9corative pour enfant.\" \/>\n<meta property=\"og:url\" content=\"https:\/\/www.rememberme-forever.com\/fr\/produit\/urne-funeraire-pour-foetus-ou-nouveau-ne-entre-les-mains-des-anges-taille-s\/\" \/>\n<meta property=\"og:site_name\" content=\"Remember Forever\" \/>\n<meta property=\"article:modified_time\" content=\"2025-12-09T07:54:50+00:00\" \/>\n<meta property=\"og:image\" content=\"http:\/\/www.rememberme-forever.com\/wp-content\/uploads\/2023\/04\/fetus-urn.jpg\" \/>\n\t<meta property=\"og:image:width\" content=\"768\" \/>\n\t<meta property=\"og:image:height\" content=\"781\" \/>\n\t<meta property=\"og:image:type\" content=\"image\/jpeg\" \/>\n<meta name=\"twitter:card\" content=\"summary_large_image\" \/>\n<meta name=\"twitter:label1\" content=\"Dur\u00e9e de lecture estim\u00e9e\" \/>\n\t<meta name=\"twitter:data1\" content=\"2 minutes\" \/>\n<script type=\"application\/ld+json\" class=\"yoast-schema-graph\">{\"@context\":\"https:\\\/\\\/schema.org\",\"@graph\":[{\"@type\":\"WebPage\",\"@id\":\"https:\\\/\\\/www.rememberme-forever.com\\\/fr\\\/produit\\\/urne-funeraire-pour-foetus-ou-nouveau-ne-entre-les-mains-des-anges-taille-s\\\/\",\"url\":\"https:\\\/\\\/www.rememberme-forever.com\\\/fr\\\/produit\\\/urne-funeraire-pour-foetus-ou-nouveau-ne-entre-les-mains-des-anges-taille-s\\\/\",\"name\":\"Urne fun\u00e9raire pour f\u0153tus ou nourrisson\",\"isPartOf\":{\"@id\":\"https:\\\/\\\/www.rememberme-forever.com\\\/fr\\\/#website\"},\"primaryImageOfPage\":{\"@id\":\"https:\\\/\\\/www.rememberme-forever.com\\\/fr\\\/produit\\\/urne-funeraire-pour-foetus-ou-nouveau-ne-entre-les-mains-des-anges-taille-s\\\/#primaryimage\"},\"image\":{\"@id\":\"https:\\\/\\\/www.rememberme-forever.com\\\/fr\\\/produit\\\/urne-funeraire-pour-foetus-ou-nouveau-ne-entre-les-mains-des-anges-taille-s\\\/#primaryimage\"},\"thumbnailUrl\":\"https:\\\/\\\/www.rememberme-forever.com\\\/wp-content\\\/uploads\\\/2023\\\/04\\\/fetus-urn.jpg\",\"datePublished\":\"2023-04-07T09:47:57+00:00\",\"dateModified\":\"2025-12-09T07:54:50+00:00\",\"description\":\"Notre urne fun\u00e9raire pour f\u0153tus est un hommage digne \u00e0 une vie fauch\u00e9e trop t\u00f4t. Sph\u00e8re en acier inoxydable pour les cendres de b\u00e9b\u00e9, urne d\u00e9corative pour enfant.\",\"breadcrumb\":{\"@id\":\"https:\\\/\\\/www.rememberme-forever.com\\\/fr\\\/produit\\\/urne-funeraire-pour-foetus-ou-nouveau-ne-entre-les-mains-des-anges-taille-s\\\/#breadcrumb\"},\"inLanguage\":\"fr-FR\",\"potentialAction\":[{\"@type\":\"ReadAction\",\"target\":[\"https:\\\/\\\/www.rememberme-forever.com\\\/fr\\\/produit\\\/urne-funeraire-pour-foetus-ou-nouveau-ne-entre-les-mains-des-anges-taille-s\\\/\"]}]},{\"@type\":\"ImageObject\",\"inLanguage\":\"fr-FR\",\"@id\":\"https:\\\/\\\/www.rememberme-forever.com\\\/fr\\\/produit\\\/urne-funeraire-pour-foetus-ou-nouveau-ne-entre-les-mains-des-anges-taille-s\\\/#primaryimage\",\"url\":\"https:\\\/\\\/www.rememberme-forever.com\\\/wp-content\\\/uploads\\\/2023\\\/04\\\/fetus-urn.jpg\",\"contentUrl\":\"https:\\\/\\\/www.rememberme-forever.com\\\/wp-content\\\/uploads\\\/2023\\\/04\\\/fetus-urn.jpg\",\"width\":768,\"height\":781,\"caption\":\"Urne fun\u00e9raire pour f\u0153tus, urne pour f\u0153tus, sph\u00e8re en acier inoxydable pour recueillir les cendres dans les mains\"},{\"@type\":\"BreadcrumbList\",\"@id\":\"https:\\\/\\\/www.rememberme-forever.com\\\/fr\\\/produit\\\/urne-funeraire-pour-foetus-ou-nouveau-ne-entre-les-mains-des-anges-taille-s\\\/#breadcrumb\",\"itemListElement\":[{\"@type\":\"ListItem\",\"position\":1,\"name\":\"Home\",\"item\":\"https:\\\/\\\/www.rememberme-forever.com\\\/fr\\\/accueil\\\/\"},{\"@type\":\"ListItem\",\"position\":2,\"name\":\"Boutique\",\"item\":\"https:\\\/\\\/www.rememberme-forever.com\\\/fr\\\/boutique\\\/\"},{\"@type\":\"ListItem\",\"position\":3,\"name\":\"Urne fun\u00e9raire pour f\u0153tus ou nouveau-n\u00e9 &#8211; \u00ab Entre les mains des anges \u00bb &#8211; Taille S\"}]},{\"@type\":\"WebSite\",\"@id\":\"https:\\\/\\\/www.rememberme-forever.com\\\/fr\\\/#website\",\"url\":\"https:\\\/\\\/www.rememberme-forever.com\\\/fr\\\/\",\"name\":\"Remember Forever\",\"description\":\"Cremation urns, funeral urns, urns for ashes\",\"publisher\":{\"@id\":\"https:\\\/\\\/www.rememberme-forever.com\\\/fr\\\/#organization\"},\"potentialAction\":[{\"@type\":\"SearchAction\",\"target\":{\"@type\":\"EntryPoint\",\"urlTemplate\":\"https:\\\/\\\/www.rememberme-forever.com\\\/fr\\\/?s={search_term_string}\"},\"query-input\":{\"@type\":\"PropertyValueSpecification\",\"valueRequired\":true,\"valueName\":\"search_term_string\"}}],\"inLanguage\":\"fr-FR\"},{\"@type\":\"Organization\",\"@id\":\"https:\\\/\\\/www.rememberme-forever.com\\\/fr\\\/#organization\",\"name\":\"Remember Forever\",\"url\":\"https:\\\/\\\/www.rememberme-forever.com\\\/fr\\\/\",\"logo\":{\"@type\":\"ImageObject\",\"inLanguage\":\"fr-FR\",\"@id\":\"https:\\\/\\\/www.rememberme-forever.com\\\/fr\\\/#\\\/schema\\\/logo\\\/image\\\/\",\"url\":\"https:\\\/\\\/www.rememberme-forever.com\\\/wp-content\\\/uploads\\\/2023\\\/02\\\/logo.png\",\"contentUrl\":\"https:\\\/\\\/www.rememberme-forever.com\\\/wp-content\\\/uploads\\\/2023\\\/02\\\/logo.png\",\"width\":300,\"height\":56,\"caption\":\"Remember Forever\"},\"image\":{\"@id\":\"https:\\\/\\\/www.rememberme-forever.com\\\/fr\\\/#\\\/schema\\\/logo\\\/image\\\/\"}}]}<\/script>\n<!-- \/ Yoast SEO plugin. -->","yoast_head_json":{"title":"Urne fun\u00e9raire pour f\u0153tus ou nourrisson","description":"Notre urne fun\u00e9raire pour f\u0153tus est un hommage digne \u00e0 une vie fauch\u00e9e trop t\u00f4t. Sph\u00e8re en acier inoxydable pour les cendres de b\u00e9b\u00e9, urne d\u00e9corative pour enfant.","robots":{"index":"index","follow":"follow","max-snippet":"max-snippet:-1","max-image-preview":"max-image-preview:large","max-video-preview":"max-video-preview:-1"},"canonical":"https:\/\/www.rememberme-forever.com\/fr\/produit\/urne-funeraire-pour-foetus-ou-nouveau-ne-entre-les-mains-des-anges-taille-s\/","og_locale":"fr_FR","og_type":"article","og_title":"Urne fun\u00e9raire pour f\u0153tus ou nourrisson","og_description":"Notre urne fun\u00e9raire pour f\u0153tus est un hommage digne \u00e0 une vie fauch\u00e9e trop t\u00f4t. Sph\u00e8re en acier inoxydable pour les cendres de b\u00e9b\u00e9, urne d\u00e9corative pour enfant.","og_url":"https:\/\/www.rememberme-forever.com\/fr\/produit\/urne-funeraire-pour-foetus-ou-nouveau-ne-entre-les-mains-des-anges-taille-s\/","og_site_name":"Remember Forever","article_modified_time":"2025-12-09T07:54:50+00:00","og_image":[{"width":768,"height":781,"url":"http:\/\/www.rememberme-forever.com\/wp-content\/uploads\/2023\/04\/fetus-urn.jpg","type":"image\/jpeg"}],"twitter_card":"summary_large_image","twitter_misc":{"Dur\u00e9e de lecture estim\u00e9e":"2 minutes"},"schema":{"@context":"https:\/\/schema.org","@graph":[{"@type":"WebPage","@id":"https:\/\/www.rememberme-forever.com\/fr\/produit\/urne-funeraire-pour-foetus-ou-nouveau-ne-entre-les-mains-des-anges-taille-s\/","url":"https:\/\/www.rememberme-forever.com\/fr\/produit\/urne-funeraire-pour-foetus-ou-nouveau-ne-entre-les-mains-des-anges-taille-s\/","name":"Urne fun\u00e9raire pour f\u0153tus ou nourrisson","isPartOf":{"@id":"https:\/\/www.rememberme-forever.com\/fr\/#website"},"primaryImageOfPage":{"@id":"https:\/\/www.rememberme-forever.com\/fr\/produit\/urne-funeraire-pour-foetus-ou-nouveau-ne-entre-les-mains-des-anges-taille-s\/#primaryimage"},"image":{"@id":"https:\/\/www.rememberme-forever.com\/fr\/produit\/urne-funeraire-pour-foetus-ou-nouveau-ne-entre-les-mains-des-anges-taille-s\/#primaryimage"},"thumbnailUrl":"https:\/\/www.rememberme-forever.com\/wp-content\/uploads\/2023\/04\/fetus-urn.jpg","datePublished":"2023-04-07T09:47:57+00:00","dateModified":"2025-12-09T07:54:50+00:00","description":"Notre urne fun\u00e9raire pour f\u0153tus est un hommage digne \u00e0 une vie fauch\u00e9e trop t\u00f4t. Sph\u00e8re en acier inoxydable pour les cendres de b\u00e9b\u00e9, urne d\u00e9corative pour enfant.","breadcrumb":{"@id":"https:\/\/www.rememberme-forever.com\/fr\/produit\/urne-funeraire-pour-foetus-ou-nouveau-ne-entre-les-mains-des-anges-taille-s\/#breadcrumb"},"inLanguage":"fr-FR","potentialAction":[{"@type":"ReadAction","target":["https:\/\/www.rememberme-forever.com\/fr\/produit\/urne-funeraire-pour-foetus-ou-nouveau-ne-entre-les-mains-des-anges-taille-s\/"]}]},{"@type":"ImageObject","inLanguage":"fr-FR","@id":"https:\/\/www.rememberme-forever.com\/fr\/produit\/urne-funeraire-pour-foetus-ou-nouveau-ne-entre-les-mains-des-anges-taille-s\/#primaryimage","url":"https:\/\/www.rememberme-forever.com\/wp-content\/uploads\/2023\/04\/fetus-urn.jpg","contentUrl":"https:\/\/www.rememberme-forever.com\/wp-content\/uploads\/2023\/04\/fetus-urn.jpg","width":768,"height":781,"caption":"Urne fun\u00e9raire pour f\u0153tus, urne pour f\u0153tus, sph\u00e8re en acier inoxydable pour recueillir les cendres dans les mains"},{"@type":"BreadcrumbList","@id":"https:\/\/www.rememberme-forever.com\/fr\/produit\/urne-funeraire-pour-foetus-ou-nouveau-ne-entre-les-mains-des-anges-taille-s\/#breadcrumb","itemListElement":[{"@type":"ListItem","position":1,"name":"Home","item":"https:\/\/www.rememberme-forever.com\/fr\/accueil\/"},{"@type":"ListItem","position":2,"name":"Boutique","item":"https:\/\/www.rememberme-forever.com\/fr\/boutique\/"},{"@type":"ListItem","position":3,"name":"Urne fun\u00e9raire pour f\u0153tus ou nouveau-n\u00e9 &#8211; \u00ab Entre les mains des anges \u00bb &#8211; Taille S"}]},{"@type":"WebSite","@id":"https:\/\/www.rememberme-forever.com\/fr\/#website","url":"https:\/\/www.rememberme-forever.com\/fr\/","name":"Remember Forever","description":"Cremation urns, funeral urns, urns for ashes","publisher":{"@id":"https:\/\/www.rememberme-forever.com\/fr\/#organization"},"potentialAction":[{"@type":"SearchAction","target":{"@type":"EntryPoint","urlTemplate":"https:\/\/www.rememberme-forever.com\/fr\/?s={search_term_string}"},"query-input":{"@type":"PropertyValueSpecification","valueRequired":true,"valueName":"search_term_string"}}],"inLanguage":"fr-FR"},{"@type":"Organization","@id":"https:\/\/www.rememberme-forever.com\/fr\/#organization","name":"Remember Forever","url":"https:\/\/www.rememberme-forever.com\/fr\/","logo":{"@type":"ImageObject","inLanguage":"fr-FR","@id":"https:\/\/www.rememberme-forever.com\/fr\/#\/schema\/logo\/image\/","url":"https:\/\/www.rememberme-forever.com\/wp-content\/uploads\/2023\/02\/logo.png","contentUrl":"https:\/\/www.rememberme-forever.com\/wp-content\/uploads\/2023\/02\/logo.png","width":300,"height":56,"caption":"Remember Forever"},"image":{"@id":"https:\/\/www.rememberme-forever.com\/fr\/#\/schema\/logo\/image\/"}}]}},"acf":[],"_links":{"self":[{"href":"https:\/\/www.rememberme-forever.com\/fr\/wp-json\/wp\/v2\/product\/23446","targetHints":{"allow":["GET"]}}],"collection":[{"href":"https:\/\/www.rememberme-forever.com\/fr\/wp-json\/wp\/v2\/product"}],"about":[{"href":"https:\/\/www.rememberme-forever.com\/fr\/wp-json\/wp\/v2\/types\/product"}],"wp:featuredmedia":[{"embeddable":true,"href":"https:\/\/www.rememberme-forever.com\/fr\/wp-json\/wp\/v2\/media\/23441"}],"wp:attachment":[{"href":"https:\/\/www.rememberme-forever.com\/fr\/wp-json\/wp\/v2\/media?parent=23446"}],"wp:term":[{"taxonomy":"product_brand","embeddable":true,"href":"https:\/\/www.rememberme-forever.com\/fr\/wp-json\/wp\/v2\/product_brand?post=23446"},{"taxonomy":"product_cat","embeddable":true,"href":"https:\/\/www.rememberme-forever.com\/fr\/wp-json\/wp\/v2\/product_cat?post=23446"},{"taxonomy":"product_tag","embeddable":true,"href":"https:\/\/www.rememberme-forever.com\/fr\/wp-json\/wp\/v2\/product_tag?post=23446"}],"curies":[{"name":"wp","href":"https:\/\/api.w.org\/{rel}","templated":true}]}}