{"id":23493,"date":"2023-04-14T09:51:17","date_gmt":"2023-04-14T07:51:17","guid":{"rendered":"https:\/\/www.rememberme-forever.com\/product\/urne-funeraire-tournee-a-la-main-bois-de-manguier\/"},"modified":"2025-12-09T09:51:37","modified_gmt":"2025-12-09T08:51:37","slug":"urne-funeraire-tournee-a-la-main-bois-de-manguier","status":"publish","type":"product","link":"https:\/\/www.rememberme-forever.com\/fr\/produit\/urne-funeraire-tournee-a-la-main-bois-de-manguier\/","title":{"rendered":"Urne fun\u00e9raire tourn\u00e9e \u00e0 la main &#8211; bois de manguier"},"content":{"rendered":"<div style=\"width: 100%; margin-bottom: 30px; height: max-content; padding-bottom: 60%; position: relative;\"><iframe style=\"position: absolute; top: 0; left: 0; width: 100%; height: 100%;\" src=\"https:\/\/rememberme-urns.com\/hand-turned-mango-wooden-urn\/\" frameborder=\"0\"><\/iframe><\/div>\n<div style=\"color: red; text-align: center; margin-bottom: 25px;\">\n<p>&gt;&gt; Rotation de la photo &#8211; appuyer\/zoomer &lt;&lt;<\/p>\n<\/div>\n<h2 style=\"text-align: center;\"><strong>Urne fun\u00e9raire tourn\u00e9e \u00e0 la main<\/strong><\/h2>\n<p style=\"text-align: center;\">D\u00e9couvrez notre urne fun\u00e9raire artisanale d&rsquo;une grande finesse, r\u00e9alis\u00e9e avec le plus grand soin et une attention particuli\u00e8re aux d\u00e9tails. Fabriqu\u00e9e en bois de manguier de premi\u00e8re qualit\u00e9, cette urne pr\u00e9sente une structure segment\u00e9e \u00e0 la fois \u00e9l\u00e9gante et pratique.<\/p>\n<p style=\"text-align: center;\">Avec sa texture riche et ses tons chauds, cette urne offre un dernier repos digne de votre \u00eatre cher. La beaut\u00e9 naturelle du bois est sublim\u00e9e par le savoir-faire artisanal qui a pr\u00e9sid\u00e9 \u00e0 sa cr\u00e9ation.<\/p>\n<p style=\"text-align: center;\">L&rsquo;ouverture sup\u00e9rieure permet de d\u00e9poser facilement et rapidement les cendres de votre proche, tandis que le couvercle s\u00e9curis\u00e9 garantit leur conservation en toute s\u00e9curit\u00e9. Pour ceux qui souhaitent personnaliser l&rsquo;urne, une plaque comm\u00e9morative peut \u00eatre ajout\u00e9e au couvercle en hommage \u00e0 la personne disparue.<\/p>\n<p style=\"text-align: center;\">Cette urne est une v\u00e9ritable \u0153uvre d&rsquo;art, avec son design unique et raffin\u00e9 qui ne manquera pas d&rsquo;attirer les regards et d&rsquo;inspirer le recueillement. Elle constitue un hommage intemporel \u00e0 une personne ch\u00e8re qui restera \u00e0 jamais dans nos c\u0153urs, avec amour et respect.<\/p>\n<p style=\"text-align: center;\">Dans un monde o\u00f9 la production de masse r\u00e8gne, cette urne fun\u00e9raire artisanale se distingue comme une pi\u00e8ce d&rsquo;exception, t\u00e9moignant du soin et de la r\u00e9flexion qui ont pr\u00e9sid\u00e9 \u00e0 sa cr\u00e9ation. Elle rend un hommage vibrant \u00e0 une vie bien remplie et offre une belle fa\u00e7on de perp\u00e9tuer les souvenirs pour les g\u00e9n\u00e9rations futures.<\/p>\n<p>&nbsp;<\/p>\n<h3 style=\"text-align: center;\"><strong>PERSONNALISATION<\/strong><\/h3>\n<p style=\"text-align: center;\">Si vous choisissez une plaque personnalis\u00e9e, veuillez soumettre du texte dans le cadre de personnalisation du produit.<\/p>\n<p style=\"text-align: center;\">La plaque comm\u00e9morative personnalis\u00e9e doit \u00eatre personnalis\u00e9e lors de votre commande. (Pas de panique si vous la manquez ; vous pouvez toujours nous contacter ult\u00e9rieurement.)<\/p>\n<p style=\"text-align: center;\">Veuillez examiner attentivement le texte \u00e0 graver avant d&rsquo;ajouter l&rsquo;article au panier. Nous reproduisons et gravons les informations exactes re\u00e7ues lors de la commande et n&rsquo;y apportons aucune modification.<\/p>\n<p style=\"text-align: center;\"><strong>Veuillez revoir le texte pour vous assurer que toutes les orthographes sont correctes.<\/strong><\/p>\n<p>&nbsp;<\/p>\n<p><img loading=\"lazy\" decoding=\"async\" class=\" wp-image-2041 aligncenter\" src=\"http:\/\/www.rememberme-forever.com\/wp-content\/uploads\/2023\/04\/turned-urn-plaque-295x300.jpg\" alt=\"Plaque d'urne tourn\u00e9e\" width=\"232\" height=\"236\" srcset=\"https:\/\/www.rememberme-forever.com\/wp-content\/uploads\/2023\/04\/turned-urn-plaque-295x300.jpg 295w, https:\/\/www.rememberme-forever.com\/wp-content\/uploads\/2023\/04\/turned-urn-plaque-600x610.jpg 600w, https:\/\/www.rememberme-forever.com\/wp-content\/uploads\/2023\/04\/turned-urn-plaque-64x65.jpg 64w, https:\/\/www.rememberme-forever.com\/wp-content\/uploads\/2023\/04\/turned-urn-plaque.jpg 768w\" sizes=\"auto, (max-width: 232px) 100vw, 232px\" \/><\/p>\n<p>&nbsp;<\/p>\n<p style=\"text-align: center;\"><strong><em>Pour une plaque comm\u00e9morative, veuillez ajouter du texte dans un deuxi\u00e8me cadre ! <\/em><\/strong><\/p>\n<p style=\"text-align: center;\">(Uniquement avec couvercle plat)<\/p>\n<p>&nbsp;<\/p>\n<p><img loading=\"lazy\" decoding=\"async\" class=\" wp-image-572 aligncenter\" src=\"http:\/\/www.rememberme-forever.com\/wp-content\/uploads\/2023\/03\/Keepsake-Memorial-Plaque-295x300.jpg\" alt=\"Souvenir\" width=\"223\" height=\"227\" srcset=\"https:\/\/www.rememberme-forever.com\/wp-content\/uploads\/2023\/03\/Keepsake-Memorial-Plaque-295x300.jpg 295w, https:\/\/www.rememberme-forever.com\/wp-content\/uploads\/2023\/03\/Keepsake-Memorial-Plaque-600x610.jpg 600w, https:\/\/www.rememberme-forever.com\/wp-content\/uploads\/2023\/03\/Keepsake-Memorial-Plaque-64x65.jpg 64w, https:\/\/www.rememberme-forever.com\/wp-content\/uploads\/2023\/03\/Keepsake-Memorial-Plaque.jpg 768w\" sizes=\"auto, (max-width: 223px) 100vw, 223px\" \/><\/p>\n<p>&nbsp;<\/p>\n<h3 style=\"text-align: center;\"><strong>Comment verser les cendres dans une urne ?<\/strong><\/h3>\n<p><iframe loading=\"lazy\" title=\"Comment remplir et fermer une urne avec les cendres du cr\u00e9matorium - Vid\u00e9o d'instructions de Remember Forever &lt;br&gt; &lt;br&gt;\" src=\"https:\/\/www.youtube.com\/embed\/sPMMFygo0vQ?feature=oembed\" width=\"640\" height=\"360\" frameborder=\"0\" allowfullscreen=\"allowfullscreen\" data-mce-fragment=\"1\"><\/iframe><\/p>\n","protected":false},"excerpt":{"rendered":"<p>Notre magnifique urne fun\u00e9raire en bois est un choix id\u00e9al pour honorer la m\u00e9moire d&rsquo;une personne amoureuse de la nature ou qui appr\u00e9ciait la simplicit\u00e9.<\/p>\n<p><em><strong>Convient pour contenir les cendres d&rsquo;une personne pesant jusqu&rsquo;\u00e0 environ 68 kg. <\/strong><\/em><\/p>\n","protected":false},"featured_media":23485,"template":"","meta":{"_acf_changed":false},"product_brand":[],"product_cat":[2431],"product_tag":[3372],"class_list":{"0":"post-23493","1":"product","2":"type-product","3":"status-publish","4":"has-post-thumbnail","6":"product_cat-urnes-en-bois","7":"product_tag-gpsr-turned-wood","8":"product_shipping_class-4-5-kg","10":"first","11":"instock","12":"featured","13":"taxable","14":"shipping-taxable","15":"purchasable","16":"product-type-variable"},"yoast_head":"<!-- This site is optimized with the Yoast SEO plugin v27.4 - https:\/\/yoast.com\/product\/yoast-seo-wordpress\/ -->\n<title>Urne fun\u00e9raire tourn\u00e9e \u00e0 la main - bois de manguier<\/title>\n<meta name=\"description\" content=\"D\u00e9couvrez notre exquise urne fun\u00e9raire tourn\u00e9e \u00e0 la main, confectionn\u00e9e avec le plus grand soin et une attention particuli\u00e8re aux d\u00e9tails. Fabriqu\u00e9e en bois de manguier de premi\u00e8re qualit\u00e9.\" \/>\n<meta name=\"robots\" content=\"index, follow, max-snippet:-1, max-image-preview:large, max-video-preview:-1\" \/>\n<link rel=\"canonical\" href=\"https:\/\/www.rememberme-forever.com\/fr\/produit\/urne-funeraire-tournee-a-la-main-bois-de-manguier\/\" \/>\n<meta property=\"og:locale\" content=\"fr_FR\" \/>\n<meta property=\"og:type\" content=\"article\" \/>\n<meta property=\"og:title\" content=\"Urne fun\u00e9raire tourn\u00e9e \u00e0 la main - bois de manguier\" \/>\n<meta property=\"og:description\" content=\"D\u00e9couvrez notre exquise urne fun\u00e9raire tourn\u00e9e \u00e0 la main, confectionn\u00e9e avec le plus grand soin et une attention particuli\u00e8re aux d\u00e9tails. Fabriqu\u00e9e en bois de manguier de premi\u00e8re qualit\u00e9.\" \/>\n<meta property=\"og:url\" content=\"https:\/\/www.rememberme-forever.com\/fr\/produit\/urne-funeraire-tournee-a-la-main-bois-de-manguier\/\" \/>\n<meta property=\"og:site_name\" content=\"Remember Forever\" \/>\n<meta property=\"article:modified_time\" content=\"2025-12-09T08:51:37+00:00\" \/>\n<meta property=\"og:image\" content=\"http:\/\/www.rememberme-forever.com\/wp-content\/uploads\/2023\/04\/hand-turned-cremation-urn.jpg\" \/>\n\t<meta property=\"og:image:width\" content=\"768\" \/>\n\t<meta property=\"og:image:height\" content=\"781\" \/>\n\t<meta property=\"og:image:type\" content=\"image\/jpeg\" \/>\n<meta name=\"twitter:card\" content=\"summary_large_image\" \/>\n<meta name=\"twitter:label1\" content=\"Dur\u00e9e de lecture estim\u00e9e\" \/>\n\t<meta name=\"twitter:data1\" content=\"3 minutes\" \/>\n<script type=\"application\/ld+json\" class=\"yoast-schema-graph\">{\"@context\":\"https:\\\/\\\/schema.org\",\"@graph\":[{\"@type\":\"WebPage\",\"@id\":\"https:\\\/\\\/www.rememberme-forever.com\\\/fr\\\/produit\\\/urne-funeraire-tournee-a-la-main-bois-de-manguier\\\/\",\"url\":\"https:\\\/\\\/www.rememberme-forever.com\\\/fr\\\/produit\\\/urne-funeraire-tournee-a-la-main-bois-de-manguier\\\/\",\"name\":\"Urne fun\u00e9raire tourn\u00e9e \u00e0 la main - bois de manguier\",\"isPartOf\":{\"@id\":\"https:\\\/\\\/www.rememberme-forever.com\\\/fr\\\/#website\"},\"primaryImageOfPage\":{\"@id\":\"https:\\\/\\\/www.rememberme-forever.com\\\/fr\\\/produit\\\/urne-funeraire-tournee-a-la-main-bois-de-manguier\\\/#primaryimage\"},\"image\":{\"@id\":\"https:\\\/\\\/www.rememberme-forever.com\\\/fr\\\/produit\\\/urne-funeraire-tournee-a-la-main-bois-de-manguier\\\/#primaryimage\"},\"thumbnailUrl\":\"https:\\\/\\\/www.rememberme-forever.com\\\/wp-content\\\/uploads\\\/2023\\\/04\\\/hand-turned-cremation-urn.jpg\",\"datePublished\":\"2023-04-14T07:51:17+00:00\",\"dateModified\":\"2025-12-09T08:51:37+00:00\",\"description\":\"D\u00e9couvrez notre exquise urne fun\u00e9raire tourn\u00e9e \u00e0 la main, confectionn\u00e9e avec le plus grand soin et une attention particuli\u00e8re aux d\u00e9tails. Fabriqu\u00e9e en bois de manguier de premi\u00e8re qualit\u00e9.\",\"breadcrumb\":{\"@id\":\"https:\\\/\\\/www.rememberme-forever.com\\\/fr\\\/produit\\\/urne-funeraire-tournee-a-la-main-bois-de-manguier\\\/#breadcrumb\"},\"inLanguage\":\"fr-FR\",\"potentialAction\":[{\"@type\":\"ReadAction\",\"target\":[\"https:\\\/\\\/www.rememberme-forever.com\\\/fr\\\/produit\\\/urne-funeraire-tournee-a-la-main-bois-de-manguier\\\/\"]}]},{\"@type\":\"ImageObject\",\"inLanguage\":\"fr-FR\",\"@id\":\"https:\\\/\\\/www.rememberme-forever.com\\\/fr\\\/produit\\\/urne-funeraire-tournee-a-la-main-bois-de-manguier\\\/#primaryimage\",\"url\":\"https:\\\/\\\/www.rememberme-forever.com\\\/wp-content\\\/uploads\\\/2023\\\/04\\\/hand-turned-cremation-urn.jpg\",\"contentUrl\":\"https:\\\/\\\/www.rememberme-forever.com\\\/wp-content\\\/uploads\\\/2023\\\/04\\\/hand-turned-cremation-urn.jpg\",\"width\":768,\"height\":781,\"caption\":\"Urne fun\u00e9raire tourn\u00e9e \u00e0 la main\"},{\"@type\":\"BreadcrumbList\",\"@id\":\"https:\\\/\\\/www.rememberme-forever.com\\\/fr\\\/produit\\\/urne-funeraire-tournee-a-la-main-bois-de-manguier\\\/#breadcrumb\",\"itemListElement\":[{\"@type\":\"ListItem\",\"position\":1,\"name\":\"Home\",\"item\":\"https:\\\/\\\/www.rememberme-forever.com\\\/fr\\\/accueil\\\/\"},{\"@type\":\"ListItem\",\"position\":2,\"name\":\"Boutique\",\"item\":\"https:\\\/\\\/www.rememberme-forever.com\\\/fr\\\/boutique\\\/\"},{\"@type\":\"ListItem\",\"position\":3,\"name\":\"Urne fun\u00e9raire tourn\u00e9e \u00e0 la main &#8211; bois de manguier\"}]},{\"@type\":\"WebSite\",\"@id\":\"https:\\\/\\\/www.rememberme-forever.com\\\/fr\\\/#website\",\"url\":\"https:\\\/\\\/www.rememberme-forever.com\\\/fr\\\/\",\"name\":\"Remember Forever\",\"description\":\"Cremation urns, funeral urns, urns for ashes\",\"publisher\":{\"@id\":\"https:\\\/\\\/www.rememberme-forever.com\\\/fr\\\/#organization\"},\"potentialAction\":[{\"@type\":\"SearchAction\",\"target\":{\"@type\":\"EntryPoint\",\"urlTemplate\":\"https:\\\/\\\/www.rememberme-forever.com\\\/fr\\\/?s={search_term_string}\"},\"query-input\":{\"@type\":\"PropertyValueSpecification\",\"valueRequired\":true,\"valueName\":\"search_term_string\"}}],\"inLanguage\":\"fr-FR\"},{\"@type\":\"Organization\",\"@id\":\"https:\\\/\\\/www.rememberme-forever.com\\\/fr\\\/#organization\",\"name\":\"Remember Forever\",\"url\":\"https:\\\/\\\/www.rememberme-forever.com\\\/fr\\\/\",\"logo\":{\"@type\":\"ImageObject\",\"inLanguage\":\"fr-FR\",\"@id\":\"https:\\\/\\\/www.rememberme-forever.com\\\/fr\\\/#\\\/schema\\\/logo\\\/image\\\/\",\"url\":\"https:\\\/\\\/www.rememberme-forever.com\\\/wp-content\\\/uploads\\\/2023\\\/02\\\/logo.png\",\"contentUrl\":\"https:\\\/\\\/www.rememberme-forever.com\\\/wp-content\\\/uploads\\\/2023\\\/02\\\/logo.png\",\"width\":300,\"height\":56,\"caption\":\"Remember Forever\"},\"image\":{\"@id\":\"https:\\\/\\\/www.rememberme-forever.com\\\/fr\\\/#\\\/schema\\\/logo\\\/image\\\/\"}}]}<\/script>\n<!-- \/ Yoast SEO plugin. -->","yoast_head_json":{"title":"Urne fun\u00e9raire tourn\u00e9e \u00e0 la main - bois de manguier","description":"D\u00e9couvrez notre exquise urne fun\u00e9raire tourn\u00e9e \u00e0 la main, confectionn\u00e9e avec le plus grand soin et une attention particuli\u00e8re aux d\u00e9tails. Fabriqu\u00e9e en bois de manguier de premi\u00e8re qualit\u00e9.","robots":{"index":"index","follow":"follow","max-snippet":"max-snippet:-1","max-image-preview":"max-image-preview:large","max-video-preview":"max-video-preview:-1"},"canonical":"https:\/\/www.rememberme-forever.com\/fr\/produit\/urne-funeraire-tournee-a-la-main-bois-de-manguier\/","og_locale":"fr_FR","og_type":"article","og_title":"Urne fun\u00e9raire tourn\u00e9e \u00e0 la main - bois de manguier","og_description":"D\u00e9couvrez notre exquise urne fun\u00e9raire tourn\u00e9e \u00e0 la main, confectionn\u00e9e avec le plus grand soin et une attention particuli\u00e8re aux d\u00e9tails. Fabriqu\u00e9e en bois de manguier de premi\u00e8re qualit\u00e9.","og_url":"https:\/\/www.rememberme-forever.com\/fr\/produit\/urne-funeraire-tournee-a-la-main-bois-de-manguier\/","og_site_name":"Remember Forever","article_modified_time":"2025-12-09T08:51:37+00:00","og_image":[{"width":768,"height":781,"url":"http:\/\/www.rememberme-forever.com\/wp-content\/uploads\/2023\/04\/hand-turned-cremation-urn.jpg","type":"image\/jpeg"}],"twitter_card":"summary_large_image","twitter_misc":{"Dur\u00e9e de lecture estim\u00e9e":"3 minutes"},"schema":{"@context":"https:\/\/schema.org","@graph":[{"@type":"WebPage","@id":"https:\/\/www.rememberme-forever.com\/fr\/produit\/urne-funeraire-tournee-a-la-main-bois-de-manguier\/","url":"https:\/\/www.rememberme-forever.com\/fr\/produit\/urne-funeraire-tournee-a-la-main-bois-de-manguier\/","name":"Urne fun\u00e9raire tourn\u00e9e \u00e0 la main - bois de manguier","isPartOf":{"@id":"https:\/\/www.rememberme-forever.com\/fr\/#website"},"primaryImageOfPage":{"@id":"https:\/\/www.rememberme-forever.com\/fr\/produit\/urne-funeraire-tournee-a-la-main-bois-de-manguier\/#primaryimage"},"image":{"@id":"https:\/\/www.rememberme-forever.com\/fr\/produit\/urne-funeraire-tournee-a-la-main-bois-de-manguier\/#primaryimage"},"thumbnailUrl":"https:\/\/www.rememberme-forever.com\/wp-content\/uploads\/2023\/04\/hand-turned-cremation-urn.jpg","datePublished":"2023-04-14T07:51:17+00:00","dateModified":"2025-12-09T08:51:37+00:00","description":"D\u00e9couvrez notre exquise urne fun\u00e9raire tourn\u00e9e \u00e0 la main, confectionn\u00e9e avec le plus grand soin et une attention particuli\u00e8re aux d\u00e9tails. Fabriqu\u00e9e en bois de manguier de premi\u00e8re qualit\u00e9.","breadcrumb":{"@id":"https:\/\/www.rememberme-forever.com\/fr\/produit\/urne-funeraire-tournee-a-la-main-bois-de-manguier\/#breadcrumb"},"inLanguage":"fr-FR","potentialAction":[{"@type":"ReadAction","target":["https:\/\/www.rememberme-forever.com\/fr\/produit\/urne-funeraire-tournee-a-la-main-bois-de-manguier\/"]}]},{"@type":"ImageObject","inLanguage":"fr-FR","@id":"https:\/\/www.rememberme-forever.com\/fr\/produit\/urne-funeraire-tournee-a-la-main-bois-de-manguier\/#primaryimage","url":"https:\/\/www.rememberme-forever.com\/wp-content\/uploads\/2023\/04\/hand-turned-cremation-urn.jpg","contentUrl":"https:\/\/www.rememberme-forever.com\/wp-content\/uploads\/2023\/04\/hand-turned-cremation-urn.jpg","width":768,"height":781,"caption":"Urne fun\u00e9raire tourn\u00e9e \u00e0 la main"},{"@type":"BreadcrumbList","@id":"https:\/\/www.rememberme-forever.com\/fr\/produit\/urne-funeraire-tournee-a-la-main-bois-de-manguier\/#breadcrumb","itemListElement":[{"@type":"ListItem","position":1,"name":"Home","item":"https:\/\/www.rememberme-forever.com\/fr\/accueil\/"},{"@type":"ListItem","position":2,"name":"Boutique","item":"https:\/\/www.rememberme-forever.com\/fr\/boutique\/"},{"@type":"ListItem","position":3,"name":"Urne fun\u00e9raire tourn\u00e9e \u00e0 la main &#8211; bois de manguier"}]},{"@type":"WebSite","@id":"https:\/\/www.rememberme-forever.com\/fr\/#website","url":"https:\/\/www.rememberme-forever.com\/fr\/","name":"Remember Forever","description":"Cremation urns, funeral urns, urns for ashes","publisher":{"@id":"https:\/\/www.rememberme-forever.com\/fr\/#organization"},"potentialAction":[{"@type":"SearchAction","target":{"@type":"EntryPoint","urlTemplate":"https:\/\/www.rememberme-forever.com\/fr\/?s={search_term_string}"},"query-input":{"@type":"PropertyValueSpecification","valueRequired":true,"valueName":"search_term_string"}}],"inLanguage":"fr-FR"},{"@type":"Organization","@id":"https:\/\/www.rememberme-forever.com\/fr\/#organization","name":"Remember Forever","url":"https:\/\/www.rememberme-forever.com\/fr\/","logo":{"@type":"ImageObject","inLanguage":"fr-FR","@id":"https:\/\/www.rememberme-forever.com\/fr\/#\/schema\/logo\/image\/","url":"https:\/\/www.rememberme-forever.com\/wp-content\/uploads\/2023\/02\/logo.png","contentUrl":"https:\/\/www.rememberme-forever.com\/wp-content\/uploads\/2023\/02\/logo.png","width":300,"height":56,"caption":"Remember Forever"},"image":{"@id":"https:\/\/www.rememberme-forever.com\/fr\/#\/schema\/logo\/image\/"}}]}},"acf":[],"_links":{"self":[{"href":"https:\/\/www.rememberme-forever.com\/fr\/wp-json\/wp\/v2\/product\/23493","targetHints":{"allow":["GET"]}}],"collection":[{"href":"https:\/\/www.rememberme-forever.com\/fr\/wp-json\/wp\/v2\/product"}],"about":[{"href":"https:\/\/www.rememberme-forever.com\/fr\/wp-json\/wp\/v2\/types\/product"}],"wp:featuredmedia":[{"embeddable":true,"href":"https:\/\/www.rememberme-forever.com\/fr\/wp-json\/wp\/v2\/media\/23485"}],"wp:attachment":[{"href":"https:\/\/www.rememberme-forever.com\/fr\/wp-json\/wp\/v2\/media?parent=23493"}],"wp:term":[{"taxonomy":"product_brand","embeddable":true,"href":"https:\/\/www.rememberme-forever.com\/fr\/wp-json\/wp\/v2\/product_brand?post=23493"},{"taxonomy":"product_cat","embeddable":true,"href":"https:\/\/www.rememberme-forever.com\/fr\/wp-json\/wp\/v2\/product_cat?post=23493"},{"taxonomy":"product_tag","embeddable":true,"href":"https:\/\/www.rememberme-forever.com\/fr\/wp-json\/wp\/v2\/product_tag?post=23493"}],"curies":[{"name":"wp","href":"https:\/\/api.w.org\/{rel}","templated":true}]}}