{"id":23566,"date":"2025-06-25T10:36:26","date_gmt":"2025-06-25T08:36:26","guid":{"rendered":"https:\/\/www.rememberme-forever.com\/product\/urne-thematique-ornee-du-symbole-yin-yang-harmonie-du-souvenir-et-paix\/"},"modified":"2025-12-09T10:21:35","modified_gmt":"2025-12-09T09:21:35","slug":"urne-thematique-ornee-du-symbole-yin-yang-harmonie-du-souvenir-et-paix","status":"publish","type":"product","link":"https:\/\/www.rememberme-forever.com\/fr\/produit\/urne-thematique-ornee-du-symbole-yin-yang-harmonie-du-souvenir-et-paix\/","title":{"rendered":"Urne th\u00e9matique orn\u00e9e du symbole Yin-Yang, harmonie du souvenir et paix"},"content":{"rendered":"<div class=\"pointer-events-none h-px w-px\" aria-hidden=\"true\" data-edge=\"true\"><\/div>\n<article class=\"text-token-text-primary w-full\" dir=\"auto\" data-testid=\"conversation-turn-180\" data-scroll-anchor=\"true\">\n<div class=\"text-base my-auto mx-auto py-5 [--thread-content-margin:--spacing(4)] @[37rem]:[--thread-content-margin:--spacing(6)] @[72rem]:[--thread-content-margin:--spacing(16)] px-(--thread-content-margin)\">\n<div class=\"[--thread-content-max-width:32rem] @[34rem]:[--thread-content-max-width:40rem] @[64rem]:[--thread-content-max-width:48rem] mx-auto flex max-w-(--thread-content-max-width) flex-1 text-base gap-4 md:gap-5 lg:gap-6 group\/turn-messages focus-visible:outline-hidden\">\n<div class=\"group\/conversation-turn relative flex w-full min-w-0 flex-col agent-turn\">\n<div class=\"relative flex-col gap-1 md:gap-3\">\n<div class=\"flex max-w-full flex-col grow\">\n<div class=\"min-h-8 text-message relative flex w-full flex-col items-end gap-2 text-start break-words whitespace-normal [.text-message+&amp;]:mt-5\" dir=\"auto\" data-message-author-role=\"assistant\" data-message-id=\"3ad3efa4-3774-4459-ae01-7a40a4b7a324\" data-message-model-slug=\"gpt-4o\">\n<div class=\"flex w-full flex-col gap-1 empty:hidden first:pt-[3px]\">\n<div class=\"markdown prose dark:prose-invert w-full break-words dark\">\n<p style=\"text-align: center;\" data-start=\"75\" data-end=\"116\"><strong data-start=\"75\" data-end=\"116\"><span style=\"color: #000000;\">Disponible en noir ou blanc.<\/span><\/strong><\/p>\n<p style=\"text-align: center;\" data-start=\"118\" data-end=\"475\"><span style=\"color: #000000;\">Cette urne fun\u00e9raire moderne, en forme de coffret \u00e9l\u00e9gant et d\u00e9cor\u00e9e du symbole Yin-Yang, est un choix unique pour ceux qui souhaitent honorer la m\u00e9moire d&rsquo;un \u00eatre cher dans un esprit d&rsquo;\u00e9quilibre, de paix et de s\u00e9r\u00e9nit\u00e9. Ce symbole repr\u00e9sente depuis des si\u00e8cles l&rsquo;unit\u00e9 des contraires, l&rsquo;\u00e9quilibre et la nature cyclique de la vie, faisant de l&rsquo;urne un objet de comm\u00e9moration hautement symbolique. <\/span><\/p>\n<p style=\"text-align: center;\" data-start=\"477\" data-end=\"704\"><span style=\"color: #000000;\">Propos\u00e9e en deux coloris \u2013 noir profond ou blanc pur \u2013 elle s&rsquo;int\u00e8gre parfaitement aux int\u00e9rieurs modernes et minimalistes. Fabriqu\u00e9e en bois, elle pr\u00e9sente des c\u00f4t\u00e9s l\u00e9g\u00e8rement arrondis et une finition soign\u00e9e. <\/span><\/p>\n<p style=\"text-align: center;\" data-start=\"706\" data-end=\"888\"><span style=\"color: #000000;\">La face avant arbore un symbole Yin-Yang grav\u00e9 et, juste au-dessus, une plaque comm\u00e9morative personnalis\u00e9e sur laquelle vous pouvez inscrire votre nom, les dates et un court message ou une citation.<\/span><\/p>\n<p style=\"text-align: center;\" data-start=\"890\" data-end=\"1027\"><span style=\"color: #000000;\">L&rsquo;urne s&rsquo;ouvre par le bas gr\u00e2ce \u00e0 un couvercle amovible \u00e0 vis, garantissant ainsi la conservation des cendres en toute s\u00e9curit\u00e9.<\/span><\/p>\n<p style=\"text-align: center;\" data-start=\"1029\" data-end=\"1192\" data-is-last-node=\"\" data-is-only-node=\"\"><span style=\"color: #000000;\">Ce n&rsquo;est pas qu&rsquo;un simple contenant, c&rsquo;est une urne profond\u00e9ment symbolique qui nous rappelle que la lumi\u00e8re et l&rsquo;ombre, la vie et la mort, coexistent toujours dans une harmonie durable.<\/span><\/p>\n<\/div>\n<\/div>\n<\/div>\n<\/div>\n<\/div>\n<\/div>\n<\/div>\n<\/div>\n<\/article>\n<div style=\"width: 100%; margin-bottom: 40px; height: max-content; padding-bottom: 60%; position: relative;\"><iframe style=\"position: absolute; top: 0; left: 0; width: 100%; height: 100%;\" src=\"https:\/\/rememberme-urns.com\/theme-urn-with-a-ying-yang-symbol\/\" frameborder=\"0\"><\/iframe><\/div>\n<div style=\"color: red; text-align: center; margin-bottom: 25px;\">\n<p>&gt;&gt; Rotation de la photo &#8211; appuyer\/zoomer &lt;&lt;<\/p>\n<\/div>\n<p style=\"text-align: center;\"><strong>\u25ba PERSONNALISATION \u25c4<\/strong><\/p>\n<p style=\"text-align: center;\">\u2714\ufe0f Pour une plaque personnalis\u00e9e, saisissez le texte \u00e0 l&rsquo;endroit pr\u00e9vu ou envoyez-nous un message.<\/p>\n<p style=\"text-align: center;\">\u2714\ufe0f La plaque comm\u00e9morative personnalis\u00e9e doit \u00eatre personnalis\u00e9e lors de la commande. (N&rsquo;h\u00e9sitez pas \u00e0 nous contacter ult\u00e9rieurement si vous oubliez de le faire.)<\/p>\n<p style=\"text-align: center;\"><b>Les limites de texte sont les suivantes :<\/b><\/p>\n<p style=\"text-align: center;\"><span style=\"color: var(--text-color); font-size: 14px;\">Nom(s) jusqu&rsquo;\u00e0 35 caract\u00e8res<\/span><\/p>\n<p style=\"text-align: center;\"><span style=\"color: var(--text-color); font-size: 14px;\">Dates de naissance et de d\u00e9c\u00e8s (35 caract\u00e8res maximum)<\/span><\/p>\n<p style=\"text-align: center;\"><span style=\"color: var(--text-color); font-size: 14px;\">Troisi\u00e8me ligne : 35 caract\u00e8res maximum<\/span><\/p>\n<div style=\"text-align: center;\"><\/div>\n<p style=\"text-align: center;\">\u2714\ufe0f Veuillez <strong>V\u00c9RIFIER<\/strong> le texte de gravure avant d&rsquo;ajouter le produit \u00e0 votre panier. Nous reproduisons et gravons exactement les informations re\u00e7ues lors de la commande et n&rsquo;y apportons aucune modification.<\/p>\n<p style=\"text-align: center;\">\u2714\ufe0f V\u00e9rifiez l&rsquo;orthographe du texte.<\/p>\n<p style=\"text-align: center;\">\u2714\ufe0f <strong>Ne saisissez<\/strong> pas d&rsquo;informations de gravure si vous achetez l&rsquo;option \u00ab Urne sans plaque \u00bb.<\/p>\n","protected":false},"excerpt":{"rendered":"<p>Disponible en noir ou blanc. Cette urne fun\u00e9raire moderne, en forme de coffret \u00e9l\u00e9gant et d\u00e9cor\u00e9e du symbole Yin-Yang, est un choix unique pour ceux&#8230;<\/p>\n","protected":false},"featured_media":23564,"comment_status":"closed","ping_status":"closed","template":"","meta":{"_acf_changed":false},"product_brand":[],"product_cat":[2420,2419,2431],"product_tag":[3304,2646],"class_list":{"0":"post-23566","1":"product","2":"type-product","3":"status-publish","4":"has-post-thumbnail","6":"product_cat-toutes-les-autres-urnes","7":"product_cat-urnes-a-theme","8":"product_cat-urnes-en-bois","9":"product_tag-gpsr-all-wood-urns","10":"product_tag-hurt-en-fr","11":"product_shipping_class-2-4kg-fr","13":"first","14":"instock","15":"taxable","16":"shipping-taxable","17":"purchasable","18":"product-type-variable"},"yoast_head":"<!-- This site is optimized with the Yoast SEO plugin v27.5 - https:\/\/yoast.com\/product\/yoast-seo-wordpress\/ -->\n<title>Urne th\u00e9matique orn\u00e9e du symbole Yin-Yang, harmonie du souvenir et paix - Remember Forever<\/title>\n<meta name=\"robots\" content=\"index, follow, max-snippet:-1, max-image-preview:large, max-video-preview:-1\" \/>\n<link rel=\"canonical\" href=\"https:\/\/www.rememberme-forever.com\/fr\/produit\/urne-thematique-ornee-du-symbole-yin-yang-harmonie-du-souvenir-et-paix\/\" \/>\n<meta property=\"og:locale\" content=\"fr_FR\" \/>\n<meta property=\"og:type\" content=\"article\" \/>\n<meta property=\"og:title\" content=\"Urne th\u00e9matique orn\u00e9e du symbole Yin-Yang, harmonie du souvenir et paix - Remember Forever\" \/>\n<meta property=\"og:description\" content=\"Disponible en noir ou blanc. Cette urne fun\u00e9raire moderne, en forme de coffret \u00e9l\u00e9gant et d\u00e9cor\u00e9e du symbole Yin-Yang, est un choix unique pour ceux...\" \/>\n<meta property=\"og:url\" content=\"https:\/\/www.rememberme-forever.com\/fr\/produit\/urne-thematique-ornee-du-symbole-yin-yang-harmonie-du-souvenir-et-paix\/\" \/>\n<meta property=\"og:site_name\" content=\"Remember Forever\" \/>\n<meta property=\"article:modified_time\" content=\"2025-12-09T09:21:35+00:00\" \/>\n<meta property=\"og:image\" content=\"http:\/\/www.rememberme-forever.com\/wp-content\/uploads\/2025\/06\/ying-yang-japanese-symbol-urn-white_0001.jpg\" \/>\n\t<meta property=\"og:image:width\" content=\"1007\" \/>\n\t<meta property=\"og:image:height\" content=\"1024\" \/>\n\t<meta property=\"og:image:type\" content=\"image\/jpeg\" \/>\n<meta name=\"twitter:card\" content=\"summary_large_image\" \/>\n<meta name=\"twitter:label1\" content=\"Dur\u00e9e de lecture estim\u00e9e\" \/>\n\t<meta name=\"twitter:data1\" content=\"2 minutes\" \/>\n<script type=\"application\/ld+json\" class=\"yoast-schema-graph\">{\"@context\":\"https:\\\/\\\/schema.org\",\"@graph\":[{\"@type\":\"WebPage\",\"@id\":\"https:\\\/\\\/www.rememberme-forever.com\\\/fr\\\/produit\\\/urne-thematique-ornee-du-symbole-yin-yang-harmonie-du-souvenir-et-paix\\\/\",\"url\":\"https:\\\/\\\/www.rememberme-forever.com\\\/fr\\\/produit\\\/urne-thematique-ornee-du-symbole-yin-yang-harmonie-du-souvenir-et-paix\\\/\",\"name\":\"Urne th\u00e9matique orn\u00e9e du symbole Yin-Yang, harmonie du souvenir et paix - Remember Forever\",\"isPartOf\":{\"@id\":\"https:\\\/\\\/www.rememberme-forever.com\\\/fr\\\/#website\"},\"primaryImageOfPage\":{\"@id\":\"https:\\\/\\\/www.rememberme-forever.com\\\/fr\\\/produit\\\/urne-thematique-ornee-du-symbole-yin-yang-harmonie-du-souvenir-et-paix\\\/#primaryimage\"},\"image\":{\"@id\":\"https:\\\/\\\/www.rememberme-forever.com\\\/fr\\\/produit\\\/urne-thematique-ornee-du-symbole-yin-yang-harmonie-du-souvenir-et-paix\\\/#primaryimage\"},\"thumbnailUrl\":\"https:\\\/\\\/www.rememberme-forever.com\\\/wp-content\\\/uploads\\\/2025\\\/06\\\/ying-yang-japanese-symbol-urn-white_0001.jpg\",\"datePublished\":\"2025-06-25T08:36:26+00:00\",\"dateModified\":\"2025-12-09T09:21:35+00:00\",\"breadcrumb\":{\"@id\":\"https:\\\/\\\/www.rememberme-forever.com\\\/fr\\\/produit\\\/urne-thematique-ornee-du-symbole-yin-yang-harmonie-du-souvenir-et-paix\\\/#breadcrumb\"},\"inLanguage\":\"fr-FR\",\"potentialAction\":[{\"@type\":\"ReadAction\",\"target\":[\"https:\\\/\\\/www.rememberme-forever.com\\\/fr\\\/produit\\\/urne-thematique-ornee-du-symbole-yin-yang-harmonie-du-souvenir-et-paix\\\/\"]}]},{\"@type\":\"ImageObject\",\"inLanguage\":\"fr-FR\",\"@id\":\"https:\\\/\\\/www.rememberme-forever.com\\\/fr\\\/produit\\\/urne-thematique-ornee-du-symbole-yin-yang-harmonie-du-souvenir-et-paix\\\/#primaryimage\",\"url\":\"https:\\\/\\\/www.rememberme-forever.com\\\/wp-content\\\/uploads\\\/2025\\\/06\\\/ying-yang-japanese-symbol-urn-white_0001.jpg\",\"contentUrl\":\"https:\\\/\\\/www.rememberme-forever.com\\\/wp-content\\\/uploads\\\/2025\\\/06\\\/ying-yang-japanese-symbol-urn-white_0001.jpg\",\"width\":1007,\"height\":1024,\"caption\":\"Urne th\u00e9matique orn\u00e9e du symbole du Yin et du Yang\"},{\"@type\":\"BreadcrumbList\",\"@id\":\"https:\\\/\\\/www.rememberme-forever.com\\\/fr\\\/produit\\\/urne-thematique-ornee-du-symbole-yin-yang-harmonie-du-souvenir-et-paix\\\/#breadcrumb\",\"itemListElement\":[{\"@type\":\"ListItem\",\"position\":1,\"name\":\"Home\",\"item\":\"https:\\\/\\\/www.rememberme-forever.com\\\/fr\\\/accueil\\\/\"},{\"@type\":\"ListItem\",\"position\":2,\"name\":\"Boutique\",\"item\":\"https:\\\/\\\/www.rememberme-forever.com\\\/fr\\\/boutique\\\/\"},{\"@type\":\"ListItem\",\"position\":3,\"name\":\"Urne th\u00e9matique orn\u00e9e du symbole Yin-Yang, harmonie du souvenir et paix\"}]},{\"@type\":\"WebSite\",\"@id\":\"https:\\\/\\\/www.rememberme-forever.com\\\/fr\\\/#website\",\"url\":\"https:\\\/\\\/www.rememberme-forever.com\\\/fr\\\/\",\"name\":\"Remember Forever\",\"description\":\"Cremation urns, funeral urns, urns for ashes\",\"publisher\":{\"@id\":\"https:\\\/\\\/www.rememberme-forever.com\\\/fr\\\/#organization\"},\"potentialAction\":[{\"@type\":\"SearchAction\",\"target\":{\"@type\":\"EntryPoint\",\"urlTemplate\":\"https:\\\/\\\/www.rememberme-forever.com\\\/fr\\\/?s={search_term_string}\"},\"query-input\":{\"@type\":\"PropertyValueSpecification\",\"valueRequired\":true,\"valueName\":\"search_term_string\"}}],\"inLanguage\":\"fr-FR\"},{\"@type\":\"Organization\",\"@id\":\"https:\\\/\\\/www.rememberme-forever.com\\\/fr\\\/#organization\",\"name\":\"Remember Forever\",\"url\":\"https:\\\/\\\/www.rememberme-forever.com\\\/fr\\\/\",\"logo\":{\"@type\":\"ImageObject\",\"inLanguage\":\"fr-FR\",\"@id\":\"https:\\\/\\\/www.rememberme-forever.com\\\/fr\\\/#\\\/schema\\\/logo\\\/image\\\/\",\"url\":\"https:\\\/\\\/www.rememberme-forever.com\\\/wp-content\\\/uploads\\\/2023\\\/02\\\/logo.png\",\"contentUrl\":\"https:\\\/\\\/www.rememberme-forever.com\\\/wp-content\\\/uploads\\\/2023\\\/02\\\/logo.png\",\"width\":300,\"height\":56,\"caption\":\"Remember Forever\"},\"image\":{\"@id\":\"https:\\\/\\\/www.rememberme-forever.com\\\/fr\\\/#\\\/schema\\\/logo\\\/image\\\/\"}}]}<\/script>\n<!-- \/ Yoast SEO plugin. -->","yoast_head_json":{"title":"Urne th\u00e9matique orn\u00e9e du symbole Yin-Yang, harmonie du souvenir et paix - Remember Forever","robots":{"index":"index","follow":"follow","max-snippet":"max-snippet:-1","max-image-preview":"max-image-preview:large","max-video-preview":"max-video-preview:-1"},"canonical":"https:\/\/www.rememberme-forever.com\/fr\/produit\/urne-thematique-ornee-du-symbole-yin-yang-harmonie-du-souvenir-et-paix\/","og_locale":"fr_FR","og_type":"article","og_title":"Urne th\u00e9matique orn\u00e9e du symbole Yin-Yang, harmonie du souvenir et paix - Remember Forever","og_description":"Disponible en noir ou blanc. Cette urne fun\u00e9raire moderne, en forme de coffret \u00e9l\u00e9gant et d\u00e9cor\u00e9e du symbole Yin-Yang, est un choix unique pour ceux...","og_url":"https:\/\/www.rememberme-forever.com\/fr\/produit\/urne-thematique-ornee-du-symbole-yin-yang-harmonie-du-souvenir-et-paix\/","og_site_name":"Remember Forever","article_modified_time":"2025-12-09T09:21:35+00:00","og_image":[{"width":1007,"height":1024,"url":"http:\/\/www.rememberme-forever.com\/wp-content\/uploads\/2025\/06\/ying-yang-japanese-symbol-urn-white_0001.jpg","type":"image\/jpeg"}],"twitter_card":"summary_large_image","twitter_misc":{"Dur\u00e9e de lecture estim\u00e9e":"2 minutes"},"schema":{"@context":"https:\/\/schema.org","@graph":[{"@type":"WebPage","@id":"https:\/\/www.rememberme-forever.com\/fr\/produit\/urne-thematique-ornee-du-symbole-yin-yang-harmonie-du-souvenir-et-paix\/","url":"https:\/\/www.rememberme-forever.com\/fr\/produit\/urne-thematique-ornee-du-symbole-yin-yang-harmonie-du-souvenir-et-paix\/","name":"Urne th\u00e9matique orn\u00e9e du symbole Yin-Yang, harmonie du souvenir et paix - Remember Forever","isPartOf":{"@id":"https:\/\/www.rememberme-forever.com\/fr\/#website"},"primaryImageOfPage":{"@id":"https:\/\/www.rememberme-forever.com\/fr\/produit\/urne-thematique-ornee-du-symbole-yin-yang-harmonie-du-souvenir-et-paix\/#primaryimage"},"image":{"@id":"https:\/\/www.rememberme-forever.com\/fr\/produit\/urne-thematique-ornee-du-symbole-yin-yang-harmonie-du-souvenir-et-paix\/#primaryimage"},"thumbnailUrl":"https:\/\/www.rememberme-forever.com\/wp-content\/uploads\/2025\/06\/ying-yang-japanese-symbol-urn-white_0001.jpg","datePublished":"2025-06-25T08:36:26+00:00","dateModified":"2025-12-09T09:21:35+00:00","breadcrumb":{"@id":"https:\/\/www.rememberme-forever.com\/fr\/produit\/urne-thematique-ornee-du-symbole-yin-yang-harmonie-du-souvenir-et-paix\/#breadcrumb"},"inLanguage":"fr-FR","potentialAction":[{"@type":"ReadAction","target":["https:\/\/www.rememberme-forever.com\/fr\/produit\/urne-thematique-ornee-du-symbole-yin-yang-harmonie-du-souvenir-et-paix\/"]}]},{"@type":"ImageObject","inLanguage":"fr-FR","@id":"https:\/\/www.rememberme-forever.com\/fr\/produit\/urne-thematique-ornee-du-symbole-yin-yang-harmonie-du-souvenir-et-paix\/#primaryimage","url":"https:\/\/www.rememberme-forever.com\/wp-content\/uploads\/2025\/06\/ying-yang-japanese-symbol-urn-white_0001.jpg","contentUrl":"https:\/\/www.rememberme-forever.com\/wp-content\/uploads\/2025\/06\/ying-yang-japanese-symbol-urn-white_0001.jpg","width":1007,"height":1024,"caption":"Urne th\u00e9matique orn\u00e9e du symbole du Yin et du Yang"},{"@type":"BreadcrumbList","@id":"https:\/\/www.rememberme-forever.com\/fr\/produit\/urne-thematique-ornee-du-symbole-yin-yang-harmonie-du-souvenir-et-paix\/#breadcrumb","itemListElement":[{"@type":"ListItem","position":1,"name":"Home","item":"https:\/\/www.rememberme-forever.com\/fr\/accueil\/"},{"@type":"ListItem","position":2,"name":"Boutique","item":"https:\/\/www.rememberme-forever.com\/fr\/boutique\/"},{"@type":"ListItem","position":3,"name":"Urne th\u00e9matique orn\u00e9e du symbole Yin-Yang, harmonie du souvenir et paix"}]},{"@type":"WebSite","@id":"https:\/\/www.rememberme-forever.com\/fr\/#website","url":"https:\/\/www.rememberme-forever.com\/fr\/","name":"Remember Forever","description":"Cremation urns, funeral urns, urns for ashes","publisher":{"@id":"https:\/\/www.rememberme-forever.com\/fr\/#organization"},"potentialAction":[{"@type":"SearchAction","target":{"@type":"EntryPoint","urlTemplate":"https:\/\/www.rememberme-forever.com\/fr\/?s={search_term_string}"},"query-input":{"@type":"PropertyValueSpecification","valueRequired":true,"valueName":"search_term_string"}}],"inLanguage":"fr-FR"},{"@type":"Organization","@id":"https:\/\/www.rememberme-forever.com\/fr\/#organization","name":"Remember Forever","url":"https:\/\/www.rememberme-forever.com\/fr\/","logo":{"@type":"ImageObject","inLanguage":"fr-FR","@id":"https:\/\/www.rememberme-forever.com\/fr\/#\/schema\/logo\/image\/","url":"https:\/\/www.rememberme-forever.com\/wp-content\/uploads\/2023\/02\/logo.png","contentUrl":"https:\/\/www.rememberme-forever.com\/wp-content\/uploads\/2023\/02\/logo.png","width":300,"height":56,"caption":"Remember Forever"},"image":{"@id":"https:\/\/www.rememberme-forever.com\/fr\/#\/schema\/logo\/image\/"}}]}},"acf":[],"_links":{"self":[{"href":"https:\/\/www.rememberme-forever.com\/fr\/wp-json\/wp\/v2\/product\/23566","targetHints":{"allow":["GET"]}}],"collection":[{"href":"https:\/\/www.rememberme-forever.com\/fr\/wp-json\/wp\/v2\/product"}],"about":[{"href":"https:\/\/www.rememberme-forever.com\/fr\/wp-json\/wp\/v2\/types\/product"}],"replies":[{"embeddable":true,"href":"https:\/\/www.rememberme-forever.com\/fr\/wp-json\/wp\/v2\/comments?post=23566"}],"wp:featuredmedia":[{"embeddable":true,"href":"https:\/\/www.rememberme-forever.com\/fr\/wp-json\/wp\/v2\/media\/23564"}],"wp:attachment":[{"href":"https:\/\/www.rememberme-forever.com\/fr\/wp-json\/wp\/v2\/media?parent=23566"}],"wp:term":[{"taxonomy":"product_brand","embeddable":true,"href":"https:\/\/www.rememberme-forever.com\/fr\/wp-json\/wp\/v2\/product_brand?post=23566"},{"taxonomy":"product_cat","embeddable":true,"href":"https:\/\/www.rememberme-forever.com\/fr\/wp-json\/wp\/v2\/product_cat?post=23566"},{"taxonomy":"product_tag","embeddable":true,"href":"https:\/\/www.rememberme-forever.com\/fr\/wp-json\/wp\/v2\/product_tag?post=23566"}],"curies":[{"name":"wp","href":"https:\/\/api.w.org\/{rel}","templated":true}]}}