{"id":24126,"date":"2026-01-07T14:46:46","date_gmt":"2026-01-07T13:46:46","guid":{"rendered":"https:\/\/www.rememberme-forever.com\/product\/urne-funeraire-en-bois-personnalisee-avec-photo\/"},"modified":"2026-01-14T08:19:19","modified_gmt":"2026-01-14T07:19:19","slug":"urne-funeraire-en-bois-personnalisee-avec-photo","status":"publish","type":"product","link":"https:\/\/www.rememberme-forever.com\/fr\/produit\/urne-funeraire-en-bois-personnalisee-avec-photo\/","title":{"rendered":"Urne fun\u00e9raire en bois personnalis\u00e9e avec photo"},"content":{"rendered":"<p class=\"MsoNormal\" align=\"center\"><span style=\"font-size: 16px; font-family: Arial;\">Cette urne fun\u00e9raire en bois massif est con\u00e7ue pour rendre un hommage digne et durable \u00e0 un \u00eatre cher. Fabriqu\u00e9e en bois de haute qualit\u00e9 avec une finition chaleureuse et classique, sa forme \u00e9l\u00e9gante convient \u00e0 un adulte. <\/span><\/p>\n<p class=\"MsoNormal\" align=\"center\"><span style=\"font-size: 16px; font-family: Arial;\">L&rsquo;avant de l&rsquo;urne offre un espace pour une photo souvenir, permettant un souvenir personnel et significatif. Une plaque comm\u00e9morative grav\u00e9e avec un texte personnalis\u00e9 peut \u00eatre ajout\u00e9e en option, cr\u00e9ant ainsi un hommage unique et profond\u00e9ment personnel. <\/span><\/p>\n<p class=\"MsoNormal\" align=\"center\"><span style=\"font-size: 16px; font-family: Arial;\">Les cendres sont plac\u00e9es par le fond amovible, garantissant une manipulation discr\u00e8te et une fermeture s\u00e9curis\u00e9e. Cette urne peut \u00eatre expos\u00e9e \u00e0 domicile, d\u00e9pos\u00e9e dans un columbarium ou inhum\u00e9e apr\u00e8s avoir \u00e9t\u00e9 correctement scell\u00e9e. <\/span><\/p>\n<p class=\"MsoNormal\" align=\"center\"><span style=\"font-size: 16px; font-family: Arial;\">Une urne fun\u00e9raire durable et raffin\u00e9e, cr\u00e9\u00e9e avec soin, respect et souci du d\u00e9tail.<\/span><\/p>\n<p>&nbsp;<\/p>\n<div style=\"width: 100%; margin-bottom: 40px; height: max-content; padding-bottom: 60%; position: relative;\"><iframe style=\"position: absolute; top: 0; left: 0; width: 100%; height: 100%;\" src=\"https:\/\/rememberme-urns.com\/solid-wooden-urn-with-a-color-photo\/\" frameborder=\"0\"><\/iframe><\/div>\n<div style=\"color: red; text-align: center; margin-bottom: 25px;\">\n<p>&gt;&gt; Rotation de la photo &#8211; appuyer\/zoomer &lt;&lt;<\/p>\n<\/div>\n<div style=\"text-align: center;\">\u25ba<span data-start=\"0\" data-end=\"10\" data-is-only-node=\"\">PHOTO<\/span>\u25c4<\/div>\n<div style=\"text-align: center;\"><\/div>\n<div style=\"text-align: center;\"><span style=\"color: #000000; font-family: Arial;\">\u2714\ufe0f La photo pour l&rsquo;urne doit mesurer 5 cm \u00d7 5 cm.<\/span><\/div>\n<div style=\"text-align: center;\"><span style=\"color: #000000; font-family: Arial;\">\u2714\ufe0f Pour pr\u00e9parer la photo, veuillez utiliser un outil de recadrage photo puis nous l&rsquo;envoyer par e-mail.<\/span><\/div>\n<div style=\"text-align: center;\"><span style=\"color: #000000; font-family: Arial;\"> <\/span><\/div>\n<div style=\"text-align: center;\"><span style=\"color: #000000; font-family: Arial;\"><i><u>https:\/\/www.rememberme-forever.com\/image_cropper\/<\/u><\/i><\/span><\/div>\n<div style=\"text-align: center;\"><span style=\"color: #000000; font-family: Arial;\"><i><u> <\/u><\/i><\/span><\/div>\n<div style=\"text-align: center;\"><span style=\"color: #000000; font-family: Arial;\">\u2714\ufe0f La photo sera pli\u00e9e sur les c\u00f4t\u00e9s de 0,3 cm.<\/span><\/div>\n<div><\/div>\n<p style=\"text-align: center;\"><strong><span style=\"font-size: 16px; font-family: Arial;\">\u25ba PERSONNALISATION \u25c4<\/span><\/strong><\/p>\n<p style=\"text-align: center;\"><span style=\"font-size: 16px; font-family: Arial;\">\u2714\ufe0f Pour une plaque personnalis\u00e9e, saisissez le texte \u00e0 l&rsquo;endroit pr\u00e9vu ou envoyez-nous un message.<\/span><\/p>\n<p style=\"text-align: center;\"><span style=\"font-size: 16px; font-family: Arial;\">\u2714\ufe0f La plaque comm\u00e9morative personnalis\u00e9e doit \u00eatre personnalis\u00e9e lors de la commande. (N&rsquo;h\u00e9sitez pas \u00e0 nous contacter ult\u00e9rieurement si vous oubliez de le faire.) <\/span><\/p>\n<p style=\"text-align: center;\"><span style=\"font-size: 16px; font-family: Arial;\"> <\/span><\/p>\n<p style=\"text-align: center;\"><b><span style=\"font-size: 16px; font-family: Arial;\">Les limites de texte sont les suivantes :<\/span><\/b><\/p>\n<p style=\"text-align: center;\"><span style=\"color: var(--text-color);\"><span style=\"font-size: 16px; font-family: Arial;\">Nom(s) jusqu&rsquo;\u00e0 24 caract\u00e8res<\/span><\/span><\/p>\n<p style=\"text-align: center;\"><span style=\"color: var(--text-color);\"><span style=\"font-size: 16px; font-family: Arial;\">Dates de naissance et de d\u00e9c\u00e8s jusqu&rsquo;\u00e0 24 caract\u00e8res<\/span><\/span><\/p>\n<p style=\"text-align: center;\"><span style=\"color: var(--text-color);\"><span style=\"font-size: 16px; font-family: Arial;\">Troisi\u00e8me ligne jusqu&rsquo;\u00e0 24 caract\u00e8res<\/span><\/span><\/p>\n<p style=\"text-align: center;\"><span style=\"font-size: 16px; font-family: Arial;\">Quatri\u00e8me ligne jusqu&rsquo;\u00e0 24 caract\u00e8res<\/span><\/p>\n<p style=\"text-align: center;\"><span style=\"font-size: 16px; font-family: Arial;\">Cinqui\u00e8me ligne : 24 caract\u00e8res maximum<\/span><\/p>\n<div style=\"text-align: center;\"><span style=\"font-size: 16px; font-family: Arial;\"> <\/span><\/div>\n<p style=\"text-align: center;\"><span style=\"font-size: 16px; font-family: Arial;\">\u2714\ufe0f Veuillez <strong>V\u00c9RIFIER<\/strong> le texte de gravure avant d&rsquo;ajouter le produit \u00e0 votre panier. Nous reproduisons et gravons exactement les informations re\u00e7ues lors de la commande et n&rsquo;y apportons aucune modification. <\/span><\/p>\n<p style=\"text-align: center;\"><span style=\"font-size: 16px; font-family: Arial;\">\u2714\ufe0f V\u00e9rifiez l&rsquo;orthographe du texte.<\/span><\/p>\n<p style=\"text-align: center;\"><span style=\"font-size: 16px; font-family: Arial;\">\u2714\ufe0f <strong>Ne saisissez<\/strong> pas d&rsquo;informations de gravure si vous achetez l&rsquo;option \u00ab Urne sans plaque \u00bb.<\/span><\/p>\n","protected":false},"excerpt":{"rendered":"<p>Cette urne fun\u00e9raire en bois massif est con\u00e7ue pour rendre un hommage digne et durable \u00e0 un \u00eatre cher. Fabriqu\u00e9e en bois de haute qualit\u00e9&#8230;<\/p>\n","protected":false},"featured_media":24120,"template":"","meta":{"_acf_changed":false},"product_brand":[],"product_cat":[2431,3375],"product_tag":[3304,3263],"class_list":{"0":"post-24126","1":"product","2":"type-product","3":"status-publish","4":"has-post-thumbnail","6":"product_cat-urnes-en-bois","7":"product_cat-urnes-photographiques","8":"product_tag-gpsr-all-wood-urns","9":"product_tag-photo","10":"product_shipping_class-4-5-kg","12":"first","13":"instock","14":"taxable","15":"shipping-taxable","16":"purchasable","17":"product-type-simple"},"yoast_head":"<!-- This site is optimized with the Yoast SEO plugin v27.4 - https:\/\/yoast.com\/product\/yoast-seo-wordpress\/ -->\n<title>Urne fun\u00e9raire en bois personnalis\u00e9e avec photo - Remember Forever<\/title>\n<meta name=\"robots\" content=\"index, follow, max-snippet:-1, max-image-preview:large, max-video-preview:-1\" \/>\n<link rel=\"canonical\" href=\"https:\/\/www.rememberme-forever.com\/fr\/produit\/urne-funeraire-en-bois-personnalisee-avec-photo\/\" \/>\n<meta property=\"og:locale\" content=\"fr_FR\" \/>\n<meta property=\"og:type\" content=\"article\" \/>\n<meta property=\"og:title\" content=\"Urne fun\u00e9raire en bois personnalis\u00e9e avec photo - Remember Forever\" \/>\n<meta property=\"og:description\" content=\"Cette urne fun\u00e9raire en bois massif est con\u00e7ue pour rendre un hommage digne et durable \u00e0 un \u00eatre cher. Fabriqu\u00e9e en bois de haute qualit\u00e9...\" \/>\n<meta property=\"og:url\" content=\"https:\/\/www.rememberme-forever.com\/fr\/produit\/urne-funeraire-en-bois-personnalisee-avec-photo\/\" \/>\n<meta property=\"og:site_name\" content=\"Remember Forever\" \/>\n<meta property=\"article:modified_time\" content=\"2026-01-14T07:19:19+00:00\" \/>\n<meta property=\"og:image\" content=\"http:\/\/www.rememberme-forever.com\/wp-content\/uploads\/2026\/01\/adult-size-wood-urn-with-photo_0001.jpg\" \/>\n\t<meta property=\"og:image:width\" content=\"1007\" \/>\n\t<meta property=\"og:image:height\" content=\"1024\" \/>\n\t<meta property=\"og:image:type\" content=\"image\/jpeg\" \/>\n<meta name=\"twitter:card\" content=\"summary_large_image\" \/>\n<meta name=\"twitter:label1\" content=\"Dur\u00e9e de lecture estim\u00e9e\" \/>\n\t<meta name=\"twitter:data1\" content=\"2 minutes\" \/>\n<script type=\"application\/ld+json\" class=\"yoast-schema-graph\">{\"@context\":\"https:\\\/\\\/schema.org\",\"@graph\":[{\"@type\":\"WebPage\",\"@id\":\"https:\\\/\\\/www.rememberme-forever.com\\\/fr\\\/produit\\\/urne-funeraire-en-bois-personnalisee-avec-photo\\\/\",\"url\":\"https:\\\/\\\/www.rememberme-forever.com\\\/fr\\\/produit\\\/urne-funeraire-en-bois-personnalisee-avec-photo\\\/\",\"name\":\"Urne fun\u00e9raire en bois personnalis\u00e9e avec photo - Remember Forever\",\"isPartOf\":{\"@id\":\"https:\\\/\\\/www.rememberme-forever.com\\\/fr\\\/#website\"},\"primaryImageOfPage\":{\"@id\":\"https:\\\/\\\/www.rememberme-forever.com\\\/fr\\\/produit\\\/urne-funeraire-en-bois-personnalisee-avec-photo\\\/#primaryimage\"},\"image\":{\"@id\":\"https:\\\/\\\/www.rememberme-forever.com\\\/fr\\\/produit\\\/urne-funeraire-en-bois-personnalisee-avec-photo\\\/#primaryimage\"},\"thumbnailUrl\":\"https:\\\/\\\/www.rememberme-forever.com\\\/wp-content\\\/uploads\\\/2026\\\/01\\\/adult-size-wood-urn-with-photo_0001.jpg\",\"datePublished\":\"2026-01-07T13:46:46+00:00\",\"dateModified\":\"2026-01-14T07:19:19+00:00\",\"breadcrumb\":{\"@id\":\"https:\\\/\\\/www.rememberme-forever.com\\\/fr\\\/produit\\\/urne-funeraire-en-bois-personnalisee-avec-photo\\\/#breadcrumb\"},\"inLanguage\":\"fr-FR\",\"potentialAction\":[{\"@type\":\"ReadAction\",\"target\":[\"https:\\\/\\\/www.rememberme-forever.com\\\/fr\\\/produit\\\/urne-funeraire-en-bois-personnalisee-avec-photo\\\/\"]}]},{\"@type\":\"ImageObject\",\"inLanguage\":\"fr-FR\",\"@id\":\"https:\\\/\\\/www.rememberme-forever.com\\\/fr\\\/produit\\\/urne-funeraire-en-bois-personnalisee-avec-photo\\\/#primaryimage\",\"url\":\"https:\\\/\\\/www.rememberme-forever.com\\\/wp-content\\\/uploads\\\/2026\\\/01\\\/adult-size-wood-urn-with-photo_0001.jpg\",\"contentUrl\":\"https:\\\/\\\/www.rememberme-forever.com\\\/wp-content\\\/uploads\\\/2026\\\/01\\\/adult-size-wood-urn-with-photo_0001.jpg\",\"width\":1007,\"height\":1024,\"caption\":\"Urne fun\u00e9raire en bois massif pour adulte avec photo et plaque comm\u00e9morative.\"},{\"@type\":\"BreadcrumbList\",\"@id\":\"https:\\\/\\\/www.rememberme-forever.com\\\/fr\\\/produit\\\/urne-funeraire-en-bois-personnalisee-avec-photo\\\/#breadcrumb\",\"itemListElement\":[{\"@type\":\"ListItem\",\"position\":1,\"name\":\"Home\",\"item\":\"https:\\\/\\\/www.rememberme-forever.com\\\/fr\\\/accueil\\\/\"},{\"@type\":\"ListItem\",\"position\":2,\"name\":\"Boutique\",\"item\":\"https:\\\/\\\/www.rememberme-forever.com\\\/fr\\\/boutique\\\/\"},{\"@type\":\"ListItem\",\"position\":3,\"name\":\"Urne fun\u00e9raire en bois personnalis\u00e9e avec photo\"}]},{\"@type\":\"WebSite\",\"@id\":\"https:\\\/\\\/www.rememberme-forever.com\\\/fr\\\/#website\",\"url\":\"https:\\\/\\\/www.rememberme-forever.com\\\/fr\\\/\",\"name\":\"Remember Forever\",\"description\":\"Cremation urns, funeral urns, urns for ashes\",\"publisher\":{\"@id\":\"https:\\\/\\\/www.rememberme-forever.com\\\/fr\\\/#organization\"},\"potentialAction\":[{\"@type\":\"SearchAction\",\"target\":{\"@type\":\"EntryPoint\",\"urlTemplate\":\"https:\\\/\\\/www.rememberme-forever.com\\\/fr\\\/?s={search_term_string}\"},\"query-input\":{\"@type\":\"PropertyValueSpecification\",\"valueRequired\":true,\"valueName\":\"search_term_string\"}}],\"inLanguage\":\"fr-FR\"},{\"@type\":\"Organization\",\"@id\":\"https:\\\/\\\/www.rememberme-forever.com\\\/fr\\\/#organization\",\"name\":\"Remember Forever\",\"url\":\"https:\\\/\\\/www.rememberme-forever.com\\\/fr\\\/\",\"logo\":{\"@type\":\"ImageObject\",\"inLanguage\":\"fr-FR\",\"@id\":\"https:\\\/\\\/www.rememberme-forever.com\\\/fr\\\/#\\\/schema\\\/logo\\\/image\\\/\",\"url\":\"https:\\\/\\\/www.rememberme-forever.com\\\/wp-content\\\/uploads\\\/2023\\\/02\\\/logo.png\",\"contentUrl\":\"https:\\\/\\\/www.rememberme-forever.com\\\/wp-content\\\/uploads\\\/2023\\\/02\\\/logo.png\",\"width\":300,\"height\":56,\"caption\":\"Remember Forever\"},\"image\":{\"@id\":\"https:\\\/\\\/www.rememberme-forever.com\\\/fr\\\/#\\\/schema\\\/logo\\\/image\\\/\"}}]}<\/script>\n<!-- \/ Yoast SEO plugin. -->","yoast_head_json":{"title":"Urne fun\u00e9raire en bois personnalis\u00e9e avec photo - Remember Forever","robots":{"index":"index","follow":"follow","max-snippet":"max-snippet:-1","max-image-preview":"max-image-preview:large","max-video-preview":"max-video-preview:-1"},"canonical":"https:\/\/www.rememberme-forever.com\/fr\/produit\/urne-funeraire-en-bois-personnalisee-avec-photo\/","og_locale":"fr_FR","og_type":"article","og_title":"Urne fun\u00e9raire en bois personnalis\u00e9e avec photo - Remember Forever","og_description":"Cette urne fun\u00e9raire en bois massif est con\u00e7ue pour rendre un hommage digne et durable \u00e0 un \u00eatre cher. Fabriqu\u00e9e en bois de haute qualit\u00e9...","og_url":"https:\/\/www.rememberme-forever.com\/fr\/produit\/urne-funeraire-en-bois-personnalisee-avec-photo\/","og_site_name":"Remember Forever","article_modified_time":"2026-01-14T07:19:19+00:00","og_image":[{"width":1007,"height":1024,"url":"http:\/\/www.rememberme-forever.com\/wp-content\/uploads\/2026\/01\/adult-size-wood-urn-with-photo_0001.jpg","type":"image\/jpeg"}],"twitter_card":"summary_large_image","twitter_misc":{"Dur\u00e9e de lecture estim\u00e9e":"2 minutes"},"schema":{"@context":"https:\/\/schema.org","@graph":[{"@type":"WebPage","@id":"https:\/\/www.rememberme-forever.com\/fr\/produit\/urne-funeraire-en-bois-personnalisee-avec-photo\/","url":"https:\/\/www.rememberme-forever.com\/fr\/produit\/urne-funeraire-en-bois-personnalisee-avec-photo\/","name":"Urne fun\u00e9raire en bois personnalis\u00e9e avec photo - Remember Forever","isPartOf":{"@id":"https:\/\/www.rememberme-forever.com\/fr\/#website"},"primaryImageOfPage":{"@id":"https:\/\/www.rememberme-forever.com\/fr\/produit\/urne-funeraire-en-bois-personnalisee-avec-photo\/#primaryimage"},"image":{"@id":"https:\/\/www.rememberme-forever.com\/fr\/produit\/urne-funeraire-en-bois-personnalisee-avec-photo\/#primaryimage"},"thumbnailUrl":"https:\/\/www.rememberme-forever.com\/wp-content\/uploads\/2026\/01\/adult-size-wood-urn-with-photo_0001.jpg","datePublished":"2026-01-07T13:46:46+00:00","dateModified":"2026-01-14T07:19:19+00:00","breadcrumb":{"@id":"https:\/\/www.rememberme-forever.com\/fr\/produit\/urne-funeraire-en-bois-personnalisee-avec-photo\/#breadcrumb"},"inLanguage":"fr-FR","potentialAction":[{"@type":"ReadAction","target":["https:\/\/www.rememberme-forever.com\/fr\/produit\/urne-funeraire-en-bois-personnalisee-avec-photo\/"]}]},{"@type":"ImageObject","inLanguage":"fr-FR","@id":"https:\/\/www.rememberme-forever.com\/fr\/produit\/urne-funeraire-en-bois-personnalisee-avec-photo\/#primaryimage","url":"https:\/\/www.rememberme-forever.com\/wp-content\/uploads\/2026\/01\/adult-size-wood-urn-with-photo_0001.jpg","contentUrl":"https:\/\/www.rememberme-forever.com\/wp-content\/uploads\/2026\/01\/adult-size-wood-urn-with-photo_0001.jpg","width":1007,"height":1024,"caption":"Urne fun\u00e9raire en bois massif pour adulte avec photo et plaque comm\u00e9morative."},{"@type":"BreadcrumbList","@id":"https:\/\/www.rememberme-forever.com\/fr\/produit\/urne-funeraire-en-bois-personnalisee-avec-photo\/#breadcrumb","itemListElement":[{"@type":"ListItem","position":1,"name":"Home","item":"https:\/\/www.rememberme-forever.com\/fr\/accueil\/"},{"@type":"ListItem","position":2,"name":"Boutique","item":"https:\/\/www.rememberme-forever.com\/fr\/boutique\/"},{"@type":"ListItem","position":3,"name":"Urne fun\u00e9raire en bois personnalis\u00e9e avec photo"}]},{"@type":"WebSite","@id":"https:\/\/www.rememberme-forever.com\/fr\/#website","url":"https:\/\/www.rememberme-forever.com\/fr\/","name":"Remember Forever","description":"Cremation urns, funeral urns, urns for ashes","publisher":{"@id":"https:\/\/www.rememberme-forever.com\/fr\/#organization"},"potentialAction":[{"@type":"SearchAction","target":{"@type":"EntryPoint","urlTemplate":"https:\/\/www.rememberme-forever.com\/fr\/?s={search_term_string}"},"query-input":{"@type":"PropertyValueSpecification","valueRequired":true,"valueName":"search_term_string"}}],"inLanguage":"fr-FR"},{"@type":"Organization","@id":"https:\/\/www.rememberme-forever.com\/fr\/#organization","name":"Remember Forever","url":"https:\/\/www.rememberme-forever.com\/fr\/","logo":{"@type":"ImageObject","inLanguage":"fr-FR","@id":"https:\/\/www.rememberme-forever.com\/fr\/#\/schema\/logo\/image\/","url":"https:\/\/www.rememberme-forever.com\/wp-content\/uploads\/2023\/02\/logo.png","contentUrl":"https:\/\/www.rememberme-forever.com\/wp-content\/uploads\/2023\/02\/logo.png","width":300,"height":56,"caption":"Remember Forever"},"image":{"@id":"https:\/\/www.rememberme-forever.com\/fr\/#\/schema\/logo\/image\/"}}]}},"acf":[],"_links":{"self":[{"href":"https:\/\/www.rememberme-forever.com\/fr\/wp-json\/wp\/v2\/product\/24126","targetHints":{"allow":["GET"]}}],"collection":[{"href":"https:\/\/www.rememberme-forever.com\/fr\/wp-json\/wp\/v2\/product"}],"about":[{"href":"https:\/\/www.rememberme-forever.com\/fr\/wp-json\/wp\/v2\/types\/product"}],"wp:featuredmedia":[{"embeddable":true,"href":"https:\/\/www.rememberme-forever.com\/fr\/wp-json\/wp\/v2\/media\/24120"}],"wp:attachment":[{"href":"https:\/\/www.rememberme-forever.com\/fr\/wp-json\/wp\/v2\/media?parent=24126"}],"wp:term":[{"taxonomy":"product_brand","embeddable":true,"href":"https:\/\/www.rememberme-forever.com\/fr\/wp-json\/wp\/v2\/product_brand?post=24126"},{"taxonomy":"product_cat","embeddable":true,"href":"https:\/\/www.rememberme-forever.com\/fr\/wp-json\/wp\/v2\/product_cat?post=24126"},{"taxonomy":"product_tag","embeddable":true,"href":"https:\/\/www.rememberme-forever.com\/fr\/wp-json\/wp\/v2\/product_tag?post=24126"}],"curies":[{"name":"wp","href":"https:\/\/api.w.org\/{rel}","templated":true}]}}