{"id":24208,"date":"2026-01-08T09:56:06","date_gmt":"2026-01-08T08:56:06","guid":{"rendered":"https:\/\/www.rememberme-forever.com\/product\/urne-funeraire-en-bois-blanc-pour-enfant-avec-photo\/"},"modified":"2026-01-14T13:14:03","modified_gmt":"2026-01-14T12:14:03","slug":"urne-funeraire-en-bois-blanc-pour-enfant-avec-photo","status":"publish","type":"product","link":"https:\/\/www.rememberme-forever.com\/fr\/produit\/urne-funeraire-en-bois-blanc-pour-enfant-avec-photo\/","title":{"rendered":"Urne fun\u00e9raire en bois blanc pour enfant avec photo, pour b\u00e9b\u00e9"},"content":{"rendered":"<div style=\"text-align: center;\"><span style=\"font-size: 16px; color: #000000; font-family: Arial;\">Cette urne fun\u00e9raire en bois blanc pour enfant est fabriqu\u00e9e en bois massif de haute qualit\u00e9 et con\u00e7ue pour honorer la m\u00e9moire d&rsquo;un enfant bien-aim\u00e9 avec tendresse et respect.<\/span><\/div>\n<div style=\"text-align: center;\"><\/div>\n<div style=\"text-align: center;\"><span style=\"font-size: 16px; color: #000000; font-family: Arial;\">L&rsquo;urne dispose d&rsquo;un emplacement d\u00e9di\u00e9 pour une photo de l&rsquo;enfant, offrant ainsi un hommage profond\u00e9ment personnel et significatif.<\/span><\/div>\n<div style=\"text-align: center;\"><span style=\"font-size: 16px; color: #000000; font-family: Arial;\">Une plaque comm\u00e9morative personnalisable peut \u00eatre ajout\u00e9e en option pour y inscrire un nom, une date ou un message d&rsquo;amour.<\/span><\/div>\n<div style=\"text-align: center;\"><\/div>\n<div style=\"text-align: center;\"><span style=\"font-size: 16px; color: #000000; font-family: Arial;\">Les cendres sont plac\u00e9es en toute s\u00e9curit\u00e9 gr\u00e2ce \u00e0 un panneau inf\u00e9rieur amovible, garantissant une fermeture discr\u00e8te et s\u00e9curis\u00e9e.<\/span><\/div>\n<div style=\"text-align: center;\"><\/div>\n<div style=\"text-align: center;\"><span style=\"font-size: 16px; color: #000000; font-family: Arial;\">Avec sa douce finition blanche et son design intemporel, cette urne convient aussi bien \u00e0 un usage domestique qu&rsquo;\u00e0 une c\u00e9r\u00e9monie comm\u00e9morative, apportant r\u00e9confort et dignit\u00e9 lors du recueillement.<\/span><\/div>\n<div><\/div>\n<div>\n<div style=\"width: 100%; margin-bottom: 40px; height: max-content; padding-bottom: 60%; position: relative;\"><iframe style=\"position: absolute; top: 0; left: 0; width: 100%; height: 100%;\" src=\"https:\/\/rememberme-urns.com\/white-child-urn-made-from-wood-with-photo\/\" frameborder=\"0\"><\/iframe><\/div>\n<div style=\"color: red; text-align: center; margin-bottom: 25px;\">\n<p>&gt;&gt; Rotation de la photo &#8211; appuyer\/zoomer &lt;&lt;<\/p>\n<\/div>\n<div style=\"text-align: center;\">\u25ba<span data-start=\"0\" data-end=\"10\" data-is-only-node=\"\">PHOTO<\/span>\u25c4<\/div>\n<div style=\"text-align: center;\"><\/div>\n<div style=\"text-align: center;\"><span style=\"color: #000000; font-family: Arial;\">\u2714\ufe0f La photo pour l&rsquo;urne doit mesurer 5 cm \u00d7 5 cm.<\/span><\/div>\n<div style=\"text-align: center;\"><span style=\"color: #000000; font-family: Arial;\">\u2714\ufe0f Pour pr\u00e9parer la photo, veuillez utiliser un outil de recadrage photo puis nous l&rsquo;envoyer par e-mail.<\/span><\/div>\n<div style=\"text-align: center;\"><\/div>\n<div style=\"text-align: center;\"><a href=\"https:\/\/www.rememberme-forever.com\/image_cropper\/\" target=\"_blank\" rel=\"noopener\"><span style=\"color: #000000; font-family: Arial;\"><i><u>https:\/\/www.rememberme-forever.com\/image_cropper\/<\/u><\/i><\/span><\/a><\/div>\n<div style=\"text-align: center;\"><\/div>\n<div style=\"text-align: center;\"><span style=\"color: #000000; font-family: Arial;\">\u2714\ufe0f La photo sera pli\u00e9e sur les c\u00f4t\u00e9s de 0,3 cm.<\/span><\/div>\n<\/div>\n<div><\/div>\n<p>&nbsp;<\/p>\n<p style=\"text-align: center;\"><strong><span style=\"font-size: 16px; font-family: Arial;\">\u25ba PERSONNALISATION \u25c4<\/span><\/strong><\/p>\n<p style=\"text-align: center;\"><span style=\"font-size: 16px; font-family: Arial;\">\u2714\ufe0f Pour une plaque personnalis\u00e9e, saisissez le texte \u00e0 l&rsquo;endroit pr\u00e9vu ou envoyez-nous un message.<\/span><\/p>\n<p style=\"text-align: center;\"><span style=\"font-size: 16px; font-family: Arial;\">\u2714\ufe0f La plaque comm\u00e9morative personnalis\u00e9e doit \u00eatre personnalis\u00e9e lors de la commande. (N&rsquo;h\u00e9sitez pas \u00e0 nous contacter ult\u00e9rieurement si vous oubliez de le faire.) <\/span><\/p>\n<p style=\"text-align: center;\">\n<p style=\"text-align: center;\"><b><span style=\"font-size: 16px; font-family: Arial;\">Les limites de texte sont les suivantes :<\/span><\/b><\/p>\n<p style=\"text-align: center;\"><span style=\"color: var(--text-color);\"><span style=\"font-size: 16px; font-family: Arial;\">Nom(s) jusqu&rsquo;\u00e0 24 caract\u00e8res<\/span><\/span><\/p>\n<p style=\"text-align: center;\"><span style=\"color: var(--text-color);\"><span style=\"font-size: 16px; font-family: Arial;\">Dates de naissance et de d\u00e9c\u00e8s jusqu&rsquo;\u00e0 24 caract\u00e8res<\/span><\/span><\/p>\n<p style=\"text-align: center;\"><span style=\"color: var(--text-color);\"><span style=\"font-size: 16px; font-family: Arial;\">Troisi\u00e8me ligne jusqu&rsquo;\u00e0 24 caract\u00e8res<\/span><\/span><\/p>\n<p style=\"text-align: center;\"><span style=\"font-size: 16px; font-family: Arial;\">Quatri\u00e8me ligne jusqu&rsquo;\u00e0 24 caract\u00e8res<\/span><\/p>\n<p style=\"text-align: center;\"><span style=\"font-size: 16px; font-family: Arial;\">Cinqui\u00e8me ligne : 24 caract\u00e8res maximum<\/span><\/p>\n<div style=\"text-align: center;\"><\/div>\n<p style=\"text-align: center;\"><span style=\"font-size: 16px; font-family: Arial;\">\u2714\ufe0f Veuillez <strong>V\u00c9RIFIER<\/strong> le texte de gravure avant d&rsquo;ajouter le produit \u00e0 votre panier. Nous reproduisons et gravons exactement les informations re\u00e7ues lors de la commande et n&rsquo;y apportons aucune modification. <\/span><\/p>\n<p style=\"text-align: center;\"><span style=\"font-size: 16px; font-family: Arial;\">\u2714\ufe0f V\u00e9rifiez l&rsquo;orthographe du texte.<\/span><\/p>\n<p style=\"text-align: center;\"><span style=\"font-size: 16px; font-family: Arial;\">\u2714\ufe0f <strong>Ne saisissez<\/strong> pas d&rsquo;informations de gravure si vous achetez l&rsquo;option \u00ab Urne sans plaque \u00bb.<\/span><\/p>\n","protected":false},"excerpt":{"rendered":"<p>Cette urne fun\u00e9raire en bois blanc pour enfant est fabriqu\u00e9e en bois massif de haute qualit\u00e9 et con\u00e7ue pour honorer la m\u00e9moire d&rsquo;un enfant bien-aim\u00e9&#8230;<\/p>\n","protected":false},"featured_media":24204,"template":"","meta":{"_acf_changed":false},"product_brand":[],"product_cat":[2410],"product_tag":[3304,3263],"class_list":{"0":"post-24208","1":"product","2":"type-product","3":"status-publish","4":"has-post-thumbnail","6":"product_cat-urnes-compagnes","7":"product_tag-gpsr-all-wood-urns","8":"product_tag-photo","9":"product_shipping_class-2-4kg-fr","11":"first","12":"instock","13":"taxable","14":"shipping-taxable","15":"purchasable","16":"product-type-variable"},"yoast_head":"<!-- This site is optimized with the Yoast SEO plugin v27.4 - https:\/\/yoast.com\/product\/yoast-seo-wordpress\/ -->\n<title>Urne fun\u00e9raire en bois blanc pour enfant avec photo, pour b\u00e9b\u00e9 - Remember Forever<\/title>\n<meta name=\"robots\" content=\"index, follow, max-snippet:-1, max-image-preview:large, max-video-preview:-1\" \/>\n<link rel=\"canonical\" href=\"https:\/\/www.rememberme-forever.com\/fr\/produit\/urne-funeraire-en-bois-blanc-pour-enfant-avec-photo\/\" \/>\n<meta property=\"og:locale\" content=\"fr_FR\" \/>\n<meta property=\"og:type\" content=\"article\" \/>\n<meta property=\"og:title\" content=\"Urne fun\u00e9raire en bois blanc pour enfant avec photo, pour b\u00e9b\u00e9 - Remember Forever\" \/>\n<meta property=\"og:description\" content=\"Cette urne fun\u00e9raire en bois blanc pour enfant est fabriqu\u00e9e en bois massif de haute qualit\u00e9 et con\u00e7ue pour honorer la m\u00e9moire d&rsquo;un enfant bien-aim\u00e9...\" \/>\n<meta property=\"og:url\" content=\"https:\/\/www.rememberme-forever.com\/fr\/produit\/urne-funeraire-en-bois-blanc-pour-enfant-avec-photo\/\" \/>\n<meta property=\"og:site_name\" content=\"Remember Forever\" \/>\n<meta property=\"article:modified_time\" content=\"2026-01-14T12:14:03+00:00\" \/>\n<meta property=\"og:image\" content=\"http:\/\/www.rememberme-forever.com\/wp-content\/uploads\/2026\/01\/white-wooden-urn-for-child-with-photo_0001.jpg\" \/>\n\t<meta property=\"og:image:width\" content=\"1007\" \/>\n\t<meta property=\"og:image:height\" content=\"1024\" \/>\n\t<meta property=\"og:image:type\" content=\"image\/jpeg\" \/>\n<meta name=\"twitter:card\" content=\"summary_large_image\" \/>\n<meta name=\"twitter:label1\" content=\"Dur\u00e9e de lecture estim\u00e9e\" \/>\n\t<meta name=\"twitter:data1\" content=\"2 minutes\" \/>\n<script type=\"application\/ld+json\" class=\"yoast-schema-graph\">{\"@context\":\"https:\\\/\\\/schema.org\",\"@graph\":[{\"@type\":\"WebPage\",\"@id\":\"https:\\\/\\\/www.rememberme-forever.com\\\/fr\\\/produit\\\/urne-funeraire-en-bois-blanc-pour-enfant-avec-photo\\\/\",\"url\":\"https:\\\/\\\/www.rememberme-forever.com\\\/fr\\\/produit\\\/urne-funeraire-en-bois-blanc-pour-enfant-avec-photo\\\/\",\"name\":\"Urne fun\u00e9raire en bois blanc pour enfant avec photo, pour b\u00e9b\u00e9 - Remember Forever\",\"isPartOf\":{\"@id\":\"https:\\\/\\\/www.rememberme-forever.com\\\/fr\\\/#website\"},\"primaryImageOfPage\":{\"@id\":\"https:\\\/\\\/www.rememberme-forever.com\\\/fr\\\/produit\\\/urne-funeraire-en-bois-blanc-pour-enfant-avec-photo\\\/#primaryimage\"},\"image\":{\"@id\":\"https:\\\/\\\/www.rememberme-forever.com\\\/fr\\\/produit\\\/urne-funeraire-en-bois-blanc-pour-enfant-avec-photo\\\/#primaryimage\"},\"thumbnailUrl\":\"https:\\\/\\\/www.rememberme-forever.com\\\/wp-content\\\/uploads\\\/2026\\\/01\\\/white-wooden-urn-for-child-with-photo_0001.jpg\",\"datePublished\":\"2026-01-08T08:56:06+00:00\",\"dateModified\":\"2026-01-14T12:14:03+00:00\",\"breadcrumb\":{\"@id\":\"https:\\\/\\\/www.rememberme-forever.com\\\/fr\\\/produit\\\/urne-funeraire-en-bois-blanc-pour-enfant-avec-photo\\\/#breadcrumb\"},\"inLanguage\":\"fr-FR\",\"potentialAction\":[{\"@type\":\"ReadAction\",\"target\":[\"https:\\\/\\\/www.rememberme-forever.com\\\/fr\\\/produit\\\/urne-funeraire-en-bois-blanc-pour-enfant-avec-photo\\\/\"]}]},{\"@type\":\"ImageObject\",\"inLanguage\":\"fr-FR\",\"@id\":\"https:\\\/\\\/www.rememberme-forever.com\\\/fr\\\/produit\\\/urne-funeraire-en-bois-blanc-pour-enfant-avec-photo\\\/#primaryimage\",\"url\":\"https:\\\/\\\/www.rememberme-forever.com\\\/wp-content\\\/uploads\\\/2026\\\/01\\\/white-wooden-urn-for-child-with-photo_0001.jpg\",\"contentUrl\":\"https:\\\/\\\/www.rememberme-forever.com\\\/wp-content\\\/uploads\\\/2026\\\/01\\\/white-wooden-urn-for-child-with-photo_0001.jpg\",\"width\":1007,\"height\":1024,\"caption\":\"Urne fun\u00e9raire en bois blanc pour enfant avec photo et plaque comm\u00e9morative \u2013 vue de face\"},{\"@type\":\"BreadcrumbList\",\"@id\":\"https:\\\/\\\/www.rememberme-forever.com\\\/fr\\\/produit\\\/urne-funeraire-en-bois-blanc-pour-enfant-avec-photo\\\/#breadcrumb\",\"itemListElement\":[{\"@type\":\"ListItem\",\"position\":1,\"name\":\"Home\",\"item\":\"https:\\\/\\\/www.rememberme-forever.com\\\/fr\\\/accueil\\\/\"},{\"@type\":\"ListItem\",\"position\":2,\"name\":\"Boutique\",\"item\":\"https:\\\/\\\/www.rememberme-forever.com\\\/fr\\\/boutique\\\/\"},{\"@type\":\"ListItem\",\"position\":3,\"name\":\"Urne fun\u00e9raire en bois blanc pour enfant avec photo, pour b\u00e9b\u00e9\"}]},{\"@type\":\"WebSite\",\"@id\":\"https:\\\/\\\/www.rememberme-forever.com\\\/fr\\\/#website\",\"url\":\"https:\\\/\\\/www.rememberme-forever.com\\\/fr\\\/\",\"name\":\"Remember Forever\",\"description\":\"Cremation urns, funeral urns, urns for ashes\",\"publisher\":{\"@id\":\"https:\\\/\\\/www.rememberme-forever.com\\\/fr\\\/#organization\"},\"potentialAction\":[{\"@type\":\"SearchAction\",\"target\":{\"@type\":\"EntryPoint\",\"urlTemplate\":\"https:\\\/\\\/www.rememberme-forever.com\\\/fr\\\/?s={search_term_string}\"},\"query-input\":{\"@type\":\"PropertyValueSpecification\",\"valueRequired\":true,\"valueName\":\"search_term_string\"}}],\"inLanguage\":\"fr-FR\"},{\"@type\":\"Organization\",\"@id\":\"https:\\\/\\\/www.rememberme-forever.com\\\/fr\\\/#organization\",\"name\":\"Remember Forever\",\"url\":\"https:\\\/\\\/www.rememberme-forever.com\\\/fr\\\/\",\"logo\":{\"@type\":\"ImageObject\",\"inLanguage\":\"fr-FR\",\"@id\":\"https:\\\/\\\/www.rememberme-forever.com\\\/fr\\\/#\\\/schema\\\/logo\\\/image\\\/\",\"url\":\"https:\\\/\\\/www.rememberme-forever.com\\\/wp-content\\\/uploads\\\/2023\\\/02\\\/logo.png\",\"contentUrl\":\"https:\\\/\\\/www.rememberme-forever.com\\\/wp-content\\\/uploads\\\/2023\\\/02\\\/logo.png\",\"width\":300,\"height\":56,\"caption\":\"Remember Forever\"},\"image\":{\"@id\":\"https:\\\/\\\/www.rememberme-forever.com\\\/fr\\\/#\\\/schema\\\/logo\\\/image\\\/\"}}]}<\/script>\n<!-- \/ Yoast SEO plugin. -->","yoast_head_json":{"title":"Urne fun\u00e9raire en bois blanc pour enfant avec photo, pour b\u00e9b\u00e9 - Remember Forever","robots":{"index":"index","follow":"follow","max-snippet":"max-snippet:-1","max-image-preview":"max-image-preview:large","max-video-preview":"max-video-preview:-1"},"canonical":"https:\/\/www.rememberme-forever.com\/fr\/produit\/urne-funeraire-en-bois-blanc-pour-enfant-avec-photo\/","og_locale":"fr_FR","og_type":"article","og_title":"Urne fun\u00e9raire en bois blanc pour enfant avec photo, pour b\u00e9b\u00e9 - Remember Forever","og_description":"Cette urne fun\u00e9raire en bois blanc pour enfant est fabriqu\u00e9e en bois massif de haute qualit\u00e9 et con\u00e7ue pour honorer la m\u00e9moire d&rsquo;un enfant bien-aim\u00e9...","og_url":"https:\/\/www.rememberme-forever.com\/fr\/produit\/urne-funeraire-en-bois-blanc-pour-enfant-avec-photo\/","og_site_name":"Remember Forever","article_modified_time":"2026-01-14T12:14:03+00:00","og_image":[{"width":1007,"height":1024,"url":"http:\/\/www.rememberme-forever.com\/wp-content\/uploads\/2026\/01\/white-wooden-urn-for-child-with-photo_0001.jpg","type":"image\/jpeg"}],"twitter_card":"summary_large_image","twitter_misc":{"Dur\u00e9e de lecture estim\u00e9e":"2 minutes"},"schema":{"@context":"https:\/\/schema.org","@graph":[{"@type":"WebPage","@id":"https:\/\/www.rememberme-forever.com\/fr\/produit\/urne-funeraire-en-bois-blanc-pour-enfant-avec-photo\/","url":"https:\/\/www.rememberme-forever.com\/fr\/produit\/urne-funeraire-en-bois-blanc-pour-enfant-avec-photo\/","name":"Urne fun\u00e9raire en bois blanc pour enfant avec photo, pour b\u00e9b\u00e9 - Remember Forever","isPartOf":{"@id":"https:\/\/www.rememberme-forever.com\/fr\/#website"},"primaryImageOfPage":{"@id":"https:\/\/www.rememberme-forever.com\/fr\/produit\/urne-funeraire-en-bois-blanc-pour-enfant-avec-photo\/#primaryimage"},"image":{"@id":"https:\/\/www.rememberme-forever.com\/fr\/produit\/urne-funeraire-en-bois-blanc-pour-enfant-avec-photo\/#primaryimage"},"thumbnailUrl":"https:\/\/www.rememberme-forever.com\/wp-content\/uploads\/2026\/01\/white-wooden-urn-for-child-with-photo_0001.jpg","datePublished":"2026-01-08T08:56:06+00:00","dateModified":"2026-01-14T12:14:03+00:00","breadcrumb":{"@id":"https:\/\/www.rememberme-forever.com\/fr\/produit\/urne-funeraire-en-bois-blanc-pour-enfant-avec-photo\/#breadcrumb"},"inLanguage":"fr-FR","potentialAction":[{"@type":"ReadAction","target":["https:\/\/www.rememberme-forever.com\/fr\/produit\/urne-funeraire-en-bois-blanc-pour-enfant-avec-photo\/"]}]},{"@type":"ImageObject","inLanguage":"fr-FR","@id":"https:\/\/www.rememberme-forever.com\/fr\/produit\/urne-funeraire-en-bois-blanc-pour-enfant-avec-photo\/#primaryimage","url":"https:\/\/www.rememberme-forever.com\/wp-content\/uploads\/2026\/01\/white-wooden-urn-for-child-with-photo_0001.jpg","contentUrl":"https:\/\/www.rememberme-forever.com\/wp-content\/uploads\/2026\/01\/white-wooden-urn-for-child-with-photo_0001.jpg","width":1007,"height":1024,"caption":"Urne fun\u00e9raire en bois blanc pour enfant avec photo et plaque comm\u00e9morative \u2013 vue de face"},{"@type":"BreadcrumbList","@id":"https:\/\/www.rememberme-forever.com\/fr\/produit\/urne-funeraire-en-bois-blanc-pour-enfant-avec-photo\/#breadcrumb","itemListElement":[{"@type":"ListItem","position":1,"name":"Home","item":"https:\/\/www.rememberme-forever.com\/fr\/accueil\/"},{"@type":"ListItem","position":2,"name":"Boutique","item":"https:\/\/www.rememberme-forever.com\/fr\/boutique\/"},{"@type":"ListItem","position":3,"name":"Urne fun\u00e9raire en bois blanc pour enfant avec photo, pour b\u00e9b\u00e9"}]},{"@type":"WebSite","@id":"https:\/\/www.rememberme-forever.com\/fr\/#website","url":"https:\/\/www.rememberme-forever.com\/fr\/","name":"Remember Forever","description":"Cremation urns, funeral urns, urns for ashes","publisher":{"@id":"https:\/\/www.rememberme-forever.com\/fr\/#organization"},"potentialAction":[{"@type":"SearchAction","target":{"@type":"EntryPoint","urlTemplate":"https:\/\/www.rememberme-forever.com\/fr\/?s={search_term_string}"},"query-input":{"@type":"PropertyValueSpecification","valueRequired":true,"valueName":"search_term_string"}}],"inLanguage":"fr-FR"},{"@type":"Organization","@id":"https:\/\/www.rememberme-forever.com\/fr\/#organization","name":"Remember Forever","url":"https:\/\/www.rememberme-forever.com\/fr\/","logo":{"@type":"ImageObject","inLanguage":"fr-FR","@id":"https:\/\/www.rememberme-forever.com\/fr\/#\/schema\/logo\/image\/","url":"https:\/\/www.rememberme-forever.com\/wp-content\/uploads\/2023\/02\/logo.png","contentUrl":"https:\/\/www.rememberme-forever.com\/wp-content\/uploads\/2023\/02\/logo.png","width":300,"height":56,"caption":"Remember Forever"},"image":{"@id":"https:\/\/www.rememberme-forever.com\/fr\/#\/schema\/logo\/image\/"}}]}},"acf":[],"_links":{"self":[{"href":"https:\/\/www.rememberme-forever.com\/fr\/wp-json\/wp\/v2\/product\/24208","targetHints":{"allow":["GET"]}}],"collection":[{"href":"https:\/\/www.rememberme-forever.com\/fr\/wp-json\/wp\/v2\/product"}],"about":[{"href":"https:\/\/www.rememberme-forever.com\/fr\/wp-json\/wp\/v2\/types\/product"}],"wp:featuredmedia":[{"embeddable":true,"href":"https:\/\/www.rememberme-forever.com\/fr\/wp-json\/wp\/v2\/media\/24204"}],"wp:attachment":[{"href":"https:\/\/www.rememberme-forever.com\/fr\/wp-json\/wp\/v2\/media?parent=24208"}],"wp:term":[{"taxonomy":"product_brand","embeddable":true,"href":"https:\/\/www.rememberme-forever.com\/fr\/wp-json\/wp\/v2\/product_brand?post=24208"},{"taxonomy":"product_cat","embeddable":true,"href":"https:\/\/www.rememberme-forever.com\/fr\/wp-json\/wp\/v2\/product_cat?post=24208"},{"taxonomy":"product_tag","embeddable":true,"href":"https:\/\/www.rememberme-forever.com\/fr\/wp-json\/wp\/v2\/product_tag?post=24208"}],"curies":[{"name":"wp","href":"https:\/\/api.w.org\/{rel}","templated":true}]}}