{"id":24937,"date":"2023-04-05T11:13:12","date_gmt":"2023-04-05T09:13:12","guid":{"rendered":"https:\/\/www.rememberme-forever.com\/product\/urne-funeraire-avec-etoiles-rouges-urne-de-cremation-spherique-unique\/"},"modified":"2026-02-19T09:40:20","modified_gmt":"2026-02-19T08:40:20","slug":"urne-funeraire-avec-etoiles-rouges-urne-de-cremation-spherique-unique","status":"publish","type":"product","link":"https:\/\/www.rememberme-forever.com\/fr\/produit\/urne-funeraire-avec-etoiles-rouges-urne-de-cremation-spherique-unique\/","title":{"rendered":"Urne fun\u00e9raire avec \u00e9toiles rouges, urne de cr\u00e9mation sph\u00e9rique unique"},"content":{"rendered":"<h2 style=\"text-align: center;\">Urne fun\u00e9raire avec \u00e9toiles rouges<\/h2>\n<p style=\"text-align: center;\">D\u00e9couvrez notre <strong>urne fun\u00e9raire unique avec \u00e9toiles rouges<\/strong> &#8211; un hommage moderne et magnifique \u00e0 la m\u00e9moire de votre proche. Peinte \u00e0 la main avec un superbe motif d&rsquo;\u00e9toiles rouges, cette urne est une v\u00e9ritable \u0153uvre d&rsquo;art.<\/p>\n<p style=\"text-align: center;\">Fabriqu\u00e9e avec des mat\u00e9riaux de haute qualit\u00e9, cette urne dispose d&rsquo;un insert sph\u00e9rique en acier inoxydable qui conserve en toute s\u00e9curit\u00e9 les cendres de votre proche. La forme unique de cette urne offre une mani\u00e8re contemporaine et raffin\u00e9e d&rsquo;honorer sa vie.<\/p>\n<p style=\"text-align: center;\">Chaque urne est livr\u00e9e avec une plaque comm\u00e9morative, vous permettant de personnaliser et comm\u00e9morer sa vie avec un message sp\u00e9cial. Et, comme touche finale, les \u00e9toiles rouges sur l&rsquo;urne ajoutent un contraste \u00e9l\u00e9gant au design sombre de l&rsquo;urne.<\/p>\n<p style=\"text-align: center;\">Cette urne est le moyen id\u00e9al de c\u00e9l\u00e9brer la vie de votre proche et d&rsquo;honorer sa m\u00e9moire de mani\u00e8re belle et unique.<\/p>\n<p>&nbsp;<\/p>\n<p style=\"text-align: center;\"><em><strong>Ce produit est peint \u00e0 la main ; son aspect peut donc l\u00e9g\u00e8rement diff\u00e9rer.<\/strong><\/em><\/p>\n<p>&nbsp;<\/p>\n<p style=\"text-align: center;\"><strong>Insert en acier inoxydable :<\/strong><\/p>\n<p><img loading=\"lazy\" decoding=\"async\" class=\" wp-image-1080 aligncenter\" src=\"http:\/\/www.rememberme-forever.com\/wp-content\/uploads\/2023\/04\/planet-urn-inside-stainless-steel-insert-300x300.jpg\" alt=\"Urne plan\u00e8te \u00e0 l'int\u00e9rieur d'un insert en acier inoxydable\" width=\"218\" height=\"218\" srcset=\"https:\/\/www.rememberme-forever.com\/wp-content\/uploads\/2023\/04\/planet-urn-inside-stainless-steel-insert-300x300.jpg 300w, https:\/\/www.rememberme-forever.com\/wp-content\/uploads\/2023\/04\/planet-urn-inside-stainless-steel-insert-150x150.jpg 150w, https:\/\/www.rememberme-forever.com\/wp-content\/uploads\/2023\/04\/planet-urn-inside-stainless-steel-insert-600x600.jpg 600w, https:\/\/www.rememberme-forever.com\/wp-content\/uploads\/2023\/04\/planet-urn-inside-stainless-steel-insert-100x100.jpg 100w, https:\/\/www.rememberme-forever.com\/wp-content\/uploads\/2023\/04\/planet-urn-inside-stainless-steel-insert-64x64.jpg 64w, https:\/\/www.rememberme-forever.com\/wp-content\/uploads\/2023\/04\/planet-urn-inside-stainless-steel-insert.jpg 768w\" sizes=\"auto, (max-width: 218px) 100vw, 218px\" \/><\/p>\n<p>&nbsp;<\/p>\n<h3 style=\"text-align: center;\"><strong>PERSONNALISATION<\/strong><\/h3>\n<p style=\"text-align: center;\">La plaque comm\u00e9morative personnalis\u00e9e doit \u00eatre personnalis\u00e9e lors de votre commande. (Pas de panique si vous la manquez ; vous pouvez toujours nous contacter ult\u00e9rieurement.)<\/p>\n<p style=\"text-align: center;\">Veuillez examiner attentivement le texte \u00e0 graver avant d&rsquo;ajouter l&rsquo;article au panier. Nous reproduisons et gravons les informations exactes re\u00e7ues lors de la commande et n&rsquo;y apportons aucune modification.<\/p>\n<p style=\"text-align: center;\"><strong>Veuillez revoir le texte pour vous assurer que toutes les orthographes sont correctes.<\/strong><\/p>\n<p><img loading=\"lazy\" decoding=\"async\" class=\" wp-image-1449 aligncenter\" src=\"http:\/\/www.rememberme-forever.com\/wp-content\/uploads\/2023\/04\/memorial-plaque-cremation-urn-silver-300x153.jpg\" alt=\"Plaque comm\u00e9morative pour urne fun\u00e9raire en argent\" width=\"224\" height=\"114\" srcset=\"https:\/\/www.rememberme-forever.com\/wp-content\/uploads\/2023\/04\/memorial-plaque-cremation-urn-silver-300x153.jpg 300w, https:\/\/www.rememberme-forever.com\/wp-content\/uploads\/2023\/04\/memorial-plaque-cremation-urn-silver-64x33.jpg 64w, https:\/\/www.rememberme-forever.com\/wp-content\/uploads\/2023\/04\/memorial-plaque-cremation-urn-silver.jpg 448w\" sizes=\"auto, (max-width: 224px) 100vw, 224px\" \/><\/p>\n","protected":false},"excerpt":{"rendered":"<p>Urne de cr\u00e9mation sph\u00e9rique unique avec \u00e9toiles rouges, fabriqu\u00e9e en ABS avec insert en acier inoxydable.<\/p>\n<p><strong>Convient aux personnes pesant entre 102 kg et 102 kg maximum.<\/strong><\/p>\n<p>\u2705 Cette urne ne convient pas \u00e0 un usage ext\u00e9rieur. Consultez nos <a href=\"https:\/\/www.rememberme-forever.com\/fr\/categorie-produit\/urnes-dexterieur\/\" target=\"_blank\" rel=\"noopener\"><strong>urnes d&rsquo;ext\u00e9rieur. &gt;&gt;<\/strong><\/a><\/p>\n","protected":false},"featured_media":24935,"template":"","meta":{"_acf_changed":false},"product_brand":[],"product_cat":[2406,2415],"product_tag":[3332],"class_list":{"0":"post-24937","1":"product","2":"type-product","3":"status-publish","4":"has-post-thumbnail","6":"product_cat-urnes-artistiques","7":"product_cat-urnes-en-metal","8":"product_tag-gpsr-metal-insert-abs_outside","9":"product_shipping_class-2-4kg-fr","11":"first","12":"instock","13":"taxable","14":"shipping-taxable","15":"purchasable","16":"product-type-simple"},"yoast_head":"<!-- This site is optimized with the Yoast SEO plugin v27.4 - https:\/\/yoast.com\/product\/yoast-seo-wordpress\/ -->\n<title>Urne fun\u00e9raire avec \u00e9toiles rouges, urne de cr\u00e9mation sph\u00e9rique unique<\/title>\n<meta name=\"description\" content=\"D\u00e9couvrez notre urne fun\u00e9raire unique avec \u00e9toiles rouges - un hommage moderne et magnifique \u00e0 la m\u00e9moire de votre proche.\" \/>\n<meta name=\"robots\" content=\"index, follow, max-snippet:-1, max-image-preview:large, max-video-preview:-1\" \/>\n<link rel=\"canonical\" href=\"https:\/\/www.rememberme-forever.com\/fr\/produit\/urne-funeraire-avec-etoiles-rouges-urne-de-cremation-spherique-unique\/\" \/>\n<meta property=\"og:locale\" content=\"fr_FR\" \/>\n<meta property=\"og:type\" content=\"article\" \/>\n<meta property=\"og:title\" content=\"Urne fun\u00e9raire avec \u00e9toiles rouges, urne de cr\u00e9mation sph\u00e9rique unique\" \/>\n<meta property=\"og:description\" content=\"D\u00e9couvrez notre urne fun\u00e9raire unique avec \u00e9toiles rouges - un hommage moderne et magnifique \u00e0 la m\u00e9moire de votre proche.\" \/>\n<meta property=\"og:url\" content=\"https:\/\/www.rememberme-forever.com\/fr\/produit\/urne-funeraire-avec-etoiles-rouges-urne-de-cremation-spherique-unique\/\" \/>\n<meta property=\"og:site_name\" content=\"Remember Forever\" \/>\n<meta property=\"article:modified_time\" content=\"2026-02-19T08:40:20+00:00\" \/>\n<meta property=\"og:image\" content=\"http:\/\/www.rememberme-forever.com\/wp-content\/uploads\/2023\/04\/red-stars-urn.jpg\" \/>\n\t<meta property=\"og:image:width\" content=\"768\" \/>\n\t<meta property=\"og:image:height\" content=\"768\" \/>\n\t<meta property=\"og:image:type\" content=\"image\/jpeg\" \/>\n<meta name=\"twitter:card\" content=\"summary_large_image\" \/>\n<meta name=\"twitter:label1\" content=\"Dur\u00e9e de lecture estim\u00e9e\" \/>\n\t<meta name=\"twitter:data1\" content=\"2 minutes\" \/>\n<script type=\"application\/ld+json\" class=\"yoast-schema-graph\">{\"@context\":\"https:\\\/\\\/schema.org\",\"@graph\":[{\"@type\":\"WebPage\",\"@id\":\"https:\\\/\\\/www.rememberme-forever.com\\\/fr\\\/produit\\\/urne-funeraire-avec-etoiles-rouges-urne-de-cremation-spherique-unique\\\/\",\"url\":\"https:\\\/\\\/www.rememberme-forever.com\\\/fr\\\/produit\\\/urne-funeraire-avec-etoiles-rouges-urne-de-cremation-spherique-unique\\\/\",\"name\":\"Urne fun\u00e9raire avec \u00e9toiles rouges, urne de cr\u00e9mation sph\u00e9rique unique\",\"isPartOf\":{\"@id\":\"https:\\\/\\\/www.rememberme-forever.com\\\/fr\\\/#website\"},\"primaryImageOfPage\":{\"@id\":\"https:\\\/\\\/www.rememberme-forever.com\\\/fr\\\/produit\\\/urne-funeraire-avec-etoiles-rouges-urne-de-cremation-spherique-unique\\\/#primaryimage\"},\"image\":{\"@id\":\"https:\\\/\\\/www.rememberme-forever.com\\\/fr\\\/produit\\\/urne-funeraire-avec-etoiles-rouges-urne-de-cremation-spherique-unique\\\/#primaryimage\"},\"thumbnailUrl\":\"https:\\\/\\\/www.rememberme-forever.com\\\/wp-content\\\/uploads\\\/2023\\\/04\\\/red-stars-urn.jpg\",\"datePublished\":\"2023-04-05T09:13:12+00:00\",\"dateModified\":\"2026-02-19T08:40:20+00:00\",\"description\":\"D\u00e9couvrez notre urne fun\u00e9raire unique avec \u00e9toiles rouges - un hommage moderne et magnifique \u00e0 la m\u00e9moire de votre proche.\",\"breadcrumb\":{\"@id\":\"https:\\\/\\\/www.rememberme-forever.com\\\/fr\\\/produit\\\/urne-funeraire-avec-etoiles-rouges-urne-de-cremation-spherique-unique\\\/#breadcrumb\"},\"inLanguage\":\"fr-FR\",\"potentialAction\":[{\"@type\":\"ReadAction\",\"target\":[\"https:\\\/\\\/www.rememberme-forever.com\\\/fr\\\/produit\\\/urne-funeraire-avec-etoiles-rouges-urne-de-cremation-spherique-unique\\\/\"]}]},{\"@type\":\"ImageObject\",\"inLanguage\":\"fr-FR\",\"@id\":\"https:\\\/\\\/www.rememberme-forever.com\\\/fr\\\/produit\\\/urne-funeraire-avec-etoiles-rouges-urne-de-cremation-spherique-unique\\\/#primaryimage\",\"url\":\"https:\\\/\\\/www.rememberme-forever.com\\\/wp-content\\\/uploads\\\/2023\\\/04\\\/red-stars-urn.jpg\",\"contentUrl\":\"https:\\\/\\\/www.rememberme-forever.com\\\/wp-content\\\/uploads\\\/2023\\\/04\\\/red-stars-urn.jpg\",\"width\":768,\"height\":768,\"caption\":\"urne \u00e9toiles rouges, Urne fun\u00e9raire avec \u00e9toiles rouges\"},{\"@type\":\"BreadcrumbList\",\"@id\":\"https:\\\/\\\/www.rememberme-forever.com\\\/fr\\\/produit\\\/urne-funeraire-avec-etoiles-rouges-urne-de-cremation-spherique-unique\\\/#breadcrumb\",\"itemListElement\":[{\"@type\":\"ListItem\",\"position\":1,\"name\":\"Home\",\"item\":\"https:\\\/\\\/www.rememberme-forever.com\\\/fr\\\/accueil\\\/\"},{\"@type\":\"ListItem\",\"position\":2,\"name\":\"Boutique\",\"item\":\"https:\\\/\\\/www.rememberme-forever.com\\\/fr\\\/boutique\\\/\"},{\"@type\":\"ListItem\",\"position\":3,\"name\":\"Urne fun\u00e9raire avec \u00e9toiles rouges, urne de cr\u00e9mation sph\u00e9rique unique\"}]},{\"@type\":\"WebSite\",\"@id\":\"https:\\\/\\\/www.rememberme-forever.com\\\/fr\\\/#website\",\"url\":\"https:\\\/\\\/www.rememberme-forever.com\\\/fr\\\/\",\"name\":\"Remember Forever\",\"description\":\"Cremation urns, funeral urns, urns for ashes\",\"publisher\":{\"@id\":\"https:\\\/\\\/www.rememberme-forever.com\\\/fr\\\/#organization\"},\"potentialAction\":[{\"@type\":\"SearchAction\",\"target\":{\"@type\":\"EntryPoint\",\"urlTemplate\":\"https:\\\/\\\/www.rememberme-forever.com\\\/fr\\\/?s={search_term_string}\"},\"query-input\":{\"@type\":\"PropertyValueSpecification\",\"valueRequired\":true,\"valueName\":\"search_term_string\"}}],\"inLanguage\":\"fr-FR\"},{\"@type\":\"Organization\",\"@id\":\"https:\\\/\\\/www.rememberme-forever.com\\\/fr\\\/#organization\",\"name\":\"Remember Forever\",\"url\":\"https:\\\/\\\/www.rememberme-forever.com\\\/fr\\\/\",\"logo\":{\"@type\":\"ImageObject\",\"inLanguage\":\"fr-FR\",\"@id\":\"https:\\\/\\\/www.rememberme-forever.com\\\/fr\\\/#\\\/schema\\\/logo\\\/image\\\/\",\"url\":\"https:\\\/\\\/www.rememberme-forever.com\\\/wp-content\\\/uploads\\\/2023\\\/02\\\/logo.png\",\"contentUrl\":\"https:\\\/\\\/www.rememberme-forever.com\\\/wp-content\\\/uploads\\\/2023\\\/02\\\/logo.png\",\"width\":300,\"height\":56,\"caption\":\"Remember Forever\"},\"image\":{\"@id\":\"https:\\\/\\\/www.rememberme-forever.com\\\/fr\\\/#\\\/schema\\\/logo\\\/image\\\/\"}}]}<\/script>\n<!-- \/ Yoast SEO plugin. -->","yoast_head_json":{"title":"Urne fun\u00e9raire avec \u00e9toiles rouges, urne de cr\u00e9mation sph\u00e9rique unique","description":"D\u00e9couvrez notre urne fun\u00e9raire unique avec \u00e9toiles rouges - un hommage moderne et magnifique \u00e0 la m\u00e9moire de votre proche.","robots":{"index":"index","follow":"follow","max-snippet":"max-snippet:-1","max-image-preview":"max-image-preview:large","max-video-preview":"max-video-preview:-1"},"canonical":"https:\/\/www.rememberme-forever.com\/fr\/produit\/urne-funeraire-avec-etoiles-rouges-urne-de-cremation-spherique-unique\/","og_locale":"fr_FR","og_type":"article","og_title":"Urne fun\u00e9raire avec \u00e9toiles rouges, urne de cr\u00e9mation sph\u00e9rique unique","og_description":"D\u00e9couvrez notre urne fun\u00e9raire unique avec \u00e9toiles rouges - un hommage moderne et magnifique \u00e0 la m\u00e9moire de votre proche.","og_url":"https:\/\/www.rememberme-forever.com\/fr\/produit\/urne-funeraire-avec-etoiles-rouges-urne-de-cremation-spherique-unique\/","og_site_name":"Remember Forever","article_modified_time":"2026-02-19T08:40:20+00:00","og_image":[{"width":768,"height":768,"url":"http:\/\/www.rememberme-forever.com\/wp-content\/uploads\/2023\/04\/red-stars-urn.jpg","type":"image\/jpeg"}],"twitter_card":"summary_large_image","twitter_misc":{"Dur\u00e9e de lecture estim\u00e9e":"2 minutes"},"schema":{"@context":"https:\/\/schema.org","@graph":[{"@type":"WebPage","@id":"https:\/\/www.rememberme-forever.com\/fr\/produit\/urne-funeraire-avec-etoiles-rouges-urne-de-cremation-spherique-unique\/","url":"https:\/\/www.rememberme-forever.com\/fr\/produit\/urne-funeraire-avec-etoiles-rouges-urne-de-cremation-spherique-unique\/","name":"Urne fun\u00e9raire avec \u00e9toiles rouges, urne de cr\u00e9mation sph\u00e9rique unique","isPartOf":{"@id":"https:\/\/www.rememberme-forever.com\/fr\/#website"},"primaryImageOfPage":{"@id":"https:\/\/www.rememberme-forever.com\/fr\/produit\/urne-funeraire-avec-etoiles-rouges-urne-de-cremation-spherique-unique\/#primaryimage"},"image":{"@id":"https:\/\/www.rememberme-forever.com\/fr\/produit\/urne-funeraire-avec-etoiles-rouges-urne-de-cremation-spherique-unique\/#primaryimage"},"thumbnailUrl":"https:\/\/www.rememberme-forever.com\/wp-content\/uploads\/2023\/04\/red-stars-urn.jpg","datePublished":"2023-04-05T09:13:12+00:00","dateModified":"2026-02-19T08:40:20+00:00","description":"D\u00e9couvrez notre urne fun\u00e9raire unique avec \u00e9toiles rouges - un hommage moderne et magnifique \u00e0 la m\u00e9moire de votre proche.","breadcrumb":{"@id":"https:\/\/www.rememberme-forever.com\/fr\/produit\/urne-funeraire-avec-etoiles-rouges-urne-de-cremation-spherique-unique\/#breadcrumb"},"inLanguage":"fr-FR","potentialAction":[{"@type":"ReadAction","target":["https:\/\/www.rememberme-forever.com\/fr\/produit\/urne-funeraire-avec-etoiles-rouges-urne-de-cremation-spherique-unique\/"]}]},{"@type":"ImageObject","inLanguage":"fr-FR","@id":"https:\/\/www.rememberme-forever.com\/fr\/produit\/urne-funeraire-avec-etoiles-rouges-urne-de-cremation-spherique-unique\/#primaryimage","url":"https:\/\/www.rememberme-forever.com\/wp-content\/uploads\/2023\/04\/red-stars-urn.jpg","contentUrl":"https:\/\/www.rememberme-forever.com\/wp-content\/uploads\/2023\/04\/red-stars-urn.jpg","width":768,"height":768,"caption":"urne \u00e9toiles rouges, Urne fun\u00e9raire avec \u00e9toiles rouges"},{"@type":"BreadcrumbList","@id":"https:\/\/www.rememberme-forever.com\/fr\/produit\/urne-funeraire-avec-etoiles-rouges-urne-de-cremation-spherique-unique\/#breadcrumb","itemListElement":[{"@type":"ListItem","position":1,"name":"Home","item":"https:\/\/www.rememberme-forever.com\/fr\/accueil\/"},{"@type":"ListItem","position":2,"name":"Boutique","item":"https:\/\/www.rememberme-forever.com\/fr\/boutique\/"},{"@type":"ListItem","position":3,"name":"Urne fun\u00e9raire avec \u00e9toiles rouges, urne de cr\u00e9mation sph\u00e9rique unique"}]},{"@type":"WebSite","@id":"https:\/\/www.rememberme-forever.com\/fr\/#website","url":"https:\/\/www.rememberme-forever.com\/fr\/","name":"Remember Forever","description":"Cremation urns, funeral urns, urns for ashes","publisher":{"@id":"https:\/\/www.rememberme-forever.com\/fr\/#organization"},"potentialAction":[{"@type":"SearchAction","target":{"@type":"EntryPoint","urlTemplate":"https:\/\/www.rememberme-forever.com\/fr\/?s={search_term_string}"},"query-input":{"@type":"PropertyValueSpecification","valueRequired":true,"valueName":"search_term_string"}}],"inLanguage":"fr-FR"},{"@type":"Organization","@id":"https:\/\/www.rememberme-forever.com\/fr\/#organization","name":"Remember Forever","url":"https:\/\/www.rememberme-forever.com\/fr\/","logo":{"@type":"ImageObject","inLanguage":"fr-FR","@id":"https:\/\/www.rememberme-forever.com\/fr\/#\/schema\/logo\/image\/","url":"https:\/\/www.rememberme-forever.com\/wp-content\/uploads\/2023\/02\/logo.png","contentUrl":"https:\/\/www.rememberme-forever.com\/wp-content\/uploads\/2023\/02\/logo.png","width":300,"height":56,"caption":"Remember Forever"},"image":{"@id":"https:\/\/www.rememberme-forever.com\/fr\/#\/schema\/logo\/image\/"}}]}},"acf":[],"_links":{"self":[{"href":"https:\/\/www.rememberme-forever.com\/fr\/wp-json\/wp\/v2\/product\/24937","targetHints":{"allow":["GET"]}}],"collection":[{"href":"https:\/\/www.rememberme-forever.com\/fr\/wp-json\/wp\/v2\/product"}],"about":[{"href":"https:\/\/www.rememberme-forever.com\/fr\/wp-json\/wp\/v2\/types\/product"}],"wp:featuredmedia":[{"embeddable":true,"href":"https:\/\/www.rememberme-forever.com\/fr\/wp-json\/wp\/v2\/media\/24935"}],"wp:attachment":[{"href":"https:\/\/www.rememberme-forever.com\/fr\/wp-json\/wp\/v2\/media?parent=24937"}],"wp:term":[{"taxonomy":"product_brand","embeddable":true,"href":"https:\/\/www.rememberme-forever.com\/fr\/wp-json\/wp\/v2\/product_brand?post=24937"},{"taxonomy":"product_cat","embeddable":true,"href":"https:\/\/www.rememberme-forever.com\/fr\/wp-json\/wp\/v2\/product_cat?post=24937"},{"taxonomy":"product_tag","embeddable":true,"href":"https:\/\/www.rememberme-forever.com\/fr\/wp-json\/wp\/v2\/product_tag?post=24937"}],"curies":[{"name":"wp","href":"https:\/\/api.w.org\/{rel}","templated":true}]}}