{"id":24956,"date":"2023-04-05T12:19:22","date_gmt":"2023-04-05T10:19:22","guid":{"rendered":"https:\/\/www.rememberme-forever.com\/product\/urne-a-cendres-etoiles-argentees-urne-avec-etoiles-urne-ciel\/"},"modified":"2026-02-19T09:30:34","modified_gmt":"2026-02-19T08:30:34","slug":"urne-a-cendres-etoiles-argentees-urne-avec-etoiles-urne-ciel","status":"publish","type":"product","link":"https:\/\/www.rememberme-forever.com\/fr\/produit\/urne-a-cendres-etoiles-argentees-urne-avec-etoiles-urne-ciel\/","title":{"rendered":"Urne \u00e0 cendres \u00e9toiles argent\u00e9es, urne avec \u00e9toiles, urne ciel"},"content":{"rendered":"<div style=\"width: 100%; margin-bottom: 30px; height: max-content; padding-bottom: 60%; position: relative;\"><iframe style=\"position: absolute; top: 0; left: 0; width: 100%; height: 100%;\" src=\"https:\/\/rememberme-urns.com\/human-urn-with-stars\/\" frameborder=\"0\"><\/iframe><\/div>\n<div style=\"color: red; text-align: center; margin-bottom: 25px;\">\n<p>&gt;&gt; Rotation de la photo &#8211; appuyer\/zoomer &lt;&lt;<\/p>\n<\/div>\n<h2 style=\"text-align: center;\">Urne \u00e0 cendres \u00e9toiles argent\u00e9es<\/h2>\n<p style=\"text-align: center;\"><strong>Urne \u00e0 cendres \u00e9toiles argent\u00e9es<\/strong>, compos\u00e9e d&rsquo;une sph\u00e8re int\u00e9rieure en acier inoxydable et d&rsquo;une coque ext\u00e9rieure en ABS. Vous pouvez ajouter une plaque comm\u00e9morative avec votre propre texte \u00e0 chaque urne. Les cendres sont vers\u00e9es dans l&rsquo;urne par le bas, \u00e0 travers un orifice filet\u00e9. L&rsquo;urne enti\u00e8re est peinte \u00e0 la main et d\u00e9cor\u00e9e d&rsquo;\u00e9toiles argent\u00e9es.<\/p>\n<p style=\"text-align: center;\">Cette urne allie solidit\u00e9 et durabilit\u00e9 \u00e0 une \u00e2me artistique. La sph\u00e8re en acier inoxydable assure la s\u00e9curit\u00e9 des cendres dans l&rsquo;urne, tandis que la peinture artistique fait de l&rsquo;urne un \u00e9l\u00e9ment d\u00e9coratif id\u00e9al pour toute pi\u00e8ce. Une urne unique, disponible nulle part ailleurs.<\/p>\n<p style=\"text-align: center;\">Cette boule avec \u00e9toiles ne ressemble pas \u00e0 une urne cin\u00e9raire typique. Son grand avantage est que la pr\u00e9sence des cendres d&rsquo;une personne d\u00e9c\u00e9d\u00e9e peut rester un secret, connu uniquement de personnes choisies.<\/p>\n<p>&nbsp;<\/p>\n<p style=\"text-align: center;\"><em><strong>Ce produit est peint \u00e0 la main ; son aspect peut donc l\u00e9g\u00e8rement diff\u00e9rer.<\/strong><\/em><\/p>\n<p>&nbsp;<\/p>\n<p style=\"text-align: center;\"><strong>D\u00e9tails de l&rsquo;urne souvenir :<\/strong><\/p>\n<p style=\"text-align: center;\">\u25cf Dimensions : 10,5 cm D x 11 cm H x 10,5 cm L<br \/>\n\u25cf Dimensions : 4.13&Prime; D x 4.33&Prime; H x 4.13&Prime; L<br \/>\n\u25cf Capacit\u00e9 : 0,4 L<br \/>\n\u25cf Capacit\u00e9 (24 pouces cubes)<br \/>\n\u25cf La sph\u00e8re int\u00e9rieure est en acier inoxydable<\/p>\n<p>&nbsp;<\/p>\n<p style=\"text-align: center;\"><strong>Insert en acier inoxydable :<\/strong><\/p>\n<p><img loading=\"lazy\" decoding=\"async\" class=\" wp-image-1080 aligncenter\" src=\"http:\/\/www.rememberme-forever.com\/wp-content\/uploads\/2023\/04\/planet-urn-inside-stainless-steel-insert-300x300.jpg\" alt=\"Urne plan\u00e8te \u00e0 l'int\u00e9rieur d'un insert en acier inoxydable\" width=\"218\" height=\"218\" srcset=\"https:\/\/www.rememberme-forever.com\/wp-content\/uploads\/2023\/04\/planet-urn-inside-stainless-steel-insert-300x300.jpg 300w, https:\/\/www.rememberme-forever.com\/wp-content\/uploads\/2023\/04\/planet-urn-inside-stainless-steel-insert-150x150.jpg 150w, https:\/\/www.rememberme-forever.com\/wp-content\/uploads\/2023\/04\/planet-urn-inside-stainless-steel-insert-600x600.jpg 600w, https:\/\/www.rememberme-forever.com\/wp-content\/uploads\/2023\/04\/planet-urn-inside-stainless-steel-insert-100x100.jpg 100w, https:\/\/www.rememberme-forever.com\/wp-content\/uploads\/2023\/04\/planet-urn-inside-stainless-steel-insert-64x64.jpg 64w, https:\/\/www.rememberme-forever.com\/wp-content\/uploads\/2023\/04\/planet-urn-inside-stainless-steel-insert.jpg 768w\" sizes=\"auto, (max-width: 218px) 100vw, 218px\" \/><\/p>\n<p>&nbsp;<\/p>\n<h3 style=\"text-align: center;\"><strong>PERSONNALISATION<\/strong><\/h3>\n<p style=\"text-align: center;\">La plaque comm\u00e9morative personnalis\u00e9e doit \u00eatre personnalis\u00e9e lors de votre commande. (Pas de panique si vous la manquez ; vous pouvez toujours nous contacter ult\u00e9rieurement.)<\/p>\n<p style=\"text-align: center;\">Veuillez examiner attentivement le texte \u00e0 graver avant d&rsquo;ajouter l&rsquo;article au panier. Nous reproduisons et gravons les informations exactes re\u00e7ues lors de la commande et n&rsquo;y apportons aucune modification.<\/p>\n<p style=\"text-align: center;\"><strong>Veuillez revoir le texte pour vous assurer que toutes les orthographes sont correctes.<\/strong><\/p>\n<p>&nbsp;<\/p>\n<p style=\"text-align: center;\"><em><strong>Si vous avez besoin d&rsquo;une plaque comm\u00e9morative en guise de souvenir, veuillez ajouter du texte dans un deuxi\u00e8me cadre.<\/strong><\/em><\/p>\n<p><img loading=\"lazy\" decoding=\"async\" class=\" wp-image-1101 aligncenter\" src=\"http:\/\/www.rememberme-forever.com\/wp-content\/uploads\/2023\/04\/personalized-stars-keepsake-295x300.jpg\" alt=\"urne souvenir \u00e9toiles personnalis\u00e9e\" width=\"189\" height=\"192\" srcset=\"https:\/\/www.rememberme-forever.com\/wp-content\/uploads\/2023\/04\/personalized-stars-keepsake-295x300.jpg 295w, https:\/\/www.rememberme-forever.com\/wp-content\/uploads\/2023\/04\/personalized-stars-keepsake-600x610.jpg 600w, https:\/\/www.rememberme-forever.com\/wp-content\/uploads\/2023\/04\/personalized-stars-keepsake-64x65.jpg 64w, https:\/\/www.rememberme-forever.com\/wp-content\/uploads\/2023\/04\/personalized-stars-keepsake.jpg 768w\" sizes=\"auto, (max-width: 189px) 100vw, 189px\" \/><\/p>\n","protected":false},"excerpt":{"rendered":"<p>Urne cin\u00e9raire unique en forme de sph\u00e8re avec \u00e9toiles argent\u00e9es, en ABS avec insert en acier inoxydable. Ensemble avec urne souvenir.<\/p>\n<p><strong>Convient aux personnes pesant entre 102 kg et 102 kg maximum.<\/strong><\/p>\n<p>\u2705 Cette urne ne convient pas \u00e0 un usage ext\u00e9rieur. Consultez nos <a href=\"https:\/\/www.rememberme-forever.com\/fr\/categorie-produit\/urnes-dexterieur\/\" target=\"_blank\" rel=\"noopener\"><strong>urnes d&rsquo;ext\u00e9rieur. &gt;&gt;<\/strong><\/a><\/p>\n","protected":false},"featured_media":24951,"template":"","meta":{"_acf_changed":false},"product_brand":[],"product_cat":[2406,2415],"product_tag":[3332],"class_list":{"0":"post-24956","1":"product","2":"type-product","3":"status-publish","4":"has-post-thumbnail","6":"product_cat-urnes-artistiques","7":"product_cat-urnes-en-metal","8":"product_tag-gpsr-metal-insert-abs_outside","9":"product_shipping_class-2-4kg-fr","11":"first","12":"instock","13":"taxable","14":"shipping-taxable","15":"purchasable","16":"product-type-variable"},"yoast_head":"<!-- This site is optimized with the Yoast SEO plugin v27.4 - https:\/\/yoast.com\/product\/yoast-seo-wordpress\/ -->\n<title>Urne \u00e0 cendres \u00e9toiles argent\u00e9es, urne avec \u00e9toiles, urne ciel<\/title>\n<meta name=\"description\" content=\"Urne \u00e0 cendres \u00e9toiles argent\u00e9es, compos\u00e9e d&#039;une sph\u00e8re int\u00e9rieure en acier inoxydable et d&#039;une coque ext\u00e9rieure en ABS. Vous pouvez ajouter une plaque comm\u00e9morative avec votre propre texte.\" \/>\n<meta name=\"robots\" content=\"index, follow, max-snippet:-1, max-image-preview:large, max-video-preview:-1\" \/>\n<link rel=\"canonical\" href=\"https:\/\/www.rememberme-forever.com\/fr\/produit\/urne-a-cendres-etoiles-argentees-urne-avec-etoiles-urne-ciel\/\" \/>\n<meta property=\"og:locale\" content=\"fr_FR\" \/>\n<meta property=\"og:type\" content=\"article\" \/>\n<meta property=\"og:title\" content=\"Urne \u00e0 cendres \u00e9toiles argent\u00e9es, urne avec \u00e9toiles, urne ciel\" \/>\n<meta property=\"og:description\" content=\"Urne \u00e0 cendres \u00e9toiles argent\u00e9es, compos\u00e9e d&#039;une sph\u00e8re int\u00e9rieure en acier inoxydable et d&#039;une coque ext\u00e9rieure en ABS. Vous pouvez ajouter une plaque comm\u00e9morative avec votre propre texte.\" \/>\n<meta property=\"og:url\" content=\"https:\/\/www.rememberme-forever.com\/fr\/produit\/urne-a-cendres-etoiles-argentees-urne-avec-etoiles-urne-ciel\/\" \/>\n<meta property=\"og:site_name\" content=\"Remember Forever\" \/>\n<meta property=\"article:modified_time\" content=\"2026-02-19T08:30:34+00:00\" \/>\n<meta property=\"og:image\" content=\"http:\/\/www.rememberme-forever.com\/wp-content\/uploads\/2023\/04\/Stars-uns-set-large-and-keepsake.jpg\" \/>\n\t<meta property=\"og:image:width\" content=\"839\" \/>\n\t<meta property=\"og:image:height\" content=\"768\" \/>\n\t<meta property=\"og:image:type\" content=\"image\/jpeg\" \/>\n<meta name=\"twitter:card\" content=\"summary_large_image\" \/>\n<meta name=\"twitter:label1\" content=\"Dur\u00e9e de lecture estim\u00e9e\" \/>\n\t<meta name=\"twitter:data1\" content=\"2 minutes\" \/>\n<script type=\"application\/ld+json\" class=\"yoast-schema-graph\">{\"@context\":\"https:\\\/\\\/schema.org\",\"@graph\":[{\"@type\":\"WebPage\",\"@id\":\"https:\\\/\\\/www.rememberme-forever.com\\\/fr\\\/produit\\\/urne-a-cendres-etoiles-argentees-urne-avec-etoiles-urne-ciel\\\/\",\"url\":\"https:\\\/\\\/www.rememberme-forever.com\\\/fr\\\/produit\\\/urne-a-cendres-etoiles-argentees-urne-avec-etoiles-urne-ciel\\\/\",\"name\":\"Urne \u00e0 cendres \u00e9toiles argent\u00e9es, urne avec \u00e9toiles, urne ciel\",\"isPartOf\":{\"@id\":\"https:\\\/\\\/www.rememberme-forever.com\\\/fr\\\/#website\"},\"primaryImageOfPage\":{\"@id\":\"https:\\\/\\\/www.rememberme-forever.com\\\/fr\\\/produit\\\/urne-a-cendres-etoiles-argentees-urne-avec-etoiles-urne-ciel\\\/#primaryimage\"},\"image\":{\"@id\":\"https:\\\/\\\/www.rememberme-forever.com\\\/fr\\\/produit\\\/urne-a-cendres-etoiles-argentees-urne-avec-etoiles-urne-ciel\\\/#primaryimage\"},\"thumbnailUrl\":\"https:\\\/\\\/www.rememberme-forever.com\\\/wp-content\\\/uploads\\\/2023\\\/04\\\/Stars-uns-set-large-and-keepsake.jpg\",\"datePublished\":\"2023-04-05T10:19:22+00:00\",\"dateModified\":\"2026-02-19T08:30:34+00:00\",\"description\":\"Urne \u00e0 cendres \u00e9toiles argent\u00e9es, compos\u00e9e d'une sph\u00e8re int\u00e9rieure en acier inoxydable et d'une coque ext\u00e9rieure en ABS. Vous pouvez ajouter une plaque comm\u00e9morative avec votre propre texte.\",\"breadcrumb\":{\"@id\":\"https:\\\/\\\/www.rememberme-forever.com\\\/fr\\\/produit\\\/urne-a-cendres-etoiles-argentees-urne-avec-etoiles-urne-ciel\\\/#breadcrumb\"},\"inLanguage\":\"fr-FR\",\"potentialAction\":[{\"@type\":\"ReadAction\",\"target\":[\"https:\\\/\\\/www.rememberme-forever.com\\\/fr\\\/produit\\\/urne-a-cendres-etoiles-argentees-urne-avec-etoiles-urne-ciel\\\/\"]}]},{\"@type\":\"ImageObject\",\"inLanguage\":\"fr-FR\",\"@id\":\"https:\\\/\\\/www.rememberme-forever.com\\\/fr\\\/produit\\\/urne-a-cendres-etoiles-argentees-urne-avec-etoiles-urne-ciel\\\/#primaryimage\",\"url\":\"https:\\\/\\\/www.rememberme-forever.com\\\/wp-content\\\/uploads\\\/2023\\\/04\\\/Stars-uns-set-large-and-keepsake.jpg\",\"contentUrl\":\"https:\\\/\\\/www.rememberme-forever.com\\\/wp-content\\\/uploads\\\/2023\\\/04\\\/Stars-uns-set-large-and-keepsake.jpg\",\"width\":839,\"height\":768,\"caption\":\"Ensemble urnes \u00e9toiles grande et souvenir, Urne \u00e0 cendres \u00e9toiles argent\u00e9es\"},{\"@type\":\"BreadcrumbList\",\"@id\":\"https:\\\/\\\/www.rememberme-forever.com\\\/fr\\\/produit\\\/urne-a-cendres-etoiles-argentees-urne-avec-etoiles-urne-ciel\\\/#breadcrumb\",\"itemListElement\":[{\"@type\":\"ListItem\",\"position\":1,\"name\":\"Home\",\"item\":\"https:\\\/\\\/www.rememberme-forever.com\\\/fr\\\/accueil\\\/\"},{\"@type\":\"ListItem\",\"position\":2,\"name\":\"Boutique\",\"item\":\"https:\\\/\\\/www.rememberme-forever.com\\\/fr\\\/boutique\\\/\"},{\"@type\":\"ListItem\",\"position\":3,\"name\":\"Urne \u00e0 cendres \u00e9toiles argent\u00e9es, urne avec \u00e9toiles, urne ciel\"}]},{\"@type\":\"WebSite\",\"@id\":\"https:\\\/\\\/www.rememberme-forever.com\\\/fr\\\/#website\",\"url\":\"https:\\\/\\\/www.rememberme-forever.com\\\/fr\\\/\",\"name\":\"Remember Forever\",\"description\":\"Cremation urns, funeral urns, urns for ashes\",\"publisher\":{\"@id\":\"https:\\\/\\\/www.rememberme-forever.com\\\/fr\\\/#organization\"},\"potentialAction\":[{\"@type\":\"SearchAction\",\"target\":{\"@type\":\"EntryPoint\",\"urlTemplate\":\"https:\\\/\\\/www.rememberme-forever.com\\\/fr\\\/?s={search_term_string}\"},\"query-input\":{\"@type\":\"PropertyValueSpecification\",\"valueRequired\":true,\"valueName\":\"search_term_string\"}}],\"inLanguage\":\"fr-FR\"},{\"@type\":\"Organization\",\"@id\":\"https:\\\/\\\/www.rememberme-forever.com\\\/fr\\\/#organization\",\"name\":\"Remember Forever\",\"url\":\"https:\\\/\\\/www.rememberme-forever.com\\\/fr\\\/\",\"logo\":{\"@type\":\"ImageObject\",\"inLanguage\":\"fr-FR\",\"@id\":\"https:\\\/\\\/www.rememberme-forever.com\\\/fr\\\/#\\\/schema\\\/logo\\\/image\\\/\",\"url\":\"https:\\\/\\\/www.rememberme-forever.com\\\/wp-content\\\/uploads\\\/2023\\\/02\\\/logo.png\",\"contentUrl\":\"https:\\\/\\\/www.rememberme-forever.com\\\/wp-content\\\/uploads\\\/2023\\\/02\\\/logo.png\",\"width\":300,\"height\":56,\"caption\":\"Remember Forever\"},\"image\":{\"@id\":\"https:\\\/\\\/www.rememberme-forever.com\\\/fr\\\/#\\\/schema\\\/logo\\\/image\\\/\"}}]}<\/script>\n<!-- \/ Yoast SEO plugin. -->","yoast_head_json":{"title":"Urne \u00e0 cendres \u00e9toiles argent\u00e9es, urne avec \u00e9toiles, urne ciel","description":"Urne \u00e0 cendres \u00e9toiles argent\u00e9es, compos\u00e9e d'une sph\u00e8re int\u00e9rieure en acier inoxydable et d'une coque ext\u00e9rieure en ABS. Vous pouvez ajouter une plaque comm\u00e9morative avec votre propre texte.","robots":{"index":"index","follow":"follow","max-snippet":"max-snippet:-1","max-image-preview":"max-image-preview:large","max-video-preview":"max-video-preview:-1"},"canonical":"https:\/\/www.rememberme-forever.com\/fr\/produit\/urne-a-cendres-etoiles-argentees-urne-avec-etoiles-urne-ciel\/","og_locale":"fr_FR","og_type":"article","og_title":"Urne \u00e0 cendres \u00e9toiles argent\u00e9es, urne avec \u00e9toiles, urne ciel","og_description":"Urne \u00e0 cendres \u00e9toiles argent\u00e9es, compos\u00e9e d'une sph\u00e8re int\u00e9rieure en acier inoxydable et d'une coque ext\u00e9rieure en ABS. Vous pouvez ajouter une plaque comm\u00e9morative avec votre propre texte.","og_url":"https:\/\/www.rememberme-forever.com\/fr\/produit\/urne-a-cendres-etoiles-argentees-urne-avec-etoiles-urne-ciel\/","og_site_name":"Remember Forever","article_modified_time":"2026-02-19T08:30:34+00:00","og_image":[{"width":839,"height":768,"url":"http:\/\/www.rememberme-forever.com\/wp-content\/uploads\/2023\/04\/Stars-uns-set-large-and-keepsake.jpg","type":"image\/jpeg"}],"twitter_card":"summary_large_image","twitter_misc":{"Dur\u00e9e de lecture estim\u00e9e":"2 minutes"},"schema":{"@context":"https:\/\/schema.org","@graph":[{"@type":"WebPage","@id":"https:\/\/www.rememberme-forever.com\/fr\/produit\/urne-a-cendres-etoiles-argentees-urne-avec-etoiles-urne-ciel\/","url":"https:\/\/www.rememberme-forever.com\/fr\/produit\/urne-a-cendres-etoiles-argentees-urne-avec-etoiles-urne-ciel\/","name":"Urne \u00e0 cendres \u00e9toiles argent\u00e9es, urne avec \u00e9toiles, urne ciel","isPartOf":{"@id":"https:\/\/www.rememberme-forever.com\/fr\/#website"},"primaryImageOfPage":{"@id":"https:\/\/www.rememberme-forever.com\/fr\/produit\/urne-a-cendres-etoiles-argentees-urne-avec-etoiles-urne-ciel\/#primaryimage"},"image":{"@id":"https:\/\/www.rememberme-forever.com\/fr\/produit\/urne-a-cendres-etoiles-argentees-urne-avec-etoiles-urne-ciel\/#primaryimage"},"thumbnailUrl":"https:\/\/www.rememberme-forever.com\/wp-content\/uploads\/2023\/04\/Stars-uns-set-large-and-keepsake.jpg","datePublished":"2023-04-05T10:19:22+00:00","dateModified":"2026-02-19T08:30:34+00:00","description":"Urne \u00e0 cendres \u00e9toiles argent\u00e9es, compos\u00e9e d'une sph\u00e8re int\u00e9rieure en acier inoxydable et d'une coque ext\u00e9rieure en ABS. Vous pouvez ajouter une plaque comm\u00e9morative avec votre propre texte.","breadcrumb":{"@id":"https:\/\/www.rememberme-forever.com\/fr\/produit\/urne-a-cendres-etoiles-argentees-urne-avec-etoiles-urne-ciel\/#breadcrumb"},"inLanguage":"fr-FR","potentialAction":[{"@type":"ReadAction","target":["https:\/\/www.rememberme-forever.com\/fr\/produit\/urne-a-cendres-etoiles-argentees-urne-avec-etoiles-urne-ciel\/"]}]},{"@type":"ImageObject","inLanguage":"fr-FR","@id":"https:\/\/www.rememberme-forever.com\/fr\/produit\/urne-a-cendres-etoiles-argentees-urne-avec-etoiles-urne-ciel\/#primaryimage","url":"https:\/\/www.rememberme-forever.com\/wp-content\/uploads\/2023\/04\/Stars-uns-set-large-and-keepsake.jpg","contentUrl":"https:\/\/www.rememberme-forever.com\/wp-content\/uploads\/2023\/04\/Stars-uns-set-large-and-keepsake.jpg","width":839,"height":768,"caption":"Ensemble urnes \u00e9toiles grande et souvenir, Urne \u00e0 cendres \u00e9toiles argent\u00e9es"},{"@type":"BreadcrumbList","@id":"https:\/\/www.rememberme-forever.com\/fr\/produit\/urne-a-cendres-etoiles-argentees-urne-avec-etoiles-urne-ciel\/#breadcrumb","itemListElement":[{"@type":"ListItem","position":1,"name":"Home","item":"https:\/\/www.rememberme-forever.com\/fr\/accueil\/"},{"@type":"ListItem","position":2,"name":"Boutique","item":"https:\/\/www.rememberme-forever.com\/fr\/boutique\/"},{"@type":"ListItem","position":3,"name":"Urne \u00e0 cendres \u00e9toiles argent\u00e9es, urne avec \u00e9toiles, urne ciel"}]},{"@type":"WebSite","@id":"https:\/\/www.rememberme-forever.com\/fr\/#website","url":"https:\/\/www.rememberme-forever.com\/fr\/","name":"Remember Forever","description":"Cremation urns, funeral urns, urns for ashes","publisher":{"@id":"https:\/\/www.rememberme-forever.com\/fr\/#organization"},"potentialAction":[{"@type":"SearchAction","target":{"@type":"EntryPoint","urlTemplate":"https:\/\/www.rememberme-forever.com\/fr\/?s={search_term_string}"},"query-input":{"@type":"PropertyValueSpecification","valueRequired":true,"valueName":"search_term_string"}}],"inLanguage":"fr-FR"},{"@type":"Organization","@id":"https:\/\/www.rememberme-forever.com\/fr\/#organization","name":"Remember Forever","url":"https:\/\/www.rememberme-forever.com\/fr\/","logo":{"@type":"ImageObject","inLanguage":"fr-FR","@id":"https:\/\/www.rememberme-forever.com\/fr\/#\/schema\/logo\/image\/","url":"https:\/\/www.rememberme-forever.com\/wp-content\/uploads\/2023\/02\/logo.png","contentUrl":"https:\/\/www.rememberme-forever.com\/wp-content\/uploads\/2023\/02\/logo.png","width":300,"height":56,"caption":"Remember Forever"},"image":{"@id":"https:\/\/www.rememberme-forever.com\/fr\/#\/schema\/logo\/image\/"}}]}},"acf":[],"_links":{"self":[{"href":"https:\/\/www.rememberme-forever.com\/fr\/wp-json\/wp\/v2\/product\/24956","targetHints":{"allow":["GET"]}}],"collection":[{"href":"https:\/\/www.rememberme-forever.com\/fr\/wp-json\/wp\/v2\/product"}],"about":[{"href":"https:\/\/www.rememberme-forever.com\/fr\/wp-json\/wp\/v2\/types\/product"}],"wp:featuredmedia":[{"embeddable":true,"href":"https:\/\/www.rememberme-forever.com\/fr\/wp-json\/wp\/v2\/media\/24951"}],"wp:attachment":[{"href":"https:\/\/www.rememberme-forever.com\/fr\/wp-json\/wp\/v2\/media?parent=24956"}],"wp:term":[{"taxonomy":"product_brand","embeddable":true,"href":"https:\/\/www.rememberme-forever.com\/fr\/wp-json\/wp\/v2\/product_brand?post=24956"},{"taxonomy":"product_cat","embeddable":true,"href":"https:\/\/www.rememberme-forever.com\/fr\/wp-json\/wp\/v2\/product_cat?post=24956"},{"taxonomy":"product_tag","embeddable":true,"href":"https:\/\/www.rememberme-forever.com\/fr\/wp-json\/wp\/v2\/product_tag?post=24956"}],"curies":[{"name":"wp","href":"https:\/\/api.w.org\/{rel}","templated":true}]}}