{"id":24987,"date":"2023-04-05T12:46:42","date_gmt":"2023-04-05T10:46:42","guid":{"rendered":"https:\/\/www.rememberme-forever.com\/product\/urne-souvenir-avec-etoiles-argentees-petite-urne-spherique\/"},"modified":"2026-02-19T09:21:45","modified_gmt":"2026-02-19T08:21:45","slug":"urne-souvenir-avec-etoiles-argentees-petite-urne-spherique","status":"publish","type":"product","link":"https:\/\/www.rememberme-forever.com\/fr\/produit\/urne-souvenir-avec-etoiles-argentees-petite-urne-spherique\/","title":{"rendered":"Urne souvenir avec \u00e9toiles argent\u00e9es, petite urne sph\u00e9rique"},"content":{"rendered":"<div style=\"width: 100%; margin-bottom: 30px; height: max-content; padding-bottom: 60%; position: relative;\"><iframe style=\"position: absolute; top: 0; left: 0; width: 100%; height: 100%;\" src=\"https:\/\/rememberme-urns.com\/keepsake-with-the-stars\/\" frameborder=\"0\"><\/iframe><\/div>\n<div style=\"color: red; text-align: center; margin-bottom: 25px;\">\n<p>&gt;&gt; Rotation de la photo &#8211; appuyer\/zoomer &lt;&lt;<\/p>\n<\/div>\n<h2 style=\"text-align: center;\">Urne souvenir avec \u00e9toiles argent\u00e9es<\/h2>\n<p style=\"text-align: center;\">Notre <strong>urne souvenir avec \u00e9toiles argent\u00e9es<\/strong> est une pi\u00e8ce magnifiquement con\u00e7ue, destin\u00e9e \u00e0 contenir une petite portion des cendres de votre \u00eatre cher. Orn\u00e9e de superbes \u00e9toiles argent\u00e9es, cette urne symbolise le lien \u00e9ternel que vous partagez avec votre membre de famille ou ami(e) cher(\u00e8re).<\/p>\n<p style=\"text-align: center;\">Fabriqu\u00e9e avec soin et attention aux d\u00e9tails, cette urne unique est con\u00e7ue \u00e0 partir de mat\u00e9riaux de haute qualit\u00e9, incluant un insert sph\u00e9rique durable en acier inoxydable qui offre une protection et une s\u00e9curit\u00e9 suppl\u00e9mentaires pour les cendres de votre \u00eatre cher.<\/p>\n<p style=\"text-align: center;\">Pour rendre cette urne encore plus sp\u00e9ciale, nous proposons une plaque comm\u00e9morative personnalis\u00e9e qui peut \u00eatre grav\u00e9e avec le nom de votre \u00eatre cher, ses dates et tout autre message ou citation sp\u00e9ciale. La plaque est \u00e9l\u00e9gamment fabriqu\u00e9e \u00e0 partir de mat\u00e9riaux de haute qualit\u00e9, garantissant qu\u2019elle r\u00e9sistera \u00e0 l\u2019\u00e9preuve du temps et servira d\u2019hommage durable \u00e0 votre \u00eatre cher.<\/p>\n<p style=\"text-align: center;\">Qu\u2019elle soit expos\u00e9e sur une chemin\u00e9e ou conserv\u00e9e dans un endroit sp\u00e9cial de votre maison, cette superbe mini-urne vous apportera, \u00e0 vous et \u00e0 votre famille, r\u00e9confort et paix. Avec son design complexe et ses mat\u00e9riaux de haute qualit\u00e9, c\u2019est une mani\u00e8re belle et unique d\u2019honorer et de ch\u00e9rir la m\u00e9moire d\u2019une personne sp\u00e9ciale.<\/p>\n<p>&nbsp;<\/p>\n<p style=\"text-align: center;\"><em><strong>Ce produit est peint \u00e0 la main ; son aspect peut donc l\u00e9g\u00e8rement diff\u00e9rer.<\/strong><\/em><\/p>\n<p>&nbsp;<\/p>\n<p style=\"text-align: center;\"><strong>Insert en acier inoxydable :<\/strong><\/p>\n<p><img loading=\"lazy\" decoding=\"async\" class=\" wp-image-1080 aligncenter\" src=\"http:\/\/www.rememberme-forever.com\/wp-content\/uploads\/2023\/04\/planet-urn-inside-stainless-steel-insert-300x300.jpg\" alt=\"Urne plan\u00e8te \u00e0 l'int\u00e9rieur d'un insert en acier inoxydable\" width=\"218\" height=\"218\" srcset=\"https:\/\/www.rememberme-forever.com\/wp-content\/uploads\/2023\/04\/planet-urn-inside-stainless-steel-insert-300x300.jpg 300w, https:\/\/www.rememberme-forever.com\/wp-content\/uploads\/2023\/04\/planet-urn-inside-stainless-steel-insert-150x150.jpg 150w, https:\/\/www.rememberme-forever.com\/wp-content\/uploads\/2023\/04\/planet-urn-inside-stainless-steel-insert-600x600.jpg 600w, https:\/\/www.rememberme-forever.com\/wp-content\/uploads\/2023\/04\/planet-urn-inside-stainless-steel-insert-100x100.jpg 100w, https:\/\/www.rememberme-forever.com\/wp-content\/uploads\/2023\/04\/planet-urn-inside-stainless-steel-insert-64x64.jpg 64w, https:\/\/www.rememberme-forever.com\/wp-content\/uploads\/2023\/04\/planet-urn-inside-stainless-steel-insert.jpg 768w\" sizes=\"auto, (max-width: 218px) 100vw, 218px\" \/><\/p>\n<p>&nbsp;<\/p>\n<h3 style=\"text-align: center;\"><strong>PERSONNALISATION<\/strong><\/h3>\n<p style=\"text-align: center;\">La plaque comm\u00e9morative personnalis\u00e9e doit \u00eatre personnalis\u00e9e lors de votre commande. (Pas de panique si vous la manquez ; vous pouvez toujours nous contacter ult\u00e9rieurement.)<\/p>\n<p style=\"text-align: center;\">Veuillez examiner attentivement le texte \u00e0 graver avant d&rsquo;ajouter l&rsquo;article au panier. Nous reproduisons et gravons les informations exactes re\u00e7ues lors de la commande et n&rsquo;y apportons aucune modification.<\/p>\n<p style=\"text-align: center;\"><strong>Veuillez revoir le texte pour vous assurer que toutes les orthographes sont correctes.<\/strong><\/p>\n","protected":false},"excerpt":{"rendered":"<p>Petite urne souvenir unique pour cendres ou autres reliques.<\/p>\n<p><strong>L\u2019insert sph\u00e9rique est en acier inoxydable.<\/strong><\/p>\n<p>\u2705 Cette urne ne convient pas \u00e0 un usage ext\u00e9rieur. Consultez nos <a href=\"https:\/\/www.rememberme-forever.com\/fr\/categorie-produit\/urnes-dexterieur\/\" target=\"_blank\" rel=\"noopener\"><strong>urnes d&rsquo;ext\u00e9rieur. &gt;&gt;<\/strong><\/a><\/p>\n","protected":false},"featured_media":24954,"template":"","meta":{"_acf_changed":false},"product_brand":[],"product_cat":[2414],"product_tag":[3325],"class_list":{"0":"post-24987","1":"product","2":"type-product","3":"status-publish","4":"has-post-thumbnail","6":"product_cat-souvenirs","7":"product_tag-gpsr-keepsake-urns","8":"product_shipping_class-1-2-kg-fr","10":"first","11":"instock","12":"taxable","13":"shipping-taxable","14":"purchasable","15":"product-type-simple"},"yoast_head":"<!-- This site is optimized with the Yoast SEO plugin v27.4 - https:\/\/yoast.com\/product\/yoast-seo-wordpress\/ -->\n<title>Urne souvenir avec \u00e9toiles argent\u00e9es, petite urne sph\u00e9rique<\/title>\n<meta name=\"description\" content=\"Notre urne souvenir avec \u00e9toiles argent\u00e9es est une pi\u00e8ce magnifiquement con\u00e7ue, destin\u00e9e \u00e0 contenir une petite portion des cendres de votre \u00eatre cher.\" \/>\n<meta name=\"robots\" content=\"index, follow, max-snippet:-1, max-image-preview:large, max-video-preview:-1\" \/>\n<link rel=\"canonical\" href=\"https:\/\/www.rememberme-forever.com\/fr\/produit\/urne-souvenir-avec-etoiles-argentees-petite-urne-spherique\/\" \/>\n<meta property=\"og:locale\" content=\"fr_FR\" \/>\n<meta property=\"og:type\" content=\"article\" \/>\n<meta property=\"og:title\" content=\"Urne souvenir avec \u00e9toiles argent\u00e9es, petite urne sph\u00e9rique\" \/>\n<meta property=\"og:description\" content=\"Notre urne souvenir avec \u00e9toiles argent\u00e9es est une pi\u00e8ce magnifiquement con\u00e7ue, destin\u00e9e \u00e0 contenir une petite portion des cendres de votre \u00eatre cher.\" \/>\n<meta property=\"og:url\" content=\"https:\/\/www.rememberme-forever.com\/fr\/produit\/urne-souvenir-avec-etoiles-argentees-petite-urne-spherique\/\" \/>\n<meta property=\"og:site_name\" content=\"Remember Forever\" \/>\n<meta property=\"article:modified_time\" content=\"2026-02-19T08:21:45+00:00\" \/>\n<meta property=\"og:image\" content=\"http:\/\/www.rememberme-forever.com\/wp-content\/uploads\/2023\/04\/keepsake-with-stars.jpg\" \/>\n\t<meta property=\"og:image:width\" content=\"768\" \/>\n\t<meta property=\"og:image:height\" content=\"779\" \/>\n\t<meta property=\"og:image:type\" content=\"image\/jpeg\" \/>\n<meta name=\"twitter:card\" content=\"summary_large_image\" \/>\n<meta name=\"twitter:label1\" content=\"Dur\u00e9e de lecture estim\u00e9e\" \/>\n\t<meta name=\"twitter:data1\" content=\"2 minutes\" \/>\n<script type=\"application\/ld+json\" class=\"yoast-schema-graph\">{\"@context\":\"https:\\\/\\\/schema.org\",\"@graph\":[{\"@type\":\"WebPage\",\"@id\":\"https:\\\/\\\/www.rememberme-forever.com\\\/fr\\\/produit\\\/urne-souvenir-avec-etoiles-argentees-petite-urne-spherique\\\/\",\"url\":\"https:\\\/\\\/www.rememberme-forever.com\\\/fr\\\/produit\\\/urne-souvenir-avec-etoiles-argentees-petite-urne-spherique\\\/\",\"name\":\"Urne souvenir avec \u00e9toiles argent\u00e9es, petite urne sph\u00e9rique\",\"isPartOf\":{\"@id\":\"https:\\\/\\\/www.rememberme-forever.com\\\/fr\\\/#website\"},\"primaryImageOfPage\":{\"@id\":\"https:\\\/\\\/www.rememberme-forever.com\\\/fr\\\/produit\\\/urne-souvenir-avec-etoiles-argentees-petite-urne-spherique\\\/#primaryimage\"},\"image\":{\"@id\":\"https:\\\/\\\/www.rememberme-forever.com\\\/fr\\\/produit\\\/urne-souvenir-avec-etoiles-argentees-petite-urne-spherique\\\/#primaryimage\"},\"thumbnailUrl\":\"https:\\\/\\\/www.rememberme-forever.com\\\/wp-content\\\/uploads\\\/2023\\\/04\\\/keepsake-with-stars.jpg\",\"datePublished\":\"2023-04-05T10:46:42+00:00\",\"dateModified\":\"2026-02-19T08:21:45+00:00\",\"description\":\"Notre urne souvenir avec \u00e9toiles argent\u00e9es est une pi\u00e8ce magnifiquement con\u00e7ue, destin\u00e9e \u00e0 contenir une petite portion des cendres de votre \u00eatre cher.\",\"breadcrumb\":{\"@id\":\"https:\\\/\\\/www.rememberme-forever.com\\\/fr\\\/produit\\\/urne-souvenir-avec-etoiles-argentees-petite-urne-spherique\\\/#breadcrumb\"},\"inLanguage\":\"fr-FR\",\"potentialAction\":[{\"@type\":\"ReadAction\",\"target\":[\"https:\\\/\\\/www.rememberme-forever.com\\\/fr\\\/produit\\\/urne-souvenir-avec-etoiles-argentees-petite-urne-spherique\\\/\"]}]},{\"@type\":\"ImageObject\",\"inLanguage\":\"fr-FR\",\"@id\":\"https:\\\/\\\/www.rememberme-forever.com\\\/fr\\\/produit\\\/urne-souvenir-avec-etoiles-argentees-petite-urne-spherique\\\/#primaryimage\",\"url\":\"https:\\\/\\\/www.rememberme-forever.com\\\/wp-content\\\/uploads\\\/2023\\\/04\\\/keepsake-with-stars.jpg\",\"contentUrl\":\"https:\\\/\\\/www.rememberme-forever.com\\\/wp-content\\\/uploads\\\/2023\\\/04\\\/keepsake-with-stars.jpg\",\"width\":768,\"height\":779,\"caption\":\"urne souvenir avec \u00e9toiles\"},{\"@type\":\"BreadcrumbList\",\"@id\":\"https:\\\/\\\/www.rememberme-forever.com\\\/fr\\\/produit\\\/urne-souvenir-avec-etoiles-argentees-petite-urne-spherique\\\/#breadcrumb\",\"itemListElement\":[{\"@type\":\"ListItem\",\"position\":1,\"name\":\"Home\",\"item\":\"https:\\\/\\\/www.rememberme-forever.com\\\/fr\\\/accueil\\\/\"},{\"@type\":\"ListItem\",\"position\":2,\"name\":\"Boutique\",\"item\":\"https:\\\/\\\/www.rememberme-forever.com\\\/fr\\\/boutique\\\/\"},{\"@type\":\"ListItem\",\"position\":3,\"name\":\"Urne souvenir avec \u00e9toiles argent\u00e9es, petite urne sph\u00e9rique\"}]},{\"@type\":\"WebSite\",\"@id\":\"https:\\\/\\\/www.rememberme-forever.com\\\/fr\\\/#website\",\"url\":\"https:\\\/\\\/www.rememberme-forever.com\\\/fr\\\/\",\"name\":\"Remember Forever\",\"description\":\"Cremation urns, funeral urns, urns for ashes\",\"publisher\":{\"@id\":\"https:\\\/\\\/www.rememberme-forever.com\\\/fr\\\/#organization\"},\"potentialAction\":[{\"@type\":\"SearchAction\",\"target\":{\"@type\":\"EntryPoint\",\"urlTemplate\":\"https:\\\/\\\/www.rememberme-forever.com\\\/fr\\\/?s={search_term_string}\"},\"query-input\":{\"@type\":\"PropertyValueSpecification\",\"valueRequired\":true,\"valueName\":\"search_term_string\"}}],\"inLanguage\":\"fr-FR\"},{\"@type\":\"Organization\",\"@id\":\"https:\\\/\\\/www.rememberme-forever.com\\\/fr\\\/#organization\",\"name\":\"Remember Forever\",\"url\":\"https:\\\/\\\/www.rememberme-forever.com\\\/fr\\\/\",\"logo\":{\"@type\":\"ImageObject\",\"inLanguage\":\"fr-FR\",\"@id\":\"https:\\\/\\\/www.rememberme-forever.com\\\/fr\\\/#\\\/schema\\\/logo\\\/image\\\/\",\"url\":\"https:\\\/\\\/www.rememberme-forever.com\\\/wp-content\\\/uploads\\\/2023\\\/02\\\/logo.png\",\"contentUrl\":\"https:\\\/\\\/www.rememberme-forever.com\\\/wp-content\\\/uploads\\\/2023\\\/02\\\/logo.png\",\"width\":300,\"height\":56,\"caption\":\"Remember Forever\"},\"image\":{\"@id\":\"https:\\\/\\\/www.rememberme-forever.com\\\/fr\\\/#\\\/schema\\\/logo\\\/image\\\/\"}}]}<\/script>\n<!-- \/ Yoast SEO plugin. -->","yoast_head_json":{"title":"Urne souvenir avec \u00e9toiles argent\u00e9es, petite urne sph\u00e9rique","description":"Notre urne souvenir avec \u00e9toiles argent\u00e9es est une pi\u00e8ce magnifiquement con\u00e7ue, destin\u00e9e \u00e0 contenir une petite portion des cendres de votre \u00eatre cher.","robots":{"index":"index","follow":"follow","max-snippet":"max-snippet:-1","max-image-preview":"max-image-preview:large","max-video-preview":"max-video-preview:-1"},"canonical":"https:\/\/www.rememberme-forever.com\/fr\/produit\/urne-souvenir-avec-etoiles-argentees-petite-urne-spherique\/","og_locale":"fr_FR","og_type":"article","og_title":"Urne souvenir avec \u00e9toiles argent\u00e9es, petite urne sph\u00e9rique","og_description":"Notre urne souvenir avec \u00e9toiles argent\u00e9es est une pi\u00e8ce magnifiquement con\u00e7ue, destin\u00e9e \u00e0 contenir une petite portion des cendres de votre \u00eatre cher.","og_url":"https:\/\/www.rememberme-forever.com\/fr\/produit\/urne-souvenir-avec-etoiles-argentees-petite-urne-spherique\/","og_site_name":"Remember Forever","article_modified_time":"2026-02-19T08:21:45+00:00","og_image":[{"width":768,"height":779,"url":"http:\/\/www.rememberme-forever.com\/wp-content\/uploads\/2023\/04\/keepsake-with-stars.jpg","type":"image\/jpeg"}],"twitter_card":"summary_large_image","twitter_misc":{"Dur\u00e9e de lecture estim\u00e9e":"2 minutes"},"schema":{"@context":"https:\/\/schema.org","@graph":[{"@type":"WebPage","@id":"https:\/\/www.rememberme-forever.com\/fr\/produit\/urne-souvenir-avec-etoiles-argentees-petite-urne-spherique\/","url":"https:\/\/www.rememberme-forever.com\/fr\/produit\/urne-souvenir-avec-etoiles-argentees-petite-urne-spherique\/","name":"Urne souvenir avec \u00e9toiles argent\u00e9es, petite urne sph\u00e9rique","isPartOf":{"@id":"https:\/\/www.rememberme-forever.com\/fr\/#website"},"primaryImageOfPage":{"@id":"https:\/\/www.rememberme-forever.com\/fr\/produit\/urne-souvenir-avec-etoiles-argentees-petite-urne-spherique\/#primaryimage"},"image":{"@id":"https:\/\/www.rememberme-forever.com\/fr\/produit\/urne-souvenir-avec-etoiles-argentees-petite-urne-spherique\/#primaryimage"},"thumbnailUrl":"https:\/\/www.rememberme-forever.com\/wp-content\/uploads\/2023\/04\/keepsake-with-stars.jpg","datePublished":"2023-04-05T10:46:42+00:00","dateModified":"2026-02-19T08:21:45+00:00","description":"Notre urne souvenir avec \u00e9toiles argent\u00e9es est une pi\u00e8ce magnifiquement con\u00e7ue, destin\u00e9e \u00e0 contenir une petite portion des cendres de votre \u00eatre cher.","breadcrumb":{"@id":"https:\/\/www.rememberme-forever.com\/fr\/produit\/urne-souvenir-avec-etoiles-argentees-petite-urne-spherique\/#breadcrumb"},"inLanguage":"fr-FR","potentialAction":[{"@type":"ReadAction","target":["https:\/\/www.rememberme-forever.com\/fr\/produit\/urne-souvenir-avec-etoiles-argentees-petite-urne-spherique\/"]}]},{"@type":"ImageObject","inLanguage":"fr-FR","@id":"https:\/\/www.rememberme-forever.com\/fr\/produit\/urne-souvenir-avec-etoiles-argentees-petite-urne-spherique\/#primaryimage","url":"https:\/\/www.rememberme-forever.com\/wp-content\/uploads\/2023\/04\/keepsake-with-stars.jpg","contentUrl":"https:\/\/www.rememberme-forever.com\/wp-content\/uploads\/2023\/04\/keepsake-with-stars.jpg","width":768,"height":779,"caption":"urne souvenir avec \u00e9toiles"},{"@type":"BreadcrumbList","@id":"https:\/\/www.rememberme-forever.com\/fr\/produit\/urne-souvenir-avec-etoiles-argentees-petite-urne-spherique\/#breadcrumb","itemListElement":[{"@type":"ListItem","position":1,"name":"Home","item":"https:\/\/www.rememberme-forever.com\/fr\/accueil\/"},{"@type":"ListItem","position":2,"name":"Boutique","item":"https:\/\/www.rememberme-forever.com\/fr\/boutique\/"},{"@type":"ListItem","position":3,"name":"Urne souvenir avec \u00e9toiles argent\u00e9es, petite urne sph\u00e9rique"}]},{"@type":"WebSite","@id":"https:\/\/www.rememberme-forever.com\/fr\/#website","url":"https:\/\/www.rememberme-forever.com\/fr\/","name":"Remember Forever","description":"Cremation urns, funeral urns, urns for ashes","publisher":{"@id":"https:\/\/www.rememberme-forever.com\/fr\/#organization"},"potentialAction":[{"@type":"SearchAction","target":{"@type":"EntryPoint","urlTemplate":"https:\/\/www.rememberme-forever.com\/fr\/?s={search_term_string}"},"query-input":{"@type":"PropertyValueSpecification","valueRequired":true,"valueName":"search_term_string"}}],"inLanguage":"fr-FR"},{"@type":"Organization","@id":"https:\/\/www.rememberme-forever.com\/fr\/#organization","name":"Remember Forever","url":"https:\/\/www.rememberme-forever.com\/fr\/","logo":{"@type":"ImageObject","inLanguage":"fr-FR","@id":"https:\/\/www.rememberme-forever.com\/fr\/#\/schema\/logo\/image\/","url":"https:\/\/www.rememberme-forever.com\/wp-content\/uploads\/2023\/02\/logo.png","contentUrl":"https:\/\/www.rememberme-forever.com\/wp-content\/uploads\/2023\/02\/logo.png","width":300,"height":56,"caption":"Remember Forever"},"image":{"@id":"https:\/\/www.rememberme-forever.com\/fr\/#\/schema\/logo\/image\/"}}]}},"acf":[],"_links":{"self":[{"href":"https:\/\/www.rememberme-forever.com\/fr\/wp-json\/wp\/v2\/product\/24987","targetHints":{"allow":["GET"]}}],"collection":[{"href":"https:\/\/www.rememberme-forever.com\/fr\/wp-json\/wp\/v2\/product"}],"about":[{"href":"https:\/\/www.rememberme-forever.com\/fr\/wp-json\/wp\/v2\/types\/product"}],"wp:featuredmedia":[{"embeddable":true,"href":"https:\/\/www.rememberme-forever.com\/fr\/wp-json\/wp\/v2\/media\/24954"}],"wp:attachment":[{"href":"https:\/\/www.rememberme-forever.com\/fr\/wp-json\/wp\/v2\/media?parent=24987"}],"wp:term":[{"taxonomy":"product_brand","embeddable":true,"href":"https:\/\/www.rememberme-forever.com\/fr\/wp-json\/wp\/v2\/product_brand?post=24987"},{"taxonomy":"product_cat","embeddable":true,"href":"https:\/\/www.rememberme-forever.com\/fr\/wp-json\/wp\/v2\/product_cat?post=24987"},{"taxonomy":"product_tag","embeddable":true,"href":"https:\/\/www.rememberme-forever.com\/fr\/wp-json\/wp\/v2\/product_tag?post=24987"}],"curies":[{"name":"wp","href":"https:\/\/api.w.org\/{rel}","templated":true}]}}