{"id":25065,"date":"2023-04-06T11:04:08","date_gmt":"2023-04-06T09:04:08","guid":{"rendered":"https:\/\/www.rememberme-forever.com\/product\/urne-de-cremation-pour-adulte-en-granit-gris-fonce\/"},"modified":"2026-02-19T10:08:13","modified_gmt":"2026-02-19T09:08:13","slug":"urne-de-cremation-pour-adulte-en-granit-gris-fonce","status":"publish","type":"product","link":"https:\/\/www.rememberme-forever.com\/fr\/produit\/urne-de-cremation-pour-adulte-en-granit-gris-fonce\/","title":{"rendered":"Urne de cr\u00e9mation pour adulte en granit gris fonc\u00e9"},"content":{"rendered":"<div style=\"width: 100%; margin-bottom: 30px; height: max-content; padding-bottom: 60%; position: relative;\"><iframe style=\"position: absolute; top: 0; left: 0; width: 100%; height: 100%;\" src=\"https:\/\/rememberme-urns.com\/dark-grey-composite-urn\/\" frameborder=\"0\"><\/iframe><\/div>\n<div style=\"color: red; text-align: center; margin-bottom: 25px;\">\n<p>&gt;&gt; Rotation de la photo &#8211; appuyer\/zoomer &lt;&lt;<\/p>\n<\/div>\n<h2 style=\"text-align: center;\">Urne de cr\u00e9mation pour adulte en granit gris fonc\u00e9<\/h2>\n<p style=\"text-align: center;\">D\u00e9couvrez notre superbe <strong>urne de cr\u00e9mation pour adulte en granit gris fonc\u00e9<\/strong>, un hommage unique et saisissant \u00e0 la vie de votre proche. Cette urne est fabriqu\u00e9e \u00e0 partir d\u2019un mat\u00e9riau composite en granit, qui lui conf\u00e8re un aspect et une texture distinctifs.<\/p>\n<p style=\"text-align: center;\">L\u2019urne est con\u00e7ue pour contenir les cendres d\u2019un adulte et offre un espace g\u00e9n\u00e9reux pour accueillir ses restes. Elle est orn\u00e9e de trois magnifiques roses, symbole poignant d\u2019amour et de souvenir. Les roses sont finement travaill\u00e9es et apportent une touche de beaut\u00e9 naturelle \u00e0 l\u2019urne.<\/p>\n<p style=\"text-align: center;\">Pour celles et ceux qui souhaitent une touche suppl\u00e9mentaire de symbolisme religieux, une croix dor\u00e9e peut \u00eatre ajout\u00e9e \u00e0 l\u2019urne. La croix rappelle avec \u00e9motion la foi de votre proche et le r\u00e9confort qu\u2019elle peut apporter en cette p\u00e9riode difficile.<\/p>\n<p style=\"text-align: center;\">De plus, une plaque comm\u00e9morative est incluse, vous permettant de personnaliser l\u2019urne avec le nom de votre proche, des dates ou un message sinc\u00e8re. Vous pouvez choisir le texte qui sera grav\u00e9 sur la plaque, afin que l\u2019urne devienne un hommage unique et personnalis\u00e9 \u00e0 la vie de votre proche.<\/p>\n<p style=\"text-align: center;\"><em><strong>Une croix dor\u00e9e est ajout\u00e9e en option \u00e0 chaque urne pour un assemblage facile.<\/strong><\/em><\/p>\n<p>&nbsp;<\/p>\n<h3 style=\"text-align: center;\"><strong>PERSONNALISATION<\/strong><\/h3>\n<p style=\"text-align: center;\">La plaque comm\u00e9morative personnalis\u00e9e doit \u00eatre personnalis\u00e9e lors de votre commande. (Pas de panique si vous la manquez ; vous pouvez toujours nous contacter ult\u00e9rieurement.)<\/p>\n<p style=\"text-align: center;\">Veuillez examiner attentivement le texte \u00e0 graver avant d&rsquo;ajouter l&rsquo;article au panier. Nous reproduisons et gravons les informations exactes re\u00e7ues lors de la commande et n&rsquo;y apportons aucune modification.<\/p>\n<p style=\"text-align: center;\"><strong>Veuillez revoir le texte pour vous assurer que toutes les orthographes sont correctes.<\/strong><\/p>\n","protected":false},"excerpt":{"rendered":"<p>Cette urne est un contenant id\u00e9al pour les cendres d\u2019un adulte. Beau design et fabrication robuste.<\/p>\n<p><strong>Peut contenir les cendres d&rsquo;une personne pesant jusqu&rsquo;\u00e0 environ 138 kg. <\/strong><\/p>\n","protected":false},"featured_media":25062,"template":"","meta":{"_acf_changed":false},"product_brand":[],"product_cat":[2411],"product_tag":[3315],"class_list":{"0":"post-25065","1":"product","2":"type-product","3":"status-publish","4":"has-post-thumbnail","6":"product_cat-urnes-composites","7":"product_tag-gpsr-composite-urns","8":"product_shipping_class-5-10kg-fr","10":"first","11":"instock","12":"taxable","13":"shipping-taxable","14":"purchasable","15":"product-type-simple"},"yoast_head":"<!-- This site is optimized with the Yoast SEO plugin v27.4 - https:\/\/yoast.com\/product\/yoast-seo-wordpress\/ -->\n<title>Urne de cr\u00e9mation pour adulte en granit gris fonc\u00e9<\/title>\n<meta name=\"description\" content=\"D\u00e9couvrez notre superbe urne de cr\u00e9mation pour adulte en granit gris fonc\u00e9, un hommage unique et saisissant \u00e0 la vie de votre proche.\" \/>\n<meta name=\"robots\" content=\"index, follow, max-snippet:-1, max-image-preview:large, max-video-preview:-1\" \/>\n<link rel=\"canonical\" href=\"https:\/\/www.rememberme-forever.com\/fr\/produit\/urne-de-cremation-pour-adulte-en-granit-gris-fonce\/\" \/>\n<meta property=\"og:locale\" content=\"fr_FR\" \/>\n<meta property=\"og:type\" content=\"article\" \/>\n<meta property=\"og:title\" content=\"Urne de cr\u00e9mation pour adulte en granit gris fonc\u00e9\" \/>\n<meta property=\"og:description\" content=\"D\u00e9couvrez notre superbe urne de cr\u00e9mation pour adulte en granit gris fonc\u00e9, un hommage unique et saisissant \u00e0 la vie de votre proche.\" \/>\n<meta property=\"og:url\" content=\"https:\/\/www.rememberme-forever.com\/fr\/produit\/urne-de-cremation-pour-adulte-en-granit-gris-fonce\/\" \/>\n<meta property=\"og:site_name\" content=\"Remember Forever\" \/>\n<meta property=\"article:modified_time\" content=\"2026-02-19T09:08:13+00:00\" \/>\n<meta property=\"og:image\" content=\"http:\/\/www.rememberme-forever.com\/wp-content\/uploads\/2023\/04\/dark-grey-urn-with-cross.jpg\" \/>\n\t<meta property=\"og:image:width\" content=\"768\" \/>\n\t<meta property=\"og:image:height\" content=\"781\" \/>\n\t<meta property=\"og:image:type\" content=\"image\/jpeg\" \/>\n<meta name=\"twitter:card\" content=\"summary_large_image\" \/>\n<meta name=\"twitter:label1\" content=\"Dur\u00e9e de lecture estim\u00e9e\" \/>\n\t<meta name=\"twitter:data1\" content=\"2 minutes\" \/>\n<script type=\"application\/ld+json\" class=\"yoast-schema-graph\">{\"@context\":\"https:\\\/\\\/schema.org\",\"@graph\":[{\"@type\":\"WebPage\",\"@id\":\"https:\\\/\\\/www.rememberme-forever.com\\\/fr\\\/produit\\\/urne-de-cremation-pour-adulte-en-granit-gris-fonce\\\/\",\"url\":\"https:\\\/\\\/www.rememberme-forever.com\\\/fr\\\/produit\\\/urne-de-cremation-pour-adulte-en-granit-gris-fonce\\\/\",\"name\":\"Urne de cr\u00e9mation pour adulte en granit gris fonc\u00e9\",\"isPartOf\":{\"@id\":\"https:\\\/\\\/www.rememberme-forever.com\\\/fr\\\/#website\"},\"primaryImageOfPage\":{\"@id\":\"https:\\\/\\\/www.rememberme-forever.com\\\/fr\\\/produit\\\/urne-de-cremation-pour-adulte-en-granit-gris-fonce\\\/#primaryimage\"},\"image\":{\"@id\":\"https:\\\/\\\/www.rememberme-forever.com\\\/fr\\\/produit\\\/urne-de-cremation-pour-adulte-en-granit-gris-fonce\\\/#primaryimage\"},\"thumbnailUrl\":\"https:\\\/\\\/www.rememberme-forever.com\\\/wp-content\\\/uploads\\\/2023\\\/04\\\/dark-grey-urn-with-cross.jpg\",\"datePublished\":\"2023-04-06T09:04:08+00:00\",\"dateModified\":\"2026-02-19T09:08:13+00:00\",\"description\":\"D\u00e9couvrez notre superbe urne de cr\u00e9mation pour adulte en granit gris fonc\u00e9, un hommage unique et saisissant \u00e0 la vie de votre proche.\",\"breadcrumb\":{\"@id\":\"https:\\\/\\\/www.rememberme-forever.com\\\/fr\\\/produit\\\/urne-de-cremation-pour-adulte-en-granit-gris-fonce\\\/#breadcrumb\"},\"inLanguage\":\"fr-FR\",\"potentialAction\":[{\"@type\":\"ReadAction\",\"target\":[\"https:\\\/\\\/www.rememberme-forever.com\\\/fr\\\/produit\\\/urne-de-cremation-pour-adulte-en-granit-gris-fonce\\\/\"]}]},{\"@type\":\"ImageObject\",\"inLanguage\":\"fr-FR\",\"@id\":\"https:\\\/\\\/www.rememberme-forever.com\\\/fr\\\/produit\\\/urne-de-cremation-pour-adulte-en-granit-gris-fonce\\\/#primaryimage\",\"url\":\"https:\\\/\\\/www.rememberme-forever.com\\\/wp-content\\\/uploads\\\/2023\\\/04\\\/dark-grey-urn-with-cross.jpg\",\"contentUrl\":\"https:\\\/\\\/www.rememberme-forever.com\\\/wp-content\\\/uploads\\\/2023\\\/04\\\/dark-grey-urn-with-cross.jpg\",\"width\":768,\"height\":781,\"caption\":\"Urne de cr\u00e9mation pour adulte en granit gris fonc\u00e9, urne gris fonc\u00e9 avec croix\"},{\"@type\":\"BreadcrumbList\",\"@id\":\"https:\\\/\\\/www.rememberme-forever.com\\\/fr\\\/produit\\\/urne-de-cremation-pour-adulte-en-granit-gris-fonce\\\/#breadcrumb\",\"itemListElement\":[{\"@type\":\"ListItem\",\"position\":1,\"name\":\"Home\",\"item\":\"https:\\\/\\\/www.rememberme-forever.com\\\/fr\\\/accueil\\\/\"},{\"@type\":\"ListItem\",\"position\":2,\"name\":\"Boutique\",\"item\":\"https:\\\/\\\/www.rememberme-forever.com\\\/fr\\\/boutique\\\/\"},{\"@type\":\"ListItem\",\"position\":3,\"name\":\"Urne de cr\u00e9mation pour adulte en granit gris fonc\u00e9\"}]},{\"@type\":\"WebSite\",\"@id\":\"https:\\\/\\\/www.rememberme-forever.com\\\/fr\\\/#website\",\"url\":\"https:\\\/\\\/www.rememberme-forever.com\\\/fr\\\/\",\"name\":\"Remember Forever\",\"description\":\"Cremation urns, funeral urns, urns for ashes\",\"publisher\":{\"@id\":\"https:\\\/\\\/www.rememberme-forever.com\\\/fr\\\/#organization\"},\"potentialAction\":[{\"@type\":\"SearchAction\",\"target\":{\"@type\":\"EntryPoint\",\"urlTemplate\":\"https:\\\/\\\/www.rememberme-forever.com\\\/fr\\\/?s={search_term_string}\"},\"query-input\":{\"@type\":\"PropertyValueSpecification\",\"valueRequired\":true,\"valueName\":\"search_term_string\"}}],\"inLanguage\":\"fr-FR\"},{\"@type\":\"Organization\",\"@id\":\"https:\\\/\\\/www.rememberme-forever.com\\\/fr\\\/#organization\",\"name\":\"Remember Forever\",\"url\":\"https:\\\/\\\/www.rememberme-forever.com\\\/fr\\\/\",\"logo\":{\"@type\":\"ImageObject\",\"inLanguage\":\"fr-FR\",\"@id\":\"https:\\\/\\\/www.rememberme-forever.com\\\/fr\\\/#\\\/schema\\\/logo\\\/image\\\/\",\"url\":\"https:\\\/\\\/www.rememberme-forever.com\\\/wp-content\\\/uploads\\\/2023\\\/02\\\/logo.png\",\"contentUrl\":\"https:\\\/\\\/www.rememberme-forever.com\\\/wp-content\\\/uploads\\\/2023\\\/02\\\/logo.png\",\"width\":300,\"height\":56,\"caption\":\"Remember Forever\"},\"image\":{\"@id\":\"https:\\\/\\\/www.rememberme-forever.com\\\/fr\\\/#\\\/schema\\\/logo\\\/image\\\/\"}}]}<\/script>\n<!-- \/ Yoast SEO plugin. -->","yoast_head_json":{"title":"Urne de cr\u00e9mation pour adulte en granit gris fonc\u00e9","description":"D\u00e9couvrez notre superbe urne de cr\u00e9mation pour adulte en granit gris fonc\u00e9, un hommage unique et saisissant \u00e0 la vie de votre proche.","robots":{"index":"index","follow":"follow","max-snippet":"max-snippet:-1","max-image-preview":"max-image-preview:large","max-video-preview":"max-video-preview:-1"},"canonical":"https:\/\/www.rememberme-forever.com\/fr\/produit\/urne-de-cremation-pour-adulte-en-granit-gris-fonce\/","og_locale":"fr_FR","og_type":"article","og_title":"Urne de cr\u00e9mation pour adulte en granit gris fonc\u00e9","og_description":"D\u00e9couvrez notre superbe urne de cr\u00e9mation pour adulte en granit gris fonc\u00e9, un hommage unique et saisissant \u00e0 la vie de votre proche.","og_url":"https:\/\/www.rememberme-forever.com\/fr\/produit\/urne-de-cremation-pour-adulte-en-granit-gris-fonce\/","og_site_name":"Remember Forever","article_modified_time":"2026-02-19T09:08:13+00:00","og_image":[{"width":768,"height":781,"url":"http:\/\/www.rememberme-forever.com\/wp-content\/uploads\/2023\/04\/dark-grey-urn-with-cross.jpg","type":"image\/jpeg"}],"twitter_card":"summary_large_image","twitter_misc":{"Dur\u00e9e de lecture estim\u00e9e":"2 minutes"},"schema":{"@context":"https:\/\/schema.org","@graph":[{"@type":"WebPage","@id":"https:\/\/www.rememberme-forever.com\/fr\/produit\/urne-de-cremation-pour-adulte-en-granit-gris-fonce\/","url":"https:\/\/www.rememberme-forever.com\/fr\/produit\/urne-de-cremation-pour-adulte-en-granit-gris-fonce\/","name":"Urne de cr\u00e9mation pour adulte en granit gris fonc\u00e9","isPartOf":{"@id":"https:\/\/www.rememberme-forever.com\/fr\/#website"},"primaryImageOfPage":{"@id":"https:\/\/www.rememberme-forever.com\/fr\/produit\/urne-de-cremation-pour-adulte-en-granit-gris-fonce\/#primaryimage"},"image":{"@id":"https:\/\/www.rememberme-forever.com\/fr\/produit\/urne-de-cremation-pour-adulte-en-granit-gris-fonce\/#primaryimage"},"thumbnailUrl":"https:\/\/www.rememberme-forever.com\/wp-content\/uploads\/2023\/04\/dark-grey-urn-with-cross.jpg","datePublished":"2023-04-06T09:04:08+00:00","dateModified":"2026-02-19T09:08:13+00:00","description":"D\u00e9couvrez notre superbe urne de cr\u00e9mation pour adulte en granit gris fonc\u00e9, un hommage unique et saisissant \u00e0 la vie de votre proche.","breadcrumb":{"@id":"https:\/\/www.rememberme-forever.com\/fr\/produit\/urne-de-cremation-pour-adulte-en-granit-gris-fonce\/#breadcrumb"},"inLanguage":"fr-FR","potentialAction":[{"@type":"ReadAction","target":["https:\/\/www.rememberme-forever.com\/fr\/produit\/urne-de-cremation-pour-adulte-en-granit-gris-fonce\/"]}]},{"@type":"ImageObject","inLanguage":"fr-FR","@id":"https:\/\/www.rememberme-forever.com\/fr\/produit\/urne-de-cremation-pour-adulte-en-granit-gris-fonce\/#primaryimage","url":"https:\/\/www.rememberme-forever.com\/wp-content\/uploads\/2023\/04\/dark-grey-urn-with-cross.jpg","contentUrl":"https:\/\/www.rememberme-forever.com\/wp-content\/uploads\/2023\/04\/dark-grey-urn-with-cross.jpg","width":768,"height":781,"caption":"Urne de cr\u00e9mation pour adulte en granit gris fonc\u00e9, urne gris fonc\u00e9 avec croix"},{"@type":"BreadcrumbList","@id":"https:\/\/www.rememberme-forever.com\/fr\/produit\/urne-de-cremation-pour-adulte-en-granit-gris-fonce\/#breadcrumb","itemListElement":[{"@type":"ListItem","position":1,"name":"Home","item":"https:\/\/www.rememberme-forever.com\/fr\/accueil\/"},{"@type":"ListItem","position":2,"name":"Boutique","item":"https:\/\/www.rememberme-forever.com\/fr\/boutique\/"},{"@type":"ListItem","position":3,"name":"Urne de cr\u00e9mation pour adulte en granit gris fonc\u00e9"}]},{"@type":"WebSite","@id":"https:\/\/www.rememberme-forever.com\/fr\/#website","url":"https:\/\/www.rememberme-forever.com\/fr\/","name":"Remember Forever","description":"Cremation urns, funeral urns, urns for ashes","publisher":{"@id":"https:\/\/www.rememberme-forever.com\/fr\/#organization"},"potentialAction":[{"@type":"SearchAction","target":{"@type":"EntryPoint","urlTemplate":"https:\/\/www.rememberme-forever.com\/fr\/?s={search_term_string}"},"query-input":{"@type":"PropertyValueSpecification","valueRequired":true,"valueName":"search_term_string"}}],"inLanguage":"fr-FR"},{"@type":"Organization","@id":"https:\/\/www.rememberme-forever.com\/fr\/#organization","name":"Remember Forever","url":"https:\/\/www.rememberme-forever.com\/fr\/","logo":{"@type":"ImageObject","inLanguage":"fr-FR","@id":"https:\/\/www.rememberme-forever.com\/fr\/#\/schema\/logo\/image\/","url":"https:\/\/www.rememberme-forever.com\/wp-content\/uploads\/2023\/02\/logo.png","contentUrl":"https:\/\/www.rememberme-forever.com\/wp-content\/uploads\/2023\/02\/logo.png","width":300,"height":56,"caption":"Remember Forever"},"image":{"@id":"https:\/\/www.rememberme-forever.com\/fr\/#\/schema\/logo\/image\/"}}]}},"acf":[],"_links":{"self":[{"href":"https:\/\/www.rememberme-forever.com\/fr\/wp-json\/wp\/v2\/product\/25065","targetHints":{"allow":["GET"]}}],"collection":[{"href":"https:\/\/www.rememberme-forever.com\/fr\/wp-json\/wp\/v2\/product"}],"about":[{"href":"https:\/\/www.rememberme-forever.com\/fr\/wp-json\/wp\/v2\/types\/product"}],"wp:featuredmedia":[{"embeddable":true,"href":"https:\/\/www.rememberme-forever.com\/fr\/wp-json\/wp\/v2\/media\/25062"}],"wp:attachment":[{"href":"https:\/\/www.rememberme-forever.com\/fr\/wp-json\/wp\/v2\/media?parent=25065"}],"wp:term":[{"taxonomy":"product_brand","embeddable":true,"href":"https:\/\/www.rememberme-forever.com\/fr\/wp-json\/wp\/v2\/product_brand?post=25065"},{"taxonomy":"product_cat","embeddable":true,"href":"https:\/\/www.rememberme-forever.com\/fr\/wp-json\/wp\/v2\/product_cat?post=25065"},{"taxonomy":"product_tag","embeddable":true,"href":"https:\/\/www.rememberme-forever.com\/fr\/wp-json\/wp\/v2\/product_tag?post=25065"}],"curies":[{"name":"wp","href":"https:\/\/api.w.org\/{rel}","templated":true}]}}