{"id":25113,"date":"2023-04-06T12:59:17","date_gmt":"2023-04-06T10:59:17","guid":{"rendered":"https:\/\/www.rememberme-forever.com\/product\/boite-a-cendres-en-acier-inoxydable-urne-funeraire-argentee\/"},"modified":"2026-02-19T10:53:58","modified_gmt":"2026-02-19T09:53:58","slug":"boite-a-cendres-en-acier-inoxydable-urne-funeraire-argentee","status":"publish","type":"product","link":"https:\/\/www.rememberme-forever.com\/fr\/produit\/boite-a-cendres-en-acier-inoxydable-urne-funeraire-argentee\/","title":{"rendered":"Bo\u00eete \u00e0 cendres en acier inoxydable, urne fun\u00e9raire argent\u00e9e"},"content":{"rendered":"<div style=\"width: 100%; margin-bottom: 40px; height: max-content; padding-bottom: 60%; position: relative;\"><iframe style=\"position: absolute; top: 0; left: 0; width: 100%; height: 100%;\" src=\"https:\/\/rememberme-urns.com\/stainless-steel-box-for-ashes\/\" frameborder=\"0\"><\/iframe><\/div>\n<div style=\"color: red; text-align: center; margin-bottom: 25px;\">\n<p>&gt;&gt; Rotation de la photo &#8211; appuyer\/zoomer &lt;&lt;<\/p>\n<\/div>\n<h2 style=\"text-align: center;\">Bo\u00eete \u00e0 cendres en acier inoxydable<\/h2>\n<p style=\"text-align: center;\">D\u00e9couvrez notre superbe <strong>bo\u00eete \u00e0 cendres en acier inoxydable<\/strong>, le moyen id\u00e9al d\u2019honorer la m\u00e9moire de l\u2019\u00eatre cher. Fabriqu\u00e9e avec soin \u00e0 partir de mat\u00e9riaux de haute qualit\u00e9, cette magnifique urne fun\u00e9raire argent\u00e9e est con\u00e7ue pour accueillir les restes de votre proche de mani\u00e8re s\u00fbre et digne.<\/p>\n<p><iframe loading=\"lazy\" title=\"Stainless steel box for ashes\" width=\"640\" height=\"360\" src=\"https:\/\/www.youtube.com\/embed\/ocfkTD2ydIU?feature=oembed\" frameborder=\"0\" allow=\"accelerometer; autoplay; clipboard-write; encrypted-media; gyroscope; picture-in-picture; web-share\" referrerpolicy=\"strict-origin-when-cross-origin\" allowfullscreen><\/iframe><\/p>\n<p style=\"text-align: center;\">Notre design unique vous permet de personnaliser la bo\u00eete avec une gamme d\u2019embl\u00e8mes, notamment une croix, une rose ou un papillon, pour ajouter une touche sp\u00e9ciale. De plus, vous pouvez ajouter une plaque comm\u00e9morative argent\u00e9e sur le dessus de la bo\u00eete, pouvant \u00eatre grav\u00e9e avec un message personnalis\u00e9, un nom et des dates.<\/p>\n<p style=\"text-align: center;\">La bo\u00eete est fabriqu\u00e9e en acier inoxydable de haute qualit\u00e9, garantissant sa durabilit\u00e9 et sa long\u00e9vit\u00e9. La finition lisse et polie lui conf\u00e8re un aspect \u00e9l\u00e9gant et intemporel qui s\u2019adaptera \u00e0 tout d\u00e9cor.<\/p>\n<p><img loading=\"lazy\" decoding=\"async\" class=\" wp-image-1238 aligncenter\" src=\"http:\/\/www.rememberme-forever.com\/wp-content\/uploads\/2023\/04\/box-for-ashes-inside-300x300.jpg\" alt=\"Bo\u00eete \u00e0 cendres \u00e0 l'int\u00e9rieur\" width=\"159\" height=\"159\" srcset=\"https:\/\/www.rememberme-forever.com\/wp-content\/uploads\/2023\/04\/box-for-ashes-inside-300x300.jpg 300w, https:\/\/www.rememberme-forever.com\/wp-content\/uploads\/2023\/04\/box-for-ashes-inside-150x150.jpg 150w, https:\/\/www.rememberme-forever.com\/wp-content\/uploads\/2023\/04\/box-for-ashes-inside-768x768.jpg 768w, https:\/\/www.rememberme-forever.com\/wp-content\/uploads\/2023\/04\/box-for-ashes-inside-600x600.jpg 600w, https:\/\/www.rememberme-forever.com\/wp-content\/uploads\/2023\/04\/box-for-ashes-inside-100x100.jpg 100w, https:\/\/www.rememberme-forever.com\/wp-content\/uploads\/2023\/04\/box-for-ashes-inside-64x64.jpg 64w, https:\/\/www.rememberme-forever.com\/wp-content\/uploads\/2023\/04\/box-for-ashes-inside.jpg 1024w\" sizes=\"auto, (max-width: 159px) 100vw, 159px\" \/><\/p>\n<p style=\"text-align: center;\">\u00c0 l\u2019int\u00e9rieur de la bo\u00eete, vous trouverez une doublure en velours doux qui aide \u00e0 prot\u00e9ger le contenu et \u00e0 le garder en s\u00e9curit\u00e9.<\/p>\n<p style=\"text-align: center;\">Des formes harmonieuses et une construction robuste.<\/p>\n<p>&nbsp;<\/p>\n<h3 style=\"text-align: center;\"><strong>PERSONNALISATION<\/strong><\/h3>\n<p style=\"text-align: center;\">La plaque comm\u00e9morative personnalis\u00e9e doit \u00eatre personnalis\u00e9e lors de votre commande. (Pas de panique si vous la manquez ; vous pouvez toujours nous contacter ult\u00e9rieurement.)<\/p>\n<p><img loading=\"lazy\" decoding=\"async\" class=\" wp-image-1250 aligncenter\" src=\"http:\/\/www.rememberme-forever.com\/wp-content\/uploads\/2023\/04\/engraved-box-for-ashes-300x300.jpg\" alt=\"bo\u00eete \u00e0 cendres grav\u00e9e\" width=\"167\" height=\"167\" srcset=\"https:\/\/www.rememberme-forever.com\/wp-content\/uploads\/2023\/04\/engraved-box-for-ashes-300x300.jpg 300w, https:\/\/www.rememberme-forever.com\/wp-content\/uploads\/2023\/04\/engraved-box-for-ashes-150x150.jpg 150w, https:\/\/www.rememberme-forever.com\/wp-content\/uploads\/2023\/04\/engraved-box-for-ashes-768x768.jpg 768w, https:\/\/www.rememberme-forever.com\/wp-content\/uploads\/2023\/04\/engraved-box-for-ashes-600x600.jpg 600w, https:\/\/www.rememberme-forever.com\/wp-content\/uploads\/2023\/04\/engraved-box-for-ashes-100x100.jpg 100w, https:\/\/www.rememberme-forever.com\/wp-content\/uploads\/2023\/04\/engraved-box-for-ashes-64x64.jpg 64w, https:\/\/www.rememberme-forever.com\/wp-content\/uploads\/2023\/04\/engraved-box-for-ashes.jpg 1024w\" sizes=\"auto, (max-width: 167px) 100vw, 167px\" \/><\/p>\n<p style=\"text-align: center;\">Veuillez examiner attentivement le texte \u00e0 graver avant d&rsquo;ajouter l&rsquo;article au panier. Nous reproduisons et gravons les informations exactes re\u00e7ues lors de la commande et n&rsquo;y apportons aucune modification.<\/p>\n<p style=\"text-align: center;\"><strong>Veuillez revoir le texte pour vous assurer que toutes les orthographes sont correctes.<\/strong><\/p>\n","protected":false},"excerpt":{"rendered":"<p>Bo\u00eete \u00e0 cendres argent\u00e9e. Bo\u00eete en acier inoxydable massif pour restes cin\u00e9raires.<\/p>\n<p><strong>Convient pour contenir les cendres d&rsquo;une personne pesant jusqu&rsquo;\u00e0 environ 231 lb ou 104 kg. <\/strong><\/p>\n<p>\u2705 Cette urne ne convient pas \u00e0 un usage ext\u00e9rieur. Consultez nos <a href=\"https:\/\/www.rememberme-forever.com\/fr\/categorie-produit\/urnes-dexterieur\/\" target=\"_blank\" rel=\"noopener\"><strong>urnes d&rsquo;ext\u00e9rieur. &gt;&gt;<\/strong><\/a><\/p>\n","protected":false},"featured_media":25111,"template":"","meta":{"_acf_changed":false},"product_brand":[],"product_cat":[2415],"product_tag":[3350],"class_list":{"0":"post-25113","1":"product","2":"type-product","3":"status-publish","4":"has-post-thumbnail","6":"product_cat-urnes-en-metal","7":"product_tag-gpsr-metal_wood_cover","8":"product_shipping_class-2-4kg-fr","10":"first","11":"instock","12":"taxable","13":"shipping-taxable","14":"purchasable","15":"product-type-variable"},"yoast_head":"<!-- This site is optimized with the Yoast SEO plugin v27.4 - https:\/\/yoast.com\/product\/yoast-seo-wordpress\/ -->\n<title>Bo\u00eete \u00e0 cendres en acier inoxydable, urne fun\u00e9raire argent\u00e9e<\/title>\n<meta name=\"description\" content=\"D\u00e9couvrez notre superbe bo\u00eete \u00e0 cendres en acier inoxydable, le moyen id\u00e9al d\u2019honorer la m\u00e9moire de l\u2019\u00eatre cher. Des formes harmonieuses et une construction robuste.\" \/>\n<meta name=\"robots\" content=\"index, follow, max-snippet:-1, max-image-preview:large, max-video-preview:-1\" \/>\n<link rel=\"canonical\" href=\"https:\/\/www.rememberme-forever.com\/fr\/produit\/boite-a-cendres-en-acier-inoxydable-urne-funeraire-argentee\/\" \/>\n<meta property=\"og:locale\" content=\"fr_FR\" \/>\n<meta property=\"og:type\" content=\"article\" \/>\n<meta property=\"og:title\" content=\"Bo\u00eete \u00e0 cendres en acier inoxydable, urne fun\u00e9raire argent\u00e9e\" \/>\n<meta property=\"og:description\" content=\"D\u00e9couvrez notre superbe bo\u00eete \u00e0 cendres en acier inoxydable, le moyen id\u00e9al d\u2019honorer la m\u00e9moire de l\u2019\u00eatre cher. Des formes harmonieuses et une construction robuste.\" \/>\n<meta property=\"og:url\" content=\"https:\/\/www.rememberme-forever.com\/fr\/produit\/boite-a-cendres-en-acier-inoxydable-urne-funeraire-argentee\/\" \/>\n<meta property=\"og:site_name\" content=\"Remember Forever\" \/>\n<meta property=\"article:modified_time\" content=\"2026-02-19T09:53:58+00:00\" \/>\n<meta property=\"og:image\" content=\"http:\/\/www.rememberme-forever.com\/wp-content\/uploads\/2023\/04\/stainless-steel-box-for-ashes.jpg\" \/>\n\t<meta property=\"og:image:width\" content=\"1024\" \/>\n\t<meta property=\"og:image:height\" content=\"1024\" \/>\n\t<meta property=\"og:image:type\" content=\"image\/jpeg\" \/>\n<meta name=\"twitter:card\" content=\"summary_large_image\" \/>\n<meta name=\"twitter:label1\" content=\"Dur\u00e9e de lecture estim\u00e9e\" \/>\n\t<meta name=\"twitter:data1\" content=\"2 minutes\" \/>\n<script type=\"application\/ld+json\" class=\"yoast-schema-graph\">{\"@context\":\"https:\\\/\\\/schema.org\",\"@graph\":[{\"@type\":\"WebPage\",\"@id\":\"https:\\\/\\\/www.rememberme-forever.com\\\/fr\\\/produit\\\/boite-a-cendres-en-acier-inoxydable-urne-funeraire-argentee\\\/\",\"url\":\"https:\\\/\\\/www.rememberme-forever.com\\\/fr\\\/produit\\\/boite-a-cendres-en-acier-inoxydable-urne-funeraire-argentee\\\/\",\"name\":\"Bo\u00eete \u00e0 cendres en acier inoxydable, urne fun\u00e9raire argent\u00e9e\",\"isPartOf\":{\"@id\":\"https:\\\/\\\/www.rememberme-forever.com\\\/fr\\\/#website\"},\"primaryImageOfPage\":{\"@id\":\"https:\\\/\\\/www.rememberme-forever.com\\\/fr\\\/produit\\\/boite-a-cendres-en-acier-inoxydable-urne-funeraire-argentee\\\/#primaryimage\"},\"image\":{\"@id\":\"https:\\\/\\\/www.rememberme-forever.com\\\/fr\\\/produit\\\/boite-a-cendres-en-acier-inoxydable-urne-funeraire-argentee\\\/#primaryimage\"},\"thumbnailUrl\":\"https:\\\/\\\/www.rememberme-forever.com\\\/wp-content\\\/uploads\\\/2023\\\/04\\\/stainless-steel-box-for-ashes.jpg\",\"datePublished\":\"2023-04-06T10:59:17+00:00\",\"dateModified\":\"2026-02-19T09:53:58+00:00\",\"description\":\"D\u00e9couvrez notre superbe bo\u00eete \u00e0 cendres en acier inoxydable, le moyen id\u00e9al d\u2019honorer la m\u00e9moire de l\u2019\u00eatre cher. Des formes harmonieuses et une construction robuste.\",\"breadcrumb\":{\"@id\":\"https:\\\/\\\/www.rememberme-forever.com\\\/fr\\\/produit\\\/boite-a-cendres-en-acier-inoxydable-urne-funeraire-argentee\\\/#breadcrumb\"},\"inLanguage\":\"fr-FR\",\"potentialAction\":[{\"@type\":\"ReadAction\",\"target\":[\"https:\\\/\\\/www.rememberme-forever.com\\\/fr\\\/produit\\\/boite-a-cendres-en-acier-inoxydable-urne-funeraire-argentee\\\/\"]}]},{\"@type\":\"ImageObject\",\"inLanguage\":\"fr-FR\",\"@id\":\"https:\\\/\\\/www.rememberme-forever.com\\\/fr\\\/produit\\\/boite-a-cendres-en-acier-inoxydable-urne-funeraire-argentee\\\/#primaryimage\",\"url\":\"https:\\\/\\\/www.rememberme-forever.com\\\/wp-content\\\/uploads\\\/2023\\\/04\\\/stainless-steel-box-for-ashes.jpg\",\"contentUrl\":\"https:\\\/\\\/www.rememberme-forever.com\\\/wp-content\\\/uploads\\\/2023\\\/04\\\/stainless-steel-box-for-ashes.jpg\",\"width\":1024,\"height\":1024,\"caption\":\"bo\u00eete \u00e0 cendres en acier inoxydable, bo\u00eetes \u00e0 cendres, bo\u00eete \u00e0 cendres en inox\"},{\"@type\":\"BreadcrumbList\",\"@id\":\"https:\\\/\\\/www.rememberme-forever.com\\\/fr\\\/produit\\\/boite-a-cendres-en-acier-inoxydable-urne-funeraire-argentee\\\/#breadcrumb\",\"itemListElement\":[{\"@type\":\"ListItem\",\"position\":1,\"name\":\"Home\",\"item\":\"https:\\\/\\\/www.rememberme-forever.com\\\/fr\\\/accueil\\\/\"},{\"@type\":\"ListItem\",\"position\":2,\"name\":\"Boutique\",\"item\":\"https:\\\/\\\/www.rememberme-forever.com\\\/fr\\\/boutique\\\/\"},{\"@type\":\"ListItem\",\"position\":3,\"name\":\"Bo\u00eete \u00e0 cendres en acier inoxydable, urne fun\u00e9raire argent\u00e9e\"}]},{\"@type\":\"WebSite\",\"@id\":\"https:\\\/\\\/www.rememberme-forever.com\\\/fr\\\/#website\",\"url\":\"https:\\\/\\\/www.rememberme-forever.com\\\/fr\\\/\",\"name\":\"Remember Forever\",\"description\":\"Cremation urns, funeral urns, urns for ashes\",\"publisher\":{\"@id\":\"https:\\\/\\\/www.rememberme-forever.com\\\/fr\\\/#organization\"},\"potentialAction\":[{\"@type\":\"SearchAction\",\"target\":{\"@type\":\"EntryPoint\",\"urlTemplate\":\"https:\\\/\\\/www.rememberme-forever.com\\\/fr\\\/?s={search_term_string}\"},\"query-input\":{\"@type\":\"PropertyValueSpecification\",\"valueRequired\":true,\"valueName\":\"search_term_string\"}}],\"inLanguage\":\"fr-FR\"},{\"@type\":\"Organization\",\"@id\":\"https:\\\/\\\/www.rememberme-forever.com\\\/fr\\\/#organization\",\"name\":\"Remember Forever\",\"url\":\"https:\\\/\\\/www.rememberme-forever.com\\\/fr\\\/\",\"logo\":{\"@type\":\"ImageObject\",\"inLanguage\":\"fr-FR\",\"@id\":\"https:\\\/\\\/www.rememberme-forever.com\\\/fr\\\/#\\\/schema\\\/logo\\\/image\\\/\",\"url\":\"https:\\\/\\\/www.rememberme-forever.com\\\/wp-content\\\/uploads\\\/2023\\\/02\\\/logo.png\",\"contentUrl\":\"https:\\\/\\\/www.rememberme-forever.com\\\/wp-content\\\/uploads\\\/2023\\\/02\\\/logo.png\",\"width\":300,\"height\":56,\"caption\":\"Remember Forever\"},\"image\":{\"@id\":\"https:\\\/\\\/www.rememberme-forever.com\\\/fr\\\/#\\\/schema\\\/logo\\\/image\\\/\"}}]}<\/script>\n<!-- \/ Yoast SEO plugin. -->","yoast_head_json":{"title":"Bo\u00eete \u00e0 cendres en acier inoxydable, urne fun\u00e9raire argent\u00e9e","description":"D\u00e9couvrez notre superbe bo\u00eete \u00e0 cendres en acier inoxydable, le moyen id\u00e9al d\u2019honorer la m\u00e9moire de l\u2019\u00eatre cher. Des formes harmonieuses et une construction robuste.","robots":{"index":"index","follow":"follow","max-snippet":"max-snippet:-1","max-image-preview":"max-image-preview:large","max-video-preview":"max-video-preview:-1"},"canonical":"https:\/\/www.rememberme-forever.com\/fr\/produit\/boite-a-cendres-en-acier-inoxydable-urne-funeraire-argentee\/","og_locale":"fr_FR","og_type":"article","og_title":"Bo\u00eete \u00e0 cendres en acier inoxydable, urne fun\u00e9raire argent\u00e9e","og_description":"D\u00e9couvrez notre superbe bo\u00eete \u00e0 cendres en acier inoxydable, le moyen id\u00e9al d\u2019honorer la m\u00e9moire de l\u2019\u00eatre cher. Des formes harmonieuses et une construction robuste.","og_url":"https:\/\/www.rememberme-forever.com\/fr\/produit\/boite-a-cendres-en-acier-inoxydable-urne-funeraire-argentee\/","og_site_name":"Remember Forever","article_modified_time":"2026-02-19T09:53:58+00:00","og_image":[{"width":1024,"height":1024,"url":"http:\/\/www.rememberme-forever.com\/wp-content\/uploads\/2023\/04\/stainless-steel-box-for-ashes.jpg","type":"image\/jpeg"}],"twitter_card":"summary_large_image","twitter_misc":{"Dur\u00e9e de lecture estim\u00e9e":"2 minutes"},"schema":{"@context":"https:\/\/schema.org","@graph":[{"@type":"WebPage","@id":"https:\/\/www.rememberme-forever.com\/fr\/produit\/boite-a-cendres-en-acier-inoxydable-urne-funeraire-argentee\/","url":"https:\/\/www.rememberme-forever.com\/fr\/produit\/boite-a-cendres-en-acier-inoxydable-urne-funeraire-argentee\/","name":"Bo\u00eete \u00e0 cendres en acier inoxydable, urne fun\u00e9raire argent\u00e9e","isPartOf":{"@id":"https:\/\/www.rememberme-forever.com\/fr\/#website"},"primaryImageOfPage":{"@id":"https:\/\/www.rememberme-forever.com\/fr\/produit\/boite-a-cendres-en-acier-inoxydable-urne-funeraire-argentee\/#primaryimage"},"image":{"@id":"https:\/\/www.rememberme-forever.com\/fr\/produit\/boite-a-cendres-en-acier-inoxydable-urne-funeraire-argentee\/#primaryimage"},"thumbnailUrl":"https:\/\/www.rememberme-forever.com\/wp-content\/uploads\/2023\/04\/stainless-steel-box-for-ashes.jpg","datePublished":"2023-04-06T10:59:17+00:00","dateModified":"2026-02-19T09:53:58+00:00","description":"D\u00e9couvrez notre superbe bo\u00eete \u00e0 cendres en acier inoxydable, le moyen id\u00e9al d\u2019honorer la m\u00e9moire de l\u2019\u00eatre cher. Des formes harmonieuses et une construction robuste.","breadcrumb":{"@id":"https:\/\/www.rememberme-forever.com\/fr\/produit\/boite-a-cendres-en-acier-inoxydable-urne-funeraire-argentee\/#breadcrumb"},"inLanguage":"fr-FR","potentialAction":[{"@type":"ReadAction","target":["https:\/\/www.rememberme-forever.com\/fr\/produit\/boite-a-cendres-en-acier-inoxydable-urne-funeraire-argentee\/"]}]},{"@type":"ImageObject","inLanguage":"fr-FR","@id":"https:\/\/www.rememberme-forever.com\/fr\/produit\/boite-a-cendres-en-acier-inoxydable-urne-funeraire-argentee\/#primaryimage","url":"https:\/\/www.rememberme-forever.com\/wp-content\/uploads\/2023\/04\/stainless-steel-box-for-ashes.jpg","contentUrl":"https:\/\/www.rememberme-forever.com\/wp-content\/uploads\/2023\/04\/stainless-steel-box-for-ashes.jpg","width":1024,"height":1024,"caption":"bo\u00eete \u00e0 cendres en acier inoxydable, bo\u00eetes \u00e0 cendres, bo\u00eete \u00e0 cendres en inox"},{"@type":"BreadcrumbList","@id":"https:\/\/www.rememberme-forever.com\/fr\/produit\/boite-a-cendres-en-acier-inoxydable-urne-funeraire-argentee\/#breadcrumb","itemListElement":[{"@type":"ListItem","position":1,"name":"Home","item":"https:\/\/www.rememberme-forever.com\/fr\/accueil\/"},{"@type":"ListItem","position":2,"name":"Boutique","item":"https:\/\/www.rememberme-forever.com\/fr\/boutique\/"},{"@type":"ListItem","position":3,"name":"Bo\u00eete \u00e0 cendres en acier inoxydable, urne fun\u00e9raire argent\u00e9e"}]},{"@type":"WebSite","@id":"https:\/\/www.rememberme-forever.com\/fr\/#website","url":"https:\/\/www.rememberme-forever.com\/fr\/","name":"Remember Forever","description":"Cremation urns, funeral urns, urns for ashes","publisher":{"@id":"https:\/\/www.rememberme-forever.com\/fr\/#organization"},"potentialAction":[{"@type":"SearchAction","target":{"@type":"EntryPoint","urlTemplate":"https:\/\/www.rememberme-forever.com\/fr\/?s={search_term_string}"},"query-input":{"@type":"PropertyValueSpecification","valueRequired":true,"valueName":"search_term_string"}}],"inLanguage":"fr-FR"},{"@type":"Organization","@id":"https:\/\/www.rememberme-forever.com\/fr\/#organization","name":"Remember Forever","url":"https:\/\/www.rememberme-forever.com\/fr\/","logo":{"@type":"ImageObject","inLanguage":"fr-FR","@id":"https:\/\/www.rememberme-forever.com\/fr\/#\/schema\/logo\/image\/","url":"https:\/\/www.rememberme-forever.com\/wp-content\/uploads\/2023\/02\/logo.png","contentUrl":"https:\/\/www.rememberme-forever.com\/wp-content\/uploads\/2023\/02\/logo.png","width":300,"height":56,"caption":"Remember Forever"},"image":{"@id":"https:\/\/www.rememberme-forever.com\/fr\/#\/schema\/logo\/image\/"}}]}},"acf":[],"_links":{"self":[{"href":"https:\/\/www.rememberme-forever.com\/fr\/wp-json\/wp\/v2\/product\/25113","targetHints":{"allow":["GET"]}}],"collection":[{"href":"https:\/\/www.rememberme-forever.com\/fr\/wp-json\/wp\/v2\/product"}],"about":[{"href":"https:\/\/www.rememberme-forever.com\/fr\/wp-json\/wp\/v2\/types\/product"}],"wp:featuredmedia":[{"embeddable":true,"href":"https:\/\/www.rememberme-forever.com\/fr\/wp-json\/wp\/v2\/media\/25111"}],"wp:attachment":[{"href":"https:\/\/www.rememberme-forever.com\/fr\/wp-json\/wp\/v2\/media?parent=25113"}],"wp:term":[{"taxonomy":"product_brand","embeddable":true,"href":"https:\/\/www.rememberme-forever.com\/fr\/wp-json\/wp\/v2\/product_brand?post=25113"},{"taxonomy":"product_cat","embeddable":true,"href":"https:\/\/www.rememberme-forever.com\/fr\/wp-json\/wp\/v2\/product_cat?post=25113"},{"taxonomy":"product_tag","embeddable":true,"href":"https:\/\/www.rememberme-forever.com\/fr\/wp-json\/wp\/v2\/product_tag?post=25113"}],"curies":[{"name":"wp","href":"https:\/\/api.w.org\/{rel}","templated":true}]}}