{"id":25150,"date":"2023-04-11T08:31:05","date_gmt":"2023-04-11T06:31:05","guid":{"rendered":"https:\/\/www.rememberme-forever.com\/product\/une-urne-peinte-artistiquement-avec-effet-craquele-pour-enfant-in-the-hands-of-angel-taille-s\/"},"modified":"2026-02-19T11:20:19","modified_gmt":"2026-02-19T10:20:19","slug":"une-urne-peinte-artistiquement-avec-effet-craquele-pour-enfant-in-the-hands-of-angel-taille-s","status":"publish","type":"product","link":"https:\/\/www.rememberme-forever.com\/fr\/produit\/une-urne-peinte-artistiquement-avec-effet-craquele-pour-enfant-in-the-hands-of-angel-taille-s\/","title":{"rendered":"Une urne peinte artistiquement avec effet craquel\u00e9 pour enfant \u2013 \u00ab In The Hands of Angel \u00bb \u2013 taille S"},"content":{"rendered":"<h2 style=\"text-align: center;\">Une urne peinte artistiquement avec effet craquel\u00e9 pour enfant<\/h2>\n<p style=\"text-align: center;\">D\u00e9couvrez notre <strong>urne peinte artistiquement avec effet craquel\u00e9<\/strong>, un hommage magnifique et unique \u00e0 votre enfant bien-aim\u00e9. Cette urne pr\u00e9sente une petite sph\u00e8re en acier inoxydable d\u00e9licatement plac\u00e9e dans les mains de la figurine peinte en d\u00e9coupage, entour\u00e9e d\u2019un effet craquel\u00e9 d\u2019aspect naturel qui ajoute une touche d\u2019authenticit\u00e9 \u00e0 son design unique.<\/p>\n<p style=\"text-align: center;\">La technique de d\u00e9coupage utilis\u00e9e pour cr\u00e9er l\u2019effet craquel\u00e9 est une m\u00e9thode ancestrale qui apporte texture et profondeur aux \u0153uvres d\u2019art, et nos artisans qualifi\u00e9s l\u2019ont port\u00e9e \u00e0 un niveau sup\u00e9rieur dans la cr\u00e9ation de cette urne. Les d\u00e9tails raffin\u00e9s de la figurine et les craquelures d\u2019aspect naturel s\u2019unissent pour former une \u0153uvre d\u2019art belle et pleine de sens, refl\u00e9tant l\u2019unicit\u00e9 de votre enfant.<\/p>\n<p style=\"text-align: center;\">La petite sph\u00e8re en acier inoxydable symbolise la pr\u00e9sence de votre enfant, repr\u00e9sentant son esprit et son \u00e2me alors qu\u2019il repose en paix \u00e9ternelle. Elle est \u00e9l\u00e9gamment tenue dans les mains de la figurine, vous rappelant que votre enfant est toujours avec vous, m\u00eame en son absence physique.<\/p>\n<p style=\"text-align: center;\">Cette urne est con\u00e7ue comme un rappel beau et artistique de la vie et de l\u2019amour que vous avez partag\u00e9s avec votre enfant. L\u2019effet craquel\u00e9 naturel apporte une touche de sinc\u00e9rit\u00e9 et d\u2019authenticit\u00e9 \u00e0 la figurine, repr\u00e9sentant la fragilit\u00e9 de la vie et la beaut\u00e9 que l\u2019on peut trouver dans les imperfections.<\/p>\n<p style=\"text-align: center;\">Avec son design unique et son savoir-faire exceptionnel, notre urne peinte artistiquement avec effet craquel\u00e9 est une mani\u00e8re belle et pleine de sens d\u2019honorer la m\u00e9moire de votre enfant bien-aim\u00e9. Elle est parfaite \u00e0 exposer chez vous, pour garder votre enfant pr\u00e8s de votre c\u0153ur et apporter r\u00e9confort et apaisement dans les moments de deuil.<\/p>\n<p style=\"text-align: center;\"><em><strong>Ce produit est peint \u00e0 la main ; son apparence peut donc l\u00e9g\u00e8rement varier.<\/strong><\/em><\/p>\n<p>&nbsp;<\/p>\n<h3 style=\"text-align: center;\"><strong>PERSONNALISATION<\/strong><\/h3>\n<p style=\"text-align: center;\">La plaque comm\u00e9morative personnalis\u00e9e doit \u00eatre personnalis\u00e9e lors de votre commande. (Pas de panique si vous la manquez ; vous pouvez toujours nous contacter ult\u00e9rieurement.)<\/p>\n<p style=\"text-align: center;\">Veuillez examiner attentivement le texte \u00e0 graver avant d&rsquo;ajouter l&rsquo;article au panier. Nous reproduisons et gravons les informations exactes re\u00e7ues lors de la commande et n&rsquo;y apportons aucune modification.<\/p>\n<p style=\"text-align: center;\"><strong>Veuillez revoir le texte pour vous assurer que toutes les orthographes sont correctes.<\/strong><\/p>\n<p><strong><em><img loading=\"lazy\" decoding=\"async\" class=\" wp-image-1348 aligncenter\" src=\"http:\/\/www.rememberme-forever.com\/wp-content\/uploads\/2023\/04\/rece_8www-300x295.jpg\" alt=\"urne pour enfant grav\u00e9e\" width=\"214\" height=\"210\" srcset=\"https:\/\/www.rememberme-forever.com\/wp-content\/uploads\/2023\/04\/rece_8www-300x295.jpg 300w, https:\/\/www.rememberme-forever.com\/wp-content\/uploads\/2023\/04\/rece_8www-768x756.jpg 768w, https:\/\/www.rememberme-forever.com\/wp-content\/uploads\/2023\/04\/rece_8www-600x591.jpg 600w, https:\/\/www.rememberme-forever.com\/wp-content\/uploads\/2023\/04\/rece_8www-64x63.jpg 64w, https:\/\/www.rememberme-forever.com\/wp-content\/uploads\/2023\/04\/rece_8www.jpg 780w\" sizes=\"auto, (max-width: 214px) 100vw, 214px\" \/><\/em><\/strong><\/p>\n<p>&nbsp;<\/p>\n<p style=\"text-align: center;\"><strong><em>La plaque comm\u00e9morative sera ajout\u00e9e s\u00e9par\u00e9ment avec le support, comme sur la photo.<\/em><\/strong><\/p>\n<p style=\"text-align: center;\"><strong><em>(Le support de la plaque comm\u00e9morative est en plexiglas transparent.)<\/em><\/strong><\/p>\n","protected":false},"excerpt":{"rendered":"<p>Urne unique pour enfant peinte en d\u00e9coupage, effet craquel\u00e9 naturel.<\/p>\n<p>\u2705 Cette urne ne convient pas \u00e0 un usage ext\u00e9rieur. Consultez nos <a href=\"https:\/\/www.rememberme-forever.com\/fr\/categorie-produit\/urnes-dexterieur\/\" target=\"_blank\" rel=\"noopener\"><strong>urnes d&rsquo;ext\u00e9rieur. &gt;&gt;<\/strong><\/a><\/p>\n","protected":false},"featured_media":25141,"template":"","meta":{"_acf_changed":false},"product_brand":[],"product_cat":[2409],"product_tag":[3345],"class_list":{"0":"post-25150","1":"product","2":"type-product","3":"status-publish","4":"has-post-thumbnail","6":"product_cat-urnes-pour-enfants","7":"product_tag-gpsr-metal_stonebase","8":"product_shipping_class-2-4kg-fr","10":"first","11":"instock","12":"taxable","13":"shipping-taxable","14":"purchasable","15":"product-type-simple"},"yoast_head":"<!-- This site is optimized with the Yoast SEO plugin v27.4 - https:\/\/yoast.com\/product\/yoast-seo-wordpress\/ -->\n<title>Une urne peinte artistiquement avec effet craquel\u00e9 pour enfant<\/title>\n<meta name=\"description\" content=\"D\u00e9couvrez notre urne peinte artistiquement avec effet craquel\u00e9, un hommage magnifique et unique \u00e0 votre enfant bien-aim\u00e9. Urne artistique unique pour enfant.\" \/>\n<meta name=\"robots\" content=\"index, follow, max-snippet:-1, max-image-preview:large, max-video-preview:-1\" \/>\n<link rel=\"canonical\" href=\"https:\/\/www.rememberme-forever.com\/fr\/produit\/une-urne-peinte-artistiquement-avec-effet-craquele-pour-enfant-in-the-hands-of-angel-taille-s\/\" \/>\n<meta property=\"og:locale\" content=\"fr_FR\" \/>\n<meta property=\"og:type\" content=\"article\" \/>\n<meta property=\"og:title\" content=\"Une urne peinte artistiquement avec effet craquel\u00e9 pour enfant\" \/>\n<meta property=\"og:description\" content=\"D\u00e9couvrez notre urne peinte artistiquement avec effet craquel\u00e9, un hommage magnifique et unique \u00e0 votre enfant bien-aim\u00e9. Urne artistique unique pour enfant.\" \/>\n<meta property=\"og:url\" content=\"https:\/\/www.rememberme-forever.com\/fr\/produit\/une-urne-peinte-artistiquement-avec-effet-craquele-pour-enfant-in-the-hands-of-angel-taille-s\/\" \/>\n<meta property=\"og:site_name\" content=\"Remember Forever\" \/>\n<meta property=\"article:modified_time\" content=\"2026-02-19T10:20:19+00:00\" \/>\n<meta property=\"og:image\" content=\"http:\/\/www.rememberme-forever.com\/wp-content\/uploads\/2023\/04\/artistic-urn-for-baby.jpg\" \/>\n\t<meta property=\"og:image:width\" content=\"768\" \/>\n\t<meta property=\"og:image:height\" content=\"781\" \/>\n\t<meta property=\"og:image:type\" content=\"image\/jpeg\" \/>\n<meta name=\"twitter:card\" content=\"summary_large_image\" \/>\n<meta name=\"twitter:label1\" content=\"Dur\u00e9e de lecture estim\u00e9e\" \/>\n\t<meta name=\"twitter:data1\" content=\"3 minutes\" \/>\n<script type=\"application\/ld+json\" class=\"yoast-schema-graph\">{\"@context\":\"https:\\\/\\\/schema.org\",\"@graph\":[{\"@type\":\"WebPage\",\"@id\":\"https:\\\/\\\/www.rememberme-forever.com\\\/fr\\\/produit\\\/une-urne-peinte-artistiquement-avec-effet-craquele-pour-enfant-in-the-hands-of-angel-taille-s\\\/\",\"url\":\"https:\\\/\\\/www.rememberme-forever.com\\\/fr\\\/produit\\\/une-urne-peinte-artistiquement-avec-effet-craquele-pour-enfant-in-the-hands-of-angel-taille-s\\\/\",\"name\":\"Une urne peinte artistiquement avec effet craquel\u00e9 pour enfant\",\"isPartOf\":{\"@id\":\"https:\\\/\\\/www.rememberme-forever.com\\\/fr\\\/#website\"},\"primaryImageOfPage\":{\"@id\":\"https:\\\/\\\/www.rememberme-forever.com\\\/fr\\\/produit\\\/une-urne-peinte-artistiquement-avec-effet-craquele-pour-enfant-in-the-hands-of-angel-taille-s\\\/#primaryimage\"},\"image\":{\"@id\":\"https:\\\/\\\/www.rememberme-forever.com\\\/fr\\\/produit\\\/une-urne-peinte-artistiquement-avec-effet-craquele-pour-enfant-in-the-hands-of-angel-taille-s\\\/#primaryimage\"},\"thumbnailUrl\":\"https:\\\/\\\/www.rememberme-forever.com\\\/wp-content\\\/uploads\\\/2023\\\/04\\\/artistic-urn-for-baby.jpg\",\"datePublished\":\"2023-04-11T06:31:05+00:00\",\"dateModified\":\"2026-02-19T10:20:19+00:00\",\"description\":\"D\u00e9couvrez notre urne peinte artistiquement avec effet craquel\u00e9, un hommage magnifique et unique \u00e0 votre enfant bien-aim\u00e9. Urne artistique unique pour enfant.\",\"breadcrumb\":{\"@id\":\"https:\\\/\\\/www.rememberme-forever.com\\\/fr\\\/produit\\\/une-urne-peinte-artistiquement-avec-effet-craquele-pour-enfant-in-the-hands-of-angel-taille-s\\\/#breadcrumb\"},\"inLanguage\":\"fr-FR\",\"potentialAction\":[{\"@type\":\"ReadAction\",\"target\":[\"https:\\\/\\\/www.rememberme-forever.com\\\/fr\\\/produit\\\/une-urne-peinte-artistiquement-avec-effet-craquele-pour-enfant-in-the-hands-of-angel-taille-s\\\/\"]}]},{\"@type\":\"ImageObject\",\"inLanguage\":\"fr-FR\",\"@id\":\"https:\\\/\\\/www.rememberme-forever.com\\\/fr\\\/produit\\\/une-urne-peinte-artistiquement-avec-effet-craquele-pour-enfant-in-the-hands-of-angel-taille-s\\\/#primaryimage\",\"url\":\"https:\\\/\\\/www.rememberme-forever.com\\\/wp-content\\\/uploads\\\/2023\\\/04\\\/artistic-urn-for-baby.jpg\",\"contentUrl\":\"https:\\\/\\\/www.rememberme-forever.com\\\/wp-content\\\/uploads\\\/2023\\\/04\\\/artistic-urn-for-baby.jpg\",\"width\":768,\"height\":781,\"caption\":\"urne artistique pour b\u00e9b\u00e9, Une urne peinte artistiquement avec effet craquel\u00e9 pour enfant\"},{\"@type\":\"BreadcrumbList\",\"@id\":\"https:\\\/\\\/www.rememberme-forever.com\\\/fr\\\/produit\\\/une-urne-peinte-artistiquement-avec-effet-craquele-pour-enfant-in-the-hands-of-angel-taille-s\\\/#breadcrumb\",\"itemListElement\":[{\"@type\":\"ListItem\",\"position\":1,\"name\":\"Home\",\"item\":\"https:\\\/\\\/www.rememberme-forever.com\\\/fr\\\/accueil\\\/\"},{\"@type\":\"ListItem\",\"position\":2,\"name\":\"Boutique\",\"item\":\"https:\\\/\\\/www.rememberme-forever.com\\\/fr\\\/boutique\\\/\"},{\"@type\":\"ListItem\",\"position\":3,\"name\":\"Une urne peinte artistiquement avec effet craquel\u00e9 pour enfant \u2013 \u00ab In The Hands of Angel \u00bb \u2013 taille S\"}]},{\"@type\":\"WebSite\",\"@id\":\"https:\\\/\\\/www.rememberme-forever.com\\\/fr\\\/#website\",\"url\":\"https:\\\/\\\/www.rememberme-forever.com\\\/fr\\\/\",\"name\":\"Remember Forever\",\"description\":\"Cremation urns, funeral urns, urns for ashes\",\"publisher\":{\"@id\":\"https:\\\/\\\/www.rememberme-forever.com\\\/fr\\\/#organization\"},\"potentialAction\":[{\"@type\":\"SearchAction\",\"target\":{\"@type\":\"EntryPoint\",\"urlTemplate\":\"https:\\\/\\\/www.rememberme-forever.com\\\/fr\\\/?s={search_term_string}\"},\"query-input\":{\"@type\":\"PropertyValueSpecification\",\"valueRequired\":true,\"valueName\":\"search_term_string\"}}],\"inLanguage\":\"fr-FR\"},{\"@type\":\"Organization\",\"@id\":\"https:\\\/\\\/www.rememberme-forever.com\\\/fr\\\/#organization\",\"name\":\"Remember Forever\",\"url\":\"https:\\\/\\\/www.rememberme-forever.com\\\/fr\\\/\",\"logo\":{\"@type\":\"ImageObject\",\"inLanguage\":\"fr-FR\",\"@id\":\"https:\\\/\\\/www.rememberme-forever.com\\\/fr\\\/#\\\/schema\\\/logo\\\/image\\\/\",\"url\":\"https:\\\/\\\/www.rememberme-forever.com\\\/wp-content\\\/uploads\\\/2023\\\/02\\\/logo.png\",\"contentUrl\":\"https:\\\/\\\/www.rememberme-forever.com\\\/wp-content\\\/uploads\\\/2023\\\/02\\\/logo.png\",\"width\":300,\"height\":56,\"caption\":\"Remember Forever\"},\"image\":{\"@id\":\"https:\\\/\\\/www.rememberme-forever.com\\\/fr\\\/#\\\/schema\\\/logo\\\/image\\\/\"}}]}<\/script>\n<!-- \/ Yoast SEO plugin. -->","yoast_head_json":{"title":"Une urne peinte artistiquement avec effet craquel\u00e9 pour enfant","description":"D\u00e9couvrez notre urne peinte artistiquement avec effet craquel\u00e9, un hommage magnifique et unique \u00e0 votre enfant bien-aim\u00e9. Urne artistique unique pour enfant.","robots":{"index":"index","follow":"follow","max-snippet":"max-snippet:-1","max-image-preview":"max-image-preview:large","max-video-preview":"max-video-preview:-1"},"canonical":"https:\/\/www.rememberme-forever.com\/fr\/produit\/une-urne-peinte-artistiquement-avec-effet-craquele-pour-enfant-in-the-hands-of-angel-taille-s\/","og_locale":"fr_FR","og_type":"article","og_title":"Une urne peinte artistiquement avec effet craquel\u00e9 pour enfant","og_description":"D\u00e9couvrez notre urne peinte artistiquement avec effet craquel\u00e9, un hommage magnifique et unique \u00e0 votre enfant bien-aim\u00e9. Urne artistique unique pour enfant.","og_url":"https:\/\/www.rememberme-forever.com\/fr\/produit\/une-urne-peinte-artistiquement-avec-effet-craquele-pour-enfant-in-the-hands-of-angel-taille-s\/","og_site_name":"Remember Forever","article_modified_time":"2026-02-19T10:20:19+00:00","og_image":[{"width":768,"height":781,"url":"http:\/\/www.rememberme-forever.com\/wp-content\/uploads\/2023\/04\/artistic-urn-for-baby.jpg","type":"image\/jpeg"}],"twitter_card":"summary_large_image","twitter_misc":{"Dur\u00e9e de lecture estim\u00e9e":"3 minutes"},"schema":{"@context":"https:\/\/schema.org","@graph":[{"@type":"WebPage","@id":"https:\/\/www.rememberme-forever.com\/fr\/produit\/une-urne-peinte-artistiquement-avec-effet-craquele-pour-enfant-in-the-hands-of-angel-taille-s\/","url":"https:\/\/www.rememberme-forever.com\/fr\/produit\/une-urne-peinte-artistiquement-avec-effet-craquele-pour-enfant-in-the-hands-of-angel-taille-s\/","name":"Une urne peinte artistiquement avec effet craquel\u00e9 pour enfant","isPartOf":{"@id":"https:\/\/www.rememberme-forever.com\/fr\/#website"},"primaryImageOfPage":{"@id":"https:\/\/www.rememberme-forever.com\/fr\/produit\/une-urne-peinte-artistiquement-avec-effet-craquele-pour-enfant-in-the-hands-of-angel-taille-s\/#primaryimage"},"image":{"@id":"https:\/\/www.rememberme-forever.com\/fr\/produit\/une-urne-peinte-artistiquement-avec-effet-craquele-pour-enfant-in-the-hands-of-angel-taille-s\/#primaryimage"},"thumbnailUrl":"https:\/\/www.rememberme-forever.com\/wp-content\/uploads\/2023\/04\/artistic-urn-for-baby.jpg","datePublished":"2023-04-11T06:31:05+00:00","dateModified":"2026-02-19T10:20:19+00:00","description":"D\u00e9couvrez notre urne peinte artistiquement avec effet craquel\u00e9, un hommage magnifique et unique \u00e0 votre enfant bien-aim\u00e9. Urne artistique unique pour enfant.","breadcrumb":{"@id":"https:\/\/www.rememberme-forever.com\/fr\/produit\/une-urne-peinte-artistiquement-avec-effet-craquele-pour-enfant-in-the-hands-of-angel-taille-s\/#breadcrumb"},"inLanguage":"fr-FR","potentialAction":[{"@type":"ReadAction","target":["https:\/\/www.rememberme-forever.com\/fr\/produit\/une-urne-peinte-artistiquement-avec-effet-craquele-pour-enfant-in-the-hands-of-angel-taille-s\/"]}]},{"@type":"ImageObject","inLanguage":"fr-FR","@id":"https:\/\/www.rememberme-forever.com\/fr\/produit\/une-urne-peinte-artistiquement-avec-effet-craquele-pour-enfant-in-the-hands-of-angel-taille-s\/#primaryimage","url":"https:\/\/www.rememberme-forever.com\/wp-content\/uploads\/2023\/04\/artistic-urn-for-baby.jpg","contentUrl":"https:\/\/www.rememberme-forever.com\/wp-content\/uploads\/2023\/04\/artistic-urn-for-baby.jpg","width":768,"height":781,"caption":"urne artistique pour b\u00e9b\u00e9, Une urne peinte artistiquement avec effet craquel\u00e9 pour enfant"},{"@type":"BreadcrumbList","@id":"https:\/\/www.rememberme-forever.com\/fr\/produit\/une-urne-peinte-artistiquement-avec-effet-craquele-pour-enfant-in-the-hands-of-angel-taille-s\/#breadcrumb","itemListElement":[{"@type":"ListItem","position":1,"name":"Home","item":"https:\/\/www.rememberme-forever.com\/fr\/accueil\/"},{"@type":"ListItem","position":2,"name":"Boutique","item":"https:\/\/www.rememberme-forever.com\/fr\/boutique\/"},{"@type":"ListItem","position":3,"name":"Une urne peinte artistiquement avec effet craquel\u00e9 pour enfant \u2013 \u00ab In The Hands of Angel \u00bb \u2013 taille S"}]},{"@type":"WebSite","@id":"https:\/\/www.rememberme-forever.com\/fr\/#website","url":"https:\/\/www.rememberme-forever.com\/fr\/","name":"Remember Forever","description":"Cremation urns, funeral urns, urns for ashes","publisher":{"@id":"https:\/\/www.rememberme-forever.com\/fr\/#organization"},"potentialAction":[{"@type":"SearchAction","target":{"@type":"EntryPoint","urlTemplate":"https:\/\/www.rememberme-forever.com\/fr\/?s={search_term_string}"},"query-input":{"@type":"PropertyValueSpecification","valueRequired":true,"valueName":"search_term_string"}}],"inLanguage":"fr-FR"},{"@type":"Organization","@id":"https:\/\/www.rememberme-forever.com\/fr\/#organization","name":"Remember Forever","url":"https:\/\/www.rememberme-forever.com\/fr\/","logo":{"@type":"ImageObject","inLanguage":"fr-FR","@id":"https:\/\/www.rememberme-forever.com\/fr\/#\/schema\/logo\/image\/","url":"https:\/\/www.rememberme-forever.com\/wp-content\/uploads\/2023\/02\/logo.png","contentUrl":"https:\/\/www.rememberme-forever.com\/wp-content\/uploads\/2023\/02\/logo.png","width":300,"height":56,"caption":"Remember Forever"},"image":{"@id":"https:\/\/www.rememberme-forever.com\/fr\/#\/schema\/logo\/image\/"}}]}},"acf":[],"_links":{"self":[{"href":"https:\/\/www.rememberme-forever.com\/fr\/wp-json\/wp\/v2\/product\/25150","targetHints":{"allow":["GET"]}}],"collection":[{"href":"https:\/\/www.rememberme-forever.com\/fr\/wp-json\/wp\/v2\/product"}],"about":[{"href":"https:\/\/www.rememberme-forever.com\/fr\/wp-json\/wp\/v2\/types\/product"}],"wp:featuredmedia":[{"embeddable":true,"href":"https:\/\/www.rememberme-forever.com\/fr\/wp-json\/wp\/v2\/media\/25141"}],"wp:attachment":[{"href":"https:\/\/www.rememberme-forever.com\/fr\/wp-json\/wp\/v2\/media?parent=25150"}],"wp:term":[{"taxonomy":"product_brand","embeddable":true,"href":"https:\/\/www.rememberme-forever.com\/fr\/wp-json\/wp\/v2\/product_brand?post=25150"},{"taxonomy":"product_cat","embeddable":true,"href":"https:\/\/www.rememberme-forever.com\/fr\/wp-json\/wp\/v2\/product_cat?post=25150"},{"taxonomy":"product_tag","embeddable":true,"href":"https:\/\/www.rememberme-forever.com\/fr\/wp-json\/wp\/v2\/product_tag?post=25150"}],"curies":[{"name":"wp","href":"https:\/\/api.w.org\/{rel}","templated":true}]}}