{"id":25227,"date":"2023-04-11T10:38:08","date_gmt":"2023-04-11T08:38:08","guid":{"rendered":"https:\/\/www.rememberme-forever.com\/product\/urne-funeraire-unique-en-pierre-pour-cendres-urne-cineraire-en-onyx-pour-adulte\/"},"modified":"2026-02-19T12:08:59","modified_gmt":"2026-02-19T11:08:59","slug":"urne-funeraire-unique-en-pierre-pour-cendres-urne-cineraire-en-onyx-pour-adulte","status":"publish","type":"product","link":"https:\/\/www.rememberme-forever.com\/fr\/produit\/urne-funeraire-unique-en-pierre-pour-cendres-urne-cineraire-en-onyx-pour-adulte\/","title":{"rendered":"Urne fun\u00e9raire unique en pierre pour cendres, urne cin\u00e9raire en onyx pour adulte."},"content":{"rendered":"<h2 style=\"text-align: center;\">Urne fun\u00e9raire unique en pierre pour cendres<\/h2>\n<p style=\"text-align: center;\">Urne lourde et robuste pour les cendres d&rsquo;un adulte, fabriqu\u00e9e en onyx naturel. Une urne id\u00e9ale pour ceux qui recherchent un lieu de repos unique pour un \u00eatre cher.<\/p>\n<p style=\"text-align: center;\">Les cendres sont d\u00e9pos\u00e9es par un orifice \u00e0 vis situ\u00e9 au fond de l&rsquo;urne. Pour une meilleure protection, il est recommand\u00e9 de les placer dans un sac plastique.<\/p>\n<p style=\"text-align: center;\">L&rsquo;urne en pierre naturelle d&rsquo;onyx se distingue par son caract\u00e8re unique. Chaque urne a la m\u00eame forme, mais pr\u00e9sente une nuance et une disposition des couleurs l\u00e9g\u00e8rement diff\u00e9rentes. Cela cr\u00e9e une impression d&rsquo;originalit\u00e9. Aucune urne n&rsquo;est identique.<\/p>\n<p style=\"text-align: center;\"><strong>IMPORTANT :<\/strong><\/p>\n<p style=\"text-align: center;\">En cas de doute, avant de passer commande ou de commander, vous pouvez demander une photo de l&rsquo;exemplaire qui vous sera envoy\u00e9. Ceci peut entra\u00eener un l\u00e9ger retard de livraison.<\/p>\n<p style=\"text-align: center;\"><em><strong>Il s&rsquo;agit d&rsquo;un produit fabriqu\u00e9 \u00e0 partir de mat\u00e9riaux naturels, l&rsquo;apparence peut \u00eatre l\u00e9g\u00e8rement diff\u00e9rente.<\/strong><\/em><\/p>\n<p>&nbsp;<\/p>\n<h3 style=\"text-align: center;\"><strong>PERSONNALISATION<\/strong><\/h3>\n<p style=\"text-align: center;\">La plaque comm\u00e9morative personnalis\u00e9e doit \u00eatre personnalis\u00e9e lors de votre commande. (Pas de panique si vous la manquez ; vous pouvez toujours nous contacter ult\u00e9rieurement.)<\/p>\n<p style=\"text-align: center;\">Veuillez examiner attentivement le texte \u00e0 graver avant d&rsquo;ajouter l&rsquo;article au panier. Nous reproduisons et gravons les informations exactes re\u00e7ues lors de la commande et n&rsquo;y apportons aucune modification.<\/p>\n<p style=\"text-align: center;\"><strong>Veuillez revoir le texte pour vous assurer que toutes les orthographes sont correctes.<\/strong><\/p>\n<p><strong><em><img loading=\"lazy\" decoding=\"async\" class=\" wp-image-1447 aligncenter\" src=\"http:\/\/www.rememberme-forever.com\/wp-content\/uploads\/2023\/04\/memorial-plaque-cremation-urn-gold-300x150.jpg\" alt=\"Plaque comm\u00e9morative, urne fun\u00e9raire dor\u00e9e\" width=\"266\" height=\"133\" srcset=\"https:\/\/www.rememberme-forever.com\/wp-content\/uploads\/2023\/04\/memorial-plaque-cremation-urn-gold-300x150.jpg 300w, https:\/\/www.rememberme-forever.com\/wp-content\/uploads\/2023\/04\/memorial-plaque-cremation-urn-gold-64x32.jpg 64w, https:\/\/www.rememberme-forever.com\/wp-content\/uploads\/2023\/04\/memorial-plaque-cremation-urn-gold.jpg 448w\" sizes=\"auto, (max-width: 266px) 100vw, 266px\" \/><\/em><\/strong><\/p>\n<p style=\"text-align: center;\">\n","protected":false},"excerpt":{"rendered":"<p>Urne unique en onyx naturel pour cendres humaines. Il n\u2019existe pas deux exemplaires identiques.<\/p>\n<p><em><strong>Convient aux personnes pesant entre 138 kg et 138 kg environ.<\/strong><\/em><\/p>\n","protected":false},"featured_media":25220,"template":"","meta":{"_acf_changed":false},"product_brand":[],"product_cat":[2418],"product_tag":[3365],"class_list":{"0":"post-25227","1":"product","2":"type-product","3":"status-publish","4":"has-post-thumbnail","6":"product_cat-urnes-en-pierre","7":"product_tag-gpsr-stone-urns","8":"product_shipping_class-5-10kg-fr","10":"first","11":"instock","12":"taxable","13":"shipping-taxable","14":"purchasable","15":"product-type-variable"},"yoast_head":"<!-- This site is optimized with the Yoast SEO plugin v27.4 - https:\/\/yoast.com\/product\/yoast-seo-wordpress\/ -->\n<title>Urne fun\u00e9raire unique en pierre pour cendres, urne cin\u00e9raire en onyx pour adulte.<\/title>\n<meta name=\"description\" content=\"D\u00e9couvrez notre urne fun\u00e9raire en pierre v\u00e9ritablement unique pour cendres, un hommage magnifique et singulier \u00e0 votre \u00eatre cher. Superbe urne en onyx naturel pour cendres d\u2019adulte.\" \/>\n<meta name=\"robots\" content=\"index, follow, max-snippet:-1, max-image-preview:large, max-video-preview:-1\" \/>\n<link rel=\"canonical\" href=\"https:\/\/www.rememberme-forever.com\/fr\/produit\/urne-funeraire-unique-en-pierre-pour-cendres-urne-cineraire-en-onyx-pour-adulte\/\" \/>\n<meta property=\"og:locale\" content=\"fr_FR\" \/>\n<meta property=\"og:type\" content=\"article\" \/>\n<meta property=\"og:title\" content=\"Urne fun\u00e9raire unique en pierre pour cendres, urne cin\u00e9raire en onyx pour adulte.\" \/>\n<meta property=\"og:description\" content=\"D\u00e9couvrez notre urne fun\u00e9raire en pierre v\u00e9ritablement unique pour cendres, un hommage magnifique et singulier \u00e0 votre \u00eatre cher. Superbe urne en onyx naturel pour cendres d\u2019adulte.\" \/>\n<meta property=\"og:url\" content=\"https:\/\/www.rememberme-forever.com\/fr\/produit\/urne-funeraire-unique-en-pierre-pour-cendres-urne-cineraire-en-onyx-pour-adulte\/\" \/>\n<meta property=\"og:site_name\" content=\"Remember Forever\" \/>\n<meta property=\"article:modified_time\" content=\"2026-02-19T11:08:59+00:00\" \/>\n<meta property=\"og:image\" content=\"http:\/\/www.rememberme-forever.com\/wp-content\/uploads\/2023\/04\/stone-cremation-urn.jpg\" \/>\n\t<meta property=\"og:image:width\" content=\"1007\" \/>\n\t<meta property=\"og:image:height\" content=\"1024\" \/>\n\t<meta property=\"og:image:type\" content=\"image\/jpeg\" \/>\n<meta name=\"twitter:card\" content=\"summary_large_image\" \/>\n<meta name=\"twitter:label1\" content=\"Dur\u00e9e de lecture estim\u00e9e\" \/>\n\t<meta name=\"twitter:data1\" content=\"2 minutes\" \/>\n<script type=\"application\/ld+json\" class=\"yoast-schema-graph\">{\"@context\":\"https:\\\/\\\/schema.org\",\"@graph\":[{\"@type\":\"WebPage\",\"@id\":\"https:\\\/\\\/www.rememberme-forever.com\\\/fr\\\/produit\\\/urne-funeraire-unique-en-pierre-pour-cendres-urne-cineraire-en-onyx-pour-adulte\\\/\",\"url\":\"https:\\\/\\\/www.rememberme-forever.com\\\/fr\\\/produit\\\/urne-funeraire-unique-en-pierre-pour-cendres-urne-cineraire-en-onyx-pour-adulte\\\/\",\"name\":\"Urne fun\u00e9raire unique en pierre pour cendres, urne cin\u00e9raire en onyx pour adulte.\",\"isPartOf\":{\"@id\":\"https:\\\/\\\/www.rememberme-forever.com\\\/fr\\\/#website\"},\"primaryImageOfPage\":{\"@id\":\"https:\\\/\\\/www.rememberme-forever.com\\\/fr\\\/produit\\\/urne-funeraire-unique-en-pierre-pour-cendres-urne-cineraire-en-onyx-pour-adulte\\\/#primaryimage\"},\"image\":{\"@id\":\"https:\\\/\\\/www.rememberme-forever.com\\\/fr\\\/produit\\\/urne-funeraire-unique-en-pierre-pour-cendres-urne-cineraire-en-onyx-pour-adulte\\\/#primaryimage\"},\"thumbnailUrl\":\"https:\\\/\\\/www.rememberme-forever.com\\\/wp-content\\\/uploads\\\/2023\\\/04\\\/stone-cremation-urn.jpg\",\"datePublished\":\"2023-04-11T08:38:08+00:00\",\"dateModified\":\"2026-02-19T11:08:59+00:00\",\"description\":\"D\u00e9couvrez notre urne fun\u00e9raire en pierre v\u00e9ritablement unique pour cendres, un hommage magnifique et singulier \u00e0 votre \u00eatre cher. Superbe urne en onyx naturel pour cendres d\u2019adulte.\",\"breadcrumb\":{\"@id\":\"https:\\\/\\\/www.rememberme-forever.com\\\/fr\\\/produit\\\/urne-funeraire-unique-en-pierre-pour-cendres-urne-cineraire-en-onyx-pour-adulte\\\/#breadcrumb\"},\"inLanguage\":\"fr-FR\",\"potentialAction\":[{\"@type\":\"ReadAction\",\"target\":[\"https:\\\/\\\/www.rememberme-forever.com\\\/fr\\\/produit\\\/urne-funeraire-unique-en-pierre-pour-cendres-urne-cineraire-en-onyx-pour-adulte\\\/\"]}]},{\"@type\":\"ImageObject\",\"inLanguage\":\"fr-FR\",\"@id\":\"https:\\\/\\\/www.rememberme-forever.com\\\/fr\\\/produit\\\/urne-funeraire-unique-en-pierre-pour-cendres-urne-cineraire-en-onyx-pour-adulte\\\/#primaryimage\",\"url\":\"https:\\\/\\\/www.rememberme-forever.com\\\/wp-content\\\/uploads\\\/2023\\\/04\\\/stone-cremation-urn.jpg\",\"contentUrl\":\"https:\\\/\\\/www.rememberme-forever.com\\\/wp-content\\\/uploads\\\/2023\\\/04\\\/stone-cremation-urn.jpg\",\"width\":1007,\"height\":1024,\"caption\":\"Urne cin\u00e9raire en pierre, urne fun\u00e9raire unique en pierre pour cendres\"},{\"@type\":\"BreadcrumbList\",\"@id\":\"https:\\\/\\\/www.rememberme-forever.com\\\/fr\\\/produit\\\/urne-funeraire-unique-en-pierre-pour-cendres-urne-cineraire-en-onyx-pour-adulte\\\/#breadcrumb\",\"itemListElement\":[{\"@type\":\"ListItem\",\"position\":1,\"name\":\"Home\",\"item\":\"https:\\\/\\\/www.rememberme-forever.com\\\/fr\\\/accueil\\\/\"},{\"@type\":\"ListItem\",\"position\":2,\"name\":\"Boutique\",\"item\":\"https:\\\/\\\/www.rememberme-forever.com\\\/fr\\\/boutique\\\/\"},{\"@type\":\"ListItem\",\"position\":3,\"name\":\"Urne fun\u00e9raire unique en pierre pour cendres, urne cin\u00e9raire en onyx pour adulte.\"}]},{\"@type\":\"WebSite\",\"@id\":\"https:\\\/\\\/www.rememberme-forever.com\\\/fr\\\/#website\",\"url\":\"https:\\\/\\\/www.rememberme-forever.com\\\/fr\\\/\",\"name\":\"Remember Forever\",\"description\":\"Cremation urns, funeral urns, urns for ashes\",\"publisher\":{\"@id\":\"https:\\\/\\\/www.rememberme-forever.com\\\/fr\\\/#organization\"},\"potentialAction\":[{\"@type\":\"SearchAction\",\"target\":{\"@type\":\"EntryPoint\",\"urlTemplate\":\"https:\\\/\\\/www.rememberme-forever.com\\\/fr\\\/?s={search_term_string}\"},\"query-input\":{\"@type\":\"PropertyValueSpecification\",\"valueRequired\":true,\"valueName\":\"search_term_string\"}}],\"inLanguage\":\"fr-FR\"},{\"@type\":\"Organization\",\"@id\":\"https:\\\/\\\/www.rememberme-forever.com\\\/fr\\\/#organization\",\"name\":\"Remember Forever\",\"url\":\"https:\\\/\\\/www.rememberme-forever.com\\\/fr\\\/\",\"logo\":{\"@type\":\"ImageObject\",\"inLanguage\":\"fr-FR\",\"@id\":\"https:\\\/\\\/www.rememberme-forever.com\\\/fr\\\/#\\\/schema\\\/logo\\\/image\\\/\",\"url\":\"https:\\\/\\\/www.rememberme-forever.com\\\/wp-content\\\/uploads\\\/2023\\\/02\\\/logo.png\",\"contentUrl\":\"https:\\\/\\\/www.rememberme-forever.com\\\/wp-content\\\/uploads\\\/2023\\\/02\\\/logo.png\",\"width\":300,\"height\":56,\"caption\":\"Remember Forever\"},\"image\":{\"@id\":\"https:\\\/\\\/www.rememberme-forever.com\\\/fr\\\/#\\\/schema\\\/logo\\\/image\\\/\"}}]}<\/script>\n<!-- \/ Yoast SEO plugin. -->","yoast_head_json":{"title":"Urne fun\u00e9raire unique en pierre pour cendres, urne cin\u00e9raire en onyx pour adulte.","description":"D\u00e9couvrez notre urne fun\u00e9raire en pierre v\u00e9ritablement unique pour cendres, un hommage magnifique et singulier \u00e0 votre \u00eatre cher. Superbe urne en onyx naturel pour cendres d\u2019adulte.","robots":{"index":"index","follow":"follow","max-snippet":"max-snippet:-1","max-image-preview":"max-image-preview:large","max-video-preview":"max-video-preview:-1"},"canonical":"https:\/\/www.rememberme-forever.com\/fr\/produit\/urne-funeraire-unique-en-pierre-pour-cendres-urne-cineraire-en-onyx-pour-adulte\/","og_locale":"fr_FR","og_type":"article","og_title":"Urne fun\u00e9raire unique en pierre pour cendres, urne cin\u00e9raire en onyx pour adulte.","og_description":"D\u00e9couvrez notre urne fun\u00e9raire en pierre v\u00e9ritablement unique pour cendres, un hommage magnifique et singulier \u00e0 votre \u00eatre cher. Superbe urne en onyx naturel pour cendres d\u2019adulte.","og_url":"https:\/\/www.rememberme-forever.com\/fr\/produit\/urne-funeraire-unique-en-pierre-pour-cendres-urne-cineraire-en-onyx-pour-adulte\/","og_site_name":"Remember Forever","article_modified_time":"2026-02-19T11:08:59+00:00","og_image":[{"width":1007,"height":1024,"url":"http:\/\/www.rememberme-forever.com\/wp-content\/uploads\/2023\/04\/stone-cremation-urn.jpg","type":"image\/jpeg"}],"twitter_card":"summary_large_image","twitter_misc":{"Dur\u00e9e de lecture estim\u00e9e":"2 minutes"},"schema":{"@context":"https:\/\/schema.org","@graph":[{"@type":"WebPage","@id":"https:\/\/www.rememberme-forever.com\/fr\/produit\/urne-funeraire-unique-en-pierre-pour-cendres-urne-cineraire-en-onyx-pour-adulte\/","url":"https:\/\/www.rememberme-forever.com\/fr\/produit\/urne-funeraire-unique-en-pierre-pour-cendres-urne-cineraire-en-onyx-pour-adulte\/","name":"Urne fun\u00e9raire unique en pierre pour cendres, urne cin\u00e9raire en onyx pour adulte.","isPartOf":{"@id":"https:\/\/www.rememberme-forever.com\/fr\/#website"},"primaryImageOfPage":{"@id":"https:\/\/www.rememberme-forever.com\/fr\/produit\/urne-funeraire-unique-en-pierre-pour-cendres-urne-cineraire-en-onyx-pour-adulte\/#primaryimage"},"image":{"@id":"https:\/\/www.rememberme-forever.com\/fr\/produit\/urne-funeraire-unique-en-pierre-pour-cendres-urne-cineraire-en-onyx-pour-adulte\/#primaryimage"},"thumbnailUrl":"https:\/\/www.rememberme-forever.com\/wp-content\/uploads\/2023\/04\/stone-cremation-urn.jpg","datePublished":"2023-04-11T08:38:08+00:00","dateModified":"2026-02-19T11:08:59+00:00","description":"D\u00e9couvrez notre urne fun\u00e9raire en pierre v\u00e9ritablement unique pour cendres, un hommage magnifique et singulier \u00e0 votre \u00eatre cher. Superbe urne en onyx naturel pour cendres d\u2019adulte.","breadcrumb":{"@id":"https:\/\/www.rememberme-forever.com\/fr\/produit\/urne-funeraire-unique-en-pierre-pour-cendres-urne-cineraire-en-onyx-pour-adulte\/#breadcrumb"},"inLanguage":"fr-FR","potentialAction":[{"@type":"ReadAction","target":["https:\/\/www.rememberme-forever.com\/fr\/produit\/urne-funeraire-unique-en-pierre-pour-cendres-urne-cineraire-en-onyx-pour-adulte\/"]}]},{"@type":"ImageObject","inLanguage":"fr-FR","@id":"https:\/\/www.rememberme-forever.com\/fr\/produit\/urne-funeraire-unique-en-pierre-pour-cendres-urne-cineraire-en-onyx-pour-adulte\/#primaryimage","url":"https:\/\/www.rememberme-forever.com\/wp-content\/uploads\/2023\/04\/stone-cremation-urn.jpg","contentUrl":"https:\/\/www.rememberme-forever.com\/wp-content\/uploads\/2023\/04\/stone-cremation-urn.jpg","width":1007,"height":1024,"caption":"Urne cin\u00e9raire en pierre, urne fun\u00e9raire unique en pierre pour cendres"},{"@type":"BreadcrumbList","@id":"https:\/\/www.rememberme-forever.com\/fr\/produit\/urne-funeraire-unique-en-pierre-pour-cendres-urne-cineraire-en-onyx-pour-adulte\/#breadcrumb","itemListElement":[{"@type":"ListItem","position":1,"name":"Home","item":"https:\/\/www.rememberme-forever.com\/fr\/accueil\/"},{"@type":"ListItem","position":2,"name":"Boutique","item":"https:\/\/www.rememberme-forever.com\/fr\/boutique\/"},{"@type":"ListItem","position":3,"name":"Urne fun\u00e9raire unique en pierre pour cendres, urne cin\u00e9raire en onyx pour adulte."}]},{"@type":"WebSite","@id":"https:\/\/www.rememberme-forever.com\/fr\/#website","url":"https:\/\/www.rememberme-forever.com\/fr\/","name":"Remember Forever","description":"Cremation urns, funeral urns, urns for ashes","publisher":{"@id":"https:\/\/www.rememberme-forever.com\/fr\/#organization"},"potentialAction":[{"@type":"SearchAction","target":{"@type":"EntryPoint","urlTemplate":"https:\/\/www.rememberme-forever.com\/fr\/?s={search_term_string}"},"query-input":{"@type":"PropertyValueSpecification","valueRequired":true,"valueName":"search_term_string"}}],"inLanguage":"fr-FR"},{"@type":"Organization","@id":"https:\/\/www.rememberme-forever.com\/fr\/#organization","name":"Remember Forever","url":"https:\/\/www.rememberme-forever.com\/fr\/","logo":{"@type":"ImageObject","inLanguage":"fr-FR","@id":"https:\/\/www.rememberme-forever.com\/fr\/#\/schema\/logo\/image\/","url":"https:\/\/www.rememberme-forever.com\/wp-content\/uploads\/2023\/02\/logo.png","contentUrl":"https:\/\/www.rememberme-forever.com\/wp-content\/uploads\/2023\/02\/logo.png","width":300,"height":56,"caption":"Remember Forever"},"image":{"@id":"https:\/\/www.rememberme-forever.com\/fr\/#\/schema\/logo\/image\/"}}]}},"acf":[],"_links":{"self":[{"href":"https:\/\/www.rememberme-forever.com\/fr\/wp-json\/wp\/v2\/product\/25227","targetHints":{"allow":["GET"]}}],"collection":[{"href":"https:\/\/www.rememberme-forever.com\/fr\/wp-json\/wp\/v2\/product"}],"about":[{"href":"https:\/\/www.rememberme-forever.com\/fr\/wp-json\/wp\/v2\/types\/product"}],"wp:featuredmedia":[{"embeddable":true,"href":"https:\/\/www.rememberme-forever.com\/fr\/wp-json\/wp\/v2\/media\/25220"}],"wp:attachment":[{"href":"https:\/\/www.rememberme-forever.com\/fr\/wp-json\/wp\/v2\/media?parent=25227"}],"wp:term":[{"taxonomy":"product_brand","embeddable":true,"href":"https:\/\/www.rememberme-forever.com\/fr\/wp-json\/wp\/v2\/product_brand?post=25227"},{"taxonomy":"product_cat","embeddable":true,"href":"https:\/\/www.rememberme-forever.com\/fr\/wp-json\/wp\/v2\/product_cat?post=25227"},{"taxonomy":"product_tag","embeddable":true,"href":"https:\/\/www.rememberme-forever.com\/fr\/wp-json\/wp\/v2\/product_tag?post=25227"}],"curies":[{"name":"wp","href":"https:\/\/api.w.org\/{rel}","templated":true}]}}