{"id":25305,"date":"2023-04-11T12:15:43","date_gmt":"2023-04-11T10:15:43","guid":{"rendered":"https:\/\/www.rememberme-forever.com\/product\/urne-funeraire-adulte-en-onyx-pour-cendres-humaines-urne-en-pierre-au-design-unique\/"},"modified":"2026-02-19T12:38:13","modified_gmt":"2026-02-19T11:38:13","slug":"urne-funeraire-adulte-en-onyx-pour-cendres-humaines-urne-en-pierre-au-design-unique","status":"publish","type":"product","link":"https:\/\/www.rememberme-forever.com\/fr\/produit\/urne-funeraire-adulte-en-onyx-pour-cendres-humaines-urne-en-pierre-au-design-unique\/","title":{"rendered":"Urne fun\u00e9raire adulte en onyx pour cendres humaines, urne en pierre au design unique"},"content":{"rendered":"<div style=\"width: 100%; margin-bottom: 30px; height: max-content; padding-bottom: 60%; position: relative;\"><iframe style=\"position: absolute; top: 0; left: 0; width: 100%; height: 100%;\" src=\"https:\/\/rememberme-urns.com\/onyx-urn-with-doves-creamy\/\" frameborder=\"0\"><\/iframe><\/div>\n<div style=\"color: red; text-align: center; margin-bottom: 25px;\">\n<p>&gt;&gt; Rotation de la photo &#8211; appuyer\/zoomer &lt;&lt;<\/p>\n<\/div>\n<h2 style=\"text-align: center;\">Urne fun\u00e9raire adulte en onyx pour cendres humaines<\/h2>\n<p style=\"text-align: center;\">D\u00e9couvrez l\u2019<strong>urne fun\u00e9raire adulte en onyx pour cendres humaines<\/strong>, une urne en pierre au design unique, magnifiquement r\u00e9alis\u00e9e, id\u00e9ale pour honorer la m\u00e9moire de votre proche. Fabriqu\u00e9e en pierre d\u2019onyx de haute qualit\u00e9, cette urne est non seulement durable, mais offre aussi une apparence remarquable et unique en son genre, qui se distinguera dans n\u2019importe quelle pi\u00e8ce.<\/p>\n<p style=\"text-align: center;\">L\u2019urne est dot\u00e9e d\u2019une ouverture par le bas pour un acc\u00e8s facile. Elle est con\u00e7ue pour contenir en toute s\u00e9curit\u00e9 les cendres d\u2019un adulte, offrant un lieu de repos durable et digne. L\u2019urne est \u00e9galement livr\u00e9e avec une plaque comm\u00e9morative personnalisable, pouvant inclure le nom, les dates et d\u2019autres d\u00e9tails de la vie de votre proche, pour une touche personnelle et pour faire vivre son souvenir.<\/p>\n<p style=\"text-align: center;\">Veuillez noter qu\u2019en raison des variations naturelles de la pierre d\u2019onyx, l\u2019apparence de chaque urne peut l\u00e9g\u00e8rement diff\u00e9rer, rendant chacune v\u00e9ritablement unique. Qu\u2019elle soit expos\u00e9e dans un endroit bien en vue ou conserv\u00e9e dans un cadre plus priv\u00e9, cette urne fun\u00e9raire adulte en onyx constituera un hommage appropri\u00e9 \u00e0 un membre de la famille ou un ami cher.<\/p>\n<p><iframe loading=\"lazy\" title=\"Stone Cremation Urns, Decorative Urns For Ashes\" width=\"640\" height=\"360\" src=\"https:\/\/www.youtube.com\/embed\/LqFO9uc6_LU?start=17&#038;feature=oembed\" frameborder=\"0\" allow=\"accelerometer; autoplay; clipboard-write; encrypted-media; gyroscope; picture-in-picture; web-share\" referrerpolicy=\"strict-origin-when-cross-origin\" allowfullscreen><\/iframe><\/p>\n<p>&nbsp;<\/p>\n<p style=\"text-align: center;\"><em><strong>Il s&rsquo;agit d&rsquo;un produit fabriqu\u00e9 \u00e0 partir de mat\u00e9riaux naturels, l&rsquo;apparence peut \u00eatre l\u00e9g\u00e8rement diff\u00e9rente.<\/strong><\/em><\/p>\n<p>&nbsp;<\/p>\n<h3 style=\"text-align: center;\"><strong>PERSONNALISATION<\/strong><\/h3>\n<p style=\"text-align: center;\">La plaque comm\u00e9morative personnalis\u00e9e doit \u00eatre personnalis\u00e9e lors de votre commande. (Pas de panique si vous la manquez ; vous pouvez toujours nous contacter ult\u00e9rieurement.)<\/p>\n<p style=\"text-align: center;\">Veuillez examiner attentivement le texte \u00e0 graver avant d&rsquo;ajouter l&rsquo;article au panier. Nous reproduisons et gravons les informations exactes re\u00e7ues lors de la commande et n&rsquo;y apportons aucune modification.<\/p>\n<p style=\"text-align: center;\"><strong>Veuillez revoir le texte pour vous assurer que toutes les orthographes sont correctes.<\/strong><\/p>\n<p><strong><em><img loading=\"lazy\" decoding=\"async\" class=\" wp-image-1447 aligncenter\" src=\"http:\/\/www.rememberme-forever.com\/wp-content\/uploads\/2023\/04\/memorial-plaque-cremation-urn-gold-300x150.jpg\" alt=\"Plaque comm\u00e9morative, urne fun\u00e9raire dor\u00e9e\" width=\"268\" height=\"134\" srcset=\"https:\/\/www.rememberme-forever.com\/wp-content\/uploads\/2023\/04\/memorial-plaque-cremation-urn-gold-300x150.jpg 300w, https:\/\/www.rememberme-forever.com\/wp-content\/uploads\/2023\/04\/memorial-plaque-cremation-urn-gold-64x32.jpg 64w, https:\/\/www.rememberme-forever.com\/wp-content\/uploads\/2023\/04\/memorial-plaque-cremation-urn-gold.jpg 448w\" sizes=\"auto, (max-width: 268px) 100vw, 268px\" \/><\/em><\/strong><\/p>\n","protected":false},"excerpt":{"rendered":"<p>Urne fun\u00e9raire unique en onyx naturel avec colombes. Il n&rsquo;existe pas deux exemplaires identiques.<\/p>\n<p><em><strong>Convient aux personnes pesant jusqu&rsquo;\u00e0 104 kg.<\/strong><\/em><\/p>\n","protected":false},"featured_media":25300,"template":"","meta":{"_acf_changed":false},"product_brand":[],"product_cat":[2418],"product_tag":[3365],"class_list":{"0":"post-25305","1":"product","2":"type-product","3":"status-publish","4":"has-post-thumbnail","6":"product_cat-urnes-en-pierre","7":"product_tag-gpsr-stone-urns","8":"product_shipping_class-5-10kg-fr","10":"first","11":"instock","12":"taxable","13":"shipping-taxable","14":"purchasable","15":"product-type-variable"},"yoast_head":"<!-- This site is optimized with the Yoast SEO plugin v27.4 - https:\/\/yoast.com\/product\/yoast-seo-wordpress\/ -->\n<title>Urne fun\u00e9raire adulte en onyx pour cendres humaines, urne en pierre au design unique<\/title>\n<meta name=\"description\" content=\"D\u00e9couvrez l\u2019urne fun\u00e9raire adulte en onyx pour cendres humaines, une urne en pierre au design unique, magnifiquement r\u00e9alis\u00e9e, id\u00e9ale pour honorer la m\u00e9moire de votre proche.\" \/>\n<meta name=\"robots\" content=\"index, follow, max-snippet:-1, max-image-preview:large, max-video-preview:-1\" \/>\n<link rel=\"canonical\" href=\"https:\/\/www.rememberme-forever.com\/fr\/produit\/urne-funeraire-adulte-en-onyx-pour-cendres-humaines-urne-en-pierre-au-design-unique\/\" \/>\n<meta property=\"og:locale\" content=\"fr_FR\" \/>\n<meta property=\"og:type\" content=\"article\" \/>\n<meta property=\"og:title\" content=\"Urne fun\u00e9raire adulte en onyx pour cendres humaines, urne en pierre au design unique\" \/>\n<meta property=\"og:description\" content=\"D\u00e9couvrez l\u2019urne fun\u00e9raire adulte en onyx pour cendres humaines, une urne en pierre au design unique, magnifiquement r\u00e9alis\u00e9e, id\u00e9ale pour honorer la m\u00e9moire de votre proche.\" \/>\n<meta property=\"og:url\" content=\"https:\/\/www.rememberme-forever.com\/fr\/produit\/urne-funeraire-adulte-en-onyx-pour-cendres-humaines-urne-en-pierre-au-design-unique\/\" \/>\n<meta property=\"og:site_name\" content=\"Remember Forever\" \/>\n<meta property=\"article:modified_time\" content=\"2026-02-19T11:38:13+00:00\" \/>\n<meta property=\"og:image\" content=\"http:\/\/www.rememberme-forever.com\/wp-content\/uploads\/2023\/04\/Onyx-Adult-Urn-for-Human-Ashes.jpg\" \/>\n\t<meta property=\"og:image:width\" content=\"1007\" \/>\n\t<meta property=\"og:image:height\" content=\"1024\" \/>\n\t<meta property=\"og:image:type\" content=\"image\/jpeg\" \/>\n<meta name=\"twitter:card\" content=\"summary_large_image\" \/>\n<meta name=\"twitter:label1\" content=\"Dur\u00e9e de lecture estim\u00e9e\" \/>\n\t<meta name=\"twitter:data1\" content=\"2 minutes\" \/>\n<script type=\"application\/ld+json\" class=\"yoast-schema-graph\">{\"@context\":\"https:\\\/\\\/schema.org\",\"@graph\":[{\"@type\":\"WebPage\",\"@id\":\"https:\\\/\\\/www.rememberme-forever.com\\\/fr\\\/produit\\\/urne-funeraire-adulte-en-onyx-pour-cendres-humaines-urne-en-pierre-au-design-unique\\\/\",\"url\":\"https:\\\/\\\/www.rememberme-forever.com\\\/fr\\\/produit\\\/urne-funeraire-adulte-en-onyx-pour-cendres-humaines-urne-en-pierre-au-design-unique\\\/\",\"name\":\"Urne fun\u00e9raire adulte en onyx pour cendres humaines, urne en pierre au design unique\",\"isPartOf\":{\"@id\":\"https:\\\/\\\/www.rememberme-forever.com\\\/fr\\\/#website\"},\"primaryImageOfPage\":{\"@id\":\"https:\\\/\\\/www.rememberme-forever.com\\\/fr\\\/produit\\\/urne-funeraire-adulte-en-onyx-pour-cendres-humaines-urne-en-pierre-au-design-unique\\\/#primaryimage\"},\"image\":{\"@id\":\"https:\\\/\\\/www.rememberme-forever.com\\\/fr\\\/produit\\\/urne-funeraire-adulte-en-onyx-pour-cendres-humaines-urne-en-pierre-au-design-unique\\\/#primaryimage\"},\"thumbnailUrl\":\"https:\\\/\\\/www.rememberme-forever.com\\\/wp-content\\\/uploads\\\/2023\\\/04\\\/Onyx-Adult-Urn-for-Human-Ashes.jpg\",\"datePublished\":\"2023-04-11T10:15:43+00:00\",\"dateModified\":\"2026-02-19T11:38:13+00:00\",\"description\":\"D\u00e9couvrez l\u2019urne fun\u00e9raire adulte en onyx pour cendres humaines, une urne en pierre au design unique, magnifiquement r\u00e9alis\u00e9e, id\u00e9ale pour honorer la m\u00e9moire de votre proche.\",\"breadcrumb\":{\"@id\":\"https:\\\/\\\/www.rememberme-forever.com\\\/fr\\\/produit\\\/urne-funeraire-adulte-en-onyx-pour-cendres-humaines-urne-en-pierre-au-design-unique\\\/#breadcrumb\"},\"inLanguage\":\"fr-FR\",\"potentialAction\":[{\"@type\":\"ReadAction\",\"target\":[\"https:\\\/\\\/www.rememberme-forever.com\\\/fr\\\/produit\\\/urne-funeraire-adulte-en-onyx-pour-cendres-humaines-urne-en-pierre-au-design-unique\\\/\"]}]},{\"@type\":\"ImageObject\",\"inLanguage\":\"fr-FR\",\"@id\":\"https:\\\/\\\/www.rememberme-forever.com\\\/fr\\\/produit\\\/urne-funeraire-adulte-en-onyx-pour-cendres-humaines-urne-en-pierre-au-design-unique\\\/#primaryimage\",\"url\":\"https:\\\/\\\/www.rememberme-forever.com\\\/wp-content\\\/uploads\\\/2023\\\/04\\\/Onyx-Adult-Urn-for-Human-Ashes.jpg\",\"contentUrl\":\"https:\\\/\\\/www.rememberme-forever.com\\\/wp-content\\\/uploads\\\/2023\\\/04\\\/Onyx-Adult-Urn-for-Human-Ashes.jpg\",\"width\":1007,\"height\":1024,\"caption\":\"Urne fun\u00e9raire adulte en onyx pour cendres humaines\"},{\"@type\":\"BreadcrumbList\",\"@id\":\"https:\\\/\\\/www.rememberme-forever.com\\\/fr\\\/produit\\\/urne-funeraire-adulte-en-onyx-pour-cendres-humaines-urne-en-pierre-au-design-unique\\\/#breadcrumb\",\"itemListElement\":[{\"@type\":\"ListItem\",\"position\":1,\"name\":\"Home\",\"item\":\"https:\\\/\\\/www.rememberme-forever.com\\\/fr\\\/accueil\\\/\"},{\"@type\":\"ListItem\",\"position\":2,\"name\":\"Boutique\",\"item\":\"https:\\\/\\\/www.rememberme-forever.com\\\/fr\\\/boutique\\\/\"},{\"@type\":\"ListItem\",\"position\":3,\"name\":\"Urne fun\u00e9raire adulte en onyx pour cendres humaines, urne en pierre au design unique\"}]},{\"@type\":\"WebSite\",\"@id\":\"https:\\\/\\\/www.rememberme-forever.com\\\/fr\\\/#website\",\"url\":\"https:\\\/\\\/www.rememberme-forever.com\\\/fr\\\/\",\"name\":\"Remember Forever\",\"description\":\"Cremation urns, funeral urns, urns for ashes\",\"publisher\":{\"@id\":\"https:\\\/\\\/www.rememberme-forever.com\\\/fr\\\/#organization\"},\"potentialAction\":[{\"@type\":\"SearchAction\",\"target\":{\"@type\":\"EntryPoint\",\"urlTemplate\":\"https:\\\/\\\/www.rememberme-forever.com\\\/fr\\\/?s={search_term_string}\"},\"query-input\":{\"@type\":\"PropertyValueSpecification\",\"valueRequired\":true,\"valueName\":\"search_term_string\"}}],\"inLanguage\":\"fr-FR\"},{\"@type\":\"Organization\",\"@id\":\"https:\\\/\\\/www.rememberme-forever.com\\\/fr\\\/#organization\",\"name\":\"Remember Forever\",\"url\":\"https:\\\/\\\/www.rememberme-forever.com\\\/fr\\\/\",\"logo\":{\"@type\":\"ImageObject\",\"inLanguage\":\"fr-FR\",\"@id\":\"https:\\\/\\\/www.rememberme-forever.com\\\/fr\\\/#\\\/schema\\\/logo\\\/image\\\/\",\"url\":\"https:\\\/\\\/www.rememberme-forever.com\\\/wp-content\\\/uploads\\\/2023\\\/02\\\/logo.png\",\"contentUrl\":\"https:\\\/\\\/www.rememberme-forever.com\\\/wp-content\\\/uploads\\\/2023\\\/02\\\/logo.png\",\"width\":300,\"height\":56,\"caption\":\"Remember Forever\"},\"image\":{\"@id\":\"https:\\\/\\\/www.rememberme-forever.com\\\/fr\\\/#\\\/schema\\\/logo\\\/image\\\/\"}}]}<\/script>\n<!-- \/ Yoast SEO plugin. -->","yoast_head_json":{"title":"Urne fun\u00e9raire adulte en onyx pour cendres humaines, urne en pierre au design unique","description":"D\u00e9couvrez l\u2019urne fun\u00e9raire adulte en onyx pour cendres humaines, une urne en pierre au design unique, magnifiquement r\u00e9alis\u00e9e, id\u00e9ale pour honorer la m\u00e9moire de votre proche.","robots":{"index":"index","follow":"follow","max-snippet":"max-snippet:-1","max-image-preview":"max-image-preview:large","max-video-preview":"max-video-preview:-1"},"canonical":"https:\/\/www.rememberme-forever.com\/fr\/produit\/urne-funeraire-adulte-en-onyx-pour-cendres-humaines-urne-en-pierre-au-design-unique\/","og_locale":"fr_FR","og_type":"article","og_title":"Urne fun\u00e9raire adulte en onyx pour cendres humaines, urne en pierre au design unique","og_description":"D\u00e9couvrez l\u2019urne fun\u00e9raire adulte en onyx pour cendres humaines, une urne en pierre au design unique, magnifiquement r\u00e9alis\u00e9e, id\u00e9ale pour honorer la m\u00e9moire de votre proche.","og_url":"https:\/\/www.rememberme-forever.com\/fr\/produit\/urne-funeraire-adulte-en-onyx-pour-cendres-humaines-urne-en-pierre-au-design-unique\/","og_site_name":"Remember Forever","article_modified_time":"2026-02-19T11:38:13+00:00","og_image":[{"width":1007,"height":1024,"url":"http:\/\/www.rememberme-forever.com\/wp-content\/uploads\/2023\/04\/Onyx-Adult-Urn-for-Human-Ashes.jpg","type":"image\/jpeg"}],"twitter_card":"summary_large_image","twitter_misc":{"Dur\u00e9e de lecture estim\u00e9e":"2 minutes"},"schema":{"@context":"https:\/\/schema.org","@graph":[{"@type":"WebPage","@id":"https:\/\/www.rememberme-forever.com\/fr\/produit\/urne-funeraire-adulte-en-onyx-pour-cendres-humaines-urne-en-pierre-au-design-unique\/","url":"https:\/\/www.rememberme-forever.com\/fr\/produit\/urne-funeraire-adulte-en-onyx-pour-cendres-humaines-urne-en-pierre-au-design-unique\/","name":"Urne fun\u00e9raire adulte en onyx pour cendres humaines, urne en pierre au design unique","isPartOf":{"@id":"https:\/\/www.rememberme-forever.com\/fr\/#website"},"primaryImageOfPage":{"@id":"https:\/\/www.rememberme-forever.com\/fr\/produit\/urne-funeraire-adulte-en-onyx-pour-cendres-humaines-urne-en-pierre-au-design-unique\/#primaryimage"},"image":{"@id":"https:\/\/www.rememberme-forever.com\/fr\/produit\/urne-funeraire-adulte-en-onyx-pour-cendres-humaines-urne-en-pierre-au-design-unique\/#primaryimage"},"thumbnailUrl":"https:\/\/www.rememberme-forever.com\/wp-content\/uploads\/2023\/04\/Onyx-Adult-Urn-for-Human-Ashes.jpg","datePublished":"2023-04-11T10:15:43+00:00","dateModified":"2026-02-19T11:38:13+00:00","description":"D\u00e9couvrez l\u2019urne fun\u00e9raire adulte en onyx pour cendres humaines, une urne en pierre au design unique, magnifiquement r\u00e9alis\u00e9e, id\u00e9ale pour honorer la m\u00e9moire de votre proche.","breadcrumb":{"@id":"https:\/\/www.rememberme-forever.com\/fr\/produit\/urne-funeraire-adulte-en-onyx-pour-cendres-humaines-urne-en-pierre-au-design-unique\/#breadcrumb"},"inLanguage":"fr-FR","potentialAction":[{"@type":"ReadAction","target":["https:\/\/www.rememberme-forever.com\/fr\/produit\/urne-funeraire-adulte-en-onyx-pour-cendres-humaines-urne-en-pierre-au-design-unique\/"]}]},{"@type":"ImageObject","inLanguage":"fr-FR","@id":"https:\/\/www.rememberme-forever.com\/fr\/produit\/urne-funeraire-adulte-en-onyx-pour-cendres-humaines-urne-en-pierre-au-design-unique\/#primaryimage","url":"https:\/\/www.rememberme-forever.com\/wp-content\/uploads\/2023\/04\/Onyx-Adult-Urn-for-Human-Ashes.jpg","contentUrl":"https:\/\/www.rememberme-forever.com\/wp-content\/uploads\/2023\/04\/Onyx-Adult-Urn-for-Human-Ashes.jpg","width":1007,"height":1024,"caption":"Urne fun\u00e9raire adulte en onyx pour cendres humaines"},{"@type":"BreadcrumbList","@id":"https:\/\/www.rememberme-forever.com\/fr\/produit\/urne-funeraire-adulte-en-onyx-pour-cendres-humaines-urne-en-pierre-au-design-unique\/#breadcrumb","itemListElement":[{"@type":"ListItem","position":1,"name":"Home","item":"https:\/\/www.rememberme-forever.com\/fr\/accueil\/"},{"@type":"ListItem","position":2,"name":"Boutique","item":"https:\/\/www.rememberme-forever.com\/fr\/boutique\/"},{"@type":"ListItem","position":3,"name":"Urne fun\u00e9raire adulte en onyx pour cendres humaines, urne en pierre au design unique"}]},{"@type":"WebSite","@id":"https:\/\/www.rememberme-forever.com\/fr\/#website","url":"https:\/\/www.rememberme-forever.com\/fr\/","name":"Remember Forever","description":"Cremation urns, funeral urns, urns for ashes","publisher":{"@id":"https:\/\/www.rememberme-forever.com\/fr\/#organization"},"potentialAction":[{"@type":"SearchAction","target":{"@type":"EntryPoint","urlTemplate":"https:\/\/www.rememberme-forever.com\/fr\/?s={search_term_string}"},"query-input":{"@type":"PropertyValueSpecification","valueRequired":true,"valueName":"search_term_string"}}],"inLanguage":"fr-FR"},{"@type":"Organization","@id":"https:\/\/www.rememberme-forever.com\/fr\/#organization","name":"Remember Forever","url":"https:\/\/www.rememberme-forever.com\/fr\/","logo":{"@type":"ImageObject","inLanguage":"fr-FR","@id":"https:\/\/www.rememberme-forever.com\/fr\/#\/schema\/logo\/image\/","url":"https:\/\/www.rememberme-forever.com\/wp-content\/uploads\/2023\/02\/logo.png","contentUrl":"https:\/\/www.rememberme-forever.com\/wp-content\/uploads\/2023\/02\/logo.png","width":300,"height":56,"caption":"Remember Forever"},"image":{"@id":"https:\/\/www.rememberme-forever.com\/fr\/#\/schema\/logo\/image\/"}}]}},"acf":[],"_links":{"self":[{"href":"https:\/\/www.rememberme-forever.com\/fr\/wp-json\/wp\/v2\/product\/25305","targetHints":{"allow":["GET"]}}],"collection":[{"href":"https:\/\/www.rememberme-forever.com\/fr\/wp-json\/wp\/v2\/product"}],"about":[{"href":"https:\/\/www.rememberme-forever.com\/fr\/wp-json\/wp\/v2\/types\/product"}],"wp:featuredmedia":[{"embeddable":true,"href":"https:\/\/www.rememberme-forever.com\/fr\/wp-json\/wp\/v2\/media\/25300"}],"wp:attachment":[{"href":"https:\/\/www.rememberme-forever.com\/fr\/wp-json\/wp\/v2\/media?parent=25305"}],"wp:term":[{"taxonomy":"product_brand","embeddable":true,"href":"https:\/\/www.rememberme-forever.com\/fr\/wp-json\/wp\/v2\/product_brand?post=25305"},{"taxonomy":"product_cat","embeddable":true,"href":"https:\/\/www.rememberme-forever.com\/fr\/wp-json\/wp\/v2\/product_cat?post=25305"},{"taxonomy":"product_tag","embeddable":true,"href":"https:\/\/www.rememberme-forever.com\/fr\/wp-json\/wp\/v2\/product_tag?post=25305"}],"curies":[{"name":"wp","href":"https:\/\/api.w.org\/{rel}","templated":true}]}}