{"id":25336,"date":"2023-04-11T12:34:48","date_gmt":"2023-04-11T10:34:48","guid":{"rendered":"https:\/\/www.rememberme-forever.com\/product\/urne-funeraire-en-pierre-pour-adulte-urne-avec-plaque-commemorative-gravee\/"},"modified":"2026-02-19T13:04:00","modified_gmt":"2026-02-19T12:04:00","slug":"urne-funeraire-en-pierre-pour-adulte-urne-avec-plaque-commemorative-gravee","status":"publish","type":"product","link":"https:\/\/www.rememberme-forever.com\/fr\/produit\/urne-funeraire-en-pierre-pour-adulte-urne-avec-plaque-commemorative-gravee\/","title":{"rendered":"Urne fun\u00e9raire en pierre pour adulte, urne avec plaque comm\u00e9morative grav\u00e9e"},"content":{"rendered":"<h2 style=\"text-align: center;\">Urne fun\u00e9raire en pierre pour adulte<\/h2>\n<p style=\"text-align: center;\">Voici l\u2019<strong>urne fun\u00e9raire en pierre pour adulte<\/strong>, une pi\u00e8ce au design unique et remarquable offrant un lieu de repos digne pour les restes de l\u2019\u00eatre cher. Fabriqu\u00e9e en pierre de haute qualit\u00e9, cette urne dispose d\u2019une ouverture par le bas pour un acc\u00e8s facile et est con\u00e7ue pour contenir les cendres d\u2019un adulte.<\/p>\n<p style=\"text-align: center;\">Ce qui rend cette urne vraiment sp\u00e9ciale, c\u2019est sa plaque comm\u00e9morative grav\u00e9e personnalis\u00e9e. Cette plaque peut \u00eatre personnalis\u00e9e avec le nom du d\u00e9funt, ses dates et tout autre message sp\u00e9cial que vous souhaiteriez inclure, garantissant que sa m\u00e9moire soit pr\u00e9serv\u00e9e pour les ann\u00e9es \u00e0 venir.<\/p>\n<p style=\"text-align: center;\">Gr\u00e2ce \u00e0 son design unique, cette urne en pierre pour adulte se distinguera partout o\u00f9 elle sera expos\u00e9e. Chaque urne \u00e9tant fabriqu\u00e9e en pierre naturelle, son apparence peut varier l\u00e9g\u00e8rement, ce qui la rend v\u00e9ritablement unique. Cette urne offre un moyen magnifique et durable d\u2019honorer la vie de l\u2019\u00eatre cher et de garder sa m\u00e9moire vivante.<\/p>\n<p style=\"text-align: center;\">Qu\u2019elle soit expos\u00e9e dans un lieu bien en vue ou conserv\u00e9e dans un cadre plus priv\u00e9, l\u2019urne fun\u00e9raire en pierre pour adulte est un hommage appropri\u00e9 pour un membre de la famille ou un ami cher. Avec son design intemporel et sa gravure personnalis\u00e9e, cette urne est une belle fa\u00e7on de c\u00e9l\u00e9brer la vie d\u2019une personne sp\u00e9ciale.<\/p>\n<p>&nbsp;<\/p>\n<h3 style=\"text-align: center;\"><strong>PERSONNALISATION<\/strong><\/h3>\n<p style=\"text-align: center;\">La plaque comm\u00e9morative personnalis\u00e9e doit \u00eatre personnalis\u00e9e lors de votre commande. (Pas de panique si vous la manquez ; vous pouvez toujours nous contacter ult\u00e9rieurement.)<\/p>\n<p style=\"text-align: center;\">Veuillez examiner attentivement le texte \u00e0 graver avant d&rsquo;ajouter l&rsquo;article au panier. Nous reproduisons et gravons les informations exactes re\u00e7ues lors de la commande et n&rsquo;y apportons aucune modification.<\/p>\n<p style=\"text-align: center;\"><strong>Veuillez revoir le texte pour vous assurer que toutes les orthographes sont correctes.<\/strong><\/p>\n<p>&nbsp;<\/p>\n<p><img loading=\"lazy\" decoding=\"async\" class=\" wp-image-1447 aligncenter\" src=\"http:\/\/www.rememberme-forever.com\/wp-content\/uploads\/2023\/04\/memorial-plaque-cremation-urn-gold-300x150.jpg\" alt=\"Plaque comm\u00e9morative, urne fun\u00e9raire dor\u00e9e\" width=\"260\" height=\"130\" srcset=\"https:\/\/www.rememberme-forever.com\/wp-content\/uploads\/2023\/04\/memorial-plaque-cremation-urn-gold-300x150.jpg 300w, https:\/\/www.rememberme-forever.com\/wp-content\/uploads\/2023\/04\/memorial-plaque-cremation-urn-gold-64x32.jpg 64w, https:\/\/www.rememberme-forever.com\/wp-content\/uploads\/2023\/04\/memorial-plaque-cremation-urn-gold.jpg 448w\" sizes=\"auto, (max-width: 260px) 100vw, 260px\" \/><\/p>\n","protected":false},"excerpt":{"rendered":"<p>Urne cin\u00e9raire en pierre de forme parfaite.<\/p>\n<p><em><strong>Convient pour les cendres d\u2019un corps pesant jusqu\u2019\u00e0 env. <span class=\"body-weight-lbs\">292,90<\/span> lbs ou <span class=\"body-weight-kg\">131,80<\/span> kg.<\/strong><\/em><\/p>\n","protected":false},"featured_media":25332,"template":"","meta":{"_acf_changed":false},"product_brand":[],"product_cat":[2418],"product_tag":[3365],"class_list":{"0":"post-25336","1":"product","2":"type-product","3":"status-publish","4":"has-post-thumbnail","6":"product_cat-urnes-en-pierre","7":"product_tag-gpsr-stone-urns","8":"product_shipping_class-5-10kg-fr","10":"first","11":"instock","12":"taxable","13":"shipping-taxable","14":"purchasable","15":"product-type-variable"},"yoast_head":"<!-- This site is optimized with the Yoast SEO plugin v27.4 - https:\/\/yoast.com\/product\/yoast-seo-wordpress\/ -->\n<title>Urne fun\u00e9raire en pierre pour adulte, urne avec plaque comm\u00e9morative grav\u00e9e<\/title>\n<meta name=\"description\" content=\"Voici l\u2019urne fun\u00e9raire en pierre pour adulte, une pi\u00e8ce au design unique et remarquable offrant un lieu de repos digne pour les restes de l\u2019\u00eatre cher.\" \/>\n<meta name=\"robots\" content=\"index, follow, max-snippet:-1, max-image-preview:large, max-video-preview:-1\" \/>\n<link rel=\"canonical\" href=\"https:\/\/www.rememberme-forever.com\/fr\/produit\/urne-funeraire-en-pierre-pour-adulte-urne-avec-plaque-commemorative-gravee\/\" \/>\n<meta property=\"og:locale\" content=\"fr_FR\" \/>\n<meta property=\"og:type\" content=\"article\" \/>\n<meta property=\"og:title\" content=\"Urne fun\u00e9raire en pierre pour adulte, urne avec plaque comm\u00e9morative grav\u00e9e\" \/>\n<meta property=\"og:description\" content=\"Voici l\u2019urne fun\u00e9raire en pierre pour adulte, une pi\u00e8ce au design unique et remarquable offrant un lieu de repos digne pour les restes de l\u2019\u00eatre cher.\" \/>\n<meta property=\"og:url\" content=\"https:\/\/www.rememberme-forever.com\/fr\/produit\/urne-funeraire-en-pierre-pour-adulte-urne-avec-plaque-commemorative-gravee\/\" \/>\n<meta property=\"og:site_name\" content=\"Remember Forever\" \/>\n<meta property=\"article:modified_time\" content=\"2026-02-19T12:04:00+00:00\" \/>\n<meta property=\"og:image\" content=\"http:\/\/www.rememberme-forever.com\/wp-content\/uploads\/2023\/04\/cross-stone-urn.jpg\" \/>\n\t<meta property=\"og:image:width\" content=\"768\" \/>\n\t<meta property=\"og:image:height\" content=\"781\" \/>\n\t<meta property=\"og:image:type\" content=\"image\/jpeg\" \/>\n<meta name=\"twitter:card\" content=\"summary_large_image\" \/>\n<meta name=\"twitter:label1\" content=\"Dur\u00e9e de lecture estim\u00e9e\" \/>\n\t<meta name=\"twitter:data1\" content=\"2 minutes\" \/>\n<script type=\"application\/ld+json\" class=\"yoast-schema-graph\">{\"@context\":\"https:\\\/\\\/schema.org\",\"@graph\":[{\"@type\":\"WebPage\",\"@id\":\"https:\\\/\\\/www.rememberme-forever.com\\\/fr\\\/produit\\\/urne-funeraire-en-pierre-pour-adulte-urne-avec-plaque-commemorative-gravee\\\/\",\"url\":\"https:\\\/\\\/www.rememberme-forever.com\\\/fr\\\/produit\\\/urne-funeraire-en-pierre-pour-adulte-urne-avec-plaque-commemorative-gravee\\\/\",\"name\":\"Urne fun\u00e9raire en pierre pour adulte, urne avec plaque comm\u00e9morative grav\u00e9e\",\"isPartOf\":{\"@id\":\"https:\\\/\\\/www.rememberme-forever.com\\\/fr\\\/#website\"},\"primaryImageOfPage\":{\"@id\":\"https:\\\/\\\/www.rememberme-forever.com\\\/fr\\\/produit\\\/urne-funeraire-en-pierre-pour-adulte-urne-avec-plaque-commemorative-gravee\\\/#primaryimage\"},\"image\":{\"@id\":\"https:\\\/\\\/www.rememberme-forever.com\\\/fr\\\/produit\\\/urne-funeraire-en-pierre-pour-adulte-urne-avec-plaque-commemorative-gravee\\\/#primaryimage\"},\"thumbnailUrl\":\"https:\\\/\\\/www.rememberme-forever.com\\\/wp-content\\\/uploads\\\/2023\\\/04\\\/cross-stone-urn.jpg\",\"datePublished\":\"2023-04-11T10:34:48+00:00\",\"dateModified\":\"2026-02-19T12:04:00+00:00\",\"description\":\"Voici l\u2019urne fun\u00e9raire en pierre pour adulte, une pi\u00e8ce au design unique et remarquable offrant un lieu de repos digne pour les restes de l\u2019\u00eatre cher.\",\"breadcrumb\":{\"@id\":\"https:\\\/\\\/www.rememberme-forever.com\\\/fr\\\/produit\\\/urne-funeraire-en-pierre-pour-adulte-urne-avec-plaque-commemorative-gravee\\\/#breadcrumb\"},\"inLanguage\":\"fr-FR\",\"potentialAction\":[{\"@type\":\"ReadAction\",\"target\":[\"https:\\\/\\\/www.rememberme-forever.com\\\/fr\\\/produit\\\/urne-funeraire-en-pierre-pour-adulte-urne-avec-plaque-commemorative-gravee\\\/\"]}]},{\"@type\":\"ImageObject\",\"inLanguage\":\"fr-FR\",\"@id\":\"https:\\\/\\\/www.rememberme-forever.com\\\/fr\\\/produit\\\/urne-funeraire-en-pierre-pour-adulte-urne-avec-plaque-commemorative-gravee\\\/#primaryimage\",\"url\":\"https:\\\/\\\/www.rememberme-forever.com\\\/wp-content\\\/uploads\\\/2023\\\/04\\\/cross-stone-urn.jpg\",\"contentUrl\":\"https:\\\/\\\/www.rememberme-forever.com\\\/wp-content\\\/uploads\\\/2023\\\/04\\\/cross-stone-urn.jpg\",\"width\":768,\"height\":781,\"caption\":\"urne fun\u00e9raire en pierre pour adulte, urne en pierre avec croix, urnes fun\u00e9raires permanentes\"},{\"@type\":\"BreadcrumbList\",\"@id\":\"https:\\\/\\\/www.rememberme-forever.com\\\/fr\\\/produit\\\/urne-funeraire-en-pierre-pour-adulte-urne-avec-plaque-commemorative-gravee\\\/#breadcrumb\",\"itemListElement\":[{\"@type\":\"ListItem\",\"position\":1,\"name\":\"Home\",\"item\":\"https:\\\/\\\/www.rememberme-forever.com\\\/fr\\\/accueil\\\/\"},{\"@type\":\"ListItem\",\"position\":2,\"name\":\"Boutique\",\"item\":\"https:\\\/\\\/www.rememberme-forever.com\\\/fr\\\/boutique\\\/\"},{\"@type\":\"ListItem\",\"position\":3,\"name\":\"Urne fun\u00e9raire en pierre pour adulte, urne avec plaque comm\u00e9morative grav\u00e9e\"}]},{\"@type\":\"WebSite\",\"@id\":\"https:\\\/\\\/www.rememberme-forever.com\\\/fr\\\/#website\",\"url\":\"https:\\\/\\\/www.rememberme-forever.com\\\/fr\\\/\",\"name\":\"Remember Forever\",\"description\":\"Cremation urns, funeral urns, urns for ashes\",\"publisher\":{\"@id\":\"https:\\\/\\\/www.rememberme-forever.com\\\/fr\\\/#organization\"},\"potentialAction\":[{\"@type\":\"SearchAction\",\"target\":{\"@type\":\"EntryPoint\",\"urlTemplate\":\"https:\\\/\\\/www.rememberme-forever.com\\\/fr\\\/?s={search_term_string}\"},\"query-input\":{\"@type\":\"PropertyValueSpecification\",\"valueRequired\":true,\"valueName\":\"search_term_string\"}}],\"inLanguage\":\"fr-FR\"},{\"@type\":\"Organization\",\"@id\":\"https:\\\/\\\/www.rememberme-forever.com\\\/fr\\\/#organization\",\"name\":\"Remember Forever\",\"url\":\"https:\\\/\\\/www.rememberme-forever.com\\\/fr\\\/\",\"logo\":{\"@type\":\"ImageObject\",\"inLanguage\":\"fr-FR\",\"@id\":\"https:\\\/\\\/www.rememberme-forever.com\\\/fr\\\/#\\\/schema\\\/logo\\\/image\\\/\",\"url\":\"https:\\\/\\\/www.rememberme-forever.com\\\/wp-content\\\/uploads\\\/2023\\\/02\\\/logo.png\",\"contentUrl\":\"https:\\\/\\\/www.rememberme-forever.com\\\/wp-content\\\/uploads\\\/2023\\\/02\\\/logo.png\",\"width\":300,\"height\":56,\"caption\":\"Remember Forever\"},\"image\":{\"@id\":\"https:\\\/\\\/www.rememberme-forever.com\\\/fr\\\/#\\\/schema\\\/logo\\\/image\\\/\"}}]}<\/script>\n<!-- \/ Yoast SEO plugin. -->","yoast_head_json":{"title":"Urne fun\u00e9raire en pierre pour adulte, urne avec plaque comm\u00e9morative grav\u00e9e","description":"Voici l\u2019urne fun\u00e9raire en pierre pour adulte, une pi\u00e8ce au design unique et remarquable offrant un lieu de repos digne pour les restes de l\u2019\u00eatre cher.","robots":{"index":"index","follow":"follow","max-snippet":"max-snippet:-1","max-image-preview":"max-image-preview:large","max-video-preview":"max-video-preview:-1"},"canonical":"https:\/\/www.rememberme-forever.com\/fr\/produit\/urne-funeraire-en-pierre-pour-adulte-urne-avec-plaque-commemorative-gravee\/","og_locale":"fr_FR","og_type":"article","og_title":"Urne fun\u00e9raire en pierre pour adulte, urne avec plaque comm\u00e9morative grav\u00e9e","og_description":"Voici l\u2019urne fun\u00e9raire en pierre pour adulte, une pi\u00e8ce au design unique et remarquable offrant un lieu de repos digne pour les restes de l\u2019\u00eatre cher.","og_url":"https:\/\/www.rememberme-forever.com\/fr\/produit\/urne-funeraire-en-pierre-pour-adulte-urne-avec-plaque-commemorative-gravee\/","og_site_name":"Remember Forever","article_modified_time":"2026-02-19T12:04:00+00:00","og_image":[{"width":768,"height":781,"url":"http:\/\/www.rememberme-forever.com\/wp-content\/uploads\/2023\/04\/cross-stone-urn.jpg","type":"image\/jpeg"}],"twitter_card":"summary_large_image","twitter_misc":{"Dur\u00e9e de lecture estim\u00e9e":"2 minutes"},"schema":{"@context":"https:\/\/schema.org","@graph":[{"@type":"WebPage","@id":"https:\/\/www.rememberme-forever.com\/fr\/produit\/urne-funeraire-en-pierre-pour-adulte-urne-avec-plaque-commemorative-gravee\/","url":"https:\/\/www.rememberme-forever.com\/fr\/produit\/urne-funeraire-en-pierre-pour-adulte-urne-avec-plaque-commemorative-gravee\/","name":"Urne fun\u00e9raire en pierre pour adulte, urne avec plaque comm\u00e9morative grav\u00e9e","isPartOf":{"@id":"https:\/\/www.rememberme-forever.com\/fr\/#website"},"primaryImageOfPage":{"@id":"https:\/\/www.rememberme-forever.com\/fr\/produit\/urne-funeraire-en-pierre-pour-adulte-urne-avec-plaque-commemorative-gravee\/#primaryimage"},"image":{"@id":"https:\/\/www.rememberme-forever.com\/fr\/produit\/urne-funeraire-en-pierre-pour-adulte-urne-avec-plaque-commemorative-gravee\/#primaryimage"},"thumbnailUrl":"https:\/\/www.rememberme-forever.com\/wp-content\/uploads\/2023\/04\/cross-stone-urn.jpg","datePublished":"2023-04-11T10:34:48+00:00","dateModified":"2026-02-19T12:04:00+00:00","description":"Voici l\u2019urne fun\u00e9raire en pierre pour adulte, une pi\u00e8ce au design unique et remarquable offrant un lieu de repos digne pour les restes de l\u2019\u00eatre cher.","breadcrumb":{"@id":"https:\/\/www.rememberme-forever.com\/fr\/produit\/urne-funeraire-en-pierre-pour-adulte-urne-avec-plaque-commemorative-gravee\/#breadcrumb"},"inLanguage":"fr-FR","potentialAction":[{"@type":"ReadAction","target":["https:\/\/www.rememberme-forever.com\/fr\/produit\/urne-funeraire-en-pierre-pour-adulte-urne-avec-plaque-commemorative-gravee\/"]}]},{"@type":"ImageObject","inLanguage":"fr-FR","@id":"https:\/\/www.rememberme-forever.com\/fr\/produit\/urne-funeraire-en-pierre-pour-adulte-urne-avec-plaque-commemorative-gravee\/#primaryimage","url":"https:\/\/www.rememberme-forever.com\/wp-content\/uploads\/2023\/04\/cross-stone-urn.jpg","contentUrl":"https:\/\/www.rememberme-forever.com\/wp-content\/uploads\/2023\/04\/cross-stone-urn.jpg","width":768,"height":781,"caption":"urne fun\u00e9raire en pierre pour adulte, urne en pierre avec croix, urnes fun\u00e9raires permanentes"},{"@type":"BreadcrumbList","@id":"https:\/\/www.rememberme-forever.com\/fr\/produit\/urne-funeraire-en-pierre-pour-adulte-urne-avec-plaque-commemorative-gravee\/#breadcrumb","itemListElement":[{"@type":"ListItem","position":1,"name":"Home","item":"https:\/\/www.rememberme-forever.com\/fr\/accueil\/"},{"@type":"ListItem","position":2,"name":"Boutique","item":"https:\/\/www.rememberme-forever.com\/fr\/boutique\/"},{"@type":"ListItem","position":3,"name":"Urne fun\u00e9raire en pierre pour adulte, urne avec plaque comm\u00e9morative grav\u00e9e"}]},{"@type":"WebSite","@id":"https:\/\/www.rememberme-forever.com\/fr\/#website","url":"https:\/\/www.rememberme-forever.com\/fr\/","name":"Remember Forever","description":"Cremation urns, funeral urns, urns for ashes","publisher":{"@id":"https:\/\/www.rememberme-forever.com\/fr\/#organization"},"potentialAction":[{"@type":"SearchAction","target":{"@type":"EntryPoint","urlTemplate":"https:\/\/www.rememberme-forever.com\/fr\/?s={search_term_string}"},"query-input":{"@type":"PropertyValueSpecification","valueRequired":true,"valueName":"search_term_string"}}],"inLanguage":"fr-FR"},{"@type":"Organization","@id":"https:\/\/www.rememberme-forever.com\/fr\/#organization","name":"Remember Forever","url":"https:\/\/www.rememberme-forever.com\/fr\/","logo":{"@type":"ImageObject","inLanguage":"fr-FR","@id":"https:\/\/www.rememberme-forever.com\/fr\/#\/schema\/logo\/image\/","url":"https:\/\/www.rememberme-forever.com\/wp-content\/uploads\/2023\/02\/logo.png","contentUrl":"https:\/\/www.rememberme-forever.com\/wp-content\/uploads\/2023\/02\/logo.png","width":300,"height":56,"caption":"Remember Forever"},"image":{"@id":"https:\/\/www.rememberme-forever.com\/fr\/#\/schema\/logo\/image\/"}}]}},"acf":[],"_links":{"self":[{"href":"https:\/\/www.rememberme-forever.com\/fr\/wp-json\/wp\/v2\/product\/25336","targetHints":{"allow":["GET"]}}],"collection":[{"href":"https:\/\/www.rememberme-forever.com\/fr\/wp-json\/wp\/v2\/product"}],"about":[{"href":"https:\/\/www.rememberme-forever.com\/fr\/wp-json\/wp\/v2\/types\/product"}],"wp:featuredmedia":[{"embeddable":true,"href":"https:\/\/www.rememberme-forever.com\/fr\/wp-json\/wp\/v2\/media\/25332"}],"wp:attachment":[{"href":"https:\/\/www.rememberme-forever.com\/fr\/wp-json\/wp\/v2\/media?parent=25336"}],"wp:term":[{"taxonomy":"product_brand","embeddable":true,"href":"https:\/\/www.rememberme-forever.com\/fr\/wp-json\/wp\/v2\/product_brand?post=25336"},{"taxonomy":"product_cat","embeddable":true,"href":"https:\/\/www.rememberme-forever.com\/fr\/wp-json\/wp\/v2\/product_cat?post=25336"},{"taxonomy":"product_tag","embeddable":true,"href":"https:\/\/www.rememberme-forever.com\/fr\/wp-json\/wp\/v2\/product_tag?post=25336"}],"curies":[{"name":"wp","href":"https:\/\/api.w.org\/{rel}","templated":true}]}}