{"id":25372,"date":"2023-04-11T14:05:26","date_gmt":"2023-04-11T12:05:26","guid":{"rendered":"https:\/\/www.rememberme-forever.com\/product\/urne-funeraire-en-metal-rouge-urnes-de-cremation-pour-cendres-dadulte-homme-ou-femme\/"},"modified":"2026-02-19T13:47:35","modified_gmt":"2026-02-19T12:47:35","slug":"urne-funeraire-en-metal-rouge-urnes-de-cremation-pour-cendres-dadulte-homme-ou-femme","status":"publish","type":"product","link":"https:\/\/www.rememberme-forever.com\/fr\/produit\/urne-funeraire-en-metal-rouge-urnes-de-cremation-pour-cendres-dadulte-homme-ou-femme\/","title":{"rendered":"Urne fun\u00e9raire en m\u00e9tal rouge, urnes de cr\u00e9mation pour cendres d\u2019adulte homme ou femme"},"content":{"rendered":"<div style=\"width: 100%; margin-bottom: 30px; height: max-content; padding-bottom: 60%; position: relative;\"><iframe style=\"position: absolute; top: 0; left: 0; width: 100%; height: 100%;\" src=\"https:\/\/rememberme-urns.com\/red-urn-rose\/\" frameborder=\"0\"><\/iframe><\/div>\n<div style=\"color: red; text-align: center; margin-bottom: 25px;\">\n<p>&gt;&gt; Rotation de la photo &#8211; appuyer\/zoomer &lt;&lt;<\/p>\n<\/div>\n<h2 style=\"text-align: center;\">Urne fun\u00e9raire en m\u00e9tal rouge<\/h2>\n<p style=\"text-align: center;\">Cette <strong>urne fun\u00e9raire en m\u00e9tal rouge<\/strong> est une fa\u00e7on saisissante et pleine de c\u0153ur d\u2019honorer la m\u00e9moire de votre \u00eatre cher. Sa teinte rouge vive et audacieuse symbolise la passion, la force et la puissance durable de l\u2019amour.<\/p>\n<p style=\"text-align: center;\">Le couvercle \u00e0 ouverture par le haut facilite le d\u00e9p\u00f4t des cendres de votre \u00eatre cher, tandis que la rose ou la croix finement travaill\u00e9e \u00e0 l\u2019avant symbolise la beaut\u00e9 de la vie et l\u2019amour \u00e9ternel qui perdure au-del\u00e0 de la mort.<\/p>\n<p style=\"text-align: center;\">Avec la possibilit\u00e9 d\u2019ajouter une plaque comm\u00e9morative sur le plexiglas, vous pouvez personnaliser cette urne et cr\u00e9er un hommage unique qui refl\u00e8te l\u2019essence de la vie de votre \u00eatre cher. C\u2019est une mani\u00e8re touchante et pleine de sens de garder son souvenir pr\u00e8s de votre c\u0153ur et d\u2019honorer la vie qu\u2019il a v\u00e9cue.<\/p>\n<p style=\"text-align: center;\">Chaque fois que vous regarderez cette urne fun\u00e9raire en m\u00e9tal rouge, vous vous souviendrez de l\u2019amour et des souvenirs partag\u00e9s avec votre \u00eatre cher. Un hommage beau et \u00e9mouvant qui fera vivre son esprit pour toujours.<\/p>\n<p>&nbsp;<\/p>\n<h3 style=\"text-align: center;\"><strong>PERSONNALISATION<\/strong><\/h3>\n<p style=\"text-align: center;\">La plaque comm\u00e9morative personnalis\u00e9e doit \u00eatre personnalis\u00e9e lors de votre commande. (Pas de panique si vous la manquez ; vous pouvez toujours nous contacter ult\u00e9rieurement.)<\/p>\n<p style=\"text-align: center;\">Veuillez examiner attentivement le texte \u00e0 graver avant d&rsquo;ajouter l&rsquo;article au panier. Nous reproduisons et gravons les informations exactes re\u00e7ues lors de la commande et n&rsquo;y apportons aucune modification.<\/p>\n<p style=\"text-align: center;\"><strong>Veuillez revoir le texte pour vous assurer que toutes les orthographes sont correctes.<\/strong><\/p>\n<p><img loading=\"lazy\" decoding=\"async\" class=\" wp-image-698 aligncenter\" src=\"http:\/\/www.rememberme-forever.com\/wp-content\/uploads\/2023\/03\/gold-plaque-urn-295x300.jpg\" alt=\"Urne avec plaque dor\u00e9e\" width=\"194\" height=\"198\" srcset=\"https:\/\/www.rememberme-forever.com\/wp-content\/uploads\/2023\/03\/gold-plaque-urn-295x300.jpg 295w, https:\/\/www.rememberme-forever.com\/wp-content\/uploads\/2023\/03\/gold-plaque-urn-600x610.jpg 600w, https:\/\/www.rememberme-forever.com\/wp-content\/uploads\/2023\/03\/gold-plaque-urn-64x65.jpg 64w, https:\/\/www.rememberme-forever.com\/wp-content\/uploads\/2023\/03\/gold-plaque-urn.jpg 768w\" sizes=\"auto, (max-width: 194px) 100vw, 194px\" \/><\/p>\n<p style=\"text-align: center;\"><strong><em>La plaque comm\u00e9morative sera ajout\u00e9e s\u00e9par\u00e9ment avec le support, comme sur la photo.<\/em><\/strong><\/p>\n<p style=\"text-align: center;\"><strong><em>(Le support de la plaque comm\u00e9morative est en plexiglas transparent.)<\/em><\/strong><\/p>\n","protected":false},"excerpt":{"rendered":"<p>Urne de cr\u00e9mation adulte en m\u00e9tal rouge pour cendres humaines.<\/p>\n<p><em><strong>Convient pour un poids corporel d\u2019environ 231lbs =104kg<\/strong><\/em><\/p>\n","protected":false},"featured_media":25368,"template":"","meta":{"_acf_changed":false},"product_brand":[],"product_cat":[2415],"product_tag":[3338],"class_list":{"0":"post-25372","1":"product","2":"type-product","3":"status-publish","4":"has-post-thumbnail","6":"product_cat-urnes-en-metal","7":"product_tag-gpsr-metal-urns","8":"product_shipping_class-1-2-kg-fr","10":"first","11":"instock","12":"taxable","13":"shipping-taxable","14":"purchasable","15":"product-type-variable"},"yoast_head":"<!-- This site is optimized with the Yoast SEO plugin v27.4 - https:\/\/yoast.com\/product\/yoast-seo-wordpress\/ -->\n<title>Urne fun\u00e9raire en m\u00e9tal rouge, urnes de cr\u00e9mation pour cendres d\u2019adulte homme ou femme<\/title>\n<meta name=\"description\" content=\"Cette urne fun\u00e9raire en m\u00e9tal rouge est une fa\u00e7on saisissante et pleine de c\u0153ur d\u2019honorer la m\u00e9moire de votre \u00eatre cher. Urne de cr\u00e9mation id\u00e9ale pour un adulte, homme ou femme.\" \/>\n<meta name=\"robots\" content=\"index, follow, max-snippet:-1, max-image-preview:large, max-video-preview:-1\" \/>\n<link rel=\"canonical\" href=\"https:\/\/www.rememberme-forever.com\/fr\/produit\/urne-funeraire-en-metal-rouge-urnes-de-cremation-pour-cendres-dadulte-homme-ou-femme\/\" \/>\n<meta property=\"og:locale\" content=\"fr_FR\" \/>\n<meta property=\"og:type\" content=\"article\" \/>\n<meta property=\"og:title\" content=\"Urne fun\u00e9raire en m\u00e9tal rouge, urnes de cr\u00e9mation pour cendres d\u2019adulte homme ou femme\" \/>\n<meta property=\"og:description\" content=\"Cette urne fun\u00e9raire en m\u00e9tal rouge est une fa\u00e7on saisissante et pleine de c\u0153ur d\u2019honorer la m\u00e9moire de votre \u00eatre cher. Urne de cr\u00e9mation id\u00e9ale pour un adulte, homme ou femme.\" \/>\n<meta property=\"og:url\" content=\"https:\/\/www.rememberme-forever.com\/fr\/produit\/urne-funeraire-en-metal-rouge-urnes-de-cremation-pour-cendres-dadulte-homme-ou-femme\/\" \/>\n<meta property=\"og:site_name\" content=\"Remember Forever\" \/>\n<meta property=\"article:modified_time\" content=\"2026-02-19T12:47:35+00:00\" \/>\n<meta property=\"og:image\" content=\"http:\/\/www.rememberme-forever.com\/wp-content\/uploads\/2023\/04\/red-metal-urn.jpg\" \/>\n\t<meta property=\"og:image:width\" content=\"1007\" \/>\n\t<meta property=\"og:image:height\" content=\"1024\" \/>\n\t<meta property=\"og:image:type\" content=\"image\/jpeg\" \/>\n<meta name=\"twitter:card\" content=\"summary_large_image\" \/>\n<meta name=\"twitter:label1\" content=\"Dur\u00e9e de lecture estim\u00e9e\" \/>\n\t<meta name=\"twitter:data1\" content=\"2 minutes\" \/>\n<script type=\"application\/ld+json\" class=\"yoast-schema-graph\">{\"@context\":\"https:\\\/\\\/schema.org\",\"@graph\":[{\"@type\":\"WebPage\",\"@id\":\"https:\\\/\\\/www.rememberme-forever.com\\\/fr\\\/produit\\\/urne-funeraire-en-metal-rouge-urnes-de-cremation-pour-cendres-dadulte-homme-ou-femme\\\/\",\"url\":\"https:\\\/\\\/www.rememberme-forever.com\\\/fr\\\/produit\\\/urne-funeraire-en-metal-rouge-urnes-de-cremation-pour-cendres-dadulte-homme-ou-femme\\\/\",\"name\":\"Urne fun\u00e9raire en m\u00e9tal rouge, urnes de cr\u00e9mation pour cendres d\u2019adulte homme ou femme\",\"isPartOf\":{\"@id\":\"https:\\\/\\\/www.rememberme-forever.com\\\/fr\\\/#website\"},\"primaryImageOfPage\":{\"@id\":\"https:\\\/\\\/www.rememberme-forever.com\\\/fr\\\/produit\\\/urne-funeraire-en-metal-rouge-urnes-de-cremation-pour-cendres-dadulte-homme-ou-femme\\\/#primaryimage\"},\"image\":{\"@id\":\"https:\\\/\\\/www.rememberme-forever.com\\\/fr\\\/produit\\\/urne-funeraire-en-metal-rouge-urnes-de-cremation-pour-cendres-dadulte-homme-ou-femme\\\/#primaryimage\"},\"thumbnailUrl\":\"https:\\\/\\\/www.rememberme-forever.com\\\/wp-content\\\/uploads\\\/2023\\\/04\\\/red-metal-urn.jpg\",\"datePublished\":\"2023-04-11T12:05:26+00:00\",\"dateModified\":\"2026-02-19T12:47:35+00:00\",\"description\":\"Cette urne fun\u00e9raire en m\u00e9tal rouge est une fa\u00e7on saisissante et pleine de c\u0153ur d\u2019honorer la m\u00e9moire de votre \u00eatre cher. Urne de cr\u00e9mation id\u00e9ale pour un adulte, homme ou femme.\",\"breadcrumb\":{\"@id\":\"https:\\\/\\\/www.rememberme-forever.com\\\/fr\\\/produit\\\/urne-funeraire-en-metal-rouge-urnes-de-cremation-pour-cendres-dadulte-homme-ou-femme\\\/#breadcrumb\"},\"inLanguage\":\"fr-FR\",\"potentialAction\":[{\"@type\":\"ReadAction\",\"target\":[\"https:\\\/\\\/www.rememberme-forever.com\\\/fr\\\/produit\\\/urne-funeraire-en-metal-rouge-urnes-de-cremation-pour-cendres-dadulte-homme-ou-femme\\\/\"]}]},{\"@type\":\"ImageObject\",\"inLanguage\":\"fr-FR\",\"@id\":\"https:\\\/\\\/www.rememberme-forever.com\\\/fr\\\/produit\\\/urne-funeraire-en-metal-rouge-urnes-de-cremation-pour-cendres-dadulte-homme-ou-femme\\\/#primaryimage\",\"url\":\"https:\\\/\\\/www.rememberme-forever.com\\\/wp-content\\\/uploads\\\/2023\\\/04\\\/red-metal-urn.jpg\",\"contentUrl\":\"https:\\\/\\\/www.rememberme-forever.com\\\/wp-content\\\/uploads\\\/2023\\\/04\\\/red-metal-urn.jpg\",\"width\":1007,\"height\":1024,\"caption\":\"urne fun\u00e9raire en m\u00e9tal rouge\"},{\"@type\":\"BreadcrumbList\",\"@id\":\"https:\\\/\\\/www.rememberme-forever.com\\\/fr\\\/produit\\\/urne-funeraire-en-metal-rouge-urnes-de-cremation-pour-cendres-dadulte-homme-ou-femme\\\/#breadcrumb\",\"itemListElement\":[{\"@type\":\"ListItem\",\"position\":1,\"name\":\"Home\",\"item\":\"https:\\\/\\\/www.rememberme-forever.com\\\/fr\\\/accueil\\\/\"},{\"@type\":\"ListItem\",\"position\":2,\"name\":\"Boutique\",\"item\":\"https:\\\/\\\/www.rememberme-forever.com\\\/fr\\\/boutique\\\/\"},{\"@type\":\"ListItem\",\"position\":3,\"name\":\"Urne fun\u00e9raire en m\u00e9tal rouge, urnes de cr\u00e9mation pour cendres d\u2019adulte homme ou femme\"}]},{\"@type\":\"WebSite\",\"@id\":\"https:\\\/\\\/www.rememberme-forever.com\\\/fr\\\/#website\",\"url\":\"https:\\\/\\\/www.rememberme-forever.com\\\/fr\\\/\",\"name\":\"Remember Forever\",\"description\":\"Cremation urns, funeral urns, urns for ashes\",\"publisher\":{\"@id\":\"https:\\\/\\\/www.rememberme-forever.com\\\/fr\\\/#organization\"},\"potentialAction\":[{\"@type\":\"SearchAction\",\"target\":{\"@type\":\"EntryPoint\",\"urlTemplate\":\"https:\\\/\\\/www.rememberme-forever.com\\\/fr\\\/?s={search_term_string}\"},\"query-input\":{\"@type\":\"PropertyValueSpecification\",\"valueRequired\":true,\"valueName\":\"search_term_string\"}}],\"inLanguage\":\"fr-FR\"},{\"@type\":\"Organization\",\"@id\":\"https:\\\/\\\/www.rememberme-forever.com\\\/fr\\\/#organization\",\"name\":\"Remember Forever\",\"url\":\"https:\\\/\\\/www.rememberme-forever.com\\\/fr\\\/\",\"logo\":{\"@type\":\"ImageObject\",\"inLanguage\":\"fr-FR\",\"@id\":\"https:\\\/\\\/www.rememberme-forever.com\\\/fr\\\/#\\\/schema\\\/logo\\\/image\\\/\",\"url\":\"https:\\\/\\\/www.rememberme-forever.com\\\/wp-content\\\/uploads\\\/2023\\\/02\\\/logo.png\",\"contentUrl\":\"https:\\\/\\\/www.rememberme-forever.com\\\/wp-content\\\/uploads\\\/2023\\\/02\\\/logo.png\",\"width\":300,\"height\":56,\"caption\":\"Remember Forever\"},\"image\":{\"@id\":\"https:\\\/\\\/www.rememberme-forever.com\\\/fr\\\/#\\\/schema\\\/logo\\\/image\\\/\"}}]}<\/script>\n<!-- \/ Yoast SEO plugin. -->","yoast_head_json":{"title":"Urne fun\u00e9raire en m\u00e9tal rouge, urnes de cr\u00e9mation pour cendres d\u2019adulte homme ou femme","description":"Cette urne fun\u00e9raire en m\u00e9tal rouge est une fa\u00e7on saisissante et pleine de c\u0153ur d\u2019honorer la m\u00e9moire de votre \u00eatre cher. Urne de cr\u00e9mation id\u00e9ale pour un adulte, homme ou femme.","robots":{"index":"index","follow":"follow","max-snippet":"max-snippet:-1","max-image-preview":"max-image-preview:large","max-video-preview":"max-video-preview:-1"},"canonical":"https:\/\/www.rememberme-forever.com\/fr\/produit\/urne-funeraire-en-metal-rouge-urnes-de-cremation-pour-cendres-dadulte-homme-ou-femme\/","og_locale":"fr_FR","og_type":"article","og_title":"Urne fun\u00e9raire en m\u00e9tal rouge, urnes de cr\u00e9mation pour cendres d\u2019adulte homme ou femme","og_description":"Cette urne fun\u00e9raire en m\u00e9tal rouge est une fa\u00e7on saisissante et pleine de c\u0153ur d\u2019honorer la m\u00e9moire de votre \u00eatre cher. Urne de cr\u00e9mation id\u00e9ale pour un adulte, homme ou femme.","og_url":"https:\/\/www.rememberme-forever.com\/fr\/produit\/urne-funeraire-en-metal-rouge-urnes-de-cremation-pour-cendres-dadulte-homme-ou-femme\/","og_site_name":"Remember Forever","article_modified_time":"2026-02-19T12:47:35+00:00","og_image":[{"width":1007,"height":1024,"url":"http:\/\/www.rememberme-forever.com\/wp-content\/uploads\/2023\/04\/red-metal-urn.jpg","type":"image\/jpeg"}],"twitter_card":"summary_large_image","twitter_misc":{"Dur\u00e9e de lecture estim\u00e9e":"2 minutes"},"schema":{"@context":"https:\/\/schema.org","@graph":[{"@type":"WebPage","@id":"https:\/\/www.rememberme-forever.com\/fr\/produit\/urne-funeraire-en-metal-rouge-urnes-de-cremation-pour-cendres-dadulte-homme-ou-femme\/","url":"https:\/\/www.rememberme-forever.com\/fr\/produit\/urne-funeraire-en-metal-rouge-urnes-de-cremation-pour-cendres-dadulte-homme-ou-femme\/","name":"Urne fun\u00e9raire en m\u00e9tal rouge, urnes de cr\u00e9mation pour cendres d\u2019adulte homme ou femme","isPartOf":{"@id":"https:\/\/www.rememberme-forever.com\/fr\/#website"},"primaryImageOfPage":{"@id":"https:\/\/www.rememberme-forever.com\/fr\/produit\/urne-funeraire-en-metal-rouge-urnes-de-cremation-pour-cendres-dadulte-homme-ou-femme\/#primaryimage"},"image":{"@id":"https:\/\/www.rememberme-forever.com\/fr\/produit\/urne-funeraire-en-metal-rouge-urnes-de-cremation-pour-cendres-dadulte-homme-ou-femme\/#primaryimage"},"thumbnailUrl":"https:\/\/www.rememberme-forever.com\/wp-content\/uploads\/2023\/04\/red-metal-urn.jpg","datePublished":"2023-04-11T12:05:26+00:00","dateModified":"2026-02-19T12:47:35+00:00","description":"Cette urne fun\u00e9raire en m\u00e9tal rouge est une fa\u00e7on saisissante et pleine de c\u0153ur d\u2019honorer la m\u00e9moire de votre \u00eatre cher. Urne de cr\u00e9mation id\u00e9ale pour un adulte, homme ou femme.","breadcrumb":{"@id":"https:\/\/www.rememberme-forever.com\/fr\/produit\/urne-funeraire-en-metal-rouge-urnes-de-cremation-pour-cendres-dadulte-homme-ou-femme\/#breadcrumb"},"inLanguage":"fr-FR","potentialAction":[{"@type":"ReadAction","target":["https:\/\/www.rememberme-forever.com\/fr\/produit\/urne-funeraire-en-metal-rouge-urnes-de-cremation-pour-cendres-dadulte-homme-ou-femme\/"]}]},{"@type":"ImageObject","inLanguage":"fr-FR","@id":"https:\/\/www.rememberme-forever.com\/fr\/produit\/urne-funeraire-en-metal-rouge-urnes-de-cremation-pour-cendres-dadulte-homme-ou-femme\/#primaryimage","url":"https:\/\/www.rememberme-forever.com\/wp-content\/uploads\/2023\/04\/red-metal-urn.jpg","contentUrl":"https:\/\/www.rememberme-forever.com\/wp-content\/uploads\/2023\/04\/red-metal-urn.jpg","width":1007,"height":1024,"caption":"urne fun\u00e9raire en m\u00e9tal rouge"},{"@type":"BreadcrumbList","@id":"https:\/\/www.rememberme-forever.com\/fr\/produit\/urne-funeraire-en-metal-rouge-urnes-de-cremation-pour-cendres-dadulte-homme-ou-femme\/#breadcrumb","itemListElement":[{"@type":"ListItem","position":1,"name":"Home","item":"https:\/\/www.rememberme-forever.com\/fr\/accueil\/"},{"@type":"ListItem","position":2,"name":"Boutique","item":"https:\/\/www.rememberme-forever.com\/fr\/boutique\/"},{"@type":"ListItem","position":3,"name":"Urne fun\u00e9raire en m\u00e9tal rouge, urnes de cr\u00e9mation pour cendres d\u2019adulte homme ou femme"}]},{"@type":"WebSite","@id":"https:\/\/www.rememberme-forever.com\/fr\/#website","url":"https:\/\/www.rememberme-forever.com\/fr\/","name":"Remember Forever","description":"Cremation urns, funeral urns, urns for ashes","publisher":{"@id":"https:\/\/www.rememberme-forever.com\/fr\/#organization"},"potentialAction":[{"@type":"SearchAction","target":{"@type":"EntryPoint","urlTemplate":"https:\/\/www.rememberme-forever.com\/fr\/?s={search_term_string}"},"query-input":{"@type":"PropertyValueSpecification","valueRequired":true,"valueName":"search_term_string"}}],"inLanguage":"fr-FR"},{"@type":"Organization","@id":"https:\/\/www.rememberme-forever.com\/fr\/#organization","name":"Remember Forever","url":"https:\/\/www.rememberme-forever.com\/fr\/","logo":{"@type":"ImageObject","inLanguage":"fr-FR","@id":"https:\/\/www.rememberme-forever.com\/fr\/#\/schema\/logo\/image\/","url":"https:\/\/www.rememberme-forever.com\/wp-content\/uploads\/2023\/02\/logo.png","contentUrl":"https:\/\/www.rememberme-forever.com\/wp-content\/uploads\/2023\/02\/logo.png","width":300,"height":56,"caption":"Remember Forever"},"image":{"@id":"https:\/\/www.rememberme-forever.com\/fr\/#\/schema\/logo\/image\/"}}]}},"acf":[],"_links":{"self":[{"href":"https:\/\/www.rememberme-forever.com\/fr\/wp-json\/wp\/v2\/product\/25372","targetHints":{"allow":["GET"]}}],"collection":[{"href":"https:\/\/www.rememberme-forever.com\/fr\/wp-json\/wp\/v2\/product"}],"about":[{"href":"https:\/\/www.rememberme-forever.com\/fr\/wp-json\/wp\/v2\/types\/product"}],"wp:featuredmedia":[{"embeddable":true,"href":"https:\/\/www.rememberme-forever.com\/fr\/wp-json\/wp\/v2\/media\/25368"}],"wp:attachment":[{"href":"https:\/\/www.rememberme-forever.com\/fr\/wp-json\/wp\/v2\/media?parent=25372"}],"wp:term":[{"taxonomy":"product_brand","embeddable":true,"href":"https:\/\/www.rememberme-forever.com\/fr\/wp-json\/wp\/v2\/product_brand?post=25372"},{"taxonomy":"product_cat","embeddable":true,"href":"https:\/\/www.rememberme-forever.com\/fr\/wp-json\/wp\/v2\/product_cat?post=25372"},{"taxonomy":"product_tag","embeddable":true,"href":"https:\/\/www.rememberme-forever.com\/fr\/wp-json\/wp\/v2\/product_tag?post=25372"}],"curies":[{"name":"wp","href":"https:\/\/api.w.org\/{rel}","templated":true}]}}