{"id":25400,"date":"2023-04-12T09:07:31","date_gmt":"2023-04-12T07:07:31","guid":{"rendered":"https:\/\/www.rememberme-forever.com\/product\/urne-blanche-rustique-pour-cendres-urne-decoree-en-decopatch\/"},"modified":"2026-02-19T14:19:17","modified_gmt":"2026-02-19T13:19:17","slug":"urne-blanche-rustique-pour-cendres-urne-decoree-en-decopatch","status":"publish","type":"product","link":"https:\/\/www.rememberme-forever.com\/fr\/produit\/urne-blanche-rustique-pour-cendres-urne-decoree-en-decopatch\/","title":{"rendered":"Urne blanche rustique pour cendres, urne d\u00e9cor\u00e9e en d\u00e9copatch"},"content":{"rendered":"<h2 style=\"text-align: center;\">Urne blanche rustique pour cendres<\/h2>\n<p style=\"text-align: center;\">Cette <strong>urne blanche rustique<\/strong> pour cendres est une mani\u00e8re belle et unique d&rsquo;honorer la m\u00e9moire de votre \u00eatre cher. Fabriqu\u00e9e \u00e0 la main avec soin, sa finition craquel\u00e9e naturelle lui conf\u00e8re une touche de caract\u00e8re et ajoute \u00e0 son charme rustique.<\/p>\n<p style=\"text-align: center;\">Le motif d\u00e9cor\u00e9 en d\u00e9copatch constitue un superbe lieu de repos final. Chaque d\u00e9tail est peint \u00e0 la main avec amour, faisant de chaque urne une pi\u00e8ce unique, aussi sp\u00e9ciale que la personne qu&rsquo;elle comm\u00e9more.<\/p>\n<p style=\"text-align: center;\">L&rsquo;ouverture sup\u00e9rieure permet un acc\u00e8s facile aux cendres, et la plaque comm\u00e9morative sur le couvercle est le moyen id\u00e9al d&rsquo;afficher un message sinc\u00e8re ou le nom de votre \u00eatre cher. Le couvercle est s\u00e9curis\u00e9, garantissant que les cendres restent en s\u00e9curit\u00e9 et prot\u00e9g\u00e9es.<\/p>\n<p style=\"text-align: center;\">En tenant cette urne, vous pouvez ressentir l&rsquo;amour et le soin qui ont \u00e9t\u00e9 mis dans sa cr\u00e9ation. C&rsquo;est un hommage beau et \u00e9mouvant \u00e0 une vie bien v\u00e9cue, et un rappel que votre \u00eatre cher sera toujours avec vous en esprit. Ch\u00e9rissez sa m\u00e9moire avec cette superbe urne blanche rustique pour cendres.<\/p>\n<p style=\"text-align: center;\"><em><strong>Ce produit est peint \u00e0 la main ; son apparence peut donc l\u00e9g\u00e8rement varier.<\/strong><\/em><\/p>\n<p>&nbsp;<\/p>\n<h3 style=\"text-align: center;\"><strong>PERSONNALISATION<\/strong><\/h3>\n<p style=\"text-align: center;\">Si vous choisissez une plaque personnalis\u00e9e, veuillez soumettre du texte dans le cadre de personnalisation du produit.<\/p>\n<p style=\"text-align: center;\">La plaque comm\u00e9morative personnalis\u00e9e doit \u00eatre personnalis\u00e9e lors de votre commande. (Pas de panique si vous la manquez ; vous pouvez toujours nous contacter ult\u00e9rieurement.)<\/p>\n<p style=\"text-align: center;\">Veuillez examiner attentivement le texte \u00e0 graver avant d&rsquo;ajouter l&rsquo;article au panier. Nous reproduisons et gravons les informations exactes re\u00e7ues lors de la commande et n&rsquo;y apportons aucune modification.<\/p>\n<p style=\"text-align: center;\"><strong>Veuillez revoir le texte pour vous assurer que toutes les orthographes sont correctes.<\/strong><\/p>\n<p><img loading=\"lazy\" decoding=\"async\" class=\"wp-image-1617 aligncenter\" src=\"http:\/\/www.rememberme-forever.com\/wp-content\/uploads\/2023\/04\/white-urn-memorial-plaque-295x300.jpg\" alt=\"Plaque comm\u00e9morative pour urne blanche\" width=\"206\" height=\"209\" srcset=\"https:\/\/www.rememberme-forever.com\/wp-content\/uploads\/2023\/04\/white-urn-memorial-plaque-295x300.jpg 295w, https:\/\/www.rememberme-forever.com\/wp-content\/uploads\/2023\/04\/white-urn-memorial-plaque-600x610.jpg 600w, https:\/\/www.rememberme-forever.com\/wp-content\/uploads\/2023\/04\/white-urn-memorial-plaque-100x100.jpg 100w, https:\/\/www.rememberme-forever.com\/wp-content\/uploads\/2023\/04\/white-urn-memorial-plaque-64x65.jpg 64w, https:\/\/www.rememberme-forever.com\/wp-content\/uploads\/2023\/04\/white-urn-memorial-plaque.jpg 768w\" sizes=\"auto, (max-width: 206px) 100vw, 206px\" \/><\/p>\n","protected":false},"excerpt":{"rendered":"<p>Peinture \u00e0 effet craquel\u00e9 &#8211; un effet visuel tr\u00e8s original, avec un<strong> style d&rsquo;urne \u00ab\u00a0antique\u00a0\u00bb.<\/strong><\/p>\n<p><em><strong>Convient pour un poids corporel d&rsquo;environ 262 lbs &#8211; 118 kg <\/strong><\/em><\/p>\n","protected":false},"featured_media":25397,"template":"","meta":{"_acf_changed":false},"product_brand":[],"product_cat":[2406,2415],"product_tag":[3338],"class_list":{"0":"post-25400","1":"product","2":"type-product","3":"status-publish","4":"has-post-thumbnail","6":"product_cat-urnes-artistiques","7":"product_cat-urnes-en-metal","8":"product_tag-gpsr-metal-urns","9":"product_shipping_class-1-2-kg-fr","11":"first","12":"instock","13":"taxable","14":"shipping-taxable","15":"purchasable","16":"product-type-variable"},"yoast_head":"<!-- This site is optimized with the Yoast SEO plugin v27.4 - https:\/\/yoast.com\/product\/yoast-seo-wordpress\/ -->\n<title>Urne blanche rustique pour cendres, urne d\u00e9cor\u00e9e en d\u00e9copatch<\/title>\n<meta name=\"description\" content=\"Cette urne fun\u00e9raire blanche rustique est une mani\u00e8re belle et unique d&#039;honorer la m\u00e9moire de votre \u00eatre cher. Superbe urne pour cendres d\u00e9cor\u00e9e en d\u00e9copatch.\" \/>\n<meta name=\"robots\" content=\"index, follow, max-snippet:-1, max-image-preview:large, max-video-preview:-1\" \/>\n<link rel=\"canonical\" href=\"https:\/\/www.rememberme-forever.com\/fr\/produit\/urne-blanche-rustique-pour-cendres-urne-decoree-en-decopatch\/\" \/>\n<meta property=\"og:locale\" content=\"fr_FR\" \/>\n<meta property=\"og:type\" content=\"article\" \/>\n<meta property=\"og:title\" content=\"Urne blanche rustique pour cendres, urne d\u00e9cor\u00e9e en d\u00e9copatch\" \/>\n<meta property=\"og:description\" content=\"Cette urne fun\u00e9raire blanche rustique est une mani\u00e8re belle et unique d&#039;honorer la m\u00e9moire de votre \u00eatre cher. Superbe urne pour cendres d\u00e9cor\u00e9e en d\u00e9copatch.\" \/>\n<meta property=\"og:url\" content=\"https:\/\/www.rememberme-forever.com\/fr\/produit\/urne-blanche-rustique-pour-cendres-urne-decoree-en-decopatch\/\" \/>\n<meta property=\"og:site_name\" content=\"Remember Forever\" \/>\n<meta property=\"article:modified_time\" content=\"2026-02-19T13:19:17+00:00\" \/>\n<meta property=\"og:image\" content=\"http:\/\/www.rememberme-forever.com\/wp-content\/uploads\/2023\/04\/rustic-white-urn-for-ashes.jpg\" \/>\n\t<meta property=\"og:image:width\" content=\"768\" \/>\n\t<meta property=\"og:image:height\" content=\"781\" \/>\n\t<meta property=\"og:image:type\" content=\"image\/jpeg\" \/>\n<meta name=\"twitter:card\" content=\"summary_large_image\" \/>\n<meta name=\"twitter:label1\" content=\"Dur\u00e9e de lecture estim\u00e9e\" \/>\n\t<meta name=\"twitter:data1\" content=\"2 minutes\" \/>\n<script type=\"application\/ld+json\" class=\"yoast-schema-graph\">{\"@context\":\"https:\\\/\\\/schema.org\",\"@graph\":[{\"@type\":\"WebPage\",\"@id\":\"https:\\\/\\\/www.rememberme-forever.com\\\/fr\\\/produit\\\/urne-blanche-rustique-pour-cendres-urne-decoree-en-decopatch\\\/\",\"url\":\"https:\\\/\\\/www.rememberme-forever.com\\\/fr\\\/produit\\\/urne-blanche-rustique-pour-cendres-urne-decoree-en-decopatch\\\/\",\"name\":\"Urne blanche rustique pour cendres, urne d\u00e9cor\u00e9e en d\u00e9copatch\",\"isPartOf\":{\"@id\":\"https:\\\/\\\/www.rememberme-forever.com\\\/fr\\\/#website\"},\"primaryImageOfPage\":{\"@id\":\"https:\\\/\\\/www.rememberme-forever.com\\\/fr\\\/produit\\\/urne-blanche-rustique-pour-cendres-urne-decoree-en-decopatch\\\/#primaryimage\"},\"image\":{\"@id\":\"https:\\\/\\\/www.rememberme-forever.com\\\/fr\\\/produit\\\/urne-blanche-rustique-pour-cendres-urne-decoree-en-decopatch\\\/#primaryimage\"},\"thumbnailUrl\":\"https:\\\/\\\/www.rememberme-forever.com\\\/wp-content\\\/uploads\\\/2023\\\/04\\\/rustic-white-urn-for-ashes.jpg\",\"datePublished\":\"2023-04-12T07:07:31+00:00\",\"dateModified\":\"2026-02-19T13:19:17+00:00\",\"description\":\"Cette urne fun\u00e9raire blanche rustique est une mani\u00e8re belle et unique d'honorer la m\u00e9moire de votre \u00eatre cher. Superbe urne pour cendres d\u00e9cor\u00e9e en d\u00e9copatch.\",\"breadcrumb\":{\"@id\":\"https:\\\/\\\/www.rememberme-forever.com\\\/fr\\\/produit\\\/urne-blanche-rustique-pour-cendres-urne-decoree-en-decopatch\\\/#breadcrumb\"},\"inLanguage\":\"fr-FR\",\"potentialAction\":[{\"@type\":\"ReadAction\",\"target\":[\"https:\\\/\\\/www.rememberme-forever.com\\\/fr\\\/produit\\\/urne-blanche-rustique-pour-cendres-urne-decoree-en-decopatch\\\/\"]}]},{\"@type\":\"ImageObject\",\"inLanguage\":\"fr-FR\",\"@id\":\"https:\\\/\\\/www.rememberme-forever.com\\\/fr\\\/produit\\\/urne-blanche-rustique-pour-cendres-urne-decoree-en-decopatch\\\/#primaryimage\",\"url\":\"https:\\\/\\\/www.rememberme-forever.com\\\/wp-content\\\/uploads\\\/2023\\\/04\\\/rustic-white-urn-for-ashes.jpg\",\"contentUrl\":\"https:\\\/\\\/www.rememberme-forever.com\\\/wp-content\\\/uploads\\\/2023\\\/04\\\/rustic-white-urn-for-ashes.jpg\",\"width\":768,\"height\":781,\"caption\":\"Urne blanche rustique pour cendres\"},{\"@type\":\"BreadcrumbList\",\"@id\":\"https:\\\/\\\/www.rememberme-forever.com\\\/fr\\\/produit\\\/urne-blanche-rustique-pour-cendres-urne-decoree-en-decopatch\\\/#breadcrumb\",\"itemListElement\":[{\"@type\":\"ListItem\",\"position\":1,\"name\":\"Home\",\"item\":\"https:\\\/\\\/www.rememberme-forever.com\\\/fr\\\/accueil\\\/\"},{\"@type\":\"ListItem\",\"position\":2,\"name\":\"Boutique\",\"item\":\"https:\\\/\\\/www.rememberme-forever.com\\\/fr\\\/boutique\\\/\"},{\"@type\":\"ListItem\",\"position\":3,\"name\":\"Urne blanche rustique pour cendres, urne d\u00e9cor\u00e9e en d\u00e9copatch\"}]},{\"@type\":\"WebSite\",\"@id\":\"https:\\\/\\\/www.rememberme-forever.com\\\/fr\\\/#website\",\"url\":\"https:\\\/\\\/www.rememberme-forever.com\\\/fr\\\/\",\"name\":\"Remember Forever\",\"description\":\"Cremation urns, funeral urns, urns for ashes\",\"publisher\":{\"@id\":\"https:\\\/\\\/www.rememberme-forever.com\\\/fr\\\/#organization\"},\"potentialAction\":[{\"@type\":\"SearchAction\",\"target\":{\"@type\":\"EntryPoint\",\"urlTemplate\":\"https:\\\/\\\/www.rememberme-forever.com\\\/fr\\\/?s={search_term_string}\"},\"query-input\":{\"@type\":\"PropertyValueSpecification\",\"valueRequired\":true,\"valueName\":\"search_term_string\"}}],\"inLanguage\":\"fr-FR\"},{\"@type\":\"Organization\",\"@id\":\"https:\\\/\\\/www.rememberme-forever.com\\\/fr\\\/#organization\",\"name\":\"Remember Forever\",\"url\":\"https:\\\/\\\/www.rememberme-forever.com\\\/fr\\\/\",\"logo\":{\"@type\":\"ImageObject\",\"inLanguage\":\"fr-FR\",\"@id\":\"https:\\\/\\\/www.rememberme-forever.com\\\/fr\\\/#\\\/schema\\\/logo\\\/image\\\/\",\"url\":\"https:\\\/\\\/www.rememberme-forever.com\\\/wp-content\\\/uploads\\\/2023\\\/02\\\/logo.png\",\"contentUrl\":\"https:\\\/\\\/www.rememberme-forever.com\\\/wp-content\\\/uploads\\\/2023\\\/02\\\/logo.png\",\"width\":300,\"height\":56,\"caption\":\"Remember Forever\"},\"image\":{\"@id\":\"https:\\\/\\\/www.rememberme-forever.com\\\/fr\\\/#\\\/schema\\\/logo\\\/image\\\/\"}}]}<\/script>\n<!-- \/ Yoast SEO plugin. -->","yoast_head_json":{"title":"Urne blanche rustique pour cendres, urne d\u00e9cor\u00e9e en d\u00e9copatch","description":"Cette urne fun\u00e9raire blanche rustique est une mani\u00e8re belle et unique d'honorer la m\u00e9moire de votre \u00eatre cher. Superbe urne pour cendres d\u00e9cor\u00e9e en d\u00e9copatch.","robots":{"index":"index","follow":"follow","max-snippet":"max-snippet:-1","max-image-preview":"max-image-preview:large","max-video-preview":"max-video-preview:-1"},"canonical":"https:\/\/www.rememberme-forever.com\/fr\/produit\/urne-blanche-rustique-pour-cendres-urne-decoree-en-decopatch\/","og_locale":"fr_FR","og_type":"article","og_title":"Urne blanche rustique pour cendres, urne d\u00e9cor\u00e9e en d\u00e9copatch","og_description":"Cette urne fun\u00e9raire blanche rustique est une mani\u00e8re belle et unique d'honorer la m\u00e9moire de votre \u00eatre cher. Superbe urne pour cendres d\u00e9cor\u00e9e en d\u00e9copatch.","og_url":"https:\/\/www.rememberme-forever.com\/fr\/produit\/urne-blanche-rustique-pour-cendres-urne-decoree-en-decopatch\/","og_site_name":"Remember Forever","article_modified_time":"2026-02-19T13:19:17+00:00","og_image":[{"width":768,"height":781,"url":"http:\/\/www.rememberme-forever.com\/wp-content\/uploads\/2023\/04\/rustic-white-urn-for-ashes.jpg","type":"image\/jpeg"}],"twitter_card":"summary_large_image","twitter_misc":{"Dur\u00e9e de lecture estim\u00e9e":"2 minutes"},"schema":{"@context":"https:\/\/schema.org","@graph":[{"@type":"WebPage","@id":"https:\/\/www.rememberme-forever.com\/fr\/produit\/urne-blanche-rustique-pour-cendres-urne-decoree-en-decopatch\/","url":"https:\/\/www.rememberme-forever.com\/fr\/produit\/urne-blanche-rustique-pour-cendres-urne-decoree-en-decopatch\/","name":"Urne blanche rustique pour cendres, urne d\u00e9cor\u00e9e en d\u00e9copatch","isPartOf":{"@id":"https:\/\/www.rememberme-forever.com\/fr\/#website"},"primaryImageOfPage":{"@id":"https:\/\/www.rememberme-forever.com\/fr\/produit\/urne-blanche-rustique-pour-cendres-urne-decoree-en-decopatch\/#primaryimage"},"image":{"@id":"https:\/\/www.rememberme-forever.com\/fr\/produit\/urne-blanche-rustique-pour-cendres-urne-decoree-en-decopatch\/#primaryimage"},"thumbnailUrl":"https:\/\/www.rememberme-forever.com\/wp-content\/uploads\/2023\/04\/rustic-white-urn-for-ashes.jpg","datePublished":"2023-04-12T07:07:31+00:00","dateModified":"2026-02-19T13:19:17+00:00","description":"Cette urne fun\u00e9raire blanche rustique est une mani\u00e8re belle et unique d'honorer la m\u00e9moire de votre \u00eatre cher. Superbe urne pour cendres d\u00e9cor\u00e9e en d\u00e9copatch.","breadcrumb":{"@id":"https:\/\/www.rememberme-forever.com\/fr\/produit\/urne-blanche-rustique-pour-cendres-urne-decoree-en-decopatch\/#breadcrumb"},"inLanguage":"fr-FR","potentialAction":[{"@type":"ReadAction","target":["https:\/\/www.rememberme-forever.com\/fr\/produit\/urne-blanche-rustique-pour-cendres-urne-decoree-en-decopatch\/"]}]},{"@type":"ImageObject","inLanguage":"fr-FR","@id":"https:\/\/www.rememberme-forever.com\/fr\/produit\/urne-blanche-rustique-pour-cendres-urne-decoree-en-decopatch\/#primaryimage","url":"https:\/\/www.rememberme-forever.com\/wp-content\/uploads\/2023\/04\/rustic-white-urn-for-ashes.jpg","contentUrl":"https:\/\/www.rememberme-forever.com\/wp-content\/uploads\/2023\/04\/rustic-white-urn-for-ashes.jpg","width":768,"height":781,"caption":"Urne blanche rustique pour cendres"},{"@type":"BreadcrumbList","@id":"https:\/\/www.rememberme-forever.com\/fr\/produit\/urne-blanche-rustique-pour-cendres-urne-decoree-en-decopatch\/#breadcrumb","itemListElement":[{"@type":"ListItem","position":1,"name":"Home","item":"https:\/\/www.rememberme-forever.com\/fr\/accueil\/"},{"@type":"ListItem","position":2,"name":"Boutique","item":"https:\/\/www.rememberme-forever.com\/fr\/boutique\/"},{"@type":"ListItem","position":3,"name":"Urne blanche rustique pour cendres, urne d\u00e9cor\u00e9e en d\u00e9copatch"}]},{"@type":"WebSite","@id":"https:\/\/www.rememberme-forever.com\/fr\/#website","url":"https:\/\/www.rememberme-forever.com\/fr\/","name":"Remember Forever","description":"Cremation urns, funeral urns, urns for ashes","publisher":{"@id":"https:\/\/www.rememberme-forever.com\/fr\/#organization"},"potentialAction":[{"@type":"SearchAction","target":{"@type":"EntryPoint","urlTemplate":"https:\/\/www.rememberme-forever.com\/fr\/?s={search_term_string}"},"query-input":{"@type":"PropertyValueSpecification","valueRequired":true,"valueName":"search_term_string"}}],"inLanguage":"fr-FR"},{"@type":"Organization","@id":"https:\/\/www.rememberme-forever.com\/fr\/#organization","name":"Remember Forever","url":"https:\/\/www.rememberme-forever.com\/fr\/","logo":{"@type":"ImageObject","inLanguage":"fr-FR","@id":"https:\/\/www.rememberme-forever.com\/fr\/#\/schema\/logo\/image\/","url":"https:\/\/www.rememberme-forever.com\/wp-content\/uploads\/2023\/02\/logo.png","contentUrl":"https:\/\/www.rememberme-forever.com\/wp-content\/uploads\/2023\/02\/logo.png","width":300,"height":56,"caption":"Remember Forever"},"image":{"@id":"https:\/\/www.rememberme-forever.com\/fr\/#\/schema\/logo\/image\/"}}]}},"acf":[],"_links":{"self":[{"href":"https:\/\/www.rememberme-forever.com\/fr\/wp-json\/wp\/v2\/product\/25400","targetHints":{"allow":["GET"]}}],"collection":[{"href":"https:\/\/www.rememberme-forever.com\/fr\/wp-json\/wp\/v2\/product"}],"about":[{"href":"https:\/\/www.rememberme-forever.com\/fr\/wp-json\/wp\/v2\/types\/product"}],"wp:featuredmedia":[{"embeddable":true,"href":"https:\/\/www.rememberme-forever.com\/fr\/wp-json\/wp\/v2\/media\/25397"}],"wp:attachment":[{"href":"https:\/\/www.rememberme-forever.com\/fr\/wp-json\/wp\/v2\/media?parent=25400"}],"wp:term":[{"taxonomy":"product_brand","embeddable":true,"href":"https:\/\/www.rememberme-forever.com\/fr\/wp-json\/wp\/v2\/product_brand?post=25400"},{"taxonomy":"product_cat","embeddable":true,"href":"https:\/\/www.rememberme-forever.com\/fr\/wp-json\/wp\/v2\/product_cat?post=25400"},{"taxonomy":"product_tag","embeddable":true,"href":"https:\/\/www.rememberme-forever.com\/fr\/wp-json\/wp\/v2\/product_tag?post=25400"}],"curies":[{"name":"wp","href":"https:\/\/api.w.org\/{rel}","templated":true}]}}