{"id":25432,"date":"2023-04-12T09:44:22","date_gmt":"2023-04-12T07:44:22","guid":{"rendered":"https:\/\/www.rememberme-forever.com\/product\/urne-rustique-noire-peinte-a-effet-craquele-urne-peinte-en-decoupage\/"},"modified":"2026-02-19T14:20:10","modified_gmt":"2026-02-19T13:20:10","slug":"urne-rustique-noire-peinte-a-effet-craquele-urne-peinte-en-decoupage","status":"publish","type":"product","link":"https:\/\/www.rememberme-forever.com\/fr\/produit\/urne-rustique-noire-peinte-a-effet-craquele-urne-peinte-en-decoupage\/","title":{"rendered":"Urne rustique noire peinte \u00e0 effet craquel\u00e9, urne peinte en d\u00e9coupage"},"content":{"rendered":"<div style=\"width: 100%; margin-bottom: 40px; height: max-content; padding-bottom: 60%; position: relative;\"><iframe style=\"position: absolute; top: 0; left: 0; width: 100%; height: 100%;\" src=\"https:\/\/rememberme-urns.com\/black-artistic-metal-urn\/\" frameborder=\"0\"><\/iframe><\/div>\n<div style=\"color: red; text-align: center; margin-bottom: 25px;\">\n<p>&gt;&gt; Rotation de la photo &#8211; appuyer\/zoomer &lt;&lt;<\/p>\n<\/div>\n<h2 style=\"text-align: center;\">Urne rustique noire peinte \u00e0 effet craquel\u00e9<\/h2>\n<p style=\"text-align: center;\">Cette <strong>urne fun\u00e9raire rustique noire<\/strong> est une mani\u00e8re intemporelle et \u00e9l\u00e9gante d\u2019honorer la m\u00e9moire de votre \u00eatre cher. Fabriqu\u00e9e avec une attention exceptionnelle aux d\u00e9tails, l\u2019effet craquel\u00e9 naturel lui conf\u00e8re un caract\u00e8re unique et ajoute \u00e0 son charme rustique.<\/p>\n<p style=\"text-align: center;\">L\u2019urne au design peint en d\u00e9coupage est un lieu de repos final \u00e9poustouflant. Chaque urne est unique, ce qui en fait une pi\u00e8ce vraiment sp\u00e9ciale, aussi singuli\u00e8re que la personne qu\u2019elle comm\u00e9more.<\/p>\n<p style=\"text-align: center;\">L\u2019ouverture sup\u00e9rieure permet un acc\u00e8s facile aux cendres, et la plaque comm\u00e9morative sur le couvercle sup\u00e9rieur est l\u2019endroit id\u00e9al pour afficher un message sinc\u00e8re ou le nom de votre \u00eatre cher. Le couvercle est s\u00e9curis\u00e9, garantissant que les cendres restent en s\u00e9curit\u00e9 et prot\u00e9g\u00e9es.<\/p>\n<p style=\"text-align: center;\">En tenant cette urne, vous pouvez ressentir l\u2019amour et le soin qui ont \u00e9t\u00e9 mis dans sa cr\u00e9ation. C\u2019est un hommage magnifique et \u00e9mouvant \u00e0 une vie bien v\u00e9cue, et un rappel que votre \u00eatre cher sera toujours avec vous en esprit. Ch\u00e9rissez leur m\u00e9moire avec cette superbe urne fun\u00e9raire rustique noire, et laissez-la servir de rappel durable de leur amour, de leur lumi\u00e8re et de leur h\u00e9ritage.<\/p>\n<p style=\"text-align: center;\"><em><strong>Ce produit est peint \u00e0 la main ; son apparence peut donc l\u00e9g\u00e8rement varier.<\/strong><\/em><\/p>\n<p>&nbsp;<\/p>\n<h3 style=\"text-align: center;\"><strong>PERSONNALISATION<\/strong><\/h3>\n<p style=\"text-align: center;\">Si vous choisissez une plaque personnalis\u00e9e, veuillez soumettre du texte dans le cadre de personnalisation du produit.<\/p>\n<p style=\"text-align: center;\">La plaque comm\u00e9morative personnalis\u00e9e doit \u00eatre personnalis\u00e9e lors de votre commande. (Pas de panique si vous la manquez ; vous pouvez toujours nous contacter ult\u00e9rieurement.)<\/p>\n<p style=\"text-align: center;\">Veuillez examiner attentivement le texte \u00e0 graver avant d&rsquo;ajouter l&rsquo;article au panier. Nous reproduisons et gravons les informations exactes re\u00e7ues lors de la commande et n&rsquo;y apportons aucune modification.<\/p>\n<p style=\"text-align: center;\"><strong>Veuillez revoir le texte pour vous assurer que toutes les orthographes sont correctes.<\/strong><\/p>\n<p><img loading=\"lazy\" decoding=\"async\" class=\" wp-image-1609 aligncenter\" src=\"http:\/\/www.rememberme-forever.com\/wp-content\/uploads\/2023\/04\/personalized-black-ashes-urn-295x300.jpg\" alt=\"urne fun\u00e9raire noire personnalis\u00e9e\" width=\"187\" height=\"190\" srcset=\"https:\/\/www.rememberme-forever.com\/wp-content\/uploads\/2023\/04\/personalized-black-ashes-urn-295x300.jpg 295w, https:\/\/www.rememberme-forever.com\/wp-content\/uploads\/2023\/04\/personalized-black-ashes-urn-600x610.jpg 600w, https:\/\/www.rememberme-forever.com\/wp-content\/uploads\/2023\/04\/personalized-black-ashes-urn-64x65.jpg 64w, https:\/\/www.rememberme-forever.com\/wp-content\/uploads\/2023\/04\/personalized-black-ashes-urn.jpg 768w\" sizes=\"auto, (max-width: 187px) 100vw, 187px\" \/><\/p>\n","protected":false},"excerpt":{"rendered":"<p>Peinture \u00e0 effet craquel\u00e9 &#8211; un effet visuel tr\u00e8s original, avec un<strong> style d&rsquo;urne \u00ab\u00a0antique\u00a0\u00bb.<\/strong><\/p>\n<p><em><strong>Convient pour un poids corporel d&rsquo;environ 262 lbs &#8211; 118 kg <\/strong><\/em><\/p>\n","protected":false},"featured_media":25429,"template":"","meta":{"_acf_changed":false},"product_brand":[],"product_cat":[2406,2415],"product_tag":[3338],"class_list":{"0":"post-25432","1":"product","2":"type-product","3":"status-publish","4":"has-post-thumbnail","6":"product_cat-urnes-artistiques","7":"product_cat-urnes-en-metal","8":"product_tag-gpsr-metal-urns","9":"product_shipping_class-1-2-kg-fr","11":"first","12":"instock","13":"taxable","14":"shipping-taxable","15":"purchasable","16":"product-type-variable"},"yoast_head":"<!-- This site is optimized with the Yoast SEO plugin v27.4 - https:\/\/yoast.com\/product\/yoast-seo-wordpress\/ -->\n<title>Urne rustique noire peinte \u00e0 effet craquel\u00e9, urne peinte en d\u00e9coupage<\/title>\n<meta name=\"description\" content=\"Cette urne fun\u00e9raire rustique noire est une mani\u00e8re intemporelle et \u00e9l\u00e9gante d\u2019honorer la m\u00e9moire de votre \u00eatre cher. Urne fun\u00e9raire unique peinte en d\u00e9coupage.\" \/>\n<meta name=\"robots\" content=\"index, follow, max-snippet:-1, max-image-preview:large, max-video-preview:-1\" \/>\n<link rel=\"canonical\" href=\"https:\/\/www.rememberme-forever.com\/fr\/produit\/urne-rustique-noire-peinte-a-effet-craquele-urne-peinte-en-decoupage\/\" \/>\n<meta property=\"og:locale\" content=\"fr_FR\" \/>\n<meta property=\"og:type\" content=\"article\" \/>\n<meta property=\"og:title\" content=\"Urne rustique noire peinte \u00e0 effet craquel\u00e9, urne peinte en d\u00e9coupage\" \/>\n<meta property=\"og:description\" content=\"Cette urne fun\u00e9raire rustique noire est une mani\u00e8re intemporelle et \u00e9l\u00e9gante d\u2019honorer la m\u00e9moire de votre \u00eatre cher. Urne fun\u00e9raire unique peinte en d\u00e9coupage.\" \/>\n<meta property=\"og:url\" content=\"https:\/\/www.rememberme-forever.com\/fr\/produit\/urne-rustique-noire-peinte-a-effet-craquele-urne-peinte-en-decoupage\/\" \/>\n<meta property=\"og:site_name\" content=\"Remember Forever\" \/>\n<meta property=\"article:modified_time\" content=\"2026-02-19T13:20:10+00:00\" \/>\n<meta property=\"og:image\" content=\"http:\/\/www.rememberme-forever.com\/wp-content\/uploads\/2023\/04\/black-rustic-urn-cracked.jpg\" \/>\n\t<meta property=\"og:image:width\" content=\"768\" \/>\n\t<meta property=\"og:image:height\" content=\"768\" \/>\n\t<meta property=\"og:image:type\" content=\"image\/jpeg\" \/>\n<meta name=\"twitter:card\" content=\"summary_large_image\" \/>\n<meta name=\"twitter:label1\" content=\"Dur\u00e9e de lecture estim\u00e9e\" \/>\n\t<meta name=\"twitter:data1\" content=\"2 minutes\" \/>\n<script type=\"application\/ld+json\" class=\"yoast-schema-graph\">{\"@context\":\"https:\\\/\\\/schema.org\",\"@graph\":[{\"@type\":\"WebPage\",\"@id\":\"https:\\\/\\\/www.rememberme-forever.com\\\/fr\\\/produit\\\/urne-rustique-noire-peinte-a-effet-craquele-urne-peinte-en-decoupage\\\/\",\"url\":\"https:\\\/\\\/www.rememberme-forever.com\\\/fr\\\/produit\\\/urne-rustique-noire-peinte-a-effet-craquele-urne-peinte-en-decoupage\\\/\",\"name\":\"Urne rustique noire peinte \u00e0 effet craquel\u00e9, urne peinte en d\u00e9coupage\",\"isPartOf\":{\"@id\":\"https:\\\/\\\/www.rememberme-forever.com\\\/fr\\\/#website\"},\"primaryImageOfPage\":{\"@id\":\"https:\\\/\\\/www.rememberme-forever.com\\\/fr\\\/produit\\\/urne-rustique-noire-peinte-a-effet-craquele-urne-peinte-en-decoupage\\\/#primaryimage\"},\"image\":{\"@id\":\"https:\\\/\\\/www.rememberme-forever.com\\\/fr\\\/produit\\\/urne-rustique-noire-peinte-a-effet-craquele-urne-peinte-en-decoupage\\\/#primaryimage\"},\"thumbnailUrl\":\"https:\\\/\\\/www.rememberme-forever.com\\\/wp-content\\\/uploads\\\/2023\\\/04\\\/black-rustic-urn-cracked.jpg\",\"datePublished\":\"2023-04-12T07:44:22+00:00\",\"dateModified\":\"2026-02-19T13:20:10+00:00\",\"description\":\"Cette urne fun\u00e9raire rustique noire est une mani\u00e8re intemporelle et \u00e9l\u00e9gante d\u2019honorer la m\u00e9moire de votre \u00eatre cher. Urne fun\u00e9raire unique peinte en d\u00e9coupage.\",\"breadcrumb\":{\"@id\":\"https:\\\/\\\/www.rememberme-forever.com\\\/fr\\\/produit\\\/urne-rustique-noire-peinte-a-effet-craquele-urne-peinte-en-decoupage\\\/#breadcrumb\"},\"inLanguage\":\"fr-FR\",\"potentialAction\":[{\"@type\":\"ReadAction\",\"target\":[\"https:\\\/\\\/www.rememberme-forever.com\\\/fr\\\/produit\\\/urne-rustique-noire-peinte-a-effet-craquele-urne-peinte-en-decoupage\\\/\"]}]},{\"@type\":\"ImageObject\",\"inLanguage\":\"fr-FR\",\"@id\":\"https:\\\/\\\/www.rememberme-forever.com\\\/fr\\\/produit\\\/urne-rustique-noire-peinte-a-effet-craquele-urne-peinte-en-decoupage\\\/#primaryimage\",\"url\":\"https:\\\/\\\/www.rememberme-forever.com\\\/wp-content\\\/uploads\\\/2023\\\/04\\\/black-rustic-urn-cracked.jpg\",\"contentUrl\":\"https:\\\/\\\/www.rememberme-forever.com\\\/wp-content\\\/uploads\\\/2023\\\/04\\\/black-rustic-urn-cracked.jpg\",\"width\":768,\"height\":768,\"caption\":\"urne rustique noire \u00e0 effet craquel\u00e9\"},{\"@type\":\"BreadcrumbList\",\"@id\":\"https:\\\/\\\/www.rememberme-forever.com\\\/fr\\\/produit\\\/urne-rustique-noire-peinte-a-effet-craquele-urne-peinte-en-decoupage\\\/#breadcrumb\",\"itemListElement\":[{\"@type\":\"ListItem\",\"position\":1,\"name\":\"Home\",\"item\":\"https:\\\/\\\/www.rememberme-forever.com\\\/fr\\\/accueil\\\/\"},{\"@type\":\"ListItem\",\"position\":2,\"name\":\"Boutique\",\"item\":\"https:\\\/\\\/www.rememberme-forever.com\\\/fr\\\/boutique\\\/\"},{\"@type\":\"ListItem\",\"position\":3,\"name\":\"Urne rustique noire peinte \u00e0 effet craquel\u00e9, urne peinte en d\u00e9coupage\"}]},{\"@type\":\"WebSite\",\"@id\":\"https:\\\/\\\/www.rememberme-forever.com\\\/fr\\\/#website\",\"url\":\"https:\\\/\\\/www.rememberme-forever.com\\\/fr\\\/\",\"name\":\"Remember Forever\",\"description\":\"Cremation urns, funeral urns, urns for ashes\",\"publisher\":{\"@id\":\"https:\\\/\\\/www.rememberme-forever.com\\\/fr\\\/#organization\"},\"potentialAction\":[{\"@type\":\"SearchAction\",\"target\":{\"@type\":\"EntryPoint\",\"urlTemplate\":\"https:\\\/\\\/www.rememberme-forever.com\\\/fr\\\/?s={search_term_string}\"},\"query-input\":{\"@type\":\"PropertyValueSpecification\",\"valueRequired\":true,\"valueName\":\"search_term_string\"}}],\"inLanguage\":\"fr-FR\"},{\"@type\":\"Organization\",\"@id\":\"https:\\\/\\\/www.rememberme-forever.com\\\/fr\\\/#organization\",\"name\":\"Remember Forever\",\"url\":\"https:\\\/\\\/www.rememberme-forever.com\\\/fr\\\/\",\"logo\":{\"@type\":\"ImageObject\",\"inLanguage\":\"fr-FR\",\"@id\":\"https:\\\/\\\/www.rememberme-forever.com\\\/fr\\\/#\\\/schema\\\/logo\\\/image\\\/\",\"url\":\"https:\\\/\\\/www.rememberme-forever.com\\\/wp-content\\\/uploads\\\/2023\\\/02\\\/logo.png\",\"contentUrl\":\"https:\\\/\\\/www.rememberme-forever.com\\\/wp-content\\\/uploads\\\/2023\\\/02\\\/logo.png\",\"width\":300,\"height\":56,\"caption\":\"Remember Forever\"},\"image\":{\"@id\":\"https:\\\/\\\/www.rememberme-forever.com\\\/fr\\\/#\\\/schema\\\/logo\\\/image\\\/\"}}]}<\/script>\n<!-- \/ Yoast SEO plugin. -->","yoast_head_json":{"title":"Urne rustique noire peinte \u00e0 effet craquel\u00e9, urne peinte en d\u00e9coupage","description":"Cette urne fun\u00e9raire rustique noire est une mani\u00e8re intemporelle et \u00e9l\u00e9gante d\u2019honorer la m\u00e9moire de votre \u00eatre cher. Urne fun\u00e9raire unique peinte en d\u00e9coupage.","robots":{"index":"index","follow":"follow","max-snippet":"max-snippet:-1","max-image-preview":"max-image-preview:large","max-video-preview":"max-video-preview:-1"},"canonical":"https:\/\/www.rememberme-forever.com\/fr\/produit\/urne-rustique-noire-peinte-a-effet-craquele-urne-peinte-en-decoupage\/","og_locale":"fr_FR","og_type":"article","og_title":"Urne rustique noire peinte \u00e0 effet craquel\u00e9, urne peinte en d\u00e9coupage","og_description":"Cette urne fun\u00e9raire rustique noire est une mani\u00e8re intemporelle et \u00e9l\u00e9gante d\u2019honorer la m\u00e9moire de votre \u00eatre cher. Urne fun\u00e9raire unique peinte en d\u00e9coupage.","og_url":"https:\/\/www.rememberme-forever.com\/fr\/produit\/urne-rustique-noire-peinte-a-effet-craquele-urne-peinte-en-decoupage\/","og_site_name":"Remember Forever","article_modified_time":"2026-02-19T13:20:10+00:00","og_image":[{"width":768,"height":768,"url":"http:\/\/www.rememberme-forever.com\/wp-content\/uploads\/2023\/04\/black-rustic-urn-cracked.jpg","type":"image\/jpeg"}],"twitter_card":"summary_large_image","twitter_misc":{"Dur\u00e9e de lecture estim\u00e9e":"2 minutes"},"schema":{"@context":"https:\/\/schema.org","@graph":[{"@type":"WebPage","@id":"https:\/\/www.rememberme-forever.com\/fr\/produit\/urne-rustique-noire-peinte-a-effet-craquele-urne-peinte-en-decoupage\/","url":"https:\/\/www.rememberme-forever.com\/fr\/produit\/urne-rustique-noire-peinte-a-effet-craquele-urne-peinte-en-decoupage\/","name":"Urne rustique noire peinte \u00e0 effet craquel\u00e9, urne peinte en d\u00e9coupage","isPartOf":{"@id":"https:\/\/www.rememberme-forever.com\/fr\/#website"},"primaryImageOfPage":{"@id":"https:\/\/www.rememberme-forever.com\/fr\/produit\/urne-rustique-noire-peinte-a-effet-craquele-urne-peinte-en-decoupage\/#primaryimage"},"image":{"@id":"https:\/\/www.rememberme-forever.com\/fr\/produit\/urne-rustique-noire-peinte-a-effet-craquele-urne-peinte-en-decoupage\/#primaryimage"},"thumbnailUrl":"https:\/\/www.rememberme-forever.com\/wp-content\/uploads\/2023\/04\/black-rustic-urn-cracked.jpg","datePublished":"2023-04-12T07:44:22+00:00","dateModified":"2026-02-19T13:20:10+00:00","description":"Cette urne fun\u00e9raire rustique noire est une mani\u00e8re intemporelle et \u00e9l\u00e9gante d\u2019honorer la m\u00e9moire de votre \u00eatre cher. Urne fun\u00e9raire unique peinte en d\u00e9coupage.","breadcrumb":{"@id":"https:\/\/www.rememberme-forever.com\/fr\/produit\/urne-rustique-noire-peinte-a-effet-craquele-urne-peinte-en-decoupage\/#breadcrumb"},"inLanguage":"fr-FR","potentialAction":[{"@type":"ReadAction","target":["https:\/\/www.rememberme-forever.com\/fr\/produit\/urne-rustique-noire-peinte-a-effet-craquele-urne-peinte-en-decoupage\/"]}]},{"@type":"ImageObject","inLanguage":"fr-FR","@id":"https:\/\/www.rememberme-forever.com\/fr\/produit\/urne-rustique-noire-peinte-a-effet-craquele-urne-peinte-en-decoupage\/#primaryimage","url":"https:\/\/www.rememberme-forever.com\/wp-content\/uploads\/2023\/04\/black-rustic-urn-cracked.jpg","contentUrl":"https:\/\/www.rememberme-forever.com\/wp-content\/uploads\/2023\/04\/black-rustic-urn-cracked.jpg","width":768,"height":768,"caption":"urne rustique noire \u00e0 effet craquel\u00e9"},{"@type":"BreadcrumbList","@id":"https:\/\/www.rememberme-forever.com\/fr\/produit\/urne-rustique-noire-peinte-a-effet-craquele-urne-peinte-en-decoupage\/#breadcrumb","itemListElement":[{"@type":"ListItem","position":1,"name":"Home","item":"https:\/\/www.rememberme-forever.com\/fr\/accueil\/"},{"@type":"ListItem","position":2,"name":"Boutique","item":"https:\/\/www.rememberme-forever.com\/fr\/boutique\/"},{"@type":"ListItem","position":3,"name":"Urne rustique noire peinte \u00e0 effet craquel\u00e9, urne peinte en d\u00e9coupage"}]},{"@type":"WebSite","@id":"https:\/\/www.rememberme-forever.com\/fr\/#website","url":"https:\/\/www.rememberme-forever.com\/fr\/","name":"Remember Forever","description":"Cremation urns, funeral urns, urns for ashes","publisher":{"@id":"https:\/\/www.rememberme-forever.com\/fr\/#organization"},"potentialAction":[{"@type":"SearchAction","target":{"@type":"EntryPoint","urlTemplate":"https:\/\/www.rememberme-forever.com\/fr\/?s={search_term_string}"},"query-input":{"@type":"PropertyValueSpecification","valueRequired":true,"valueName":"search_term_string"}}],"inLanguage":"fr-FR"},{"@type":"Organization","@id":"https:\/\/www.rememberme-forever.com\/fr\/#organization","name":"Remember Forever","url":"https:\/\/www.rememberme-forever.com\/fr\/","logo":{"@type":"ImageObject","inLanguage":"fr-FR","@id":"https:\/\/www.rememberme-forever.com\/fr\/#\/schema\/logo\/image\/","url":"https:\/\/www.rememberme-forever.com\/wp-content\/uploads\/2023\/02\/logo.png","contentUrl":"https:\/\/www.rememberme-forever.com\/wp-content\/uploads\/2023\/02\/logo.png","width":300,"height":56,"caption":"Remember Forever"},"image":{"@id":"https:\/\/www.rememberme-forever.com\/fr\/#\/schema\/logo\/image\/"}}]}},"acf":[],"_links":{"self":[{"href":"https:\/\/www.rememberme-forever.com\/fr\/wp-json\/wp\/v2\/product\/25432","targetHints":{"allow":["GET"]}}],"collection":[{"href":"https:\/\/www.rememberme-forever.com\/fr\/wp-json\/wp\/v2\/product"}],"about":[{"href":"https:\/\/www.rememberme-forever.com\/fr\/wp-json\/wp\/v2\/types\/product"}],"wp:featuredmedia":[{"embeddable":true,"href":"https:\/\/www.rememberme-forever.com\/fr\/wp-json\/wp\/v2\/media\/25429"}],"wp:attachment":[{"href":"https:\/\/www.rememberme-forever.com\/fr\/wp-json\/wp\/v2\/media?parent=25432"}],"wp:term":[{"taxonomy":"product_brand","embeddable":true,"href":"https:\/\/www.rememberme-forever.com\/fr\/wp-json\/wp\/v2\/product_brand?post=25432"},{"taxonomy":"product_cat","embeddable":true,"href":"https:\/\/www.rememberme-forever.com\/fr\/wp-json\/wp\/v2\/product_cat?post=25432"},{"taxonomy":"product_tag","embeddable":true,"href":"https:\/\/www.rememberme-forever.com\/fr\/wp-json\/wp\/v2\/product_tag?post=25432"}],"curies":[{"name":"wp","href":"https:\/\/api.w.org\/{rel}","templated":true}]}}