{"id":25467,"date":"2023-04-12T10:08:01","date_gmt":"2023-04-12T08:08:01","guid":{"rendered":"https:\/\/www.rememberme-forever.com\/product\/urnes-spheriques-en-acier-inoxydable-3-tailles-socle-en-bois\/"},"modified":"2026-02-19T14:21:02","modified_gmt":"2026-02-19T13:21:02","slug":"urnes-spheriques-en-acier-inoxydable-3-tailles-socle-en-bois","status":"publish","type":"product","link":"https:\/\/www.rememberme-forever.com\/fr\/produit\/urnes-spheriques-en-acier-inoxydable-3-tailles-socle-en-bois\/","title":{"rendered":"Urnes sph\u00e9riques en acier inoxydable 3 tailles socle en bois"},"content":{"rendered":"<h2 style=\"text-align: center;\">Urnes sph\u00e9riques en acier inoxydable 3 tailles<\/h2>\n<p style=\"text-align: center;\">\u25ba D\u00c9TAILS DU PRODUIT \u25c4<\/p>\n<p style=\"text-align: center;\"><strong>\u2705 D\u00e9tails du produit Urne 25 cm (XL)<\/strong><br \/>\n\u2022 Taille : 25 cm (L) x 27 cm (H)<br \/>\n\u2022 Taille 9.8&Prime;(L) x 10.6&Prime;(H)<br \/>\n\u2022 Capacit\u00e9 : 7,5 L ( 457 cubic inch )<br \/>\n<strong>\u2022 Cette urne en acier inoxydable peut \u00e9galement \u00eatre utilis\u00e9e pour les cendres d\u2019un adulte ou de deux personnes.<\/strong><\/p>\n<p style=\"text-align: center;\"><strong>\u2705 D\u00e9tails du produit Urne 20 cm (L)<\/strong><br \/>\n\u2022 Taille : 20 cm (L) x 22 cm (H)<br \/>\n\u2022 Taille 7.8&Prime;(L) x 8.6&Prime;(H)<br \/>\n\u2022 Capacit\u00e9 : 3,7 L ( 225 cubic inch )<br \/>\n<strong>\u2022 Convient aux cendres d&rsquo;une personne pesant jusqu&rsquo;\u00e0 environ 102 kg <\/strong><\/p>\n<p style=\"text-align: center;\"><strong>\u2705 D\u00e9tails du produit Urne 18 cm (M)<\/strong><br \/>\n\u2022 Taille : 18 cm (L) x 19,5 cm (H)<br \/>\n\u2022 Taille 7&Prime;(L) x 7.6&Prime;(H)<br \/>\n\u2022 Capacit\u00e9 : 2,5 L ( 152 cubic inch )<br \/>\n<strong>\u2022 Convient pour les cendres d&rsquo;une personne pesant jusqu&rsquo;\u00e0 environ 68 kg (152 lb) <\/strong><\/p>\n<p style=\"text-align: center;\">\u25ba DESCRIPTION \u25c4<\/p>\n<p style=\"text-align: center;\">Si vous recherchez une urne fun\u00e9raire r\u00e9sistante \u00e0 toutes les conditions, durable et robuste, alors vous aimerez certainement cette urne particuli\u00e8re. Fabriqu\u00e9e en acier inoxydable poli de haute qualit\u00e9, cette urne peut \u00eatre mont\u00e9e sur un socle en bois ou en marbre, selon vos pr\u00e9f\u00e9rences. Tous ces mat\u00e9riaux sont robustes, vous pouvez donc \u00eatre assur\u00e9 que cette urne durera des ann\u00e9es, m\u00eame si elle est conserv\u00e9e \u00e0 l\u2019ext\u00e9rieur, comme dans un jardin (uniquement avec le socle en marbre).<\/p>\n<p><img loading=\"lazy\" decoding=\"async\" class=\" wp-image-1649 aligncenter\" src=\"http:\/\/www.rememberme-forever.com\/wp-content\/uploads\/2023\/04\/steel-sphere-urn-bottom-300x300.jpg\" alt=\"fond d\u2019urne sph\u00e9rique en acier\" width=\"208\" height=\"208\" srcset=\"https:\/\/www.rememberme-forever.com\/wp-content\/uploads\/2023\/04\/steel-sphere-urn-bottom-300x300.jpg 300w, https:\/\/www.rememberme-forever.com\/wp-content\/uploads\/2023\/04\/steel-sphere-urn-bottom-1024x1024.jpg 1024w, https:\/\/www.rememberme-forever.com\/wp-content\/uploads\/2023\/04\/steel-sphere-urn-bottom-150x150.jpg 150w, https:\/\/www.rememberme-forever.com\/wp-content\/uploads\/2023\/04\/steel-sphere-urn-bottom-768x768.jpg 768w, https:\/\/www.rememberme-forever.com\/wp-content\/uploads\/2023\/04\/steel-sphere-urn-bottom-1536x1536.jpg 1536w, https:\/\/www.rememberme-forever.com\/wp-content\/uploads\/2023\/04\/steel-sphere-urn-bottom-600x600.jpg 600w, https:\/\/www.rememberme-forever.com\/wp-content\/uploads\/2023\/04\/steel-sphere-urn-bottom-100x100.jpg 100w, https:\/\/www.rememberme-forever.com\/wp-content\/uploads\/2023\/04\/steel-sphere-urn-bottom-64x64.jpg 64w, https:\/\/www.rememberme-forever.com\/wp-content\/uploads\/2023\/04\/steel-sphere-urn-bottom.jpg 1600w\" sizes=\"auto, (max-width: 208px) 100vw, 208px\" \/><\/p>\n<p style=\"text-align: center;\">L\u2019urne s\u2019ouvre de mani\u00e8re discr\u00e8te car l\u2019ouverture est situ\u00e9e au bas du socle. Elle est s\u00e9curis\u00e9e par des vis. Fabriqu\u00e9e \u00e0 la main et finie selon les normes les plus \u00e9lev\u00e9es, c\u2019est l\u2019une des urnes fun\u00e9raires de la plus haute qualit\u00e9 et les plus durables de notre vaste collection.<\/p>\n<p style=\"text-align: center;\">Un magnifique dernier lieu de repos paisible pour un \u00eatre cher. Chacune de nos urnes fun\u00e9raires est unique et fabriqu\u00e9e par un v\u00e9ritable artiste. Cela offrira \u00e0 votre proche une urne cin\u00e9raire vraiment unique, con\u00e7ue sp\u00e9cialement pour lui.<br \/>\nConvient pour une exposition dans n\u2019importe quelle maison ou environnement.<\/p>\n<p style=\"text-align: center;\">Exemple simple : une personne de 100 livres incin\u00e9r\u00e9e produira environ 100 pouces cubes de cendres. Ainsi, si 1 livre = 1 pouce cube, cette personne aurait besoin d\u2019une urne d\u2019environ 80 \u00e0 100 pouces cubes.<\/p>\n<p style=\"text-align: center;\">1 litre = 61 cubic inches<\/p>\n<p style=\"text-align: center;\">La sph\u00e8re est une surface lisse.<\/p>\n<p>&nbsp;<\/p>\n<h3 style=\"text-align: center;\"><strong>PERSONNALISATION<\/strong><\/h3>\n<p style=\"text-align: center;\">Si vous choisissez une plaque personnalis\u00e9e, veuillez soumettre du texte dans le cadre de personnalisation du produit.<\/p>\n<p style=\"text-align: center;\">La plaque comm\u00e9morative personnalis\u00e9e doit \u00eatre personnalis\u00e9e lors de votre commande. (Pas de panique si vous la manquez ; vous pouvez toujours nous contacter ult\u00e9rieurement.)<\/p>\n<p style=\"text-align: center;\">Veuillez examiner attentivement le texte \u00e0 graver avant d&rsquo;ajouter l&rsquo;article au panier. Nous reproduisons et gravons les informations exactes re\u00e7ues lors de la commande et n&rsquo;y apportons aucune modification.<\/p>\n<p style=\"text-align: center;\"><strong>Veuillez revoir le texte pour vous assurer que toutes les orthographes sont correctes.<\/strong><\/p>\n<p>&nbsp;<\/p>\n<p><img loading=\"lazy\" decoding=\"async\" class=\"wp-image-1635 aligncenter\" src=\"http:\/\/www.rememberme-forever.com\/wp-content\/uploads\/2023\/04\/gold-memorial-plaque-cremation-urn-300x300.jpg\" alt=\"plaque comm\u00e9morative dor\u00e9e urne fun\u00e9raire\" width=\"210\" height=\"210\" srcset=\"https:\/\/www.rememberme-forever.com\/wp-content\/uploads\/2023\/04\/gold-memorial-plaque-cremation-urn-300x300.jpg 300w, https:\/\/www.rememberme-forever.com\/wp-content\/uploads\/2023\/04\/gold-memorial-plaque-cremation-urn-1024x1024.jpg 1024w, https:\/\/www.rememberme-forever.com\/wp-content\/uploads\/2023\/04\/gold-memorial-plaque-cremation-urn-150x150.jpg 150w, https:\/\/www.rememberme-forever.com\/wp-content\/uploads\/2023\/04\/gold-memorial-plaque-cremation-urn-768x768.jpg 768w, https:\/\/www.rememberme-forever.com\/wp-content\/uploads\/2023\/04\/gold-memorial-plaque-cremation-urn-1536x1536.jpg 1536w, https:\/\/www.rememberme-forever.com\/wp-content\/uploads\/2023\/04\/gold-memorial-plaque-cremation-urn-600x600.jpg 600w, https:\/\/www.rememberme-forever.com\/wp-content\/uploads\/2023\/04\/gold-memorial-plaque-cremation-urn-100x100.jpg 100w, https:\/\/www.rememberme-forever.com\/wp-content\/uploads\/2023\/04\/gold-memorial-plaque-cremation-urn-64x64.jpg 64w, https:\/\/www.rememberme-forever.com\/wp-content\/uploads\/2023\/04\/gold-memorial-plaque-cremation-urn.jpg 1557w\" sizes=\"auto, (max-width: 210px) 100vw, 210px\" \/><\/p>\n","protected":false},"excerpt":{"rendered":"<p><em><strong>Urne fun\u00e9raire haut de gamme unique en acier inoxydable pour cendres.<\/strong><\/em><\/p>\n<p>\u2705 Cette urne ne convient pas \u00e0 un usage ext\u00e9rieur. Consultez nos <a href=\"https:\/\/www.rememberme-forever.com\/fr\/categorie-produit\/urnes-dexterieur\/\" target=\"_blank\" rel=\"noopener\"><strong>urnes d&rsquo;ext\u00e9rieur. &gt;&gt;<\/strong><\/a><\/p>\n","protected":false},"featured_media":25462,"template":"","meta":{"_acf_changed":false},"product_brand":[],"product_cat":[2415],"product_tag":[3342],"class_list":{"0":"post-25467","1":"product","2":"type-product","3":"status-publish","4":"has-post-thumbnail","6":"product_cat-urnes-en-metal","7":"product_tag-gpsr-metal_ss_abs_base","8":"product_shipping_class-2-4kg-fr","10":"first","11":"instock","12":"taxable","13":"shipping-taxable","14":"purchasable","15":"product-type-variable"},"yoast_head":"<!-- This site is optimized with the Yoast SEO plugin v27.4 - https:\/\/yoast.com\/product\/yoast-seo-wordpress\/ -->\n<title>Urnes sph\u00e9riques en acier inoxydable 3 tailles socle en bois<\/title>\n<meta name=\"description\" content=\"Si vous recherchez une urne fun\u00e9raire r\u00e9sistante \u00e0 toutes les conditions, durable et robuste, alors vous aimerez certainement ces urnes particuli\u00e8res.\" \/>\n<meta name=\"robots\" content=\"index, follow, max-snippet:-1, max-image-preview:large, max-video-preview:-1\" \/>\n<link rel=\"canonical\" href=\"https:\/\/www.rememberme-forever.com\/fr\/produit\/urnes-spheriques-en-acier-inoxydable-3-tailles-socle-en-bois\/\" \/>\n<meta property=\"og:locale\" content=\"fr_FR\" \/>\n<meta property=\"og:type\" content=\"article\" \/>\n<meta property=\"og:title\" content=\"Urnes sph\u00e9riques en acier inoxydable 3 tailles socle en bois\" \/>\n<meta property=\"og:description\" content=\"Si vous recherchez une urne fun\u00e9raire r\u00e9sistante \u00e0 toutes les conditions, durable et robuste, alors vous aimerez certainement ces urnes particuli\u00e8res.\" \/>\n<meta property=\"og:url\" content=\"https:\/\/www.rememberme-forever.com\/fr\/produit\/urnes-spheriques-en-acier-inoxydable-3-tailles-socle-en-bois\/\" \/>\n<meta property=\"og:site_name\" content=\"Remember Forever\" \/>\n<meta property=\"article:modified_time\" content=\"2026-02-19T13:21:02+00:00\" \/>\n<meta property=\"og:image\" content=\"http:\/\/www.rememberme-forever.com\/wp-content\/uploads\/2023\/04\/Stainless-steel-sphere-urns-3-sizes.jpg\" \/>\n\t<meta property=\"og:image:width\" content=\"1007\" \/>\n\t<meta property=\"og:image:height\" content=\"1024\" \/>\n\t<meta property=\"og:image:type\" content=\"image\/jpeg\" \/>\n<meta name=\"twitter:card\" content=\"summary_large_image\" \/>\n<meta name=\"twitter:label1\" content=\"Dur\u00e9e de lecture estim\u00e9e\" \/>\n\t<meta name=\"twitter:data1\" content=\"3 minutes\" \/>\n<script type=\"application\/ld+json\" class=\"yoast-schema-graph\">{\"@context\":\"https:\\\/\\\/schema.org\",\"@graph\":[{\"@type\":\"WebPage\",\"@id\":\"https:\\\/\\\/www.rememberme-forever.com\\\/fr\\\/produit\\\/urnes-spheriques-en-acier-inoxydable-3-tailles-socle-en-bois\\\/\",\"url\":\"https:\\\/\\\/www.rememberme-forever.com\\\/fr\\\/produit\\\/urnes-spheriques-en-acier-inoxydable-3-tailles-socle-en-bois\\\/\",\"name\":\"Urnes sph\u00e9riques en acier inoxydable 3 tailles socle en bois\",\"isPartOf\":{\"@id\":\"https:\\\/\\\/www.rememberme-forever.com\\\/fr\\\/#website\"},\"primaryImageOfPage\":{\"@id\":\"https:\\\/\\\/www.rememberme-forever.com\\\/fr\\\/produit\\\/urnes-spheriques-en-acier-inoxydable-3-tailles-socle-en-bois\\\/#primaryimage\"},\"image\":{\"@id\":\"https:\\\/\\\/www.rememberme-forever.com\\\/fr\\\/produit\\\/urnes-spheriques-en-acier-inoxydable-3-tailles-socle-en-bois\\\/#primaryimage\"},\"thumbnailUrl\":\"https:\\\/\\\/www.rememberme-forever.com\\\/wp-content\\\/uploads\\\/2023\\\/04\\\/Stainless-steel-sphere-urns-3-sizes.jpg\",\"datePublished\":\"2023-04-12T08:08:01+00:00\",\"dateModified\":\"2026-02-19T13:21:02+00:00\",\"description\":\"Si vous recherchez une urne fun\u00e9raire r\u00e9sistante \u00e0 toutes les conditions, durable et robuste, alors vous aimerez certainement ces urnes particuli\u00e8res.\",\"breadcrumb\":{\"@id\":\"https:\\\/\\\/www.rememberme-forever.com\\\/fr\\\/produit\\\/urnes-spheriques-en-acier-inoxydable-3-tailles-socle-en-bois\\\/#breadcrumb\"},\"inLanguage\":\"fr-FR\",\"potentialAction\":[{\"@type\":\"ReadAction\",\"target\":[\"https:\\\/\\\/www.rememberme-forever.com\\\/fr\\\/produit\\\/urnes-spheriques-en-acier-inoxydable-3-tailles-socle-en-bois\\\/\"]}]},{\"@type\":\"ImageObject\",\"inLanguage\":\"fr-FR\",\"@id\":\"https:\\\/\\\/www.rememberme-forever.com\\\/fr\\\/produit\\\/urnes-spheriques-en-acier-inoxydable-3-tailles-socle-en-bois\\\/#primaryimage\",\"url\":\"https:\\\/\\\/www.rememberme-forever.com\\\/wp-content\\\/uploads\\\/2023\\\/04\\\/Stainless-steel-sphere-urns-3-sizes.jpg\",\"contentUrl\":\"https:\\\/\\\/www.rememberme-forever.com\\\/wp-content\\\/uploads\\\/2023\\\/04\\\/Stainless-steel-sphere-urns-3-sizes.jpg\",\"width\":1007,\"height\":1024,\"caption\":\"Urnes sph\u00e9riques en acier inoxydable 3 tailles\"},{\"@type\":\"BreadcrumbList\",\"@id\":\"https:\\\/\\\/www.rememberme-forever.com\\\/fr\\\/produit\\\/urnes-spheriques-en-acier-inoxydable-3-tailles-socle-en-bois\\\/#breadcrumb\",\"itemListElement\":[{\"@type\":\"ListItem\",\"position\":1,\"name\":\"Home\",\"item\":\"https:\\\/\\\/www.rememberme-forever.com\\\/fr\\\/accueil\\\/\"},{\"@type\":\"ListItem\",\"position\":2,\"name\":\"Boutique\",\"item\":\"https:\\\/\\\/www.rememberme-forever.com\\\/fr\\\/boutique\\\/\"},{\"@type\":\"ListItem\",\"position\":3,\"name\":\"Urnes sph\u00e9riques en acier inoxydable 3 tailles socle en bois\"}]},{\"@type\":\"WebSite\",\"@id\":\"https:\\\/\\\/www.rememberme-forever.com\\\/fr\\\/#website\",\"url\":\"https:\\\/\\\/www.rememberme-forever.com\\\/fr\\\/\",\"name\":\"Remember Forever\",\"description\":\"Cremation urns, funeral urns, urns for ashes\",\"publisher\":{\"@id\":\"https:\\\/\\\/www.rememberme-forever.com\\\/fr\\\/#organization\"},\"potentialAction\":[{\"@type\":\"SearchAction\",\"target\":{\"@type\":\"EntryPoint\",\"urlTemplate\":\"https:\\\/\\\/www.rememberme-forever.com\\\/fr\\\/?s={search_term_string}\"},\"query-input\":{\"@type\":\"PropertyValueSpecification\",\"valueRequired\":true,\"valueName\":\"search_term_string\"}}],\"inLanguage\":\"fr-FR\"},{\"@type\":\"Organization\",\"@id\":\"https:\\\/\\\/www.rememberme-forever.com\\\/fr\\\/#organization\",\"name\":\"Remember Forever\",\"url\":\"https:\\\/\\\/www.rememberme-forever.com\\\/fr\\\/\",\"logo\":{\"@type\":\"ImageObject\",\"inLanguage\":\"fr-FR\",\"@id\":\"https:\\\/\\\/www.rememberme-forever.com\\\/fr\\\/#\\\/schema\\\/logo\\\/image\\\/\",\"url\":\"https:\\\/\\\/www.rememberme-forever.com\\\/wp-content\\\/uploads\\\/2023\\\/02\\\/logo.png\",\"contentUrl\":\"https:\\\/\\\/www.rememberme-forever.com\\\/wp-content\\\/uploads\\\/2023\\\/02\\\/logo.png\",\"width\":300,\"height\":56,\"caption\":\"Remember Forever\"},\"image\":{\"@id\":\"https:\\\/\\\/www.rememberme-forever.com\\\/fr\\\/#\\\/schema\\\/logo\\\/image\\\/\"}}]}<\/script>\n<!-- \/ Yoast SEO plugin. -->","yoast_head_json":{"title":"Urnes sph\u00e9riques en acier inoxydable 3 tailles socle en bois","description":"Si vous recherchez une urne fun\u00e9raire r\u00e9sistante \u00e0 toutes les conditions, durable et robuste, alors vous aimerez certainement ces urnes particuli\u00e8res.","robots":{"index":"index","follow":"follow","max-snippet":"max-snippet:-1","max-image-preview":"max-image-preview:large","max-video-preview":"max-video-preview:-1"},"canonical":"https:\/\/www.rememberme-forever.com\/fr\/produit\/urnes-spheriques-en-acier-inoxydable-3-tailles-socle-en-bois\/","og_locale":"fr_FR","og_type":"article","og_title":"Urnes sph\u00e9riques en acier inoxydable 3 tailles socle en bois","og_description":"Si vous recherchez une urne fun\u00e9raire r\u00e9sistante \u00e0 toutes les conditions, durable et robuste, alors vous aimerez certainement ces urnes particuli\u00e8res.","og_url":"https:\/\/www.rememberme-forever.com\/fr\/produit\/urnes-spheriques-en-acier-inoxydable-3-tailles-socle-en-bois\/","og_site_name":"Remember Forever","article_modified_time":"2026-02-19T13:21:02+00:00","og_image":[{"width":1007,"height":1024,"url":"http:\/\/www.rememberme-forever.com\/wp-content\/uploads\/2023\/04\/Stainless-steel-sphere-urns-3-sizes.jpg","type":"image\/jpeg"}],"twitter_card":"summary_large_image","twitter_misc":{"Dur\u00e9e de lecture estim\u00e9e":"3 minutes"},"schema":{"@context":"https:\/\/schema.org","@graph":[{"@type":"WebPage","@id":"https:\/\/www.rememberme-forever.com\/fr\/produit\/urnes-spheriques-en-acier-inoxydable-3-tailles-socle-en-bois\/","url":"https:\/\/www.rememberme-forever.com\/fr\/produit\/urnes-spheriques-en-acier-inoxydable-3-tailles-socle-en-bois\/","name":"Urnes sph\u00e9riques en acier inoxydable 3 tailles socle en bois","isPartOf":{"@id":"https:\/\/www.rememberme-forever.com\/fr\/#website"},"primaryImageOfPage":{"@id":"https:\/\/www.rememberme-forever.com\/fr\/produit\/urnes-spheriques-en-acier-inoxydable-3-tailles-socle-en-bois\/#primaryimage"},"image":{"@id":"https:\/\/www.rememberme-forever.com\/fr\/produit\/urnes-spheriques-en-acier-inoxydable-3-tailles-socle-en-bois\/#primaryimage"},"thumbnailUrl":"https:\/\/www.rememberme-forever.com\/wp-content\/uploads\/2023\/04\/Stainless-steel-sphere-urns-3-sizes.jpg","datePublished":"2023-04-12T08:08:01+00:00","dateModified":"2026-02-19T13:21:02+00:00","description":"Si vous recherchez une urne fun\u00e9raire r\u00e9sistante \u00e0 toutes les conditions, durable et robuste, alors vous aimerez certainement ces urnes particuli\u00e8res.","breadcrumb":{"@id":"https:\/\/www.rememberme-forever.com\/fr\/produit\/urnes-spheriques-en-acier-inoxydable-3-tailles-socle-en-bois\/#breadcrumb"},"inLanguage":"fr-FR","potentialAction":[{"@type":"ReadAction","target":["https:\/\/www.rememberme-forever.com\/fr\/produit\/urnes-spheriques-en-acier-inoxydable-3-tailles-socle-en-bois\/"]}]},{"@type":"ImageObject","inLanguage":"fr-FR","@id":"https:\/\/www.rememberme-forever.com\/fr\/produit\/urnes-spheriques-en-acier-inoxydable-3-tailles-socle-en-bois\/#primaryimage","url":"https:\/\/www.rememberme-forever.com\/wp-content\/uploads\/2023\/04\/Stainless-steel-sphere-urns-3-sizes.jpg","contentUrl":"https:\/\/www.rememberme-forever.com\/wp-content\/uploads\/2023\/04\/Stainless-steel-sphere-urns-3-sizes.jpg","width":1007,"height":1024,"caption":"Urnes sph\u00e9riques en acier inoxydable 3 tailles"},{"@type":"BreadcrumbList","@id":"https:\/\/www.rememberme-forever.com\/fr\/produit\/urnes-spheriques-en-acier-inoxydable-3-tailles-socle-en-bois\/#breadcrumb","itemListElement":[{"@type":"ListItem","position":1,"name":"Home","item":"https:\/\/www.rememberme-forever.com\/fr\/accueil\/"},{"@type":"ListItem","position":2,"name":"Boutique","item":"https:\/\/www.rememberme-forever.com\/fr\/boutique\/"},{"@type":"ListItem","position":3,"name":"Urnes sph\u00e9riques en acier inoxydable 3 tailles socle en bois"}]},{"@type":"WebSite","@id":"https:\/\/www.rememberme-forever.com\/fr\/#website","url":"https:\/\/www.rememberme-forever.com\/fr\/","name":"Remember Forever","description":"Cremation urns, funeral urns, urns for ashes","publisher":{"@id":"https:\/\/www.rememberme-forever.com\/fr\/#organization"},"potentialAction":[{"@type":"SearchAction","target":{"@type":"EntryPoint","urlTemplate":"https:\/\/www.rememberme-forever.com\/fr\/?s={search_term_string}"},"query-input":{"@type":"PropertyValueSpecification","valueRequired":true,"valueName":"search_term_string"}}],"inLanguage":"fr-FR"},{"@type":"Organization","@id":"https:\/\/www.rememberme-forever.com\/fr\/#organization","name":"Remember Forever","url":"https:\/\/www.rememberme-forever.com\/fr\/","logo":{"@type":"ImageObject","inLanguage":"fr-FR","@id":"https:\/\/www.rememberme-forever.com\/fr\/#\/schema\/logo\/image\/","url":"https:\/\/www.rememberme-forever.com\/wp-content\/uploads\/2023\/02\/logo.png","contentUrl":"https:\/\/www.rememberme-forever.com\/wp-content\/uploads\/2023\/02\/logo.png","width":300,"height":56,"caption":"Remember Forever"},"image":{"@id":"https:\/\/www.rememberme-forever.com\/fr\/#\/schema\/logo\/image\/"}}]}},"acf":[],"_links":{"self":[{"href":"https:\/\/www.rememberme-forever.com\/fr\/wp-json\/wp\/v2\/product\/25467","targetHints":{"allow":["GET"]}}],"collection":[{"href":"https:\/\/www.rememberme-forever.com\/fr\/wp-json\/wp\/v2\/product"}],"about":[{"href":"https:\/\/www.rememberme-forever.com\/fr\/wp-json\/wp\/v2\/types\/product"}],"wp:featuredmedia":[{"embeddable":true,"href":"https:\/\/www.rememberme-forever.com\/fr\/wp-json\/wp\/v2\/media\/25462"}],"wp:attachment":[{"href":"https:\/\/www.rememberme-forever.com\/fr\/wp-json\/wp\/v2\/media?parent=25467"}],"wp:term":[{"taxonomy":"product_brand","embeddable":true,"href":"https:\/\/www.rememberme-forever.com\/fr\/wp-json\/wp\/v2\/product_brand?post=25467"},{"taxonomy":"product_cat","embeddable":true,"href":"https:\/\/www.rememberme-forever.com\/fr\/wp-json\/wp\/v2\/product_cat?post=25467"},{"taxonomy":"product_tag","embeddable":true,"href":"https:\/\/www.rememberme-forever.com\/fr\/wp-json\/wp\/v2\/product_tag?post=25467"}],"curies":[{"name":"wp","href":"https:\/\/api.w.org\/{rel}","templated":true}]}}