{"id":25508,"date":"2023-04-12T12:31:43","date_gmt":"2023-04-12T10:31:43","guid":{"rendered":"https:\/\/www.rememberme-forever.com\/product\/souvenir-en-acier-inoxydable-pour-cendres-petite-urne-pour-cendres\/"},"modified":"2026-02-19T14:21:45","modified_gmt":"2026-02-19T13:21:45","slug":"souvenir-en-acier-inoxydable-pour-cendres-petite-urne-pour-cendres","status":"publish","type":"product","link":"https:\/\/www.rememberme-forever.com\/fr\/produit\/souvenir-en-acier-inoxydable-pour-cendres-petite-urne-pour-cendres\/","title":{"rendered":"Souvenir en acier inoxydable pour cendres, petite urne pour cendres"},"content":{"rendered":"<div style=\"width: 100%; margin-bottom: 30px; height: max-content; padding-bottom: 60%; position: relative;\"><iframe style=\"position: absolute; top: 0; left: 0; width: 100%; height: 100%;\" src=\"https:\/\/rememberme-urns.com\/stainless-steel-small-keepsake\/\" frameborder=\"0\"><\/iframe><\/div>\n<div style=\"color: red; text-align: center; margin-bottom: 25px;\">\n<p>&gt;&gt; Rotation de la photo &#8211; appuyer\/zoomer &lt;&lt;<\/p>\n<\/div>\n<h2 style=\"text-align: center;\">Souvenir en acier inoxydable pour cendres<\/h2>\n<p style=\"text-align: center;\">D\u00e9couvrez notre <strong>souvenir en acier inoxydable<\/strong> pour cendres, con\u00e7u pour offrir un hommage beau et durable \u00e0 votre proche. Fabriqu\u00e9 en acier inoxydable de haute qualit\u00e9. Cette petite sph\u00e8re est l\u2019endroit id\u00e9al pour conserver une partie des cendres de votre proche. La sph\u00e8re repose solidement sur une base robuste en ABS, garantissant qu\u2019elle restera en place et sera prot\u00e9g\u00e9e des dommages.<\/p>\n<p style=\"text-align: center;\">Le design \u00e9pur\u00e9 et moderne de ce souvenir s\u2019accorde avec tous les d\u00e9cors, ce qui en fait un bel ajout \u00e0 toute maison ou bureau. Avec seulement quelques pouces de diam\u00e8tre, il est assez petit pour tenir sur une \u00e9tag\u00e8re, un bureau ou une chemin\u00e9e, tout en \u00e9tant assez grand pour contenir une quantit\u00e9 significative de cendres.<\/p>\n<p style=\"text-align: center;\">La construction en acier inoxydable de ce souvenir garantit qu\u2019il restera en parfait \u00e9tat pendant des ann\u00e9es, et sa surface lisse le rend facile \u00e0 nettoyer et \u00e0 entretenir. La petite plaque comm\u00e9morative incluse vous permet de personnaliser le souvenir avec le nom et les dates de votre proche, pour un hommage vraiment significatif et personnalis\u00e9.<\/p>\n<p>&nbsp;<\/p>\n<h3 style=\"text-align: center;\"><strong>PERSONNALISATION<\/strong><\/h3>\n<p style=\"text-align: center;\">Si vous choisissez une plaque personnalis\u00e9e, veuillez soumettre du texte dans le cadre de personnalisation du produit.<\/p>\n<p style=\"text-align: center;\">La plaque comm\u00e9morative personnalis\u00e9e doit \u00eatre personnalis\u00e9e lors de votre commande. (Pas de panique si vous la manquez ; vous pouvez toujours nous contacter ult\u00e9rieurement.)<\/p>\n<p style=\"text-align: center;\">Veuillez examiner attentivement le texte \u00e0 graver avant d&rsquo;ajouter l&rsquo;article au panier. Nous reproduisons et gravons les informations exactes re\u00e7ues lors de la commande et n&rsquo;y apportons aucune modification.<\/p>\n<p style=\"text-align: center;\"><strong>Veuillez revoir le texte pour vous assurer que toutes les orthographes sont correctes.<\/strong><\/p>\n<p>&nbsp;<\/p>\n","protected":false},"excerpt":{"rendered":"<p><em><strong>Souvenir unique et solide en acier inoxydable.<\/strong><\/em><\/p>\n<p>\u2705 Cette urne ne convient pas \u00e0 un usage ext\u00e9rieur. Consultez nos <a href=\"https:\/\/www.rememberme-forever.com\/fr\/categorie-produit\/urnes-dexterieur\/\" target=\"_blank\" rel=\"noopener\"><strong>urnes d&rsquo;ext\u00e9rieur. &gt;&gt;<\/strong><\/a><\/p>\n<p>&nbsp;<\/p>\n","protected":false},"featured_media":25504,"template":"","meta":{"_acf_changed":false},"product_brand":[],"product_cat":[2414,2415,2417],"product_tag":[3342],"class_list":{"0":"post-25508","1":"product","2":"type-product","3":"status-publish","4":"has-post-thumbnail","6":"product_cat-souvenirs","7":"product_cat-urnes-en-metal","8":"product_cat-urnes-funeraires-pour-animaux-de-compagnie","9":"product_tag-gpsr-metal_ss_abs_base","10":"product_shipping_class-4-5-kg","12":"first","13":"instock","14":"taxable","15":"shipping-taxable","16":"purchasable","17":"product-type-simple"},"yoast_head":"<!-- This site is optimized with the Yoast SEO plugin v27.4 - https:\/\/yoast.com\/product\/yoast-seo-wordpress\/ -->\n<title>Souvenir en acier inoxydable pour cendres, petite urne pour cendres<\/title>\n<meta name=\"description\" content=\"D\u00e9couvrez notre souvenir en acier inoxydable pour cendres, con\u00e7u pour offrir un hommage beau et durable \u00e0 votre proche.\" \/>\n<meta name=\"robots\" content=\"index, follow, max-snippet:-1, max-image-preview:large, max-video-preview:-1\" \/>\n<link rel=\"canonical\" href=\"https:\/\/www.rememberme-forever.com\/fr\/produit\/souvenir-en-acier-inoxydable-pour-cendres-petite-urne-pour-cendres\/\" \/>\n<meta property=\"og:locale\" content=\"fr_FR\" \/>\n<meta property=\"og:type\" content=\"article\" \/>\n<meta property=\"og:title\" content=\"Souvenir en acier inoxydable pour cendres, petite urne pour cendres\" \/>\n<meta property=\"og:description\" content=\"D\u00e9couvrez notre souvenir en acier inoxydable pour cendres, con\u00e7u pour offrir un hommage beau et durable \u00e0 votre proche.\" \/>\n<meta property=\"og:url\" content=\"https:\/\/www.rememberme-forever.com\/fr\/produit\/souvenir-en-acier-inoxydable-pour-cendres-petite-urne-pour-cendres\/\" \/>\n<meta property=\"og:site_name\" content=\"Remember Forever\" \/>\n<meta property=\"article:modified_time\" content=\"2026-02-19T13:21:45+00:00\" \/>\n<meta property=\"og:image\" content=\"http:\/\/www.rememberme-forever.com\/wp-content\/uploads\/2023\/04\/stainless-steel-keepsake-for-ashes.jpg\" \/>\n\t<meta property=\"og:image:width\" content=\"768\" \/>\n\t<meta property=\"og:image:height\" content=\"768\" \/>\n\t<meta property=\"og:image:type\" content=\"image\/jpeg\" \/>\n<meta name=\"twitter:card\" content=\"summary_large_image\" \/>\n<meta name=\"twitter:label1\" content=\"Dur\u00e9e de lecture estim\u00e9e\" \/>\n\t<meta name=\"twitter:data1\" content=\"2 minutes\" \/>\n<script type=\"application\/ld+json\" class=\"yoast-schema-graph\">{\"@context\":\"https:\\\/\\\/schema.org\",\"@graph\":[{\"@type\":\"WebPage\",\"@id\":\"https:\\\/\\\/www.rememberme-forever.com\\\/fr\\\/produit\\\/souvenir-en-acier-inoxydable-pour-cendres-petite-urne-pour-cendres\\\/\",\"url\":\"https:\\\/\\\/www.rememberme-forever.com\\\/fr\\\/produit\\\/souvenir-en-acier-inoxydable-pour-cendres-petite-urne-pour-cendres\\\/\",\"name\":\"Souvenir en acier inoxydable pour cendres, petite urne pour cendres\",\"isPartOf\":{\"@id\":\"https:\\\/\\\/www.rememberme-forever.com\\\/fr\\\/#website\"},\"primaryImageOfPage\":{\"@id\":\"https:\\\/\\\/www.rememberme-forever.com\\\/fr\\\/produit\\\/souvenir-en-acier-inoxydable-pour-cendres-petite-urne-pour-cendres\\\/#primaryimage\"},\"image\":{\"@id\":\"https:\\\/\\\/www.rememberme-forever.com\\\/fr\\\/produit\\\/souvenir-en-acier-inoxydable-pour-cendres-petite-urne-pour-cendres\\\/#primaryimage\"},\"thumbnailUrl\":\"https:\\\/\\\/www.rememberme-forever.com\\\/wp-content\\\/uploads\\\/2023\\\/04\\\/stainless-steel-keepsake-for-ashes.jpg\",\"datePublished\":\"2023-04-12T10:31:43+00:00\",\"dateModified\":\"2026-02-19T13:21:45+00:00\",\"description\":\"D\u00e9couvrez notre souvenir en acier inoxydable pour cendres, con\u00e7u pour offrir un hommage beau et durable \u00e0 votre proche.\",\"breadcrumb\":{\"@id\":\"https:\\\/\\\/www.rememberme-forever.com\\\/fr\\\/produit\\\/souvenir-en-acier-inoxydable-pour-cendres-petite-urne-pour-cendres\\\/#breadcrumb\"},\"inLanguage\":\"fr-FR\",\"potentialAction\":[{\"@type\":\"ReadAction\",\"target\":[\"https:\\\/\\\/www.rememberme-forever.com\\\/fr\\\/produit\\\/souvenir-en-acier-inoxydable-pour-cendres-petite-urne-pour-cendres\\\/\"]}]},{\"@type\":\"ImageObject\",\"inLanguage\":\"fr-FR\",\"@id\":\"https:\\\/\\\/www.rememberme-forever.com\\\/fr\\\/produit\\\/souvenir-en-acier-inoxydable-pour-cendres-petite-urne-pour-cendres\\\/#primaryimage\",\"url\":\"https:\\\/\\\/www.rememberme-forever.com\\\/wp-content\\\/uploads\\\/2023\\\/04\\\/stainless-steel-keepsake-for-ashes.jpg\",\"contentUrl\":\"https:\\\/\\\/www.rememberme-forever.com\\\/wp-content\\\/uploads\\\/2023\\\/04\\\/stainless-steel-keepsake-for-ashes.jpg\",\"width\":768,\"height\":768,\"caption\":\"souvenir en acier inoxydable pour cendres\"},{\"@type\":\"BreadcrumbList\",\"@id\":\"https:\\\/\\\/www.rememberme-forever.com\\\/fr\\\/produit\\\/souvenir-en-acier-inoxydable-pour-cendres-petite-urne-pour-cendres\\\/#breadcrumb\",\"itemListElement\":[{\"@type\":\"ListItem\",\"position\":1,\"name\":\"Home\",\"item\":\"https:\\\/\\\/www.rememberme-forever.com\\\/fr\\\/accueil\\\/\"},{\"@type\":\"ListItem\",\"position\":2,\"name\":\"Boutique\",\"item\":\"https:\\\/\\\/www.rememberme-forever.com\\\/fr\\\/boutique\\\/\"},{\"@type\":\"ListItem\",\"position\":3,\"name\":\"Souvenir en acier inoxydable pour cendres, petite urne pour cendres\"}]},{\"@type\":\"WebSite\",\"@id\":\"https:\\\/\\\/www.rememberme-forever.com\\\/fr\\\/#website\",\"url\":\"https:\\\/\\\/www.rememberme-forever.com\\\/fr\\\/\",\"name\":\"Remember Forever\",\"description\":\"Cremation urns, funeral urns, urns for ashes\",\"publisher\":{\"@id\":\"https:\\\/\\\/www.rememberme-forever.com\\\/fr\\\/#organization\"},\"potentialAction\":[{\"@type\":\"SearchAction\",\"target\":{\"@type\":\"EntryPoint\",\"urlTemplate\":\"https:\\\/\\\/www.rememberme-forever.com\\\/fr\\\/?s={search_term_string}\"},\"query-input\":{\"@type\":\"PropertyValueSpecification\",\"valueRequired\":true,\"valueName\":\"search_term_string\"}}],\"inLanguage\":\"fr-FR\"},{\"@type\":\"Organization\",\"@id\":\"https:\\\/\\\/www.rememberme-forever.com\\\/fr\\\/#organization\",\"name\":\"Remember Forever\",\"url\":\"https:\\\/\\\/www.rememberme-forever.com\\\/fr\\\/\",\"logo\":{\"@type\":\"ImageObject\",\"inLanguage\":\"fr-FR\",\"@id\":\"https:\\\/\\\/www.rememberme-forever.com\\\/fr\\\/#\\\/schema\\\/logo\\\/image\\\/\",\"url\":\"https:\\\/\\\/www.rememberme-forever.com\\\/wp-content\\\/uploads\\\/2023\\\/02\\\/logo.png\",\"contentUrl\":\"https:\\\/\\\/www.rememberme-forever.com\\\/wp-content\\\/uploads\\\/2023\\\/02\\\/logo.png\",\"width\":300,\"height\":56,\"caption\":\"Remember Forever\"},\"image\":{\"@id\":\"https:\\\/\\\/www.rememberme-forever.com\\\/fr\\\/#\\\/schema\\\/logo\\\/image\\\/\"}}]}<\/script>\n<!-- \/ Yoast SEO plugin. -->","yoast_head_json":{"title":"Souvenir en acier inoxydable pour cendres, petite urne pour cendres","description":"D\u00e9couvrez notre souvenir en acier inoxydable pour cendres, con\u00e7u pour offrir un hommage beau et durable \u00e0 votre proche.","robots":{"index":"index","follow":"follow","max-snippet":"max-snippet:-1","max-image-preview":"max-image-preview:large","max-video-preview":"max-video-preview:-1"},"canonical":"https:\/\/www.rememberme-forever.com\/fr\/produit\/souvenir-en-acier-inoxydable-pour-cendres-petite-urne-pour-cendres\/","og_locale":"fr_FR","og_type":"article","og_title":"Souvenir en acier inoxydable pour cendres, petite urne pour cendres","og_description":"D\u00e9couvrez notre souvenir en acier inoxydable pour cendres, con\u00e7u pour offrir un hommage beau et durable \u00e0 votre proche.","og_url":"https:\/\/www.rememberme-forever.com\/fr\/produit\/souvenir-en-acier-inoxydable-pour-cendres-petite-urne-pour-cendres\/","og_site_name":"Remember Forever","article_modified_time":"2026-02-19T13:21:45+00:00","og_image":[{"width":768,"height":768,"url":"http:\/\/www.rememberme-forever.com\/wp-content\/uploads\/2023\/04\/stainless-steel-keepsake-for-ashes.jpg","type":"image\/jpeg"}],"twitter_card":"summary_large_image","twitter_misc":{"Dur\u00e9e de lecture estim\u00e9e":"2 minutes"},"schema":{"@context":"https:\/\/schema.org","@graph":[{"@type":"WebPage","@id":"https:\/\/www.rememberme-forever.com\/fr\/produit\/souvenir-en-acier-inoxydable-pour-cendres-petite-urne-pour-cendres\/","url":"https:\/\/www.rememberme-forever.com\/fr\/produit\/souvenir-en-acier-inoxydable-pour-cendres-petite-urne-pour-cendres\/","name":"Souvenir en acier inoxydable pour cendres, petite urne pour cendres","isPartOf":{"@id":"https:\/\/www.rememberme-forever.com\/fr\/#website"},"primaryImageOfPage":{"@id":"https:\/\/www.rememberme-forever.com\/fr\/produit\/souvenir-en-acier-inoxydable-pour-cendres-petite-urne-pour-cendres\/#primaryimage"},"image":{"@id":"https:\/\/www.rememberme-forever.com\/fr\/produit\/souvenir-en-acier-inoxydable-pour-cendres-petite-urne-pour-cendres\/#primaryimage"},"thumbnailUrl":"https:\/\/www.rememberme-forever.com\/wp-content\/uploads\/2023\/04\/stainless-steel-keepsake-for-ashes.jpg","datePublished":"2023-04-12T10:31:43+00:00","dateModified":"2026-02-19T13:21:45+00:00","description":"D\u00e9couvrez notre souvenir en acier inoxydable pour cendres, con\u00e7u pour offrir un hommage beau et durable \u00e0 votre proche.","breadcrumb":{"@id":"https:\/\/www.rememberme-forever.com\/fr\/produit\/souvenir-en-acier-inoxydable-pour-cendres-petite-urne-pour-cendres\/#breadcrumb"},"inLanguage":"fr-FR","potentialAction":[{"@type":"ReadAction","target":["https:\/\/www.rememberme-forever.com\/fr\/produit\/souvenir-en-acier-inoxydable-pour-cendres-petite-urne-pour-cendres\/"]}]},{"@type":"ImageObject","inLanguage":"fr-FR","@id":"https:\/\/www.rememberme-forever.com\/fr\/produit\/souvenir-en-acier-inoxydable-pour-cendres-petite-urne-pour-cendres\/#primaryimage","url":"https:\/\/www.rememberme-forever.com\/wp-content\/uploads\/2023\/04\/stainless-steel-keepsake-for-ashes.jpg","contentUrl":"https:\/\/www.rememberme-forever.com\/wp-content\/uploads\/2023\/04\/stainless-steel-keepsake-for-ashes.jpg","width":768,"height":768,"caption":"souvenir en acier inoxydable pour cendres"},{"@type":"BreadcrumbList","@id":"https:\/\/www.rememberme-forever.com\/fr\/produit\/souvenir-en-acier-inoxydable-pour-cendres-petite-urne-pour-cendres\/#breadcrumb","itemListElement":[{"@type":"ListItem","position":1,"name":"Home","item":"https:\/\/www.rememberme-forever.com\/fr\/accueil\/"},{"@type":"ListItem","position":2,"name":"Boutique","item":"https:\/\/www.rememberme-forever.com\/fr\/boutique\/"},{"@type":"ListItem","position":3,"name":"Souvenir en acier inoxydable pour cendres, petite urne pour cendres"}]},{"@type":"WebSite","@id":"https:\/\/www.rememberme-forever.com\/fr\/#website","url":"https:\/\/www.rememberme-forever.com\/fr\/","name":"Remember Forever","description":"Cremation urns, funeral urns, urns for ashes","publisher":{"@id":"https:\/\/www.rememberme-forever.com\/fr\/#organization"},"potentialAction":[{"@type":"SearchAction","target":{"@type":"EntryPoint","urlTemplate":"https:\/\/www.rememberme-forever.com\/fr\/?s={search_term_string}"},"query-input":{"@type":"PropertyValueSpecification","valueRequired":true,"valueName":"search_term_string"}}],"inLanguage":"fr-FR"},{"@type":"Organization","@id":"https:\/\/www.rememberme-forever.com\/fr\/#organization","name":"Remember Forever","url":"https:\/\/www.rememberme-forever.com\/fr\/","logo":{"@type":"ImageObject","inLanguage":"fr-FR","@id":"https:\/\/www.rememberme-forever.com\/fr\/#\/schema\/logo\/image\/","url":"https:\/\/www.rememberme-forever.com\/wp-content\/uploads\/2023\/02\/logo.png","contentUrl":"https:\/\/www.rememberme-forever.com\/wp-content\/uploads\/2023\/02\/logo.png","width":300,"height":56,"caption":"Remember Forever"},"image":{"@id":"https:\/\/www.rememberme-forever.com\/fr\/#\/schema\/logo\/image\/"}}]}},"acf":[],"_links":{"self":[{"href":"https:\/\/www.rememberme-forever.com\/fr\/wp-json\/wp\/v2\/product\/25508","targetHints":{"allow":["GET"]}}],"collection":[{"href":"https:\/\/www.rememberme-forever.com\/fr\/wp-json\/wp\/v2\/product"}],"about":[{"href":"https:\/\/www.rememberme-forever.com\/fr\/wp-json\/wp\/v2\/types\/product"}],"wp:featuredmedia":[{"embeddable":true,"href":"https:\/\/www.rememberme-forever.com\/fr\/wp-json\/wp\/v2\/media\/25504"}],"wp:attachment":[{"href":"https:\/\/www.rememberme-forever.com\/fr\/wp-json\/wp\/v2\/media?parent=25508"}],"wp:term":[{"taxonomy":"product_brand","embeddable":true,"href":"https:\/\/www.rememberme-forever.com\/fr\/wp-json\/wp\/v2\/product_brand?post=25508"},{"taxonomy":"product_cat","embeddable":true,"href":"https:\/\/www.rememberme-forever.com\/fr\/wp-json\/wp\/v2\/product_cat?post=25508"},{"taxonomy":"product_tag","embeddable":true,"href":"https:\/\/www.rememberme-forever.com\/fr\/wp-json\/wp\/v2\/product_tag?post=25508"}],"curies":[{"name":"wp","href":"https:\/\/api.w.org\/{rel}","templated":true}]}}