{"id":25528,"date":"2023-04-12T08:21:10","date_gmt":"2023-04-12T06:21:10","guid":{"rendered":"https:\/\/www.rememberme-forever.com\/product\/ensemble-de-deux-urnes-pour-parents-ou-personnes-mariees-unis-pour-toujours\/"},"modified":"2026-02-19T14:57:24","modified_gmt":"2026-02-19T13:57:24","slug":"ensemble-de-deux-urnes-pour-parents-ou-personnes-mariees-unis-pour-toujours","status":"publish","type":"product","link":"https:\/\/www.rememberme-forever.com\/fr\/produit\/ensemble-de-deux-urnes-pour-parents-ou-personnes-mariees-unis-pour-toujours\/","title":{"rendered":"Ensemble de deux urnes pour parents ou personnes mari\u00e9es &#8211; \u00ab Unis pour toujours \u00bb"},"content":{"rendered":"<div style=\"width: 100%; margin-bottom: 40px; height: max-content; padding-bottom: 60%; position: relative;\"><iframe style=\"position: absolute; top: 0; left: 0; width: 100%; height: 100%;\" src=\"https:\/\/rememberme-urns.com\/black-artistic-metal-urn\/\" frameborder=\"0\"><\/iframe><\/div>\n<div style=\"color: red; text-align: center; margin-bottom: 25px;\">\n<p>&gt;&gt; Rotation de la photo &#8211; appuyer\/zoomer &lt;&lt;<\/p>\n<\/div>\n<h2 style=\"text-align: center;\">\u00ab Together Forever \u00bb \u2013 ensemble de deux urnes pour parents ou couple mari\u00e9<\/h2>\n<p style=\"text-align: center;\">\u00ab Together Forever \u00bb est un <strong>ensemble de deux urnes<\/strong> sp\u00e9cial, con\u00e7u pour deux personnes proches, unies par le mariage. Les couleurs blanc et noir comm\u00e9morent le moment de leur mariage, durant lequel ils se sont jur\u00e9 d\u2019\u00eatre ensemble pour toujours.<\/p>\n<p style=\"text-align: center;\">Fid\u00e8les \u00e0 leurs v\u0153ux, ils peuvent reposer c\u00f4te \u00e0 c\u00f4te dans les couleurs dans lesquelles ils se sont jur\u00e9 amour, fid\u00e9lit\u00e9 et int\u00e9grit\u00e9 conjugale. Ils resteront \u00e0 jamais dans les m\u00e9moires comme un couple uni et aimant.<\/p>\n<p style=\"text-align: center;\"><strong><em>L\u2019ensemble d\u2019urnes Together Forever peut \u00eatre magnifique parmi les fleurs, sur fond de photo de votre jour de mariage.<\/em><\/strong><\/p>\n<p style=\"text-align: center;\">L\u2019ensemble comprend deux urnes en m\u00e9tal peintes selon la technique du d\u00e9coupage, qui leur conf\u00e8re un aspect original. Des craquelures naturelles sont cr\u00e9\u00e9es gr\u00e2ce \u00e0 un vernis sp\u00e9cial.<\/p>\n<p style=\"text-align: center;\">La peinture excellente et pr\u00e9cise, ainsi que la solidit\u00e9 des mat\u00e9riaux m\u00e9talliques, font de ces urnes de v\u00e9ritables \u0153uvres d\u2019art.<\/p>\n<p style=\"text-align: center;\"><strong>Si vous choisissez l\u2019option avec plaque comm\u00e9morative, veuillez penser \u00e0 envoyer deux textes. Les plaques sont fournies avec les urnes dans une enveloppe, \u00e0 coller soi-m\u00eame. <\/strong><\/p>\n<p>&nbsp;<\/p>\n<h3 style=\"text-align: center;\"><strong>PERSONNALISATION<\/strong><\/h3>\n<p style=\"text-align: center;\">Si vous choisissez une plaque personnalis\u00e9e, veuillez soumettre du texte dans le cadre de personnalisation du produit.<\/p>\n<p style=\"text-align: center;\">La plaque comm\u00e9morative personnalis\u00e9e doit \u00eatre personnalis\u00e9e lors de votre commande. (Pas de panique si vous la manquez ; vous pouvez toujours nous contacter ult\u00e9rieurement.)<\/p>\n<p style=\"text-align: center;\">Veuillez examiner attentivement le texte \u00e0 graver avant d&rsquo;ajouter l&rsquo;article au panier. Nous reproduisons et gravons les informations exactes re\u00e7ues lors de la commande et n&rsquo;y apportons aucune modification.<\/p>\n<p style=\"text-align: center;\"><strong>Veuillez revoir le texte pour vous assurer que toutes les orthographes sont correctes.<\/strong><\/p>\n<p><img loading=\"lazy\" decoding=\"async\" class=\" wp-image-1579 aligncenter\" src=\"http:\/\/www.rememberme-forever.com\/wp-content\/uploads\/2023\/04\/black-urn-with-own-text-300x300.jpg\" alt=\"urne noire avec texte personnalis\u00e9\" width=\"213\" height=\"213\" srcset=\"https:\/\/www.rememberme-forever.com\/wp-content\/uploads\/2023\/04\/black-urn-with-own-text-300x300.jpg 300w, https:\/\/www.rememberme-forever.com\/wp-content\/uploads\/2023\/04\/black-urn-with-own-text-150x150.jpg 150w, https:\/\/www.rememberme-forever.com\/wp-content\/uploads\/2023\/04\/black-urn-with-own-text-600x600.jpg 600w, https:\/\/www.rememberme-forever.com\/wp-content\/uploads\/2023\/04\/black-urn-with-own-text-100x100.jpg 100w, https:\/\/www.rememberme-forever.com\/wp-content\/uploads\/2023\/04\/black-urn-with-own-text-64x64.jpg 64w, https:\/\/www.rememberme-forever.com\/wp-content\/uploads\/2023\/04\/black-urn-with-own-text.jpg 768w\" sizes=\"auto, (max-width: 213px) 100vw, 213px\" \/><\/p>\n","protected":false},"excerpt":{"rendered":"<p><strong>Urnes de cr\u00e9mation pour couple mari\u00e9 ou parents.<\/strong> \u00ab Together Forever \u00bb \u2013 ensemble de deux urnes pour deux personnes.<\/p>\n<p><em><strong>Convient pour un poids corporel d&rsquo;environ 262 lbs &#8211; 118 kg <\/strong><\/em><\/p>\n","protected":false},"featured_media":25525,"template":"","meta":{"_acf_changed":false},"product_brand":[],"product_cat":[2410,2415],"product_tag":[3338],"class_list":{"0":"post-25528","1":"product","2":"type-product","3":"status-publish","4":"has-post-thumbnail","6":"product_cat-urnes-compagnes","7":"product_cat-urnes-en-metal","8":"product_tag-gpsr-metal-urns","9":"product_shipping_class-2-4kg-fr","11":"first","12":"instock","13":"taxable","14":"shipping-taxable","15":"purchasable","16":"product-type-variable"},"yoast_head":"<!-- This site is optimized with the Yoast SEO plugin v27.4 - https:\/\/yoast.com\/product\/yoast-seo-wordpress\/ -->\n<title>Ensemble de deux urnes pour parents ou personnes mari\u00e9es - \u00ab Unis pour toujours \u00bb<\/title>\n<meta name=\"description\" content=\"\u00ab Together Forever \u00bb est un ensemble sp\u00e9cial de deux urnes, con\u00e7u pour deux personnes proches, unies par le mariage. Urnes de couple.\" \/>\n<meta name=\"robots\" content=\"index, follow, max-snippet:-1, max-image-preview:large, max-video-preview:-1\" \/>\n<link rel=\"canonical\" href=\"https:\/\/www.rememberme-forever.com\/fr\/produit\/ensemble-de-deux-urnes-pour-parents-ou-personnes-mariees-unis-pour-toujours\/\" \/>\n<meta property=\"og:locale\" content=\"fr_FR\" \/>\n<meta property=\"og:type\" content=\"article\" \/>\n<meta property=\"og:title\" content=\"Ensemble de deux urnes pour parents ou personnes mari\u00e9es - \u00ab Unis pour toujours \u00bb\" \/>\n<meta property=\"og:description\" content=\"\u00ab Together Forever \u00bb est un ensemble sp\u00e9cial de deux urnes, con\u00e7u pour deux personnes proches, unies par le mariage. Urnes de couple.\" \/>\n<meta property=\"og:url\" content=\"https:\/\/www.rememberme-forever.com\/fr\/produit\/ensemble-de-deux-urnes-pour-parents-ou-personnes-mariees-unis-pour-toujours\/\" \/>\n<meta property=\"og:site_name\" content=\"Remember Forever\" \/>\n<meta property=\"article:modified_time\" content=\"2026-02-19T13:57:24+00:00\" \/>\n<meta property=\"og:image\" content=\"http:\/\/www.rememberme-forever.com\/wp-content\/uploads\/2023\/04\/set-of-urns-for-parents-or-married.jpg\" \/>\n\t<meta property=\"og:image:width\" content=\"1024\" \/>\n\t<meta property=\"og:image:height\" content=\"698\" \/>\n\t<meta property=\"og:image:type\" content=\"image\/jpeg\" \/>\n<meta name=\"twitter:card\" content=\"summary_large_image\" \/>\n<meta name=\"twitter:label1\" content=\"Dur\u00e9e de lecture estim\u00e9e\" \/>\n\t<meta name=\"twitter:data1\" content=\"2 minutes\" \/>\n<script type=\"application\/ld+json\" class=\"yoast-schema-graph\">{\"@context\":\"https:\\\/\\\/schema.org\",\"@graph\":[{\"@type\":\"WebPage\",\"@id\":\"https:\\\/\\\/www.rememberme-forever.com\\\/fr\\\/produit\\\/ensemble-de-deux-urnes-pour-parents-ou-personnes-mariees-unis-pour-toujours\\\/\",\"url\":\"https:\\\/\\\/www.rememberme-forever.com\\\/fr\\\/produit\\\/ensemble-de-deux-urnes-pour-parents-ou-personnes-mariees-unis-pour-toujours\\\/\",\"name\":\"Ensemble de deux urnes pour parents ou personnes mari\u00e9es - \u00ab Unis pour toujours \u00bb\",\"isPartOf\":{\"@id\":\"https:\\\/\\\/www.rememberme-forever.com\\\/fr\\\/#website\"},\"primaryImageOfPage\":{\"@id\":\"https:\\\/\\\/www.rememberme-forever.com\\\/fr\\\/produit\\\/ensemble-de-deux-urnes-pour-parents-ou-personnes-mariees-unis-pour-toujours\\\/#primaryimage\"},\"image\":{\"@id\":\"https:\\\/\\\/www.rememberme-forever.com\\\/fr\\\/produit\\\/ensemble-de-deux-urnes-pour-parents-ou-personnes-mariees-unis-pour-toujours\\\/#primaryimage\"},\"thumbnailUrl\":\"https:\\\/\\\/www.rememberme-forever.com\\\/wp-content\\\/uploads\\\/2023\\\/04\\\/set-of-urns-for-parents-or-married.jpg\",\"datePublished\":\"2023-04-12T06:21:10+00:00\",\"dateModified\":\"2026-02-19T13:57:24+00:00\",\"description\":\"\u00ab Together Forever \u00bb est un ensemble sp\u00e9cial de deux urnes, con\u00e7u pour deux personnes proches, unies par le mariage. Urnes de couple.\",\"breadcrumb\":{\"@id\":\"https:\\\/\\\/www.rememberme-forever.com\\\/fr\\\/produit\\\/ensemble-de-deux-urnes-pour-parents-ou-personnes-mariees-unis-pour-toujours\\\/#breadcrumb\"},\"inLanguage\":\"fr-FR\",\"potentialAction\":[{\"@type\":\"ReadAction\",\"target\":[\"https:\\\/\\\/www.rememberme-forever.com\\\/fr\\\/produit\\\/ensemble-de-deux-urnes-pour-parents-ou-personnes-mariees-unis-pour-toujours\\\/\"]}]},{\"@type\":\"ImageObject\",\"inLanguage\":\"fr-FR\",\"@id\":\"https:\\\/\\\/www.rememberme-forever.com\\\/fr\\\/produit\\\/ensemble-de-deux-urnes-pour-parents-ou-personnes-mariees-unis-pour-toujours\\\/#primaryimage\",\"url\":\"https:\\\/\\\/www.rememberme-forever.com\\\/wp-content\\\/uploads\\\/2023\\\/04\\\/set-of-urns-for-parents-or-married.jpg\",\"contentUrl\":\"https:\\\/\\\/www.rememberme-forever.com\\\/wp-content\\\/uploads\\\/2023\\\/04\\\/set-of-urns-for-parents-or-married.jpg\",\"width\":1024,\"height\":698,\"caption\":\"ensemble d\u2019urnes pour parents ou couple mari\u00e9\"},{\"@type\":\"BreadcrumbList\",\"@id\":\"https:\\\/\\\/www.rememberme-forever.com\\\/fr\\\/produit\\\/ensemble-de-deux-urnes-pour-parents-ou-personnes-mariees-unis-pour-toujours\\\/#breadcrumb\",\"itemListElement\":[{\"@type\":\"ListItem\",\"position\":1,\"name\":\"Home\",\"item\":\"https:\\\/\\\/www.rememberme-forever.com\\\/fr\\\/accueil\\\/\"},{\"@type\":\"ListItem\",\"position\":2,\"name\":\"Boutique\",\"item\":\"https:\\\/\\\/www.rememberme-forever.com\\\/fr\\\/boutique\\\/\"},{\"@type\":\"ListItem\",\"position\":3,\"name\":\"Ensemble de deux urnes pour parents ou personnes mari\u00e9es &#8211; \u00ab Unis pour toujours \u00bb\"}]},{\"@type\":\"WebSite\",\"@id\":\"https:\\\/\\\/www.rememberme-forever.com\\\/fr\\\/#website\",\"url\":\"https:\\\/\\\/www.rememberme-forever.com\\\/fr\\\/\",\"name\":\"Remember Forever\",\"description\":\"Cremation urns, funeral urns, urns for ashes\",\"publisher\":{\"@id\":\"https:\\\/\\\/www.rememberme-forever.com\\\/fr\\\/#organization\"},\"potentialAction\":[{\"@type\":\"SearchAction\",\"target\":{\"@type\":\"EntryPoint\",\"urlTemplate\":\"https:\\\/\\\/www.rememberme-forever.com\\\/fr\\\/?s={search_term_string}\"},\"query-input\":{\"@type\":\"PropertyValueSpecification\",\"valueRequired\":true,\"valueName\":\"search_term_string\"}}],\"inLanguage\":\"fr-FR\"},{\"@type\":\"Organization\",\"@id\":\"https:\\\/\\\/www.rememberme-forever.com\\\/fr\\\/#organization\",\"name\":\"Remember Forever\",\"url\":\"https:\\\/\\\/www.rememberme-forever.com\\\/fr\\\/\",\"logo\":{\"@type\":\"ImageObject\",\"inLanguage\":\"fr-FR\",\"@id\":\"https:\\\/\\\/www.rememberme-forever.com\\\/fr\\\/#\\\/schema\\\/logo\\\/image\\\/\",\"url\":\"https:\\\/\\\/www.rememberme-forever.com\\\/wp-content\\\/uploads\\\/2023\\\/02\\\/logo.png\",\"contentUrl\":\"https:\\\/\\\/www.rememberme-forever.com\\\/wp-content\\\/uploads\\\/2023\\\/02\\\/logo.png\",\"width\":300,\"height\":56,\"caption\":\"Remember Forever\"},\"image\":{\"@id\":\"https:\\\/\\\/www.rememberme-forever.com\\\/fr\\\/#\\\/schema\\\/logo\\\/image\\\/\"}}]}<\/script>\n<!-- \/ Yoast SEO plugin. -->","yoast_head_json":{"title":"Ensemble de deux urnes pour parents ou personnes mari\u00e9es - \u00ab Unis pour toujours \u00bb","description":"\u00ab Together Forever \u00bb est un ensemble sp\u00e9cial de deux urnes, con\u00e7u pour deux personnes proches, unies par le mariage. Urnes de couple.","robots":{"index":"index","follow":"follow","max-snippet":"max-snippet:-1","max-image-preview":"max-image-preview:large","max-video-preview":"max-video-preview:-1"},"canonical":"https:\/\/www.rememberme-forever.com\/fr\/produit\/ensemble-de-deux-urnes-pour-parents-ou-personnes-mariees-unis-pour-toujours\/","og_locale":"fr_FR","og_type":"article","og_title":"Ensemble de deux urnes pour parents ou personnes mari\u00e9es - \u00ab Unis pour toujours \u00bb","og_description":"\u00ab Together Forever \u00bb est un ensemble sp\u00e9cial de deux urnes, con\u00e7u pour deux personnes proches, unies par le mariage. Urnes de couple.","og_url":"https:\/\/www.rememberme-forever.com\/fr\/produit\/ensemble-de-deux-urnes-pour-parents-ou-personnes-mariees-unis-pour-toujours\/","og_site_name":"Remember Forever","article_modified_time":"2026-02-19T13:57:24+00:00","og_image":[{"width":1024,"height":698,"url":"http:\/\/www.rememberme-forever.com\/wp-content\/uploads\/2023\/04\/set-of-urns-for-parents-or-married.jpg","type":"image\/jpeg"}],"twitter_card":"summary_large_image","twitter_misc":{"Dur\u00e9e de lecture estim\u00e9e":"2 minutes"},"schema":{"@context":"https:\/\/schema.org","@graph":[{"@type":"WebPage","@id":"https:\/\/www.rememberme-forever.com\/fr\/produit\/ensemble-de-deux-urnes-pour-parents-ou-personnes-mariees-unis-pour-toujours\/","url":"https:\/\/www.rememberme-forever.com\/fr\/produit\/ensemble-de-deux-urnes-pour-parents-ou-personnes-mariees-unis-pour-toujours\/","name":"Ensemble de deux urnes pour parents ou personnes mari\u00e9es - \u00ab Unis pour toujours \u00bb","isPartOf":{"@id":"https:\/\/www.rememberme-forever.com\/fr\/#website"},"primaryImageOfPage":{"@id":"https:\/\/www.rememberme-forever.com\/fr\/produit\/ensemble-de-deux-urnes-pour-parents-ou-personnes-mariees-unis-pour-toujours\/#primaryimage"},"image":{"@id":"https:\/\/www.rememberme-forever.com\/fr\/produit\/ensemble-de-deux-urnes-pour-parents-ou-personnes-mariees-unis-pour-toujours\/#primaryimage"},"thumbnailUrl":"https:\/\/www.rememberme-forever.com\/wp-content\/uploads\/2023\/04\/set-of-urns-for-parents-or-married.jpg","datePublished":"2023-04-12T06:21:10+00:00","dateModified":"2026-02-19T13:57:24+00:00","description":"\u00ab Together Forever \u00bb est un ensemble sp\u00e9cial de deux urnes, con\u00e7u pour deux personnes proches, unies par le mariage. Urnes de couple.","breadcrumb":{"@id":"https:\/\/www.rememberme-forever.com\/fr\/produit\/ensemble-de-deux-urnes-pour-parents-ou-personnes-mariees-unis-pour-toujours\/#breadcrumb"},"inLanguage":"fr-FR","potentialAction":[{"@type":"ReadAction","target":["https:\/\/www.rememberme-forever.com\/fr\/produit\/ensemble-de-deux-urnes-pour-parents-ou-personnes-mariees-unis-pour-toujours\/"]}]},{"@type":"ImageObject","inLanguage":"fr-FR","@id":"https:\/\/www.rememberme-forever.com\/fr\/produit\/ensemble-de-deux-urnes-pour-parents-ou-personnes-mariees-unis-pour-toujours\/#primaryimage","url":"https:\/\/www.rememberme-forever.com\/wp-content\/uploads\/2023\/04\/set-of-urns-for-parents-or-married.jpg","contentUrl":"https:\/\/www.rememberme-forever.com\/wp-content\/uploads\/2023\/04\/set-of-urns-for-parents-or-married.jpg","width":1024,"height":698,"caption":"ensemble d\u2019urnes pour parents ou couple mari\u00e9"},{"@type":"BreadcrumbList","@id":"https:\/\/www.rememberme-forever.com\/fr\/produit\/ensemble-de-deux-urnes-pour-parents-ou-personnes-mariees-unis-pour-toujours\/#breadcrumb","itemListElement":[{"@type":"ListItem","position":1,"name":"Home","item":"https:\/\/www.rememberme-forever.com\/fr\/accueil\/"},{"@type":"ListItem","position":2,"name":"Boutique","item":"https:\/\/www.rememberme-forever.com\/fr\/boutique\/"},{"@type":"ListItem","position":3,"name":"Ensemble de deux urnes pour parents ou personnes mari\u00e9es &#8211; \u00ab Unis pour toujours \u00bb"}]},{"@type":"WebSite","@id":"https:\/\/www.rememberme-forever.com\/fr\/#website","url":"https:\/\/www.rememberme-forever.com\/fr\/","name":"Remember Forever","description":"Cremation urns, funeral urns, urns for ashes","publisher":{"@id":"https:\/\/www.rememberme-forever.com\/fr\/#organization"},"potentialAction":[{"@type":"SearchAction","target":{"@type":"EntryPoint","urlTemplate":"https:\/\/www.rememberme-forever.com\/fr\/?s={search_term_string}"},"query-input":{"@type":"PropertyValueSpecification","valueRequired":true,"valueName":"search_term_string"}}],"inLanguage":"fr-FR"},{"@type":"Organization","@id":"https:\/\/www.rememberme-forever.com\/fr\/#organization","name":"Remember Forever","url":"https:\/\/www.rememberme-forever.com\/fr\/","logo":{"@type":"ImageObject","inLanguage":"fr-FR","@id":"https:\/\/www.rememberme-forever.com\/fr\/#\/schema\/logo\/image\/","url":"https:\/\/www.rememberme-forever.com\/wp-content\/uploads\/2023\/02\/logo.png","contentUrl":"https:\/\/www.rememberme-forever.com\/wp-content\/uploads\/2023\/02\/logo.png","width":300,"height":56,"caption":"Remember Forever"},"image":{"@id":"https:\/\/www.rememberme-forever.com\/fr\/#\/schema\/logo\/image\/"}}]}},"acf":[],"_links":{"self":[{"href":"https:\/\/www.rememberme-forever.com\/fr\/wp-json\/wp\/v2\/product\/25528","targetHints":{"allow":["GET"]}}],"collection":[{"href":"https:\/\/www.rememberme-forever.com\/fr\/wp-json\/wp\/v2\/product"}],"about":[{"href":"https:\/\/www.rememberme-forever.com\/fr\/wp-json\/wp\/v2\/types\/product"}],"wp:featuredmedia":[{"embeddable":true,"href":"https:\/\/www.rememberme-forever.com\/fr\/wp-json\/wp\/v2\/media\/25525"}],"wp:attachment":[{"href":"https:\/\/www.rememberme-forever.com\/fr\/wp-json\/wp\/v2\/media?parent=25528"}],"wp:term":[{"taxonomy":"product_brand","embeddable":true,"href":"https:\/\/www.rememberme-forever.com\/fr\/wp-json\/wp\/v2\/product_brand?post=25528"},{"taxonomy":"product_cat","embeddable":true,"href":"https:\/\/www.rememberme-forever.com\/fr\/wp-json\/wp\/v2\/product_cat?post=25528"},{"taxonomy":"product_tag","embeddable":true,"href":"https:\/\/www.rememberme-forever.com\/fr\/wp-json\/wp\/v2\/product_tag?post=25528"}],"curies":[{"name":"wp","href":"https:\/\/api.w.org\/{rel}","templated":true}]}}