{"id":25560,"date":"2023-04-12T13:24:24","date_gmt":"2023-04-12T11:24:24","guid":{"rendered":"https:\/\/www.rememberme-forever.com\/product\/urne-pour-bebe-en-acier-inoxydable\/"},"modified":"2026-02-19T15:29:16","modified_gmt":"2026-02-19T14:29:16","slug":"urne-pour-bebe-en-acier-inoxydable","status":"publish","type":"product","link":"https:\/\/www.rememberme-forever.com\/fr\/produit\/urne-pour-bebe-en-acier-inoxydable\/","title":{"rendered":"Urne pour b\u00e9b\u00e9 en acier inoxydable"},"content":{"rendered":"<h2 style=\"text-align: center;\">Urne pour b\u00e9b\u00e9 en acier inoxydable<\/h2>\n<p style=\"text-align: center;\">D\u00e9couvrez notre <strong>urne pour b\u00e9b\u00e9 en acier inoxydable<\/strong>, con\u00e7ue pour offrir un hommage magnifique et durable \u00e0 votre cher petit \u00eatre. Fabriqu\u00e9e en acier inoxydable de haute qualit\u00e9, cette petite sph\u00e8re est l\u2019endroit id\u00e9al pour conserver une partie des cendres de votre b\u00e9b\u00e9. La sph\u00e8re repose en toute s\u00e9curit\u00e9 sur une base robuste en ABS, garantissant sa stabilit\u00e9 et sa protection.<\/p>\n<p style=\"text-align: center;\">Le design \u00e9pur\u00e9 et moderne de cette urne est \u00e0 la fois intemporel et \u00e9l\u00e9gant, s\u2019int\u00e9grant parfaitement \u00e0 tout int\u00e9rieur ou chambre d\u2019enfant. Avec un diam\u00e8tre de seulement quelques pouces, elle est assez petite pour \u00eatre pos\u00e9e sur une \u00e9tag\u00e8re, une commode ou une table de chevet, tout en \u00e9tant assez grande pour contenir une quantit\u00e9 importante de cendres.<\/p>\n<p style=\"text-align: center;\">La structure en acier inoxydable de cette urne garantit qu\u2019elle restera en parfait \u00e9tat au fil des ans, et sa surface lisse facilite le nettoyage et l\u2019entretien. La plaque comm\u00e9morative incluse vous permet de personnaliser l\u2019urne avec le nom et les dates de votre b\u00e9b\u00e9, cr\u00e9ant ainsi un hommage unique et personnel.<\/p>\n<p style=\"text-align: center;\">Perdre un b\u00e9b\u00e9 est l\u2019une des \u00e9preuves les plus difficiles pour un parent, et nous comprenons l\u2019importance de trouver une mani\u00e8re significative d\u2019honorer la m\u00e9moire de votre petit. Notre urne pour b\u00e9b\u00e9 en acier inoxydable offre un moyen magnifique et durable de garder votre enfant pr\u00e8s de votre c\u0153ur et de cr\u00e9er un lieu de recueillement pr\u00e9cieux pour les ann\u00e9es \u00e0 venir.<\/p>\n<p>&nbsp;<\/p>\n<h3 style=\"text-align: center;\"><strong>PERSONNALISATION<\/strong><\/h3>\n<p style=\"text-align: center;\">Si vous choisissez une plaque personnalis\u00e9e, veuillez soumettre du texte dans le cadre de personnalisation du produit.<\/p>\n<p style=\"text-align: center;\">La plaque comm\u00e9morative personnalis\u00e9e doit \u00eatre personnalis\u00e9e lors de votre commande. (Pas de panique si vous la manquez ; vous pouvez toujours nous contacter ult\u00e9rieurement.)<\/p>\n<p style=\"text-align: center;\">Veuillez examiner attentivement le texte \u00e0 graver avant d&rsquo;ajouter l&rsquo;article au panier. Nous reproduisons et gravons les informations exactes re\u00e7ues lors de la commande et n&rsquo;y apportons aucune modification.<\/p>\n<p style=\"text-align: center;\"><strong>Veuillez revoir le texte pour vous assurer que toutes les orthographes sont correctes.<\/strong><\/p>\n<p><img loading=\"lazy\" decoding=\"async\" class=\"wp-image-1449 aligncenter\" src=\"http:\/\/www.rememberme-forever.com\/wp-content\/uploads\/2023\/04\/memorial-plaque-cremation-urn-silver-300x153.jpg\" alt=\"Plaque comm\u00e9morative pour urne fun\u00e9raire en argent\" width=\"229\" height=\"117\" srcset=\"https:\/\/www.rememberme-forever.com\/wp-content\/uploads\/2023\/04\/memorial-plaque-cremation-urn-silver-300x153.jpg 300w, https:\/\/www.rememberme-forever.com\/wp-content\/uploads\/2023\/04\/memorial-plaque-cremation-urn-silver-64x33.jpg 64w, https:\/\/www.rememberme-forever.com\/wp-content\/uploads\/2023\/04\/memorial-plaque-cremation-urn-silver.jpg 448w\" sizes=\"auto, (max-width: 229px) 100vw, 229px\" \/><\/p>\n<p>&nbsp;<\/p>\n","protected":false},"excerpt":{"rendered":"<p>Sph\u00e8re unique en acier inoxydable pour cendres d\u2019enfant<\/p>\n<p><em><strong>Convient pour les cendres d\u2019une personne pesant jusqu\u2019\u00e0 environ 77 lbs ou 35 kg, ou pour les cendres d\u2019un animal. <\/strong><\/em><\/p>\n<p>\u2705 Cette urne ne convient pas \u00e0 un usage ext\u00e9rieur. Consultez nos <a href=\"https:\/\/www.rememberme-forever.com\/fr\/categorie-produit\/urnes-dexterieur\/\" target=\"_blank\" rel=\"noopener\"><strong>urnes d&rsquo;ext\u00e9rieur. &gt;&gt;<\/strong><\/a><\/p>\n","protected":false},"featured_media":25556,"template":"","meta":{"_acf_changed":false},"product_brand":[],"product_cat":[2415,2409],"product_tag":[3342],"class_list":{"0":"post-25560","1":"product","2":"type-product","3":"status-publish","4":"has-post-thumbnail","6":"product_cat-urnes-en-metal","7":"product_cat-urnes-pour-enfants","8":"product_tag-gpsr-metal_ss_abs_base","9":"product_shipping_class-2-4kg-fr","11":"first","12":"instock","13":"taxable","14":"shipping-taxable","15":"purchasable","16":"product-type-simple"},"yoast_head":"<!-- This site is optimized with the Yoast SEO plugin v27.4 - https:\/\/yoast.com\/product\/yoast-seo-wordpress\/ -->\n<title>Urne pour b\u00e9b\u00e9 en acier inoxydable<\/title>\n<meta name=\"description\" content=\"D\u00e9couvrez notre urne pour b\u00e9b\u00e9 en acier inoxydable, con\u00e7ue pour offrir un hommage magnifique et durable \u00e0 votre cher petit \u00eatre.\" \/>\n<meta name=\"robots\" content=\"index, follow, max-snippet:-1, max-image-preview:large, max-video-preview:-1\" \/>\n<link rel=\"canonical\" href=\"https:\/\/www.rememberme-forever.com\/fr\/produit\/urne-pour-bebe-en-acier-inoxydable\/\" \/>\n<meta property=\"og:locale\" content=\"fr_FR\" \/>\n<meta property=\"og:type\" content=\"article\" \/>\n<meta property=\"og:title\" content=\"Urne pour b\u00e9b\u00e9 en acier inoxydable\" \/>\n<meta property=\"og:description\" content=\"D\u00e9couvrez notre urne pour b\u00e9b\u00e9 en acier inoxydable, con\u00e7ue pour offrir un hommage magnifique et durable \u00e0 votre cher petit \u00eatre.\" \/>\n<meta property=\"og:url\" content=\"https:\/\/www.rememberme-forever.com\/fr\/produit\/urne-pour-bebe-en-acier-inoxydable\/\" \/>\n<meta property=\"og:site_name\" content=\"Remember Forever\" \/>\n<meta property=\"article:modified_time\" content=\"2026-02-19T14:29:16+00:00\" \/>\n<meta property=\"og:image\" content=\"http:\/\/www.rememberme-forever.com\/wp-content\/uploads\/2023\/04\/stainless-steel-baby-urn-1.jpg\" \/>\n\t<meta property=\"og:image:width\" content=\"768\" \/>\n\t<meta property=\"og:image:height\" content=\"768\" \/>\n\t<meta property=\"og:image:type\" content=\"image\/jpeg\" \/>\n<meta name=\"twitter:card\" content=\"summary_large_image\" \/>\n<meta name=\"twitter:label1\" content=\"Dur\u00e9e de lecture estim\u00e9e\" \/>\n\t<meta name=\"twitter:data1\" content=\"2 minutes\" \/>\n<script type=\"application\/ld+json\" class=\"yoast-schema-graph\">{\"@context\":\"https:\\\/\\\/schema.org\",\"@graph\":[{\"@type\":\"WebPage\",\"@id\":\"https:\\\/\\\/www.rememberme-forever.com\\\/fr\\\/produit\\\/urne-pour-bebe-en-acier-inoxydable\\\/\",\"url\":\"https:\\\/\\\/www.rememberme-forever.com\\\/fr\\\/produit\\\/urne-pour-bebe-en-acier-inoxydable\\\/\",\"name\":\"Urne pour b\u00e9b\u00e9 en acier inoxydable\",\"isPartOf\":{\"@id\":\"https:\\\/\\\/www.rememberme-forever.com\\\/fr\\\/#website\"},\"primaryImageOfPage\":{\"@id\":\"https:\\\/\\\/www.rememberme-forever.com\\\/fr\\\/produit\\\/urne-pour-bebe-en-acier-inoxydable\\\/#primaryimage\"},\"image\":{\"@id\":\"https:\\\/\\\/www.rememberme-forever.com\\\/fr\\\/produit\\\/urne-pour-bebe-en-acier-inoxydable\\\/#primaryimage\"},\"thumbnailUrl\":\"https:\\\/\\\/www.rememberme-forever.com\\\/wp-content\\\/uploads\\\/2023\\\/04\\\/stainless-steel-baby-urn-1.jpg\",\"datePublished\":\"2023-04-12T11:24:24+00:00\",\"dateModified\":\"2026-02-19T14:29:16+00:00\",\"description\":\"D\u00e9couvrez notre urne pour b\u00e9b\u00e9 en acier inoxydable, con\u00e7ue pour offrir un hommage magnifique et durable \u00e0 votre cher petit \u00eatre.\",\"breadcrumb\":{\"@id\":\"https:\\\/\\\/www.rememberme-forever.com\\\/fr\\\/produit\\\/urne-pour-bebe-en-acier-inoxydable\\\/#breadcrumb\"},\"inLanguage\":\"fr-FR\",\"potentialAction\":[{\"@type\":\"ReadAction\",\"target\":[\"https:\\\/\\\/www.rememberme-forever.com\\\/fr\\\/produit\\\/urne-pour-bebe-en-acier-inoxydable\\\/\"]}]},{\"@type\":\"ImageObject\",\"inLanguage\":\"fr-FR\",\"@id\":\"https:\\\/\\\/www.rememberme-forever.com\\\/fr\\\/produit\\\/urne-pour-bebe-en-acier-inoxydable\\\/#primaryimage\",\"url\":\"https:\\\/\\\/www.rememberme-forever.com\\\/wp-content\\\/uploads\\\/2023\\\/04\\\/stainless-steel-baby-urn-1.jpg\",\"contentUrl\":\"https:\\\/\\\/www.rememberme-forever.com\\\/wp-content\\\/uploads\\\/2023\\\/04\\\/stainless-steel-baby-urn-1.jpg\",\"width\":768,\"height\":768,\"caption\":\"urne pour b\u00e9b\u00e9 en acier inoxydable\"},{\"@type\":\"BreadcrumbList\",\"@id\":\"https:\\\/\\\/www.rememberme-forever.com\\\/fr\\\/produit\\\/urne-pour-bebe-en-acier-inoxydable\\\/#breadcrumb\",\"itemListElement\":[{\"@type\":\"ListItem\",\"position\":1,\"name\":\"Home\",\"item\":\"https:\\\/\\\/www.rememberme-forever.com\\\/fr\\\/accueil\\\/\"},{\"@type\":\"ListItem\",\"position\":2,\"name\":\"Boutique\",\"item\":\"https:\\\/\\\/www.rememberme-forever.com\\\/fr\\\/boutique\\\/\"},{\"@type\":\"ListItem\",\"position\":3,\"name\":\"Urne pour b\u00e9b\u00e9 en acier inoxydable\"}]},{\"@type\":\"WebSite\",\"@id\":\"https:\\\/\\\/www.rememberme-forever.com\\\/fr\\\/#website\",\"url\":\"https:\\\/\\\/www.rememberme-forever.com\\\/fr\\\/\",\"name\":\"Remember Forever\",\"description\":\"Cremation urns, funeral urns, urns for ashes\",\"publisher\":{\"@id\":\"https:\\\/\\\/www.rememberme-forever.com\\\/fr\\\/#organization\"},\"potentialAction\":[{\"@type\":\"SearchAction\",\"target\":{\"@type\":\"EntryPoint\",\"urlTemplate\":\"https:\\\/\\\/www.rememberme-forever.com\\\/fr\\\/?s={search_term_string}\"},\"query-input\":{\"@type\":\"PropertyValueSpecification\",\"valueRequired\":true,\"valueName\":\"search_term_string\"}}],\"inLanguage\":\"fr-FR\"},{\"@type\":\"Organization\",\"@id\":\"https:\\\/\\\/www.rememberme-forever.com\\\/fr\\\/#organization\",\"name\":\"Remember Forever\",\"url\":\"https:\\\/\\\/www.rememberme-forever.com\\\/fr\\\/\",\"logo\":{\"@type\":\"ImageObject\",\"inLanguage\":\"fr-FR\",\"@id\":\"https:\\\/\\\/www.rememberme-forever.com\\\/fr\\\/#\\\/schema\\\/logo\\\/image\\\/\",\"url\":\"https:\\\/\\\/www.rememberme-forever.com\\\/wp-content\\\/uploads\\\/2023\\\/02\\\/logo.png\",\"contentUrl\":\"https:\\\/\\\/www.rememberme-forever.com\\\/wp-content\\\/uploads\\\/2023\\\/02\\\/logo.png\",\"width\":300,\"height\":56,\"caption\":\"Remember Forever\"},\"image\":{\"@id\":\"https:\\\/\\\/www.rememberme-forever.com\\\/fr\\\/#\\\/schema\\\/logo\\\/image\\\/\"}}]}<\/script>\n<!-- \/ Yoast SEO plugin. -->","yoast_head_json":{"title":"Urne pour b\u00e9b\u00e9 en acier inoxydable","description":"D\u00e9couvrez notre urne pour b\u00e9b\u00e9 en acier inoxydable, con\u00e7ue pour offrir un hommage magnifique et durable \u00e0 votre cher petit \u00eatre.","robots":{"index":"index","follow":"follow","max-snippet":"max-snippet:-1","max-image-preview":"max-image-preview:large","max-video-preview":"max-video-preview:-1"},"canonical":"https:\/\/www.rememberme-forever.com\/fr\/produit\/urne-pour-bebe-en-acier-inoxydable\/","og_locale":"fr_FR","og_type":"article","og_title":"Urne pour b\u00e9b\u00e9 en acier inoxydable","og_description":"D\u00e9couvrez notre urne pour b\u00e9b\u00e9 en acier inoxydable, con\u00e7ue pour offrir un hommage magnifique et durable \u00e0 votre cher petit \u00eatre.","og_url":"https:\/\/www.rememberme-forever.com\/fr\/produit\/urne-pour-bebe-en-acier-inoxydable\/","og_site_name":"Remember Forever","article_modified_time":"2026-02-19T14:29:16+00:00","og_image":[{"width":768,"height":768,"url":"http:\/\/www.rememberme-forever.com\/wp-content\/uploads\/2023\/04\/stainless-steel-baby-urn-1.jpg","type":"image\/jpeg"}],"twitter_card":"summary_large_image","twitter_misc":{"Dur\u00e9e de lecture estim\u00e9e":"2 minutes"},"schema":{"@context":"https:\/\/schema.org","@graph":[{"@type":"WebPage","@id":"https:\/\/www.rememberme-forever.com\/fr\/produit\/urne-pour-bebe-en-acier-inoxydable\/","url":"https:\/\/www.rememberme-forever.com\/fr\/produit\/urne-pour-bebe-en-acier-inoxydable\/","name":"Urne pour b\u00e9b\u00e9 en acier inoxydable","isPartOf":{"@id":"https:\/\/www.rememberme-forever.com\/fr\/#website"},"primaryImageOfPage":{"@id":"https:\/\/www.rememberme-forever.com\/fr\/produit\/urne-pour-bebe-en-acier-inoxydable\/#primaryimage"},"image":{"@id":"https:\/\/www.rememberme-forever.com\/fr\/produit\/urne-pour-bebe-en-acier-inoxydable\/#primaryimage"},"thumbnailUrl":"https:\/\/www.rememberme-forever.com\/wp-content\/uploads\/2023\/04\/stainless-steel-baby-urn-1.jpg","datePublished":"2023-04-12T11:24:24+00:00","dateModified":"2026-02-19T14:29:16+00:00","description":"D\u00e9couvrez notre urne pour b\u00e9b\u00e9 en acier inoxydable, con\u00e7ue pour offrir un hommage magnifique et durable \u00e0 votre cher petit \u00eatre.","breadcrumb":{"@id":"https:\/\/www.rememberme-forever.com\/fr\/produit\/urne-pour-bebe-en-acier-inoxydable\/#breadcrumb"},"inLanguage":"fr-FR","potentialAction":[{"@type":"ReadAction","target":["https:\/\/www.rememberme-forever.com\/fr\/produit\/urne-pour-bebe-en-acier-inoxydable\/"]}]},{"@type":"ImageObject","inLanguage":"fr-FR","@id":"https:\/\/www.rememberme-forever.com\/fr\/produit\/urne-pour-bebe-en-acier-inoxydable\/#primaryimage","url":"https:\/\/www.rememberme-forever.com\/wp-content\/uploads\/2023\/04\/stainless-steel-baby-urn-1.jpg","contentUrl":"https:\/\/www.rememberme-forever.com\/wp-content\/uploads\/2023\/04\/stainless-steel-baby-urn-1.jpg","width":768,"height":768,"caption":"urne pour b\u00e9b\u00e9 en acier inoxydable"},{"@type":"BreadcrumbList","@id":"https:\/\/www.rememberme-forever.com\/fr\/produit\/urne-pour-bebe-en-acier-inoxydable\/#breadcrumb","itemListElement":[{"@type":"ListItem","position":1,"name":"Home","item":"https:\/\/www.rememberme-forever.com\/fr\/accueil\/"},{"@type":"ListItem","position":2,"name":"Boutique","item":"https:\/\/www.rememberme-forever.com\/fr\/boutique\/"},{"@type":"ListItem","position":3,"name":"Urne pour b\u00e9b\u00e9 en acier inoxydable"}]},{"@type":"WebSite","@id":"https:\/\/www.rememberme-forever.com\/fr\/#website","url":"https:\/\/www.rememberme-forever.com\/fr\/","name":"Remember Forever","description":"Cremation urns, funeral urns, urns for ashes","publisher":{"@id":"https:\/\/www.rememberme-forever.com\/fr\/#organization"},"potentialAction":[{"@type":"SearchAction","target":{"@type":"EntryPoint","urlTemplate":"https:\/\/www.rememberme-forever.com\/fr\/?s={search_term_string}"},"query-input":{"@type":"PropertyValueSpecification","valueRequired":true,"valueName":"search_term_string"}}],"inLanguage":"fr-FR"},{"@type":"Organization","@id":"https:\/\/www.rememberme-forever.com\/fr\/#organization","name":"Remember Forever","url":"https:\/\/www.rememberme-forever.com\/fr\/","logo":{"@type":"ImageObject","inLanguage":"fr-FR","@id":"https:\/\/www.rememberme-forever.com\/fr\/#\/schema\/logo\/image\/","url":"https:\/\/www.rememberme-forever.com\/wp-content\/uploads\/2023\/02\/logo.png","contentUrl":"https:\/\/www.rememberme-forever.com\/wp-content\/uploads\/2023\/02\/logo.png","width":300,"height":56,"caption":"Remember Forever"},"image":{"@id":"https:\/\/www.rememberme-forever.com\/fr\/#\/schema\/logo\/image\/"}}]}},"acf":[],"_links":{"self":[{"href":"https:\/\/www.rememberme-forever.com\/fr\/wp-json\/wp\/v2\/product\/25560","targetHints":{"allow":["GET"]}}],"collection":[{"href":"https:\/\/www.rememberme-forever.com\/fr\/wp-json\/wp\/v2\/product"}],"about":[{"href":"https:\/\/www.rememberme-forever.com\/fr\/wp-json\/wp\/v2\/types\/product"}],"wp:featuredmedia":[{"embeddable":true,"href":"https:\/\/www.rememberme-forever.com\/fr\/wp-json\/wp\/v2\/media\/25556"}],"wp:attachment":[{"href":"https:\/\/www.rememberme-forever.com\/fr\/wp-json\/wp\/v2\/media?parent=25560"}],"wp:term":[{"taxonomy":"product_brand","embeddable":true,"href":"https:\/\/www.rememberme-forever.com\/fr\/wp-json\/wp\/v2\/product_brand?post=25560"},{"taxonomy":"product_cat","embeddable":true,"href":"https:\/\/www.rememberme-forever.com\/fr\/wp-json\/wp\/v2\/product_cat?post=25560"},{"taxonomy":"product_tag","embeddable":true,"href":"https:\/\/www.rememberme-forever.com\/fr\/wp-json\/wp\/v2\/product_tag?post=25560"}],"curies":[{"name":"wp","href":"https:\/\/api.w.org\/{rel}","templated":true}]}}