{"id":25582,"date":"2023-04-12T13:59:42","date_gmt":"2023-04-12T11:59:42","guid":{"rendered":"https:\/\/www.rememberme-forever.com\/product\/urne-funeraire-pour-adulte-sphere-en-acier-inoxydable\/"},"modified":"2026-02-19T15:30:14","modified_gmt":"2026-02-19T14:30:14","slug":"urne-funeraire-pour-adulte-sphere-en-acier-inoxydable","status":"publish","type":"product","link":"https:\/\/www.rememberme-forever.com\/fr\/produit\/urne-funeraire-pour-adulte-sphere-en-acier-inoxydable\/","title":{"rendered":"Urne fun\u00e9raire pour adulte sph\u00e8re en acier inoxydable"},"content":{"rendered":"<div style=\"width: 100%; margin-bottom: 30px; height: max-content; padding-bottom: 60%; position: relative;\"><iframe style=\"position: absolute; top: 0; left: 0; width: 100%; height: 100%;\" src=\"https:\/\/rememberme-urns.com\/stainless-steel-sphere-adult-urn\/\" frameborder=\"0\"><\/iframe><\/div>\n<div style=\"color: red; text-align: center; margin-bottom: 25px;\">\n<p>&gt;&gt; Rotation de la photo &#8211; appuyer\/zoomer &lt;&lt;<\/p>\n<\/div>\n<h2 style=\"text-align: center;\">Urne fun\u00e9raire pour adulte sph\u00e8re en acier inoxydable<\/h2>\n<p style=\"text-align: center;\">D\u00e9couvrez notre magnifique et spacieuse <strong>urne fun\u00e9raire pour adulte \u2014 sph\u00e8re en acier inoxydable<\/strong>, con\u00e7ue en acier inoxydable de haute qualit\u00e9. Cette urne raffin\u00e9e arbore un design sph\u00e9rique de large diam\u00e8tre, offrant un lieu de repos id\u00e9al pour les cendres de votre proche. La sph\u00e8re repose en toute s\u00e9curit\u00e9 sur un socle robuste en ABS, garantissant sa stabilit\u00e9 et sa protection.<\/p>\n<p style=\"text-align: center;\">Le design \u00e9pur\u00e9 et moderne de cette urne est \u00e0 la fois \u00e9l\u00e9gant et intemporel, s\u2019int\u00e9grant parfaitement \u00e0 tout int\u00e9rieur. Sa structure en acier inoxydable poli assure une conservation parfaite au fil des ann\u00e9es, tandis que sa surface lisse facilite son entretien.<\/p>\n<p>&nbsp;<\/p>\n<div id=\"attachment_1677\" style=\"width: 310px\" class=\"wp-caption aligncenter\"><img loading=\"lazy\" decoding=\"async\" aria-describedby=\"caption-attachment-1677\" class=\"wp-image-1677 size-medium\" src=\"http:\/\/www.rememberme-forever.com\/wp-content\/uploads\/2023\/04\/Sphere-cremation-Urn-various-size-300x298.jpg\" alt=\"Urne cin\u00e9raire sph\u00e9rique, diff\u00e9rentes tailles\" width=\"300\" height=\"298\" srcset=\"https:\/\/www.rememberme-forever.com\/wp-content\/uploads\/2023\/04\/Sphere-cremation-Urn-various-size-300x298.jpg 300w, https:\/\/www.rememberme-forever.com\/wp-content\/uploads\/2023\/04\/Sphere-cremation-Urn-various-size-150x150.jpg 150w, https:\/\/www.rememberme-forever.com\/wp-content\/uploads\/2023\/04\/Sphere-cremation-Urn-various-size-768x763.jpg 768w, https:\/\/www.rememberme-forever.com\/wp-content\/uploads\/2023\/04\/Sphere-cremation-Urn-various-size-600x596.jpg 600w, https:\/\/www.rememberme-forever.com\/wp-content\/uploads\/2023\/04\/Sphere-cremation-Urn-various-size-100x100.jpg 100w, https:\/\/www.rememberme-forever.com\/wp-content\/uploads\/2023\/04\/Sphere-cremation-Urn-various-size-64x64.jpg 64w, https:\/\/www.rememberme-forever.com\/wp-content\/uploads\/2023\/04\/Sphere-cremation-Urn-various-size.jpg 773w\" sizes=\"auto, (max-width: 300px) 100vw, 300px\" \/><p id=\"caption-attachment-1677\" class=\"wp-caption-text\">Voir les autres tailles<\/p><\/div>\n<p>&nbsp;<\/p>\n<p style=\"text-align: center;\">Pour faire de cette urne un hommage personnalis\u00e9, elle est accompagn\u00e9e d\u2019une plaque comm\u00e9morative argent\u00e9e permettant de graver le nom et les dates du d\u00e9funt. La plaque est discr\u00e8tement plac\u00e9e sur le socle en ABS, apportant une touche de souvenir particuli\u00e8re \u00e0 cette pi\u00e8ce d\u00e9j\u00e0 remarquable.<\/p>\n<p style=\"text-align: center;\">Nous comprenons l\u2019importance de trouver l\u2019urne parfaite pour honorer la m\u00e9moire de votre proche. Notre urne pour adulte en acier inoxydable est un hommage digne et \u00e9l\u00e9gant. Qu\u2019elle soit expos\u00e9e ou conserv\u00e9e dans un espace priv\u00e9, elle apportera r\u00e9confort et apaisement. Gr\u00e2ce \u00e0 sa grande capacit\u00e9, elle constitue un dernier lieu de repos appropri\u00e9 pour les cendres d\u2019un adulte et un moyen pr\u00e9cieux de perp\u00e9tuer son souvenir.<\/p>\n<p>&nbsp;<\/p>\n<h3 style=\"text-align: center;\"><strong>PERSONNALISATION<\/strong><\/h3>\n<p style=\"text-align: center;\">Si vous choisissez une plaque personnalis\u00e9e, veuillez soumettre du texte dans le cadre de personnalisation du produit.<\/p>\n<p style=\"text-align: center;\">La plaque comm\u00e9morative personnalis\u00e9e doit \u00eatre personnalis\u00e9e lors de votre commande. (Pas de panique si vous la manquez ; vous pouvez toujours nous contacter ult\u00e9rieurement.)<\/p>\n<p style=\"text-align: center;\">Veuillez examiner attentivement le texte \u00e0 graver avant d&rsquo;ajouter l&rsquo;article au panier. Nous reproduisons et gravons les informations exactes re\u00e7ues lors de la commande et n&rsquo;y apportons aucune modification.<\/p>\n<p style=\"text-align: center;\"><strong>Veuillez revoir le texte pour vous assurer que toutes les orthographes sont correctes.<\/strong><\/p>\n<p><img loading=\"lazy\" decoding=\"async\" class=\"wp-image-1449 aligncenter\" src=\"http:\/\/www.rememberme-forever.com\/wp-content\/uploads\/2023\/04\/memorial-plaque-cremation-urn-silver-300x153.jpg\" alt=\"Plaque comm\u00e9morative pour urne fun\u00e9raire en argent\" width=\"229\" height=\"117\" srcset=\"https:\/\/www.rememberme-forever.com\/wp-content\/uploads\/2023\/04\/memorial-plaque-cremation-urn-silver-300x153.jpg 300w, https:\/\/www.rememberme-forever.com\/wp-content\/uploads\/2023\/04\/memorial-plaque-cremation-urn-silver-64x33.jpg 64w, https:\/\/www.rememberme-forever.com\/wp-content\/uploads\/2023\/04\/memorial-plaque-cremation-urn-silver.jpg 448w\" sizes=\"auto, (max-width: 229px) 100vw, 229px\" \/><\/p>\n<p>&nbsp;<\/p>\n","protected":false},"excerpt":{"rendered":"<p style=\"text-align: left;\">Sph\u00e8re unique en acier inoxydable pour cendres d\u2019adulte et reliquaire.<\/p>\n<p><em><strong>Convient pour contenir les cendres d&rsquo;une personne pesant jusqu&rsquo;\u00e0 environ 102 kg. <\/strong><\/em><\/p>\n<p>\u2705 Cette urne ne convient pas \u00e0 un usage ext\u00e9rieur. Consultez nos <a href=\"https:\/\/www.rememberme-forever.com\/fr\/categorie-produit\/urnes-dexterieur\/\" target=\"_blank\" rel=\"noopener\"><strong>urnes d&rsquo;ext\u00e9rieur. &gt;&gt;<\/strong><\/a><\/p>\n","protected":false},"featured_media":25577,"template":"","meta":{"_acf_changed":false},"product_brand":[],"product_cat":[2415],"product_tag":[3342],"class_list":{"0":"post-25582","1":"product","2":"type-product","3":"status-publish","4":"has-post-thumbnail","6":"product_cat-urnes-en-metal","7":"product_tag-gpsr-metal_ss_abs_base","8":"product_shipping_class-2-4kg-fr","10":"first","11":"instock","12":"taxable","13":"shipping-taxable","14":"purchasable","15":"product-type-variable"},"yoast_head":"<!-- This site is optimized with the Yoast SEO plugin v27.4 - https:\/\/yoast.com\/product\/yoast-seo-wordpress\/ -->\n<title>Urne fun\u00e9raire pour adulte sph\u00e8re en acier inoxydable<\/title>\n<meta name=\"description\" content=\"D\u00e9couvrez notre magnifique et spacieuse urne fun\u00e9raire pour adulte \u2014 une sph\u00e8re en acier inoxydable de haute qualit\u00e9.\" \/>\n<meta name=\"robots\" content=\"index, follow, max-snippet:-1, max-image-preview:large, max-video-preview:-1\" \/>\n<link rel=\"canonical\" href=\"https:\/\/www.rememberme-forever.com\/fr\/produit\/urne-funeraire-pour-adulte-sphere-en-acier-inoxydable\/\" \/>\n<meta property=\"og:locale\" content=\"fr_FR\" \/>\n<meta property=\"og:type\" content=\"article\" \/>\n<meta property=\"og:title\" content=\"Urne fun\u00e9raire pour adulte sph\u00e8re en acier inoxydable\" \/>\n<meta property=\"og:description\" content=\"D\u00e9couvrez notre magnifique et spacieuse urne fun\u00e9raire pour adulte \u2014 une sph\u00e8re en acier inoxydable de haute qualit\u00e9.\" \/>\n<meta property=\"og:url\" content=\"https:\/\/www.rememberme-forever.com\/fr\/produit\/urne-funeraire-pour-adulte-sphere-en-acier-inoxydable\/\" \/>\n<meta property=\"og:site_name\" content=\"Remember Forever\" \/>\n<meta property=\"article:modified_time\" content=\"2026-02-19T14:30:14+00:00\" \/>\n<meta property=\"og:image\" content=\"http:\/\/www.rememberme-forever.com\/wp-content\/uploads\/2023\/04\/Adult-Cremation-Urn-stainless-steel-sphere.jpg\" \/>\n\t<meta property=\"og:image:width\" content=\"768\" \/>\n\t<meta property=\"og:image:height\" content=\"768\" \/>\n\t<meta property=\"og:image:type\" content=\"image\/jpeg\" \/>\n<meta name=\"twitter:card\" content=\"summary_large_image\" \/>\n<meta name=\"twitter:label1\" content=\"Dur\u00e9e de lecture estim\u00e9e\" \/>\n\t<meta name=\"twitter:data1\" content=\"3 minutes\" \/>\n<script type=\"application\/ld+json\" class=\"yoast-schema-graph\">{\"@context\":\"https:\\\/\\\/schema.org\",\"@graph\":[{\"@type\":\"WebPage\",\"@id\":\"https:\\\/\\\/www.rememberme-forever.com\\\/fr\\\/produit\\\/urne-funeraire-pour-adulte-sphere-en-acier-inoxydable\\\/\",\"url\":\"https:\\\/\\\/www.rememberme-forever.com\\\/fr\\\/produit\\\/urne-funeraire-pour-adulte-sphere-en-acier-inoxydable\\\/\",\"name\":\"Urne fun\u00e9raire pour adulte sph\u00e8re en acier inoxydable\",\"isPartOf\":{\"@id\":\"https:\\\/\\\/www.rememberme-forever.com\\\/fr\\\/#website\"},\"primaryImageOfPage\":{\"@id\":\"https:\\\/\\\/www.rememberme-forever.com\\\/fr\\\/produit\\\/urne-funeraire-pour-adulte-sphere-en-acier-inoxydable\\\/#primaryimage\"},\"image\":{\"@id\":\"https:\\\/\\\/www.rememberme-forever.com\\\/fr\\\/produit\\\/urne-funeraire-pour-adulte-sphere-en-acier-inoxydable\\\/#primaryimage\"},\"thumbnailUrl\":\"https:\\\/\\\/www.rememberme-forever.com\\\/wp-content\\\/uploads\\\/2023\\\/04\\\/Adult-Cremation-Urn-stainless-steel-sphere.jpg\",\"datePublished\":\"2023-04-12T11:59:42+00:00\",\"dateModified\":\"2026-02-19T14:30:14+00:00\",\"description\":\"D\u00e9couvrez notre magnifique et spacieuse urne fun\u00e9raire pour adulte \u2014 une sph\u00e8re en acier inoxydable de haute qualit\u00e9.\",\"breadcrumb\":{\"@id\":\"https:\\\/\\\/www.rememberme-forever.com\\\/fr\\\/produit\\\/urne-funeraire-pour-adulte-sphere-en-acier-inoxydable\\\/#breadcrumb\"},\"inLanguage\":\"fr-FR\",\"potentialAction\":[{\"@type\":\"ReadAction\",\"target\":[\"https:\\\/\\\/www.rememberme-forever.com\\\/fr\\\/produit\\\/urne-funeraire-pour-adulte-sphere-en-acier-inoxydable\\\/\"]}]},{\"@type\":\"ImageObject\",\"inLanguage\":\"fr-FR\",\"@id\":\"https:\\\/\\\/www.rememberme-forever.com\\\/fr\\\/produit\\\/urne-funeraire-pour-adulte-sphere-en-acier-inoxydable\\\/#primaryimage\",\"url\":\"https:\\\/\\\/www.rememberme-forever.com\\\/wp-content\\\/uploads\\\/2023\\\/04\\\/Adult-Cremation-Urn-stainless-steel-sphere.jpg\",\"contentUrl\":\"https:\\\/\\\/www.rememberme-forever.com\\\/wp-content\\\/uploads\\\/2023\\\/04\\\/Adult-Cremation-Urn-stainless-steel-sphere.jpg\",\"width\":768,\"height\":768,\"caption\":\"Urne fun\u00e9raire pour adulte sph\u00e8re en acier inoxydable\"},{\"@type\":\"BreadcrumbList\",\"@id\":\"https:\\\/\\\/www.rememberme-forever.com\\\/fr\\\/produit\\\/urne-funeraire-pour-adulte-sphere-en-acier-inoxydable\\\/#breadcrumb\",\"itemListElement\":[{\"@type\":\"ListItem\",\"position\":1,\"name\":\"Home\",\"item\":\"https:\\\/\\\/www.rememberme-forever.com\\\/fr\\\/accueil\\\/\"},{\"@type\":\"ListItem\",\"position\":2,\"name\":\"Boutique\",\"item\":\"https:\\\/\\\/www.rememberme-forever.com\\\/fr\\\/boutique\\\/\"},{\"@type\":\"ListItem\",\"position\":3,\"name\":\"Urne fun\u00e9raire pour adulte sph\u00e8re en acier inoxydable\"}]},{\"@type\":\"WebSite\",\"@id\":\"https:\\\/\\\/www.rememberme-forever.com\\\/fr\\\/#website\",\"url\":\"https:\\\/\\\/www.rememberme-forever.com\\\/fr\\\/\",\"name\":\"Remember Forever\",\"description\":\"Cremation urns, funeral urns, urns for ashes\",\"publisher\":{\"@id\":\"https:\\\/\\\/www.rememberme-forever.com\\\/fr\\\/#organization\"},\"potentialAction\":[{\"@type\":\"SearchAction\",\"target\":{\"@type\":\"EntryPoint\",\"urlTemplate\":\"https:\\\/\\\/www.rememberme-forever.com\\\/fr\\\/?s={search_term_string}\"},\"query-input\":{\"@type\":\"PropertyValueSpecification\",\"valueRequired\":true,\"valueName\":\"search_term_string\"}}],\"inLanguage\":\"fr-FR\"},{\"@type\":\"Organization\",\"@id\":\"https:\\\/\\\/www.rememberme-forever.com\\\/fr\\\/#organization\",\"name\":\"Remember Forever\",\"url\":\"https:\\\/\\\/www.rememberme-forever.com\\\/fr\\\/\",\"logo\":{\"@type\":\"ImageObject\",\"inLanguage\":\"fr-FR\",\"@id\":\"https:\\\/\\\/www.rememberme-forever.com\\\/fr\\\/#\\\/schema\\\/logo\\\/image\\\/\",\"url\":\"https:\\\/\\\/www.rememberme-forever.com\\\/wp-content\\\/uploads\\\/2023\\\/02\\\/logo.png\",\"contentUrl\":\"https:\\\/\\\/www.rememberme-forever.com\\\/wp-content\\\/uploads\\\/2023\\\/02\\\/logo.png\",\"width\":300,\"height\":56,\"caption\":\"Remember Forever\"},\"image\":{\"@id\":\"https:\\\/\\\/www.rememberme-forever.com\\\/fr\\\/#\\\/schema\\\/logo\\\/image\\\/\"}}]}<\/script>\n<!-- \/ Yoast SEO plugin. -->","yoast_head_json":{"title":"Urne fun\u00e9raire pour adulte sph\u00e8re en acier inoxydable","description":"D\u00e9couvrez notre magnifique et spacieuse urne fun\u00e9raire pour adulte \u2014 une sph\u00e8re en acier inoxydable de haute qualit\u00e9.","robots":{"index":"index","follow":"follow","max-snippet":"max-snippet:-1","max-image-preview":"max-image-preview:large","max-video-preview":"max-video-preview:-1"},"canonical":"https:\/\/www.rememberme-forever.com\/fr\/produit\/urne-funeraire-pour-adulte-sphere-en-acier-inoxydable\/","og_locale":"fr_FR","og_type":"article","og_title":"Urne fun\u00e9raire pour adulte sph\u00e8re en acier inoxydable","og_description":"D\u00e9couvrez notre magnifique et spacieuse urne fun\u00e9raire pour adulte \u2014 une sph\u00e8re en acier inoxydable de haute qualit\u00e9.","og_url":"https:\/\/www.rememberme-forever.com\/fr\/produit\/urne-funeraire-pour-adulte-sphere-en-acier-inoxydable\/","og_site_name":"Remember Forever","article_modified_time":"2026-02-19T14:30:14+00:00","og_image":[{"width":768,"height":768,"url":"http:\/\/www.rememberme-forever.com\/wp-content\/uploads\/2023\/04\/Adult-Cremation-Urn-stainless-steel-sphere.jpg","type":"image\/jpeg"}],"twitter_card":"summary_large_image","twitter_misc":{"Dur\u00e9e de lecture estim\u00e9e":"3 minutes"},"schema":{"@context":"https:\/\/schema.org","@graph":[{"@type":"WebPage","@id":"https:\/\/www.rememberme-forever.com\/fr\/produit\/urne-funeraire-pour-adulte-sphere-en-acier-inoxydable\/","url":"https:\/\/www.rememberme-forever.com\/fr\/produit\/urne-funeraire-pour-adulte-sphere-en-acier-inoxydable\/","name":"Urne fun\u00e9raire pour adulte sph\u00e8re en acier inoxydable","isPartOf":{"@id":"https:\/\/www.rememberme-forever.com\/fr\/#website"},"primaryImageOfPage":{"@id":"https:\/\/www.rememberme-forever.com\/fr\/produit\/urne-funeraire-pour-adulte-sphere-en-acier-inoxydable\/#primaryimage"},"image":{"@id":"https:\/\/www.rememberme-forever.com\/fr\/produit\/urne-funeraire-pour-adulte-sphere-en-acier-inoxydable\/#primaryimage"},"thumbnailUrl":"https:\/\/www.rememberme-forever.com\/wp-content\/uploads\/2023\/04\/Adult-Cremation-Urn-stainless-steel-sphere.jpg","datePublished":"2023-04-12T11:59:42+00:00","dateModified":"2026-02-19T14:30:14+00:00","description":"D\u00e9couvrez notre magnifique et spacieuse urne fun\u00e9raire pour adulte \u2014 une sph\u00e8re en acier inoxydable de haute qualit\u00e9.","breadcrumb":{"@id":"https:\/\/www.rememberme-forever.com\/fr\/produit\/urne-funeraire-pour-adulte-sphere-en-acier-inoxydable\/#breadcrumb"},"inLanguage":"fr-FR","potentialAction":[{"@type":"ReadAction","target":["https:\/\/www.rememberme-forever.com\/fr\/produit\/urne-funeraire-pour-adulte-sphere-en-acier-inoxydable\/"]}]},{"@type":"ImageObject","inLanguage":"fr-FR","@id":"https:\/\/www.rememberme-forever.com\/fr\/produit\/urne-funeraire-pour-adulte-sphere-en-acier-inoxydable\/#primaryimage","url":"https:\/\/www.rememberme-forever.com\/wp-content\/uploads\/2023\/04\/Adult-Cremation-Urn-stainless-steel-sphere.jpg","contentUrl":"https:\/\/www.rememberme-forever.com\/wp-content\/uploads\/2023\/04\/Adult-Cremation-Urn-stainless-steel-sphere.jpg","width":768,"height":768,"caption":"Urne fun\u00e9raire pour adulte sph\u00e8re en acier inoxydable"},{"@type":"BreadcrumbList","@id":"https:\/\/www.rememberme-forever.com\/fr\/produit\/urne-funeraire-pour-adulte-sphere-en-acier-inoxydable\/#breadcrumb","itemListElement":[{"@type":"ListItem","position":1,"name":"Home","item":"https:\/\/www.rememberme-forever.com\/fr\/accueil\/"},{"@type":"ListItem","position":2,"name":"Boutique","item":"https:\/\/www.rememberme-forever.com\/fr\/boutique\/"},{"@type":"ListItem","position":3,"name":"Urne fun\u00e9raire pour adulte sph\u00e8re en acier inoxydable"}]},{"@type":"WebSite","@id":"https:\/\/www.rememberme-forever.com\/fr\/#website","url":"https:\/\/www.rememberme-forever.com\/fr\/","name":"Remember Forever","description":"Cremation urns, funeral urns, urns for ashes","publisher":{"@id":"https:\/\/www.rememberme-forever.com\/fr\/#organization"},"potentialAction":[{"@type":"SearchAction","target":{"@type":"EntryPoint","urlTemplate":"https:\/\/www.rememberme-forever.com\/fr\/?s={search_term_string}"},"query-input":{"@type":"PropertyValueSpecification","valueRequired":true,"valueName":"search_term_string"}}],"inLanguage":"fr-FR"},{"@type":"Organization","@id":"https:\/\/www.rememberme-forever.com\/fr\/#organization","name":"Remember Forever","url":"https:\/\/www.rememberme-forever.com\/fr\/","logo":{"@type":"ImageObject","inLanguage":"fr-FR","@id":"https:\/\/www.rememberme-forever.com\/fr\/#\/schema\/logo\/image\/","url":"https:\/\/www.rememberme-forever.com\/wp-content\/uploads\/2023\/02\/logo.png","contentUrl":"https:\/\/www.rememberme-forever.com\/wp-content\/uploads\/2023\/02\/logo.png","width":300,"height":56,"caption":"Remember Forever"},"image":{"@id":"https:\/\/www.rememberme-forever.com\/fr\/#\/schema\/logo\/image\/"}}]}},"acf":[],"_links":{"self":[{"href":"https:\/\/www.rememberme-forever.com\/fr\/wp-json\/wp\/v2\/product\/25582","targetHints":{"allow":["GET"]}}],"collection":[{"href":"https:\/\/www.rememberme-forever.com\/fr\/wp-json\/wp\/v2\/product"}],"about":[{"href":"https:\/\/www.rememberme-forever.com\/fr\/wp-json\/wp\/v2\/types\/product"}],"wp:featuredmedia":[{"embeddable":true,"href":"https:\/\/www.rememberme-forever.com\/fr\/wp-json\/wp\/v2\/media\/25577"}],"wp:attachment":[{"href":"https:\/\/www.rememberme-forever.com\/fr\/wp-json\/wp\/v2\/media?parent=25582"}],"wp:term":[{"taxonomy":"product_brand","embeddable":true,"href":"https:\/\/www.rememberme-forever.com\/fr\/wp-json\/wp\/v2\/product_brand?post=25582"},{"taxonomy":"product_cat","embeddable":true,"href":"https:\/\/www.rememberme-forever.com\/fr\/wp-json\/wp\/v2\/product_cat?post=25582"},{"taxonomy":"product_tag","embeddable":true,"href":"https:\/\/www.rememberme-forever.com\/fr\/wp-json\/wp\/v2\/product_tag?post=25582"}],"curies":[{"name":"wp","href":"https:\/\/api.w.org\/{rel}","templated":true}]}}