{"id":25613,"date":"2023-04-12T14:30:48","date_gmt":"2023-04-12T12:30:48","guid":{"rendered":"https:\/\/www.rememberme-forever.com\/product\/urne-cineraire-double-personnalisee-en-acier-inoxydable\/"},"modified":"2026-02-19T15:31:25","modified_gmt":"2026-02-19T14:31:25","slug":"urne-cineraire-double-personnalisee-en-acier-inoxydable","status":"publish","type":"product","link":"https:\/\/www.rememberme-forever.com\/fr\/produit\/urne-cineraire-double-personnalisee-en-acier-inoxydable\/","title":{"rendered":"Urne cin\u00e9raire double personnalis\u00e9e en acier inoxydable"},"content":{"rendered":"<h2 style=\"text-align: center;\">Urne cin\u00e9raire double personnalis\u00e9e en acier inoxydable<\/h2>\n<p style=\"text-align: center;\">D\u00e9couvrez notre urne cin\u00e9raire double personnalis\u00e9e en acier inoxydable, con\u00e7ue pour honorer la m\u00e9moire de deux \u00eatres chers. Fabriqu\u00e9e avec des mat\u00e9riaux de premi\u00e8re qualit\u00e9, cette urne est dot\u00e9e d&rsquo;une base en ABS durable et d&rsquo;une magnifique sph\u00e8re en acier inoxydable pour contenir les cendres de vos proches.<\/p>\n<p style=\"text-align: center;\">La sph\u00e8re en acier inoxydable est polie pour une brillance \u00e9clatante, lui conf\u00e9rant une apparence \u00e9l\u00e9gante et raffin\u00e9e qui s&rsquo;int\u00e9grera parfaitement \u00e0 tout d\u00e9cor int\u00e9rieur. La sph\u00e8re peut contenir les cendres de deux personnes, vous permettant de garder leurs souvenirs r\u00e9unis en un seul lieu.<\/p>\n<p>&nbsp;<\/p>\n<div id=\"attachment_1677\" style=\"width: 310px\" class=\"wp-caption aligncenter\"><img loading=\"lazy\" decoding=\"async\" aria-describedby=\"caption-attachment-1677\" class=\"wp-image-1677 size-medium\" src=\"http:\/\/www.rememberme-forever.com\/wp-content\/uploads\/2023\/04\/Sphere-cremation-Urn-various-size-300x298.jpg\" alt=\"Urne cin\u00e9raire sph\u00e9rique, diff\u00e9rentes tailles\" width=\"300\" height=\"298\" srcset=\"https:\/\/www.rememberme-forever.com\/wp-content\/uploads\/2023\/04\/Sphere-cremation-Urn-various-size-300x298.jpg 300w, https:\/\/www.rememberme-forever.com\/wp-content\/uploads\/2023\/04\/Sphere-cremation-Urn-various-size-150x150.jpg 150w, https:\/\/www.rememberme-forever.com\/wp-content\/uploads\/2023\/04\/Sphere-cremation-Urn-various-size-768x763.jpg 768w, https:\/\/www.rememberme-forever.com\/wp-content\/uploads\/2023\/04\/Sphere-cremation-Urn-various-size-600x596.jpg 600w, https:\/\/www.rememberme-forever.com\/wp-content\/uploads\/2023\/04\/Sphere-cremation-Urn-various-size-100x100.jpg 100w, https:\/\/www.rememberme-forever.com\/wp-content\/uploads\/2023\/04\/Sphere-cremation-Urn-various-size-64x64.jpg 64w, https:\/\/www.rememberme-forever.com\/wp-content\/uploads\/2023\/04\/Sphere-cremation-Urn-various-size.jpg 773w\" sizes=\"auto, (max-width: 300px) 100vw, 300px\" \/><p id=\"caption-attachment-1677\" class=\"wp-caption-text\">Voir les autres tailles<\/p><\/div>\n<p style=\"text-align: center;\">Cette urne cin\u00e9raire de compagnon offre \u00e9galement la possibilit\u00e9 d&rsquo;\u00eatre personnalis\u00e9e avec une plaque de gravure sur mesure. Nous pouvons graver les noms de vos proches, leurs dates de naissance et de d\u00e9c\u00e8s, ou tout autre message personnel que vous souhaitez pour comm\u00e9morer leurs vies.<\/p>\n<p style=\"text-align: center;\">La base de l&rsquo;urne est fabriqu\u00e9e en mat\u00e9riau ABS robuste, offrant une fondation solide pour la sph\u00e8re en acier inoxydable. La base est \u00e9galement con\u00e7ue avec un m\u00e9canisme de verrouillage s\u00e9curis\u00e9, garantissant que les cendres sont conserv\u00e9es en toute s\u00e9curit\u00e9 et prot\u00e9g\u00e9es.<\/p>\n<p style=\"text-align: center;\">Cette urne cin\u00e9raire de compagnon en acier inoxydable est un hommage magnifique et durable \u00e0 la m\u00e9moire de deux personnes sp\u00e9ciales. C&rsquo;est un lieu de repos final appropri\u00e9 pour leurs cendres, apportant r\u00e9confort et consolation \u00e0 ceux qui ch\u00e9rissent leur souvenir.<\/p>\n<p>&nbsp;<\/p>\n<h3 style=\"text-align: center;\"><strong>PERSONNALISATION<\/strong><\/h3>\n<p style=\"text-align: center;\">Si vous choisissez une plaque personnalis\u00e9e, veuillez soumettre du texte dans le cadre de personnalisation du produit.<\/p>\n<p style=\"text-align: center;\">La plaque comm\u00e9morative personnalis\u00e9e doit \u00eatre personnalis\u00e9e lors de votre commande. (Pas de panique si vous la manquez ; vous pouvez toujours nous contacter ult\u00e9rieurement.)<\/p>\n<p style=\"text-align: center;\">Veuillez examiner attentivement le texte \u00e0 graver avant d&rsquo;ajouter l&rsquo;article au panier. Nous reproduisons et gravons les informations exactes re\u00e7ues lors de la commande et n&rsquo;y apportons aucune modification.<\/p>\n<p style=\"text-align: center;\"><strong>Veuillez revoir le texte pour vous assurer que toutes les orthographes sont correctes.<\/strong><\/p>\n<p><img loading=\"lazy\" decoding=\"async\" class=\"wp-image-1449 aligncenter\" src=\"http:\/\/www.rememberme-forever.com\/wp-content\/uploads\/2023\/04\/memorial-plaque-cremation-urn-silver-300x153.jpg\" alt=\"Plaque comm\u00e9morative pour urne fun\u00e9raire en argent\" width=\"229\" height=\"117\" srcset=\"https:\/\/www.rememberme-forever.com\/wp-content\/uploads\/2023\/04\/memorial-plaque-cremation-urn-silver-300x153.jpg 300w, https:\/\/www.rememberme-forever.com\/wp-content\/uploads\/2023\/04\/memorial-plaque-cremation-urn-silver-64x33.jpg 64w, https:\/\/www.rememberme-forever.com\/wp-content\/uploads\/2023\/04\/memorial-plaque-cremation-urn-silver.jpg 448w\" sizes=\"auto, (max-width: 229px) 100vw, 229px\" \/><\/p>\n<p>&nbsp;<\/p>\n","protected":false},"excerpt":{"rendered":"<p>Sph\u00e8re unique en acier inoxydable pour les cendres de deux adultes.<\/p>\n<p><em><strong>Cette urne en acier inoxydable peut \u00e9galement accueillir les cendres d&rsquo;un adulte ou de deux personnes.<\/strong><\/em><\/p>\n<p>\u2705 Cette urne ne convient pas \u00e0 un usage ext\u00e9rieur. Consultez nos <a href=\"https:\/\/www.rememberme-forever.com\/fr\/categorie-produit\/urnes-dexterieur\/\" target=\"_blank\" rel=\"noopener\"><strong>urnes d&rsquo;ext\u00e9rieur. &gt;&gt;<\/strong><\/a><\/p>\n","protected":false},"featured_media":25612,"template":"","meta":{"_acf_changed":false},"product_brand":[],"product_cat":[2410,2415],"product_tag":[3342],"class_list":{"0":"post-25613","1":"product","2":"type-product","3":"status-publish","4":"has-post-thumbnail","6":"product_cat-urnes-compagnes","7":"product_cat-urnes-en-metal","8":"product_tag-gpsr-metal_ss_abs_base","9":"product_shipping_class-2-4kg-fr","11":"first","12":"instock","13":"taxable","14":"shipping-taxable","15":"purchasable","16":"product-type-simple"},"yoast_head":"<!-- This site is optimized with the Yoast SEO plugin v27.4 - https:\/\/yoast.com\/product\/yoast-seo-wordpress\/ -->\n<title>Urne cin\u00e9raire double personnalis\u00e9e en acier inoxydable<\/title>\n<meta name=\"description\" content=\"D\u00e9couvrez notre urne cin\u00e9raire double personnalis\u00e9e en acier inoxydable, con\u00e7ue pour honorer la m\u00e9moire de deux \u00eatres chers. Urne pour deux.\" \/>\n<meta name=\"robots\" content=\"index, follow, max-snippet:-1, max-image-preview:large, max-video-preview:-1\" \/>\n<link rel=\"canonical\" href=\"https:\/\/www.rememberme-forever.com\/fr\/produit\/urne-cineraire-double-personnalisee-en-acier-inoxydable\/\" \/>\n<meta property=\"og:locale\" content=\"fr_FR\" \/>\n<meta property=\"og:type\" content=\"article\" \/>\n<meta property=\"og:title\" content=\"Urne cin\u00e9raire double personnalis\u00e9e en acier inoxydable\" \/>\n<meta property=\"og:description\" content=\"D\u00e9couvrez notre urne cin\u00e9raire double personnalis\u00e9e en acier inoxydable, con\u00e7ue pour honorer la m\u00e9moire de deux \u00eatres chers. Urne pour deux.\" \/>\n<meta property=\"og:url\" content=\"https:\/\/www.rememberme-forever.com\/fr\/produit\/urne-cineraire-double-personnalisee-en-acier-inoxydable\/\" \/>\n<meta property=\"og:site_name\" content=\"Remember Forever\" \/>\n<meta property=\"article:modified_time\" content=\"2026-02-19T14:31:25+00:00\" \/>\n<meta property=\"og:image\" content=\"http:\/\/www.rememberme-forever.com\/wp-content\/uploads\/2023\/04\/stainless-steel-companion-urn-personalized.jpg\" \/>\n\t<meta property=\"og:image:width\" content=\"768\" \/>\n\t<meta property=\"og:image:height\" content=\"768\" \/>\n\t<meta property=\"og:image:type\" content=\"image\/jpeg\" \/>\n<meta name=\"twitter:card\" content=\"summary_large_image\" \/>\n<meta name=\"twitter:label1\" content=\"Dur\u00e9e de lecture estim\u00e9e\" \/>\n\t<meta name=\"twitter:data1\" content=\"3 minutes\" \/>\n<script type=\"application\/ld+json\" class=\"yoast-schema-graph\">{\"@context\":\"https:\\\/\\\/schema.org\",\"@graph\":[{\"@type\":\"WebPage\",\"@id\":\"https:\\\/\\\/www.rememberme-forever.com\\\/fr\\\/produit\\\/urne-cineraire-double-personnalisee-en-acier-inoxydable\\\/\",\"url\":\"https:\\\/\\\/www.rememberme-forever.com\\\/fr\\\/produit\\\/urne-cineraire-double-personnalisee-en-acier-inoxydable\\\/\",\"name\":\"Urne cin\u00e9raire double personnalis\u00e9e en acier inoxydable\",\"isPartOf\":{\"@id\":\"https:\\\/\\\/www.rememberme-forever.com\\\/fr\\\/#website\"},\"primaryImageOfPage\":{\"@id\":\"https:\\\/\\\/www.rememberme-forever.com\\\/fr\\\/produit\\\/urne-cineraire-double-personnalisee-en-acier-inoxydable\\\/#primaryimage\"},\"image\":{\"@id\":\"https:\\\/\\\/www.rememberme-forever.com\\\/fr\\\/produit\\\/urne-cineraire-double-personnalisee-en-acier-inoxydable\\\/#primaryimage\"},\"thumbnailUrl\":\"https:\\\/\\\/www.rememberme-forever.com\\\/wp-content\\\/uploads\\\/2023\\\/04\\\/stainless-steel-companion-urn-personalized.jpg\",\"datePublished\":\"2023-04-12T12:30:48+00:00\",\"dateModified\":\"2026-02-19T14:31:25+00:00\",\"description\":\"D\u00e9couvrez notre urne cin\u00e9raire double personnalis\u00e9e en acier inoxydable, con\u00e7ue pour honorer la m\u00e9moire de deux \u00eatres chers. Urne pour deux.\",\"breadcrumb\":{\"@id\":\"https:\\\/\\\/www.rememberme-forever.com\\\/fr\\\/produit\\\/urne-cineraire-double-personnalisee-en-acier-inoxydable\\\/#breadcrumb\"},\"inLanguage\":\"fr-FR\",\"potentialAction\":[{\"@type\":\"ReadAction\",\"target\":[\"https:\\\/\\\/www.rememberme-forever.com\\\/fr\\\/produit\\\/urne-cineraire-double-personnalisee-en-acier-inoxydable\\\/\"]}]},{\"@type\":\"ImageObject\",\"inLanguage\":\"fr-FR\",\"@id\":\"https:\\\/\\\/www.rememberme-forever.com\\\/fr\\\/produit\\\/urne-cineraire-double-personnalisee-en-acier-inoxydable\\\/#primaryimage\",\"url\":\"https:\\\/\\\/www.rememberme-forever.com\\\/wp-content\\\/uploads\\\/2023\\\/04\\\/stainless-steel-companion-urn-personalized.jpg\",\"contentUrl\":\"https:\\\/\\\/www.rememberme-forever.com\\\/wp-content\\\/uploads\\\/2023\\\/04\\\/stainless-steel-companion-urn-personalized.jpg\",\"width\":768,\"height\":768,\"caption\":\"Urne cin\u00e9raire de compagnon personnalis\u00e9e en acier inoxydable, Urne cin\u00e9raire double personnalis\u00e9e en acier inoxydable\"},{\"@type\":\"BreadcrumbList\",\"@id\":\"https:\\\/\\\/www.rememberme-forever.com\\\/fr\\\/produit\\\/urne-cineraire-double-personnalisee-en-acier-inoxydable\\\/#breadcrumb\",\"itemListElement\":[{\"@type\":\"ListItem\",\"position\":1,\"name\":\"Home\",\"item\":\"https:\\\/\\\/www.rememberme-forever.com\\\/fr\\\/accueil\\\/\"},{\"@type\":\"ListItem\",\"position\":2,\"name\":\"Boutique\",\"item\":\"https:\\\/\\\/www.rememberme-forever.com\\\/fr\\\/boutique\\\/\"},{\"@type\":\"ListItem\",\"position\":3,\"name\":\"Urne cin\u00e9raire double personnalis\u00e9e en acier inoxydable\"}]},{\"@type\":\"WebSite\",\"@id\":\"https:\\\/\\\/www.rememberme-forever.com\\\/fr\\\/#website\",\"url\":\"https:\\\/\\\/www.rememberme-forever.com\\\/fr\\\/\",\"name\":\"Remember Forever\",\"description\":\"Cremation urns, funeral urns, urns for ashes\",\"publisher\":{\"@id\":\"https:\\\/\\\/www.rememberme-forever.com\\\/fr\\\/#organization\"},\"potentialAction\":[{\"@type\":\"SearchAction\",\"target\":{\"@type\":\"EntryPoint\",\"urlTemplate\":\"https:\\\/\\\/www.rememberme-forever.com\\\/fr\\\/?s={search_term_string}\"},\"query-input\":{\"@type\":\"PropertyValueSpecification\",\"valueRequired\":true,\"valueName\":\"search_term_string\"}}],\"inLanguage\":\"fr-FR\"},{\"@type\":\"Organization\",\"@id\":\"https:\\\/\\\/www.rememberme-forever.com\\\/fr\\\/#organization\",\"name\":\"Remember Forever\",\"url\":\"https:\\\/\\\/www.rememberme-forever.com\\\/fr\\\/\",\"logo\":{\"@type\":\"ImageObject\",\"inLanguage\":\"fr-FR\",\"@id\":\"https:\\\/\\\/www.rememberme-forever.com\\\/fr\\\/#\\\/schema\\\/logo\\\/image\\\/\",\"url\":\"https:\\\/\\\/www.rememberme-forever.com\\\/wp-content\\\/uploads\\\/2023\\\/02\\\/logo.png\",\"contentUrl\":\"https:\\\/\\\/www.rememberme-forever.com\\\/wp-content\\\/uploads\\\/2023\\\/02\\\/logo.png\",\"width\":300,\"height\":56,\"caption\":\"Remember Forever\"},\"image\":{\"@id\":\"https:\\\/\\\/www.rememberme-forever.com\\\/fr\\\/#\\\/schema\\\/logo\\\/image\\\/\"}}]}<\/script>\n<!-- \/ Yoast SEO plugin. -->","yoast_head_json":{"title":"Urne cin\u00e9raire double personnalis\u00e9e en acier inoxydable","description":"D\u00e9couvrez notre urne cin\u00e9raire double personnalis\u00e9e en acier inoxydable, con\u00e7ue pour honorer la m\u00e9moire de deux \u00eatres chers. Urne pour deux.","robots":{"index":"index","follow":"follow","max-snippet":"max-snippet:-1","max-image-preview":"max-image-preview:large","max-video-preview":"max-video-preview:-1"},"canonical":"https:\/\/www.rememberme-forever.com\/fr\/produit\/urne-cineraire-double-personnalisee-en-acier-inoxydable\/","og_locale":"fr_FR","og_type":"article","og_title":"Urne cin\u00e9raire double personnalis\u00e9e en acier inoxydable","og_description":"D\u00e9couvrez notre urne cin\u00e9raire double personnalis\u00e9e en acier inoxydable, con\u00e7ue pour honorer la m\u00e9moire de deux \u00eatres chers. Urne pour deux.","og_url":"https:\/\/www.rememberme-forever.com\/fr\/produit\/urne-cineraire-double-personnalisee-en-acier-inoxydable\/","og_site_name":"Remember Forever","article_modified_time":"2026-02-19T14:31:25+00:00","og_image":[{"width":768,"height":768,"url":"http:\/\/www.rememberme-forever.com\/wp-content\/uploads\/2023\/04\/stainless-steel-companion-urn-personalized.jpg","type":"image\/jpeg"}],"twitter_card":"summary_large_image","twitter_misc":{"Dur\u00e9e de lecture estim\u00e9e":"3 minutes"},"schema":{"@context":"https:\/\/schema.org","@graph":[{"@type":"WebPage","@id":"https:\/\/www.rememberme-forever.com\/fr\/produit\/urne-cineraire-double-personnalisee-en-acier-inoxydable\/","url":"https:\/\/www.rememberme-forever.com\/fr\/produit\/urne-cineraire-double-personnalisee-en-acier-inoxydable\/","name":"Urne cin\u00e9raire double personnalis\u00e9e en acier inoxydable","isPartOf":{"@id":"https:\/\/www.rememberme-forever.com\/fr\/#website"},"primaryImageOfPage":{"@id":"https:\/\/www.rememberme-forever.com\/fr\/produit\/urne-cineraire-double-personnalisee-en-acier-inoxydable\/#primaryimage"},"image":{"@id":"https:\/\/www.rememberme-forever.com\/fr\/produit\/urne-cineraire-double-personnalisee-en-acier-inoxydable\/#primaryimage"},"thumbnailUrl":"https:\/\/www.rememberme-forever.com\/wp-content\/uploads\/2023\/04\/stainless-steel-companion-urn-personalized.jpg","datePublished":"2023-04-12T12:30:48+00:00","dateModified":"2026-02-19T14:31:25+00:00","description":"D\u00e9couvrez notre urne cin\u00e9raire double personnalis\u00e9e en acier inoxydable, con\u00e7ue pour honorer la m\u00e9moire de deux \u00eatres chers. Urne pour deux.","breadcrumb":{"@id":"https:\/\/www.rememberme-forever.com\/fr\/produit\/urne-cineraire-double-personnalisee-en-acier-inoxydable\/#breadcrumb"},"inLanguage":"fr-FR","potentialAction":[{"@type":"ReadAction","target":["https:\/\/www.rememberme-forever.com\/fr\/produit\/urne-cineraire-double-personnalisee-en-acier-inoxydable\/"]}]},{"@type":"ImageObject","inLanguage":"fr-FR","@id":"https:\/\/www.rememberme-forever.com\/fr\/produit\/urne-cineraire-double-personnalisee-en-acier-inoxydable\/#primaryimage","url":"https:\/\/www.rememberme-forever.com\/wp-content\/uploads\/2023\/04\/stainless-steel-companion-urn-personalized.jpg","contentUrl":"https:\/\/www.rememberme-forever.com\/wp-content\/uploads\/2023\/04\/stainless-steel-companion-urn-personalized.jpg","width":768,"height":768,"caption":"Urne cin\u00e9raire de compagnon personnalis\u00e9e en acier inoxydable, Urne cin\u00e9raire double personnalis\u00e9e en acier inoxydable"},{"@type":"BreadcrumbList","@id":"https:\/\/www.rememberme-forever.com\/fr\/produit\/urne-cineraire-double-personnalisee-en-acier-inoxydable\/#breadcrumb","itemListElement":[{"@type":"ListItem","position":1,"name":"Home","item":"https:\/\/www.rememberme-forever.com\/fr\/accueil\/"},{"@type":"ListItem","position":2,"name":"Boutique","item":"https:\/\/www.rememberme-forever.com\/fr\/boutique\/"},{"@type":"ListItem","position":3,"name":"Urne cin\u00e9raire double personnalis\u00e9e en acier inoxydable"}]},{"@type":"WebSite","@id":"https:\/\/www.rememberme-forever.com\/fr\/#website","url":"https:\/\/www.rememberme-forever.com\/fr\/","name":"Remember Forever","description":"Cremation urns, funeral urns, urns for ashes","publisher":{"@id":"https:\/\/www.rememberme-forever.com\/fr\/#organization"},"potentialAction":[{"@type":"SearchAction","target":{"@type":"EntryPoint","urlTemplate":"https:\/\/www.rememberme-forever.com\/fr\/?s={search_term_string}"},"query-input":{"@type":"PropertyValueSpecification","valueRequired":true,"valueName":"search_term_string"}}],"inLanguage":"fr-FR"},{"@type":"Organization","@id":"https:\/\/www.rememberme-forever.com\/fr\/#organization","name":"Remember Forever","url":"https:\/\/www.rememberme-forever.com\/fr\/","logo":{"@type":"ImageObject","inLanguage":"fr-FR","@id":"https:\/\/www.rememberme-forever.com\/fr\/#\/schema\/logo\/image\/","url":"https:\/\/www.rememberme-forever.com\/wp-content\/uploads\/2023\/02\/logo.png","contentUrl":"https:\/\/www.rememberme-forever.com\/wp-content\/uploads\/2023\/02\/logo.png","width":300,"height":56,"caption":"Remember Forever"},"image":{"@id":"https:\/\/www.rememberme-forever.com\/fr\/#\/schema\/logo\/image\/"}}]}},"acf":[],"_links":{"self":[{"href":"https:\/\/www.rememberme-forever.com\/fr\/wp-json\/wp\/v2\/product\/25613","targetHints":{"allow":["GET"]}}],"collection":[{"href":"https:\/\/www.rememberme-forever.com\/fr\/wp-json\/wp\/v2\/product"}],"about":[{"href":"https:\/\/www.rememberme-forever.com\/fr\/wp-json\/wp\/v2\/types\/product"}],"wp:featuredmedia":[{"embeddable":true,"href":"https:\/\/www.rememberme-forever.com\/fr\/wp-json\/wp\/v2\/media\/25612"}],"wp:attachment":[{"href":"https:\/\/www.rememberme-forever.com\/fr\/wp-json\/wp\/v2\/media?parent=25613"}],"wp:term":[{"taxonomy":"product_brand","embeddable":true,"href":"https:\/\/www.rememberme-forever.com\/fr\/wp-json\/wp\/v2\/product_brand?post=25613"},{"taxonomy":"product_cat","embeddable":true,"href":"https:\/\/www.rememberme-forever.com\/fr\/wp-json\/wp\/v2\/product_cat?post=25613"},{"taxonomy":"product_tag","embeddable":true,"href":"https:\/\/www.rememberme-forever.com\/fr\/wp-json\/wp\/v2\/product_tag?post=25613"}],"curies":[{"name":"wp","href":"https:\/\/api.w.org\/{rel}","templated":true}]}}