{"id":25684,"date":"2023-04-12T15:52:09","date_gmt":"2023-04-12T13:52:09","guid":{"rendered":"https:\/\/www.rememberme-forever.com\/product\/urne-cineraire-rose-argentee-pour-cendres-humaines\/"},"modified":"2026-02-20T10:17:14","modified_gmt":"2026-02-20T09:17:14","slug":"urne-cineraire-rose-argentee-pour-cendres-humaines","status":"publish","type":"product","link":"https:\/\/www.rememberme-forever.com\/fr\/produit\/urne-cineraire-rose-argentee-pour-cendres-humaines\/","title":{"rendered":"Urne cin\u00e9raire rose argent\u00e9e pour cendres humaines"},"content":{"rendered":"<div style=\"width: 100%; margin-bottom: 30px; height: max-content; padding-bottom: 60%; position: relative;\"><iframe style=\"position: absolute; top: 0; left: 0; width: 100%; height: 100%;\" src=\"https:\/\/rememberme-urns.com\/silver-cremate-urn-with-rose\/\" frameborder=\"0\"><\/iframe><\/div>\n<div style=\"color: red; text-align: center; margin-bottom: 25px;\">\n<p>&gt;&gt; Rotation de la photo &#8211; appuyer\/zoomer &lt;&lt;<\/p>\n<\/div>\n<h2 style=\"text-align: center;\">Urne cin\u00e9raire rose argent\u00e9e pour cendres humaines<\/h2>\n<p style=\"text-align: center;\">Nous vous pr\u00e9sentons notre magnifique <strong>Urne Cin\u00e9raire Rose Argent\u00e9e<\/strong> pour Cendres Humaines, une mani\u00e8re belle et \u00e9l\u00e9gante d&rsquo;honorer la m\u00e9moire de votre \u00eatre cher. Cette urne est fabriqu\u00e9e avec pr\u00e9cision et soin, \u00e0 partir de mat\u00e9riaux de haute qualit\u00e9, afin d&rsquo;assurer un lieu de repos final s\u00fbr et digne.<\/p>\n<p style=\"text-align: center;\">L&rsquo;urne est fabriqu\u00e9e en m\u00e9tal durable avec une finition argent\u00e9e \u00e9l\u00e9gante, symbolisant la puret\u00e9, la clart\u00e9 et la force. Le motif de rose sur le devant de l&rsquo;urne ajoute une touche de beaut\u00e9 et d&rsquo;\u00e9l\u00e9gance, cr\u00e9ant un souvenir unique et pr\u00e9cieux.<\/p>\n<p style=\"text-align: center;\">Cette urne convient pour contenir les cendres d\u2019un adulte. Elle est con\u00e7ue pour offrir un lieu de repos final s\u00fbr et discret, avec un couvercle herm\u00e9tique qui garde les cendres en s\u00e9curit\u00e9 et intactes.<\/p>\n<p style=\"text-align: center;\">Le motif de rose est con\u00e7u avec pr\u00e9cision et attention aux d\u00e9tails, ajoutant une touche sp\u00e9ciale de personnalisation \u00e0 l&rsquo;urne. La rose symbolise l&rsquo;amour, la beaut\u00e9 et la d\u00e9votion \u00e9ternelle, ce qui en fait un hommage appropri\u00e9 \u00e0 la vie de votre \u00eatre cher.<\/p>\n<p>&nbsp;<\/p>\n<h3 style=\"text-align: center;\"><strong>PERSONNALISATION<\/strong><\/h3>\n<p style=\"text-align: center;\">Si vous choisissez une plaque personnalis\u00e9e, veuillez soumettre du texte dans le cadre de personnalisation du produit.<\/p>\n<p style=\"text-align: center;\">La plaque comm\u00e9morative personnalis\u00e9e doit \u00eatre personnalis\u00e9e lors de votre commande. (Pas de panique si vous la manquez ; vous pouvez toujours nous contacter ult\u00e9rieurement.)<\/p>\n<p style=\"text-align: center;\">Veuillez examiner attentivement le texte \u00e0 graver avant d&rsquo;ajouter l&rsquo;article au panier. Nous reproduisons et gravons les informations exactes re\u00e7ues lors de la commande et n&rsquo;y apportons aucune modification.<\/p>\n<p style=\"text-align: center;\"><strong>Veuillez revoir le texte pour vous assurer que toutes les orthographes sont correctes.<\/strong><\/p>\n<p><img loading=\"lazy\" decoding=\"async\" class=\" wp-image-1453 aligncenter\" src=\"http:\/\/www.rememberme-forever.com\/wp-content\/uploads\/2023\/04\/silver-plaque-urn-295x300.jpg\" alt=\"Urne avec plaque argent\u00e9e\" width=\"169\" height=\"172\" srcset=\"https:\/\/www.rememberme-forever.com\/wp-content\/uploads\/2023\/04\/silver-plaque-urn-295x300.jpg 295w, https:\/\/www.rememberme-forever.com\/wp-content\/uploads\/2023\/04\/silver-plaque-urn-600x610.jpg 600w, https:\/\/www.rememberme-forever.com\/wp-content\/uploads\/2023\/04\/silver-plaque-urn-64x65.jpg 64w, https:\/\/www.rememberme-forever.com\/wp-content\/uploads\/2023\/04\/silver-plaque-urn.jpg 768w\" sizes=\"auto, (max-width: 169px) 100vw, 169px\" \/><\/p>\n<p style=\"text-align: center;\"><strong><em>La plaque comm\u00e9morative sera ajout\u00e9e s\u00e9par\u00e9ment avec le support, comme sur la photo.<\/em><\/strong><\/p>\n<p style=\"text-align: center;\"><strong><em>(Le support de la plaque comm\u00e9morative est en plexiglas transparent.)<\/em><\/strong><\/p>\n","protected":false},"excerpt":{"rendered":"<p>Urne argent\u00e9e unique pour cendres humaines.<\/p>\n<p><em><strong>Convient pour un poids corporel d&rsquo;environ 256 Lbs &#8211; 116 kg &#8211; 18,2 stone<\/strong><\/em><\/p>\n","protected":false},"featured_media":25681,"template":"","meta":{"_acf_changed":false},"product_brand":[],"product_cat":[2415],"product_tag":[3338],"class_list":{"0":"post-25684","1":"product","2":"type-product","3":"status-publish","4":"has-post-thumbnail","6":"product_cat-urnes-en-metal","7":"product_tag-gpsr-metal-urns","8":"product_shipping_class-1-2-kg-fr","10":"first","11":"instock","12":"taxable","13":"shipping-taxable","14":"purchasable","15":"product-type-variable"},"yoast_head":"<!-- This site is optimized with the Yoast SEO plugin v27.4 - https:\/\/yoast.com\/product\/yoast-seo-wordpress\/ -->\n<title>Urne cin\u00e9raire rose argent\u00e9e pour cendres humaines<\/title>\n<meta name=\"description\" content=\"Nous vous pr\u00e9sentons notre magnifique Urne Cin\u00e9raire Rose Argent\u00e9e pour Cendres Humaines, une mani\u00e8re belle et \u00e9l\u00e9gante d&#039;honorer la m\u00e9moire de votre \u00eatre cher.\" \/>\n<meta name=\"robots\" content=\"index, follow, max-snippet:-1, max-image-preview:large, max-video-preview:-1\" \/>\n<link rel=\"canonical\" href=\"https:\/\/www.rememberme-forever.com\/fr\/produit\/urne-cineraire-rose-argentee-pour-cendres-humaines\/\" \/>\n<meta property=\"og:locale\" content=\"fr_FR\" \/>\n<meta property=\"og:type\" content=\"article\" \/>\n<meta property=\"og:title\" content=\"Urne cin\u00e9raire rose argent\u00e9e pour cendres humaines\" \/>\n<meta property=\"og:description\" content=\"Nous vous pr\u00e9sentons notre magnifique Urne Cin\u00e9raire Rose Argent\u00e9e pour Cendres Humaines, une mani\u00e8re belle et \u00e9l\u00e9gante d&#039;honorer la m\u00e9moire de votre \u00eatre cher.\" \/>\n<meta property=\"og:url\" content=\"https:\/\/www.rememberme-forever.com\/fr\/produit\/urne-cineraire-rose-argentee-pour-cendres-humaines\/\" \/>\n<meta property=\"og:site_name\" content=\"Remember Forever\" \/>\n<meta property=\"article:modified_time\" content=\"2026-02-20T09:17:14+00:00\" \/>\n<meta property=\"og:image\" content=\"http:\/\/www.rememberme-forever.com\/wp-content\/uploads\/2023\/04\/silver-rose-cremation-urn.jpg\" \/>\n\t<meta property=\"og:image:width\" content=\"768\" \/>\n\t<meta property=\"og:image:height\" content=\"781\" \/>\n\t<meta property=\"og:image:type\" content=\"image\/jpeg\" \/>\n<meta name=\"twitter:card\" content=\"summary_large_image\" \/>\n<meta name=\"twitter:label1\" content=\"Dur\u00e9e de lecture estim\u00e9e\" \/>\n\t<meta name=\"twitter:data1\" content=\"2 minutes\" \/>\n<script type=\"application\/ld+json\" class=\"yoast-schema-graph\">{\"@context\":\"https:\\\/\\\/schema.org\",\"@graph\":[{\"@type\":\"WebPage\",\"@id\":\"https:\\\/\\\/www.rememberme-forever.com\\\/fr\\\/produit\\\/urne-cineraire-rose-argentee-pour-cendres-humaines\\\/\",\"url\":\"https:\\\/\\\/www.rememberme-forever.com\\\/fr\\\/produit\\\/urne-cineraire-rose-argentee-pour-cendres-humaines\\\/\",\"name\":\"Urne cin\u00e9raire rose argent\u00e9e pour cendres humaines\",\"isPartOf\":{\"@id\":\"https:\\\/\\\/www.rememberme-forever.com\\\/fr\\\/#website\"},\"primaryImageOfPage\":{\"@id\":\"https:\\\/\\\/www.rememberme-forever.com\\\/fr\\\/produit\\\/urne-cineraire-rose-argentee-pour-cendres-humaines\\\/#primaryimage\"},\"image\":{\"@id\":\"https:\\\/\\\/www.rememberme-forever.com\\\/fr\\\/produit\\\/urne-cineraire-rose-argentee-pour-cendres-humaines\\\/#primaryimage\"},\"thumbnailUrl\":\"https:\\\/\\\/www.rememberme-forever.com\\\/wp-content\\\/uploads\\\/2023\\\/04\\\/silver-rose-cremation-urn.jpg\",\"datePublished\":\"2023-04-12T13:52:09+00:00\",\"dateModified\":\"2026-02-20T09:17:14+00:00\",\"description\":\"Nous vous pr\u00e9sentons notre magnifique Urne Cin\u00e9raire Rose Argent\u00e9e pour Cendres Humaines, une mani\u00e8re belle et \u00e9l\u00e9gante d'honorer la m\u00e9moire de votre \u00eatre cher.\",\"breadcrumb\":{\"@id\":\"https:\\\/\\\/www.rememberme-forever.com\\\/fr\\\/produit\\\/urne-cineraire-rose-argentee-pour-cendres-humaines\\\/#breadcrumb\"},\"inLanguage\":\"fr-FR\",\"potentialAction\":[{\"@type\":\"ReadAction\",\"target\":[\"https:\\\/\\\/www.rememberme-forever.com\\\/fr\\\/produit\\\/urne-cineraire-rose-argentee-pour-cendres-humaines\\\/\"]}]},{\"@type\":\"ImageObject\",\"inLanguage\":\"fr-FR\",\"@id\":\"https:\\\/\\\/www.rememberme-forever.com\\\/fr\\\/produit\\\/urne-cineraire-rose-argentee-pour-cendres-humaines\\\/#primaryimage\",\"url\":\"https:\\\/\\\/www.rememberme-forever.com\\\/wp-content\\\/uploads\\\/2023\\\/04\\\/silver-rose-cremation-urn.jpg\",\"contentUrl\":\"https:\\\/\\\/www.rememberme-forever.com\\\/wp-content\\\/uploads\\\/2023\\\/04\\\/silver-rose-cremation-urn.jpg\",\"width\":768,\"height\":781,\"caption\":\"urne cin\u00e9raire rose argent\u00e9e\"},{\"@type\":\"BreadcrumbList\",\"@id\":\"https:\\\/\\\/www.rememberme-forever.com\\\/fr\\\/produit\\\/urne-cineraire-rose-argentee-pour-cendres-humaines\\\/#breadcrumb\",\"itemListElement\":[{\"@type\":\"ListItem\",\"position\":1,\"name\":\"Home\",\"item\":\"https:\\\/\\\/www.rememberme-forever.com\\\/fr\\\/accueil\\\/\"},{\"@type\":\"ListItem\",\"position\":2,\"name\":\"Boutique\",\"item\":\"https:\\\/\\\/www.rememberme-forever.com\\\/fr\\\/boutique\\\/\"},{\"@type\":\"ListItem\",\"position\":3,\"name\":\"Urne cin\u00e9raire rose argent\u00e9e pour cendres humaines\"}]},{\"@type\":\"WebSite\",\"@id\":\"https:\\\/\\\/www.rememberme-forever.com\\\/fr\\\/#website\",\"url\":\"https:\\\/\\\/www.rememberme-forever.com\\\/fr\\\/\",\"name\":\"Remember Forever\",\"description\":\"Cremation urns, funeral urns, urns for ashes\",\"publisher\":{\"@id\":\"https:\\\/\\\/www.rememberme-forever.com\\\/fr\\\/#organization\"},\"potentialAction\":[{\"@type\":\"SearchAction\",\"target\":{\"@type\":\"EntryPoint\",\"urlTemplate\":\"https:\\\/\\\/www.rememberme-forever.com\\\/fr\\\/?s={search_term_string}\"},\"query-input\":{\"@type\":\"PropertyValueSpecification\",\"valueRequired\":true,\"valueName\":\"search_term_string\"}}],\"inLanguage\":\"fr-FR\"},{\"@type\":\"Organization\",\"@id\":\"https:\\\/\\\/www.rememberme-forever.com\\\/fr\\\/#organization\",\"name\":\"Remember Forever\",\"url\":\"https:\\\/\\\/www.rememberme-forever.com\\\/fr\\\/\",\"logo\":{\"@type\":\"ImageObject\",\"inLanguage\":\"fr-FR\",\"@id\":\"https:\\\/\\\/www.rememberme-forever.com\\\/fr\\\/#\\\/schema\\\/logo\\\/image\\\/\",\"url\":\"https:\\\/\\\/www.rememberme-forever.com\\\/wp-content\\\/uploads\\\/2023\\\/02\\\/logo.png\",\"contentUrl\":\"https:\\\/\\\/www.rememberme-forever.com\\\/wp-content\\\/uploads\\\/2023\\\/02\\\/logo.png\",\"width\":300,\"height\":56,\"caption\":\"Remember Forever\"},\"image\":{\"@id\":\"https:\\\/\\\/www.rememberme-forever.com\\\/fr\\\/#\\\/schema\\\/logo\\\/image\\\/\"}}]}<\/script>\n<!-- \/ Yoast SEO plugin. -->","yoast_head_json":{"title":"Urne cin\u00e9raire rose argent\u00e9e pour cendres humaines","description":"Nous vous pr\u00e9sentons notre magnifique Urne Cin\u00e9raire Rose Argent\u00e9e pour Cendres Humaines, une mani\u00e8re belle et \u00e9l\u00e9gante d'honorer la m\u00e9moire de votre \u00eatre cher.","robots":{"index":"index","follow":"follow","max-snippet":"max-snippet:-1","max-image-preview":"max-image-preview:large","max-video-preview":"max-video-preview:-1"},"canonical":"https:\/\/www.rememberme-forever.com\/fr\/produit\/urne-cineraire-rose-argentee-pour-cendres-humaines\/","og_locale":"fr_FR","og_type":"article","og_title":"Urne cin\u00e9raire rose argent\u00e9e pour cendres humaines","og_description":"Nous vous pr\u00e9sentons notre magnifique Urne Cin\u00e9raire Rose Argent\u00e9e pour Cendres Humaines, une mani\u00e8re belle et \u00e9l\u00e9gante d'honorer la m\u00e9moire de votre \u00eatre cher.","og_url":"https:\/\/www.rememberme-forever.com\/fr\/produit\/urne-cineraire-rose-argentee-pour-cendres-humaines\/","og_site_name":"Remember Forever","article_modified_time":"2026-02-20T09:17:14+00:00","og_image":[{"width":768,"height":781,"url":"http:\/\/www.rememberme-forever.com\/wp-content\/uploads\/2023\/04\/silver-rose-cremation-urn.jpg","type":"image\/jpeg"}],"twitter_card":"summary_large_image","twitter_misc":{"Dur\u00e9e de lecture estim\u00e9e":"2 minutes"},"schema":{"@context":"https:\/\/schema.org","@graph":[{"@type":"WebPage","@id":"https:\/\/www.rememberme-forever.com\/fr\/produit\/urne-cineraire-rose-argentee-pour-cendres-humaines\/","url":"https:\/\/www.rememberme-forever.com\/fr\/produit\/urne-cineraire-rose-argentee-pour-cendres-humaines\/","name":"Urne cin\u00e9raire rose argent\u00e9e pour cendres humaines","isPartOf":{"@id":"https:\/\/www.rememberme-forever.com\/fr\/#website"},"primaryImageOfPage":{"@id":"https:\/\/www.rememberme-forever.com\/fr\/produit\/urne-cineraire-rose-argentee-pour-cendres-humaines\/#primaryimage"},"image":{"@id":"https:\/\/www.rememberme-forever.com\/fr\/produit\/urne-cineraire-rose-argentee-pour-cendres-humaines\/#primaryimage"},"thumbnailUrl":"https:\/\/www.rememberme-forever.com\/wp-content\/uploads\/2023\/04\/silver-rose-cremation-urn.jpg","datePublished":"2023-04-12T13:52:09+00:00","dateModified":"2026-02-20T09:17:14+00:00","description":"Nous vous pr\u00e9sentons notre magnifique Urne Cin\u00e9raire Rose Argent\u00e9e pour Cendres Humaines, une mani\u00e8re belle et \u00e9l\u00e9gante d'honorer la m\u00e9moire de votre \u00eatre cher.","breadcrumb":{"@id":"https:\/\/www.rememberme-forever.com\/fr\/produit\/urne-cineraire-rose-argentee-pour-cendres-humaines\/#breadcrumb"},"inLanguage":"fr-FR","potentialAction":[{"@type":"ReadAction","target":["https:\/\/www.rememberme-forever.com\/fr\/produit\/urne-cineraire-rose-argentee-pour-cendres-humaines\/"]}]},{"@type":"ImageObject","inLanguage":"fr-FR","@id":"https:\/\/www.rememberme-forever.com\/fr\/produit\/urne-cineraire-rose-argentee-pour-cendres-humaines\/#primaryimage","url":"https:\/\/www.rememberme-forever.com\/wp-content\/uploads\/2023\/04\/silver-rose-cremation-urn.jpg","contentUrl":"https:\/\/www.rememberme-forever.com\/wp-content\/uploads\/2023\/04\/silver-rose-cremation-urn.jpg","width":768,"height":781,"caption":"urne cin\u00e9raire rose argent\u00e9e"},{"@type":"BreadcrumbList","@id":"https:\/\/www.rememberme-forever.com\/fr\/produit\/urne-cineraire-rose-argentee-pour-cendres-humaines\/#breadcrumb","itemListElement":[{"@type":"ListItem","position":1,"name":"Home","item":"https:\/\/www.rememberme-forever.com\/fr\/accueil\/"},{"@type":"ListItem","position":2,"name":"Boutique","item":"https:\/\/www.rememberme-forever.com\/fr\/boutique\/"},{"@type":"ListItem","position":3,"name":"Urne cin\u00e9raire rose argent\u00e9e pour cendres humaines"}]},{"@type":"WebSite","@id":"https:\/\/www.rememberme-forever.com\/fr\/#website","url":"https:\/\/www.rememberme-forever.com\/fr\/","name":"Remember Forever","description":"Cremation urns, funeral urns, urns for ashes","publisher":{"@id":"https:\/\/www.rememberme-forever.com\/fr\/#organization"},"potentialAction":[{"@type":"SearchAction","target":{"@type":"EntryPoint","urlTemplate":"https:\/\/www.rememberme-forever.com\/fr\/?s={search_term_string}"},"query-input":{"@type":"PropertyValueSpecification","valueRequired":true,"valueName":"search_term_string"}}],"inLanguage":"fr-FR"},{"@type":"Organization","@id":"https:\/\/www.rememberme-forever.com\/fr\/#organization","name":"Remember Forever","url":"https:\/\/www.rememberme-forever.com\/fr\/","logo":{"@type":"ImageObject","inLanguage":"fr-FR","@id":"https:\/\/www.rememberme-forever.com\/fr\/#\/schema\/logo\/image\/","url":"https:\/\/www.rememberme-forever.com\/wp-content\/uploads\/2023\/02\/logo.png","contentUrl":"https:\/\/www.rememberme-forever.com\/wp-content\/uploads\/2023\/02\/logo.png","width":300,"height":56,"caption":"Remember Forever"},"image":{"@id":"https:\/\/www.rememberme-forever.com\/fr\/#\/schema\/logo\/image\/"}}]}},"acf":[],"_links":{"self":[{"href":"https:\/\/www.rememberme-forever.com\/fr\/wp-json\/wp\/v2\/product\/25684","targetHints":{"allow":["GET"]}}],"collection":[{"href":"https:\/\/www.rememberme-forever.com\/fr\/wp-json\/wp\/v2\/product"}],"about":[{"href":"https:\/\/www.rememberme-forever.com\/fr\/wp-json\/wp\/v2\/types\/product"}],"wp:featuredmedia":[{"embeddable":true,"href":"https:\/\/www.rememberme-forever.com\/fr\/wp-json\/wp\/v2\/media\/25681"}],"wp:attachment":[{"href":"https:\/\/www.rememberme-forever.com\/fr\/wp-json\/wp\/v2\/media?parent=25684"}],"wp:term":[{"taxonomy":"product_brand","embeddable":true,"href":"https:\/\/www.rememberme-forever.com\/fr\/wp-json\/wp\/v2\/product_brand?post=25684"},{"taxonomy":"product_cat","embeddable":true,"href":"https:\/\/www.rememberme-forever.com\/fr\/wp-json\/wp\/v2\/product_cat?post=25684"},{"taxonomy":"product_tag","embeddable":true,"href":"https:\/\/www.rememberme-forever.com\/fr\/wp-json\/wp\/v2\/product_tag?post=25684"}],"curies":[{"name":"wp","href":"https:\/\/api.w.org\/{rel}","templated":true}]}}