{"id":25735,"date":"2023-04-13T09:30:22","date_gmt":"2023-04-13T07:30:22","guid":{"rendered":"https:\/\/www.rememberme-forever.com\/product\/urne-funeraire-double-bebe-yoda\/"},"modified":"2026-02-20T09:43:22","modified_gmt":"2026-02-20T08:43:22","slug":"urne-funeraire-double-bebe-yoda","status":"publish","type":"product","link":"https:\/\/www.rememberme-forever.com\/fr\/produit\/urne-funeraire-double-bebe-yoda\/","title":{"rendered":"Urne fun\u00e9raire double B\u00e9b\u00e9 Yoda"},"content":{"rendered":"<h2 style=\"text-align: center;\">Urne fun\u00e9raire double B\u00e9b\u00e9 Yoda.<\/h2>\n<p style=\"text-align: center;\">D\u00e9couvrez notre <strong>urne fun\u00e9raire double B\u00e9b\u00e9 Yoda<\/strong> unique, une superbe sph\u00e8re en acier inoxydable servant de dernier lieu de repos pour les cendres de deux fans de Star Wars. Cette magnifique urne est un hommage digne de deux vies bien remplies ; elle arbore une figurine de B\u00e9b\u00e9 Yoda tr\u00f4nant fi\u00e8rement sur un socle en marbre lisse, compl\u00e9t\u00e9e par une plaque comm\u00e9morative personnalis\u00e9e.<\/p>\n<p style=\"text-align: center;\">Con\u00e7ue avec soin, cette urne durable et r\u00e9sistante \u00e0 la rouille permet de conserver les cendres de deux \u00eatres chers en toute s\u00e9curit\u00e9. La figurine de B\u00e9b\u00e9 Yoda est d\u2019une pr\u00e9cision exquise, capturant chaque ride et expression du personnage embl\u00e9matique. Le socle en marbre est poli pour un fini lisse, apportant une touche d\u2019\u00e9l\u00e9gance au design.<\/p>\n<p style=\"text-align: center;\">La plaque personnalis\u00e9e vous permet de comm\u00e9morer vos proches avec un message sinc\u00e8re ou une citation sp\u00e9ciale, garantissant que leur souvenir perdure \u00e0 jamais. Cette urne unique est un hommage appropri\u00e9 pour deux fans de Star Wars passionn\u00e9s par la franchise et l\u2019un par l\u2019autre, et servira de rappel constant de l\u2019amour et de la joie qu\u2019ils ont apport\u00e9s au monde.<\/p>\n<p style=\"text-align: center;\">Qu\u2019elle soit expos\u00e9e sur une chemin\u00e9e ou plac\u00e9e dans un endroit sp\u00e9cial, cette urne est un souvenir magnifique et intemporel qui sera ch\u00e9ri pendant des ann\u00e9es. L\u2019urne fun\u00e9raire double B\u00e9b\u00e9 Yoda est un moyen unique et significatif d\u2019honorer la vie et l\u2019h\u00e9ritage de deux fans de Star Wars, et un hommage digne de la Force qu\u2019ils ont incarn\u00e9e tout au long de leur vie.<\/p>\n<p style=\"text-align: center;\"><em><strong>Que la force soit avec vous !<\/strong><\/em><\/p>\n<p>&nbsp;<\/p>\n<p>&nbsp;<\/p>\n<h3 style=\"text-align: center;\"><strong>PERSONNALISATION<\/strong><\/h3>\n<p style=\"text-align: center;\">Veuillez saisir votre texte dans le champ de personnalisation du produit.<\/p>\n<p style=\"text-align: center;\">La plaque comm\u00e9morative personnalis\u00e9e doit \u00eatre personnalis\u00e9e lors de votre commande. (Pas de panique si vous la manquez ; vous pouvez toujours nous contacter ult\u00e9rieurement.)<\/p>\n<p style=\"text-align: center;\">Veuillez examiner attentivement le texte \u00e0 graver avant d&rsquo;ajouter l&rsquo;article au panier. Nous reproduisons et gravons les informations exactes re\u00e7ues lors de la commande et n&rsquo;y apportons aucune modification.<\/p>\n<p style=\"text-align: center;\"><strong>Veuillez revoir le texte pour vous assurer que toutes les orthographes sont correctes.<\/strong><\/p>\n<p><img loading=\"lazy\" decoding=\"async\" class=\"wp-image-1449 aligncenter\" src=\"http:\/\/www.rememberme-forever.com\/wp-content\/uploads\/2023\/04\/memorial-plaque-cremation-urn-silver-300x153.jpg\" alt=\"Plaque comm\u00e9morative pour urne fun\u00e9raire en argent\" width=\"245\" height=\"125\" srcset=\"https:\/\/www.rememberme-forever.com\/wp-content\/uploads\/2023\/04\/memorial-plaque-cremation-urn-silver-300x153.jpg 300w, https:\/\/www.rememberme-forever.com\/wp-content\/uploads\/2023\/04\/memorial-plaque-cremation-urn-silver-64x33.jpg 64w, https:\/\/www.rememberme-forever.com\/wp-content\/uploads\/2023\/04\/memorial-plaque-cremation-urn-silver.jpg 448w\" sizes=\"auto, (max-width: 245px) 100vw, 245px\" \/><\/p>\n","protected":false},"excerpt":{"rendered":"<p>Urne fun\u00e9raire unique pour les fans de Star Wars.<\/p>\n<p>Cette urne en acier inoxydable peut \u00eatre utilis\u00e9e pour un adulte ou pour les cendres de deux personnes.<\/p>\n<p>\u2705 Cette urne ne convient pas \u00e0 un usage ext\u00e9rieur. Consultez nos <a href=\"https:\/\/www.rememberme-forever.com\/fr\/categorie-produit\/urnes-dexterieur\/\" target=\"_blank\" rel=\"noopener\"><strong>urnes d&rsquo;ext\u00e9rieur. &gt;&gt;<\/strong><\/a><\/p>\n","protected":false},"featured_media":25727,"template":"","meta":{"_acf_changed":false},"product_brand":[],"product_cat":[2420,2419,2410,2415],"product_tag":[3345],"class_list":{"0":"post-25735","1":"product","2":"type-product","3":"status-publish","4":"has-post-thumbnail","6":"product_cat-toutes-les-autres-urnes","7":"product_cat-urnes-a-theme","8":"product_cat-urnes-compagnes","9":"product_cat-urnes-en-metal","10":"product_tag-gpsr-metal_stonebase","11":"product_shipping_class-2-4kg-fr","13":"first","14":"instock","15":"taxable","16":"shipping-taxable","17":"purchasable","18":"product-type-simple"},"yoast_head":"<!-- This site is optimized with the Yoast SEO plugin v27.4 - https:\/\/yoast.com\/product\/yoast-seo-wordpress\/ -->\n<title>Urne fun\u00e9raire double B\u00e9b\u00e9 Yoda<\/title>\n<meta name=\"description\" content=\"Urne fun\u00e9raire double B\u00e9b\u00e9 Yoda, une superbe sph\u00e8re en acier inoxydable servant de dernier lieu de repos pour les cendres de deux fans de Star Wars.\" \/>\n<meta name=\"robots\" content=\"index, follow, max-snippet:-1, max-image-preview:large, max-video-preview:-1\" \/>\n<link rel=\"canonical\" href=\"https:\/\/www.rememberme-forever.com\/fr\/produit\/urne-funeraire-double-bebe-yoda\/\" \/>\n<meta property=\"og:locale\" content=\"fr_FR\" \/>\n<meta property=\"og:type\" content=\"article\" \/>\n<meta property=\"og:title\" content=\"Urne fun\u00e9raire double B\u00e9b\u00e9 Yoda\" \/>\n<meta property=\"og:description\" content=\"Urne fun\u00e9raire double B\u00e9b\u00e9 Yoda, une superbe sph\u00e8re en acier inoxydable servant de dernier lieu de repos pour les cendres de deux fans de Star Wars.\" \/>\n<meta property=\"og:url\" content=\"https:\/\/www.rememberme-forever.com\/fr\/produit\/urne-funeraire-double-bebe-yoda\/\" \/>\n<meta property=\"og:site_name\" content=\"Remember Forever\" \/>\n<meta property=\"article:modified_time\" content=\"2026-02-20T08:43:22+00:00\" \/>\n<meta property=\"og:image\" content=\"http:\/\/www.rememberme-forever.com\/wp-content\/uploads\/2023\/04\/baby-yoda-companion-urn-1.jpg\" \/>\n\t<meta property=\"og:image:width\" content=\"768\" \/>\n\t<meta property=\"og:image:height\" content=\"768\" \/>\n\t<meta property=\"og:image:type\" content=\"image\/jpeg\" \/>\n<meta name=\"twitter:card\" content=\"summary_large_image\" \/>\n<meta name=\"twitter:label1\" content=\"Dur\u00e9e de lecture estim\u00e9e\" \/>\n\t<meta name=\"twitter:data1\" content=\"2 minutes\" \/>\n<script type=\"application\/ld+json\" class=\"yoast-schema-graph\">{\"@context\":\"https:\\\/\\\/schema.org\",\"@graph\":[{\"@type\":\"WebPage\",\"@id\":\"https:\\\/\\\/www.rememberme-forever.com\\\/fr\\\/produit\\\/urne-funeraire-double-bebe-yoda\\\/\",\"url\":\"https:\\\/\\\/www.rememberme-forever.com\\\/fr\\\/produit\\\/urne-funeraire-double-bebe-yoda\\\/\",\"name\":\"Urne fun\u00e9raire double B\u00e9b\u00e9 Yoda\",\"isPartOf\":{\"@id\":\"https:\\\/\\\/www.rememberme-forever.com\\\/fr\\\/#website\"},\"primaryImageOfPage\":{\"@id\":\"https:\\\/\\\/www.rememberme-forever.com\\\/fr\\\/produit\\\/urne-funeraire-double-bebe-yoda\\\/#primaryimage\"},\"image\":{\"@id\":\"https:\\\/\\\/www.rememberme-forever.com\\\/fr\\\/produit\\\/urne-funeraire-double-bebe-yoda\\\/#primaryimage\"},\"thumbnailUrl\":\"https:\\\/\\\/www.rememberme-forever.com\\\/wp-content\\\/uploads\\\/2023\\\/04\\\/baby-yoda-companion-urn-1.jpg\",\"datePublished\":\"2023-04-13T07:30:22+00:00\",\"dateModified\":\"2026-02-20T08:43:22+00:00\",\"description\":\"Urne fun\u00e9raire double B\u00e9b\u00e9 Yoda, une superbe sph\u00e8re en acier inoxydable servant de dernier lieu de repos pour les cendres de deux fans de Star Wars.\",\"breadcrumb\":{\"@id\":\"https:\\\/\\\/www.rememberme-forever.com\\\/fr\\\/produit\\\/urne-funeraire-double-bebe-yoda\\\/#breadcrumb\"},\"inLanguage\":\"fr-FR\",\"potentialAction\":[{\"@type\":\"ReadAction\",\"target\":[\"https:\\\/\\\/www.rememberme-forever.com\\\/fr\\\/produit\\\/urne-funeraire-double-bebe-yoda\\\/\"]}]},{\"@type\":\"ImageObject\",\"inLanguage\":\"fr-FR\",\"@id\":\"https:\\\/\\\/www.rememberme-forever.com\\\/fr\\\/produit\\\/urne-funeraire-double-bebe-yoda\\\/#primaryimage\",\"url\":\"https:\\\/\\\/www.rememberme-forever.com\\\/wp-content\\\/uploads\\\/2023\\\/04\\\/baby-yoda-companion-urn-1.jpg\",\"contentUrl\":\"https:\\\/\\\/www.rememberme-forever.com\\\/wp-content\\\/uploads\\\/2023\\\/04\\\/baby-yoda-companion-urn-1.jpg\",\"width\":768,\"height\":768,\"caption\":\"urne fun\u00e9raire double b\u00e9b\u00e9 yoda\"},{\"@type\":\"BreadcrumbList\",\"@id\":\"https:\\\/\\\/www.rememberme-forever.com\\\/fr\\\/produit\\\/urne-funeraire-double-bebe-yoda\\\/#breadcrumb\",\"itemListElement\":[{\"@type\":\"ListItem\",\"position\":1,\"name\":\"Home\",\"item\":\"https:\\\/\\\/www.rememberme-forever.com\\\/fr\\\/accueil\\\/\"},{\"@type\":\"ListItem\",\"position\":2,\"name\":\"Boutique\",\"item\":\"https:\\\/\\\/www.rememberme-forever.com\\\/fr\\\/boutique\\\/\"},{\"@type\":\"ListItem\",\"position\":3,\"name\":\"Urne fun\u00e9raire double B\u00e9b\u00e9 Yoda\"}]},{\"@type\":\"WebSite\",\"@id\":\"https:\\\/\\\/www.rememberme-forever.com\\\/fr\\\/#website\",\"url\":\"https:\\\/\\\/www.rememberme-forever.com\\\/fr\\\/\",\"name\":\"Remember Forever\",\"description\":\"Cremation urns, funeral urns, urns for ashes\",\"publisher\":{\"@id\":\"https:\\\/\\\/www.rememberme-forever.com\\\/fr\\\/#organization\"},\"potentialAction\":[{\"@type\":\"SearchAction\",\"target\":{\"@type\":\"EntryPoint\",\"urlTemplate\":\"https:\\\/\\\/www.rememberme-forever.com\\\/fr\\\/?s={search_term_string}\"},\"query-input\":{\"@type\":\"PropertyValueSpecification\",\"valueRequired\":true,\"valueName\":\"search_term_string\"}}],\"inLanguage\":\"fr-FR\"},{\"@type\":\"Organization\",\"@id\":\"https:\\\/\\\/www.rememberme-forever.com\\\/fr\\\/#organization\",\"name\":\"Remember Forever\",\"url\":\"https:\\\/\\\/www.rememberme-forever.com\\\/fr\\\/\",\"logo\":{\"@type\":\"ImageObject\",\"inLanguage\":\"fr-FR\",\"@id\":\"https:\\\/\\\/www.rememberme-forever.com\\\/fr\\\/#\\\/schema\\\/logo\\\/image\\\/\",\"url\":\"https:\\\/\\\/www.rememberme-forever.com\\\/wp-content\\\/uploads\\\/2023\\\/02\\\/logo.png\",\"contentUrl\":\"https:\\\/\\\/www.rememberme-forever.com\\\/wp-content\\\/uploads\\\/2023\\\/02\\\/logo.png\",\"width\":300,\"height\":56,\"caption\":\"Remember Forever\"},\"image\":{\"@id\":\"https:\\\/\\\/www.rememberme-forever.com\\\/fr\\\/#\\\/schema\\\/logo\\\/image\\\/\"}}]}<\/script>\n<!-- \/ Yoast SEO plugin. -->","yoast_head_json":{"title":"Urne fun\u00e9raire double B\u00e9b\u00e9 Yoda","description":"Urne fun\u00e9raire double B\u00e9b\u00e9 Yoda, une superbe sph\u00e8re en acier inoxydable servant de dernier lieu de repos pour les cendres de deux fans de Star Wars.","robots":{"index":"index","follow":"follow","max-snippet":"max-snippet:-1","max-image-preview":"max-image-preview:large","max-video-preview":"max-video-preview:-1"},"canonical":"https:\/\/www.rememberme-forever.com\/fr\/produit\/urne-funeraire-double-bebe-yoda\/","og_locale":"fr_FR","og_type":"article","og_title":"Urne fun\u00e9raire double B\u00e9b\u00e9 Yoda","og_description":"Urne fun\u00e9raire double B\u00e9b\u00e9 Yoda, une superbe sph\u00e8re en acier inoxydable servant de dernier lieu de repos pour les cendres de deux fans de Star Wars.","og_url":"https:\/\/www.rememberme-forever.com\/fr\/produit\/urne-funeraire-double-bebe-yoda\/","og_site_name":"Remember Forever","article_modified_time":"2026-02-20T08:43:22+00:00","og_image":[{"width":768,"height":768,"url":"http:\/\/www.rememberme-forever.com\/wp-content\/uploads\/2023\/04\/baby-yoda-companion-urn-1.jpg","type":"image\/jpeg"}],"twitter_card":"summary_large_image","twitter_misc":{"Dur\u00e9e de lecture estim\u00e9e":"2 minutes"},"schema":{"@context":"https:\/\/schema.org","@graph":[{"@type":"WebPage","@id":"https:\/\/www.rememberme-forever.com\/fr\/produit\/urne-funeraire-double-bebe-yoda\/","url":"https:\/\/www.rememberme-forever.com\/fr\/produit\/urne-funeraire-double-bebe-yoda\/","name":"Urne fun\u00e9raire double B\u00e9b\u00e9 Yoda","isPartOf":{"@id":"https:\/\/www.rememberme-forever.com\/fr\/#website"},"primaryImageOfPage":{"@id":"https:\/\/www.rememberme-forever.com\/fr\/produit\/urne-funeraire-double-bebe-yoda\/#primaryimage"},"image":{"@id":"https:\/\/www.rememberme-forever.com\/fr\/produit\/urne-funeraire-double-bebe-yoda\/#primaryimage"},"thumbnailUrl":"https:\/\/www.rememberme-forever.com\/wp-content\/uploads\/2023\/04\/baby-yoda-companion-urn-1.jpg","datePublished":"2023-04-13T07:30:22+00:00","dateModified":"2026-02-20T08:43:22+00:00","description":"Urne fun\u00e9raire double B\u00e9b\u00e9 Yoda, une superbe sph\u00e8re en acier inoxydable servant de dernier lieu de repos pour les cendres de deux fans de Star Wars.","breadcrumb":{"@id":"https:\/\/www.rememberme-forever.com\/fr\/produit\/urne-funeraire-double-bebe-yoda\/#breadcrumb"},"inLanguage":"fr-FR","potentialAction":[{"@type":"ReadAction","target":["https:\/\/www.rememberme-forever.com\/fr\/produit\/urne-funeraire-double-bebe-yoda\/"]}]},{"@type":"ImageObject","inLanguage":"fr-FR","@id":"https:\/\/www.rememberme-forever.com\/fr\/produit\/urne-funeraire-double-bebe-yoda\/#primaryimage","url":"https:\/\/www.rememberme-forever.com\/wp-content\/uploads\/2023\/04\/baby-yoda-companion-urn-1.jpg","contentUrl":"https:\/\/www.rememberme-forever.com\/wp-content\/uploads\/2023\/04\/baby-yoda-companion-urn-1.jpg","width":768,"height":768,"caption":"urne fun\u00e9raire double b\u00e9b\u00e9 yoda"},{"@type":"BreadcrumbList","@id":"https:\/\/www.rememberme-forever.com\/fr\/produit\/urne-funeraire-double-bebe-yoda\/#breadcrumb","itemListElement":[{"@type":"ListItem","position":1,"name":"Home","item":"https:\/\/www.rememberme-forever.com\/fr\/accueil\/"},{"@type":"ListItem","position":2,"name":"Boutique","item":"https:\/\/www.rememberme-forever.com\/fr\/boutique\/"},{"@type":"ListItem","position":3,"name":"Urne fun\u00e9raire double B\u00e9b\u00e9 Yoda"}]},{"@type":"WebSite","@id":"https:\/\/www.rememberme-forever.com\/fr\/#website","url":"https:\/\/www.rememberme-forever.com\/fr\/","name":"Remember Forever","description":"Cremation urns, funeral urns, urns for ashes","publisher":{"@id":"https:\/\/www.rememberme-forever.com\/fr\/#organization"},"potentialAction":[{"@type":"SearchAction","target":{"@type":"EntryPoint","urlTemplate":"https:\/\/www.rememberme-forever.com\/fr\/?s={search_term_string}"},"query-input":{"@type":"PropertyValueSpecification","valueRequired":true,"valueName":"search_term_string"}}],"inLanguage":"fr-FR"},{"@type":"Organization","@id":"https:\/\/www.rememberme-forever.com\/fr\/#organization","name":"Remember Forever","url":"https:\/\/www.rememberme-forever.com\/fr\/","logo":{"@type":"ImageObject","inLanguage":"fr-FR","@id":"https:\/\/www.rememberme-forever.com\/fr\/#\/schema\/logo\/image\/","url":"https:\/\/www.rememberme-forever.com\/wp-content\/uploads\/2023\/02\/logo.png","contentUrl":"https:\/\/www.rememberme-forever.com\/wp-content\/uploads\/2023\/02\/logo.png","width":300,"height":56,"caption":"Remember Forever"},"image":{"@id":"https:\/\/www.rememberme-forever.com\/fr\/#\/schema\/logo\/image\/"}}]}},"acf":[],"_links":{"self":[{"href":"https:\/\/www.rememberme-forever.com\/fr\/wp-json\/wp\/v2\/product\/25735","targetHints":{"allow":["GET"]}}],"collection":[{"href":"https:\/\/www.rememberme-forever.com\/fr\/wp-json\/wp\/v2\/product"}],"about":[{"href":"https:\/\/www.rememberme-forever.com\/fr\/wp-json\/wp\/v2\/types\/product"}],"wp:featuredmedia":[{"embeddable":true,"href":"https:\/\/www.rememberme-forever.com\/fr\/wp-json\/wp\/v2\/media\/25727"}],"wp:attachment":[{"href":"https:\/\/www.rememberme-forever.com\/fr\/wp-json\/wp\/v2\/media?parent=25735"}],"wp:term":[{"taxonomy":"product_brand","embeddable":true,"href":"https:\/\/www.rememberme-forever.com\/fr\/wp-json\/wp\/v2\/product_brand?post=25735"},{"taxonomy":"product_cat","embeddable":true,"href":"https:\/\/www.rememberme-forever.com\/fr\/wp-json\/wp\/v2\/product_cat?post=25735"},{"taxonomy":"product_tag","embeddable":true,"href":"https:\/\/www.rememberme-forever.com\/fr\/wp-json\/wp\/v2\/product_tag?post=25735"}],"curies":[{"name":"wp","href":"https:\/\/api.w.org\/{rel}","templated":true}]}}