{"id":25784,"date":"2023-04-13T09:59:59","date_gmt":"2023-04-13T07:59:59","guid":{"rendered":"https:\/\/www.rememberme-forever.com\/product\/urne-funeraire-decorative-en-metal-noir\/"},"modified":"2026-02-20T10:20:23","modified_gmt":"2026-02-20T09:20:23","slug":"urne-funeraire-decorative-en-metal-noir","status":"publish","type":"product","link":"https:\/\/www.rememberme-forever.com\/fr\/produit\/urne-funeraire-decorative-en-metal-noir\/","title":{"rendered":"Urne fun\u00e9raire d\u00e9corative en m\u00e9tal noir"},"content":{"rendered":"<div style=\"width: 100%; margin-bottom: 30px; height: max-content; padding-bottom: 60%; position: relative;\"><iframe style=\"position: absolute; top: 0; left: 0; width: 100%; height: 100%;\" src=\"https:\/\/rememberme-urns.com\/black-metal-urn-with-rose\/\" frameborder=\"0\"><\/iframe><\/div>\n<div style=\"color: red; text-align: center; margin-bottom: 25px;\">\n<p>&gt;&gt; Rotation de la photo &#8211; appuyer\/zoomer &lt;&lt;<\/p>\n<\/div>\n<h2 style=\"text-align: center;\">Urne fun\u00e9raire d\u00e9corative en m\u00e9tal noir<\/h2>\n<p style=\"text-align: center;\">D\u00e9couvrez notre magnifique <strong>Urne fun\u00e9raire d\u00e9corative en m\u00e9tal noir<\/strong>, une mani\u00e8re belle et \u00e9l\u00e9gante d\u2019honorer la m\u00e9moire de votre \u00eatre cher. Cette urne est fabriqu\u00e9e en m\u00e9tal de haute qualit\u00e9, garantissant durabilit\u00e9 et long\u00e9vit\u00e9, et arbore une rose ou une croix dor\u00e9e frappante sur le devant.<\/p>\n<p style=\"text-align: center;\">La rose ou la croix dor\u00e9e ajoute une touche d\u2019\u00e9l\u00e9gance et de beaut\u00e9 \u00e0 l\u2019urne, et sert de symbole de l\u2019amour et de la foi qu\u2019incarnait votre \u00eatre cher. Le m\u00e9tal noir offre un look classique et intemporel qui s\u2019int\u00e9grera parfaitement \u00e0 tout d\u00e9cor int\u00e9rieur.<\/p>\n<p style=\"text-align: center;\">En touche suppl\u00e9mentaire, nous proposons une plaque comm\u00e9morative dor\u00e9e s\u00e9par\u00e9e qui repose sur du plexiglas. Cette plaque peut \u00eatre personnalis\u00e9e avec le nom de votre \u00eatre cher, ses dates, et un message ou une citation sp\u00e9ciale. Elle constitue un hommage magnifique et durable \u00e0 la vie et \u00e0 l\u2019h\u00e9ritage de votre \u00eatre cher.<\/p>\n<p style=\"text-align: center;\">L\u2019urne est con\u00e7ue pour contenir les cendres de votre \u00eatre cher de mani\u00e8re s\u00e9curis\u00e9e et discr\u00e8te, avec un couvercle viss\u00e9 qui garantit que les cendres restent en s\u00e9curit\u00e9 et prot\u00e9g\u00e9es. L\u2019urne a une capacit\u00e9 de 200 pouces cubes, ce qui la rend adapt\u00e9e \u00e0 la plupart des restes d\u2019adultes.<\/p>\n<p style=\"text-align: center;\">Dans l\u2019ensemble, notre Urne fun\u00e9raire d\u00e9corative en m\u00e9tal noir est une mani\u00e8re belle et intemporelle d\u2019honorer la m\u00e9moire de votre \u00eatre cher. Son design \u00e9l\u00e9gant et sa plaque personnalis\u00e9e en font un hommage appropri\u00e9 \u00e0 leur vie et \u00e0 leur h\u00e9ritage, et un rappel durable de l\u2019amour et de la foi qu\u2019ils ont apport\u00e9s au monde.<\/p>\n<p>&nbsp;<\/p>\n<h3 style=\"text-align: center;\"><strong>PERSONNALISATION<\/strong><\/h3>\n<p style=\"text-align: center;\">Si vous choisissez une plaque personnalis\u00e9e, veuillez soumettre du texte dans le cadre de personnalisation du produit.<\/p>\n<p style=\"text-align: center;\">La plaque comm\u00e9morative personnalis\u00e9e doit \u00eatre personnalis\u00e9e lors de votre commande. (Pas de panique si vous la manquez ; vous pouvez toujours nous contacter ult\u00e9rieurement.)<\/p>\n<p style=\"text-align: center;\">Veuillez examiner attentivement le texte \u00e0 graver avant d&rsquo;ajouter l&rsquo;article au panier. Nous reproduisons et gravons les informations exactes re\u00e7ues lors de la commande et n&rsquo;y apportons aucune modification.<\/p>\n<p style=\"text-align: center;\"><strong>Veuillez revoir le texte pour vous assurer que toutes les orthographes sont correctes.<\/strong><\/p>\n<p><img loading=\"lazy\" decoding=\"async\" class=\"wp-image-698 aligncenter\" src=\"http:\/\/www.rememberme-forever.com\/wp-content\/uploads\/2023\/03\/gold-plaque-urn-295x300.jpg\" alt=\"Urne avec plaque dor\u00e9e\" width=\"206\" height=\"209\" srcset=\"https:\/\/www.rememberme-forever.com\/wp-content\/uploads\/2023\/03\/gold-plaque-urn-295x300.jpg 295w, https:\/\/www.rememberme-forever.com\/wp-content\/uploads\/2023\/03\/gold-plaque-urn-600x610.jpg 600w, https:\/\/www.rememberme-forever.com\/wp-content\/uploads\/2023\/03\/gold-plaque-urn-100x100.jpg 100w, https:\/\/www.rememberme-forever.com\/wp-content\/uploads\/2023\/03\/gold-plaque-urn-64x65.jpg 64w, https:\/\/www.rememberme-forever.com\/wp-content\/uploads\/2023\/03\/gold-plaque-urn.jpg 768w\" sizes=\"auto, (max-width: 206px) 100vw, 206px\" \/><\/p>\n<p>&nbsp;<\/p>\n<p style=\"text-align: center;\"><strong><em>La plaque comm\u00e9morative sera ajout\u00e9e s\u00e9par\u00e9ment avec le support, comme sur la photo.<\/em><\/strong><\/p>\n<p style=\"text-align: center;\"><strong><em>(Le support de la plaque comm\u00e9morative est en plexiglas transparent.)<\/em><\/strong><\/p>\n","protected":false},"excerpt":{"rendered":"<p>Urne d\u00e9corative noire pour cendres<\/p>\n<p><strong><em>Cette urne peut contenir les cendres de la plupart des adultes (jusqu\u2019\u00e0 124 kg).<\/p>\n<p><\/em><\/strong><\/p>\n","protected":false},"featured_media":25739,"template":"","meta":{"_acf_changed":false},"product_brand":[],"product_cat":[2415],"product_tag":[3338],"class_list":{"0":"post-25784","1":"product","2":"type-product","3":"status-publish","4":"has-post-thumbnail","6":"product_cat-urnes-en-metal","7":"product_tag-gpsr-metal-urns","8":"product_shipping_class-1-2-kg-fr","10":"first","11":"instock","12":"taxable","13":"shipping-taxable","14":"purchasable","15":"product-type-variable"},"yoast_head":"<!-- This site is optimized with the Yoast SEO plugin v27.4 - https:\/\/yoast.com\/product\/yoast-seo-wordpress\/ -->\n<title>Urne fun\u00e9raire d\u00e9corative en m\u00e9tal noir<\/title>\n<meta name=\"description\" content=\"D\u00e9couvrez notre magnifique Urne fun\u00e9raire d\u00e9corative en m\u00e9tal noir, une mani\u00e8re belle et \u00e9l\u00e9gante d\u2019honorer la m\u00e9moire de votre \u00eatre cher.\" \/>\n<meta name=\"robots\" content=\"index, follow, max-snippet:-1, max-image-preview:large, max-video-preview:-1\" \/>\n<link rel=\"canonical\" href=\"https:\/\/www.rememberme-forever.com\/fr\/produit\/urne-funeraire-decorative-en-metal-noir\/\" \/>\n<meta property=\"og:locale\" content=\"fr_FR\" \/>\n<meta property=\"og:type\" content=\"article\" \/>\n<meta property=\"og:title\" content=\"Urne fun\u00e9raire d\u00e9corative en m\u00e9tal noir\" \/>\n<meta property=\"og:description\" content=\"D\u00e9couvrez notre magnifique Urne fun\u00e9raire d\u00e9corative en m\u00e9tal noir, une mani\u00e8re belle et \u00e9l\u00e9gante d\u2019honorer la m\u00e9moire de votre \u00eatre cher.\" \/>\n<meta property=\"og:url\" content=\"https:\/\/www.rememberme-forever.com\/fr\/produit\/urne-funeraire-decorative-en-metal-noir\/\" \/>\n<meta property=\"og:site_name\" content=\"Remember Forever\" \/>\n<meta property=\"article:modified_time\" content=\"2026-02-20T09:20:23+00:00\" \/>\n<meta property=\"og:image\" content=\"http:\/\/www.rememberme-forever.com\/wp-content\/uploads\/2023\/04\/Decorative-black-metal-urn.jpg\" \/>\n\t<meta property=\"og:image:width\" content=\"768\" \/>\n\t<meta property=\"og:image:height\" content=\"781\" \/>\n\t<meta property=\"og:image:type\" content=\"image\/jpeg\" \/>\n<meta name=\"twitter:card\" content=\"summary_large_image\" \/>\n<meta name=\"twitter:label1\" content=\"Dur\u00e9e de lecture estim\u00e9e\" \/>\n\t<meta name=\"twitter:data1\" content=\"3 minutes\" \/>\n<script type=\"application\/ld+json\" class=\"yoast-schema-graph\">{\"@context\":\"https:\\\/\\\/schema.org\",\"@graph\":[{\"@type\":\"WebPage\",\"@id\":\"https:\\\/\\\/www.rememberme-forever.com\\\/fr\\\/produit\\\/urne-funeraire-decorative-en-metal-noir\\\/\",\"url\":\"https:\\\/\\\/www.rememberme-forever.com\\\/fr\\\/produit\\\/urne-funeraire-decorative-en-metal-noir\\\/\",\"name\":\"Urne fun\u00e9raire d\u00e9corative en m\u00e9tal noir\",\"isPartOf\":{\"@id\":\"https:\\\/\\\/www.rememberme-forever.com\\\/fr\\\/#website\"},\"primaryImageOfPage\":{\"@id\":\"https:\\\/\\\/www.rememberme-forever.com\\\/fr\\\/produit\\\/urne-funeraire-decorative-en-metal-noir\\\/#primaryimage\"},\"image\":{\"@id\":\"https:\\\/\\\/www.rememberme-forever.com\\\/fr\\\/produit\\\/urne-funeraire-decorative-en-metal-noir\\\/#primaryimage\"},\"thumbnailUrl\":\"https:\\\/\\\/www.rememberme-forever.com\\\/wp-content\\\/uploads\\\/2023\\\/04\\\/Decorative-black-metal-urn.jpg\",\"datePublished\":\"2023-04-13T07:59:59+00:00\",\"dateModified\":\"2026-02-20T09:20:23+00:00\",\"description\":\"D\u00e9couvrez notre magnifique Urne fun\u00e9raire d\u00e9corative en m\u00e9tal noir, une mani\u00e8re belle et \u00e9l\u00e9gante d\u2019honorer la m\u00e9moire de votre \u00eatre cher.\",\"breadcrumb\":{\"@id\":\"https:\\\/\\\/www.rememberme-forever.com\\\/fr\\\/produit\\\/urne-funeraire-decorative-en-metal-noir\\\/#breadcrumb\"},\"inLanguage\":\"fr-FR\",\"potentialAction\":[{\"@type\":\"ReadAction\",\"target\":[\"https:\\\/\\\/www.rememberme-forever.com\\\/fr\\\/produit\\\/urne-funeraire-decorative-en-metal-noir\\\/\"]}]},{\"@type\":\"ImageObject\",\"inLanguage\":\"fr-FR\",\"@id\":\"https:\\\/\\\/www.rememberme-forever.com\\\/fr\\\/produit\\\/urne-funeraire-decorative-en-metal-noir\\\/#primaryimage\",\"url\":\"https:\\\/\\\/www.rememberme-forever.com\\\/wp-content\\\/uploads\\\/2023\\\/04\\\/Decorative-black-metal-urn.jpg\",\"contentUrl\":\"https:\\\/\\\/www.rememberme-forever.com\\\/wp-content\\\/uploads\\\/2023\\\/04\\\/Decorative-black-metal-urn.jpg\",\"width\":768,\"height\":781,\"caption\":\"Urne d\u00e9corative en m\u00e9tal noir\"},{\"@type\":\"BreadcrumbList\",\"@id\":\"https:\\\/\\\/www.rememberme-forever.com\\\/fr\\\/produit\\\/urne-funeraire-decorative-en-metal-noir\\\/#breadcrumb\",\"itemListElement\":[{\"@type\":\"ListItem\",\"position\":1,\"name\":\"Home\",\"item\":\"https:\\\/\\\/www.rememberme-forever.com\\\/fr\\\/accueil\\\/\"},{\"@type\":\"ListItem\",\"position\":2,\"name\":\"Boutique\",\"item\":\"https:\\\/\\\/www.rememberme-forever.com\\\/fr\\\/boutique\\\/\"},{\"@type\":\"ListItem\",\"position\":3,\"name\":\"Urne fun\u00e9raire d\u00e9corative en m\u00e9tal noir\"}]},{\"@type\":\"WebSite\",\"@id\":\"https:\\\/\\\/www.rememberme-forever.com\\\/fr\\\/#website\",\"url\":\"https:\\\/\\\/www.rememberme-forever.com\\\/fr\\\/\",\"name\":\"Remember Forever\",\"description\":\"Cremation urns, funeral urns, urns for ashes\",\"publisher\":{\"@id\":\"https:\\\/\\\/www.rememberme-forever.com\\\/fr\\\/#organization\"},\"potentialAction\":[{\"@type\":\"SearchAction\",\"target\":{\"@type\":\"EntryPoint\",\"urlTemplate\":\"https:\\\/\\\/www.rememberme-forever.com\\\/fr\\\/?s={search_term_string}\"},\"query-input\":{\"@type\":\"PropertyValueSpecification\",\"valueRequired\":true,\"valueName\":\"search_term_string\"}}],\"inLanguage\":\"fr-FR\"},{\"@type\":\"Organization\",\"@id\":\"https:\\\/\\\/www.rememberme-forever.com\\\/fr\\\/#organization\",\"name\":\"Remember Forever\",\"url\":\"https:\\\/\\\/www.rememberme-forever.com\\\/fr\\\/\",\"logo\":{\"@type\":\"ImageObject\",\"inLanguage\":\"fr-FR\",\"@id\":\"https:\\\/\\\/www.rememberme-forever.com\\\/fr\\\/#\\\/schema\\\/logo\\\/image\\\/\",\"url\":\"https:\\\/\\\/www.rememberme-forever.com\\\/wp-content\\\/uploads\\\/2023\\\/02\\\/logo.png\",\"contentUrl\":\"https:\\\/\\\/www.rememberme-forever.com\\\/wp-content\\\/uploads\\\/2023\\\/02\\\/logo.png\",\"width\":300,\"height\":56,\"caption\":\"Remember Forever\"},\"image\":{\"@id\":\"https:\\\/\\\/www.rememberme-forever.com\\\/fr\\\/#\\\/schema\\\/logo\\\/image\\\/\"}}]}<\/script>\n<!-- \/ Yoast SEO plugin. -->","yoast_head_json":{"title":"Urne fun\u00e9raire d\u00e9corative en m\u00e9tal noir","description":"D\u00e9couvrez notre magnifique Urne fun\u00e9raire d\u00e9corative en m\u00e9tal noir, une mani\u00e8re belle et \u00e9l\u00e9gante d\u2019honorer la m\u00e9moire de votre \u00eatre cher.","robots":{"index":"index","follow":"follow","max-snippet":"max-snippet:-1","max-image-preview":"max-image-preview:large","max-video-preview":"max-video-preview:-1"},"canonical":"https:\/\/www.rememberme-forever.com\/fr\/produit\/urne-funeraire-decorative-en-metal-noir\/","og_locale":"fr_FR","og_type":"article","og_title":"Urne fun\u00e9raire d\u00e9corative en m\u00e9tal noir","og_description":"D\u00e9couvrez notre magnifique Urne fun\u00e9raire d\u00e9corative en m\u00e9tal noir, une mani\u00e8re belle et \u00e9l\u00e9gante d\u2019honorer la m\u00e9moire de votre \u00eatre cher.","og_url":"https:\/\/www.rememberme-forever.com\/fr\/produit\/urne-funeraire-decorative-en-metal-noir\/","og_site_name":"Remember Forever","article_modified_time":"2026-02-20T09:20:23+00:00","og_image":[{"width":768,"height":781,"url":"http:\/\/www.rememberme-forever.com\/wp-content\/uploads\/2023\/04\/Decorative-black-metal-urn.jpg","type":"image\/jpeg"}],"twitter_card":"summary_large_image","twitter_misc":{"Dur\u00e9e de lecture estim\u00e9e":"3 minutes"},"schema":{"@context":"https:\/\/schema.org","@graph":[{"@type":"WebPage","@id":"https:\/\/www.rememberme-forever.com\/fr\/produit\/urne-funeraire-decorative-en-metal-noir\/","url":"https:\/\/www.rememberme-forever.com\/fr\/produit\/urne-funeraire-decorative-en-metal-noir\/","name":"Urne fun\u00e9raire d\u00e9corative en m\u00e9tal noir","isPartOf":{"@id":"https:\/\/www.rememberme-forever.com\/fr\/#website"},"primaryImageOfPage":{"@id":"https:\/\/www.rememberme-forever.com\/fr\/produit\/urne-funeraire-decorative-en-metal-noir\/#primaryimage"},"image":{"@id":"https:\/\/www.rememberme-forever.com\/fr\/produit\/urne-funeraire-decorative-en-metal-noir\/#primaryimage"},"thumbnailUrl":"https:\/\/www.rememberme-forever.com\/wp-content\/uploads\/2023\/04\/Decorative-black-metal-urn.jpg","datePublished":"2023-04-13T07:59:59+00:00","dateModified":"2026-02-20T09:20:23+00:00","description":"D\u00e9couvrez notre magnifique Urne fun\u00e9raire d\u00e9corative en m\u00e9tal noir, une mani\u00e8re belle et \u00e9l\u00e9gante d\u2019honorer la m\u00e9moire de votre \u00eatre cher.","breadcrumb":{"@id":"https:\/\/www.rememberme-forever.com\/fr\/produit\/urne-funeraire-decorative-en-metal-noir\/#breadcrumb"},"inLanguage":"fr-FR","potentialAction":[{"@type":"ReadAction","target":["https:\/\/www.rememberme-forever.com\/fr\/produit\/urne-funeraire-decorative-en-metal-noir\/"]}]},{"@type":"ImageObject","inLanguage":"fr-FR","@id":"https:\/\/www.rememberme-forever.com\/fr\/produit\/urne-funeraire-decorative-en-metal-noir\/#primaryimage","url":"https:\/\/www.rememberme-forever.com\/wp-content\/uploads\/2023\/04\/Decorative-black-metal-urn.jpg","contentUrl":"https:\/\/www.rememberme-forever.com\/wp-content\/uploads\/2023\/04\/Decorative-black-metal-urn.jpg","width":768,"height":781,"caption":"Urne d\u00e9corative en m\u00e9tal noir"},{"@type":"BreadcrumbList","@id":"https:\/\/www.rememberme-forever.com\/fr\/produit\/urne-funeraire-decorative-en-metal-noir\/#breadcrumb","itemListElement":[{"@type":"ListItem","position":1,"name":"Home","item":"https:\/\/www.rememberme-forever.com\/fr\/accueil\/"},{"@type":"ListItem","position":2,"name":"Boutique","item":"https:\/\/www.rememberme-forever.com\/fr\/boutique\/"},{"@type":"ListItem","position":3,"name":"Urne fun\u00e9raire d\u00e9corative en m\u00e9tal noir"}]},{"@type":"WebSite","@id":"https:\/\/www.rememberme-forever.com\/fr\/#website","url":"https:\/\/www.rememberme-forever.com\/fr\/","name":"Remember Forever","description":"Cremation urns, funeral urns, urns for ashes","publisher":{"@id":"https:\/\/www.rememberme-forever.com\/fr\/#organization"},"potentialAction":[{"@type":"SearchAction","target":{"@type":"EntryPoint","urlTemplate":"https:\/\/www.rememberme-forever.com\/fr\/?s={search_term_string}"},"query-input":{"@type":"PropertyValueSpecification","valueRequired":true,"valueName":"search_term_string"}}],"inLanguage":"fr-FR"},{"@type":"Organization","@id":"https:\/\/www.rememberme-forever.com\/fr\/#organization","name":"Remember Forever","url":"https:\/\/www.rememberme-forever.com\/fr\/","logo":{"@type":"ImageObject","inLanguage":"fr-FR","@id":"https:\/\/www.rememberme-forever.com\/fr\/#\/schema\/logo\/image\/","url":"https:\/\/www.rememberme-forever.com\/wp-content\/uploads\/2023\/02\/logo.png","contentUrl":"https:\/\/www.rememberme-forever.com\/wp-content\/uploads\/2023\/02\/logo.png","width":300,"height":56,"caption":"Remember Forever"},"image":{"@id":"https:\/\/www.rememberme-forever.com\/fr\/#\/schema\/logo\/image\/"}}]}},"acf":[],"_links":{"self":[{"href":"https:\/\/www.rememberme-forever.com\/fr\/wp-json\/wp\/v2\/product\/25784","targetHints":{"allow":["GET"]}}],"collection":[{"href":"https:\/\/www.rememberme-forever.com\/fr\/wp-json\/wp\/v2\/product"}],"about":[{"href":"https:\/\/www.rememberme-forever.com\/fr\/wp-json\/wp\/v2\/types\/product"}],"wp:featuredmedia":[{"embeddable":true,"href":"https:\/\/www.rememberme-forever.com\/fr\/wp-json\/wp\/v2\/media\/25739"}],"wp:attachment":[{"href":"https:\/\/www.rememberme-forever.com\/fr\/wp-json\/wp\/v2\/media?parent=25784"}],"wp:term":[{"taxonomy":"product_brand","embeddable":true,"href":"https:\/\/www.rememberme-forever.com\/fr\/wp-json\/wp\/v2\/product_brand?post=25784"},{"taxonomy":"product_cat","embeddable":true,"href":"https:\/\/www.rememberme-forever.com\/fr\/wp-json\/wp\/v2\/product_cat?post=25784"},{"taxonomy":"product_tag","embeddable":true,"href":"https:\/\/www.rememberme-forever.com\/fr\/wp-json\/wp\/v2\/product_tag?post=25784"}],"curies":[{"name":"wp","href":"https:\/\/api.w.org\/{rel}","templated":true}]}}