{"id":25882,"date":"2023-04-14T10:25:57","date_gmt":"2023-04-14T08:25:57","guid":{"rendered":"https:\/\/www.rememberme-forever.com\/product\/urne-blanche-pour-enfant-en-bois\/"},"modified":"2026-02-20T11:24:00","modified_gmt":"2026-02-20T10:24:00","slug":"urne-blanche-pour-enfant-en-bois","status":"publish","type":"product","link":"https:\/\/www.rememberme-forever.com\/fr\/produit\/urne-blanche-pour-enfant-en-bois\/","title":{"rendered":"Urne blanche pour enfant en bois"},"content":{"rendered":"<div style=\"width: 100%; margin-bottom: 30px; height: max-content; padding-bottom: 60%; position: relative;\"><iframe style=\"position: absolute; top: 0; left: 0; width: 100%; height: 100%;\" src=\"https:\/\/rememberme-urns.com\/white-wooden-child-urn\/\" frameborder=\"0\"><\/iframe><\/div>\n<div style=\"color: red; text-align: center; margin-bottom: 25px;\">\n<p>&gt;&gt; Rotation de la photo &#8211; appuyer\/zoomer &lt;&lt;<\/p>\n<\/div>\n<h2 style=\"text-align: center;\">Urne blanche pour enfant<\/h2>\n<p style=\"text-align: center;\">D\u00e9couvrez notre magnifique <strong>urne blanche pour enfant<\/strong> avec trois c\u0153urs argent\u00e9s, un hommage \u00e9l\u00e9gant et plein d\u2019\u00e9motion \u00e0 votre petit \u00eatre cher.<\/p>\n<p style=\"text-align: center;\">Con\u00e7ue avec le plus grand soin et une attention particuli\u00e8re aux d\u00e9tails, cette superbe urne est orn\u00e9e de trois c\u0153urs argent\u00e9s finement travaill\u00e9s, symboles de l\u2019amour \u00e9ternel que vous portez \u00e0 votre enfant bien-aim\u00e9. Sa finition blanche immacul\u00e9e \u00e9voque la puret\u00e9 et l\u2019innocence, et repr\u00e9sente l\u2019esprit \u00e9ternel de votre pr\u00e9cieux enfant.<\/p>\n<p style=\"text-align: center;\">Pour rendre cette urne encore plus sp\u00e9ciale, il est possible d\u2019ajouter une plaque comm\u00e9morative personnalis\u00e9e sur l\u2019avant. C\u2019est la mani\u00e8re id\u00e9ale de rendre hommage \u00e0 votre enfant et de faire vivre sa m\u00e9moire pendant des ann\u00e9es.<\/p>\n<p style=\"text-align: center;\">L\u2019urne est dot\u00e9e d\u2019une ouverture par vis au fond, offrant une fermeture s\u00fbre et discr\u00e8te, afin que les cendres de votre enfant soient prot\u00e9g\u00e9es et pr\u00e9cieusement conserv\u00e9es.<\/p>\n<p style=\"text-align: center;\">Cette urne est parfaitement dimensionn\u00e9e pour contenir les cendres de votre enfant. Qu\u2019elle soit expos\u00e9e sur une chemin\u00e9e ou plac\u00e9e dans un endroit particulier, elle constitue une fa\u00e7on belle et pleine de sens d\u2019honorer la m\u00e9moire de votre pr\u00e9cieux enfant.<\/p>\n<p style=\"text-align: center;\">Dans les moments de deuil, il est important de disposer d\u2019un souvenir tangible de l\u2019amour et des moments partag\u00e9s avec l\u2019\u00eatre cher. Cette urne blanche avec trois c\u0153urs argent\u00e9s est une mani\u00e8re unique et \u00e9l\u00e9gante de garder la m\u00e9moire de votre enfant pr\u00e8s de votre c\u0153ur.<\/p>\n<p>&nbsp;<\/p>\n<h3 style=\"text-align: center;\"><strong>PERSONNALISATION<\/strong><\/h3>\n<p style=\"text-align: center;\">Si vous choisissez une plaque personnalis\u00e9e, veuillez soumettre du texte dans le cadre de personnalisation du produit.<\/p>\n<p style=\"text-align: center;\">La plaque comm\u00e9morative personnalis\u00e9e doit \u00eatre personnalis\u00e9e lors de votre commande. (Pas de panique si vous la manquez ; vous pouvez toujours nous contacter ult\u00e9rieurement.)<\/p>\n<p style=\"text-align: center;\">Veuillez examiner attentivement le texte \u00e0 graver avant d&rsquo;ajouter l&rsquo;article au panier. Nous reproduisons et gravons les informations exactes re\u00e7ues lors de la commande et n&rsquo;y apportons aucune modification.<\/p>\n<p style=\"text-align: center;\"><strong>Veuillez revoir le texte pour vous assurer que toutes les orthographes sont correctes.<\/strong><\/p>\n<p>&nbsp;<\/p>\n<p><img loading=\"lazy\" decoding=\"async\" class=\" wp-image-1449 aligncenter\" src=\"http:\/\/www.rememberme-forever.com\/wp-content\/uploads\/2023\/04\/memorial-plaque-cremation-urn-silver-300x153.jpg\" alt=\"Plaque comm\u00e9morative pour urne fun\u00e9raire en argent\" width=\"249\" height=\"127\" srcset=\"https:\/\/www.rememberme-forever.com\/wp-content\/uploads\/2023\/04\/memorial-plaque-cremation-urn-silver-300x153.jpg 300w, https:\/\/www.rememberme-forever.com\/wp-content\/uploads\/2023\/04\/memorial-plaque-cremation-urn-silver-64x33.jpg 64w, https:\/\/www.rememberme-forever.com\/wp-content\/uploads\/2023\/04\/memorial-plaque-cremation-urn-silver.jpg 448w\" sizes=\"auto, (max-width: 249px) 100vw, 249px\" \/><\/p>\n<p style=\"text-align: center;\">\n","protected":false},"excerpt":{"rendered":"<p><strong>Bo\u00eete urne unique pour enfant.<\/strong><\/p>\n<p><em><strong>Convient pour contenir les cendres d\u2019un enfant d\u2019un poids corporel allant jusqu\u2019\u00e0 env. 79 lbs ou 35Kg. <\/strong><\/em><\/p>\n","protected":false},"featured_media":25847,"template":"","meta":{"_acf_changed":false},"product_brand":[],"product_cat":[2409],"product_tag":[3304],"class_list":{"0":"post-25882","1":"product","2":"type-product","3":"status-publish","4":"has-post-thumbnail","6":"product_cat-urnes-pour-enfants","7":"product_tag-gpsr-all-wood-urns","8":"product_shipping_class-1-2-kg-fr","10":"first","11":"instock","12":"taxable","13":"shipping-taxable","14":"purchasable","15":"product-type-simple"},"yoast_head":"<!-- This site is optimized with the Yoast SEO plugin v27.4 - https:\/\/yoast.com\/product\/yoast-seo-wordpress\/ -->\n<title>Urne blanche pour enfant en bois<\/title>\n<meta name=\"description\" content=\"D\u00e9couvrez notre magnifique urne blanche pour enfant avec trois c\u0153urs argent\u00e9s, un hommage \u00e9l\u00e9gant et plein d\u2019\u00e9motion \u00e0 votre petit \u00eatre cher.\" \/>\n<meta name=\"robots\" content=\"index, follow, max-snippet:-1, max-image-preview:large, max-video-preview:-1\" \/>\n<link rel=\"canonical\" href=\"https:\/\/www.rememberme-forever.com\/fr\/produit\/urne-blanche-pour-enfant-en-bois\/\" \/>\n<meta property=\"og:locale\" content=\"fr_FR\" \/>\n<meta property=\"og:type\" content=\"article\" \/>\n<meta property=\"og:title\" content=\"Urne blanche pour enfant en bois\" \/>\n<meta property=\"og:description\" content=\"D\u00e9couvrez notre magnifique urne blanche pour enfant avec trois c\u0153urs argent\u00e9s, un hommage \u00e9l\u00e9gant et plein d\u2019\u00e9motion \u00e0 votre petit \u00eatre cher.\" \/>\n<meta property=\"og:url\" content=\"https:\/\/www.rememberme-forever.com\/fr\/produit\/urne-blanche-pour-enfant-en-bois\/\" \/>\n<meta property=\"og:site_name\" content=\"Remember Forever\" \/>\n<meta property=\"article:modified_time\" content=\"2026-02-20T10:24:00+00:00\" \/>\n<meta property=\"og:image\" content=\"http:\/\/www.rememberme-forever.com\/wp-content\/uploads\/2023\/04\/white-urn-for-child.jpg\" \/>\n\t<meta property=\"og:image:width\" content=\"1007\" \/>\n\t<meta property=\"og:image:height\" content=\"1024\" \/>\n\t<meta property=\"og:image:type\" content=\"image\/jpeg\" \/>\n<meta name=\"twitter:card\" content=\"summary_large_image\" \/>\n<meta name=\"twitter:label1\" content=\"Dur\u00e9e de lecture estim\u00e9e\" \/>\n\t<meta name=\"twitter:data1\" content=\"2 minutes\" \/>\n<script type=\"application\/ld+json\" class=\"yoast-schema-graph\">{\"@context\":\"https:\\\/\\\/schema.org\",\"@graph\":[{\"@type\":\"WebPage\",\"@id\":\"https:\\\/\\\/www.rememberme-forever.com\\\/fr\\\/produit\\\/urne-blanche-pour-enfant-en-bois\\\/\",\"url\":\"https:\\\/\\\/www.rememberme-forever.com\\\/fr\\\/produit\\\/urne-blanche-pour-enfant-en-bois\\\/\",\"name\":\"Urne blanche pour enfant en bois\",\"isPartOf\":{\"@id\":\"https:\\\/\\\/www.rememberme-forever.com\\\/fr\\\/#website\"},\"primaryImageOfPage\":{\"@id\":\"https:\\\/\\\/www.rememberme-forever.com\\\/fr\\\/produit\\\/urne-blanche-pour-enfant-en-bois\\\/#primaryimage\"},\"image\":{\"@id\":\"https:\\\/\\\/www.rememberme-forever.com\\\/fr\\\/produit\\\/urne-blanche-pour-enfant-en-bois\\\/#primaryimage\"},\"thumbnailUrl\":\"https:\\\/\\\/www.rememberme-forever.com\\\/wp-content\\\/uploads\\\/2023\\\/04\\\/white-urn-for-child.jpg\",\"datePublished\":\"2023-04-14T08:25:57+00:00\",\"dateModified\":\"2026-02-20T10:24:00+00:00\",\"description\":\"D\u00e9couvrez notre magnifique urne blanche pour enfant avec trois c\u0153urs argent\u00e9s, un hommage \u00e9l\u00e9gant et plein d\u2019\u00e9motion \u00e0 votre petit \u00eatre cher.\",\"breadcrumb\":{\"@id\":\"https:\\\/\\\/www.rememberme-forever.com\\\/fr\\\/produit\\\/urne-blanche-pour-enfant-en-bois\\\/#breadcrumb\"},\"inLanguage\":\"fr-FR\",\"potentialAction\":[{\"@type\":\"ReadAction\",\"target\":[\"https:\\\/\\\/www.rememberme-forever.com\\\/fr\\\/produit\\\/urne-blanche-pour-enfant-en-bois\\\/\"]}]},{\"@type\":\"ImageObject\",\"inLanguage\":\"fr-FR\",\"@id\":\"https:\\\/\\\/www.rememberme-forever.com\\\/fr\\\/produit\\\/urne-blanche-pour-enfant-en-bois\\\/#primaryimage\",\"url\":\"https:\\\/\\\/www.rememberme-forever.com\\\/wp-content\\\/uploads\\\/2023\\\/04\\\/white-urn-for-child.jpg\",\"contentUrl\":\"https:\\\/\\\/www.rememberme-forever.com\\\/wp-content\\\/uploads\\\/2023\\\/04\\\/white-urn-for-child.jpg\",\"width\":1007,\"height\":1024,\"caption\":\"urne blanche pour enfant\"},{\"@type\":\"BreadcrumbList\",\"@id\":\"https:\\\/\\\/www.rememberme-forever.com\\\/fr\\\/produit\\\/urne-blanche-pour-enfant-en-bois\\\/#breadcrumb\",\"itemListElement\":[{\"@type\":\"ListItem\",\"position\":1,\"name\":\"Home\",\"item\":\"https:\\\/\\\/www.rememberme-forever.com\\\/fr\\\/accueil\\\/\"},{\"@type\":\"ListItem\",\"position\":2,\"name\":\"Boutique\",\"item\":\"https:\\\/\\\/www.rememberme-forever.com\\\/fr\\\/boutique\\\/\"},{\"@type\":\"ListItem\",\"position\":3,\"name\":\"Urne blanche pour enfant en bois\"}]},{\"@type\":\"WebSite\",\"@id\":\"https:\\\/\\\/www.rememberme-forever.com\\\/fr\\\/#website\",\"url\":\"https:\\\/\\\/www.rememberme-forever.com\\\/fr\\\/\",\"name\":\"Remember Forever\",\"description\":\"Cremation urns, funeral urns, urns for ashes\",\"publisher\":{\"@id\":\"https:\\\/\\\/www.rememberme-forever.com\\\/fr\\\/#organization\"},\"potentialAction\":[{\"@type\":\"SearchAction\",\"target\":{\"@type\":\"EntryPoint\",\"urlTemplate\":\"https:\\\/\\\/www.rememberme-forever.com\\\/fr\\\/?s={search_term_string}\"},\"query-input\":{\"@type\":\"PropertyValueSpecification\",\"valueRequired\":true,\"valueName\":\"search_term_string\"}}],\"inLanguage\":\"fr-FR\"},{\"@type\":\"Organization\",\"@id\":\"https:\\\/\\\/www.rememberme-forever.com\\\/fr\\\/#organization\",\"name\":\"Remember Forever\",\"url\":\"https:\\\/\\\/www.rememberme-forever.com\\\/fr\\\/\",\"logo\":{\"@type\":\"ImageObject\",\"inLanguage\":\"fr-FR\",\"@id\":\"https:\\\/\\\/www.rememberme-forever.com\\\/fr\\\/#\\\/schema\\\/logo\\\/image\\\/\",\"url\":\"https:\\\/\\\/www.rememberme-forever.com\\\/wp-content\\\/uploads\\\/2023\\\/02\\\/logo.png\",\"contentUrl\":\"https:\\\/\\\/www.rememberme-forever.com\\\/wp-content\\\/uploads\\\/2023\\\/02\\\/logo.png\",\"width\":300,\"height\":56,\"caption\":\"Remember Forever\"},\"image\":{\"@id\":\"https:\\\/\\\/www.rememberme-forever.com\\\/fr\\\/#\\\/schema\\\/logo\\\/image\\\/\"}}]}<\/script>\n<!-- \/ Yoast SEO plugin. -->","yoast_head_json":{"title":"Urne blanche pour enfant en bois","description":"D\u00e9couvrez notre magnifique urne blanche pour enfant avec trois c\u0153urs argent\u00e9s, un hommage \u00e9l\u00e9gant et plein d\u2019\u00e9motion \u00e0 votre petit \u00eatre cher.","robots":{"index":"index","follow":"follow","max-snippet":"max-snippet:-1","max-image-preview":"max-image-preview:large","max-video-preview":"max-video-preview:-1"},"canonical":"https:\/\/www.rememberme-forever.com\/fr\/produit\/urne-blanche-pour-enfant-en-bois\/","og_locale":"fr_FR","og_type":"article","og_title":"Urne blanche pour enfant en bois","og_description":"D\u00e9couvrez notre magnifique urne blanche pour enfant avec trois c\u0153urs argent\u00e9s, un hommage \u00e9l\u00e9gant et plein d\u2019\u00e9motion \u00e0 votre petit \u00eatre cher.","og_url":"https:\/\/www.rememberme-forever.com\/fr\/produit\/urne-blanche-pour-enfant-en-bois\/","og_site_name":"Remember Forever","article_modified_time":"2026-02-20T10:24:00+00:00","og_image":[{"width":1007,"height":1024,"url":"http:\/\/www.rememberme-forever.com\/wp-content\/uploads\/2023\/04\/white-urn-for-child.jpg","type":"image\/jpeg"}],"twitter_card":"summary_large_image","twitter_misc":{"Dur\u00e9e de lecture estim\u00e9e":"2 minutes"},"schema":{"@context":"https:\/\/schema.org","@graph":[{"@type":"WebPage","@id":"https:\/\/www.rememberme-forever.com\/fr\/produit\/urne-blanche-pour-enfant-en-bois\/","url":"https:\/\/www.rememberme-forever.com\/fr\/produit\/urne-blanche-pour-enfant-en-bois\/","name":"Urne blanche pour enfant en bois","isPartOf":{"@id":"https:\/\/www.rememberme-forever.com\/fr\/#website"},"primaryImageOfPage":{"@id":"https:\/\/www.rememberme-forever.com\/fr\/produit\/urne-blanche-pour-enfant-en-bois\/#primaryimage"},"image":{"@id":"https:\/\/www.rememberme-forever.com\/fr\/produit\/urne-blanche-pour-enfant-en-bois\/#primaryimage"},"thumbnailUrl":"https:\/\/www.rememberme-forever.com\/wp-content\/uploads\/2023\/04\/white-urn-for-child.jpg","datePublished":"2023-04-14T08:25:57+00:00","dateModified":"2026-02-20T10:24:00+00:00","description":"D\u00e9couvrez notre magnifique urne blanche pour enfant avec trois c\u0153urs argent\u00e9s, un hommage \u00e9l\u00e9gant et plein d\u2019\u00e9motion \u00e0 votre petit \u00eatre cher.","breadcrumb":{"@id":"https:\/\/www.rememberme-forever.com\/fr\/produit\/urne-blanche-pour-enfant-en-bois\/#breadcrumb"},"inLanguage":"fr-FR","potentialAction":[{"@type":"ReadAction","target":["https:\/\/www.rememberme-forever.com\/fr\/produit\/urne-blanche-pour-enfant-en-bois\/"]}]},{"@type":"ImageObject","inLanguage":"fr-FR","@id":"https:\/\/www.rememberme-forever.com\/fr\/produit\/urne-blanche-pour-enfant-en-bois\/#primaryimage","url":"https:\/\/www.rememberme-forever.com\/wp-content\/uploads\/2023\/04\/white-urn-for-child.jpg","contentUrl":"https:\/\/www.rememberme-forever.com\/wp-content\/uploads\/2023\/04\/white-urn-for-child.jpg","width":1007,"height":1024,"caption":"urne blanche pour enfant"},{"@type":"BreadcrumbList","@id":"https:\/\/www.rememberme-forever.com\/fr\/produit\/urne-blanche-pour-enfant-en-bois\/#breadcrumb","itemListElement":[{"@type":"ListItem","position":1,"name":"Home","item":"https:\/\/www.rememberme-forever.com\/fr\/accueil\/"},{"@type":"ListItem","position":2,"name":"Boutique","item":"https:\/\/www.rememberme-forever.com\/fr\/boutique\/"},{"@type":"ListItem","position":3,"name":"Urne blanche pour enfant en bois"}]},{"@type":"WebSite","@id":"https:\/\/www.rememberme-forever.com\/fr\/#website","url":"https:\/\/www.rememberme-forever.com\/fr\/","name":"Remember Forever","description":"Cremation urns, funeral urns, urns for ashes","publisher":{"@id":"https:\/\/www.rememberme-forever.com\/fr\/#organization"},"potentialAction":[{"@type":"SearchAction","target":{"@type":"EntryPoint","urlTemplate":"https:\/\/www.rememberme-forever.com\/fr\/?s={search_term_string}"},"query-input":{"@type":"PropertyValueSpecification","valueRequired":true,"valueName":"search_term_string"}}],"inLanguage":"fr-FR"},{"@type":"Organization","@id":"https:\/\/www.rememberme-forever.com\/fr\/#organization","name":"Remember Forever","url":"https:\/\/www.rememberme-forever.com\/fr\/","logo":{"@type":"ImageObject","inLanguage":"fr-FR","@id":"https:\/\/www.rememberme-forever.com\/fr\/#\/schema\/logo\/image\/","url":"https:\/\/www.rememberme-forever.com\/wp-content\/uploads\/2023\/02\/logo.png","contentUrl":"https:\/\/www.rememberme-forever.com\/wp-content\/uploads\/2023\/02\/logo.png","width":300,"height":56,"caption":"Remember Forever"},"image":{"@id":"https:\/\/www.rememberme-forever.com\/fr\/#\/schema\/logo\/image\/"}}]}},"acf":[],"_links":{"self":[{"href":"https:\/\/www.rememberme-forever.com\/fr\/wp-json\/wp\/v2\/product\/25882","targetHints":{"allow":["GET"]}}],"collection":[{"href":"https:\/\/www.rememberme-forever.com\/fr\/wp-json\/wp\/v2\/product"}],"about":[{"href":"https:\/\/www.rememberme-forever.com\/fr\/wp-json\/wp\/v2\/types\/product"}],"wp:featuredmedia":[{"embeddable":true,"href":"https:\/\/www.rememberme-forever.com\/fr\/wp-json\/wp\/v2\/media\/25847"}],"wp:attachment":[{"href":"https:\/\/www.rememberme-forever.com\/fr\/wp-json\/wp\/v2\/media?parent=25882"}],"wp:term":[{"taxonomy":"product_brand","embeddable":true,"href":"https:\/\/www.rememberme-forever.com\/fr\/wp-json\/wp\/v2\/product_brand?post=25882"},{"taxonomy":"product_cat","embeddable":true,"href":"https:\/\/www.rememberme-forever.com\/fr\/wp-json\/wp\/v2\/product_cat?post=25882"},{"taxonomy":"product_tag","embeddable":true,"href":"https:\/\/www.rememberme-forever.com\/fr\/wp-json\/wp\/v2\/product_tag?post=25882"}],"curies":[{"name":"wp","href":"https:\/\/api.w.org\/{rel}","templated":true}]}}