{"id":25941,"date":"2023-04-14T13:17:52","date_gmt":"2023-04-14T11:17:52","guid":{"rendered":"https:\/\/www.rememberme-forever.com\/product\/urne-en-bois-avec-coeurs\/"},"modified":"2026-02-20T13:36:28","modified_gmt":"2026-02-20T12:36:28","slug":"urne-en-bois-avec-coeurs","status":"publish","type":"product","link":"https:\/\/www.rememberme-forever.com\/fr\/produit\/urne-en-bois-avec-coeurs\/","title":{"rendered":"Urne en bois avec c\u0153urs"},"content":{"rendered":"<div style=\"width: 100%; margin-bottom: 30px; height: max-content; padding-bottom: 60%; position: relative;\"><iframe style=\"position: absolute; top: 0; left: 0; width: 100%; height: 100%;\" src=\"https:\/\/rememberme-urns.com\/mahogany-casket-with-artistic-hearts\/\" frameborder=\"0\"><\/iframe><\/div>\n<div style=\"color: red; text-align: center; margin-bottom: 25px;\">\n<p>&gt;&gt; Rotation de la photo &#8211; appuyer\/zoomer &lt;&lt;<\/p>\n<\/div>\n<h2 style=\"text-align: center;\"><strong>Urne en bois avec c\u0153urs<\/strong><\/h2>\n<p style=\"text-align: center;\">C\u00e9l\u00e9brez la vie et l\u2019amour de votre cher disparu avec notre magnifique <strong>urne en bois avec c\u0153urs<\/strong>, orn\u00e9e de c\u0153urs peints artistiquement selon la technique du d\u00e9coupage. Cette urne est un chef-d\u2019\u0153uvre qui allie harmonieusement la beaut\u00e9 naturelle de l\u2019acajou et la d\u00e9licatesse d\u2019un travail artisanal.<\/p>\n<p style=\"text-align: center;\">Fabriqu\u00e9e dans le plus bel acajou naturel, cette urne arbore une finition riche et profonde qui souligne le grain et la texture du bois. L\u2019effet craquel\u00e9 naturel en surface ajoute \u00e0 son charme rustique, en faisant un hommage exquis \u00e0 l\u2019\u00eatre cher.<\/p>\n<p style=\"text-align: center;\">Les c\u0153urs peints artistiquement selon la technique du d\u00e9coupage sont minutieusement r\u00e9alis\u00e9s par des artisans qualifi\u00e9s et repr\u00e9sentent l\u2019amour et l\u2019affection partag\u00e9s avec le d\u00e9funt. Chaque c\u0153ur est d\u00e9licatement peint de couleurs riches et vibrantes, ajoutant une touche d\u2019\u00e9l\u00e9gance \u00e0 cette urne d\u00e9j\u00e0 splendide.<\/p>\n<p style=\"text-align: center;\">Pour une touche de personnalisation absolue, cette urne fun\u00e9raire en acajou est propos\u00e9e avec une plaque comm\u00e9morative optionnelle, portant le nom et un message sinc\u00e8re de votre proche.<\/p>\n<p style=\"text-align: center;\">L&rsquo;ouverture \u00e0 vis inf\u00e9rieure de cette urne fun\u00e9raire en acajou garantit la conservation s\u00e9curis\u00e9e des cendres, pour une tranquillit\u00e9 d&rsquo;esprit absolue. L\u2019ouverture discr\u00e8te est situ\u00e9e \u00e0 la base de l\u2019urne, offrant un acc\u00e8s facile tout en pr\u00e9servant un design \u00e9pur\u00e9 et raffin\u00e9.<\/p>\n<p style=\"text-align: center;\">Cette urne fun\u00e9raire en acajou est non seulement un hommage magnifique et unique \u00e0 votre proche, mais aussi une \u0153uvre d&rsquo;art remarquable que vous pourrez ch\u00e9rir pendant des g\u00e9n\u00e9rations. C&rsquo;est le moyen id\u00e9al d&rsquo;honorer et de c\u00e9l\u00e9brer la vie d&rsquo;un \u00eatre cher, et de perp\u00e9tuer son souvenir.<\/p>\n<h3><\/h3>\n<h3 style=\"text-align: center;\"><strong>PERSONNALISATION<\/strong><\/h3>\n<p style=\"text-align: center;\">Si vous choisissez une plaque personnalis\u00e9e, veuillez soumettre du texte dans le cadre de personnalisation du produit.<\/p>\n<p style=\"text-align: center;\">La plaque comm\u00e9morative personnalis\u00e9e doit \u00eatre personnalis\u00e9e lors de votre commande. (Pas de panique si vous la manquez ; vous pouvez toujours nous contacter ult\u00e9rieurement.)<\/p>\n<p style=\"text-align: center;\">Veuillez examiner attentivement le texte \u00e0 graver avant d&rsquo;ajouter l&rsquo;article au panier. Nous reproduisons et gravons les informations exactes re\u00e7ues lors de la commande et n&rsquo;y apportons aucune modification.<\/p>\n<p style=\"text-align: center;\"><strong>Veuillez revoir le texte pour vous assurer que toutes les orthographes sont correctes.<\/strong><\/p>\n<p><img loading=\"lazy\" decoding=\"async\" class=\"wp-image-1447 aligncenter\" src=\"http:\/\/www.rememberme-forever.com\/wp-content\/uploads\/2023\/04\/memorial-plaque-cremation-urn-gold-300x150.jpg\" alt=\"Plaque comm\u00e9morative, urne fun\u00e9raire dor\u00e9e\" width=\"244\" height=\"122\" srcset=\"https:\/\/www.rememberme-forever.com\/wp-content\/uploads\/2023\/04\/memorial-plaque-cremation-urn-gold-300x150.jpg 300w, https:\/\/www.rememberme-forever.com\/wp-content\/uploads\/2023\/04\/memorial-plaque-cremation-urn-gold-64x32.jpg 64w, https:\/\/www.rememberme-forever.com\/wp-content\/uploads\/2023\/04\/memorial-plaque-cremation-urn-gold.jpg 448w\" sizes=\"auto, (max-width: 244px) 100vw, 244px\" \/><\/p>\n","protected":false},"excerpt":{"rendered":"<p>Urne cin\u00e9raire unique en bois avec c\u0153urs, peinte \u00e0 la main.<\/p>\n<p><em><strong>Convient pour un poids corporel d&rsquo;environ 110 kg. <\/strong><\/em><\/p>\n","protected":false},"featured_media":25935,"template":"","meta":{"_acf_changed":false},"product_brand":[],"product_cat":[2406,2431],"product_tag":[3304],"class_list":{"0":"post-25941","1":"product","2":"type-product","3":"status-publish","4":"has-post-thumbnail","6":"product_cat-urnes-artistiques","7":"product_cat-urnes-en-bois","8":"product_tag-gpsr-all-wood-urns","9":"product_shipping_class-2-4kg-fr","11":"first","12":"instock","13":"taxable","14":"shipping-taxable","15":"purchasable","16":"product-type-variable"},"yoast_head":"<!-- This site is optimized with the Yoast SEO plugin v27.4 - https:\/\/yoast.com\/product\/yoast-seo-wordpress\/ -->\n<title>Urne en bois avec c\u0153urs<\/title>\n<meta name=\"description\" content=\"C\u00e9l\u00e9brez la vie et l\u2019amour de votre cher disparu avec notre magnifique urne en bois avec c\u0153urs, orn\u00e9e de c\u0153urs peints artistiquement selon la technique du d\u00e9coupage.\" \/>\n<meta name=\"robots\" content=\"index, follow, max-snippet:-1, max-image-preview:large, max-video-preview:-1\" \/>\n<link rel=\"canonical\" href=\"https:\/\/www.rememberme-forever.com\/fr\/produit\/urne-en-bois-avec-coeurs\/\" \/>\n<meta property=\"og:locale\" content=\"fr_FR\" \/>\n<meta property=\"og:type\" content=\"article\" \/>\n<meta property=\"og:title\" content=\"Urne en bois avec c\u0153urs\" \/>\n<meta property=\"og:description\" content=\"C\u00e9l\u00e9brez la vie et l\u2019amour de votre cher disparu avec notre magnifique urne en bois avec c\u0153urs, orn\u00e9e de c\u0153urs peints artistiquement selon la technique du d\u00e9coupage.\" \/>\n<meta property=\"og:url\" content=\"https:\/\/www.rememberme-forever.com\/fr\/produit\/urne-en-bois-avec-coeurs\/\" \/>\n<meta property=\"og:site_name\" content=\"Remember Forever\" \/>\n<meta property=\"article:modified_time\" content=\"2026-02-20T12:36:28+00:00\" \/>\n<meta property=\"og:image\" content=\"http:\/\/www.rememberme-forever.com\/wp-content\/uploads\/2023\/04\/wooden-urn-with-hearts.jpg\" \/>\n\t<meta property=\"og:image:width\" content=\"768\" \/>\n\t<meta property=\"og:image:height\" content=\"781\" \/>\n\t<meta property=\"og:image:type\" content=\"image\/jpeg\" \/>\n<meta name=\"twitter:card\" content=\"summary_large_image\" \/>\n<meta name=\"twitter:label1\" content=\"Dur\u00e9e de lecture estim\u00e9e\" \/>\n\t<meta name=\"twitter:data1\" content=\"2 minutes\" \/>\n<script type=\"application\/ld+json\" class=\"yoast-schema-graph\">{\"@context\":\"https:\\\/\\\/schema.org\",\"@graph\":[{\"@type\":\"WebPage\",\"@id\":\"https:\\\/\\\/www.rememberme-forever.com\\\/fr\\\/produit\\\/urne-en-bois-avec-coeurs\\\/\",\"url\":\"https:\\\/\\\/www.rememberme-forever.com\\\/fr\\\/produit\\\/urne-en-bois-avec-coeurs\\\/\",\"name\":\"Urne en bois avec c\u0153urs\",\"isPartOf\":{\"@id\":\"https:\\\/\\\/www.rememberme-forever.com\\\/fr\\\/#website\"},\"primaryImageOfPage\":{\"@id\":\"https:\\\/\\\/www.rememberme-forever.com\\\/fr\\\/produit\\\/urne-en-bois-avec-coeurs\\\/#primaryimage\"},\"image\":{\"@id\":\"https:\\\/\\\/www.rememberme-forever.com\\\/fr\\\/produit\\\/urne-en-bois-avec-coeurs\\\/#primaryimage\"},\"thumbnailUrl\":\"https:\\\/\\\/www.rememberme-forever.com\\\/wp-content\\\/uploads\\\/2023\\\/04\\\/wooden-urn-with-hearts.jpg\",\"datePublished\":\"2023-04-14T11:17:52+00:00\",\"dateModified\":\"2026-02-20T12:36:28+00:00\",\"description\":\"C\u00e9l\u00e9brez la vie et l\u2019amour de votre cher disparu avec notre magnifique urne en bois avec c\u0153urs, orn\u00e9e de c\u0153urs peints artistiquement selon la technique du d\u00e9coupage.\",\"breadcrumb\":{\"@id\":\"https:\\\/\\\/www.rememberme-forever.com\\\/fr\\\/produit\\\/urne-en-bois-avec-coeurs\\\/#breadcrumb\"},\"inLanguage\":\"fr-FR\",\"potentialAction\":[{\"@type\":\"ReadAction\",\"target\":[\"https:\\\/\\\/www.rememberme-forever.com\\\/fr\\\/produit\\\/urne-en-bois-avec-coeurs\\\/\"]}]},{\"@type\":\"ImageObject\",\"inLanguage\":\"fr-FR\",\"@id\":\"https:\\\/\\\/www.rememberme-forever.com\\\/fr\\\/produit\\\/urne-en-bois-avec-coeurs\\\/#primaryimage\",\"url\":\"https:\\\/\\\/www.rememberme-forever.com\\\/wp-content\\\/uploads\\\/2023\\\/04\\\/wooden-urn-with-hearts.jpg\",\"contentUrl\":\"https:\\\/\\\/www.rememberme-forever.com\\\/wp-content\\\/uploads\\\/2023\\\/04\\\/wooden-urn-with-hearts.jpg\",\"width\":768,\"height\":781,\"caption\":\"urne en bois avec c\u0153urs\"},{\"@type\":\"BreadcrumbList\",\"@id\":\"https:\\\/\\\/www.rememberme-forever.com\\\/fr\\\/produit\\\/urne-en-bois-avec-coeurs\\\/#breadcrumb\",\"itemListElement\":[{\"@type\":\"ListItem\",\"position\":1,\"name\":\"Home\",\"item\":\"https:\\\/\\\/www.rememberme-forever.com\\\/fr\\\/accueil\\\/\"},{\"@type\":\"ListItem\",\"position\":2,\"name\":\"Boutique\",\"item\":\"https:\\\/\\\/www.rememberme-forever.com\\\/fr\\\/boutique\\\/\"},{\"@type\":\"ListItem\",\"position\":3,\"name\":\"Urne en bois avec c\u0153urs\"}]},{\"@type\":\"WebSite\",\"@id\":\"https:\\\/\\\/www.rememberme-forever.com\\\/fr\\\/#website\",\"url\":\"https:\\\/\\\/www.rememberme-forever.com\\\/fr\\\/\",\"name\":\"Remember Forever\",\"description\":\"Cremation urns, funeral urns, urns for ashes\",\"publisher\":{\"@id\":\"https:\\\/\\\/www.rememberme-forever.com\\\/fr\\\/#organization\"},\"potentialAction\":[{\"@type\":\"SearchAction\",\"target\":{\"@type\":\"EntryPoint\",\"urlTemplate\":\"https:\\\/\\\/www.rememberme-forever.com\\\/fr\\\/?s={search_term_string}\"},\"query-input\":{\"@type\":\"PropertyValueSpecification\",\"valueRequired\":true,\"valueName\":\"search_term_string\"}}],\"inLanguage\":\"fr-FR\"},{\"@type\":\"Organization\",\"@id\":\"https:\\\/\\\/www.rememberme-forever.com\\\/fr\\\/#organization\",\"name\":\"Remember Forever\",\"url\":\"https:\\\/\\\/www.rememberme-forever.com\\\/fr\\\/\",\"logo\":{\"@type\":\"ImageObject\",\"inLanguage\":\"fr-FR\",\"@id\":\"https:\\\/\\\/www.rememberme-forever.com\\\/fr\\\/#\\\/schema\\\/logo\\\/image\\\/\",\"url\":\"https:\\\/\\\/www.rememberme-forever.com\\\/wp-content\\\/uploads\\\/2023\\\/02\\\/logo.png\",\"contentUrl\":\"https:\\\/\\\/www.rememberme-forever.com\\\/wp-content\\\/uploads\\\/2023\\\/02\\\/logo.png\",\"width\":300,\"height\":56,\"caption\":\"Remember Forever\"},\"image\":{\"@id\":\"https:\\\/\\\/www.rememberme-forever.com\\\/fr\\\/#\\\/schema\\\/logo\\\/image\\\/\"}}]}<\/script>\n<!-- \/ Yoast SEO plugin. -->","yoast_head_json":{"title":"Urne en bois avec c\u0153urs","description":"C\u00e9l\u00e9brez la vie et l\u2019amour de votre cher disparu avec notre magnifique urne en bois avec c\u0153urs, orn\u00e9e de c\u0153urs peints artistiquement selon la technique du d\u00e9coupage.","robots":{"index":"index","follow":"follow","max-snippet":"max-snippet:-1","max-image-preview":"max-image-preview:large","max-video-preview":"max-video-preview:-1"},"canonical":"https:\/\/www.rememberme-forever.com\/fr\/produit\/urne-en-bois-avec-coeurs\/","og_locale":"fr_FR","og_type":"article","og_title":"Urne en bois avec c\u0153urs","og_description":"C\u00e9l\u00e9brez la vie et l\u2019amour de votre cher disparu avec notre magnifique urne en bois avec c\u0153urs, orn\u00e9e de c\u0153urs peints artistiquement selon la technique du d\u00e9coupage.","og_url":"https:\/\/www.rememberme-forever.com\/fr\/produit\/urne-en-bois-avec-coeurs\/","og_site_name":"Remember Forever","article_modified_time":"2026-02-20T12:36:28+00:00","og_image":[{"width":768,"height":781,"url":"http:\/\/www.rememberme-forever.com\/wp-content\/uploads\/2023\/04\/wooden-urn-with-hearts.jpg","type":"image\/jpeg"}],"twitter_card":"summary_large_image","twitter_misc":{"Dur\u00e9e de lecture estim\u00e9e":"2 minutes"},"schema":{"@context":"https:\/\/schema.org","@graph":[{"@type":"WebPage","@id":"https:\/\/www.rememberme-forever.com\/fr\/produit\/urne-en-bois-avec-coeurs\/","url":"https:\/\/www.rememberme-forever.com\/fr\/produit\/urne-en-bois-avec-coeurs\/","name":"Urne en bois avec c\u0153urs","isPartOf":{"@id":"https:\/\/www.rememberme-forever.com\/fr\/#website"},"primaryImageOfPage":{"@id":"https:\/\/www.rememberme-forever.com\/fr\/produit\/urne-en-bois-avec-coeurs\/#primaryimage"},"image":{"@id":"https:\/\/www.rememberme-forever.com\/fr\/produit\/urne-en-bois-avec-coeurs\/#primaryimage"},"thumbnailUrl":"https:\/\/www.rememberme-forever.com\/wp-content\/uploads\/2023\/04\/wooden-urn-with-hearts.jpg","datePublished":"2023-04-14T11:17:52+00:00","dateModified":"2026-02-20T12:36:28+00:00","description":"C\u00e9l\u00e9brez la vie et l\u2019amour de votre cher disparu avec notre magnifique urne en bois avec c\u0153urs, orn\u00e9e de c\u0153urs peints artistiquement selon la technique du d\u00e9coupage.","breadcrumb":{"@id":"https:\/\/www.rememberme-forever.com\/fr\/produit\/urne-en-bois-avec-coeurs\/#breadcrumb"},"inLanguage":"fr-FR","potentialAction":[{"@type":"ReadAction","target":["https:\/\/www.rememberme-forever.com\/fr\/produit\/urne-en-bois-avec-coeurs\/"]}]},{"@type":"ImageObject","inLanguage":"fr-FR","@id":"https:\/\/www.rememberme-forever.com\/fr\/produit\/urne-en-bois-avec-coeurs\/#primaryimage","url":"https:\/\/www.rememberme-forever.com\/wp-content\/uploads\/2023\/04\/wooden-urn-with-hearts.jpg","contentUrl":"https:\/\/www.rememberme-forever.com\/wp-content\/uploads\/2023\/04\/wooden-urn-with-hearts.jpg","width":768,"height":781,"caption":"urne en bois avec c\u0153urs"},{"@type":"BreadcrumbList","@id":"https:\/\/www.rememberme-forever.com\/fr\/produit\/urne-en-bois-avec-coeurs\/#breadcrumb","itemListElement":[{"@type":"ListItem","position":1,"name":"Home","item":"https:\/\/www.rememberme-forever.com\/fr\/accueil\/"},{"@type":"ListItem","position":2,"name":"Boutique","item":"https:\/\/www.rememberme-forever.com\/fr\/boutique\/"},{"@type":"ListItem","position":3,"name":"Urne en bois avec c\u0153urs"}]},{"@type":"WebSite","@id":"https:\/\/www.rememberme-forever.com\/fr\/#website","url":"https:\/\/www.rememberme-forever.com\/fr\/","name":"Remember Forever","description":"Cremation urns, funeral urns, urns for ashes","publisher":{"@id":"https:\/\/www.rememberme-forever.com\/fr\/#organization"},"potentialAction":[{"@type":"SearchAction","target":{"@type":"EntryPoint","urlTemplate":"https:\/\/www.rememberme-forever.com\/fr\/?s={search_term_string}"},"query-input":{"@type":"PropertyValueSpecification","valueRequired":true,"valueName":"search_term_string"}}],"inLanguage":"fr-FR"},{"@type":"Organization","@id":"https:\/\/www.rememberme-forever.com\/fr\/#organization","name":"Remember Forever","url":"https:\/\/www.rememberme-forever.com\/fr\/","logo":{"@type":"ImageObject","inLanguage":"fr-FR","@id":"https:\/\/www.rememberme-forever.com\/fr\/#\/schema\/logo\/image\/","url":"https:\/\/www.rememberme-forever.com\/wp-content\/uploads\/2023\/02\/logo.png","contentUrl":"https:\/\/www.rememberme-forever.com\/wp-content\/uploads\/2023\/02\/logo.png","width":300,"height":56,"caption":"Remember Forever"},"image":{"@id":"https:\/\/www.rememberme-forever.com\/fr\/#\/schema\/logo\/image\/"}}]}},"acf":[],"_links":{"self":[{"href":"https:\/\/www.rememberme-forever.com\/fr\/wp-json\/wp\/v2\/product\/25941","targetHints":{"allow":["GET"]}}],"collection":[{"href":"https:\/\/www.rememberme-forever.com\/fr\/wp-json\/wp\/v2\/product"}],"about":[{"href":"https:\/\/www.rememberme-forever.com\/fr\/wp-json\/wp\/v2\/types\/product"}],"wp:featuredmedia":[{"embeddable":true,"href":"https:\/\/www.rememberme-forever.com\/fr\/wp-json\/wp\/v2\/media\/25935"}],"wp:attachment":[{"href":"https:\/\/www.rememberme-forever.com\/fr\/wp-json\/wp\/v2\/media?parent=25941"}],"wp:term":[{"taxonomy":"product_brand","embeddable":true,"href":"https:\/\/www.rememberme-forever.com\/fr\/wp-json\/wp\/v2\/product_brand?post=25941"},{"taxonomy":"product_cat","embeddable":true,"href":"https:\/\/www.rememberme-forever.com\/fr\/wp-json\/wp\/v2\/product_cat?post=25941"},{"taxonomy":"product_tag","embeddable":true,"href":"https:\/\/www.rememberme-forever.com\/fr\/wp-json\/wp\/v2\/product_tag?post=25941"}],"curies":[{"name":"wp","href":"https:\/\/api.w.org\/{rel}","templated":true}]}}