{"id":25960,"date":"2023-04-14T13:39:02","date_gmt":"2023-04-14T11:39:02","guid":{"rendered":"https:\/\/www.rememberme-forever.com\/product\/urne-cineraire-ballon-de-football\/"},"modified":"2026-02-20T13:37:13","modified_gmt":"2026-02-20T12:37:13","slug":"urne-cineraire-ballon-de-football","status":"publish","type":"product","link":"https:\/\/www.rememberme-forever.com\/fr\/produit\/urne-cineraire-ballon-de-football\/","title":{"rendered":"Urne cin\u00e9raire ballon de football"},"content":{"rendered":"<div style=\"width: 100%; margin-bottom: 30px; height: max-content; padding-bottom: 60%; position: relative;\"><iframe style=\"position: absolute; top: 0; left: 0; width: 100%; height: 100%;\" src=\"https:\/\/rememberme-urns.com\/soccer-ball-urn-for-football-lover\/\" frameborder=\"0\"><\/iframe><\/div>\n<div style=\"color: red; text-align: center; margin-bottom: 25px;\">\n<p>&gt;&gt; Rotation de la photo &#8211; appuyer\/zoomer &lt;&lt;<\/p>\n<\/div>\n<h2 style=\"text-align: center;\">Urne cin\u00e9raire ballon de football<\/h2>\n<p style=\"text-align: center;\">C\u00e9l\u00e9brez la vie et la passion de votre proche amateur de football avec notre magnifique <strong>urne cin\u00e9raire en forme de ballon de football<\/strong>. Cette urne unique et remarquable est fabriqu\u00e9e en c\u00e9ramique de haute qualit\u00e9 et constitue le moyen id\u00e9al de rendre hommage \u00e0 l&rsquo;amour de votre proche pour le beau jeu.<\/p>\n<p style=\"text-align: center;\">L&rsquo;urne cin\u00e9raire ballon de football est con\u00e7ue pour ressembler \u00e0 un ballon de football classique, avec des d\u00e9tails complexes et un savoir-faire exquis. Le design \u00e9l\u00e9gant et moderne de l&rsquo;urne est parfait pour \u00eatre expos\u00e9 dans n&rsquo;importe quelle maison et offre un magnifique rappel de la vie et des souvenirs que vous avez partag\u00e9s avec votre proche.<\/p>\n<p style=\"text-align: center;\">Pour une touche vraiment personnalis\u00e9e, cette urne cin\u00e9raire ballon de football propose une plaque comm\u00e9morative optionnelle qui peut \u00eatre ajout\u00e9e s\u00e9par\u00e9ment sur plexiglas. La plaque est un moyen id\u00e9al d&rsquo;afficher une photo pr\u00e9cieuse ou un message sinc\u00e8re, honorant la vie et l&rsquo;h\u00e9ritage de votre proche.<\/p>\n<p style=\"text-align: center;\">L&rsquo;ouverture inf\u00e9rieure de cette urne cin\u00e9raire ballon de football garantit que les cendres restent stock\u00e9es en toute s\u00e9curit\u00e9, vous offrant ainsi une tranquillit\u00e9 d&rsquo;esprit. L\u2019ouverture discr\u00e8te est situ\u00e9e \u00e0 la base de l\u2019urne, offrant un acc\u00e8s facile tout en pr\u00e9servant un design \u00e9pur\u00e9 et raffin\u00e9.<\/p>\n<p style=\"text-align: center;\">Cette urne cin\u00e9raire ballon de football n&rsquo;est pas seulement un hommage magnifique et unique \u00e0 votre proche, mais aussi une \u0153uvre d&rsquo;art remarquable que vous pourrez ch\u00e9rir pendant des g\u00e9n\u00e9rations. C&rsquo;est un moyen id\u00e9al d&rsquo;honorer et de c\u00e9l\u00e9brer la vie d&rsquo;un \u00eatre cher et de garder son souvenir vivant pour toujours. Laissez l&rsquo;urne cin\u00e9raire ballon de football \u00eatre un hommage magnifique et durable \u00e0 l&rsquo;amour de votre proche pour le jeu et aux souvenirs que vous avez partag\u00e9s ensemble.<\/p>\n<p>&nbsp;<\/p>\n<h3 style=\"text-align: center;\"><strong>PERSONNALISATION<\/strong><\/h3>\n<p style=\"text-align: center;\">Si vous choisissez une plaque personnalis\u00e9e, veuillez soumettre du texte dans le cadre de personnalisation du produit.<\/p>\n<p style=\"text-align: center;\">La plaque comm\u00e9morative personnalis\u00e9e doit \u00eatre personnalis\u00e9e lors de votre commande. (Pas de panique si vous la manquez ; vous pouvez toujours nous contacter ult\u00e9rieurement.)<\/p>\n<p style=\"text-align: center;\">Veuillez examiner attentivement le texte \u00e0 graver avant d&rsquo;ajouter l&rsquo;article au panier. Nous reproduisons et gravons les informations exactes re\u00e7ues lors de la commande et n&rsquo;y apportons aucune modification.<\/p>\n<p style=\"text-align: center;\"><strong>Veuillez revoir le texte pour vous assurer que toutes les orthographes sont correctes.<\/strong><\/p>\n<p><img loading=\"lazy\" decoding=\"async\" class=\"wp-image-1453 aligncenter\" src=\"http:\/\/www.rememberme-forever.com\/wp-content\/uploads\/2023\/04\/silver-plaque-urn-295x300.jpg\" alt=\"Urne avec plaque argent\u00e9e\" width=\"194\" height=\"197\" srcset=\"https:\/\/www.rememberme-forever.com\/wp-content\/uploads\/2023\/04\/silver-plaque-urn-295x300.jpg 295w, https:\/\/www.rememberme-forever.com\/wp-content\/uploads\/2023\/04\/silver-plaque-urn-600x610.jpg 600w, https:\/\/www.rememberme-forever.com\/wp-content\/uploads\/2023\/04\/silver-plaque-urn-64x65.jpg 64w, https:\/\/www.rememberme-forever.com\/wp-content\/uploads\/2023\/04\/silver-plaque-urn.jpg 768w\" sizes=\"auto, (max-width: 194px) 100vw, 194px\" \/><\/p>\n<p style=\"text-align: center;\"><strong><em>La plaque comm\u00e9morative sera ajout\u00e9e s\u00e9par\u00e9ment avec le support, comme sur la photo.<\/em><\/strong><\/p>\n<p style=\"text-align: center;\"><strong><em>(Le support de la plaque comm\u00e9morative est en plexiglas transparent.)<\/em><\/strong><\/p>\n","protected":false},"excerpt":{"rendered":"<p>Une urne cin\u00e9raire de football est sp\u00e9cialement con\u00e7ue pour les l\u00e9gendes du football ou pour les personnes qui aiment le football.<\/p>\n<p><strong>Convient pour un poids corporel d&rsquo;environ 96 kg ou moins.<\/strong><\/p>\n","protected":false},"featured_media":25947,"template":"","meta":{"_acf_changed":false},"product_brand":[],"product_cat":[2419,2408,2429],"product_tag":[3310],"class_list":{"0":"post-25960","1":"product","2":"type-product","3":"status-publish","4":"has-post-thumbnail","6":"product_cat-urnes-a-theme","7":"product_cat-urnes-en-ceramique","8":"product_cat-urnes-sportives","9":"product_tag-gpsr-ceramic-urns","10":"product_shipping_class-4-5-kg","12":"first","13":"instock","14":"taxable","15":"shipping-taxable","16":"purchasable","17":"product-type-simple"},"yoast_head":"<!-- This site is optimized with the Yoast SEO plugin v27.4 - https:\/\/yoast.com\/product\/yoast-seo-wordpress\/ -->\n<title>Urne cin\u00e9raire ballon de football<\/title>\n<meta name=\"description\" content=\"C\u00e9l\u00e9brez la vie et la passion de votre proche amateur de football avec notre magnifique urne cin\u00e9raire en forme de ballon de football. Urne fun\u00e9raire pour cendres de football.\" \/>\n<meta name=\"robots\" content=\"index, follow, max-snippet:-1, max-image-preview:large, max-video-preview:-1\" \/>\n<link rel=\"canonical\" href=\"https:\/\/www.rememberme-forever.com\/fr\/produit\/urne-cineraire-ballon-de-football\/\" \/>\n<meta property=\"og:locale\" content=\"fr_FR\" \/>\n<meta property=\"og:type\" content=\"article\" \/>\n<meta property=\"og:title\" content=\"Urne cin\u00e9raire ballon de football\" \/>\n<meta property=\"og:description\" content=\"C\u00e9l\u00e9brez la vie et la passion de votre proche amateur de football avec notre magnifique urne cin\u00e9raire en forme de ballon de football. Urne fun\u00e9raire pour cendres de football.\" \/>\n<meta property=\"og:url\" content=\"https:\/\/www.rememberme-forever.com\/fr\/produit\/urne-cineraire-ballon-de-football\/\" \/>\n<meta property=\"og:site_name\" content=\"Remember Forever\" \/>\n<meta property=\"article:modified_time\" content=\"2026-02-20T12:37:13+00:00\" \/>\n<meta property=\"og:image\" content=\"http:\/\/www.rememberme-forever.com\/wp-content\/uploads\/2023\/04\/soccer-ball-cremation-urn.jpg\" \/>\n\t<meta property=\"og:image:width\" content=\"1043\" \/>\n\t<meta property=\"og:image:height\" content=\"1043\" \/>\n\t<meta property=\"og:image:type\" content=\"image\/jpeg\" \/>\n<meta name=\"twitter:card\" content=\"summary_large_image\" \/>\n<meta name=\"twitter:label1\" content=\"Dur\u00e9e de lecture estim\u00e9e\" \/>\n\t<meta name=\"twitter:data1\" content=\"3 minutes\" \/>\n<script type=\"application\/ld+json\" class=\"yoast-schema-graph\">{\"@context\":\"https:\\\/\\\/schema.org\",\"@graph\":[{\"@type\":\"WebPage\",\"@id\":\"https:\\\/\\\/www.rememberme-forever.com\\\/fr\\\/produit\\\/urne-cineraire-ballon-de-football\\\/\",\"url\":\"https:\\\/\\\/www.rememberme-forever.com\\\/fr\\\/produit\\\/urne-cineraire-ballon-de-football\\\/\",\"name\":\"Urne cin\u00e9raire ballon de football\",\"isPartOf\":{\"@id\":\"https:\\\/\\\/www.rememberme-forever.com\\\/fr\\\/#website\"},\"primaryImageOfPage\":{\"@id\":\"https:\\\/\\\/www.rememberme-forever.com\\\/fr\\\/produit\\\/urne-cineraire-ballon-de-football\\\/#primaryimage\"},\"image\":{\"@id\":\"https:\\\/\\\/www.rememberme-forever.com\\\/fr\\\/produit\\\/urne-cineraire-ballon-de-football\\\/#primaryimage\"},\"thumbnailUrl\":\"https:\\\/\\\/www.rememberme-forever.com\\\/wp-content\\\/uploads\\\/2023\\\/04\\\/soccer-ball-cremation-urn.jpg\",\"datePublished\":\"2023-04-14T11:39:02+00:00\",\"dateModified\":\"2026-02-20T12:37:13+00:00\",\"description\":\"C\u00e9l\u00e9brez la vie et la passion de votre proche amateur de football avec notre magnifique urne cin\u00e9raire en forme de ballon de football. Urne fun\u00e9raire pour cendres de football.\",\"breadcrumb\":{\"@id\":\"https:\\\/\\\/www.rememberme-forever.com\\\/fr\\\/produit\\\/urne-cineraire-ballon-de-football\\\/#breadcrumb\"},\"inLanguage\":\"fr-FR\",\"potentialAction\":[{\"@type\":\"ReadAction\",\"target\":[\"https:\\\/\\\/www.rememberme-forever.com\\\/fr\\\/produit\\\/urne-cineraire-ballon-de-football\\\/\"]}]},{\"@type\":\"ImageObject\",\"inLanguage\":\"fr-FR\",\"@id\":\"https:\\\/\\\/www.rememberme-forever.com\\\/fr\\\/produit\\\/urne-cineraire-ballon-de-football\\\/#primaryimage\",\"url\":\"https:\\\/\\\/www.rememberme-forever.com\\\/wp-content\\\/uploads\\\/2023\\\/04\\\/soccer-ball-cremation-urn.jpg\",\"contentUrl\":\"https:\\\/\\\/www.rememberme-forever.com\\\/wp-content\\\/uploads\\\/2023\\\/04\\\/soccer-ball-cremation-urn.jpg\",\"width\":1043,\"height\":1043,\"caption\":\"urne cin\u00e9raire ballon de football\"},{\"@type\":\"BreadcrumbList\",\"@id\":\"https:\\\/\\\/www.rememberme-forever.com\\\/fr\\\/produit\\\/urne-cineraire-ballon-de-football\\\/#breadcrumb\",\"itemListElement\":[{\"@type\":\"ListItem\",\"position\":1,\"name\":\"Home\",\"item\":\"https:\\\/\\\/www.rememberme-forever.com\\\/fr\\\/accueil\\\/\"},{\"@type\":\"ListItem\",\"position\":2,\"name\":\"Boutique\",\"item\":\"https:\\\/\\\/www.rememberme-forever.com\\\/fr\\\/boutique\\\/\"},{\"@type\":\"ListItem\",\"position\":3,\"name\":\"Urne cin\u00e9raire ballon de football\"}]},{\"@type\":\"WebSite\",\"@id\":\"https:\\\/\\\/www.rememberme-forever.com\\\/fr\\\/#website\",\"url\":\"https:\\\/\\\/www.rememberme-forever.com\\\/fr\\\/\",\"name\":\"Remember Forever\",\"description\":\"Cremation urns, funeral urns, urns for ashes\",\"publisher\":{\"@id\":\"https:\\\/\\\/www.rememberme-forever.com\\\/fr\\\/#organization\"},\"potentialAction\":[{\"@type\":\"SearchAction\",\"target\":{\"@type\":\"EntryPoint\",\"urlTemplate\":\"https:\\\/\\\/www.rememberme-forever.com\\\/fr\\\/?s={search_term_string}\"},\"query-input\":{\"@type\":\"PropertyValueSpecification\",\"valueRequired\":true,\"valueName\":\"search_term_string\"}}],\"inLanguage\":\"fr-FR\"},{\"@type\":\"Organization\",\"@id\":\"https:\\\/\\\/www.rememberme-forever.com\\\/fr\\\/#organization\",\"name\":\"Remember Forever\",\"url\":\"https:\\\/\\\/www.rememberme-forever.com\\\/fr\\\/\",\"logo\":{\"@type\":\"ImageObject\",\"inLanguage\":\"fr-FR\",\"@id\":\"https:\\\/\\\/www.rememberme-forever.com\\\/fr\\\/#\\\/schema\\\/logo\\\/image\\\/\",\"url\":\"https:\\\/\\\/www.rememberme-forever.com\\\/wp-content\\\/uploads\\\/2023\\\/02\\\/logo.png\",\"contentUrl\":\"https:\\\/\\\/www.rememberme-forever.com\\\/wp-content\\\/uploads\\\/2023\\\/02\\\/logo.png\",\"width\":300,\"height\":56,\"caption\":\"Remember Forever\"},\"image\":{\"@id\":\"https:\\\/\\\/www.rememberme-forever.com\\\/fr\\\/#\\\/schema\\\/logo\\\/image\\\/\"}}]}<\/script>\n<!-- \/ Yoast SEO plugin. -->","yoast_head_json":{"title":"Urne cin\u00e9raire ballon de football","description":"C\u00e9l\u00e9brez la vie et la passion de votre proche amateur de football avec notre magnifique urne cin\u00e9raire en forme de ballon de football. Urne fun\u00e9raire pour cendres de football.","robots":{"index":"index","follow":"follow","max-snippet":"max-snippet:-1","max-image-preview":"max-image-preview:large","max-video-preview":"max-video-preview:-1"},"canonical":"https:\/\/www.rememberme-forever.com\/fr\/produit\/urne-cineraire-ballon-de-football\/","og_locale":"fr_FR","og_type":"article","og_title":"Urne cin\u00e9raire ballon de football","og_description":"C\u00e9l\u00e9brez la vie et la passion de votre proche amateur de football avec notre magnifique urne cin\u00e9raire en forme de ballon de football. Urne fun\u00e9raire pour cendres de football.","og_url":"https:\/\/www.rememberme-forever.com\/fr\/produit\/urne-cineraire-ballon-de-football\/","og_site_name":"Remember Forever","article_modified_time":"2026-02-20T12:37:13+00:00","og_image":[{"width":1043,"height":1043,"url":"http:\/\/www.rememberme-forever.com\/wp-content\/uploads\/2023\/04\/soccer-ball-cremation-urn.jpg","type":"image\/jpeg"}],"twitter_card":"summary_large_image","twitter_misc":{"Dur\u00e9e de lecture estim\u00e9e":"3 minutes"},"schema":{"@context":"https:\/\/schema.org","@graph":[{"@type":"WebPage","@id":"https:\/\/www.rememberme-forever.com\/fr\/produit\/urne-cineraire-ballon-de-football\/","url":"https:\/\/www.rememberme-forever.com\/fr\/produit\/urne-cineraire-ballon-de-football\/","name":"Urne cin\u00e9raire ballon de football","isPartOf":{"@id":"https:\/\/www.rememberme-forever.com\/fr\/#website"},"primaryImageOfPage":{"@id":"https:\/\/www.rememberme-forever.com\/fr\/produit\/urne-cineraire-ballon-de-football\/#primaryimage"},"image":{"@id":"https:\/\/www.rememberme-forever.com\/fr\/produit\/urne-cineraire-ballon-de-football\/#primaryimage"},"thumbnailUrl":"https:\/\/www.rememberme-forever.com\/wp-content\/uploads\/2023\/04\/soccer-ball-cremation-urn.jpg","datePublished":"2023-04-14T11:39:02+00:00","dateModified":"2026-02-20T12:37:13+00:00","description":"C\u00e9l\u00e9brez la vie et la passion de votre proche amateur de football avec notre magnifique urne cin\u00e9raire en forme de ballon de football. Urne fun\u00e9raire pour cendres de football.","breadcrumb":{"@id":"https:\/\/www.rememberme-forever.com\/fr\/produit\/urne-cineraire-ballon-de-football\/#breadcrumb"},"inLanguage":"fr-FR","potentialAction":[{"@type":"ReadAction","target":["https:\/\/www.rememberme-forever.com\/fr\/produit\/urne-cineraire-ballon-de-football\/"]}]},{"@type":"ImageObject","inLanguage":"fr-FR","@id":"https:\/\/www.rememberme-forever.com\/fr\/produit\/urne-cineraire-ballon-de-football\/#primaryimage","url":"https:\/\/www.rememberme-forever.com\/wp-content\/uploads\/2023\/04\/soccer-ball-cremation-urn.jpg","contentUrl":"https:\/\/www.rememberme-forever.com\/wp-content\/uploads\/2023\/04\/soccer-ball-cremation-urn.jpg","width":1043,"height":1043,"caption":"urne cin\u00e9raire ballon de football"},{"@type":"BreadcrumbList","@id":"https:\/\/www.rememberme-forever.com\/fr\/produit\/urne-cineraire-ballon-de-football\/#breadcrumb","itemListElement":[{"@type":"ListItem","position":1,"name":"Home","item":"https:\/\/www.rememberme-forever.com\/fr\/accueil\/"},{"@type":"ListItem","position":2,"name":"Boutique","item":"https:\/\/www.rememberme-forever.com\/fr\/boutique\/"},{"@type":"ListItem","position":3,"name":"Urne cin\u00e9raire ballon de football"}]},{"@type":"WebSite","@id":"https:\/\/www.rememberme-forever.com\/fr\/#website","url":"https:\/\/www.rememberme-forever.com\/fr\/","name":"Remember Forever","description":"Cremation urns, funeral urns, urns for ashes","publisher":{"@id":"https:\/\/www.rememberme-forever.com\/fr\/#organization"},"potentialAction":[{"@type":"SearchAction","target":{"@type":"EntryPoint","urlTemplate":"https:\/\/www.rememberme-forever.com\/fr\/?s={search_term_string}"},"query-input":{"@type":"PropertyValueSpecification","valueRequired":true,"valueName":"search_term_string"}}],"inLanguage":"fr-FR"},{"@type":"Organization","@id":"https:\/\/www.rememberme-forever.com\/fr\/#organization","name":"Remember Forever","url":"https:\/\/www.rememberme-forever.com\/fr\/","logo":{"@type":"ImageObject","inLanguage":"fr-FR","@id":"https:\/\/www.rememberme-forever.com\/fr\/#\/schema\/logo\/image\/","url":"https:\/\/www.rememberme-forever.com\/wp-content\/uploads\/2023\/02\/logo.png","contentUrl":"https:\/\/www.rememberme-forever.com\/wp-content\/uploads\/2023\/02\/logo.png","width":300,"height":56,"caption":"Remember Forever"},"image":{"@id":"https:\/\/www.rememberme-forever.com\/fr\/#\/schema\/logo\/image\/"}}]}},"acf":[],"_links":{"self":[{"href":"https:\/\/www.rememberme-forever.com\/fr\/wp-json\/wp\/v2\/product\/25960","targetHints":{"allow":["GET"]}}],"collection":[{"href":"https:\/\/www.rememberme-forever.com\/fr\/wp-json\/wp\/v2\/product"}],"about":[{"href":"https:\/\/www.rememberme-forever.com\/fr\/wp-json\/wp\/v2\/types\/product"}],"wp:featuredmedia":[{"embeddable":true,"href":"https:\/\/www.rememberme-forever.com\/fr\/wp-json\/wp\/v2\/media\/25947"}],"wp:attachment":[{"href":"https:\/\/www.rememberme-forever.com\/fr\/wp-json\/wp\/v2\/media?parent=25960"}],"wp:term":[{"taxonomy":"product_brand","embeddable":true,"href":"https:\/\/www.rememberme-forever.com\/fr\/wp-json\/wp\/v2\/product_brand?post=25960"},{"taxonomy":"product_cat","embeddable":true,"href":"https:\/\/www.rememberme-forever.com\/fr\/wp-json\/wp\/v2\/product_cat?post=25960"},{"taxonomy":"product_tag","embeddable":true,"href":"https:\/\/www.rememberme-forever.com\/fr\/wp-json\/wp\/v2\/product_tag?post=25960"}],"curies":[{"name":"wp","href":"https:\/\/api.w.org\/{rel}","templated":true}]}}