{"id":26077,"date":"2023-04-17T13:38:13","date_gmt":"2023-04-17T11:38:13","guid":{"rendered":"https:\/\/www.rememberme-forever.com\/product\/urne-en-acajou-avec-fleur-darum\/"},"modified":"2026-02-20T14:13:40","modified_gmt":"2026-02-20T13:13:40","slug":"urne-en-acajou-avec-fleur-darum","status":"publish","type":"product","link":"https:\/\/www.rememberme-forever.com\/fr\/produit\/urne-en-acajou-avec-fleur-darum\/","title":{"rendered":"Urne en acajou avec fleur d&rsquo;arum"},"content":{"rendered":"<div style=\"width: 100%; margin-bottom: 30px; height: max-content; padding-bottom: 60%; position: relative;\"><iframe style=\"position: absolute; top: 0; left: 0; width: 100%; height: 100%;\" src=\"https:\/\/rememberme-urns.com\/mahogany-box-shaped-urn\/\" frameborder=\"0\"><\/iframe><\/div>\n<div style=\"color: red; text-align: center; margin-bottom: 25px;\">\n<p>&gt;&gt; Rotation de la photo &#8211; appuyer\/zoomer &lt;&lt;<\/p>\n<\/div>\n<h2 style=\"text-align: center;\">Urne en acajou avec fleur d&rsquo;arum<\/h2>\n<p style=\"text-align: center;\">D\u00e9couvrez notre<strong> urne en acajou avec fleur d&rsquo;arum<\/strong> &#8211; un hommage saisissant pour honorer la m\u00e9moire de votre \u00eatre cher. Fabriqu\u00e9e avec soin dans le plus bel acajou, cette urne magnifique pr\u00e9sente un design intemporel qui d\u00e9gage chaleur et \u00e9l\u00e9gance.<\/p>\n<p style=\"text-align: center;\">La finition riche et sombre du bois d&rsquo;acajou est magnifiquement rehauss\u00e9e par la d\u00e9licate fleur d&rsquo;arum, ajout\u00e9e sur le devant de l&rsquo;urne. L&rsquo;arum est un symbole de puret\u00e9, d&rsquo;innocence et de renaissance, ce qui en fait un hommage appropri\u00e9 \u00e0 la vie et \u00e0 l&rsquo;h\u00e9ritage de votre \u00eatre cher.<\/p>\n<p style=\"text-align: center;\">Et pour ceux qui souhaitent ajouter une touche personnalis\u00e9e, il est possible d&rsquo;inclure une plaque comm\u00e9morative en argent avec votre propre texte. Nous graverons soigneusement vos mots choisis sur la plaque, cr\u00e9ant ainsi un hommage magnifique et durable \u00e0 la m\u00e9moire de votre \u00eatre cher.<\/p>\n<p style=\"text-align: center;\">Cette urne en acajou avec fleur d&rsquo;arum n&rsquo;est pas qu&rsquo;un simple contenant pour les cendres, c&rsquo;est une \u0153uvre d&rsquo;art qui deviendra un h\u00e9ritage familial pr\u00e9cieux pour les g\u00e9n\u00e9rations \u00e0 venir. Sa construction solide et son design classique garantissent qu&rsquo;elle r\u00e9sistera \u00e0 l&rsquo;\u00e9preuve du temps, devenant un rappel r\u00e9confortant de l&rsquo;amour et des souvenirs que vous avez partag\u00e9s avec votre \u00eatre cher.<\/p>\n<p style=\"text-align: center;\">En tenant cette urne magnifique entre vos mains, vous serez empli d&rsquo;un sentiment de paix et de r\u00e9confort, sachant que la m\u00e9moire de votre \u00eatre cher est honor\u00e9e de la mani\u00e8re la plus belle et la plus digne. C&rsquo;est un hommage appropri\u00e9 \u00e0 une vie bien v\u00e9cue, et un t\u00e9moignage de l&rsquo;h\u00e9ritage durable de votre membre de famille ou ami bien-aim\u00e9.<\/p>\n<h3><\/h3>\n<h3 style=\"text-align: center;\"><strong>PERSONNALISATION<\/strong><\/h3>\n<p style=\"text-align: center;\">Si vous choisissez une plaque personnalis\u00e9e, veuillez soumettre du texte dans le cadre de personnalisation du produit.<\/p>\n<p style=\"text-align: center;\">La plaque comm\u00e9morative personnalis\u00e9e doit \u00eatre personnalis\u00e9e lors de votre commande. (Pas de panique si vous la manquez ; vous pouvez toujours nous contacter ult\u00e9rieurement.)<\/p>\n<p style=\"text-align: center;\">Veuillez examiner attentivement le texte \u00e0 graver avant d&rsquo;ajouter l&rsquo;article au panier. Nous reproduisons et gravons les informations exactes re\u00e7ues lors de la commande et n&rsquo;y apportons aucune modification.<\/p>\n<p style=\"text-align: center;\"><strong>Veuillez revoir le texte pour vous assurer que toutes les orthographes sont correctes.<\/strong><\/p>\n<p><img loading=\"lazy\" decoding=\"async\" class=\"size-medium wp-image-1447 aligncenter\" src=\"http:\/\/www.rememberme-forever.com\/wp-content\/uploads\/2023\/04\/memorial-plaque-cremation-urn-gold-300x150.jpg\" alt=\"Plaque comm\u00e9morative, urne fun\u00e9raire dor\u00e9e\" width=\"300\" height=\"150\" srcset=\"https:\/\/www.rememberme-forever.com\/wp-content\/uploads\/2023\/04\/memorial-plaque-cremation-urn-gold-300x150.jpg 300w, https:\/\/www.rememberme-forever.com\/wp-content\/uploads\/2023\/04\/memorial-plaque-cremation-urn-gold-64x32.jpg 64w, https:\/\/www.rememberme-forever.com\/wp-content\/uploads\/2023\/04\/memorial-plaque-cremation-urn-gold.jpg 448w\" sizes=\"auto, (max-width: 300px) 100vw, 300px\" \/><\/p>\n","protected":false},"excerpt":{"rendered":"<p>Un merveilleux lieu de repos paisible final pour un \u00eatre cher.<\/p>\n<p><strong>Peut contenir les cendres d&rsquo;une personne pesant jusqu&rsquo;\u00e0 environ 138 kg. <\/strong><\/p>\n","protected":false},"featured_media":26044,"template":"","meta":{"_acf_changed":false},"product_brand":[],"product_cat":[2431],"product_tag":[3304],"class_list":{"0":"post-26077","1":"product","2":"type-product","3":"status-publish","4":"has-post-thumbnail","6":"product_cat-urnes-en-bois","7":"product_tag-gpsr-all-wood-urns","8":"product_shipping_class-2-4kg-fr","10":"first","11":"instock","12":"taxable","13":"shipping-taxable","14":"purchasable","15":"product-type-simple"},"yoast_head":"<!-- This site is optimized with the Yoast SEO plugin v27.4 - https:\/\/yoast.com\/product\/yoast-seo-wordpress\/ -->\n<title>Urne en acajou avec fleur d&#039;arum<\/title>\n<meta name=\"description\" content=\"D\u00e9couvrez notre urne en acajou avec fleur d&#039;arum - un hommage saisissant pour honorer la m\u00e9moire de votre \u00eatre cher.\" \/>\n<meta name=\"robots\" content=\"index, follow, max-snippet:-1, max-image-preview:large, max-video-preview:-1\" \/>\n<link rel=\"canonical\" href=\"https:\/\/www.rememberme-forever.com\/fr\/produit\/urne-en-acajou-avec-fleur-darum\/\" \/>\n<meta property=\"og:locale\" content=\"fr_FR\" \/>\n<meta property=\"og:type\" content=\"article\" \/>\n<meta property=\"og:title\" content=\"Urne en acajou avec fleur d&#039;arum\" \/>\n<meta property=\"og:description\" content=\"D\u00e9couvrez notre urne en acajou avec fleur d&#039;arum - un hommage saisissant pour honorer la m\u00e9moire de votre \u00eatre cher.\" \/>\n<meta property=\"og:url\" content=\"https:\/\/www.rememberme-forever.com\/fr\/produit\/urne-en-acajou-avec-fleur-darum\/\" \/>\n<meta property=\"og:site_name\" content=\"Remember Forever\" \/>\n<meta property=\"article:modified_time\" content=\"2026-02-20T13:13:40+00:00\" \/>\n<meta property=\"og:image\" content=\"http:\/\/www.rememberme-forever.com\/wp-content\/uploads\/2023\/04\/mahogany-wooden-urn-with-calla-lily.jpg\" \/>\n\t<meta property=\"og:image:width\" content=\"768\" \/>\n\t<meta property=\"og:image:height\" content=\"781\" \/>\n\t<meta property=\"og:image:type\" content=\"image\/jpeg\" \/>\n<meta name=\"twitter:card\" content=\"summary_large_image\" \/>\n<meta name=\"twitter:label1\" content=\"Dur\u00e9e de lecture estim\u00e9e\" \/>\n\t<meta name=\"twitter:data1\" content=\"2 minutes\" \/>\n<script type=\"application\/ld+json\" class=\"yoast-schema-graph\">{\"@context\":\"https:\\\/\\\/schema.org\",\"@graph\":[{\"@type\":\"WebPage\",\"@id\":\"https:\\\/\\\/www.rememberme-forever.com\\\/fr\\\/produit\\\/urne-en-acajou-avec-fleur-darum\\\/\",\"url\":\"https:\\\/\\\/www.rememberme-forever.com\\\/fr\\\/produit\\\/urne-en-acajou-avec-fleur-darum\\\/\",\"name\":\"Urne en acajou avec fleur d'arum\",\"isPartOf\":{\"@id\":\"https:\\\/\\\/www.rememberme-forever.com\\\/fr\\\/#website\"},\"primaryImageOfPage\":{\"@id\":\"https:\\\/\\\/www.rememberme-forever.com\\\/fr\\\/produit\\\/urne-en-acajou-avec-fleur-darum\\\/#primaryimage\"},\"image\":{\"@id\":\"https:\\\/\\\/www.rememberme-forever.com\\\/fr\\\/produit\\\/urne-en-acajou-avec-fleur-darum\\\/#primaryimage\"},\"thumbnailUrl\":\"https:\\\/\\\/www.rememberme-forever.com\\\/wp-content\\\/uploads\\\/2023\\\/04\\\/mahogany-wooden-urn-with-calla-lily.jpg\",\"datePublished\":\"2023-04-17T11:38:13+00:00\",\"dateModified\":\"2026-02-20T13:13:40+00:00\",\"description\":\"D\u00e9couvrez notre urne en acajou avec fleur d'arum - un hommage saisissant pour honorer la m\u00e9moire de votre \u00eatre cher.\",\"breadcrumb\":{\"@id\":\"https:\\\/\\\/www.rememberme-forever.com\\\/fr\\\/produit\\\/urne-en-acajou-avec-fleur-darum\\\/#breadcrumb\"},\"inLanguage\":\"fr-FR\",\"potentialAction\":[{\"@type\":\"ReadAction\",\"target\":[\"https:\\\/\\\/www.rememberme-forever.com\\\/fr\\\/produit\\\/urne-en-acajou-avec-fleur-darum\\\/\"]}]},{\"@type\":\"ImageObject\",\"inLanguage\":\"fr-FR\",\"@id\":\"https:\\\/\\\/www.rememberme-forever.com\\\/fr\\\/produit\\\/urne-en-acajou-avec-fleur-darum\\\/#primaryimage\",\"url\":\"https:\\\/\\\/www.rememberme-forever.com\\\/wp-content\\\/uploads\\\/2023\\\/04\\\/mahogany-wooden-urn-with-calla-lily.jpg\",\"contentUrl\":\"https:\\\/\\\/www.rememberme-forever.com\\\/wp-content\\\/uploads\\\/2023\\\/04\\\/mahogany-wooden-urn-with-calla-lily.jpg\",\"width\":768,\"height\":781,\"caption\":\"urne en bois d'acajou avec arum, Urne en acajou avec fleur d'arum\"},{\"@type\":\"BreadcrumbList\",\"@id\":\"https:\\\/\\\/www.rememberme-forever.com\\\/fr\\\/produit\\\/urne-en-acajou-avec-fleur-darum\\\/#breadcrumb\",\"itemListElement\":[{\"@type\":\"ListItem\",\"position\":1,\"name\":\"Home\",\"item\":\"https:\\\/\\\/www.rememberme-forever.com\\\/fr\\\/accueil\\\/\"},{\"@type\":\"ListItem\",\"position\":2,\"name\":\"Boutique\",\"item\":\"https:\\\/\\\/www.rememberme-forever.com\\\/fr\\\/boutique\\\/\"},{\"@type\":\"ListItem\",\"position\":3,\"name\":\"Urne en acajou avec fleur d&#8217;arum\"}]},{\"@type\":\"WebSite\",\"@id\":\"https:\\\/\\\/www.rememberme-forever.com\\\/fr\\\/#website\",\"url\":\"https:\\\/\\\/www.rememberme-forever.com\\\/fr\\\/\",\"name\":\"Remember Forever\",\"description\":\"Cremation urns, funeral urns, urns for ashes\",\"publisher\":{\"@id\":\"https:\\\/\\\/www.rememberme-forever.com\\\/fr\\\/#organization\"},\"potentialAction\":[{\"@type\":\"SearchAction\",\"target\":{\"@type\":\"EntryPoint\",\"urlTemplate\":\"https:\\\/\\\/www.rememberme-forever.com\\\/fr\\\/?s={search_term_string}\"},\"query-input\":{\"@type\":\"PropertyValueSpecification\",\"valueRequired\":true,\"valueName\":\"search_term_string\"}}],\"inLanguage\":\"fr-FR\"},{\"@type\":\"Organization\",\"@id\":\"https:\\\/\\\/www.rememberme-forever.com\\\/fr\\\/#organization\",\"name\":\"Remember Forever\",\"url\":\"https:\\\/\\\/www.rememberme-forever.com\\\/fr\\\/\",\"logo\":{\"@type\":\"ImageObject\",\"inLanguage\":\"fr-FR\",\"@id\":\"https:\\\/\\\/www.rememberme-forever.com\\\/fr\\\/#\\\/schema\\\/logo\\\/image\\\/\",\"url\":\"https:\\\/\\\/www.rememberme-forever.com\\\/wp-content\\\/uploads\\\/2023\\\/02\\\/logo.png\",\"contentUrl\":\"https:\\\/\\\/www.rememberme-forever.com\\\/wp-content\\\/uploads\\\/2023\\\/02\\\/logo.png\",\"width\":300,\"height\":56,\"caption\":\"Remember Forever\"},\"image\":{\"@id\":\"https:\\\/\\\/www.rememberme-forever.com\\\/fr\\\/#\\\/schema\\\/logo\\\/image\\\/\"}}]}<\/script>\n<!-- \/ Yoast SEO plugin. -->","yoast_head_json":{"title":"Urne en acajou avec fleur d'arum","description":"D\u00e9couvrez notre urne en acajou avec fleur d'arum - un hommage saisissant pour honorer la m\u00e9moire de votre \u00eatre cher.","robots":{"index":"index","follow":"follow","max-snippet":"max-snippet:-1","max-image-preview":"max-image-preview:large","max-video-preview":"max-video-preview:-1"},"canonical":"https:\/\/www.rememberme-forever.com\/fr\/produit\/urne-en-acajou-avec-fleur-darum\/","og_locale":"fr_FR","og_type":"article","og_title":"Urne en acajou avec fleur d'arum","og_description":"D\u00e9couvrez notre urne en acajou avec fleur d'arum - un hommage saisissant pour honorer la m\u00e9moire de votre \u00eatre cher.","og_url":"https:\/\/www.rememberme-forever.com\/fr\/produit\/urne-en-acajou-avec-fleur-darum\/","og_site_name":"Remember Forever","article_modified_time":"2026-02-20T13:13:40+00:00","og_image":[{"width":768,"height":781,"url":"http:\/\/www.rememberme-forever.com\/wp-content\/uploads\/2023\/04\/mahogany-wooden-urn-with-calla-lily.jpg","type":"image\/jpeg"}],"twitter_card":"summary_large_image","twitter_misc":{"Dur\u00e9e de lecture estim\u00e9e":"2 minutes"},"schema":{"@context":"https:\/\/schema.org","@graph":[{"@type":"WebPage","@id":"https:\/\/www.rememberme-forever.com\/fr\/produit\/urne-en-acajou-avec-fleur-darum\/","url":"https:\/\/www.rememberme-forever.com\/fr\/produit\/urne-en-acajou-avec-fleur-darum\/","name":"Urne en acajou avec fleur d'arum","isPartOf":{"@id":"https:\/\/www.rememberme-forever.com\/fr\/#website"},"primaryImageOfPage":{"@id":"https:\/\/www.rememberme-forever.com\/fr\/produit\/urne-en-acajou-avec-fleur-darum\/#primaryimage"},"image":{"@id":"https:\/\/www.rememberme-forever.com\/fr\/produit\/urne-en-acajou-avec-fleur-darum\/#primaryimage"},"thumbnailUrl":"https:\/\/www.rememberme-forever.com\/wp-content\/uploads\/2023\/04\/mahogany-wooden-urn-with-calla-lily.jpg","datePublished":"2023-04-17T11:38:13+00:00","dateModified":"2026-02-20T13:13:40+00:00","description":"D\u00e9couvrez notre urne en acajou avec fleur d'arum - un hommage saisissant pour honorer la m\u00e9moire de votre \u00eatre cher.","breadcrumb":{"@id":"https:\/\/www.rememberme-forever.com\/fr\/produit\/urne-en-acajou-avec-fleur-darum\/#breadcrumb"},"inLanguage":"fr-FR","potentialAction":[{"@type":"ReadAction","target":["https:\/\/www.rememberme-forever.com\/fr\/produit\/urne-en-acajou-avec-fleur-darum\/"]}]},{"@type":"ImageObject","inLanguage":"fr-FR","@id":"https:\/\/www.rememberme-forever.com\/fr\/produit\/urne-en-acajou-avec-fleur-darum\/#primaryimage","url":"https:\/\/www.rememberme-forever.com\/wp-content\/uploads\/2023\/04\/mahogany-wooden-urn-with-calla-lily.jpg","contentUrl":"https:\/\/www.rememberme-forever.com\/wp-content\/uploads\/2023\/04\/mahogany-wooden-urn-with-calla-lily.jpg","width":768,"height":781,"caption":"urne en bois d'acajou avec arum, Urne en acajou avec fleur d'arum"},{"@type":"BreadcrumbList","@id":"https:\/\/www.rememberme-forever.com\/fr\/produit\/urne-en-acajou-avec-fleur-darum\/#breadcrumb","itemListElement":[{"@type":"ListItem","position":1,"name":"Home","item":"https:\/\/www.rememberme-forever.com\/fr\/accueil\/"},{"@type":"ListItem","position":2,"name":"Boutique","item":"https:\/\/www.rememberme-forever.com\/fr\/boutique\/"},{"@type":"ListItem","position":3,"name":"Urne en acajou avec fleur d&#8217;arum"}]},{"@type":"WebSite","@id":"https:\/\/www.rememberme-forever.com\/fr\/#website","url":"https:\/\/www.rememberme-forever.com\/fr\/","name":"Remember Forever","description":"Cremation urns, funeral urns, urns for ashes","publisher":{"@id":"https:\/\/www.rememberme-forever.com\/fr\/#organization"},"potentialAction":[{"@type":"SearchAction","target":{"@type":"EntryPoint","urlTemplate":"https:\/\/www.rememberme-forever.com\/fr\/?s={search_term_string}"},"query-input":{"@type":"PropertyValueSpecification","valueRequired":true,"valueName":"search_term_string"}}],"inLanguage":"fr-FR"},{"@type":"Organization","@id":"https:\/\/www.rememberme-forever.com\/fr\/#organization","name":"Remember Forever","url":"https:\/\/www.rememberme-forever.com\/fr\/","logo":{"@type":"ImageObject","inLanguage":"fr-FR","@id":"https:\/\/www.rememberme-forever.com\/fr\/#\/schema\/logo\/image\/","url":"https:\/\/www.rememberme-forever.com\/wp-content\/uploads\/2023\/02\/logo.png","contentUrl":"https:\/\/www.rememberme-forever.com\/wp-content\/uploads\/2023\/02\/logo.png","width":300,"height":56,"caption":"Remember Forever"},"image":{"@id":"https:\/\/www.rememberme-forever.com\/fr\/#\/schema\/logo\/image\/"}}]}},"acf":[],"_links":{"self":[{"href":"https:\/\/www.rememberme-forever.com\/fr\/wp-json\/wp\/v2\/product\/26077","targetHints":{"allow":["GET"]}}],"collection":[{"href":"https:\/\/www.rememberme-forever.com\/fr\/wp-json\/wp\/v2\/product"}],"about":[{"href":"https:\/\/www.rememberme-forever.com\/fr\/wp-json\/wp\/v2\/types\/product"}],"wp:featuredmedia":[{"embeddable":true,"href":"https:\/\/www.rememberme-forever.com\/fr\/wp-json\/wp\/v2\/media\/26044"}],"wp:attachment":[{"href":"https:\/\/www.rememberme-forever.com\/fr\/wp-json\/wp\/v2\/media?parent=26077"}],"wp:term":[{"taxonomy":"product_brand","embeddable":true,"href":"https:\/\/www.rememberme-forever.com\/fr\/wp-json\/wp\/v2\/product_brand?post=26077"},{"taxonomy":"product_cat","embeddable":true,"href":"https:\/\/www.rememberme-forever.com\/fr\/wp-json\/wp\/v2\/product_cat?post=26077"},{"taxonomy":"product_tag","embeddable":true,"href":"https:\/\/www.rememberme-forever.com\/fr\/wp-json\/wp\/v2\/product_tag?post=26077"}],"curies":[{"name":"wp","href":"https:\/\/api.w.org\/{rel}","templated":true}]}}