{"id":26083,"date":"2023-04-17T14:16:45","date_gmt":"2023-04-17T12:16:45","guid":{"rendered":"https:\/\/www.rememberme-forever.com\/product\/coffret-cineraire-en-acajou\/"},"modified":"2026-02-20T14:14:26","modified_gmt":"2026-02-20T13:14:26","slug":"coffret-cineraire-en-acajou","status":"publish","type":"product","link":"https:\/\/www.rememberme-forever.com\/fr\/produit\/coffret-cineraire-en-acajou\/","title":{"rendered":"Coffret cin\u00e9raire en acajou"},"content":{"rendered":"<div style=\"width: 100%; margin-bottom: 30px; height: max-content; padding-bottom: 60%; position: relative;\"><iframe style=\"position: absolute; top: 0; left: 0; width: 100%; height: 100%;\" src=\"https:\/\/rememberme-urns.com\/mahogany-box-shaped-urn\/\" frameborder=\"0\"><\/iframe><\/div>\n<div style=\"color: red; text-align: center; margin-bottom: 25px;\">\n<p>&gt;&gt; Rotation de la photo &#8211; appuyer\/zoomer &lt;&lt;<\/p>\n<\/div>\n<h2 style=\"text-align: center;\">Coffret cin\u00e9raire en acajou<\/h2>\n<p style=\"text-align: center;\">D\u00e9couvrez notre sublime <strong>Coffret cin\u00e9raire en acajou<\/strong> \u2013 un hommage intemporel pour honorer la vie et l\u2019h\u00e9ritage de votre \u00eatre cher. Fabriqu\u00e9e \u00e0 la main \u00e0 partir du bois d\u2019acajou le plus raffin\u00e9, cette urne magnifique arbore une finition profonde et riche qui d\u00e9gage chaleur et \u00e9l\u00e9gance.<\/p>\n<p style=\"text-align: center;\">Les motifs de grain complexes du bois d\u2019acajou sont magnifiquement mis en valeur par le savoir-faire expert de nos artisans qualifi\u00e9s, faisant de chaque urne une \u0153uvre d\u2019art unique et singuli\u00e8re.<\/p>\n<p style=\"text-align: center;\">Mais ce qui distingue v\u00e9ritablement ce coffret cin\u00e9raire, c\u2019est la possibilit\u00e9 d\u2019ajouter une plaque comm\u00e9morative en argent avec votre propre texte personnalis\u00e9 et un embl\u00e8me de croix ou de rose. Nous graverons m\u00e9ticuleusement les mots de votre choix sur la plaque, cr\u00e9ant ainsi un hommage magnifique et durable \u00e0 la m\u00e9moire de votre \u00eatre cher.<\/p>\n<p style=\"text-align: center;\">Ce Coffret cin\u00e9raire en acajou n\u2019est pas seulement un contenant pour les cendres, c\u2019est une belle pi\u00e8ce de mobilier qui deviendra un pr\u00e9cieux h\u00e9ritage familial pour les g\u00e9n\u00e9rations \u00e0 venir. Sa construction solide et son design classique garantissent qu\u2019il r\u00e9sistera \u00e0 l\u2019\u00e9preuve du temps, devenant un rappel r\u00e9confortant de l\u2019amour durable et des souvenirs que vous avez partag\u00e9s avec votre \u00eatre cher.<\/p>\n<p style=\"text-align: center;\">En tenant ce magnifique coffret, vous serez rempli d\u2019un sentiment de paix et de r\u00e9confort, sachant que votre \u00eatre cher repose dans un lieu de repos final v\u00e9ritablement beau et digne. C\u2019est un hommage appropri\u00e9 \u00e0 une vie bien v\u00e9cue, et un t\u00e9moignage de l\u2019h\u00e9ritage durable de votre membre de famille ou ami bien-aim\u00e9.<\/p>\n<p>&nbsp;<\/p>\n<h3 style=\"text-align: center;\"><strong>PERSONNALISATION<\/strong><\/h3>\n<p style=\"text-align: center;\">Si vous choisissez une plaque personnalis\u00e9e, veuillez soumettre du texte dans le cadre de personnalisation du produit.<\/p>\n<p style=\"text-align: center;\">La plaque comm\u00e9morative personnalis\u00e9e doit \u00eatre personnalis\u00e9e lors de votre commande. (Pas de panique si vous la manquez ; vous pouvez toujours nous contacter ult\u00e9rieurement.)<\/p>\n<p style=\"text-align: center;\">Veuillez examiner attentivement le texte \u00e0 graver avant d&rsquo;ajouter l&rsquo;article au panier. Nous reproduisons et gravons les informations exactes re\u00e7ues lors de la commande et n&rsquo;y apportons aucune modification.<\/p>\n<p style=\"text-align: center;\"><strong>Veuillez revoir le texte pour vous assurer que toutes les orthographes sont correctes.<\/strong><\/p>\n<p style=\"text-align: center;\"><img loading=\"lazy\" decoding=\"async\" class=\"alignnone size-medium wp-image-1449\" src=\"http:\/\/www.rememberme-forever.com\/wp-content\/uploads\/2023\/04\/memorial-plaque-cremation-urn-silver-300x153.jpg\" alt=\"Plaque comm\u00e9morative pour urne fun\u00e9raire en argent\" width=\"300\" height=\"153\" srcset=\"https:\/\/www.rememberme-forever.com\/wp-content\/uploads\/2023\/04\/memorial-plaque-cremation-urn-silver-300x153.jpg 300w, https:\/\/www.rememberme-forever.com\/wp-content\/uploads\/2023\/04\/memorial-plaque-cremation-urn-silver-64x33.jpg 64w, https:\/\/www.rememberme-forever.com\/wp-content\/uploads\/2023\/04\/memorial-plaque-cremation-urn-silver.jpg 448w\" sizes=\"auto, (max-width: 300px) 100vw, 300px\" \/><\/p>\n","protected":false},"excerpt":{"rendered":"<p>Un merveilleux lieu de repos paisible final pour un \u00eatre cher.<\/p>\n<p><strong>Peut contenir les cendres d&rsquo;une personne pesant jusqu&rsquo;\u00e0 environ 138 kg. <\/strong><\/p>\n","protected":false},"featured_media":26056,"template":"","meta":{"_acf_changed":false},"product_brand":[],"product_cat":[2431],"product_tag":[3304],"class_list":{"0":"post-26083","1":"product","2":"type-product","3":"status-publish","4":"has-post-thumbnail","6":"product_cat-urnes-en-bois","7":"product_tag-gpsr-all-wood-urns","8":"product_shipping_class-2-4kg-fr","10":"first","11":"instock","12":"taxable","13":"shipping-taxable","14":"purchasable","15":"product-type-variable"},"yoast_head":"<!-- This site is optimized with the Yoast SEO plugin v27.4 - https:\/\/yoast.com\/product\/yoast-seo-wordpress\/ -->\n<title>Coffret cin\u00e9raire en acajou<\/title>\n<meta name=\"description\" content=\"D\u00e9couvrez notre sublime Coffret cin\u00e9raire en acajou \u2013 un hommage intemporel pour honorer la vie et l\u2019h\u00e9ritage de votre \u00eatre cher.\" \/>\n<meta name=\"robots\" content=\"index, follow, max-snippet:-1, max-image-preview:large, max-video-preview:-1\" \/>\n<link rel=\"canonical\" href=\"https:\/\/www.rememberme-forever.com\/fr\/produit\/coffret-cineraire-en-acajou\/\" \/>\n<meta property=\"og:locale\" content=\"fr_FR\" \/>\n<meta property=\"og:type\" content=\"article\" \/>\n<meta property=\"og:title\" content=\"Coffret cin\u00e9raire en acajou\" \/>\n<meta property=\"og:description\" content=\"D\u00e9couvrez notre sublime Coffret cin\u00e9raire en acajou \u2013 un hommage intemporel pour honorer la vie et l\u2019h\u00e9ritage de votre \u00eatre cher.\" \/>\n<meta property=\"og:url\" content=\"https:\/\/www.rememberme-forever.com\/fr\/produit\/coffret-cineraire-en-acajou\/\" \/>\n<meta property=\"og:site_name\" content=\"Remember Forever\" \/>\n<meta property=\"article:modified_time\" content=\"2026-02-20T13:14:26+00:00\" \/>\n<meta property=\"og:image\" content=\"http:\/\/www.rememberme-forever.com\/wp-content\/uploads\/2023\/04\/mahognay-cremation-ashes-casket.jpg\" \/>\n\t<meta property=\"og:image:width\" content=\"768\" \/>\n\t<meta property=\"og:image:height\" content=\"781\" \/>\n\t<meta property=\"og:image:type\" content=\"image\/jpeg\" \/>\n<meta name=\"twitter:card\" content=\"summary_large_image\" \/>\n<meta name=\"twitter:label1\" content=\"Dur\u00e9e de lecture estim\u00e9e\" \/>\n\t<meta name=\"twitter:data1\" content=\"2 minutes\" \/>\n<script type=\"application\/ld+json\" class=\"yoast-schema-graph\">{\"@context\":\"https:\\\/\\\/schema.org\",\"@graph\":[{\"@type\":\"WebPage\",\"@id\":\"https:\\\/\\\/www.rememberme-forever.com\\\/fr\\\/produit\\\/coffret-cineraire-en-acajou\\\/\",\"url\":\"https:\\\/\\\/www.rememberme-forever.com\\\/fr\\\/produit\\\/coffret-cineraire-en-acajou\\\/\",\"name\":\"Coffret cin\u00e9raire en acajou\",\"isPartOf\":{\"@id\":\"https:\\\/\\\/www.rememberme-forever.com\\\/fr\\\/#website\"},\"primaryImageOfPage\":{\"@id\":\"https:\\\/\\\/www.rememberme-forever.com\\\/fr\\\/produit\\\/coffret-cineraire-en-acajou\\\/#primaryimage\"},\"image\":{\"@id\":\"https:\\\/\\\/www.rememberme-forever.com\\\/fr\\\/produit\\\/coffret-cineraire-en-acajou\\\/#primaryimage\"},\"thumbnailUrl\":\"https:\\\/\\\/www.rememberme-forever.com\\\/wp-content\\\/uploads\\\/2023\\\/04\\\/mahognay-cremation-ashes-casket.jpg\",\"datePublished\":\"2023-04-17T12:16:45+00:00\",\"dateModified\":\"2026-02-20T13:14:26+00:00\",\"description\":\"D\u00e9couvrez notre sublime Coffret cin\u00e9raire en acajou \u2013 un hommage intemporel pour honorer la vie et l\u2019h\u00e9ritage de votre \u00eatre cher.\",\"breadcrumb\":{\"@id\":\"https:\\\/\\\/www.rememberme-forever.com\\\/fr\\\/produit\\\/coffret-cineraire-en-acajou\\\/#breadcrumb\"},\"inLanguage\":\"fr-FR\",\"potentialAction\":[{\"@type\":\"ReadAction\",\"target\":[\"https:\\\/\\\/www.rememberme-forever.com\\\/fr\\\/produit\\\/coffret-cineraire-en-acajou\\\/\"]}]},{\"@type\":\"ImageObject\",\"inLanguage\":\"fr-FR\",\"@id\":\"https:\\\/\\\/www.rememberme-forever.com\\\/fr\\\/produit\\\/coffret-cineraire-en-acajou\\\/#primaryimage\",\"url\":\"https:\\\/\\\/www.rememberme-forever.com\\\/wp-content\\\/uploads\\\/2023\\\/04\\\/mahognay-cremation-ashes-casket.jpg\",\"contentUrl\":\"https:\\\/\\\/www.rememberme-forever.com\\\/wp-content\\\/uploads\\\/2023\\\/04\\\/mahognay-cremation-ashes-casket.jpg\",\"width\":768,\"height\":781,\"caption\":\"Coffret cin\u00e9raire en acajou\"},{\"@type\":\"BreadcrumbList\",\"@id\":\"https:\\\/\\\/www.rememberme-forever.com\\\/fr\\\/produit\\\/coffret-cineraire-en-acajou\\\/#breadcrumb\",\"itemListElement\":[{\"@type\":\"ListItem\",\"position\":1,\"name\":\"Home\",\"item\":\"https:\\\/\\\/www.rememberme-forever.com\\\/fr\\\/accueil\\\/\"},{\"@type\":\"ListItem\",\"position\":2,\"name\":\"Boutique\",\"item\":\"https:\\\/\\\/www.rememberme-forever.com\\\/fr\\\/boutique\\\/\"},{\"@type\":\"ListItem\",\"position\":3,\"name\":\"Coffret cin\u00e9raire en acajou\"}]},{\"@type\":\"WebSite\",\"@id\":\"https:\\\/\\\/www.rememberme-forever.com\\\/fr\\\/#website\",\"url\":\"https:\\\/\\\/www.rememberme-forever.com\\\/fr\\\/\",\"name\":\"Remember Forever\",\"description\":\"Cremation urns, funeral urns, urns for ashes\",\"publisher\":{\"@id\":\"https:\\\/\\\/www.rememberme-forever.com\\\/fr\\\/#organization\"},\"potentialAction\":[{\"@type\":\"SearchAction\",\"target\":{\"@type\":\"EntryPoint\",\"urlTemplate\":\"https:\\\/\\\/www.rememberme-forever.com\\\/fr\\\/?s={search_term_string}\"},\"query-input\":{\"@type\":\"PropertyValueSpecification\",\"valueRequired\":true,\"valueName\":\"search_term_string\"}}],\"inLanguage\":\"fr-FR\"},{\"@type\":\"Organization\",\"@id\":\"https:\\\/\\\/www.rememberme-forever.com\\\/fr\\\/#organization\",\"name\":\"Remember Forever\",\"url\":\"https:\\\/\\\/www.rememberme-forever.com\\\/fr\\\/\",\"logo\":{\"@type\":\"ImageObject\",\"inLanguage\":\"fr-FR\",\"@id\":\"https:\\\/\\\/www.rememberme-forever.com\\\/fr\\\/#\\\/schema\\\/logo\\\/image\\\/\",\"url\":\"https:\\\/\\\/www.rememberme-forever.com\\\/wp-content\\\/uploads\\\/2023\\\/02\\\/logo.png\",\"contentUrl\":\"https:\\\/\\\/www.rememberme-forever.com\\\/wp-content\\\/uploads\\\/2023\\\/02\\\/logo.png\",\"width\":300,\"height\":56,\"caption\":\"Remember Forever\"},\"image\":{\"@id\":\"https:\\\/\\\/www.rememberme-forever.com\\\/fr\\\/#\\\/schema\\\/logo\\\/image\\\/\"}}]}<\/script>\n<!-- \/ Yoast SEO plugin. -->","yoast_head_json":{"title":"Coffret cin\u00e9raire en acajou","description":"D\u00e9couvrez notre sublime Coffret cin\u00e9raire en acajou \u2013 un hommage intemporel pour honorer la vie et l\u2019h\u00e9ritage de votre \u00eatre cher.","robots":{"index":"index","follow":"follow","max-snippet":"max-snippet:-1","max-image-preview":"max-image-preview:large","max-video-preview":"max-video-preview:-1"},"canonical":"https:\/\/www.rememberme-forever.com\/fr\/produit\/coffret-cineraire-en-acajou\/","og_locale":"fr_FR","og_type":"article","og_title":"Coffret cin\u00e9raire en acajou","og_description":"D\u00e9couvrez notre sublime Coffret cin\u00e9raire en acajou \u2013 un hommage intemporel pour honorer la vie et l\u2019h\u00e9ritage de votre \u00eatre cher.","og_url":"https:\/\/www.rememberme-forever.com\/fr\/produit\/coffret-cineraire-en-acajou\/","og_site_name":"Remember Forever","article_modified_time":"2026-02-20T13:14:26+00:00","og_image":[{"width":768,"height":781,"url":"http:\/\/www.rememberme-forever.com\/wp-content\/uploads\/2023\/04\/mahognay-cremation-ashes-casket.jpg","type":"image\/jpeg"}],"twitter_card":"summary_large_image","twitter_misc":{"Dur\u00e9e de lecture estim\u00e9e":"2 minutes"},"schema":{"@context":"https:\/\/schema.org","@graph":[{"@type":"WebPage","@id":"https:\/\/www.rememberme-forever.com\/fr\/produit\/coffret-cineraire-en-acajou\/","url":"https:\/\/www.rememberme-forever.com\/fr\/produit\/coffret-cineraire-en-acajou\/","name":"Coffret cin\u00e9raire en acajou","isPartOf":{"@id":"https:\/\/www.rememberme-forever.com\/fr\/#website"},"primaryImageOfPage":{"@id":"https:\/\/www.rememberme-forever.com\/fr\/produit\/coffret-cineraire-en-acajou\/#primaryimage"},"image":{"@id":"https:\/\/www.rememberme-forever.com\/fr\/produit\/coffret-cineraire-en-acajou\/#primaryimage"},"thumbnailUrl":"https:\/\/www.rememberme-forever.com\/wp-content\/uploads\/2023\/04\/mahognay-cremation-ashes-casket.jpg","datePublished":"2023-04-17T12:16:45+00:00","dateModified":"2026-02-20T13:14:26+00:00","description":"D\u00e9couvrez notre sublime Coffret cin\u00e9raire en acajou \u2013 un hommage intemporel pour honorer la vie et l\u2019h\u00e9ritage de votre \u00eatre cher.","breadcrumb":{"@id":"https:\/\/www.rememberme-forever.com\/fr\/produit\/coffret-cineraire-en-acajou\/#breadcrumb"},"inLanguage":"fr-FR","potentialAction":[{"@type":"ReadAction","target":["https:\/\/www.rememberme-forever.com\/fr\/produit\/coffret-cineraire-en-acajou\/"]}]},{"@type":"ImageObject","inLanguage":"fr-FR","@id":"https:\/\/www.rememberme-forever.com\/fr\/produit\/coffret-cineraire-en-acajou\/#primaryimage","url":"https:\/\/www.rememberme-forever.com\/wp-content\/uploads\/2023\/04\/mahognay-cremation-ashes-casket.jpg","contentUrl":"https:\/\/www.rememberme-forever.com\/wp-content\/uploads\/2023\/04\/mahognay-cremation-ashes-casket.jpg","width":768,"height":781,"caption":"Coffret cin\u00e9raire en acajou"},{"@type":"BreadcrumbList","@id":"https:\/\/www.rememberme-forever.com\/fr\/produit\/coffret-cineraire-en-acajou\/#breadcrumb","itemListElement":[{"@type":"ListItem","position":1,"name":"Home","item":"https:\/\/www.rememberme-forever.com\/fr\/accueil\/"},{"@type":"ListItem","position":2,"name":"Boutique","item":"https:\/\/www.rememberme-forever.com\/fr\/boutique\/"},{"@type":"ListItem","position":3,"name":"Coffret cin\u00e9raire en acajou"}]},{"@type":"WebSite","@id":"https:\/\/www.rememberme-forever.com\/fr\/#website","url":"https:\/\/www.rememberme-forever.com\/fr\/","name":"Remember Forever","description":"Cremation urns, funeral urns, urns for ashes","publisher":{"@id":"https:\/\/www.rememberme-forever.com\/fr\/#organization"},"potentialAction":[{"@type":"SearchAction","target":{"@type":"EntryPoint","urlTemplate":"https:\/\/www.rememberme-forever.com\/fr\/?s={search_term_string}"},"query-input":{"@type":"PropertyValueSpecification","valueRequired":true,"valueName":"search_term_string"}}],"inLanguage":"fr-FR"},{"@type":"Organization","@id":"https:\/\/www.rememberme-forever.com\/fr\/#organization","name":"Remember Forever","url":"https:\/\/www.rememberme-forever.com\/fr\/","logo":{"@type":"ImageObject","inLanguage":"fr-FR","@id":"https:\/\/www.rememberme-forever.com\/fr\/#\/schema\/logo\/image\/","url":"https:\/\/www.rememberme-forever.com\/wp-content\/uploads\/2023\/02\/logo.png","contentUrl":"https:\/\/www.rememberme-forever.com\/wp-content\/uploads\/2023\/02\/logo.png","width":300,"height":56,"caption":"Remember Forever"},"image":{"@id":"https:\/\/www.rememberme-forever.com\/fr\/#\/schema\/logo\/image\/"}}]}},"acf":[],"_links":{"self":[{"href":"https:\/\/www.rememberme-forever.com\/fr\/wp-json\/wp\/v2\/product\/26083","targetHints":{"allow":["GET"]}}],"collection":[{"href":"https:\/\/www.rememberme-forever.com\/fr\/wp-json\/wp\/v2\/product"}],"about":[{"href":"https:\/\/www.rememberme-forever.com\/fr\/wp-json\/wp\/v2\/types\/product"}],"wp:featuredmedia":[{"embeddable":true,"href":"https:\/\/www.rememberme-forever.com\/fr\/wp-json\/wp\/v2\/media\/26056"}],"wp:attachment":[{"href":"https:\/\/www.rememberme-forever.com\/fr\/wp-json\/wp\/v2\/media?parent=26083"}],"wp:term":[{"taxonomy":"product_brand","embeddable":true,"href":"https:\/\/www.rememberme-forever.com\/fr\/wp-json\/wp\/v2\/product_brand?post=26083"},{"taxonomy":"product_cat","embeddable":true,"href":"https:\/\/www.rememberme-forever.com\/fr\/wp-json\/wp\/v2\/product_cat?post=26083"},{"taxonomy":"product_tag","embeddable":true,"href":"https:\/\/www.rememberme-forever.com\/fr\/wp-json\/wp\/v2\/product_tag?post=26083"}],"curies":[{"name":"wp","href":"https:\/\/api.w.org\/{rel}","templated":true}]}}