{"id":26125,"date":"2023-04-17T15:34:33","date_gmt":"2023-04-17T13:34:33","guid":{"rendered":"https:\/\/www.rememberme-forever.com\/product\/urne-de-cremation-pour-animal-sphere-en-acier-inoxydable-pour-cendres\/"},"modified":"2026-02-23T11:58:50","modified_gmt":"2026-02-23T10:58:50","slug":"urne-de-cremation-pour-animal-sphere-en-acier-inoxydable-pour-cendres","status":"publish","type":"product","link":"https:\/\/www.rememberme-forever.com\/fr\/produit\/urne-de-cremation-pour-animal-sphere-en-acier-inoxydable-pour-cendres\/","title":{"rendered":"Urne de cr\u00e9mation pour animal, sph\u00e8re en acier inoxydable pour cendres"},"content":{"rendered":"<div style=\"width: 100%; margin-bottom: 30px; height: max-content; padding-bottom: 60%; position: relative;\"><iframe style=\"position: absolute; top: 0; left: 0; width: 100%; height: 100%;\" src=\"https:\/\/rememberme-urns.com\/decotative-pet-urn-for-dog-or-cat\/\" frameborder=\"0\"><\/iframe><\/div>\n<div style=\"color: red; text-align: center; margin-bottom: 25px;\">\n<p>&gt;&gt; Rotation de la photo &#8211; appuyer\/zoomer &lt;&lt;<\/p>\n<\/div>\n<h2 style=\"text-align: center;\">Urne de cr\u00e9mation pour animal<\/h2>\n<p style=\"text-align: center;\">D\u00e9couvrez notre superbe <strong>urne de cr\u00e9mation pour animal<\/strong> : une fa\u00e7on belle et digne d\u2019honorer la m\u00e9moire de votre compagnon bien-aim\u00e9. Cette urne remarquable est fabriqu\u00e9e en acier inoxydable de haute qualit\u00e9, avec un design sph\u00e9rique \u00e9pur\u00e9 qui d\u00e9gage une \u00e9l\u00e9gance moderne.<\/p>\n<p style=\"text-align: center;\">L\u2019urne repose sur une base en marbre massif, renfor\u00e7ant son charme intemporel et garantissant qu\u2019elle restera un hommage pr\u00e9cieux \u00e0 votre animal pendant des ann\u00e9es. La base pr\u00e9sente \u00e9galement une d\u00e9coration \u00e0 double c\u0153ur \u00e0 l\u2019avant, symbole de l\u2019amour et du lien que vous partagiez avec votre compagnon \u00e0 quatre pattes.<\/p>\n<p style=\"text-align: center;\">Pour une touche personnelle, vous pouvez ajouter une plaque comm\u00e9morative avec votre propre texte. Nous graverons soigneusement vos mots sur la plaque, cr\u00e9ant ainsi un hommage magnifique et durable \u00e0 la m\u00e9moire de votre animal.<\/p>\n<p style=\"text-align: center;\">Cette urne de cr\u00e9mation pour animal dispose d\u2019une ouverture pratique par le dessous, permettant de d\u00e9poser les cendres de votre animal facilement et en toute discr\u00e9tion. Sa construction robuste garantit que les restes de votre animal seront conserv\u00e9s en toute s\u00e9curit\u00e9, pour vous apporter s\u00e9r\u00e9nit\u00e9 et r\u00e9confort en cette p\u00e9riode difficile.<\/p>\n<p style=\"text-align: center;\">En tenant cette magnifique urne entre vos mains, vous ressentirez un sentiment de r\u00e9confort et de paix, sachant que la m\u00e9moire de votre animal ador\u00e9 est honor\u00e9e avec la plus grande dignit\u00e9. C&rsquo;est un hommage m\u00e9rit\u00e9 \u00e0 une vie remplie d&rsquo;amour et de compagnie, et un t\u00e9moignage durable du lien privil\u00e9gi\u00e9 que vous avez partag\u00e9 avec lui.<\/p>\n<p>&nbsp;<\/p>\n<h3 style=\"text-align: center;\"><strong>PERSONNALISATION<\/strong><\/h3>\n<p style=\"text-align: center;\">Si vous choisissez une plaque personnalis\u00e9e, veuillez soumettre du texte dans le cadre de personnalisation du produit.<\/p>\n<p style=\"text-align: center;\">La plaque comm\u00e9morative personnalis\u00e9e doit \u00eatre personnalis\u00e9e lors de votre commande. (Pas de panique si vous la manquez ; vous pouvez toujours nous contacter ult\u00e9rieurement.)<\/p>\n<p style=\"text-align: center;\">Veuillez examiner attentivement le texte \u00e0 graver avant d&rsquo;ajouter l&rsquo;article au panier. Nous reproduisons et gravons les informations exactes re\u00e7ues lors de la commande et n&rsquo;y apportons aucune modification.<\/p>\n<p style=\"text-align: center;\"><strong>Veuillez revoir le texte pour vous assurer que toutes les orthographes sont correctes.<\/strong><\/p>\n<p><img loading=\"lazy\" decoding=\"async\" class=\"wp-image-2260 aligncenter\" src=\"http:\/\/www.rememberme-forever.com\/wp-content\/uploads\/2023\/04\/pet-memorial-plaque-300x148.jpg\" alt=\"Plaque fun\u00e9raire pour animal\" width=\"243\" height=\"120\" srcset=\"https:\/\/www.rememberme-forever.com\/wp-content\/uploads\/2023\/04\/pet-memorial-plaque-300x148.jpg 300w, https:\/\/www.rememberme-forever.com\/wp-content\/uploads\/2023\/04\/pet-memorial-plaque-1024x504.jpg 1024w, https:\/\/www.rememberme-forever.com\/wp-content\/uploads\/2023\/04\/pet-memorial-plaque-768x378.jpg 768w, https:\/\/www.rememberme-forever.com\/wp-content\/uploads\/2023\/04\/pet-memorial-plaque-1536x756.jpg 1536w, https:\/\/www.rememberme-forever.com\/wp-content\/uploads\/2023\/04\/pet-memorial-plaque-600x295.jpg 600w, https:\/\/www.rememberme-forever.com\/wp-content\/uploads\/2023\/04\/pet-memorial-plaque-64x32.jpg 64w, https:\/\/www.rememberme-forever.com\/wp-content\/uploads\/2023\/04\/pet-memorial-plaque.jpg 1588w\" sizes=\"auto, (max-width: 243px) 100vw, 243px\" \/><\/p>\n","protected":false},"excerpt":{"rendered":"<p><strong>Urne de cr\u00e9mation unique en acier inoxydable pour animal.<\/strong><\/p>\n<p class=\"display-inline mr-xs-1\">Poids approximatif = Volume approximatif en pouces cubes 0-30 kg = 79 pouces cubes.<\/p>\n<p>\u2705 Cette urne ne convient pas \u00e0 un usage ext\u00e9rieur. Consultez nos <a href=\"https:\/\/www.rememberme-forever.com\/fr\/categorie-produit\/urnes-dexterieur\/\" target=\"_blank\" rel=\"noopener\"><strong>urnes d&rsquo;ext\u00e9rieur. &gt;&gt;<\/strong><\/a><\/p>\n","protected":false},"featured_media":26117,"template":"","meta":{"_acf_changed":false},"product_brand":[],"product_cat":[2415,2417],"product_tag":[3345],"class_list":{"0":"post-26125","1":"product","2":"type-product","3":"status-publish","4":"has-post-thumbnail","6":"product_cat-urnes-en-metal","7":"product_cat-urnes-funeraires-pour-animaux-de-compagnie","8":"product_tag-gpsr-metal_stonebase","9":"product_shipping_class-4-5-kg","11":"first","12":"instock","13":"taxable","14":"shipping-taxable","15":"purchasable","16":"product-type-simple"},"yoast_head":"<!-- This site is optimized with the Yoast SEO plugin v27.4 - https:\/\/yoast.com\/product\/yoast-seo-wordpress\/ -->\n<title>Urne de cr\u00e9mation pour animal, sph\u00e8re en acier inoxydable pour cendres<\/title>\n<meta name=\"description\" content=\"D\u00e9couvrez notre superbe urne de cr\u00e9mation pour animal : une fa\u00e7on belle et digne d\u2019honorer la m\u00e9moire de votre compagnon bien-aim\u00e9.\" \/>\n<meta name=\"robots\" content=\"index, follow, max-snippet:-1, max-image-preview:large, max-video-preview:-1\" \/>\n<link rel=\"canonical\" href=\"https:\/\/www.rememberme-forever.com\/fr\/produit\/urne-de-cremation-pour-animal-sphere-en-acier-inoxydable-pour-cendres\/\" \/>\n<meta property=\"og:locale\" content=\"fr_FR\" \/>\n<meta property=\"og:type\" content=\"article\" \/>\n<meta property=\"og:title\" content=\"Urne de cr\u00e9mation pour animal, sph\u00e8re en acier inoxydable pour cendres\" \/>\n<meta property=\"og:description\" content=\"D\u00e9couvrez notre superbe urne de cr\u00e9mation pour animal : une fa\u00e7on belle et digne d\u2019honorer la m\u00e9moire de votre compagnon bien-aim\u00e9.\" \/>\n<meta property=\"og:url\" content=\"https:\/\/www.rememberme-forever.com\/fr\/produit\/urne-de-cremation-pour-animal-sphere-en-acier-inoxydable-pour-cendres\/\" \/>\n<meta property=\"og:site_name\" content=\"Remember Forever\" \/>\n<meta property=\"article:modified_time\" content=\"2026-02-23T10:58:50+00:00\" \/>\n<meta property=\"og:image\" content=\"http:\/\/www.rememberme-forever.com\/wp-content\/uploads\/2023\/04\/pet-cremation-urn.jpg\" \/>\n\t<meta property=\"og:image:width\" content=\"768\" \/>\n\t<meta property=\"og:image:height\" content=\"768\" \/>\n\t<meta property=\"og:image:type\" content=\"image\/jpeg\" \/>\n<meta name=\"twitter:card\" content=\"summary_large_image\" \/>\n<meta name=\"twitter:label1\" content=\"Dur\u00e9e de lecture estim\u00e9e\" \/>\n\t<meta name=\"twitter:data1\" content=\"3 minutes\" \/>\n<script type=\"application\/ld+json\" class=\"yoast-schema-graph\">{\"@context\":\"https:\\\/\\\/schema.org\",\"@graph\":[{\"@type\":\"WebPage\",\"@id\":\"https:\\\/\\\/www.rememberme-forever.com\\\/fr\\\/produit\\\/urne-de-cremation-pour-animal-sphere-en-acier-inoxydable-pour-cendres\\\/\",\"url\":\"https:\\\/\\\/www.rememberme-forever.com\\\/fr\\\/produit\\\/urne-de-cremation-pour-animal-sphere-en-acier-inoxydable-pour-cendres\\\/\",\"name\":\"Urne de cr\u00e9mation pour animal, sph\u00e8re en acier inoxydable pour cendres\",\"isPartOf\":{\"@id\":\"https:\\\/\\\/www.rememberme-forever.com\\\/fr\\\/#website\"},\"primaryImageOfPage\":{\"@id\":\"https:\\\/\\\/www.rememberme-forever.com\\\/fr\\\/produit\\\/urne-de-cremation-pour-animal-sphere-en-acier-inoxydable-pour-cendres\\\/#primaryimage\"},\"image\":{\"@id\":\"https:\\\/\\\/www.rememberme-forever.com\\\/fr\\\/produit\\\/urne-de-cremation-pour-animal-sphere-en-acier-inoxydable-pour-cendres\\\/#primaryimage\"},\"thumbnailUrl\":\"https:\\\/\\\/www.rememberme-forever.com\\\/wp-content\\\/uploads\\\/2023\\\/04\\\/pet-cremation-urn.jpg\",\"datePublished\":\"2023-04-17T13:34:33+00:00\",\"dateModified\":\"2026-02-23T10:58:50+00:00\",\"description\":\"D\u00e9couvrez notre superbe urne de cr\u00e9mation pour animal : une fa\u00e7on belle et digne d\u2019honorer la m\u00e9moire de votre compagnon bien-aim\u00e9.\",\"breadcrumb\":{\"@id\":\"https:\\\/\\\/www.rememberme-forever.com\\\/fr\\\/produit\\\/urne-de-cremation-pour-animal-sphere-en-acier-inoxydable-pour-cendres\\\/#breadcrumb\"},\"inLanguage\":\"fr-FR\",\"potentialAction\":[{\"@type\":\"ReadAction\",\"target\":[\"https:\\\/\\\/www.rememberme-forever.com\\\/fr\\\/produit\\\/urne-de-cremation-pour-animal-sphere-en-acier-inoxydable-pour-cendres\\\/\"]}]},{\"@type\":\"ImageObject\",\"inLanguage\":\"fr-FR\",\"@id\":\"https:\\\/\\\/www.rememberme-forever.com\\\/fr\\\/produit\\\/urne-de-cremation-pour-animal-sphere-en-acier-inoxydable-pour-cendres\\\/#primaryimage\",\"url\":\"https:\\\/\\\/www.rememberme-forever.com\\\/wp-content\\\/uploads\\\/2023\\\/04\\\/pet-cremation-urn.jpg\",\"contentUrl\":\"https:\\\/\\\/www.rememberme-forever.com\\\/wp-content\\\/uploads\\\/2023\\\/04\\\/pet-cremation-urn.jpg\",\"width\":768,\"height\":768,\"caption\":\"urne de cr\u00e9mation pour animal, urnes de cr\u00e9mation pour chien\"},{\"@type\":\"BreadcrumbList\",\"@id\":\"https:\\\/\\\/www.rememberme-forever.com\\\/fr\\\/produit\\\/urne-de-cremation-pour-animal-sphere-en-acier-inoxydable-pour-cendres\\\/#breadcrumb\",\"itemListElement\":[{\"@type\":\"ListItem\",\"position\":1,\"name\":\"Home\",\"item\":\"https:\\\/\\\/www.rememberme-forever.com\\\/fr\\\/accueil\\\/\"},{\"@type\":\"ListItem\",\"position\":2,\"name\":\"Boutique\",\"item\":\"https:\\\/\\\/www.rememberme-forever.com\\\/fr\\\/boutique\\\/\"},{\"@type\":\"ListItem\",\"position\":3,\"name\":\"Urne de cr\u00e9mation pour animal, sph\u00e8re en acier inoxydable pour cendres\"}]},{\"@type\":\"WebSite\",\"@id\":\"https:\\\/\\\/www.rememberme-forever.com\\\/fr\\\/#website\",\"url\":\"https:\\\/\\\/www.rememberme-forever.com\\\/fr\\\/\",\"name\":\"Remember Forever\",\"description\":\"Cremation urns, funeral urns, urns for ashes\",\"publisher\":{\"@id\":\"https:\\\/\\\/www.rememberme-forever.com\\\/fr\\\/#organization\"},\"potentialAction\":[{\"@type\":\"SearchAction\",\"target\":{\"@type\":\"EntryPoint\",\"urlTemplate\":\"https:\\\/\\\/www.rememberme-forever.com\\\/fr\\\/?s={search_term_string}\"},\"query-input\":{\"@type\":\"PropertyValueSpecification\",\"valueRequired\":true,\"valueName\":\"search_term_string\"}}],\"inLanguage\":\"fr-FR\"},{\"@type\":\"Organization\",\"@id\":\"https:\\\/\\\/www.rememberme-forever.com\\\/fr\\\/#organization\",\"name\":\"Remember Forever\",\"url\":\"https:\\\/\\\/www.rememberme-forever.com\\\/fr\\\/\",\"logo\":{\"@type\":\"ImageObject\",\"inLanguage\":\"fr-FR\",\"@id\":\"https:\\\/\\\/www.rememberme-forever.com\\\/fr\\\/#\\\/schema\\\/logo\\\/image\\\/\",\"url\":\"https:\\\/\\\/www.rememberme-forever.com\\\/wp-content\\\/uploads\\\/2023\\\/02\\\/logo.png\",\"contentUrl\":\"https:\\\/\\\/www.rememberme-forever.com\\\/wp-content\\\/uploads\\\/2023\\\/02\\\/logo.png\",\"width\":300,\"height\":56,\"caption\":\"Remember Forever\"},\"image\":{\"@id\":\"https:\\\/\\\/www.rememberme-forever.com\\\/fr\\\/#\\\/schema\\\/logo\\\/image\\\/\"}}]}<\/script>\n<!-- \/ Yoast SEO plugin. -->","yoast_head_json":{"title":"Urne de cr\u00e9mation pour animal, sph\u00e8re en acier inoxydable pour cendres","description":"D\u00e9couvrez notre superbe urne de cr\u00e9mation pour animal : une fa\u00e7on belle et digne d\u2019honorer la m\u00e9moire de votre compagnon bien-aim\u00e9.","robots":{"index":"index","follow":"follow","max-snippet":"max-snippet:-1","max-image-preview":"max-image-preview:large","max-video-preview":"max-video-preview:-1"},"canonical":"https:\/\/www.rememberme-forever.com\/fr\/produit\/urne-de-cremation-pour-animal-sphere-en-acier-inoxydable-pour-cendres\/","og_locale":"fr_FR","og_type":"article","og_title":"Urne de cr\u00e9mation pour animal, sph\u00e8re en acier inoxydable pour cendres","og_description":"D\u00e9couvrez notre superbe urne de cr\u00e9mation pour animal : une fa\u00e7on belle et digne d\u2019honorer la m\u00e9moire de votre compagnon bien-aim\u00e9.","og_url":"https:\/\/www.rememberme-forever.com\/fr\/produit\/urne-de-cremation-pour-animal-sphere-en-acier-inoxydable-pour-cendres\/","og_site_name":"Remember Forever","article_modified_time":"2026-02-23T10:58:50+00:00","og_image":[{"width":768,"height":768,"url":"http:\/\/www.rememberme-forever.com\/wp-content\/uploads\/2023\/04\/pet-cremation-urn.jpg","type":"image\/jpeg"}],"twitter_card":"summary_large_image","twitter_misc":{"Dur\u00e9e de lecture estim\u00e9e":"3 minutes"},"schema":{"@context":"https:\/\/schema.org","@graph":[{"@type":"WebPage","@id":"https:\/\/www.rememberme-forever.com\/fr\/produit\/urne-de-cremation-pour-animal-sphere-en-acier-inoxydable-pour-cendres\/","url":"https:\/\/www.rememberme-forever.com\/fr\/produit\/urne-de-cremation-pour-animal-sphere-en-acier-inoxydable-pour-cendres\/","name":"Urne de cr\u00e9mation pour animal, sph\u00e8re en acier inoxydable pour cendres","isPartOf":{"@id":"https:\/\/www.rememberme-forever.com\/fr\/#website"},"primaryImageOfPage":{"@id":"https:\/\/www.rememberme-forever.com\/fr\/produit\/urne-de-cremation-pour-animal-sphere-en-acier-inoxydable-pour-cendres\/#primaryimage"},"image":{"@id":"https:\/\/www.rememberme-forever.com\/fr\/produit\/urne-de-cremation-pour-animal-sphere-en-acier-inoxydable-pour-cendres\/#primaryimage"},"thumbnailUrl":"https:\/\/www.rememberme-forever.com\/wp-content\/uploads\/2023\/04\/pet-cremation-urn.jpg","datePublished":"2023-04-17T13:34:33+00:00","dateModified":"2026-02-23T10:58:50+00:00","description":"D\u00e9couvrez notre superbe urne de cr\u00e9mation pour animal : une fa\u00e7on belle et digne d\u2019honorer la m\u00e9moire de votre compagnon bien-aim\u00e9.","breadcrumb":{"@id":"https:\/\/www.rememberme-forever.com\/fr\/produit\/urne-de-cremation-pour-animal-sphere-en-acier-inoxydable-pour-cendres\/#breadcrumb"},"inLanguage":"fr-FR","potentialAction":[{"@type":"ReadAction","target":["https:\/\/www.rememberme-forever.com\/fr\/produit\/urne-de-cremation-pour-animal-sphere-en-acier-inoxydable-pour-cendres\/"]}]},{"@type":"ImageObject","inLanguage":"fr-FR","@id":"https:\/\/www.rememberme-forever.com\/fr\/produit\/urne-de-cremation-pour-animal-sphere-en-acier-inoxydable-pour-cendres\/#primaryimage","url":"https:\/\/www.rememberme-forever.com\/wp-content\/uploads\/2023\/04\/pet-cremation-urn.jpg","contentUrl":"https:\/\/www.rememberme-forever.com\/wp-content\/uploads\/2023\/04\/pet-cremation-urn.jpg","width":768,"height":768,"caption":"urne de cr\u00e9mation pour animal, urnes de cr\u00e9mation pour chien"},{"@type":"BreadcrumbList","@id":"https:\/\/www.rememberme-forever.com\/fr\/produit\/urne-de-cremation-pour-animal-sphere-en-acier-inoxydable-pour-cendres\/#breadcrumb","itemListElement":[{"@type":"ListItem","position":1,"name":"Home","item":"https:\/\/www.rememberme-forever.com\/fr\/accueil\/"},{"@type":"ListItem","position":2,"name":"Boutique","item":"https:\/\/www.rememberme-forever.com\/fr\/boutique\/"},{"@type":"ListItem","position":3,"name":"Urne de cr\u00e9mation pour animal, sph\u00e8re en acier inoxydable pour cendres"}]},{"@type":"WebSite","@id":"https:\/\/www.rememberme-forever.com\/fr\/#website","url":"https:\/\/www.rememberme-forever.com\/fr\/","name":"Remember Forever","description":"Cremation urns, funeral urns, urns for ashes","publisher":{"@id":"https:\/\/www.rememberme-forever.com\/fr\/#organization"},"potentialAction":[{"@type":"SearchAction","target":{"@type":"EntryPoint","urlTemplate":"https:\/\/www.rememberme-forever.com\/fr\/?s={search_term_string}"},"query-input":{"@type":"PropertyValueSpecification","valueRequired":true,"valueName":"search_term_string"}}],"inLanguage":"fr-FR"},{"@type":"Organization","@id":"https:\/\/www.rememberme-forever.com\/fr\/#organization","name":"Remember Forever","url":"https:\/\/www.rememberme-forever.com\/fr\/","logo":{"@type":"ImageObject","inLanguage":"fr-FR","@id":"https:\/\/www.rememberme-forever.com\/fr\/#\/schema\/logo\/image\/","url":"https:\/\/www.rememberme-forever.com\/wp-content\/uploads\/2023\/02\/logo.png","contentUrl":"https:\/\/www.rememberme-forever.com\/wp-content\/uploads\/2023\/02\/logo.png","width":300,"height":56,"caption":"Remember Forever"},"image":{"@id":"https:\/\/www.rememberme-forever.com\/fr\/#\/schema\/logo\/image\/"}}]}},"acf":[],"_links":{"self":[{"href":"https:\/\/www.rememberme-forever.com\/fr\/wp-json\/wp\/v2\/product\/26125","targetHints":{"allow":["GET"]}}],"collection":[{"href":"https:\/\/www.rememberme-forever.com\/fr\/wp-json\/wp\/v2\/product"}],"about":[{"href":"https:\/\/www.rememberme-forever.com\/fr\/wp-json\/wp\/v2\/types\/product"}],"wp:featuredmedia":[{"embeddable":true,"href":"https:\/\/www.rememberme-forever.com\/fr\/wp-json\/wp\/v2\/media\/26117"}],"wp:attachment":[{"href":"https:\/\/www.rememberme-forever.com\/fr\/wp-json\/wp\/v2\/media?parent=26125"}],"wp:term":[{"taxonomy":"product_brand","embeddable":true,"href":"https:\/\/www.rememberme-forever.com\/fr\/wp-json\/wp\/v2\/product_brand?post=26125"},{"taxonomy":"product_cat","embeddable":true,"href":"https:\/\/www.rememberme-forever.com\/fr\/wp-json\/wp\/v2\/product_cat?post=26125"},{"taxonomy":"product_tag","embeddable":true,"href":"https:\/\/www.rememberme-forever.com\/fr\/wp-json\/wp\/v2\/product_tag?post=26125"}],"curies":[{"name":"wp","href":"https:\/\/api.w.org\/{rel}","templated":true}]}}