{"id":26189,"date":"2023-04-18T09:51:57","date_gmt":"2023-04-18T07:51:57","guid":{"rendered":"https:\/\/www.rememberme-forever.com\/product\/urne-funeraire-ailes-dange\/"},"modified":"2026-02-23T12:29:21","modified_gmt":"2026-02-23T11:29:21","slug":"urne-funeraire-ailes-dange","status":"publish","type":"product","link":"https:\/\/www.rememberme-forever.com\/fr\/produit\/urne-funeraire-ailes-dange\/","title":{"rendered":"Urne fun\u00e9raire ailes d\u2019ange"},"content":{"rendered":"<div style=\"width: 100%; margin-bottom: 30px; height: max-content; padding-bottom: 60%; position: relative;\"><iframe style=\"position: absolute; top: 0; left: 0; width: 100%; height: 100%;\" src=\"https:\/\/rememberme-urns.com\/wings-urn\/\" frameborder=\"0\"><\/iframe><\/div>\n<div style=\"color: red; text-align: center; margin-bottom: 25px;\">\n<p>&gt;&gt; Rotation de la photo &#8211; appuyer\/zoomer &lt;&lt;<\/p>\n<\/div>\n<h2 style=\"text-align: center;\">Urne fun\u00e9raire ailes d\u2019ange<\/h2>\n<p style=\"text-align: center;\">Notre <strong>urne fun\u00e9raire ailes d\u2019ange<\/strong> est une fa\u00e7on magnifique et significative d\u2019honorer la m\u00e9moire de votre proche. La superbe figurine d\u2019ailes d\u2019ange blanches aux d\u00e9tails soign\u00e9s qui orne le sommet de l\u2019urne cr\u00e9e un sentiment de paix et de s\u00e9r\u00e9nit\u00e9, apportant du r\u00e9confort en ces moments difficiles.<\/p>\n<p style=\"text-align: center;\">Fabriqu\u00e9e avec des mat\u00e9riaux de haute qualit\u00e9, cette urne dispose d\u2019une ouverture par le bas permettant un d\u00e9p\u00f4t facile et discret des cendres de votre proche. Sa construction robuste garantit que les restes de l\u2019\u00eatre cher seront conserv\u00e9s en toute s\u00e9curit\u00e9, vous offrant ainsi tranquillit\u00e9 d\u2019esprit et r\u00e9confort.<\/p>\n<p>&nbsp;<\/p>\n<p><iframe loading=\"lazy\" title=\"Wooden Urns Part 3: Black Box For Ashes\" width=\"640\" height=\"360\" src=\"https:\/\/www.youtube.com\/embed\/QPZvx9YIDxE?feature=oembed\" frameborder=\"0\" allow=\"accelerometer; autoplay; clipboard-write; encrypted-media; gyroscope; picture-in-picture; web-share\" referrerpolicy=\"strict-origin-when-cross-origin\" allowfullscreen><\/iframe><\/p>\n<p style=\"text-align: center;\">Pour ceux qui souhaitent ajouter une touche personnelle, il est possible d\u2019inclure une plaque comm\u00e9morative sur le devant de l\u2019urne. Cela vous permet de personnaliser l\u2019urne avec un message sp\u00e9cial honorant la m\u00e9moire de votre proche, en faisant un hommage v\u00e9ritablement unique et sp\u00e9cial.<\/p>\n<p style=\"text-align: center;\">En tenant cette urne fun\u00e9raire ailes d\u2019ange entre vos mains, vous ressentirez un sentiment de r\u00e9confort et de paix, sachant que la m\u00e9moire de votre proche est honor\u00e9e de la mani\u00e8re la plus digne et la plus sp\u00e9ciale. La figurine d\u2019ailes d\u2019ange est un symbole d\u2019espoir et de protection, rappelant que votre \u00eatre cher veille d\u00e9sormais sur vous depuis un monde meilleur.<\/p>\n<p style=\"text-align: center;\">Cette urne fun\u00e9raire ailes d\u2019ange est un hommage appropri\u00e9 \u00e0 une vie remplie d\u2019amour et de compassion. C\u2019est une fa\u00e7on belle et significative de se souvenir de votre proche et de rendre hommage \u00e0 l\u2019amour que vous avez partag\u00e9. Son design \u00e9poustouflant et sa fabrication de haute qualit\u00e9 en font une v\u00e9ritable \u0153uvre d\u2019art, t\u00e9moignant durablement des souvenirs et des moments pr\u00e9cieux partag\u00e9s avec l\u2019\u00eatre aim\u00e9.<\/p>\n<p style=\"text-align: center;\">Honorer la vie et les souvenirs de votre proche n\u2019a jamais \u00e9t\u00e9 aussi simple ou aussi sp\u00e9cial qu\u2019avec notre urne fun\u00e9raire ailes d\u2019ange.<\/p>\n<p>&nbsp;<\/p>\n<h3 style=\"text-align: center;\"><strong>PERSONNALISATION<\/strong><\/h3>\n<p style=\"text-align: center;\">Si vous choisissez une plaque personnalis\u00e9e, veuillez soumettre du texte dans le cadre de personnalisation du produit.<\/p>\n<p style=\"text-align: center;\">La plaque comm\u00e9morative personnalis\u00e9e doit \u00eatre personnalis\u00e9e lors de votre commande. (Pas de panique si vous la manquez ; vous pouvez toujours nous contacter ult\u00e9rieurement.)<\/p>\n<p style=\"text-align: center;\">Veuillez examiner attentivement le texte \u00e0 graver avant d&rsquo;ajouter l&rsquo;article au panier. Nous reproduisons et gravons les informations exactes re\u00e7ues lors de la commande et n&rsquo;y apportons aucune modification.<\/p>\n<p style=\"text-align: center;\"><strong>Veuillez revoir le texte pour vous assurer que toutes les orthographes sont correctes.<\/strong><\/p>\n<p><img loading=\"lazy\" decoding=\"async\" class=\" wp-image-1449 aligncenter\" src=\"http:\/\/www.rememberme-forever.com\/wp-content\/uploads\/2023\/04\/memorial-plaque-cremation-urn-silver-300x153.jpg\" alt=\"Plaque comm\u00e9morative pour urne fun\u00e9raire en argent\" width=\"249\" height=\"127\" srcset=\"https:\/\/www.rememberme-forever.com\/wp-content\/uploads\/2023\/04\/memorial-plaque-cremation-urn-silver-300x153.jpg 300w, https:\/\/www.rememberme-forever.com\/wp-content\/uploads\/2023\/04\/memorial-plaque-cremation-urn-silver-64x33.jpg 64w, https:\/\/www.rememberme-forever.com\/wp-content\/uploads\/2023\/04\/memorial-plaque-cremation-urn-silver.jpg 448w\" sizes=\"auto, (max-width: 249px) 100vw, 249px\" \/><\/p>\n<p>&nbsp;<\/p>\n<p style=\"text-align: center;\"><em><strong>Le coffret noir sert de base pour y placer n&rsquo;importe quel ornement. Si vous avez besoin d&rsquo;une d\u00e9coration diff\u00e9rente, veuillez <a href=\"https:\/\/www.rememberme-forever.com\/fr\/contact\/\" target=\"_blank\" rel=\"noopener\">nous contacter.<\/a> <\/strong><\/em><\/p>\n","protected":false},"excerpt":{"rendered":"<p><strong><em>Une urne majestueuse repr\u00e9sentant des ailes d\u2019ange sur un coffret en bois massif noir.<\/em><\/strong><\/p>\n","protected":false},"featured_media":26177,"template":"","meta":{"_acf_changed":false},"product_brand":[],"product_cat":[2420,2419,2406,2431],"product_tag":[3304],"class_list":{"0":"post-26189","1":"product","2":"type-product","3":"status-publish","4":"has-post-thumbnail","6":"product_cat-toutes-les-autres-urnes","7":"product_cat-urnes-a-theme","8":"product_cat-urnes-artistiques","9":"product_cat-urnes-en-bois","10":"product_tag-gpsr-all-wood-urns","11":"product_shipping_class-2-4kg-fr","13":"first","14":"instock","15":"taxable","16":"shipping-taxable","17":"purchasable","18":"product-type-variable"},"yoast_head":"<!-- This site is optimized with the Yoast SEO plugin v27.4 - https:\/\/yoast.com\/product\/yoast-seo-wordpress\/ -->\n<title>Urne fun\u00e9raire ailes d\u2019ange<\/title>\n<meta name=\"description\" content=\"D\u00e9couvrez notre Urne cin\u00e9raire figurine c\u0153ur \u2013 un hommage touchant et \u00e9l\u00e9gant \u00e0 votre \u00eatre cher. Un coffret unique pour les cendres, orn\u00e9 d&#039;un c\u0153ur.\" \/>\n<meta name=\"robots\" content=\"index, follow, max-snippet:-1, max-image-preview:large, max-video-preview:-1\" \/>\n<link rel=\"canonical\" href=\"https:\/\/www.rememberme-forever.com\/fr\/produit\/urne-funeraire-ailes-dange\/\" \/>\n<meta property=\"og:locale\" content=\"fr_FR\" \/>\n<meta property=\"og:type\" content=\"article\" \/>\n<meta property=\"og:title\" content=\"Urne fun\u00e9raire ailes d\u2019ange\" \/>\n<meta property=\"og:description\" content=\"D\u00e9couvrez notre Urne cin\u00e9raire figurine c\u0153ur \u2013 un hommage touchant et \u00e9l\u00e9gant \u00e0 votre \u00eatre cher. Un coffret unique pour les cendres, orn\u00e9 d&#039;un c\u0153ur.\" \/>\n<meta property=\"og:url\" content=\"https:\/\/www.rememberme-forever.com\/fr\/produit\/urne-funeraire-ailes-dange\/\" \/>\n<meta property=\"og:site_name\" content=\"Remember Forever\" \/>\n<meta property=\"article:modified_time\" content=\"2026-02-23T11:29:21+00:00\" \/>\n<meta property=\"og:image\" content=\"http:\/\/www.rememberme-forever.com\/wp-content\/uploads\/2023\/04\/Angel-wings-cremation-urn.jpg\" \/>\n\t<meta property=\"og:image:width\" content=\"768\" \/>\n\t<meta property=\"og:image:height\" content=\"781\" \/>\n\t<meta property=\"og:image:type\" content=\"image\/jpeg\" \/>\n<meta name=\"twitter:card\" content=\"summary_large_image\" \/>\n<meta name=\"twitter:label1\" content=\"Dur\u00e9e de lecture estim\u00e9e\" \/>\n\t<meta name=\"twitter:data1\" content=\"3 minutes\" \/>\n<script type=\"application\/ld+json\" class=\"yoast-schema-graph\">{\"@context\":\"https:\\\/\\\/schema.org\",\"@graph\":[{\"@type\":\"WebPage\",\"@id\":\"https:\\\/\\\/www.rememberme-forever.com\\\/fr\\\/produit\\\/urne-funeraire-ailes-dange\\\/\",\"url\":\"https:\\\/\\\/www.rememberme-forever.com\\\/fr\\\/produit\\\/urne-funeraire-ailes-dange\\\/\",\"name\":\"Urne fun\u00e9raire ailes d\u2019ange\",\"isPartOf\":{\"@id\":\"https:\\\/\\\/www.rememberme-forever.com\\\/fr\\\/#website\"},\"primaryImageOfPage\":{\"@id\":\"https:\\\/\\\/www.rememberme-forever.com\\\/fr\\\/produit\\\/urne-funeraire-ailes-dange\\\/#primaryimage\"},\"image\":{\"@id\":\"https:\\\/\\\/www.rememberme-forever.com\\\/fr\\\/produit\\\/urne-funeraire-ailes-dange\\\/#primaryimage\"},\"thumbnailUrl\":\"https:\\\/\\\/www.rememberme-forever.com\\\/wp-content\\\/uploads\\\/2023\\\/04\\\/Angel-wings-cremation-urn.jpg\",\"datePublished\":\"2023-04-18T07:51:57+00:00\",\"dateModified\":\"2026-02-23T11:29:21+00:00\",\"description\":\"D\u00e9couvrez notre Urne cin\u00e9raire figurine c\u0153ur \u2013 un hommage touchant et \u00e9l\u00e9gant \u00e0 votre \u00eatre cher. Un coffret unique pour les cendres, orn\u00e9 d'un c\u0153ur.\",\"breadcrumb\":{\"@id\":\"https:\\\/\\\/www.rememberme-forever.com\\\/fr\\\/produit\\\/urne-funeraire-ailes-dange\\\/#breadcrumb\"},\"inLanguage\":\"fr-FR\",\"potentialAction\":[{\"@type\":\"ReadAction\",\"target\":[\"https:\\\/\\\/www.rememberme-forever.com\\\/fr\\\/produit\\\/urne-funeraire-ailes-dange\\\/\"]}]},{\"@type\":\"ImageObject\",\"inLanguage\":\"fr-FR\",\"@id\":\"https:\\\/\\\/www.rememberme-forever.com\\\/fr\\\/produit\\\/urne-funeraire-ailes-dange\\\/#primaryimage\",\"url\":\"https:\\\/\\\/www.rememberme-forever.com\\\/wp-content\\\/uploads\\\/2023\\\/04\\\/Angel-wings-cremation-urn.jpg\",\"contentUrl\":\"https:\\\/\\\/www.rememberme-forever.com\\\/wp-content\\\/uploads\\\/2023\\\/04\\\/Angel-wings-cremation-urn.jpg\",\"width\":768,\"height\":781,\"caption\":\"Urne fun\u00e9raire ailes d\u2019ange\"},{\"@type\":\"BreadcrumbList\",\"@id\":\"https:\\\/\\\/www.rememberme-forever.com\\\/fr\\\/produit\\\/urne-funeraire-ailes-dange\\\/#breadcrumb\",\"itemListElement\":[{\"@type\":\"ListItem\",\"position\":1,\"name\":\"Home\",\"item\":\"https:\\\/\\\/www.rememberme-forever.com\\\/fr\\\/accueil\\\/\"},{\"@type\":\"ListItem\",\"position\":2,\"name\":\"Boutique\",\"item\":\"https:\\\/\\\/www.rememberme-forever.com\\\/fr\\\/boutique\\\/\"},{\"@type\":\"ListItem\",\"position\":3,\"name\":\"Urne fun\u00e9raire ailes d\u2019ange\"}]},{\"@type\":\"WebSite\",\"@id\":\"https:\\\/\\\/www.rememberme-forever.com\\\/fr\\\/#website\",\"url\":\"https:\\\/\\\/www.rememberme-forever.com\\\/fr\\\/\",\"name\":\"Remember Forever\",\"description\":\"Cremation urns, funeral urns, urns for ashes\",\"publisher\":{\"@id\":\"https:\\\/\\\/www.rememberme-forever.com\\\/fr\\\/#organization\"},\"potentialAction\":[{\"@type\":\"SearchAction\",\"target\":{\"@type\":\"EntryPoint\",\"urlTemplate\":\"https:\\\/\\\/www.rememberme-forever.com\\\/fr\\\/?s={search_term_string}\"},\"query-input\":{\"@type\":\"PropertyValueSpecification\",\"valueRequired\":true,\"valueName\":\"search_term_string\"}}],\"inLanguage\":\"fr-FR\"},{\"@type\":\"Organization\",\"@id\":\"https:\\\/\\\/www.rememberme-forever.com\\\/fr\\\/#organization\",\"name\":\"Remember Forever\",\"url\":\"https:\\\/\\\/www.rememberme-forever.com\\\/fr\\\/\",\"logo\":{\"@type\":\"ImageObject\",\"inLanguage\":\"fr-FR\",\"@id\":\"https:\\\/\\\/www.rememberme-forever.com\\\/fr\\\/#\\\/schema\\\/logo\\\/image\\\/\",\"url\":\"https:\\\/\\\/www.rememberme-forever.com\\\/wp-content\\\/uploads\\\/2023\\\/02\\\/logo.png\",\"contentUrl\":\"https:\\\/\\\/www.rememberme-forever.com\\\/wp-content\\\/uploads\\\/2023\\\/02\\\/logo.png\",\"width\":300,\"height\":56,\"caption\":\"Remember Forever\"},\"image\":{\"@id\":\"https:\\\/\\\/www.rememberme-forever.com\\\/fr\\\/#\\\/schema\\\/logo\\\/image\\\/\"}}]}<\/script>\n<!-- \/ Yoast SEO plugin. -->","yoast_head_json":{"title":"Urne fun\u00e9raire ailes d\u2019ange","description":"D\u00e9couvrez notre Urne cin\u00e9raire figurine c\u0153ur \u2013 un hommage touchant et \u00e9l\u00e9gant \u00e0 votre \u00eatre cher. Un coffret unique pour les cendres, orn\u00e9 d'un c\u0153ur.","robots":{"index":"index","follow":"follow","max-snippet":"max-snippet:-1","max-image-preview":"max-image-preview:large","max-video-preview":"max-video-preview:-1"},"canonical":"https:\/\/www.rememberme-forever.com\/fr\/produit\/urne-funeraire-ailes-dange\/","og_locale":"fr_FR","og_type":"article","og_title":"Urne fun\u00e9raire ailes d\u2019ange","og_description":"D\u00e9couvrez notre Urne cin\u00e9raire figurine c\u0153ur \u2013 un hommage touchant et \u00e9l\u00e9gant \u00e0 votre \u00eatre cher. Un coffret unique pour les cendres, orn\u00e9 d'un c\u0153ur.","og_url":"https:\/\/www.rememberme-forever.com\/fr\/produit\/urne-funeraire-ailes-dange\/","og_site_name":"Remember Forever","article_modified_time":"2026-02-23T11:29:21+00:00","og_image":[{"width":768,"height":781,"url":"http:\/\/www.rememberme-forever.com\/wp-content\/uploads\/2023\/04\/Angel-wings-cremation-urn.jpg","type":"image\/jpeg"}],"twitter_card":"summary_large_image","twitter_misc":{"Dur\u00e9e de lecture estim\u00e9e":"3 minutes"},"schema":{"@context":"https:\/\/schema.org","@graph":[{"@type":"WebPage","@id":"https:\/\/www.rememberme-forever.com\/fr\/produit\/urne-funeraire-ailes-dange\/","url":"https:\/\/www.rememberme-forever.com\/fr\/produit\/urne-funeraire-ailes-dange\/","name":"Urne fun\u00e9raire ailes d\u2019ange","isPartOf":{"@id":"https:\/\/www.rememberme-forever.com\/fr\/#website"},"primaryImageOfPage":{"@id":"https:\/\/www.rememberme-forever.com\/fr\/produit\/urne-funeraire-ailes-dange\/#primaryimage"},"image":{"@id":"https:\/\/www.rememberme-forever.com\/fr\/produit\/urne-funeraire-ailes-dange\/#primaryimage"},"thumbnailUrl":"https:\/\/www.rememberme-forever.com\/wp-content\/uploads\/2023\/04\/Angel-wings-cremation-urn.jpg","datePublished":"2023-04-18T07:51:57+00:00","dateModified":"2026-02-23T11:29:21+00:00","description":"D\u00e9couvrez notre Urne cin\u00e9raire figurine c\u0153ur \u2013 un hommage touchant et \u00e9l\u00e9gant \u00e0 votre \u00eatre cher. Un coffret unique pour les cendres, orn\u00e9 d'un c\u0153ur.","breadcrumb":{"@id":"https:\/\/www.rememberme-forever.com\/fr\/produit\/urne-funeraire-ailes-dange\/#breadcrumb"},"inLanguage":"fr-FR","potentialAction":[{"@type":"ReadAction","target":["https:\/\/www.rememberme-forever.com\/fr\/produit\/urne-funeraire-ailes-dange\/"]}]},{"@type":"ImageObject","inLanguage":"fr-FR","@id":"https:\/\/www.rememberme-forever.com\/fr\/produit\/urne-funeraire-ailes-dange\/#primaryimage","url":"https:\/\/www.rememberme-forever.com\/wp-content\/uploads\/2023\/04\/Angel-wings-cremation-urn.jpg","contentUrl":"https:\/\/www.rememberme-forever.com\/wp-content\/uploads\/2023\/04\/Angel-wings-cremation-urn.jpg","width":768,"height":781,"caption":"Urne fun\u00e9raire ailes d\u2019ange"},{"@type":"BreadcrumbList","@id":"https:\/\/www.rememberme-forever.com\/fr\/produit\/urne-funeraire-ailes-dange\/#breadcrumb","itemListElement":[{"@type":"ListItem","position":1,"name":"Home","item":"https:\/\/www.rememberme-forever.com\/fr\/accueil\/"},{"@type":"ListItem","position":2,"name":"Boutique","item":"https:\/\/www.rememberme-forever.com\/fr\/boutique\/"},{"@type":"ListItem","position":3,"name":"Urne fun\u00e9raire ailes d\u2019ange"}]},{"@type":"WebSite","@id":"https:\/\/www.rememberme-forever.com\/fr\/#website","url":"https:\/\/www.rememberme-forever.com\/fr\/","name":"Remember Forever","description":"Cremation urns, funeral urns, urns for ashes","publisher":{"@id":"https:\/\/www.rememberme-forever.com\/fr\/#organization"},"potentialAction":[{"@type":"SearchAction","target":{"@type":"EntryPoint","urlTemplate":"https:\/\/www.rememberme-forever.com\/fr\/?s={search_term_string}"},"query-input":{"@type":"PropertyValueSpecification","valueRequired":true,"valueName":"search_term_string"}}],"inLanguage":"fr-FR"},{"@type":"Organization","@id":"https:\/\/www.rememberme-forever.com\/fr\/#organization","name":"Remember Forever","url":"https:\/\/www.rememberme-forever.com\/fr\/","logo":{"@type":"ImageObject","inLanguage":"fr-FR","@id":"https:\/\/www.rememberme-forever.com\/fr\/#\/schema\/logo\/image\/","url":"https:\/\/www.rememberme-forever.com\/wp-content\/uploads\/2023\/02\/logo.png","contentUrl":"https:\/\/www.rememberme-forever.com\/wp-content\/uploads\/2023\/02\/logo.png","width":300,"height":56,"caption":"Remember Forever"},"image":{"@id":"https:\/\/www.rememberme-forever.com\/fr\/#\/schema\/logo\/image\/"}}]}},"acf":[],"_links":{"self":[{"href":"https:\/\/www.rememberme-forever.com\/fr\/wp-json\/wp\/v2\/product\/26189","targetHints":{"allow":["GET"]}}],"collection":[{"href":"https:\/\/www.rememberme-forever.com\/fr\/wp-json\/wp\/v2\/product"}],"about":[{"href":"https:\/\/www.rememberme-forever.com\/fr\/wp-json\/wp\/v2\/types\/product"}],"wp:featuredmedia":[{"embeddable":true,"href":"https:\/\/www.rememberme-forever.com\/fr\/wp-json\/wp\/v2\/media\/26177"}],"wp:attachment":[{"href":"https:\/\/www.rememberme-forever.com\/fr\/wp-json\/wp\/v2\/media?parent=26189"}],"wp:term":[{"taxonomy":"product_brand","embeddable":true,"href":"https:\/\/www.rememberme-forever.com\/fr\/wp-json\/wp\/v2\/product_brand?post=26189"},{"taxonomy":"product_cat","embeddable":true,"href":"https:\/\/www.rememberme-forever.com\/fr\/wp-json\/wp\/v2\/product_cat?post=26189"},{"taxonomy":"product_tag","embeddable":true,"href":"https:\/\/www.rememberme-forever.com\/fr\/wp-json\/wp\/v2\/product_tag?post=26189"}],"curies":[{"name":"wp","href":"https:\/\/api.w.org\/{rel}","templated":true}]}}