{"id":26273,"date":"2023-04-18T11:28:25","date_gmt":"2023-04-18T09:28:25","guid":{"rendered":"https:\/\/www.rememberme-forever.com\/product\/urne-pour-une-personne-de-forte-corpulence-ou-pour-deux\/"},"modified":"2026-02-23T13:09:42","modified_gmt":"2026-02-23T12:09:42","slug":"urne-pour-une-personne-de-forte-corpulence-ou-pour-deux","status":"publish","type":"product","link":"https:\/\/www.rememberme-forever.com\/fr\/produit\/urne-pour-une-personne-de-forte-corpulence-ou-pour-deux\/","title":{"rendered":"Urne pour une personne de forte corpulence ou pour deux"},"content":{"rendered":"<div style=\"width: 100%; margin-bottom: 40px; height: max-content; padding-bottom: 60%; position: relative;\"><iframe style=\"position: absolute; top: 0; left: 0; width: 100%; height: 100%;\" src=\"https:\/\/rememberme-urns.com\/modern-artistic-urn-for-two\/\" frameborder=\"0\"><\/iframe><\/div>\n<div style=\"color: red; text-align: center; margin-bottom: 25px;\">\n<p>&gt;&gt; Rotation de la photo &#8211; appuyer\/zoomer &lt;&lt;<\/p>\n<\/div>\n<h2 style=\"text-align: center;\">Urne pour une personne de forte corpulence ou pour deux<\/h2>\n<p style=\"text-align: center;\">Notre <strong>urne fun\u00e9raire pour personne de forte corpulence <\/strong>ou pour deux est un ouvrage soign\u00e9, con\u00e7u pour honorer la m\u00e9moire d\u2019un ou de deux \u00eatres chers. Cette urne moderne est id\u00e9ale pour ceux qui appr\u00e9cient le design contemporain et l\u2019artisanat de haute qualit\u00e9.<\/p>\n<p style=\"text-align: center;\">Fabriqu\u00e9e \u00e0 partir des mat\u00e9riaux les plus nobles, cette urne respire l\u2019\u00e9l\u00e9gance et le raffinement. Son design \u00e9pur\u00e9 et intemporel est l\u2019hommage parfait au go\u00fbt raffin\u00e9 et \u00e0 la personnalit\u00e9 unique de l\u2019\u00eatre cher. Avec son int\u00e9rieur spacieux et son ouverture par le bas, cette urne convient aux cendres d\u2019une personne de forte corpulence ou de deux adultes.<\/p>\n<p style=\"text-align: center;\">Cette urne peut \u00e9galement \u00eatre personnalis\u00e9e avec une plaque comm\u00e9morative \u00e0 ajouter s\u00e9par\u00e9ment sur le plexiglas. C\u2019est une mani\u00e8re magnifique et personnelle d\u2019honorer la m\u00e9moire de l\u2019\u00eatre cher et de s\u2019assurer que son h\u00e9ritage reste grav\u00e9 \u00e0 jamais.<\/p>\n<p style=\"text-align: center;\">L\u2019urne fun\u00e9raire pour personne de forte corpulence est un moyen beau et significatif de se souvenir et de c\u00e9l\u00e9brer la vie de l\u2019\u00eatre cher. Qu\u2019elle soit expos\u00e9e en \u00e9vidence ou plac\u00e9e dans un lieu de repos final, elle constituera un hommage digne de sa m\u00e9moire et de l\u2019amour partag\u00e9.<\/p>\n<p style=\"text-align: center;\">Cette urne n\u2019est pas seulement une \u0153uvre d\u2019art, c\u2019est aussi un lieu de repos final s\u00fbr et respectueux pour les cendres de l\u2019\u00eatre cher. Sa construction robuste garantit que les cendres seront conserv\u00e9es en toute s\u00e9curit\u00e9, vous offrant la tranquillit\u00e9 d\u2019esprit que l\u2019h\u00e9ritage de l\u2019\u00eatre cher sera pr\u00e9serv\u00e9 pour toujours.<\/p>\n<p style=\"text-align: center;\">En l\u2019honneur d\u2019un ou de deux \u00eatres chers, choisissez l\u2019urne fun\u00e9raire pour personne de forte corpulence ou pour deux. Son design moderne et sa fabrication de haute qualit\u00e9 en font un hommage parfait \u00e0 leur m\u00e9moire et une belle fa\u00e7on d\u2019honorer leur vie et leur h\u00e9ritage.<\/p>\n<p>&nbsp;<\/p>\n<h3 style=\"text-align: center;\"><strong>PERSONNALISATION<\/strong><\/h3>\n<p style=\"text-align: center;\">Si vous choisissez une plaque personnalis\u00e9e, veuillez soumettre du texte dans le cadre de personnalisation du produit.<\/p>\n<p style=\"text-align: center;\">La plaque comm\u00e9morative personnalis\u00e9e doit \u00eatre personnalis\u00e9e lors de votre commande. (Pas de panique si vous la manquez ; vous pouvez toujours nous contacter ult\u00e9rieurement.)<\/p>\n<p style=\"text-align: center;\">Veuillez examiner attentivement le texte \u00e0 graver avant d&rsquo;ajouter l&rsquo;article au panier. Nous reproduisons et gravons les informations exactes re\u00e7ues lors de la commande et n&rsquo;y apportons aucune modification.<\/p>\n<p style=\"text-align: center;\"><strong>Veuillez revoir le texte pour vous assurer que toutes les orthographes sont correctes.<\/strong><\/p>\n<p><img loading=\"lazy\" decoding=\"async\" class=\"wp-image-1453 aligncenter\" src=\"http:\/\/www.rememberme-forever.com\/wp-content\/uploads\/2023\/04\/silver-plaque-urn-295x300.jpg\" alt=\"Urne avec plaque argent\u00e9e\" width=\"194\" height=\"197\" srcset=\"https:\/\/www.rememberme-forever.com\/wp-content\/uploads\/2023\/04\/silver-plaque-urn-295x300.jpg 295w, https:\/\/www.rememberme-forever.com\/wp-content\/uploads\/2023\/04\/silver-plaque-urn-600x610.jpg 600w, https:\/\/www.rememberme-forever.com\/wp-content\/uploads\/2023\/04\/silver-plaque-urn-64x65.jpg 64w, https:\/\/www.rememberme-forever.com\/wp-content\/uploads\/2023\/04\/silver-plaque-urn.jpg 768w\" sizes=\"auto, (max-width: 194px) 100vw, 194px\" \/><\/p>\n<p style=\"text-align: center;\"><strong><em>La plaque comm\u00e9morative sera ajout\u00e9e s\u00e9par\u00e9ment avec le support, comme sur la photo.<\/em><\/strong><\/p>\n<p style=\"text-align: center;\"><strong><em>(Le support de la plaque comm\u00e9morative est en plexiglas transparent.)<\/em><\/strong><\/p>\n","protected":false},"excerpt":{"rendered":"<p><strong><em>L&rsquo;urne compagnon g\u00e9om\u00e9trique moderne est une urne fun\u00e9raire unique au design moderne et artistique<\/em><em> avec un<\/em><em>e<\/em><em> magnifique conception g\u00e9om\u00e9trique.<\/em><\/strong><\/p>\n","protected":false},"featured_media":26245,"template":"","meta":{"_acf_changed":false},"product_brand":[],"product_cat":[2406,2410,2431],"product_tag":[3304],"class_list":{"0":"post-26273","1":"product","2":"type-product","3":"status-publish","4":"has-post-thumbnail","6":"product_cat-urnes-artistiques","7":"product_cat-urnes-compagnes","8":"product_cat-urnes-en-bois","9":"product_tag-gpsr-all-wood-urns","10":"product_shipping_class-2-4kg-fr","12":"first","13":"outofstock","14":"taxable","15":"shipping-taxable","16":"purchasable","17":"product-type-variable"},"yoast_head":"<!-- This site is optimized with the Yoast SEO plugin v27.4 - https:\/\/yoast.com\/product\/yoast-seo-wordpress\/ -->\n<title>Urne pour une personne de forte corpulence ou pour deux<\/title>\n<meta name=\"description\" content=\"Notre urne fun\u00e9raire pour personne de forte corpulence ou pour deux est un ouvrage soign\u00e9, con\u00e7u pour honorer la m\u00e9moire d\u2019un ou de deux \u00eatres chers.\" \/>\n<meta name=\"robots\" content=\"index, follow, max-snippet:-1, max-image-preview:large, max-video-preview:-1\" \/>\n<link rel=\"canonical\" href=\"https:\/\/www.rememberme-forever.com\/fr\/produit\/urne-pour-une-personne-de-forte-corpulence-ou-pour-deux\/\" \/>\n<meta property=\"og:locale\" content=\"fr_FR\" \/>\n<meta property=\"og:type\" content=\"article\" \/>\n<meta property=\"og:title\" content=\"Urne pour une personne de forte corpulence ou pour deux\" \/>\n<meta property=\"og:description\" content=\"Notre urne fun\u00e9raire pour personne de forte corpulence ou pour deux est un ouvrage soign\u00e9, con\u00e7u pour honorer la m\u00e9moire d\u2019un ou de deux \u00eatres chers.\" \/>\n<meta property=\"og:url\" content=\"https:\/\/www.rememberme-forever.com\/fr\/produit\/urne-pour-une-personne-de-forte-corpulence-ou-pour-deux\/\" \/>\n<meta property=\"og:site_name\" content=\"Remember Forever\" \/>\n<meta property=\"article:modified_time\" content=\"2026-02-23T12:09:42+00:00\" \/>\n<meta property=\"og:image\" content=\"http:\/\/www.rememberme-forever.com\/wp-content\/uploads\/2023\/04\/urn-for-a-big-human-ashes.jpg\" \/>\n\t<meta property=\"og:image:width\" content=\"779\" \/>\n\t<meta property=\"og:image:height\" content=\"768\" \/>\n\t<meta property=\"og:image:type\" content=\"image\/jpeg\" \/>\n<meta name=\"twitter:card\" content=\"summary_large_image\" \/>\n<meta name=\"twitter:label1\" content=\"Dur\u00e9e de lecture estim\u00e9e\" \/>\n\t<meta name=\"twitter:data1\" content=\"3 minutes\" \/>\n<script type=\"application\/ld+json\" class=\"yoast-schema-graph\">{\"@context\":\"https:\\\/\\\/schema.org\",\"@graph\":[{\"@type\":\"WebPage\",\"@id\":\"https:\\\/\\\/www.rememberme-forever.com\\\/fr\\\/produit\\\/urne-pour-une-personne-de-forte-corpulence-ou-pour-deux\\\/\",\"url\":\"https:\\\/\\\/www.rememberme-forever.com\\\/fr\\\/produit\\\/urne-pour-une-personne-de-forte-corpulence-ou-pour-deux\\\/\",\"name\":\"Urne pour une personne de forte corpulence ou pour deux\",\"isPartOf\":{\"@id\":\"https:\\\/\\\/www.rememberme-forever.com\\\/fr\\\/#website\"},\"primaryImageOfPage\":{\"@id\":\"https:\\\/\\\/www.rememberme-forever.com\\\/fr\\\/produit\\\/urne-pour-une-personne-de-forte-corpulence-ou-pour-deux\\\/#primaryimage\"},\"image\":{\"@id\":\"https:\\\/\\\/www.rememberme-forever.com\\\/fr\\\/produit\\\/urne-pour-une-personne-de-forte-corpulence-ou-pour-deux\\\/#primaryimage\"},\"thumbnailUrl\":\"https:\\\/\\\/www.rememberme-forever.com\\\/wp-content\\\/uploads\\\/2023\\\/04\\\/urn-for-a-big-human-ashes.jpg\",\"datePublished\":\"2023-04-18T09:28:25+00:00\",\"dateModified\":\"2026-02-23T12:09:42+00:00\",\"description\":\"Notre urne fun\u00e9raire pour personne de forte corpulence ou pour deux est un ouvrage soign\u00e9, con\u00e7u pour honorer la m\u00e9moire d\u2019un ou de deux \u00eatres chers.\",\"breadcrumb\":{\"@id\":\"https:\\\/\\\/www.rememberme-forever.com\\\/fr\\\/produit\\\/urne-pour-une-personne-de-forte-corpulence-ou-pour-deux\\\/#breadcrumb\"},\"inLanguage\":\"fr-FR\",\"potentialAction\":[{\"@type\":\"ReadAction\",\"target\":[\"https:\\\/\\\/www.rememberme-forever.com\\\/fr\\\/produit\\\/urne-pour-une-personne-de-forte-corpulence-ou-pour-deux\\\/\"]}]},{\"@type\":\"ImageObject\",\"inLanguage\":\"fr-FR\",\"@id\":\"https:\\\/\\\/www.rememberme-forever.com\\\/fr\\\/produit\\\/urne-pour-une-personne-de-forte-corpulence-ou-pour-deux\\\/#primaryimage\",\"url\":\"https:\\\/\\\/www.rememberme-forever.com\\\/wp-content\\\/uploads\\\/2023\\\/04\\\/urn-for-a-big-human-ashes.jpg\",\"contentUrl\":\"https:\\\/\\\/www.rememberme-forever.com\\\/wp-content\\\/uploads\\\/2023\\\/04\\\/urn-for-a-big-human-ashes.jpg\",\"width\":779,\"height\":768,\"caption\":\"urne pour une personne de forte corpulence\"},{\"@type\":\"BreadcrumbList\",\"@id\":\"https:\\\/\\\/www.rememberme-forever.com\\\/fr\\\/produit\\\/urne-pour-une-personne-de-forte-corpulence-ou-pour-deux\\\/#breadcrumb\",\"itemListElement\":[{\"@type\":\"ListItem\",\"position\":1,\"name\":\"Home\",\"item\":\"https:\\\/\\\/www.rememberme-forever.com\\\/fr\\\/accueil\\\/\"},{\"@type\":\"ListItem\",\"position\":2,\"name\":\"Boutique\",\"item\":\"https:\\\/\\\/www.rememberme-forever.com\\\/fr\\\/boutique\\\/\"},{\"@type\":\"ListItem\",\"position\":3,\"name\":\"Urne pour une personne de forte corpulence ou pour deux\"}]},{\"@type\":\"WebSite\",\"@id\":\"https:\\\/\\\/www.rememberme-forever.com\\\/fr\\\/#website\",\"url\":\"https:\\\/\\\/www.rememberme-forever.com\\\/fr\\\/\",\"name\":\"Remember Forever\",\"description\":\"Cremation urns, funeral urns, urns for ashes\",\"publisher\":{\"@id\":\"https:\\\/\\\/www.rememberme-forever.com\\\/fr\\\/#organization\"},\"potentialAction\":[{\"@type\":\"SearchAction\",\"target\":{\"@type\":\"EntryPoint\",\"urlTemplate\":\"https:\\\/\\\/www.rememberme-forever.com\\\/fr\\\/?s={search_term_string}\"},\"query-input\":{\"@type\":\"PropertyValueSpecification\",\"valueRequired\":true,\"valueName\":\"search_term_string\"}}],\"inLanguage\":\"fr-FR\"},{\"@type\":\"Organization\",\"@id\":\"https:\\\/\\\/www.rememberme-forever.com\\\/fr\\\/#organization\",\"name\":\"Remember Forever\",\"url\":\"https:\\\/\\\/www.rememberme-forever.com\\\/fr\\\/\",\"logo\":{\"@type\":\"ImageObject\",\"inLanguage\":\"fr-FR\",\"@id\":\"https:\\\/\\\/www.rememberme-forever.com\\\/fr\\\/#\\\/schema\\\/logo\\\/image\\\/\",\"url\":\"https:\\\/\\\/www.rememberme-forever.com\\\/wp-content\\\/uploads\\\/2023\\\/02\\\/logo.png\",\"contentUrl\":\"https:\\\/\\\/www.rememberme-forever.com\\\/wp-content\\\/uploads\\\/2023\\\/02\\\/logo.png\",\"width\":300,\"height\":56,\"caption\":\"Remember Forever\"},\"image\":{\"@id\":\"https:\\\/\\\/www.rememberme-forever.com\\\/fr\\\/#\\\/schema\\\/logo\\\/image\\\/\"}}]}<\/script>\n<!-- \/ Yoast SEO plugin. -->","yoast_head_json":{"title":"Urne pour une personne de forte corpulence ou pour deux","description":"Notre urne fun\u00e9raire pour personne de forte corpulence ou pour deux est un ouvrage soign\u00e9, con\u00e7u pour honorer la m\u00e9moire d\u2019un ou de deux \u00eatres chers.","robots":{"index":"index","follow":"follow","max-snippet":"max-snippet:-1","max-image-preview":"max-image-preview:large","max-video-preview":"max-video-preview:-1"},"canonical":"https:\/\/www.rememberme-forever.com\/fr\/produit\/urne-pour-une-personne-de-forte-corpulence-ou-pour-deux\/","og_locale":"fr_FR","og_type":"article","og_title":"Urne pour une personne de forte corpulence ou pour deux","og_description":"Notre urne fun\u00e9raire pour personne de forte corpulence ou pour deux est un ouvrage soign\u00e9, con\u00e7u pour honorer la m\u00e9moire d\u2019un ou de deux \u00eatres chers.","og_url":"https:\/\/www.rememberme-forever.com\/fr\/produit\/urne-pour-une-personne-de-forte-corpulence-ou-pour-deux\/","og_site_name":"Remember Forever","article_modified_time":"2026-02-23T12:09:42+00:00","og_image":[{"width":779,"height":768,"url":"http:\/\/www.rememberme-forever.com\/wp-content\/uploads\/2023\/04\/urn-for-a-big-human-ashes.jpg","type":"image\/jpeg"}],"twitter_card":"summary_large_image","twitter_misc":{"Dur\u00e9e de lecture estim\u00e9e":"3 minutes"},"schema":{"@context":"https:\/\/schema.org","@graph":[{"@type":"WebPage","@id":"https:\/\/www.rememberme-forever.com\/fr\/produit\/urne-pour-une-personne-de-forte-corpulence-ou-pour-deux\/","url":"https:\/\/www.rememberme-forever.com\/fr\/produit\/urne-pour-une-personne-de-forte-corpulence-ou-pour-deux\/","name":"Urne pour une personne de forte corpulence ou pour deux","isPartOf":{"@id":"https:\/\/www.rememberme-forever.com\/fr\/#website"},"primaryImageOfPage":{"@id":"https:\/\/www.rememberme-forever.com\/fr\/produit\/urne-pour-une-personne-de-forte-corpulence-ou-pour-deux\/#primaryimage"},"image":{"@id":"https:\/\/www.rememberme-forever.com\/fr\/produit\/urne-pour-une-personne-de-forte-corpulence-ou-pour-deux\/#primaryimage"},"thumbnailUrl":"https:\/\/www.rememberme-forever.com\/wp-content\/uploads\/2023\/04\/urn-for-a-big-human-ashes.jpg","datePublished":"2023-04-18T09:28:25+00:00","dateModified":"2026-02-23T12:09:42+00:00","description":"Notre urne fun\u00e9raire pour personne de forte corpulence ou pour deux est un ouvrage soign\u00e9, con\u00e7u pour honorer la m\u00e9moire d\u2019un ou de deux \u00eatres chers.","breadcrumb":{"@id":"https:\/\/www.rememberme-forever.com\/fr\/produit\/urne-pour-une-personne-de-forte-corpulence-ou-pour-deux\/#breadcrumb"},"inLanguage":"fr-FR","potentialAction":[{"@type":"ReadAction","target":["https:\/\/www.rememberme-forever.com\/fr\/produit\/urne-pour-une-personne-de-forte-corpulence-ou-pour-deux\/"]}]},{"@type":"ImageObject","inLanguage":"fr-FR","@id":"https:\/\/www.rememberme-forever.com\/fr\/produit\/urne-pour-une-personne-de-forte-corpulence-ou-pour-deux\/#primaryimage","url":"https:\/\/www.rememberme-forever.com\/wp-content\/uploads\/2023\/04\/urn-for-a-big-human-ashes.jpg","contentUrl":"https:\/\/www.rememberme-forever.com\/wp-content\/uploads\/2023\/04\/urn-for-a-big-human-ashes.jpg","width":779,"height":768,"caption":"urne pour une personne de forte corpulence"},{"@type":"BreadcrumbList","@id":"https:\/\/www.rememberme-forever.com\/fr\/produit\/urne-pour-une-personne-de-forte-corpulence-ou-pour-deux\/#breadcrumb","itemListElement":[{"@type":"ListItem","position":1,"name":"Home","item":"https:\/\/www.rememberme-forever.com\/fr\/accueil\/"},{"@type":"ListItem","position":2,"name":"Boutique","item":"https:\/\/www.rememberme-forever.com\/fr\/boutique\/"},{"@type":"ListItem","position":3,"name":"Urne pour une personne de forte corpulence ou pour deux"}]},{"@type":"WebSite","@id":"https:\/\/www.rememberme-forever.com\/fr\/#website","url":"https:\/\/www.rememberme-forever.com\/fr\/","name":"Remember Forever","description":"Cremation urns, funeral urns, urns for ashes","publisher":{"@id":"https:\/\/www.rememberme-forever.com\/fr\/#organization"},"potentialAction":[{"@type":"SearchAction","target":{"@type":"EntryPoint","urlTemplate":"https:\/\/www.rememberme-forever.com\/fr\/?s={search_term_string}"},"query-input":{"@type":"PropertyValueSpecification","valueRequired":true,"valueName":"search_term_string"}}],"inLanguage":"fr-FR"},{"@type":"Organization","@id":"https:\/\/www.rememberme-forever.com\/fr\/#organization","name":"Remember Forever","url":"https:\/\/www.rememberme-forever.com\/fr\/","logo":{"@type":"ImageObject","inLanguage":"fr-FR","@id":"https:\/\/www.rememberme-forever.com\/fr\/#\/schema\/logo\/image\/","url":"https:\/\/www.rememberme-forever.com\/wp-content\/uploads\/2023\/02\/logo.png","contentUrl":"https:\/\/www.rememberme-forever.com\/wp-content\/uploads\/2023\/02\/logo.png","width":300,"height":56,"caption":"Remember Forever"},"image":{"@id":"https:\/\/www.rememberme-forever.com\/fr\/#\/schema\/logo\/image\/"}}]}},"acf":[],"_links":{"self":[{"href":"https:\/\/www.rememberme-forever.com\/fr\/wp-json\/wp\/v2\/product\/26273","targetHints":{"allow":["GET"]}}],"collection":[{"href":"https:\/\/www.rememberme-forever.com\/fr\/wp-json\/wp\/v2\/product"}],"about":[{"href":"https:\/\/www.rememberme-forever.com\/fr\/wp-json\/wp\/v2\/types\/product"}],"wp:featuredmedia":[{"embeddable":true,"href":"https:\/\/www.rememberme-forever.com\/fr\/wp-json\/wp\/v2\/media\/26245"}],"wp:attachment":[{"href":"https:\/\/www.rememberme-forever.com\/fr\/wp-json\/wp\/v2\/media?parent=26273"}],"wp:term":[{"taxonomy":"product_brand","embeddable":true,"href":"https:\/\/www.rememberme-forever.com\/fr\/wp-json\/wp\/v2\/product_brand?post=26273"},{"taxonomy":"product_cat","embeddable":true,"href":"https:\/\/www.rememberme-forever.com\/fr\/wp-json\/wp\/v2\/product_cat?post=26273"},{"taxonomy":"product_tag","embeddable":true,"href":"https:\/\/www.rememberme-forever.com\/fr\/wp-json\/wp\/v2\/product_tag?post=26273"}],"curies":[{"name":"wp","href":"https:\/\/api.w.org\/{rel}","templated":true}]}}