{"id":26768,"date":"2023-04-19T11:52:06","date_gmt":"2023-04-19T09:52:06","guid":{"rendered":"https:\/\/www.rememberme-forever.com\/product\/urne-cineraire-artistique-pour-adulte-avec-un-arbre\/"},"modified":"2026-03-03T09:58:02","modified_gmt":"2026-03-03T08:58:02","slug":"urne-cineraire-artistique-pour-adulte-avec-un-arbre","status":"publish","type":"product","link":"https:\/\/www.rememberme-forever.com\/fr\/produit\/urne-cineraire-artistique-pour-adulte-avec-un-arbre\/","title":{"rendered":"Urne cin\u00e9raire artistique pour adulte avec un arbre"},"content":{"rendered":"<div style=\"width: 100%; margin-bottom: 40px; height: max-content; padding-bottom: 60%; position: relative;\"><iframe style=\"position: absolute; top: 0; left: 0; width: 100%; height: 100%;\" src=\"https:\/\/rememberme-urns.com\/artistic-wooden-box-with-tree\/\" frameborder=\"0\"><\/iframe><\/div>\n<div style=\"color: red; text-align: center; margin-bottom: 25px;\">\n<p>&gt;&gt; Rotation de la photo &#8211; appuyer\/zoomer &lt;&lt;<\/p>\n<\/div>\n<h2 style=\"text-align: center;\">Urne cin\u00e9raire artistique pour adulte<\/h2>\n<p style=\"text-align: center;\"><strong>Urne cin\u00e9raire artistique pour adulte.<\/strong> Chez Remember Forever, nous proposons une large gamme d\u2019urnes cin\u00e9raires uniques et artistiques, et celle-ci ne fait pas exception. Con\u00e7ue avec soin, cette urne cin\u00e9raire artistique est un hommage magnifique \u00e0 l\u2019\u00eatre cher disparu.<\/p>\n<p style=\"text-align: center;\">La forme rectangulaire en bois de cette urne est simple mais \u00e9l\u00e9gante, ce qui en fait un lieu de repos appropri\u00e9 pour les cendres d\u2019un adulte. L\u2019arbre argent\u00e9 sur le devant est une repr\u00e9sentation symbolique du voyage de la vie. L\u2019arbre, balanc\u00e9 par le vent, nous rappelle les d\u00e9fis et les changements de l\u2019existence. Pourtant, nous restons droits et forts, tout comme l\u2019arbre, jusqu\u2019\u00e0 nos derniers instants.<\/p>\n<p style=\"text-align: center;\">Cette urne artistique en bois est non seulement une belle fa\u00e7on d\u2019honorer la m\u00e9moire d\u2019un \u00eatre cher, mais aussi une source d\u2019inspiration et de r\u00e9confort. Sa grande taille offre suffisamment d\u2019espace pour les cendres, garantissant un lieu de repos digne et appropri\u00e9 pour votre proche.<\/p>\n<p style=\"text-align: center;\">Chez Remember Forever, nous sommes fiers de fabriquer chacune de nos urnes avec soin et attention aux d\u00e9tails. Le r\u00e9sultat est un hommage unique et sp\u00e9cial \u00e0 l\u2019\u00eatre cher, qui sera ch\u00e9ri pendant des ann\u00e9es.<\/p>\n<p>&nbsp;<\/p>\n<h3 style=\"text-align: center;\"><strong>PERSONNALISATION<\/strong><\/h3>\n<p style=\"text-align: center;\">Si vous choisissez une plaque personnalis\u00e9e, veuillez soumettre du texte dans le cadre de personnalisation du produit.<\/p>\n<p style=\"text-align: center;\">La plaque comm\u00e9morative personnalis\u00e9e doit \u00eatre personnalis\u00e9e lors de votre commande. (Pas de panique si vous la manquez ; vous pouvez toujours nous contacter ult\u00e9rieurement.)<\/p>\n<p style=\"text-align: center;\">Veuillez examiner attentivement le texte \u00e0 graver avant d&rsquo;ajouter l&rsquo;article au panier. Nous reproduisons et gravons les informations exactes re\u00e7ues lors de la commande et n&rsquo;y apportons aucune modification.<\/p>\n<p style=\"text-align: center;\"><strong>Veuillez revoir le texte pour vous assurer que toutes les orthographes sont correctes.<\/strong><\/p>\n<p><img loading=\"lazy\" decoding=\"async\" class=\" wp-image-1449 aligncenter\" src=\"http:\/\/www.rememberme-forever.com\/wp-content\/uploads\/2023\/04\/memorial-plaque-cremation-urn-silver-300x153.jpg\" alt=\"Plaque comm\u00e9morative pour urne fun\u00e9raire en argent\" width=\"228\" height=\"116\" srcset=\"https:\/\/www.rememberme-forever.com\/wp-content\/uploads\/2023\/04\/memorial-plaque-cremation-urn-silver-300x153.jpg 300w, https:\/\/www.rememberme-forever.com\/wp-content\/uploads\/2023\/04\/memorial-plaque-cremation-urn-silver-64x33.jpg 64w, https:\/\/www.rememberme-forever.com\/wp-content\/uploads\/2023\/04\/memorial-plaque-cremation-urn-silver.jpg 448w\" sizes=\"auto, (max-width: 228px) 100vw, 228px\" \/><\/p>\n","protected":false},"excerpt":{"rendered":"<p><em><strong>Peut contenir les cendres d&rsquo;une personne pesant jusqu&rsquo;\u00e0 environ 110 kg (244 lb). (Urne taille adulte) <\/strong><\/em><\/p>\n","protected":false},"featured_media":26751,"template":"","meta":{"_acf_changed":false},"product_brand":[],"product_cat":[2406,2431],"product_tag":[3304],"class_list":{"0":"post-26768","1":"product","2":"type-product","3":"status-publish","4":"has-post-thumbnail","6":"product_cat-urnes-artistiques","7":"product_cat-urnes-en-bois","8":"product_tag-gpsr-all-wood-urns","9":"product_shipping_class-2-4kg-fr","11":"first","12":"instock","13":"taxable","14":"shipping-taxable","15":"purchasable","16":"product-type-variable"},"yoast_head":"<!-- This site is optimized with the Yoast SEO plugin v27.4 - https:\/\/yoast.com\/product\/yoast-seo-wordpress\/ -->\n<title>Urne cin\u00e9raire artistique pour adulte avec un arbre<\/title>\n<meta name=\"description\" content=\"Urne cin\u00e9raire artistique pour adulte. Chez Remember Forever, nous proposons une large gamme d\u2019urnes cin\u00e9raires uniques et artistiques, et celle-ci ne fait pas exception.\" \/>\n<meta name=\"robots\" content=\"index, follow, max-snippet:-1, max-image-preview:large, max-video-preview:-1\" \/>\n<link rel=\"canonical\" href=\"https:\/\/www.rememberme-forever.com\/fr\/produit\/urne-cineraire-artistique-pour-adulte-avec-un-arbre\/\" \/>\n<meta property=\"og:locale\" content=\"fr_FR\" \/>\n<meta property=\"og:type\" content=\"article\" \/>\n<meta property=\"og:title\" content=\"Urne cin\u00e9raire artistique pour adulte avec un arbre\" \/>\n<meta property=\"og:description\" content=\"Urne cin\u00e9raire artistique pour adulte. Chez Remember Forever, nous proposons une large gamme d\u2019urnes cin\u00e9raires uniques et artistiques, et celle-ci ne fait pas exception.\" \/>\n<meta property=\"og:url\" content=\"https:\/\/www.rememberme-forever.com\/fr\/produit\/urne-cineraire-artistique-pour-adulte-avec-un-arbre\/\" \/>\n<meta property=\"og:site_name\" content=\"Remember Forever\" \/>\n<meta property=\"article:modified_time\" content=\"2026-03-03T08:58:02+00:00\" \/>\n<meta property=\"og:image\" content=\"http:\/\/www.rememberme-forever.com\/wp-content\/uploads\/2023\/04\/wood-box-with-emorial-plaque.jpg\" \/>\n\t<meta property=\"og:image:width\" content=\"1007\" \/>\n\t<meta property=\"og:image:height\" content=\"1024\" \/>\n\t<meta property=\"og:image:type\" content=\"image\/jpeg\" \/>\n<meta name=\"twitter:card\" content=\"summary_large_image\" \/>\n<meta name=\"twitter:label1\" content=\"Dur\u00e9e de lecture estim\u00e9e\" \/>\n\t<meta name=\"twitter:data1\" content=\"2 minutes\" \/>\n<script type=\"application\/ld+json\" class=\"yoast-schema-graph\">{\"@context\":\"https:\\\/\\\/schema.org\",\"@graph\":[{\"@type\":\"WebPage\",\"@id\":\"https:\\\/\\\/www.rememberme-forever.com\\\/fr\\\/produit\\\/urne-cineraire-artistique-pour-adulte-avec-un-arbre\\\/\",\"url\":\"https:\\\/\\\/www.rememberme-forever.com\\\/fr\\\/produit\\\/urne-cineraire-artistique-pour-adulte-avec-un-arbre\\\/\",\"name\":\"Urne cin\u00e9raire artistique pour adulte avec un arbre\",\"isPartOf\":{\"@id\":\"https:\\\/\\\/www.rememberme-forever.com\\\/fr\\\/#website\"},\"primaryImageOfPage\":{\"@id\":\"https:\\\/\\\/www.rememberme-forever.com\\\/fr\\\/produit\\\/urne-cineraire-artistique-pour-adulte-avec-un-arbre\\\/#primaryimage\"},\"image\":{\"@id\":\"https:\\\/\\\/www.rememberme-forever.com\\\/fr\\\/produit\\\/urne-cineraire-artistique-pour-adulte-avec-un-arbre\\\/#primaryimage\"},\"thumbnailUrl\":\"https:\\\/\\\/www.rememberme-forever.com\\\/wp-content\\\/uploads\\\/2023\\\/04\\\/wood-box-with-emorial-plaque.jpg\",\"datePublished\":\"2023-04-19T09:52:06+00:00\",\"dateModified\":\"2026-03-03T08:58:02+00:00\",\"description\":\"Urne cin\u00e9raire artistique pour adulte. Chez Remember Forever, nous proposons une large gamme d\u2019urnes cin\u00e9raires uniques et artistiques, et celle-ci ne fait pas exception.\",\"breadcrumb\":{\"@id\":\"https:\\\/\\\/www.rememberme-forever.com\\\/fr\\\/produit\\\/urne-cineraire-artistique-pour-adulte-avec-un-arbre\\\/#breadcrumb\"},\"inLanguage\":\"fr-FR\",\"potentialAction\":[{\"@type\":\"ReadAction\",\"target\":[\"https:\\\/\\\/www.rememberme-forever.com\\\/fr\\\/produit\\\/urne-cineraire-artistique-pour-adulte-avec-un-arbre\\\/\"]}]},{\"@type\":\"ImageObject\",\"inLanguage\":\"fr-FR\",\"@id\":\"https:\\\/\\\/www.rememberme-forever.com\\\/fr\\\/produit\\\/urne-cineraire-artistique-pour-adulte-avec-un-arbre\\\/#primaryimage\",\"url\":\"https:\\\/\\\/www.rememberme-forever.com\\\/wp-content\\\/uploads\\\/2023\\\/04\\\/wood-box-with-emorial-plaque.jpg\",\"contentUrl\":\"https:\\\/\\\/www.rememberme-forever.com\\\/wp-content\\\/uploads\\\/2023\\\/04\\\/wood-box-with-emorial-plaque.jpg\",\"width\":1007,\"height\":1024,\"caption\":\"Urne cin\u00e9raire artistique pour adulte avec un arbre, bo\u00eete en bois avec plaque comm\u00e9morative\"},{\"@type\":\"BreadcrumbList\",\"@id\":\"https:\\\/\\\/www.rememberme-forever.com\\\/fr\\\/produit\\\/urne-cineraire-artistique-pour-adulte-avec-un-arbre\\\/#breadcrumb\",\"itemListElement\":[{\"@type\":\"ListItem\",\"position\":1,\"name\":\"Home\",\"item\":\"https:\\\/\\\/www.rememberme-forever.com\\\/fr\\\/accueil\\\/\"},{\"@type\":\"ListItem\",\"position\":2,\"name\":\"Boutique\",\"item\":\"https:\\\/\\\/www.rememberme-forever.com\\\/fr\\\/boutique\\\/\"},{\"@type\":\"ListItem\",\"position\":3,\"name\":\"Urne cin\u00e9raire artistique pour adulte avec un arbre\"}]},{\"@type\":\"WebSite\",\"@id\":\"https:\\\/\\\/www.rememberme-forever.com\\\/fr\\\/#website\",\"url\":\"https:\\\/\\\/www.rememberme-forever.com\\\/fr\\\/\",\"name\":\"Remember Forever\",\"description\":\"Cremation urns, funeral urns, urns for ashes\",\"publisher\":{\"@id\":\"https:\\\/\\\/www.rememberme-forever.com\\\/fr\\\/#organization\"},\"potentialAction\":[{\"@type\":\"SearchAction\",\"target\":{\"@type\":\"EntryPoint\",\"urlTemplate\":\"https:\\\/\\\/www.rememberme-forever.com\\\/fr\\\/?s={search_term_string}\"},\"query-input\":{\"@type\":\"PropertyValueSpecification\",\"valueRequired\":true,\"valueName\":\"search_term_string\"}}],\"inLanguage\":\"fr-FR\"},{\"@type\":\"Organization\",\"@id\":\"https:\\\/\\\/www.rememberme-forever.com\\\/fr\\\/#organization\",\"name\":\"Remember Forever\",\"url\":\"https:\\\/\\\/www.rememberme-forever.com\\\/fr\\\/\",\"logo\":{\"@type\":\"ImageObject\",\"inLanguage\":\"fr-FR\",\"@id\":\"https:\\\/\\\/www.rememberme-forever.com\\\/fr\\\/#\\\/schema\\\/logo\\\/image\\\/\",\"url\":\"https:\\\/\\\/www.rememberme-forever.com\\\/wp-content\\\/uploads\\\/2023\\\/02\\\/logo.png\",\"contentUrl\":\"https:\\\/\\\/www.rememberme-forever.com\\\/wp-content\\\/uploads\\\/2023\\\/02\\\/logo.png\",\"width\":300,\"height\":56,\"caption\":\"Remember Forever\"},\"image\":{\"@id\":\"https:\\\/\\\/www.rememberme-forever.com\\\/fr\\\/#\\\/schema\\\/logo\\\/image\\\/\"}}]}<\/script>\n<!-- \/ Yoast SEO plugin. -->","yoast_head_json":{"title":"Urne cin\u00e9raire artistique pour adulte avec un arbre","description":"Urne cin\u00e9raire artistique pour adulte. Chez Remember Forever, nous proposons une large gamme d\u2019urnes cin\u00e9raires uniques et artistiques, et celle-ci ne fait pas exception.","robots":{"index":"index","follow":"follow","max-snippet":"max-snippet:-1","max-image-preview":"max-image-preview:large","max-video-preview":"max-video-preview:-1"},"canonical":"https:\/\/www.rememberme-forever.com\/fr\/produit\/urne-cineraire-artistique-pour-adulte-avec-un-arbre\/","og_locale":"fr_FR","og_type":"article","og_title":"Urne cin\u00e9raire artistique pour adulte avec un arbre","og_description":"Urne cin\u00e9raire artistique pour adulte. Chez Remember Forever, nous proposons une large gamme d\u2019urnes cin\u00e9raires uniques et artistiques, et celle-ci ne fait pas exception.","og_url":"https:\/\/www.rememberme-forever.com\/fr\/produit\/urne-cineraire-artistique-pour-adulte-avec-un-arbre\/","og_site_name":"Remember Forever","article_modified_time":"2026-03-03T08:58:02+00:00","og_image":[{"width":1007,"height":1024,"url":"http:\/\/www.rememberme-forever.com\/wp-content\/uploads\/2023\/04\/wood-box-with-emorial-plaque.jpg","type":"image\/jpeg"}],"twitter_card":"summary_large_image","twitter_misc":{"Dur\u00e9e de lecture estim\u00e9e":"2 minutes"},"schema":{"@context":"https:\/\/schema.org","@graph":[{"@type":"WebPage","@id":"https:\/\/www.rememberme-forever.com\/fr\/produit\/urne-cineraire-artistique-pour-adulte-avec-un-arbre\/","url":"https:\/\/www.rememberme-forever.com\/fr\/produit\/urne-cineraire-artistique-pour-adulte-avec-un-arbre\/","name":"Urne cin\u00e9raire artistique pour adulte avec un arbre","isPartOf":{"@id":"https:\/\/www.rememberme-forever.com\/fr\/#website"},"primaryImageOfPage":{"@id":"https:\/\/www.rememberme-forever.com\/fr\/produit\/urne-cineraire-artistique-pour-adulte-avec-un-arbre\/#primaryimage"},"image":{"@id":"https:\/\/www.rememberme-forever.com\/fr\/produit\/urne-cineraire-artistique-pour-adulte-avec-un-arbre\/#primaryimage"},"thumbnailUrl":"https:\/\/www.rememberme-forever.com\/wp-content\/uploads\/2023\/04\/wood-box-with-emorial-plaque.jpg","datePublished":"2023-04-19T09:52:06+00:00","dateModified":"2026-03-03T08:58:02+00:00","description":"Urne cin\u00e9raire artistique pour adulte. Chez Remember Forever, nous proposons une large gamme d\u2019urnes cin\u00e9raires uniques et artistiques, et celle-ci ne fait pas exception.","breadcrumb":{"@id":"https:\/\/www.rememberme-forever.com\/fr\/produit\/urne-cineraire-artistique-pour-adulte-avec-un-arbre\/#breadcrumb"},"inLanguage":"fr-FR","potentialAction":[{"@type":"ReadAction","target":["https:\/\/www.rememberme-forever.com\/fr\/produit\/urne-cineraire-artistique-pour-adulte-avec-un-arbre\/"]}]},{"@type":"ImageObject","inLanguage":"fr-FR","@id":"https:\/\/www.rememberme-forever.com\/fr\/produit\/urne-cineraire-artistique-pour-adulte-avec-un-arbre\/#primaryimage","url":"https:\/\/www.rememberme-forever.com\/wp-content\/uploads\/2023\/04\/wood-box-with-emorial-plaque.jpg","contentUrl":"https:\/\/www.rememberme-forever.com\/wp-content\/uploads\/2023\/04\/wood-box-with-emorial-plaque.jpg","width":1007,"height":1024,"caption":"Urne cin\u00e9raire artistique pour adulte avec un arbre, bo\u00eete en bois avec plaque comm\u00e9morative"},{"@type":"BreadcrumbList","@id":"https:\/\/www.rememberme-forever.com\/fr\/produit\/urne-cineraire-artistique-pour-adulte-avec-un-arbre\/#breadcrumb","itemListElement":[{"@type":"ListItem","position":1,"name":"Home","item":"https:\/\/www.rememberme-forever.com\/fr\/accueil\/"},{"@type":"ListItem","position":2,"name":"Boutique","item":"https:\/\/www.rememberme-forever.com\/fr\/boutique\/"},{"@type":"ListItem","position":3,"name":"Urne cin\u00e9raire artistique pour adulte avec un arbre"}]},{"@type":"WebSite","@id":"https:\/\/www.rememberme-forever.com\/fr\/#website","url":"https:\/\/www.rememberme-forever.com\/fr\/","name":"Remember Forever","description":"Cremation urns, funeral urns, urns for ashes","publisher":{"@id":"https:\/\/www.rememberme-forever.com\/fr\/#organization"},"potentialAction":[{"@type":"SearchAction","target":{"@type":"EntryPoint","urlTemplate":"https:\/\/www.rememberme-forever.com\/fr\/?s={search_term_string}"},"query-input":{"@type":"PropertyValueSpecification","valueRequired":true,"valueName":"search_term_string"}}],"inLanguage":"fr-FR"},{"@type":"Organization","@id":"https:\/\/www.rememberme-forever.com\/fr\/#organization","name":"Remember Forever","url":"https:\/\/www.rememberme-forever.com\/fr\/","logo":{"@type":"ImageObject","inLanguage":"fr-FR","@id":"https:\/\/www.rememberme-forever.com\/fr\/#\/schema\/logo\/image\/","url":"https:\/\/www.rememberme-forever.com\/wp-content\/uploads\/2023\/02\/logo.png","contentUrl":"https:\/\/www.rememberme-forever.com\/wp-content\/uploads\/2023\/02\/logo.png","width":300,"height":56,"caption":"Remember Forever"},"image":{"@id":"https:\/\/www.rememberme-forever.com\/fr\/#\/schema\/logo\/image\/"}}]}},"acf":[],"_links":{"self":[{"href":"https:\/\/www.rememberme-forever.com\/fr\/wp-json\/wp\/v2\/product\/26768","targetHints":{"allow":["GET"]}}],"collection":[{"href":"https:\/\/www.rememberme-forever.com\/fr\/wp-json\/wp\/v2\/product"}],"about":[{"href":"https:\/\/www.rememberme-forever.com\/fr\/wp-json\/wp\/v2\/types\/product"}],"wp:featuredmedia":[{"embeddable":true,"href":"https:\/\/www.rememberme-forever.com\/fr\/wp-json\/wp\/v2\/media\/26751"}],"wp:attachment":[{"href":"https:\/\/www.rememberme-forever.com\/fr\/wp-json\/wp\/v2\/media?parent=26768"}],"wp:term":[{"taxonomy":"product_brand","embeddable":true,"href":"https:\/\/www.rememberme-forever.com\/fr\/wp-json\/wp\/v2\/product_brand?post=26768"},{"taxonomy":"product_cat","embeddable":true,"href":"https:\/\/www.rememberme-forever.com\/fr\/wp-json\/wp\/v2\/product_cat?post=26768"},{"taxonomy":"product_tag","embeddable":true,"href":"https:\/\/www.rememberme-forever.com\/fr\/wp-json\/wp\/v2\/product_tag?post=26768"}],"curies":[{"name":"wp","href":"https:\/\/api.w.org\/{rel}","templated":true}]}}