{"id":26816,"date":"2023-04-19T13:21:00","date_gmt":"2023-04-19T11:21:00","guid":{"rendered":"https:\/\/www.rememberme-forever.com\/product\/urne-en-chene-avec-croix\/"},"modified":"2026-03-03T10:17:22","modified_gmt":"2026-03-03T09:17:22","slug":"urne-en-chene-avec-croix","status":"publish","type":"product","link":"https:\/\/www.rememberme-forever.com\/fr\/produit\/urne-en-chene-avec-croix\/","title":{"rendered":"Urne en ch\u00eane avec croix"},"content":{"rendered":"<div style=\"width: 100%; margin-bottom: 30px; height: max-content; padding-bottom: 60%; position: relative;\"><iframe style=\"position: absolute; top: 0; left: 0; width: 100%; height: 100%;\" src=\"https:\/\/rememberme-urns.com\/oak-urn-with-catholic-cross\/\" frameborder=\"0\"><\/iframe><\/div>\n<div style=\"color: red; text-align: center; margin-bottom: 25px;\">\n<p>&gt;&gt; Rotation de la photo &#8211; appuyer\/zoomer &lt;&lt;<\/p>\n<\/div>\n<h2 style=\"text-align: center;\">Urne en ch\u00eane avec croix<\/h2>\n<p style=\"text-align: center;\">Cette magnifique <strong>urne en ch\u00eane avec croix<\/strong> est une pi\u00e8ce d\u2019une fabrication exceptionnelle, con\u00e7ue pour accueillir les cendres d\u2019un \u00eatre cher. L\u2019urne arbore une croix finement sculpt\u00e9e sur le devant, symbolisant l\u2019espoir, la foi et l\u2019amour que vous avez partag\u00e9 avec votre proche.<\/p>\n<p style=\"text-align: center;\">Fabriqu\u00e9e en bois de ch\u00eane de haute qualit\u00e9, cette urne pr\u00e9sente une teinte claire et naturelle qui s\u2019int\u00e8gre parfaitement \u00e0 tout d\u00e9cor. Son \u00e9l\u00e9gante simplicit\u00e9 permet de l\u2019exposer sans para\u00eetre encombrante. Sa taille convient pour les cendres d\u2019un adulte.<\/p>\n<p style=\"text-align: center;\">La surface lisse de l\u2019urne est id\u00e9ale pour l\u2019ajout d\u2019une plaque comm\u00e9morative personnalis\u00e9e, vous permettant d\u2019honorer votre proche avec un message sur mesure. Le fond se d\u00e9visse, facilitant l\u2019insertion et la s\u00e9curisation des cendres \u00e0 l\u2019int\u00e9rieur.<\/p>\n<p style=\"text-align: center;\">Cette urne en ch\u00eane avec croix est un bel hommage \u00e0 la vie de votre \u00eatre cher. Son design raffin\u00e9, alli\u00e9 \u00e0 sa simplicit\u00e9 et sa fonctionnalit\u00e9, en fait le lieu de repos id\u00e9al. Avec cette urne unique, sa m\u00e9moire sera honor\u00e9e et ch\u00e9rie pour les g\u00e9n\u00e9rations \u00e0 venir.<\/p>\n<p>&nbsp;<\/p>\n<h3 style=\"text-align: center;\"><strong>PERSONNALISATION<\/strong><\/h3>\n<p style=\"text-align: center;\">Si vous choisissez une plaque personnalis\u00e9e, veuillez soumettre du texte dans le cadre de personnalisation du produit.<\/p>\n<p style=\"text-align: center;\">La plaque comm\u00e9morative personnalis\u00e9e doit \u00eatre personnalis\u00e9e lors de votre commande. (Pas de panique si vous la manquez ; vous pouvez toujours nous contacter ult\u00e9rieurement.)<\/p>\n<p style=\"text-align: center;\">Veuillez examiner attentivement le texte \u00e0 graver avant d&rsquo;ajouter l&rsquo;article au panier. Nous reproduisons et gravons les informations exactes re\u00e7ues lors de la commande et n&rsquo;y apportons aucune modification.<\/p>\n<p style=\"text-align: center;\"><strong>Veuillez revoir le texte pour vous assurer que toutes les orthographes sont correctes.<\/strong><\/p>\n<p><img loading=\"lazy\" decoding=\"async\" class=\" wp-image-1447 aligncenter\" src=\"http:\/\/www.rememberme-forever.com\/wp-content\/uploads\/2023\/04\/memorial-plaque-cremation-urn-gold-300x150.jpg\" alt=\"Plaque comm\u00e9morative, urne fun\u00e9raire dor\u00e9e\" width=\"260\" height=\"130\" srcset=\"https:\/\/www.rememberme-forever.com\/wp-content\/uploads\/2023\/04\/memorial-plaque-cremation-urn-gold-300x150.jpg 300w, https:\/\/www.rememberme-forever.com\/wp-content\/uploads\/2023\/04\/memorial-plaque-cremation-urn-gold-64x32.jpg 64w, https:\/\/www.rememberme-forever.com\/wp-content\/uploads\/2023\/04\/memorial-plaque-cremation-urn-gold.jpg 448w\" sizes=\"auto, (max-width: 260px) 100vw, 260px\" \/><\/p>\n","protected":false},"excerpt":{"rendered":"<p><em><strong>Convient pour les cendres d\u2019une personne pesant jusqu\u2019\u00e0 environ 238 lbs ou 107 kg <\/strong><\/em><\/p>\n","protected":false},"featured_media":26796,"template":"","meta":{"_acf_changed":false},"product_brand":[],"product_cat":[2431],"product_tag":[3304],"class_list":{"0":"post-26816","1":"product","2":"type-product","3":"status-publish","4":"has-post-thumbnail","6":"product_cat-urnes-en-bois","7":"product_tag-gpsr-all-wood-urns","8":"product_shipping_class-2-4kg-fr","10":"first","11":"instock","12":"taxable","13":"shipping-taxable","14":"purchasable","15":"product-type-simple"},"yoast_head":"<!-- This site is optimized with the Yoast SEO plugin v27.4 - https:\/\/yoast.com\/product\/yoast-seo-wordpress\/ -->\n<title>Urne en ch\u00eane avec croix<\/title>\n<meta name=\"description\" content=\"Cette magnifique urne en ch\u00eane avec croix est une pi\u00e8ce d\u2019une fabrication exceptionnelle, con\u00e7ue pour accueillir les cendres d\u2019un \u00eatre cher. L\u2019urne arbore une croix finement sculpt\u00e9e sur le devant...\" \/>\n<meta name=\"robots\" content=\"index, follow, max-snippet:-1, max-image-preview:large, max-video-preview:-1\" \/>\n<link rel=\"canonical\" href=\"https:\/\/www.rememberme-forever.com\/fr\/produit\/urne-en-chene-avec-croix\/\" \/>\n<meta property=\"og:locale\" content=\"fr_FR\" \/>\n<meta property=\"og:type\" content=\"article\" \/>\n<meta property=\"og:title\" content=\"Urne en ch\u00eane avec croix\" \/>\n<meta property=\"og:description\" content=\"Cette magnifique urne en ch\u00eane avec croix est une pi\u00e8ce d\u2019une fabrication exceptionnelle, con\u00e7ue pour accueillir les cendres d\u2019un \u00eatre cher. L\u2019urne arbore une croix finement sculpt\u00e9e sur le devant...\" \/>\n<meta property=\"og:url\" content=\"https:\/\/www.rememberme-forever.com\/fr\/produit\/urne-en-chene-avec-croix\/\" \/>\n<meta property=\"og:site_name\" content=\"Remember Forever\" \/>\n<meta property=\"article:modified_time\" content=\"2026-03-03T09:17:22+00:00\" \/>\n<meta property=\"og:image\" content=\"http:\/\/www.rememberme-forever.com\/wp-content\/uploads\/2023\/05\/img_2D_0001.jpg\" \/>\n\t<meta property=\"og:image:width\" content=\"1007\" \/>\n\t<meta property=\"og:image:height\" content=\"1024\" \/>\n\t<meta property=\"og:image:type\" content=\"image\/jpeg\" \/>\n<meta name=\"twitter:card\" content=\"summary_large_image\" \/>\n<meta name=\"twitter:label1\" content=\"Dur\u00e9e de lecture estim\u00e9e\" \/>\n\t<meta name=\"twitter:data1\" content=\"2 minutes\" \/>\n<script type=\"application\/ld+json\" class=\"yoast-schema-graph\">{\"@context\":\"https:\\\/\\\/schema.org\",\"@graph\":[{\"@type\":\"WebPage\",\"@id\":\"https:\\\/\\\/www.rememberme-forever.com\\\/fr\\\/produit\\\/urne-en-chene-avec-croix\\\/\",\"url\":\"https:\\\/\\\/www.rememberme-forever.com\\\/fr\\\/produit\\\/urne-en-chene-avec-croix\\\/\",\"name\":\"Urne en ch\u00eane avec croix\",\"isPartOf\":{\"@id\":\"https:\\\/\\\/www.rememberme-forever.com\\\/fr\\\/#website\"},\"primaryImageOfPage\":{\"@id\":\"https:\\\/\\\/www.rememberme-forever.com\\\/fr\\\/produit\\\/urne-en-chene-avec-croix\\\/#primaryimage\"},\"image\":{\"@id\":\"https:\\\/\\\/www.rememberme-forever.com\\\/fr\\\/produit\\\/urne-en-chene-avec-croix\\\/#primaryimage\"},\"thumbnailUrl\":\"https:\\\/\\\/www.rememberme-forever.com\\\/wp-content\\\/uploads\\\/2023\\\/05\\\/img_2D_0001.jpg\",\"datePublished\":\"2023-04-19T11:21:00+00:00\",\"dateModified\":\"2026-03-03T09:17:22+00:00\",\"description\":\"Cette magnifique urne en ch\u00eane avec croix est une pi\u00e8ce d\u2019une fabrication exceptionnelle, con\u00e7ue pour accueillir les cendres d\u2019un \u00eatre cher. L\u2019urne arbore une croix finement sculpt\u00e9e sur le devant...\",\"breadcrumb\":{\"@id\":\"https:\\\/\\\/www.rememberme-forever.com\\\/fr\\\/produit\\\/urne-en-chene-avec-croix\\\/#breadcrumb\"},\"inLanguage\":\"fr-FR\",\"potentialAction\":[{\"@type\":\"ReadAction\",\"target\":[\"https:\\\/\\\/www.rememberme-forever.com\\\/fr\\\/produit\\\/urne-en-chene-avec-croix\\\/\"]}]},{\"@type\":\"ImageObject\",\"inLanguage\":\"fr-FR\",\"@id\":\"https:\\\/\\\/www.rememberme-forever.com\\\/fr\\\/produit\\\/urne-en-chene-avec-croix\\\/#primaryimage\",\"url\":\"https:\\\/\\\/www.rememberme-forever.com\\\/wp-content\\\/uploads\\\/2023\\\/05\\\/img_2D_0001.jpg\",\"contentUrl\":\"https:\\\/\\\/www.rememberme-forever.com\\\/wp-content\\\/uploads\\\/2023\\\/05\\\/img_2D_0001.jpg\",\"width\":1007,\"height\":1024,\"caption\":\"Urne en ch\u00eane avec croix\"},{\"@type\":\"BreadcrumbList\",\"@id\":\"https:\\\/\\\/www.rememberme-forever.com\\\/fr\\\/produit\\\/urne-en-chene-avec-croix\\\/#breadcrumb\",\"itemListElement\":[{\"@type\":\"ListItem\",\"position\":1,\"name\":\"Home\",\"item\":\"https:\\\/\\\/www.rememberme-forever.com\\\/fr\\\/accueil\\\/\"},{\"@type\":\"ListItem\",\"position\":2,\"name\":\"Boutique\",\"item\":\"https:\\\/\\\/www.rememberme-forever.com\\\/fr\\\/boutique\\\/\"},{\"@type\":\"ListItem\",\"position\":3,\"name\":\"Urne en ch\u00eane avec croix\"}]},{\"@type\":\"WebSite\",\"@id\":\"https:\\\/\\\/www.rememberme-forever.com\\\/fr\\\/#website\",\"url\":\"https:\\\/\\\/www.rememberme-forever.com\\\/fr\\\/\",\"name\":\"Remember Forever\",\"description\":\"Cremation urns, funeral urns, urns for ashes\",\"publisher\":{\"@id\":\"https:\\\/\\\/www.rememberme-forever.com\\\/fr\\\/#organization\"},\"potentialAction\":[{\"@type\":\"SearchAction\",\"target\":{\"@type\":\"EntryPoint\",\"urlTemplate\":\"https:\\\/\\\/www.rememberme-forever.com\\\/fr\\\/?s={search_term_string}\"},\"query-input\":{\"@type\":\"PropertyValueSpecification\",\"valueRequired\":true,\"valueName\":\"search_term_string\"}}],\"inLanguage\":\"fr-FR\"},{\"@type\":\"Organization\",\"@id\":\"https:\\\/\\\/www.rememberme-forever.com\\\/fr\\\/#organization\",\"name\":\"Remember Forever\",\"url\":\"https:\\\/\\\/www.rememberme-forever.com\\\/fr\\\/\",\"logo\":{\"@type\":\"ImageObject\",\"inLanguage\":\"fr-FR\",\"@id\":\"https:\\\/\\\/www.rememberme-forever.com\\\/fr\\\/#\\\/schema\\\/logo\\\/image\\\/\",\"url\":\"https:\\\/\\\/www.rememberme-forever.com\\\/wp-content\\\/uploads\\\/2023\\\/02\\\/logo.png\",\"contentUrl\":\"https:\\\/\\\/www.rememberme-forever.com\\\/wp-content\\\/uploads\\\/2023\\\/02\\\/logo.png\",\"width\":300,\"height\":56,\"caption\":\"Remember Forever\"},\"image\":{\"@id\":\"https:\\\/\\\/www.rememberme-forever.com\\\/fr\\\/#\\\/schema\\\/logo\\\/image\\\/\"}}]}<\/script>\n<!-- \/ Yoast SEO plugin. -->","yoast_head_json":{"title":"Urne en ch\u00eane avec croix","description":"Cette magnifique urne en ch\u00eane avec croix est une pi\u00e8ce d\u2019une fabrication exceptionnelle, con\u00e7ue pour accueillir les cendres d\u2019un \u00eatre cher. L\u2019urne arbore une croix finement sculpt\u00e9e sur le devant...","robots":{"index":"index","follow":"follow","max-snippet":"max-snippet:-1","max-image-preview":"max-image-preview:large","max-video-preview":"max-video-preview:-1"},"canonical":"https:\/\/www.rememberme-forever.com\/fr\/produit\/urne-en-chene-avec-croix\/","og_locale":"fr_FR","og_type":"article","og_title":"Urne en ch\u00eane avec croix","og_description":"Cette magnifique urne en ch\u00eane avec croix est une pi\u00e8ce d\u2019une fabrication exceptionnelle, con\u00e7ue pour accueillir les cendres d\u2019un \u00eatre cher. L\u2019urne arbore une croix finement sculpt\u00e9e sur le devant...","og_url":"https:\/\/www.rememberme-forever.com\/fr\/produit\/urne-en-chene-avec-croix\/","og_site_name":"Remember Forever","article_modified_time":"2026-03-03T09:17:22+00:00","og_image":[{"width":1007,"height":1024,"url":"http:\/\/www.rememberme-forever.com\/wp-content\/uploads\/2023\/05\/img_2D_0001.jpg","type":"image\/jpeg"}],"twitter_card":"summary_large_image","twitter_misc":{"Dur\u00e9e de lecture estim\u00e9e":"2 minutes"},"schema":{"@context":"https:\/\/schema.org","@graph":[{"@type":"WebPage","@id":"https:\/\/www.rememberme-forever.com\/fr\/produit\/urne-en-chene-avec-croix\/","url":"https:\/\/www.rememberme-forever.com\/fr\/produit\/urne-en-chene-avec-croix\/","name":"Urne en ch\u00eane avec croix","isPartOf":{"@id":"https:\/\/www.rememberme-forever.com\/fr\/#website"},"primaryImageOfPage":{"@id":"https:\/\/www.rememberme-forever.com\/fr\/produit\/urne-en-chene-avec-croix\/#primaryimage"},"image":{"@id":"https:\/\/www.rememberme-forever.com\/fr\/produit\/urne-en-chene-avec-croix\/#primaryimage"},"thumbnailUrl":"https:\/\/www.rememberme-forever.com\/wp-content\/uploads\/2023\/05\/img_2D_0001.jpg","datePublished":"2023-04-19T11:21:00+00:00","dateModified":"2026-03-03T09:17:22+00:00","description":"Cette magnifique urne en ch\u00eane avec croix est une pi\u00e8ce d\u2019une fabrication exceptionnelle, con\u00e7ue pour accueillir les cendres d\u2019un \u00eatre cher. L\u2019urne arbore une croix finement sculpt\u00e9e sur le devant...","breadcrumb":{"@id":"https:\/\/www.rememberme-forever.com\/fr\/produit\/urne-en-chene-avec-croix\/#breadcrumb"},"inLanguage":"fr-FR","potentialAction":[{"@type":"ReadAction","target":["https:\/\/www.rememberme-forever.com\/fr\/produit\/urne-en-chene-avec-croix\/"]}]},{"@type":"ImageObject","inLanguage":"fr-FR","@id":"https:\/\/www.rememberme-forever.com\/fr\/produit\/urne-en-chene-avec-croix\/#primaryimage","url":"https:\/\/www.rememberme-forever.com\/wp-content\/uploads\/2023\/05\/img_2D_0001.jpg","contentUrl":"https:\/\/www.rememberme-forever.com\/wp-content\/uploads\/2023\/05\/img_2D_0001.jpg","width":1007,"height":1024,"caption":"Urne en ch\u00eane avec croix"},{"@type":"BreadcrumbList","@id":"https:\/\/www.rememberme-forever.com\/fr\/produit\/urne-en-chene-avec-croix\/#breadcrumb","itemListElement":[{"@type":"ListItem","position":1,"name":"Home","item":"https:\/\/www.rememberme-forever.com\/fr\/accueil\/"},{"@type":"ListItem","position":2,"name":"Boutique","item":"https:\/\/www.rememberme-forever.com\/fr\/boutique\/"},{"@type":"ListItem","position":3,"name":"Urne en ch\u00eane avec croix"}]},{"@type":"WebSite","@id":"https:\/\/www.rememberme-forever.com\/fr\/#website","url":"https:\/\/www.rememberme-forever.com\/fr\/","name":"Remember Forever","description":"Cremation urns, funeral urns, urns for ashes","publisher":{"@id":"https:\/\/www.rememberme-forever.com\/fr\/#organization"},"potentialAction":[{"@type":"SearchAction","target":{"@type":"EntryPoint","urlTemplate":"https:\/\/www.rememberme-forever.com\/fr\/?s={search_term_string}"},"query-input":{"@type":"PropertyValueSpecification","valueRequired":true,"valueName":"search_term_string"}}],"inLanguage":"fr-FR"},{"@type":"Organization","@id":"https:\/\/www.rememberme-forever.com\/fr\/#organization","name":"Remember Forever","url":"https:\/\/www.rememberme-forever.com\/fr\/","logo":{"@type":"ImageObject","inLanguage":"fr-FR","@id":"https:\/\/www.rememberme-forever.com\/fr\/#\/schema\/logo\/image\/","url":"https:\/\/www.rememberme-forever.com\/wp-content\/uploads\/2023\/02\/logo.png","contentUrl":"https:\/\/www.rememberme-forever.com\/wp-content\/uploads\/2023\/02\/logo.png","width":300,"height":56,"caption":"Remember Forever"},"image":{"@id":"https:\/\/www.rememberme-forever.com\/fr\/#\/schema\/logo\/image\/"}}]}},"acf":[],"_links":{"self":[{"href":"https:\/\/www.rememberme-forever.com\/fr\/wp-json\/wp\/v2\/product\/26816","targetHints":{"allow":["GET"]}}],"collection":[{"href":"https:\/\/www.rememberme-forever.com\/fr\/wp-json\/wp\/v2\/product"}],"about":[{"href":"https:\/\/www.rememberme-forever.com\/fr\/wp-json\/wp\/v2\/types\/product"}],"wp:featuredmedia":[{"embeddable":true,"href":"https:\/\/www.rememberme-forever.com\/fr\/wp-json\/wp\/v2\/media\/26796"}],"wp:attachment":[{"href":"https:\/\/www.rememberme-forever.com\/fr\/wp-json\/wp\/v2\/media?parent=26816"}],"wp:term":[{"taxonomy":"product_brand","embeddable":true,"href":"https:\/\/www.rememberme-forever.com\/fr\/wp-json\/wp\/v2\/product_brand?post=26816"},{"taxonomy":"product_cat","embeddable":true,"href":"https:\/\/www.rememberme-forever.com\/fr\/wp-json\/wp\/v2\/product_cat?post=26816"},{"taxonomy":"product_tag","embeddable":true,"href":"https:\/\/www.rememberme-forever.com\/fr\/wp-json\/wp\/v2\/product_tag?post=26816"}],"curies":[{"name":"wp","href":"https:\/\/api.w.org\/{rel}","templated":true}]}}