{"id":27122,"date":"2026-03-04T10:26:14","date_gmt":"2026-03-04T09:26:14","guid":{"rendered":"https:\/\/www.rememberme-forever.com\/product\/urne-funeraire-en-bois-de-noyer-taille-adulte-grade-b\/"},"modified":"2026-03-04T11:32:54","modified_gmt":"2026-03-04T10:32:54","slug":"urne-funeraire-en-bois-de-noyer-taille-adulte-grade-b","status":"publish","type":"product","link":"https:\/\/www.rememberme-forever.com\/fr\/produit\/urne-funeraire-en-bois-de-noyer-taille-adulte-grade-b\/","title":{"rendered":"Urne fun\u00e9raire en bois de noyer, taille adulte \u00ab grade B \u00bb"},"content":{"rendered":"<section class=\"section\">\n<div class=\"item item-12\">\n<section class=\"text-item\">\n<h2 style=\"text-align: center;\"><strong><span style=\"color: #000000;\">Urne de cr\u00e9mation en noyer GRADE B<\/span><\/strong><\/h2>\n<p style=\"text-align: center;\"><span style=\"color: #000000;\">Magnifique urne de cr\u00e9mation en noyer. Tourn\u00e9e \u00e0 la main, parfaite pour les cendres d\u2019un adulte. La richesse des couleurs et le veinage du bois naturel font forte impression. Une urne con\u00e7ue par m\u00e8re nature elle-m\u00eame. Urne laqu\u00e9e brillante. <\/span><\/p>\n<p style=\"text-align: center;\"><span style=\"color: #000000;\">Urne pr\u00e9sentant de l\u00e9g\u00e8res imperfections visuelles \u00e0 prix r\u00e9duit.<br \/>\nConsultez nos autres produits si vous recherchez une urne sans d\u00e9faut<\/span><\/p>\n<p style=\"text-align: center;\"><strong><span style=\"color: #000000;\">La vente concerne uniquement l\u2019article pr\u00e9sent\u00e9 sur les photos.<\/span><\/strong><\/p>\n<p>&nbsp;<\/p>\n<p style=\"text-align: center;\"><strong><span style=\"color: #000000;\">IMPORTANT<\/span><\/strong><\/p>\n<p style=\"text-align: center;\"><span style=\"color: #000000;\">Les urnes \u00e0 prix r\u00e9duit sont des urnes pr\u00e9sentant des d\u00e9fauts visuels mineurs caus\u00e9s par le processus de production. Nous attachons une grande importance \u00e0 la haute qualit\u00e9 de nos produits, c\u2019est pourquoi ces urnes vous sont propos\u00e9es \u00e0 un prix r\u00e9duit en cons\u00e9quence. Ces petits d\u00e9fauts visuels sont purement esth\u00e9tiques et n\u2019affectent en rien l\u2019\u00e9tanch\u00e9it\u00e9, la stabilit\u00e9 ou l\u2019utilisation correcte de l\u2019urne. <\/span><\/p>\n<p style=\"text-align: center;\"><span style=\"color: #000000;\">Pour confirmer votre d\u00e9cision d\u2019achat, veuillez lire la description d\u00e9taill\u00e9e et consulter les photos montrant les d\u00e9fauts avec pr\u00e9cision. Si vous avez d\u2019autres questions sur l\u2019\u00e9tat de votre urne, n\u2019h\u00e9sitez pas \u00e0 nous contacter. <\/span><\/p>\n<p>&nbsp;<\/p>\n<p style=\"text-align: center;\"><em><strong><span style=\"color: #000000;\">Description des dommages<\/span><\/strong><\/em><\/p>\n<p style=\"text-align: center;\"><em><span style=\"color: #000000;\"><b>L\u2019urne pr\u00e9sente une petite fissure sur la partie sup\u00e9rieure<\/b>. Le d\u00e9faut est uniquement visuel et n\u2019affecte pas l\u2019\u00e9tanch\u00e9it\u00e9 de l\u2019urne. L\u2019urne permet de placer les cendres dans un sac en plastique pour une protection suppl\u00e9mentaire. Veuillez consulter la documentation photographique d\u00e9taill\u00e9e. <\/span><\/em><\/p>\n<\/section>\n<\/div>\n<\/section>\n<section class=\"section\">\n<div class=\"item item-12\">\n<section class=\"text-item\">\n<p class=\"MsoNormal\" style=\"text-align: center; margin-bottom: 7.5pt; line-height: 15.75pt; background-image: initial; background-position: initial; background-size: initial; background-repeat: initial; background-attachment: initial;\"><b><span style=\"font-size: 10pt; font-family: Helvetica, sans-serif;\">\u25ba PERSONNALISATION \u25c4<\/span><\/b><\/p>\n<ul type=\"disc\">\n<li class=\"MsoNormal\" style=\"text-align: center; line-height: normal; background-image: initial; background-position: initial; background-size: initial; background-repeat: initial; background-attachment: initial;\"><span lang=\"EN-US\" style=\"font-size: 10.5pt;\">Si vous choisissez une plaque personnalis\u00e9e, inscrivez le texte \u00e0 l&rsquo;endroit appropri\u00e9 ou envoyez-nous un message.<\/span><\/li>\n<li class=\"MsoNormal\" style=\"text-align: center; line-height: normal; background-image: initial; background-position: initial; background-size: initial; background-repeat: initial; background-attachment: initial;\"><span lang=\"EN-US\" style=\"font-size: 10.5pt;\">La plaque comm\u00e9morative personnalis\u00e9e doit \u00eatre personnalis\u00e9e lors de la commande. (En cas d&rsquo;oubli, n&rsquo;h\u00e9sitez pas \u00e0 nous contacter ult\u00e9rieurement.) <\/span><\/li>\n<\/ul>\n<p class=\"MsoNormal\" style=\"text-align: center; margin-bottom: 7.5pt; line-height: 15.75pt; background-image: initial; background-position: initial; background-size: initial; background-repeat: initial; background-attachment: initial;\"><b><span lang=\"EN-US\" style=\"font-size: 10pt; font-family: Helvetica, sans-serif;\">Les limites de texte sont les suivantes :<\/span><\/b><\/p>\n<ul type=\"disc\">\n<li class=\"MsoNormal\" style=\"text-align: center; line-height: normal; background-image: initial; background-position: initial; background-size: initial; background-repeat: initial; background-attachment: initial;\"><span style=\"font-size: 10.5pt;\">Nom(s) jusqu&rsquo;\u00e0 35 caract\u00e8res<\/span><\/li>\n<li class=\"MsoNormal\" style=\"text-align: center; line-height: normal; background-image: initial; background-position: initial; background-size: initial; background-repeat: initial; background-attachment: initial;\"><span lang=\"EN-US\" style=\"font-size: 10.5pt;\">Dates de naissance et de d\u00e9c\u00e8s (35 caract\u00e8res maximum)<\/span><\/li>\n<li class=\"MsoNormal\" style=\"text-align: center; line-height: normal; background-image: initial; background-position: initial; background-size: initial; background-repeat: initial; background-attachment: initial;\"><span style=\"font-size: 10.5pt;\">Troisi\u00e8me ligne : 35 caract\u00e8res maximum<\/span><\/li>\n<li class=\"MsoNormal\" style=\"text-align: center; line-height: normal; background-image: initial; background-position: initial; background-size: initial; background-repeat: initial; background-attachment: initial;\"><span style=\"font-size: 10.5pt;\">Quatri\u00e8me ligne : 35 caract\u00e8res maximum\n<p><\/span><\/li>\n<li class=\"MsoNormal\" style=\"text-align: center; line-height: normal; background-image: initial; background-position: initial; background-size: initial; background-repeat: initial; background-attachment: initial;\"><span style=\"font-size: 10.5pt;\">Cinqui\u00e8me ligne : 35 caract\u00e8res maximum<\/span><\/li>\n<li class=\"MsoNormal\" style=\"text-align: center; line-height: normal; background-image: initial; background-position: initial; background-size: initial; background-repeat: initial; background-attachment: initial;\"><span style=\"font-size: 10.5pt;\">Sixi\u00e8me ligne : 35 caract\u00e8res maximum<\/span><\/li>\n<\/ul>\n<p class=\"MsoNormal\" style=\"text-align: center; margin-bottom: 7.5pt; line-height: 15.75pt; background-image: initial; background-position: initial; background-size: initial; background-repeat: initial; background-attachment: initial;\"><b><span lang=\"EN-US\" style=\"font-size: 10pt; font-family: Helvetica, sans-serif;\">Veuillez V\u00c9RIFIER le texte de gravure avant d&rsquo;ajouter le produit \u00e0 votre panier. Nous reproduisons et gravons exactement les informations re\u00e7ues lors de la commande et n&rsquo;y apportons aucune modification. <\/span><\/b><\/p>\n<ul type=\"disc\">\n<li class=\"MsoNormal\" style=\"text-align: center; line-height: normal; background-image: initial; background-position: initial; background-size: initial; background-repeat: initial; background-attachment: initial;\"><span lang=\"EN-US\" style=\"font-size: 10.5pt;\">V\u00e9rifiez l&rsquo;orthographe du texte.<\/span><\/li>\n<li class=\"MsoNormal\" style=\"text-align: center; line-height: normal; background-image: initial; background-position: initial; background-size: initial; background-repeat: initial; background-attachment: initial;\">N&rsquo;indiquez PAS de texte de gravure si vous achetez l&rsquo;option \u00ab Urne sans plaque \u00bb.<\/li>\n<\/ul>\n<\/section>\n<\/div>\n<\/section>\n","protected":false},"excerpt":{"rendered":"<p>Urne de cr\u00e9mation en noyer GRADE B Magnifique urne de cr\u00e9mation en noyer. Tourn\u00e9e \u00e0 la main, parfaite pour les cendres d\u2019un adulte. La richesse&#8230;<\/p>\n","protected":false},"featured_media":27101,"template":"","meta":{"_acf_changed":false},"product_brand":[],"product_cat":[2412],"product_tag":[3372],"class_list":{"0":"post-27122","1":"product","2":"type-product","3":"status-publish","4":"has-post-thumbnail","6":"product_cat-urnes-a-prix-reduit","7":"product_tag-gpsr-turned-wood","8":"product_shipping_class-2-4kg-fr","10":"first","11":"instock","12":"sale","13":"taxable","14":"shipping-taxable","15":"purchasable","16":"product-type-simple"},"yoast_head":"<!-- This site is optimized with the Yoast SEO plugin v27.4 - https:\/\/yoast.com\/product\/yoast-seo-wordpress\/ -->\n<title>Urne fun\u00e9raire en bois de noyer, taille adulte \u00ab grade B \u00bb - Remember Forever<\/title>\n<meta name=\"robots\" content=\"index, follow, max-snippet:-1, max-image-preview:large, max-video-preview:-1\" \/>\n<link rel=\"canonical\" href=\"https:\/\/www.rememberme-forever.com\/fr\/produit\/urne-funeraire-en-bois-de-noyer-taille-adulte-grade-b\/\" \/>\n<meta property=\"og:locale\" content=\"fr_FR\" \/>\n<meta property=\"og:type\" content=\"article\" \/>\n<meta property=\"og:title\" content=\"Urne fun\u00e9raire en bois de noyer, taille adulte \u00ab grade B \u00bb - Remember Forever\" \/>\n<meta property=\"og:description\" content=\"Urne de cr\u00e9mation en noyer GRADE B Magnifique urne de cr\u00e9mation en noyer. Tourn\u00e9e \u00e0 la main, parfaite pour les cendres d\u2019un adulte. La richesse...\" \/>\n<meta property=\"og:url\" content=\"https:\/\/www.rememberme-forever.com\/fr\/produit\/urne-funeraire-en-bois-de-noyer-taille-adulte-grade-b\/\" \/>\n<meta property=\"og:site_name\" content=\"Remember Forever\" \/>\n<meta property=\"article:modified_time\" content=\"2026-03-04T10:32:54+00:00\" \/>\n<meta property=\"og:image\" content=\"http:\/\/www.rememberme-forever.com\/wp-content\/uploads\/2026\/03\/img_2D_0002-1.jpg\" \/>\n\t<meta property=\"og:image:width\" content=\"1007\" \/>\n\t<meta property=\"og:image:height\" content=\"1024\" \/>\n\t<meta property=\"og:image:type\" content=\"image\/jpeg\" \/>\n<meta name=\"twitter:card\" content=\"summary_large_image\" \/>\n<meta name=\"twitter:label1\" content=\"Dur\u00e9e de lecture estim\u00e9e\" \/>\n\t<meta name=\"twitter:data1\" content=\"2 minutes\" \/>\n<script type=\"application\/ld+json\" class=\"yoast-schema-graph\">{\"@context\":\"https:\\\/\\\/schema.org\",\"@graph\":[{\"@type\":\"WebPage\",\"@id\":\"https:\\\/\\\/www.rememberme-forever.com\\\/fr\\\/produit\\\/urne-funeraire-en-bois-de-noyer-taille-adulte-grade-b\\\/\",\"url\":\"https:\\\/\\\/www.rememberme-forever.com\\\/fr\\\/produit\\\/urne-funeraire-en-bois-de-noyer-taille-adulte-grade-b\\\/\",\"name\":\"Urne fun\u00e9raire en bois de noyer, taille adulte \u00ab grade B \u00bb - Remember Forever\",\"isPartOf\":{\"@id\":\"https:\\\/\\\/www.rememberme-forever.com\\\/fr\\\/#website\"},\"primaryImageOfPage\":{\"@id\":\"https:\\\/\\\/www.rememberme-forever.com\\\/fr\\\/produit\\\/urne-funeraire-en-bois-de-noyer-taille-adulte-grade-b\\\/#primaryimage\"},\"image\":{\"@id\":\"https:\\\/\\\/www.rememberme-forever.com\\\/fr\\\/produit\\\/urne-funeraire-en-bois-de-noyer-taille-adulte-grade-b\\\/#primaryimage\"},\"thumbnailUrl\":\"https:\\\/\\\/www.rememberme-forever.com\\\/wp-content\\\/uploads\\\/2026\\\/03\\\/img_2D_0002-1.jpg\",\"datePublished\":\"2026-03-04T09:26:14+00:00\",\"dateModified\":\"2026-03-04T10:32:54+00:00\",\"breadcrumb\":{\"@id\":\"https:\\\/\\\/www.rememberme-forever.com\\\/fr\\\/produit\\\/urne-funeraire-en-bois-de-noyer-taille-adulte-grade-b\\\/#breadcrumb\"},\"inLanguage\":\"fr-FR\",\"potentialAction\":[{\"@type\":\"ReadAction\",\"target\":[\"https:\\\/\\\/www.rememberme-forever.com\\\/fr\\\/produit\\\/urne-funeraire-en-bois-de-noyer-taille-adulte-grade-b\\\/\"]}]},{\"@type\":\"ImageObject\",\"inLanguage\":\"fr-FR\",\"@id\":\"https:\\\/\\\/www.rememberme-forever.com\\\/fr\\\/produit\\\/urne-funeraire-en-bois-de-noyer-taille-adulte-grade-b\\\/#primaryimage\",\"url\":\"https:\\\/\\\/www.rememberme-forever.com\\\/wp-content\\\/uploads\\\/2026\\\/03\\\/img_2D_0002-1.jpg\",\"contentUrl\":\"https:\\\/\\\/www.rememberme-forever.com\\\/wp-content\\\/uploads\\\/2026\\\/03\\\/img_2D_0002-1.jpg\",\"width\":1007,\"height\":1024,\"caption\":\"urne en noyer grade b\"},{\"@type\":\"BreadcrumbList\",\"@id\":\"https:\\\/\\\/www.rememberme-forever.com\\\/fr\\\/produit\\\/urne-funeraire-en-bois-de-noyer-taille-adulte-grade-b\\\/#breadcrumb\",\"itemListElement\":[{\"@type\":\"ListItem\",\"position\":1,\"name\":\"Home\",\"item\":\"https:\\\/\\\/www.rememberme-forever.com\\\/fr\\\/accueil\\\/\"},{\"@type\":\"ListItem\",\"position\":2,\"name\":\"Boutique\",\"item\":\"https:\\\/\\\/www.rememberme-forever.com\\\/fr\\\/boutique\\\/\"},{\"@type\":\"ListItem\",\"position\":3,\"name\":\"Urne fun\u00e9raire en bois de noyer, taille adulte \u00ab grade B \u00bb\"}]},{\"@type\":\"WebSite\",\"@id\":\"https:\\\/\\\/www.rememberme-forever.com\\\/fr\\\/#website\",\"url\":\"https:\\\/\\\/www.rememberme-forever.com\\\/fr\\\/\",\"name\":\"Remember Forever\",\"description\":\"Cremation urns, funeral urns, urns for ashes\",\"publisher\":{\"@id\":\"https:\\\/\\\/www.rememberme-forever.com\\\/fr\\\/#organization\"},\"potentialAction\":[{\"@type\":\"SearchAction\",\"target\":{\"@type\":\"EntryPoint\",\"urlTemplate\":\"https:\\\/\\\/www.rememberme-forever.com\\\/fr\\\/?s={search_term_string}\"},\"query-input\":{\"@type\":\"PropertyValueSpecification\",\"valueRequired\":true,\"valueName\":\"search_term_string\"}}],\"inLanguage\":\"fr-FR\"},{\"@type\":\"Organization\",\"@id\":\"https:\\\/\\\/www.rememberme-forever.com\\\/fr\\\/#organization\",\"name\":\"Remember Forever\",\"url\":\"https:\\\/\\\/www.rememberme-forever.com\\\/fr\\\/\",\"logo\":{\"@type\":\"ImageObject\",\"inLanguage\":\"fr-FR\",\"@id\":\"https:\\\/\\\/www.rememberme-forever.com\\\/fr\\\/#\\\/schema\\\/logo\\\/image\\\/\",\"url\":\"https:\\\/\\\/www.rememberme-forever.com\\\/wp-content\\\/uploads\\\/2023\\\/02\\\/logo.png\",\"contentUrl\":\"https:\\\/\\\/www.rememberme-forever.com\\\/wp-content\\\/uploads\\\/2023\\\/02\\\/logo.png\",\"width\":300,\"height\":56,\"caption\":\"Remember Forever\"},\"image\":{\"@id\":\"https:\\\/\\\/www.rememberme-forever.com\\\/fr\\\/#\\\/schema\\\/logo\\\/image\\\/\"}}]}<\/script>\n<!-- \/ Yoast SEO plugin. -->","yoast_head_json":{"title":"Urne fun\u00e9raire en bois de noyer, taille adulte \u00ab grade B \u00bb - Remember Forever","robots":{"index":"index","follow":"follow","max-snippet":"max-snippet:-1","max-image-preview":"max-image-preview:large","max-video-preview":"max-video-preview:-1"},"canonical":"https:\/\/www.rememberme-forever.com\/fr\/produit\/urne-funeraire-en-bois-de-noyer-taille-adulte-grade-b\/","og_locale":"fr_FR","og_type":"article","og_title":"Urne fun\u00e9raire en bois de noyer, taille adulte \u00ab grade B \u00bb - Remember Forever","og_description":"Urne de cr\u00e9mation en noyer GRADE B Magnifique urne de cr\u00e9mation en noyer. Tourn\u00e9e \u00e0 la main, parfaite pour les cendres d\u2019un adulte. La richesse...","og_url":"https:\/\/www.rememberme-forever.com\/fr\/produit\/urne-funeraire-en-bois-de-noyer-taille-adulte-grade-b\/","og_site_name":"Remember Forever","article_modified_time":"2026-03-04T10:32:54+00:00","og_image":[{"width":1007,"height":1024,"url":"http:\/\/www.rememberme-forever.com\/wp-content\/uploads\/2026\/03\/img_2D_0002-1.jpg","type":"image\/jpeg"}],"twitter_card":"summary_large_image","twitter_misc":{"Dur\u00e9e de lecture estim\u00e9e":"2 minutes"},"schema":{"@context":"https:\/\/schema.org","@graph":[{"@type":"WebPage","@id":"https:\/\/www.rememberme-forever.com\/fr\/produit\/urne-funeraire-en-bois-de-noyer-taille-adulte-grade-b\/","url":"https:\/\/www.rememberme-forever.com\/fr\/produit\/urne-funeraire-en-bois-de-noyer-taille-adulte-grade-b\/","name":"Urne fun\u00e9raire en bois de noyer, taille adulte \u00ab grade B \u00bb - Remember Forever","isPartOf":{"@id":"https:\/\/www.rememberme-forever.com\/fr\/#website"},"primaryImageOfPage":{"@id":"https:\/\/www.rememberme-forever.com\/fr\/produit\/urne-funeraire-en-bois-de-noyer-taille-adulte-grade-b\/#primaryimage"},"image":{"@id":"https:\/\/www.rememberme-forever.com\/fr\/produit\/urne-funeraire-en-bois-de-noyer-taille-adulte-grade-b\/#primaryimage"},"thumbnailUrl":"https:\/\/www.rememberme-forever.com\/wp-content\/uploads\/2026\/03\/img_2D_0002-1.jpg","datePublished":"2026-03-04T09:26:14+00:00","dateModified":"2026-03-04T10:32:54+00:00","breadcrumb":{"@id":"https:\/\/www.rememberme-forever.com\/fr\/produit\/urne-funeraire-en-bois-de-noyer-taille-adulte-grade-b\/#breadcrumb"},"inLanguage":"fr-FR","potentialAction":[{"@type":"ReadAction","target":["https:\/\/www.rememberme-forever.com\/fr\/produit\/urne-funeraire-en-bois-de-noyer-taille-adulte-grade-b\/"]}]},{"@type":"ImageObject","inLanguage":"fr-FR","@id":"https:\/\/www.rememberme-forever.com\/fr\/produit\/urne-funeraire-en-bois-de-noyer-taille-adulte-grade-b\/#primaryimage","url":"https:\/\/www.rememberme-forever.com\/wp-content\/uploads\/2026\/03\/img_2D_0002-1.jpg","contentUrl":"https:\/\/www.rememberme-forever.com\/wp-content\/uploads\/2026\/03\/img_2D_0002-1.jpg","width":1007,"height":1024,"caption":"urne en noyer grade b"},{"@type":"BreadcrumbList","@id":"https:\/\/www.rememberme-forever.com\/fr\/produit\/urne-funeraire-en-bois-de-noyer-taille-adulte-grade-b\/#breadcrumb","itemListElement":[{"@type":"ListItem","position":1,"name":"Home","item":"https:\/\/www.rememberme-forever.com\/fr\/accueil\/"},{"@type":"ListItem","position":2,"name":"Boutique","item":"https:\/\/www.rememberme-forever.com\/fr\/boutique\/"},{"@type":"ListItem","position":3,"name":"Urne fun\u00e9raire en bois de noyer, taille adulte \u00ab grade B \u00bb"}]},{"@type":"WebSite","@id":"https:\/\/www.rememberme-forever.com\/fr\/#website","url":"https:\/\/www.rememberme-forever.com\/fr\/","name":"Remember Forever","description":"Cremation urns, funeral urns, urns for ashes","publisher":{"@id":"https:\/\/www.rememberme-forever.com\/fr\/#organization"},"potentialAction":[{"@type":"SearchAction","target":{"@type":"EntryPoint","urlTemplate":"https:\/\/www.rememberme-forever.com\/fr\/?s={search_term_string}"},"query-input":{"@type":"PropertyValueSpecification","valueRequired":true,"valueName":"search_term_string"}}],"inLanguage":"fr-FR"},{"@type":"Organization","@id":"https:\/\/www.rememberme-forever.com\/fr\/#organization","name":"Remember Forever","url":"https:\/\/www.rememberme-forever.com\/fr\/","logo":{"@type":"ImageObject","inLanguage":"fr-FR","@id":"https:\/\/www.rememberme-forever.com\/fr\/#\/schema\/logo\/image\/","url":"https:\/\/www.rememberme-forever.com\/wp-content\/uploads\/2023\/02\/logo.png","contentUrl":"https:\/\/www.rememberme-forever.com\/wp-content\/uploads\/2023\/02\/logo.png","width":300,"height":56,"caption":"Remember Forever"},"image":{"@id":"https:\/\/www.rememberme-forever.com\/fr\/#\/schema\/logo\/image\/"}}]}},"acf":[],"_links":{"self":[{"href":"https:\/\/www.rememberme-forever.com\/fr\/wp-json\/wp\/v2\/product\/27122","targetHints":{"allow":["GET"]}}],"collection":[{"href":"https:\/\/www.rememberme-forever.com\/fr\/wp-json\/wp\/v2\/product"}],"about":[{"href":"https:\/\/www.rememberme-forever.com\/fr\/wp-json\/wp\/v2\/types\/product"}],"wp:featuredmedia":[{"embeddable":true,"href":"https:\/\/www.rememberme-forever.com\/fr\/wp-json\/wp\/v2\/media\/27101"}],"wp:attachment":[{"href":"https:\/\/www.rememberme-forever.com\/fr\/wp-json\/wp\/v2\/media?parent=27122"}],"wp:term":[{"taxonomy":"product_brand","embeddable":true,"href":"https:\/\/www.rememberme-forever.com\/fr\/wp-json\/wp\/v2\/product_brand?post=27122"},{"taxonomy":"product_cat","embeddable":true,"href":"https:\/\/www.rememberme-forever.com\/fr\/wp-json\/wp\/v2\/product_cat?post=27122"},{"taxonomy":"product_tag","embeddable":true,"href":"https:\/\/www.rememberme-forever.com\/fr\/wp-json\/wp\/v2\/product_tag?post=27122"}],"curies":[{"name":"wp","href":"https:\/\/api.w.org\/{rel}","templated":true}]}}