{"id":27174,"date":"2023-04-20T13:17:14","date_gmt":"2023-04-20T11:17:14","guid":{"rendered":"https:\/\/www.rememberme-forever.com\/product\/urne-cineraire-pour-chien-design-geometrique-toutes-races\/"},"modified":"2023-04-20T13:17:14","modified_gmt":"2023-04-20T11:17:14","slug":"urne-cineraire-pour-chien-design-geometrique-toutes-races","status":"publish","type":"product","link":"https:\/\/www.rememberme-forever.com\/fr\/produit\/urne-cineraire-pour-chien-design-geometrique-toutes-races\/","title":{"rendered":"Urne cin\u00e9raire pour chien \u2013 design g\u00e9om\u00e9trique \u2013 toutes races"},"content":{"rendered":"<h2 style=\"text-align: center;\">Urne cin\u00e9raire pour chien \u2013 design g\u00e9om\u00e9trique \u2013 toutes races<\/h2>\n<p style=\"text-align: center;\">Cette<strong> magnifique urne cin\u00e9raire en bois pour chien<\/strong> est le moyen id\u00e9al de rendre hommage \u00e0 un compagnon \u00e0 quatre pattes bien-aim\u00e9. Nos artisans qualifi\u00e9s ont cr\u00e9\u00e9 un design g\u00e9om\u00e9trique unique qui ajoute une touche d&rsquo;\u00e9l\u00e9gance moderne \u00e0 cette urne en bois traditionnelle. <\/p>\n<p style=\"text-align: center;\">L&rsquo;urne pr\u00e9sente une magnifique repr\u00e9sentation de la race de votre chien, afin que vous puissiez \u00eatre s\u00fbr que sa m\u00e9moire est honor\u00e9e d&rsquo;une mani\u00e8re fid\u00e8le \u00e0 sa personnalit\u00e9 unique. Le nom et les dates de votre compagnon \u00e0 quatre pattes peuvent \u00e9galement \u00eatre ajout\u00e9s sur le devant de l&rsquo;urne, en faisant un m\u00e9morial v\u00e9ritablement personnel. <\/p>\n<p style=\"text-align: center;\">Nous comprenons que les animaux de compagnie sont des membres de la famille, et nous avons pris grand soin de cr\u00e9er une urne de haute qualit\u00e9 qui r\u00e9sistera \u00e0 l&rsquo;\u00e9preuve du temps. Le couvercle sup\u00e9rieur de l&rsquo;urne s&rsquo;ouvre pour un acc\u00e8s facile, et la conception s\u00e9curis\u00e9e garantit que les cendres de votre animal seront conserv\u00e9es en toute s\u00e9curit\u00e9. <\/p>\n<p style=\"text-align: center;\">Cette urne pour chien convient \u00e0 toutes les races, et la finition en bois naturel signifie que chaque urne est unique. Le design g\u00e9om\u00e9trique ajoute une touche contemporaine \u00e0 ce m\u00e9morial traditionnel, en faisant un bel ajout \u00e0 n&rsquo;importe quelle maison. <\/p>\n<p style=\"text-align: center;\">Notre objectif est de fournir un bel endroit de repos pour votre compagnon \u00e0 quatre pattes, et cette urne en bois est le moyen id\u00e9al d&rsquo;honorer sa m\u00e9moire. C&rsquo;est un hommage appropri\u00e9 \u00e0 un animal de compagnie bien-aim\u00e9 qui sera ch\u00e9ri pendant des ann\u00e9es. <\/p>\n<p style=\"text-align: center;\">Urne artisanale, fabriqu\u00e9e par des artisans qualifi\u00e9s. Disponible avec une large gamme de statues de toutes races. <\/p>\n<p style=\"text-align: center;\">Nos urnes \u00e9tant r\u00e9alis\u00e9es \u00e0 la main, la teinte peut varier l\u00e9g\u00e8rement.<\/p>\n<p style=\"text-align: center;\"><strong><em>Veuillez noter que cette urne est fabriqu\u00e9e sur commande. Comptez environ 4 \u00e0 8 jours ouvrables pour l&rsquo;exp\u00e9dition. <\/em><\/strong><\/p>\n","protected":false},"excerpt":{"rendered":"<p><em><strong>Urne fun\u00e9raire pour chien, \u00e0 l&rsquo;effigie d&rsquo;un animal de compagnie d&rsquo;une race choisie.<\/strong><\/em><\/p>\n","protected":false},"featured_media":27150,"template":"","meta":{"_acf_changed":false},"product_brand":[],"product_cat":[2417],"product_tag":[3358],"class_list":{"0":"post-27174","1":"product","2":"type-product","3":"status-publish","4":"has-post-thumbnail","6":"product_cat-urnes-funeraires-pour-animaux-de-compagnie","7":"product_tag-gpsr-pet-urns","8":"product_shipping_class-4-5-kg","10":"first","11":"instock","12":"taxable","13":"shipping-taxable","14":"purchasable","15":"product-type-variable"},"yoast_head":"<!-- This site is optimized with the Yoast SEO plugin v27.4 - https:\/\/yoast.com\/product\/yoast-seo-wordpress\/ -->\n<title>Urne cin\u00e9raire pour chien \u2013 design g\u00e9om\u00e9trique \u2013 toutes races<\/title>\n<meta name=\"description\" content=\"Cette magnifique urne cin\u00e9raire en bois pour chien est le moyen id\u00e9al de rendre hommage \u00e0 un compagnon \u00e0 quatre pattes bien-aim\u00e9. Nos artisans qualifi\u00e9s ont cr\u00e9\u00e9 un design g\u00e9om\u00e9trique unique\" \/>\n<meta name=\"robots\" content=\"index, follow, max-snippet:-1, max-image-preview:large, max-video-preview:-1\" \/>\n<link rel=\"canonical\" href=\"https:\/\/www.rememberme-forever.com\/fr\/produit\/urne-cineraire-pour-chien-design-geometrique-toutes-races\/\" \/>\n<meta property=\"og:locale\" content=\"fr_FR\" \/>\n<meta property=\"og:type\" content=\"article\" \/>\n<meta property=\"og:title\" content=\"Urne cin\u00e9raire pour chien \u2013 design g\u00e9om\u00e9trique \u2013 toutes races\" \/>\n<meta property=\"og:description\" content=\"Cette magnifique urne cin\u00e9raire en bois pour chien est le moyen id\u00e9al de rendre hommage \u00e0 un compagnon \u00e0 quatre pattes bien-aim\u00e9. Nos artisans qualifi\u00e9s ont cr\u00e9\u00e9 un design g\u00e9om\u00e9trique unique\" \/>\n<meta property=\"og:url\" content=\"https:\/\/www.rememberme-forever.com\/fr\/produit\/urne-cineraire-pour-chien-design-geometrique-toutes-races\/\" \/>\n<meta property=\"og:site_name\" content=\"Remember Forever\" \/>\n<meta property=\"og:image\" content=\"https:\/\/www.rememberme-forever.com\/wp-content\/uploads\/2023\/04\/urn-for-dog-ashes.jpg\" \/>\n\t<meta property=\"og:image:width\" content=\"768\" \/>\n\t<meta property=\"og:image:height\" content=\"768\" \/>\n\t<meta property=\"og:image:type\" content=\"image\/jpeg\" \/>\n<meta name=\"twitter:card\" content=\"summary_large_image\" \/>\n<meta name=\"twitter:label1\" content=\"Dur\u00e9e de lecture estim\u00e9e\" \/>\n\t<meta name=\"twitter:data1\" content=\"2 minutes\" \/>\n<script type=\"application\/ld+json\" class=\"yoast-schema-graph\">{\"@context\":\"https:\\\/\\\/schema.org\",\"@graph\":[{\"@type\":\"WebPage\",\"@id\":\"https:\\\/\\\/www.rememberme-forever.com\\\/fr\\\/produit\\\/urne-cineraire-pour-chien-design-geometrique-toutes-races\\\/\",\"url\":\"https:\\\/\\\/www.rememberme-forever.com\\\/fr\\\/produit\\\/urne-cineraire-pour-chien-design-geometrique-toutes-races\\\/\",\"name\":\"Urne cin\u00e9raire pour chien \u2013 design g\u00e9om\u00e9trique \u2013 toutes races\",\"isPartOf\":{\"@id\":\"https:\\\/\\\/www.rememberme-forever.com\\\/fr\\\/#website\"},\"primaryImageOfPage\":{\"@id\":\"https:\\\/\\\/www.rememberme-forever.com\\\/fr\\\/produit\\\/urne-cineraire-pour-chien-design-geometrique-toutes-races\\\/#primaryimage\"},\"image\":{\"@id\":\"https:\\\/\\\/www.rememberme-forever.com\\\/fr\\\/produit\\\/urne-cineraire-pour-chien-design-geometrique-toutes-races\\\/#primaryimage\"},\"thumbnailUrl\":\"https:\\\/\\\/www.rememberme-forever.com\\\/wp-content\\\/uploads\\\/2023\\\/04\\\/urn-for-dog-ashes.jpg\",\"datePublished\":\"2023-04-20T11:17:14+00:00\",\"description\":\"Cette magnifique urne cin\u00e9raire en bois pour chien est le moyen id\u00e9al de rendre hommage \u00e0 un compagnon \u00e0 quatre pattes bien-aim\u00e9. Nos artisans qualifi\u00e9s ont cr\u00e9\u00e9 un design g\u00e9om\u00e9trique unique\",\"breadcrumb\":{\"@id\":\"https:\\\/\\\/www.rememberme-forever.com\\\/fr\\\/produit\\\/urne-cineraire-pour-chien-design-geometrique-toutes-races\\\/#breadcrumb\"},\"inLanguage\":\"fr-FR\",\"potentialAction\":[{\"@type\":\"ReadAction\",\"target\":[\"https:\\\/\\\/www.rememberme-forever.com\\\/fr\\\/produit\\\/urne-cineraire-pour-chien-design-geometrique-toutes-races\\\/\"]}]},{\"@type\":\"ImageObject\",\"inLanguage\":\"fr-FR\",\"@id\":\"https:\\\/\\\/www.rememberme-forever.com\\\/fr\\\/produit\\\/urne-cineraire-pour-chien-design-geometrique-toutes-races\\\/#primaryimage\",\"url\":\"https:\\\/\\\/www.rememberme-forever.com\\\/wp-content\\\/uploads\\\/2023\\\/04\\\/urn-for-dog-ashes.jpg\",\"contentUrl\":\"https:\\\/\\\/www.rememberme-forever.com\\\/wp-content\\\/uploads\\\/2023\\\/04\\\/urn-for-dog-ashes.jpg\",\"width\":768,\"height\":768,\"caption\":\"Urne cin\u00e9raire pour chien\"},{\"@type\":\"BreadcrumbList\",\"@id\":\"https:\\\/\\\/www.rememberme-forever.com\\\/fr\\\/produit\\\/urne-cineraire-pour-chien-design-geometrique-toutes-races\\\/#breadcrumb\",\"itemListElement\":[{\"@type\":\"ListItem\",\"position\":1,\"name\":\"Home\",\"item\":\"https:\\\/\\\/www.rememberme-forever.com\\\/fr\\\/accueil\\\/\"},{\"@type\":\"ListItem\",\"position\":2,\"name\":\"Boutique\",\"item\":\"https:\\\/\\\/www.rememberme-forever.com\\\/fr\\\/boutique\\\/\"},{\"@type\":\"ListItem\",\"position\":3,\"name\":\"Urne cin\u00e9raire pour chien \u2013 design g\u00e9om\u00e9trique \u2013 toutes races\"}]},{\"@type\":\"WebSite\",\"@id\":\"https:\\\/\\\/www.rememberme-forever.com\\\/fr\\\/#website\",\"url\":\"https:\\\/\\\/www.rememberme-forever.com\\\/fr\\\/\",\"name\":\"Remember Forever\",\"description\":\"Cremation urns, funeral urns, urns for ashes\",\"publisher\":{\"@id\":\"https:\\\/\\\/www.rememberme-forever.com\\\/fr\\\/#organization\"},\"potentialAction\":[{\"@type\":\"SearchAction\",\"target\":{\"@type\":\"EntryPoint\",\"urlTemplate\":\"https:\\\/\\\/www.rememberme-forever.com\\\/fr\\\/?s={search_term_string}\"},\"query-input\":{\"@type\":\"PropertyValueSpecification\",\"valueRequired\":true,\"valueName\":\"search_term_string\"}}],\"inLanguage\":\"fr-FR\"},{\"@type\":\"Organization\",\"@id\":\"https:\\\/\\\/www.rememberme-forever.com\\\/fr\\\/#organization\",\"name\":\"Remember Forever\",\"url\":\"https:\\\/\\\/www.rememberme-forever.com\\\/fr\\\/\",\"logo\":{\"@type\":\"ImageObject\",\"inLanguage\":\"fr-FR\",\"@id\":\"https:\\\/\\\/www.rememberme-forever.com\\\/fr\\\/#\\\/schema\\\/logo\\\/image\\\/\",\"url\":\"https:\\\/\\\/www.rememberme-forever.com\\\/wp-content\\\/uploads\\\/2023\\\/02\\\/logo.png\",\"contentUrl\":\"https:\\\/\\\/www.rememberme-forever.com\\\/wp-content\\\/uploads\\\/2023\\\/02\\\/logo.png\",\"width\":300,\"height\":56,\"caption\":\"Remember Forever\"},\"image\":{\"@id\":\"https:\\\/\\\/www.rememberme-forever.com\\\/fr\\\/#\\\/schema\\\/logo\\\/image\\\/\"}}]}<\/script>\n<!-- \/ Yoast SEO plugin. -->","yoast_head_json":{"title":"Urne cin\u00e9raire pour chien \u2013 design g\u00e9om\u00e9trique \u2013 toutes races","description":"Cette magnifique urne cin\u00e9raire en bois pour chien est le moyen id\u00e9al de rendre hommage \u00e0 un compagnon \u00e0 quatre pattes bien-aim\u00e9. Nos artisans qualifi\u00e9s ont cr\u00e9\u00e9 un design g\u00e9om\u00e9trique unique","robots":{"index":"index","follow":"follow","max-snippet":"max-snippet:-1","max-image-preview":"max-image-preview:large","max-video-preview":"max-video-preview:-1"},"canonical":"https:\/\/www.rememberme-forever.com\/fr\/produit\/urne-cineraire-pour-chien-design-geometrique-toutes-races\/","og_locale":"fr_FR","og_type":"article","og_title":"Urne cin\u00e9raire pour chien \u2013 design g\u00e9om\u00e9trique \u2013 toutes races","og_description":"Cette magnifique urne cin\u00e9raire en bois pour chien est le moyen id\u00e9al de rendre hommage \u00e0 un compagnon \u00e0 quatre pattes bien-aim\u00e9. Nos artisans qualifi\u00e9s ont cr\u00e9\u00e9 un design g\u00e9om\u00e9trique unique","og_url":"https:\/\/www.rememberme-forever.com\/fr\/produit\/urne-cineraire-pour-chien-design-geometrique-toutes-races\/","og_site_name":"Remember Forever","og_image":[{"width":768,"height":768,"url":"https:\/\/www.rememberme-forever.com\/wp-content\/uploads\/2023\/04\/urn-for-dog-ashes.jpg","type":"image\/jpeg"}],"twitter_card":"summary_large_image","twitter_misc":{"Dur\u00e9e de lecture estim\u00e9e":"2 minutes"},"schema":{"@context":"https:\/\/schema.org","@graph":[{"@type":"WebPage","@id":"https:\/\/www.rememberme-forever.com\/fr\/produit\/urne-cineraire-pour-chien-design-geometrique-toutes-races\/","url":"https:\/\/www.rememberme-forever.com\/fr\/produit\/urne-cineraire-pour-chien-design-geometrique-toutes-races\/","name":"Urne cin\u00e9raire pour chien \u2013 design g\u00e9om\u00e9trique \u2013 toutes races","isPartOf":{"@id":"https:\/\/www.rememberme-forever.com\/fr\/#website"},"primaryImageOfPage":{"@id":"https:\/\/www.rememberme-forever.com\/fr\/produit\/urne-cineraire-pour-chien-design-geometrique-toutes-races\/#primaryimage"},"image":{"@id":"https:\/\/www.rememberme-forever.com\/fr\/produit\/urne-cineraire-pour-chien-design-geometrique-toutes-races\/#primaryimage"},"thumbnailUrl":"https:\/\/www.rememberme-forever.com\/wp-content\/uploads\/2023\/04\/urn-for-dog-ashes.jpg","datePublished":"2023-04-20T11:17:14+00:00","description":"Cette magnifique urne cin\u00e9raire en bois pour chien est le moyen id\u00e9al de rendre hommage \u00e0 un compagnon \u00e0 quatre pattes bien-aim\u00e9. Nos artisans qualifi\u00e9s ont cr\u00e9\u00e9 un design g\u00e9om\u00e9trique unique","breadcrumb":{"@id":"https:\/\/www.rememberme-forever.com\/fr\/produit\/urne-cineraire-pour-chien-design-geometrique-toutes-races\/#breadcrumb"},"inLanguage":"fr-FR","potentialAction":[{"@type":"ReadAction","target":["https:\/\/www.rememberme-forever.com\/fr\/produit\/urne-cineraire-pour-chien-design-geometrique-toutes-races\/"]}]},{"@type":"ImageObject","inLanguage":"fr-FR","@id":"https:\/\/www.rememberme-forever.com\/fr\/produit\/urne-cineraire-pour-chien-design-geometrique-toutes-races\/#primaryimage","url":"https:\/\/www.rememberme-forever.com\/wp-content\/uploads\/2023\/04\/urn-for-dog-ashes.jpg","contentUrl":"https:\/\/www.rememberme-forever.com\/wp-content\/uploads\/2023\/04\/urn-for-dog-ashes.jpg","width":768,"height":768,"caption":"Urne cin\u00e9raire pour chien"},{"@type":"BreadcrumbList","@id":"https:\/\/www.rememberme-forever.com\/fr\/produit\/urne-cineraire-pour-chien-design-geometrique-toutes-races\/#breadcrumb","itemListElement":[{"@type":"ListItem","position":1,"name":"Home","item":"https:\/\/www.rememberme-forever.com\/fr\/accueil\/"},{"@type":"ListItem","position":2,"name":"Boutique","item":"https:\/\/www.rememberme-forever.com\/fr\/boutique\/"},{"@type":"ListItem","position":3,"name":"Urne cin\u00e9raire pour chien \u2013 design g\u00e9om\u00e9trique \u2013 toutes races"}]},{"@type":"WebSite","@id":"https:\/\/www.rememberme-forever.com\/fr\/#website","url":"https:\/\/www.rememberme-forever.com\/fr\/","name":"Remember Forever","description":"Cremation urns, funeral urns, urns for ashes","publisher":{"@id":"https:\/\/www.rememberme-forever.com\/fr\/#organization"},"potentialAction":[{"@type":"SearchAction","target":{"@type":"EntryPoint","urlTemplate":"https:\/\/www.rememberme-forever.com\/fr\/?s={search_term_string}"},"query-input":{"@type":"PropertyValueSpecification","valueRequired":true,"valueName":"search_term_string"}}],"inLanguage":"fr-FR"},{"@type":"Organization","@id":"https:\/\/www.rememberme-forever.com\/fr\/#organization","name":"Remember Forever","url":"https:\/\/www.rememberme-forever.com\/fr\/","logo":{"@type":"ImageObject","inLanguage":"fr-FR","@id":"https:\/\/www.rememberme-forever.com\/fr\/#\/schema\/logo\/image\/","url":"https:\/\/www.rememberme-forever.com\/wp-content\/uploads\/2023\/02\/logo.png","contentUrl":"https:\/\/www.rememberme-forever.com\/wp-content\/uploads\/2023\/02\/logo.png","width":300,"height":56,"caption":"Remember Forever"},"image":{"@id":"https:\/\/www.rememberme-forever.com\/fr\/#\/schema\/logo\/image\/"}}]}},"acf":[],"_links":{"self":[{"href":"https:\/\/www.rememberme-forever.com\/fr\/wp-json\/wp\/v2\/product\/27174","targetHints":{"allow":["GET"]}}],"collection":[{"href":"https:\/\/www.rememberme-forever.com\/fr\/wp-json\/wp\/v2\/product"}],"about":[{"href":"https:\/\/www.rememberme-forever.com\/fr\/wp-json\/wp\/v2\/types\/product"}],"wp:featuredmedia":[{"embeddable":true,"href":"https:\/\/www.rememberme-forever.com\/fr\/wp-json\/wp\/v2\/media\/27150"}],"wp:attachment":[{"href":"https:\/\/www.rememberme-forever.com\/fr\/wp-json\/wp\/v2\/media?parent=27174"}],"wp:term":[{"taxonomy":"product_brand","embeddable":true,"href":"https:\/\/www.rememberme-forever.com\/fr\/wp-json\/wp\/v2\/product_brand?post=27174"},{"taxonomy":"product_cat","embeddable":true,"href":"https:\/\/www.rememberme-forever.com\/fr\/wp-json\/wp\/v2\/product_cat?post=27174"},{"taxonomy":"product_tag","embeddable":true,"href":"https:\/\/www.rememberme-forever.com\/fr\/wp-json\/wp\/v2\/product_tag?post=27174"}],"curies":[{"name":"wp","href":"https:\/\/api.w.org\/{rel}","templated":true}]}}