{"id":27990,"date":"2023-04-20T14:48:59","date_gmt":"2023-04-20T12:48:59","guid":{"rendered":"https:\/\/www.rememberme-forever.com\/product\/caveau-pour-urne-cineraire\/"},"modified":"2026-03-06T10:23:17","modified_gmt":"2026-03-06T09:23:17","slug":"caveau-pour-urne-cineraire","status":"publish","type":"product","link":"https:\/\/www.rememberme-forever.com\/fr\/produit\/caveau-pour-urne-cineraire\/","title":{"rendered":"Caveau pour urne cin\u00e9raire"},"content":{"rendered":"<h2 style=\"text-align: center;\">Caveau pour urne cin\u00e9raire<\/h2>\n<p style=\"text-align: center;\">Capsule pour Urne Cin\u00e9raire \/ <strong>Caveau pour Urne Cin\u00e9raire<\/strong> \u00e0 Enterrer<\/p>\n<p style=\"text-align: center;\">\u2705 Quand utiliser la crypte pour une urne ?<br \/>\nDans une situation o\u00f9 la famille du d\u00e9funt a d\u00e9cid\u00e9 d&rsquo;utiliser une urne en bois, en c\u00e9ramique ou autre, non adapt\u00e9e \u00e0 un stockage ext\u00e9rieur, il est recommand\u00e9 d&rsquo;utiliser un conteneur externe pour la prot\u00e9ger.<\/p>\n<p style=\"text-align: center;\">\u2705 Pourquoi utiliser une crypte ext\u00e9rieure pour une urne ?<br \/>\nLa t\u00e2che principale du conteneur d&rsquo;urne est de la prot\u00e9ger contre le contact direct avec le sol et sa pression. Les personnes souhaitant placer une urne dans un cimeti\u00e8re doivent souvent s\u00e9curiser l&rsquo;urne avec ce type de conteneur.<\/p>\n<p style=\"text-align: center;\">\u2705 De quoi est faite la crypte pour une urne ?<br \/>\nLe conteneur est fabriqu\u00e9 en mat\u00e9riau composite ABS, r\u00e9sistant aux intemp\u00e9ries et ne se d\u00e9composant pas dans le sol.<\/p>\n<p style=\"text-align: center;\">\u2705 Comment utiliser correctement une crypte pour une urne ?<br \/>\nLa capsule est de forme carr\u00e9e avec un c\u00f4t\u00e9 de 40 cm, elle peut m\u00eame accueillir un grand compagnon d&rsquo;urnes. La capsule est adapt\u00e9e \u00e0 une seule urne. Il y a suffisamment d&rsquo;espace pour y placer d&rsquo;autres petits souvenirs.<\/p>\n<p style=\"text-align: center;\">Il est recommand\u00e9 d&rsquo;utiliser de la colle ou du silicone pour sceller le couvercle sup\u00e9rieur.<\/p>\n<p>&nbsp;<\/p>\n<h3 style=\"text-align: center;\"><strong>PERSONNALISATION<\/strong><\/h3>\n<p style=\"text-align: center;\">Si vous choisissez une plaque personnalis\u00e9e, veuillez soumettre du texte dans le cadre de personnalisation du produit.<\/p>\n<p style=\"text-align: center;\">La plaque comm\u00e9morative personnalis\u00e9e doit \u00eatre personnalis\u00e9e lors de votre commande. (Pas de panique si vous la manquez ; vous pouvez toujours nous contacter ult\u00e9rieurement.)<\/p>\n<p style=\"text-align: center;\">Veuillez examiner attentivement le texte \u00e0 graver avant d&rsquo;ajouter l&rsquo;article au panier. Nous reproduisons et gravons les informations exactes re\u00e7ues lors de la commande et n&rsquo;y apportons aucune modification.<\/p>\n<p style=\"text-align: center;\"><strong>Veuillez revoir le texte pour vous assurer que toutes les orthographes sont correctes.<\/strong><\/p>\n<p style=\"text-align: center;\"><img loading=\"lazy\" decoding=\"async\" class=\"alignnone wp-image-1447\" src=\"http:\/\/www.rememberme-forever.com\/wp-content\/uploads\/2023\/04\/memorial-plaque-cremation-urn-gold-300x150.jpg\" alt=\"Plaque comm\u00e9morative, urne fun\u00e9raire dor\u00e9e\" width=\"244\" height=\"122\" srcset=\"https:\/\/www.rememberme-forever.com\/wp-content\/uploads\/2023\/04\/memorial-plaque-cremation-urn-gold-300x150.jpg 300w, https:\/\/www.rememberme-forever.com\/wp-content\/uploads\/2023\/04\/memorial-plaque-cremation-urn-gold-64x32.jpg 64w, https:\/\/www.rememberme-forever.com\/wp-content\/uploads\/2023\/04\/memorial-plaque-cremation-urn-gold.jpg 448w\" sizes=\"auto, (max-width: 244px) 100vw, 244px\" \/><\/p>\n","protected":false},"excerpt":{"rendered":"<p><em><strong>Caveau pour Urne, un Conteneur pour Urne Cin\u00e9raire \u00e0 Enterrer<\/strong><\/em><\/p>\n","protected":false},"featured_media":27978,"template":"","meta":{"_acf_changed":false},"product_brand":[],"product_cat":[2405],"product_tag":[3290],"class_list":{"0":"post-27990","1":"product","2":"type-product","3":"status-publish","4":"has-post-thumbnail","6":"product_cat-accessoires","7":"product_tag-gpsr-abs-vault","8":"product_shipping_class-4-5-kg","10":"first","11":"instock","12":"sold-individually","13":"taxable","14":"shipping-taxable","15":"purchasable","16":"product-type-simple"},"yoast_head":"<!-- This site is optimized with the Yoast SEO plugin v27.4 - https:\/\/yoast.com\/product\/yoast-seo-wordpress\/ -->\n<title>Caveau pour urne cin\u00e9raire<\/title>\n<meta name=\"description\" content=\"Caveau pour Urne Cin\u00e9raire \u00e0 Enterrer. C&#039;est un conteneur o\u00f9 vous pouvez conserver l&#039;urne cin\u00e9raire dans le sol.\" \/>\n<meta name=\"robots\" content=\"index, follow, max-snippet:-1, max-image-preview:large, max-video-preview:-1\" \/>\n<link rel=\"canonical\" href=\"https:\/\/www.rememberme-forever.com\/fr\/produit\/caveau-pour-urne-cineraire\/\" \/>\n<meta property=\"og:locale\" content=\"fr_FR\" \/>\n<meta property=\"og:type\" content=\"article\" \/>\n<meta property=\"og:title\" content=\"Caveau pour urne cin\u00e9raire\" \/>\n<meta property=\"og:description\" content=\"Caveau pour Urne Cin\u00e9raire \u00e0 Enterrer. C&#039;est un conteneur o\u00f9 vous pouvez conserver l&#039;urne cin\u00e9raire dans le sol.\" \/>\n<meta property=\"og:url\" content=\"https:\/\/www.rememberme-forever.com\/fr\/produit\/caveau-pour-urne-cineraire\/\" \/>\n<meta property=\"og:site_name\" content=\"Remember Forever\" \/>\n<meta property=\"article:modified_time\" content=\"2026-03-06T09:23:17+00:00\" \/>\n<meta property=\"og:image\" content=\"http:\/\/www.rememberme-forever.com\/wp-content\/uploads\/2023\/04\/vault-for-cremation-urn.jpg\" \/>\n\t<meta property=\"og:image:width\" content=\"768\" \/>\n\t<meta property=\"og:image:height\" content=\"768\" \/>\n\t<meta property=\"og:image:type\" content=\"image\/jpeg\" \/>\n<meta name=\"twitter:card\" content=\"summary_large_image\" \/>\n<meta name=\"twitter:label1\" content=\"Dur\u00e9e de lecture estim\u00e9e\" \/>\n\t<meta name=\"twitter:data1\" content=\"2 minutes\" \/>\n<script type=\"application\/ld+json\" class=\"yoast-schema-graph\">{\"@context\":\"https:\\\/\\\/schema.org\",\"@graph\":[{\"@type\":\"WebPage\",\"@id\":\"https:\\\/\\\/www.rememberme-forever.com\\\/fr\\\/produit\\\/caveau-pour-urne-cineraire\\\/\",\"url\":\"https:\\\/\\\/www.rememberme-forever.com\\\/fr\\\/produit\\\/caveau-pour-urne-cineraire\\\/\",\"name\":\"Caveau pour urne cin\u00e9raire\",\"isPartOf\":{\"@id\":\"https:\\\/\\\/www.rememberme-forever.com\\\/fr\\\/#website\"},\"primaryImageOfPage\":{\"@id\":\"https:\\\/\\\/www.rememberme-forever.com\\\/fr\\\/produit\\\/caveau-pour-urne-cineraire\\\/#primaryimage\"},\"image\":{\"@id\":\"https:\\\/\\\/www.rememberme-forever.com\\\/fr\\\/produit\\\/caveau-pour-urne-cineraire\\\/#primaryimage\"},\"thumbnailUrl\":\"https:\\\/\\\/www.rememberme-forever.com\\\/wp-content\\\/uploads\\\/2023\\\/04\\\/vault-for-cremation-urn.jpg\",\"datePublished\":\"2023-04-20T12:48:59+00:00\",\"dateModified\":\"2026-03-06T09:23:17+00:00\",\"description\":\"Caveau pour Urne Cin\u00e9raire \u00e0 Enterrer. C'est un conteneur o\u00f9 vous pouvez conserver l'urne cin\u00e9raire dans le sol.\",\"breadcrumb\":{\"@id\":\"https:\\\/\\\/www.rememberme-forever.com\\\/fr\\\/produit\\\/caveau-pour-urne-cineraire\\\/#breadcrumb\"},\"inLanguage\":\"fr-FR\",\"potentialAction\":[{\"@type\":\"ReadAction\",\"target\":[\"https:\\\/\\\/www.rememberme-forever.com\\\/fr\\\/produit\\\/caveau-pour-urne-cineraire\\\/\"]}]},{\"@type\":\"ImageObject\",\"inLanguage\":\"fr-FR\",\"@id\":\"https:\\\/\\\/www.rememberme-forever.com\\\/fr\\\/produit\\\/caveau-pour-urne-cineraire\\\/#primaryimage\",\"url\":\"https:\\\/\\\/www.rememberme-forever.com\\\/wp-content\\\/uploads\\\/2023\\\/04\\\/vault-for-cremation-urn.jpg\",\"contentUrl\":\"https:\\\/\\\/www.rememberme-forever.com\\\/wp-content\\\/uploads\\\/2023\\\/04\\\/vault-for-cremation-urn.jpg\",\"width\":768,\"height\":768,\"caption\":\"caveau pour urne cin\u00e9raire, kit d'inhumation\"},{\"@type\":\"BreadcrumbList\",\"@id\":\"https:\\\/\\\/www.rememberme-forever.com\\\/fr\\\/produit\\\/caveau-pour-urne-cineraire\\\/#breadcrumb\",\"itemListElement\":[{\"@type\":\"ListItem\",\"position\":1,\"name\":\"Home\",\"item\":\"https:\\\/\\\/www.rememberme-forever.com\\\/fr\\\/accueil\\\/\"},{\"@type\":\"ListItem\",\"position\":2,\"name\":\"Boutique\",\"item\":\"https:\\\/\\\/www.rememberme-forever.com\\\/fr\\\/boutique\\\/\"},{\"@type\":\"ListItem\",\"position\":3,\"name\":\"Caveau pour urne cin\u00e9raire\"}]},{\"@type\":\"WebSite\",\"@id\":\"https:\\\/\\\/www.rememberme-forever.com\\\/fr\\\/#website\",\"url\":\"https:\\\/\\\/www.rememberme-forever.com\\\/fr\\\/\",\"name\":\"Remember Forever\",\"description\":\"Cremation urns, funeral urns, urns for ashes\",\"publisher\":{\"@id\":\"https:\\\/\\\/www.rememberme-forever.com\\\/fr\\\/#organization\"},\"potentialAction\":[{\"@type\":\"SearchAction\",\"target\":{\"@type\":\"EntryPoint\",\"urlTemplate\":\"https:\\\/\\\/www.rememberme-forever.com\\\/fr\\\/?s={search_term_string}\"},\"query-input\":{\"@type\":\"PropertyValueSpecification\",\"valueRequired\":true,\"valueName\":\"search_term_string\"}}],\"inLanguage\":\"fr-FR\"},{\"@type\":\"Organization\",\"@id\":\"https:\\\/\\\/www.rememberme-forever.com\\\/fr\\\/#organization\",\"name\":\"Remember Forever\",\"url\":\"https:\\\/\\\/www.rememberme-forever.com\\\/fr\\\/\",\"logo\":{\"@type\":\"ImageObject\",\"inLanguage\":\"fr-FR\",\"@id\":\"https:\\\/\\\/www.rememberme-forever.com\\\/fr\\\/#\\\/schema\\\/logo\\\/image\\\/\",\"url\":\"https:\\\/\\\/www.rememberme-forever.com\\\/wp-content\\\/uploads\\\/2023\\\/02\\\/logo.png\",\"contentUrl\":\"https:\\\/\\\/www.rememberme-forever.com\\\/wp-content\\\/uploads\\\/2023\\\/02\\\/logo.png\",\"width\":300,\"height\":56,\"caption\":\"Remember Forever\"},\"image\":{\"@id\":\"https:\\\/\\\/www.rememberme-forever.com\\\/fr\\\/#\\\/schema\\\/logo\\\/image\\\/\"}}]}<\/script>\n<!-- \/ Yoast SEO plugin. -->","yoast_head_json":{"title":"Caveau pour urne cin\u00e9raire","description":"Caveau pour Urne Cin\u00e9raire \u00e0 Enterrer. C'est un conteneur o\u00f9 vous pouvez conserver l'urne cin\u00e9raire dans le sol.","robots":{"index":"index","follow":"follow","max-snippet":"max-snippet:-1","max-image-preview":"max-image-preview:large","max-video-preview":"max-video-preview:-1"},"canonical":"https:\/\/www.rememberme-forever.com\/fr\/produit\/caveau-pour-urne-cineraire\/","og_locale":"fr_FR","og_type":"article","og_title":"Caveau pour urne cin\u00e9raire","og_description":"Caveau pour Urne Cin\u00e9raire \u00e0 Enterrer. C'est un conteneur o\u00f9 vous pouvez conserver l'urne cin\u00e9raire dans le sol.","og_url":"https:\/\/www.rememberme-forever.com\/fr\/produit\/caveau-pour-urne-cineraire\/","og_site_name":"Remember Forever","article_modified_time":"2026-03-06T09:23:17+00:00","og_image":[{"width":768,"height":768,"url":"http:\/\/www.rememberme-forever.com\/wp-content\/uploads\/2023\/04\/vault-for-cremation-urn.jpg","type":"image\/jpeg"}],"twitter_card":"summary_large_image","twitter_misc":{"Dur\u00e9e de lecture estim\u00e9e":"2 minutes"},"schema":{"@context":"https:\/\/schema.org","@graph":[{"@type":"WebPage","@id":"https:\/\/www.rememberme-forever.com\/fr\/produit\/caveau-pour-urne-cineraire\/","url":"https:\/\/www.rememberme-forever.com\/fr\/produit\/caveau-pour-urne-cineraire\/","name":"Caveau pour urne cin\u00e9raire","isPartOf":{"@id":"https:\/\/www.rememberme-forever.com\/fr\/#website"},"primaryImageOfPage":{"@id":"https:\/\/www.rememberme-forever.com\/fr\/produit\/caveau-pour-urne-cineraire\/#primaryimage"},"image":{"@id":"https:\/\/www.rememberme-forever.com\/fr\/produit\/caveau-pour-urne-cineraire\/#primaryimage"},"thumbnailUrl":"https:\/\/www.rememberme-forever.com\/wp-content\/uploads\/2023\/04\/vault-for-cremation-urn.jpg","datePublished":"2023-04-20T12:48:59+00:00","dateModified":"2026-03-06T09:23:17+00:00","description":"Caveau pour Urne Cin\u00e9raire \u00e0 Enterrer. C'est un conteneur o\u00f9 vous pouvez conserver l'urne cin\u00e9raire dans le sol.","breadcrumb":{"@id":"https:\/\/www.rememberme-forever.com\/fr\/produit\/caveau-pour-urne-cineraire\/#breadcrumb"},"inLanguage":"fr-FR","potentialAction":[{"@type":"ReadAction","target":["https:\/\/www.rememberme-forever.com\/fr\/produit\/caveau-pour-urne-cineraire\/"]}]},{"@type":"ImageObject","inLanguage":"fr-FR","@id":"https:\/\/www.rememberme-forever.com\/fr\/produit\/caveau-pour-urne-cineraire\/#primaryimage","url":"https:\/\/www.rememberme-forever.com\/wp-content\/uploads\/2023\/04\/vault-for-cremation-urn.jpg","contentUrl":"https:\/\/www.rememberme-forever.com\/wp-content\/uploads\/2023\/04\/vault-for-cremation-urn.jpg","width":768,"height":768,"caption":"caveau pour urne cin\u00e9raire, kit d'inhumation"},{"@type":"BreadcrumbList","@id":"https:\/\/www.rememberme-forever.com\/fr\/produit\/caveau-pour-urne-cineraire\/#breadcrumb","itemListElement":[{"@type":"ListItem","position":1,"name":"Home","item":"https:\/\/www.rememberme-forever.com\/fr\/accueil\/"},{"@type":"ListItem","position":2,"name":"Boutique","item":"https:\/\/www.rememberme-forever.com\/fr\/boutique\/"},{"@type":"ListItem","position":3,"name":"Caveau pour urne cin\u00e9raire"}]},{"@type":"WebSite","@id":"https:\/\/www.rememberme-forever.com\/fr\/#website","url":"https:\/\/www.rememberme-forever.com\/fr\/","name":"Remember Forever","description":"Cremation urns, funeral urns, urns for ashes","publisher":{"@id":"https:\/\/www.rememberme-forever.com\/fr\/#organization"},"potentialAction":[{"@type":"SearchAction","target":{"@type":"EntryPoint","urlTemplate":"https:\/\/www.rememberme-forever.com\/fr\/?s={search_term_string}"},"query-input":{"@type":"PropertyValueSpecification","valueRequired":true,"valueName":"search_term_string"}}],"inLanguage":"fr-FR"},{"@type":"Organization","@id":"https:\/\/www.rememberme-forever.com\/fr\/#organization","name":"Remember Forever","url":"https:\/\/www.rememberme-forever.com\/fr\/","logo":{"@type":"ImageObject","inLanguage":"fr-FR","@id":"https:\/\/www.rememberme-forever.com\/fr\/#\/schema\/logo\/image\/","url":"https:\/\/www.rememberme-forever.com\/wp-content\/uploads\/2023\/02\/logo.png","contentUrl":"https:\/\/www.rememberme-forever.com\/wp-content\/uploads\/2023\/02\/logo.png","width":300,"height":56,"caption":"Remember Forever"},"image":{"@id":"https:\/\/www.rememberme-forever.com\/fr\/#\/schema\/logo\/image\/"}}]}},"acf":[],"_links":{"self":[{"href":"https:\/\/www.rememberme-forever.com\/fr\/wp-json\/wp\/v2\/product\/27990","targetHints":{"allow":["GET"]}}],"collection":[{"href":"https:\/\/www.rememberme-forever.com\/fr\/wp-json\/wp\/v2\/product"}],"about":[{"href":"https:\/\/www.rememberme-forever.com\/fr\/wp-json\/wp\/v2\/types\/product"}],"wp:featuredmedia":[{"embeddable":true,"href":"https:\/\/www.rememberme-forever.com\/fr\/wp-json\/wp\/v2\/media\/27978"}],"wp:attachment":[{"href":"https:\/\/www.rememberme-forever.com\/fr\/wp-json\/wp\/v2\/media?parent=27990"}],"wp:term":[{"taxonomy":"product_brand","embeddable":true,"href":"https:\/\/www.rememberme-forever.com\/fr\/wp-json\/wp\/v2\/product_brand?post=27990"},{"taxonomy":"product_cat","embeddable":true,"href":"https:\/\/www.rememberme-forever.com\/fr\/wp-json\/wp\/v2\/product_cat?post=27990"},{"taxonomy":"product_tag","embeddable":true,"href":"https:\/\/www.rememberme-forever.com\/fr\/wp-json\/wp\/v2\/product_tag?post=27990"}],"curies":[{"name":"wp","href":"https:\/\/api.w.org\/{rel}","templated":true}]}}